{"id":49550,"date":"2026-01-28T16:36:14","date_gmt":"2026-01-28T14:36:14","guid":{"rendered":"https:\/\/unhz.eu\/insights\/?page_id=49550"},"modified":"2026-01-28T16:36:14","modified_gmt":"2026-01-28T14:36:14","slug":"rreth-nesh","status":"publish","type":"page","link":"https:\/\/unhz.eu\/insights\/rreth-nesh\/","title":{"rendered":"Rreth nesh"},"content":{"rendered":"\n<p>N\u00eb k\u00ebt\u00eb seksion, Universiteti \u201cHaxhi Zeka\u201d ndan mendime, analiza dhe reflektime shkencore nga stafi yn\u00eb akademik. Q\u00ebllimi \u00ebsht\u00eb t\u00eb ofrojm\u00eb njohuri t\u00eb thelluara mbi temat m\u00eb aktuale n\u00eb arsimin universitar, hulumtimin shkencor dhe zhvillimin profesional.<\/p>\n\n\n\n<p>Stafi yn\u00eb akademik kontribuon me artikuj, komente dhe opinione q\u00eb lidhen me inovacionin, teknologjin\u00eb, menaxhimin, turizmin, mjedisin dhe fusha t\u00eb tjera t\u00eb r\u00ebnd\u00ebsishme p\u00ebr zhvillimin e shoq\u00ebris\u00eb dhe komunitetit. Ky seksion \u00ebsht\u00eb nj\u00eb hap\u00ebsir\u00eb p\u00ebr t\u00eb nxjerr\u00eb n\u00eb pah eksperienc\u00ebn dhe ekspertiz\u00ebn e profesor\u00ebve tan\u00eb, duke promovuar dialogun akademik dhe shp\u00ebrndarjen e dijes.<\/p>\n\n\n\n<p>Ky seksion synon t\u00eb jet\u00eb nj\u00eb burim i besuesh\u00ebm p\u00ebr t\u00eb gjith\u00eb ata q\u00eb k\u00ebrkojn\u00eb informacion profesional, analiza akademike dhe perspektiva inovative mbi zhvillimet m\u00eb t\u00eb fundit n\u00eb arsim dhe k\u00ebrkim shkencor.<\/p>\n","protected":false},"excerpt":{"rendered":"<p>N\u00eb k\u00ebt\u00eb seksion, Universiteti \u201cHaxhi Zeka\u201d ndan mendime, analiza dhe reflektime shkencore nga stafi yn\u00eb akademik. Q\u00ebllimi \u00ebsht\u00eb t\u00eb ofrojm\u00eb njohuri t\u00eb thelluara mbi temat m\u00eb aktuale n\u00eb arsimin universitar,&hellip;<\/p>\n","protected":false},"author":1,"featured_media":0,"parent":0,"menu_order":0,"comment_status":"closed","ping_status":"closed","template":"","meta":{"footnotes":""},"class_list":["post-49550","page","type-page","status-publish","hentry"],"yoast_head":"<!-- This site is optimized with the Yoast SEO Premium plugin v27.2 (Yoast SEO v27.2) - https:\/\/yoast.com\/product\/yoast-seo-premium-wordpress\/ -->\n<title>Rreth nesh - UHZ Insights \/ Opinione Akademike<\/title>\n<meta name=\"robots\" content=\"index, follow, max-snippet:-1, max-image-preview:large, max-video-preview:-1\" \/>\n<link rel=\"canonical\" href=\"https:\/\/unhz.eu\/insights\/rreth-nesh\/\" \/>\n<meta property=\"og:locale\" content=\"sq_AL\" \/>\n<meta property=\"og:type\" content=\"article\" \/>\n<meta property=\"og:title\" content=\"Rreth nesh\" \/>\n<meta property=\"og:description\" content=\"N\u00eb k\u00ebt\u00eb seksion, Universiteti \u201cHaxhi Zeka\u201d ndan mendime, analiza dhe reflektime shkencore nga stafi yn\u00eb akademik. Q\u00ebllimi \u00ebsht\u00eb t\u00eb ofrojm\u00eb njohuri t\u00eb thelluara mbi temat m\u00eb aktuale n\u00eb arsimin universitar,&hellip;\" \/>\n<meta property=\"og:url\" content=\"https:\/\/unhz.eu\/insights\/rreth-nesh\/\" \/>\n<meta property=\"og:site_name\" content=\"UHZ Insights \/ Opinione Akademike\" \/>\n<meta name=\"twitter:card\" content=\"summary_large_image\" \/>\n<meta name=\"twitter:label1\" content=\"Est. reading time\" \/>\n\t<meta name=\"twitter:data1\" content=\"1 minut\u00eb\" \/>\n<script type=\"application\/ld+json\" class=\"yoast-schema-graph\">{\"@context\":\"https:\/\/schema.org\",\"@graph\":[{\"@type\":\"WebPage\",\"@id\":\"https:\/\/unhz.eu\/insights\/rreth-nesh\/\",\"url\":\"https:\/\/unhz.eu\/insights\/rreth-nesh\/\",\"name\":\"Rreth nesh - UHZ Insights \/ Opinione Akademike\",\"isPartOf\":{\"@id\":\"https:\/\/unhz.eu\/insights\/#website\"},\"datePublished\":\"2026-01-28T14:36:14+00:00\",\"breadcrumb\":{\"@id\":\"https:\/\/unhz.eu\/insights\/rreth-nesh\/#breadcrumb\"},\"inLanguage\":\"sq\",\"potentialAction\":[{\"@type\":\"ReadAction\",\"target\":[\"https:\/\/unhz.eu\/insights\/rreth-nesh\/\"]}]},{\"@type\":\"BreadcrumbList\",\"@id\":\"https:\/\/unhz.eu\/insights\/rreth-nesh\/#breadcrumb\",\"itemListElement\":[{\"@type\":\"ListItem\",\"position\":1,\"name\":\"Home\",\"item\":\"https:\/\/unhz.eu\/insights\/\"},{\"@type\":\"ListItem\",\"position\":2,\"name\":\"Rreth nesh\"}]},{\"@type\":\"WebSite\",\"@id\":\"https:\/\/unhz.eu\/insights\/#website\",\"url\":\"https:\/\/unhz.eu\/insights\/\",\"name\":\"UHZ Insights \/ Opinione Akademike\",\"description\":\"I dedikuar p\u00ebr cil\u00ebsi standarde dhe suksese\",\"publisher\":{\"@id\":\"https:\/\/unhz.eu\/insights\/#organization\"},\"potentialAction\":[{\"@type\":\"SearchAction\",\"target\":{\"@type\":\"EntryPoint\",\"urlTemplate\":\"https:\/\/unhz.eu\/insights\/?s={search_term_string}\"},\"query-input\":{\"@type\":\"PropertyValueSpecification\",\"valueRequired\":true,\"valueName\":\"search_term_string\"}}],\"inLanguage\":\"sq\"},{\"@type\":\"Organization\",\"@id\":\"https:\/\/unhz.eu\/insights\/#organization\",\"name\":\"UHZ Insights \/ Opinione Akademike\",\"url\":\"https:\/\/unhz.eu\/insights\/\",\"logo\":{\"@type\":\"ImageObject\",\"inLanguage\":\"sq\",\"@id\":\"https:\/\/unhz.eu\/insights\/#\/schema\/logo\/image\/\",\"url\":\"https:\/\/unhz.eu\/insights\/wp-content\/uploads\/sites\/15\/2024\/02\/cropped-logo-1-1-e1713527702695.png\",\"contentUrl\":\"https:\/\/unhz.eu\/insights\/wp-content\/uploads\/sites\/15\/2024\/02\/cropped-logo-1-1-e1713527702695.png\",\"width\":100,\"height\":100,\"caption\":\"UHZ Insights \/ Opinione Akademike\"},\"image\":{\"@id\":\"https:\/\/unhz.eu\/insights\/#\/schema\/logo\/image\/\"}}]}<\/script>\n<!-- \/ Yoast SEO Premium plugin. -->","yoast_head_json":{"title":"Rreth nesh - UHZ Insights \/ Opinione Akademike","robots":{"index":"index","follow":"follow","max-snippet":"max-snippet:-1","max-image-preview":"max-image-preview:large","max-video-preview":"max-video-preview:-1"},"canonical":"https:\/\/unhz.eu\/insights\/rreth-nesh\/","og_locale":"sq_AL","og_type":"article","og_title":"Rreth nesh","og_description":"N\u00eb k\u00ebt\u00eb seksion, Universiteti \u201cHaxhi Zeka\u201d ndan mendime, analiza dhe reflektime shkencore nga stafi yn\u00eb akademik. Q\u00ebllimi \u00ebsht\u00eb t\u00eb ofrojm\u00eb njohuri t\u00eb thelluara mbi temat m\u00eb aktuale n\u00eb arsimin universitar,&hellip;","og_url":"https:\/\/unhz.eu\/insights\/rreth-nesh\/","og_site_name":"UHZ Insights \/ Opinione Akademike","twitter_card":"summary_large_image","twitter_misc":{"Est. reading time":"1 minut\u00eb"},"schema":{"@context":"https:\/\/schema.org","@graph":[{"@type":"WebPage","@id":"https:\/\/unhz.eu\/insights\/rreth-nesh\/","url":"https:\/\/unhz.eu\/insights\/rreth-nesh\/","name":"Rreth nesh - UHZ Insights \/ Opinione Akademike","isPartOf":{"@id":"https:\/\/unhz.eu\/insights\/#website"},"datePublished":"2026-01-28T14:36:14+00:00","breadcrumb":{"@id":"https:\/\/unhz.eu\/insights\/rreth-nesh\/#breadcrumb"},"inLanguage":"sq","potentialAction":[{"@type":"ReadAction","target":["https:\/\/unhz.eu\/insights\/rreth-nesh\/"]}]},{"@type":"BreadcrumbList","@id":"https:\/\/unhz.eu\/insights\/rreth-nesh\/#breadcrumb","itemListElement":[{"@type":"ListItem","position":1,"name":"Home","item":"https:\/\/unhz.eu\/insights\/"},{"@type":"ListItem","position":2,"name":"Rreth nesh"}]},{"@type":"WebSite","@id":"https:\/\/unhz.eu\/insights\/#website","url":"https:\/\/unhz.eu\/insights\/","name":"UHZ Insights \/ Opinione Akademike","description":"I dedikuar p\u00ebr cil\u00ebsi standarde dhe suksese","publisher":{"@id":"https:\/\/unhz.eu\/insights\/#organization"},"potentialAction":[{"@type":"SearchAction","target":{"@type":"EntryPoint","urlTemplate":"https:\/\/unhz.eu\/insights\/?s={search_term_string}"},"query-input":{"@type":"PropertyValueSpecification","valueRequired":true,"valueName":"search_term_string"}}],"inLanguage":"sq"},{"@type":"Organization","@id":"https:\/\/unhz.eu\/insights\/#organization","name":"UHZ Insights \/ Opinione Akademike","url":"https:\/\/unhz.eu\/insights\/","logo":{"@type":"ImageObject","inLanguage":"sq","@id":"https:\/\/unhz.eu\/insights\/#\/schema\/logo\/image\/","url":"https:\/\/unhz.eu\/insights\/wp-content\/uploads\/sites\/15\/2024\/02\/cropped-logo-1-1-e1713527702695.png","contentUrl":"https:\/\/unhz.eu\/insights\/wp-content\/uploads\/sites\/15\/2024\/02\/cropped-logo-1-1-e1713527702695.png","width":100,"height":100,"caption":"UHZ Insights \/ Opinione Akademike"},"image":{"@id":"https:\/\/unhz.eu\/insights\/#\/schema\/logo\/image\/"}}]}},"_links":{"self":[{"href":"https:\/\/unhz.eu\/insights\/wp-json\/wp\/v2\/pages\/49550","targetHints":{"allow":["GET"]}}],"collection":[{"href":"https:\/\/unhz.eu\/insights\/wp-json\/wp\/v2\/pages"}],"about":[{"href":"https:\/\/unhz.eu\/insights\/wp-json\/wp\/v2\/types\/page"}],"author":[{"embeddable":true,"href":"https:\/\/unhz.eu\/insights\/wp-json\/wp\/v2\/users\/1"}],"replies":[{"embeddable":true,"href":"https:\/\/unhz.eu\/insights\/wp-json\/wp\/v2\/comments?post=49550"}],"version-history":[{"count":1,"href":"https:\/\/unhz.eu\/insights\/wp-json\/wp\/v2\/pages\/49550\/revisions"}],"predecessor-version":[{"id":49551,"href":"https:\/\/unhz.eu\/insights\/wp-json\/wp\/v2\/pages\/49550\/revisions\/49551"}],"wp:attachment":[{"href":"https:\/\/unhz.eu\/insights\/wp-json\/wp\/v2\/media?parent=49550"}],"curies":[{"name":"wp","href":"https:\/\/api.w.org\/{rel}","templated":true}]}}