{"id":17839,"date":"2021-07-30T08:39:29","date_gmt":"2021-07-30T08:39:29","guid":{"rendered":"http:\/\/unhz.local\/fakulteti-i-biznesit\/?page_id=17839"},"modified":"2026-01-28T16:44:46","modified_gmt":"2026-01-28T14:44:46","slug":"ballina","status":"publish","type":"page","link":"https:\/\/unhz.eu\/insights\/","title":{"rendered":"Fakulteti"},"content":{"rendered":"\t\t<div data-elementor-type=\"wp-page\" data-elementor-id=\"17839\" class=\"elementor elementor-17839\" data-elementor-post-type=\"page\">\n\t\t\t\t\t\t<section class=\"elementor-section elementor-top-section elementor-element elementor-element-ead9e04 elementor-section-boxed elementor-section-height-default elementor-section-height-default sc_fly_static\" data-id=\"ead9e04\" data-element_type=\"section\" data-e-type=\"section\">\n\t\t\t\t\t\t<div class=\"elementor-container elementor-column-gap-extended\">\n\t\t\t\t\t<div class=\"elementor-column elementor-col-100 elementor-top-column elementor-element elementor-element-37d05b3 sc_content_align_inherit sc_layouts_column_icons_position_left sc_fly_static\" data-id=\"37d05b3\" data-element_type=\"column\" data-e-type=\"column\">\n\t\t\t<div class=\"elementor-widget-wrap elementor-element-populated\">\n\t\t\t\t\t\t<div class=\"elementor-element elementor-element-af65875 sc_fly_static elementor-widget elementor-widget-spacer\" data-id=\"af65875\" data-element_type=\"widget\" data-e-type=\"widget\" data-widget_type=\"spacer.default\">\n\t\t\t\t<div class=\"elementor-widget-container\">\n\t\t\t\t\t\t\t<div class=\"elementor-spacer\">\n\t\t\t<div class=\"elementor-spacer-inner\"><\/div>\n\t\t<\/div>\n\t\t\t\t\t\t<\/div>\n\t\t\t\t<\/div>\n\t\t\t\t\t<\/div>\n\t\t<\/div>\n\t\t\t\t\t<\/div>\n\t\t<\/section>\n\t\t\t\t<section class=\"elementor-section elementor-top-section elementor-element elementor-element-60d2991 elementor-section-boxed elementor-section-height-default elementor-section-height-default sc_fly_static\" data-id=\"60d2991\" data-element_type=\"section\" data-e-type=\"section\">\n\t\t\t\t\t\t<div class=\"elementor-container elementor-column-gap-extended\">\n\t\t\t\t\t<div class=\"elementor-column elementor-col-100 elementor-top-column elementor-element elementor-element-fa476af sc_content_align_inherit sc_layouts_column_icons_position_left sc_fly_static\" data-id=\"fa476af\" data-element_type=\"column\" data-e-type=\"column\">\n\t\t\t<div class=\"elementor-widget-wrap elementor-element-populated\">\n\t\t\t\t\t\t<div class=\"elementor-element elementor-element-2a6275c sc_style_default sc_fly_static elementor-widget elementor-widget-trx_sc_blogger\" data-id=\"2a6275c\" data-element_type=\"widget\" data-e-type=\"widget\" data-widget_type=\"trx_sc_blogger.default\">\n\t\t\t\t<div class=\"elementor-widget-container\">\n\t\t\t\t\t<div \t\tclass=\"sc_blogger sc_blogger_default sc_blogger_default_classic sc_item_filters_tabs_none alignnone\" ><div class=\"sc_blogger_columns_wrap sc_item_columns sc_item_posts_container trx_addons_columns_wrap columns_padding_bottom columns_in_single_row\" ><div class=\"trx_addons_column-1_2\"><div data-post-id=\"49546\" data-item-number=\"1\" class=\"sc_blogger_item sc_item_container post_container sc_blogger_item_default sc_blogger_item_default_classic sc_blogger_item_odd sc_blogger_item_align_none post_format_standard sc_blogger_item_with_image sc_blogger_item_with_excerpt sc_blogger_item_image_position_top post-49546 post type-post status-publish format-standard has-post-thumbnail hentry category-fakulteti-i-biznesit tag-ai tag-transformim-digjital\" ><div class=\"sc_blogger_item_body\"><div class=\"post_featured with_thumb hover_link sc_item_featured sc_blogger_item_featured\"><img fetchpriority=\"high\" decoding=\"async\" width=\"840\" height=\"473\" src=\"https:\/\/unhz.eu\/insights\/wp-content\/uploads\/sites\/15\/2026\/01\/IMG_5137-840x473.jpg\" class=\"attachment-law-office-thumb-big size-law-office-thumb-big wp-post-image\" alt=\"\" srcset=\"https:\/\/unhz.eu\/insights\/wp-content\/uploads\/sites\/15\/2026\/01\/IMG_5137-840x473.jpg 840w, https:\/\/unhz.eu\/insights\/wp-content\/uploads\/sites\/15\/2026\/01\/IMG_5137-300x169.jpg 300w, https:\/\/unhz.eu\/insights\/wp-content\/uploads\/sites\/15\/2026\/01\/IMG_5137-1024x576.jpg 1024w, https:\/\/unhz.eu\/insights\/wp-content\/uploads\/sites\/15\/2026\/01\/IMG_5137-768x432.jpg 768w, https:\/\/unhz.eu\/insights\/wp-content\/uploads\/sites\/15\/2026\/01\/IMG_5137-18x10.jpg 18w, https:\/\/unhz.eu\/insights\/wp-content\/uploads\/sites\/15\/2026\/01\/IMG_5137-370x208.jpg 370w, https:\/\/unhz.eu\/insights\/wp-content\/uploads\/sites\/15\/2026\/01\/IMG_5137-410x231.jpg 410w, https:\/\/unhz.eu\/insights\/wp-content\/uploads\/sites\/15\/2026\/01\/IMG_5137-270x152.jpg 270w, https:\/\/unhz.eu\/insights\/wp-content\/uploads\/sites\/15\/2026\/01\/IMG_5137.jpg 1280w\" sizes=\"(max-width: 840px) 100vw, 840px\" \/>\t\t\t\t\t\t<div class=\"mask\"><\/div>\n\t\t\t\t\t\t\t\t\t<a href=\"https:\/\/unhz.eu\/insights\/inteligjenca-artificiale-ne-arsimin-universitar\/\"  aria-hidden=\"true\" class=\"link\"><\/a>\n\t\t\t<\/div><div class=\"sc_blogger_item_content entry-content\"><div class=\"post_meta sc_blogger_item_meta post_meta_categories\"><span class=\"post_meta_item post_categories cat_sep\"><a href=\"https:\/\/unhz.eu\/insights\/category\/fakulteti-i-biznesit\/\" rel=\"category tag\">Fakulteti i Biznesit<\/a><\/span><\/div><h5 class=\"sc_blogger_item_title entry-title\" data-item-number=\"1\"><a href=\"https:\/\/unhz.eu\/insights\/inteligjenca-artificiale-ne-arsimin-universitar\/\" rel=\"bookmark\">Inteligjenca Artificiale n\u00eb arsimin universitar: nga mjet mb\u00ebshtet\u00ebs n\u00eb partner akademik<\/a><\/h5><div class=\"post_meta sc_blogger_item_meta post_meta\"><span class=\"post_meta_item post_date\"><a href=\"https:\/\/unhz.eu\/insights\/inteligjenca-artificiale-ne-arsimin-universitar\/\"><span class=\"post_meta_item_label\">Published:<\/span>28\/01\/2026<\/a><\/span><a href=\"https:\/\/unhz.eu\/insights\/inteligjenca-artificiale-ne-arsimin-universitar\/\" class=\"post_meta_item post_meta_views trx_addons_icon-eye\"><span class=\"post_meta_number\">316<\/span><span class=\"post_meta_label\">Views<\/span><\/a><a href=\"#\" class=\"post_meta_item post_meta_likes trx_addons_icon-heart-empty enabled\" title=\"Like\" data-postid=\"49546\" data-likes=\"0\" data-title-like=\"Like\" data-title-dislike=\"Dislike\"><span class=\"post_meta_number\">0<\/span><span class=\"post_meta_label\">Likes<\/span><\/a><a href=\"https:\/\/unhz.eu\/insights\/inteligjenca-artificiale-ne-arsimin-universitar\/#respond\" class=\"post_meta_item post_meta_comments icon-comment-light\"><span class=\"post_meta_number\">0<\/span><span class=\"post_meta_label\">Comments<\/span><\/a><a class=\"post_meta_item post_author\" rel=\"author\" href=\"https:\/\/unhz.eu\/insights\/author\/admin\/\"><span class=\"post_author_by\">By<\/span><span class=\"post_author_avatar\"><img alt='' src='https:\/\/secure.gravatar.com\/avatar\/d79029d4386e4a0831a89872ead183c77ffc7b6d16bd5a424ac4d307ec8f5b2f?s=56&#038;d=mm&#038;r=g' srcset='https:\/\/secure.gravatar.com\/avatar\/d79029d4386e4a0831a89872ead183c77ffc7b6d16bd5a424ac4d307ec8f5b2f?s=112&#038;d=mm&#038;r=g 2x' class='avatar avatar-56 photo' height='56' width='56' \/><\/span><span class=\"post_author_name\">admin<\/span><\/a><span class=\"post_meta_item post_share\"><span class=\"socials_share socials_size_tiny socials_type_drop socials_dir_horizontal\"><a href=\"#\" class=\"socials_caption\"><span class=\"socials_caption_label\">Share<\/span><\/a><span class=\"social_items\"><a class=\"social_item social_item_popup\" href=\"\/\/twitter.com\/intent\/tweet?text=Inteligjenca+Artificiale+n%C3%AB+arsimin+universitar%3A+nga+mjet+mb%C3%ABshtet%C3%ABs+n%C3%AB+partner+akademik&#038;url=https%3A%2F%2Funhz.eu%2Finsights%2Finteligjenca-artificiale-ne-arsimin-universitar%2F\" data-link=\"\/\/twitter.com\/intent\/tweet?text=Inteligjenca Artificiale n\u00eb arsimin universitar: nga mjet mb\u00ebshtet\u00ebs n\u00eb partner akademik&amp;url=https%3A%2F%2Funhz.eu%2Finsights%2Finteligjenca-artificiale-ne-arsimin-universitar%2F\" data-count=\"twitter-new\"><span class=\"social_icon social_icon_twitter-new sc_icon_type_icons\" style=\"\"><span class=\"icon-twitter-new\"><\/span><i>Twitter-new<\/i><\/span><\/a><a class=\"social_item social_item_popup\" href=\"\/\/www.facebook.com\/sharer\/sharer.php?u=https%3A%2F%2Funhz.eu%2Finsights%2Finteligjenca-artificiale-ne-arsimin-universitar%2F\" data-link=\"\/\/www.facebook.com\/sharer\/sharer.php?u=https%3A%2F%2Funhz.eu%2Finsights%2Finteligjenca-artificiale-ne-arsimin-universitar%2F\" data-count=\"facebook-1\"><span class=\"social_icon social_icon_facebook-1 sc_icon_type_icons\" style=\"\"><span class=\"icon-facebook-1\"><\/span><i>Facebook<\/i><\/span><\/a><a class=\"social_item\" href=\"mailto:test@fwe.com?subject=Inteligjenca%20Artificiale%20n\u00eb%20arsimin%20universitar:%20nga%20mjet%20mb\u00ebshtet\u00ebs%20n\u00eb%20partner%20akademik&#038;body=https%3A%2F%2Funhz.eu%2Finsights%2Finteligjenca-artificiale-ne-arsimin-universitar%2F\" target=\"_blank\" data-count=\"share-email\"><span class=\"social_icon social_icon_share-email sc_icon_type_icons\" style=\"\"><span class=\"icon-share-email\"><\/span><i>Share-email<\/i><\/span><\/a><a class=\"social_item\" title=\"Copy URL to clipboard\" data-message=\"Copied!\" data-copy-link-url=\"https:\/\/unhz.eu\/insights\/inteligjenca-artificiale-ne-arsimin-universitar\/\" nopopup=\"true\" href=\"#\" target=\"_blank\" data-count=\"link\"><span class=\"social_icon social_icon_link sc_icon_type_icons\" style=\"\"><span class=\"icon-link\"><\/span><i>Link<\/i><\/span><\/a><\/span><\/span><\/span><\/div><div class=\"sc_blogger_item_excerpt\">Shkruan: Prof. asoc. dr. Ylber Januzaj \n\n\n\nInteligjenca Artificiale (IA) po shnd\u00ebrrohet n\u00eb nj\u00eb nga faktor\u00ebt m\u00eb t\u00eb r\u00ebnd\u00ebsish\u00ebm t\u00eb transformimit t\u00eb arsimit universitar. Nga nj\u00eb mjet teknik p\u00ebr mb\u00ebshtetje administrative&hellip;<\/div><div class=\"sc_blogger_item_button sc_item_button\"><a href=\"https:\/\/unhz.eu\/insights\/inteligjenca-artificiale-ne-arsimin-universitar\/\" class=\"item_more_link\"><span class=\"link_text\">Read more<\/span><span class=\"link_icon\"><\/span><\/a><\/div><\/div><!-- .entry-content --><\/div><!-- .sc_blogger_item_body --><\/div><!-- .sc_blogger_item --><\/div><\/div><\/div>\t\t\t\t<\/div>\n\t\t\t\t<\/div>\n\t\t\t\t\t<\/div>\n\t\t<\/div>\n\t\t\t\t\t<\/div>\n\t\t<\/section>\n\t\t\t\t<section class=\"elementor-section elementor-top-section elementor-element elementor-element-6758a49 elementor-section-boxed elementor-section-height-default elementor-section-height-default sc_fly_static\" data-id=\"6758a49\" data-element_type=\"section\" data-e-type=\"section\">\n\t\t\t\t\t\t<div class=\"elementor-container elementor-column-gap-extended\">\n\t\t\t\t\t<div class=\"elementor-column elementor-col-100 elementor-top-column elementor-element elementor-element-79d5b3b sc_content_align_inherit sc_layouts_column_icons_position_left sc_fly_static\" data-id=\"79d5b3b\" data-element_type=\"column\" data-e-type=\"column\">\n\t\t\t<div class=\"elementor-widget-wrap elementor-element-populated\">\n\t\t\t\t\t\t<div class=\"elementor-element elementor-element-6434944 sc_fly_static elementor-widget elementor-widget-spacer\" data-id=\"6434944\" data-element_type=\"widget\" data-e-type=\"widget\" data-widget_type=\"spacer.default\">\n\t\t\t\t<div class=\"elementor-widget-container\">\n\t\t\t\t\t\t\t<div class=\"elementor-spacer\">\n\t\t\t<div class=\"elementor-spacer-inner\"><\/div>\n\t\t<\/div>\n\t\t\t\t\t\t<\/div>\n\t\t\t\t<\/div>\n\t\t\t\t\t<\/div>\n\t\t<\/div>\n\t\t\t\t\t<\/div>\n\t\t<\/section>\n\t\t\t\t<\/div>\n\t\t","protected":false},"excerpt":{"rendered":"<p>Fakulteti Juridik Sfida dhe Zgjidhjet Ligjore n\u00eb Epok\u00ebn Digjitale Published:7 minuta ago2Views0Likes0CommentsByadminShareTwitter-newFacebookShare-emailLinkEditAnaliz\u00eb e ndikimit t\u00eb teknologjis\u00eb digjitale mbi sistemet juridike dhe rolin e Fakultetit t\u00eb Drejt\u00ebsis\u00eb n\u00eb trajnimin e profesionist\u00ebve&hellip;<\/p>\n","protected":false},"author":1,"featured_media":0,"parent":0,"menu_order":0,"comment_status":"closed","ping_status":"closed","template":"","meta":{"footnotes":""},"class_list":["post-17839","page","type-page","status-publish","hentry"],"yoast_head":"<!-- This site is optimized with the Yoast SEO Premium plugin v27.2 (Yoast SEO v27.2) - https:\/\/yoast.com\/product\/yoast-seo-premium-wordpress\/ -->\n<title>Insights Akademike \u2013 Universiteti Haxhi Zeka<\/title>\n<meta name=\"description\" content=\"Insights akademike t\u00eb Universitetit Haxhi Zeka: analiza strategjike, k\u00ebrkim shkencor, politika arsimore dhe zhvillime q\u00eb form\u00ebsojn\u00eb arsimin e lart\u00eb dhe shoq\u00ebrin\u00eb.\" \/>\n<meta name=\"robots\" content=\"index, follow, max-snippet:-1, max-image-preview:large, max-video-preview:-1\" \/>\n<link rel=\"canonical\" href=\"https:\/\/unhz.eu\/insights\/\" \/>\n<meta property=\"og:locale\" content=\"sq_AL\" \/>\n<meta property=\"og:type\" content=\"article\" \/>\n<meta property=\"og:title\" content=\"Fakulteti\" \/>\n<meta property=\"og:description\" content=\"Insights akademike t\u00eb Universitetit Haxhi Zeka: analiza strategjike, k\u00ebrkim shkencor, politika arsimore dhe zhvillime q\u00eb form\u00ebsojn\u00eb arsimin e lart\u00eb dhe shoq\u00ebrin\u00eb.\" \/>\n<meta property=\"og:url\" content=\"https:\/\/unhz.eu\/insights\/\" \/>\n<meta property=\"og:site_name\" content=\"UHZ Insights \/ Opinione Akademike\" \/>\n<meta property=\"article:modified_time\" content=\"2026-01-28T14:44:46+00:00\" \/>\n<meta property=\"og:image\" content=\"https:\/\/unhz.eu\/insights\/wp-content\/uploads\/sites\/15\/2025\/12\/Prueba-y-aprendizaje-transformacion-cultural-en-la-era-digital-840x473.avif\" \/>\n<meta name=\"twitter:card\" content=\"summary_large_image\" \/>\n<meta name=\"twitter:label1\" content=\"Est. reading time\" \/>\n\t<meta name=\"twitter:data1\" content=\"2 minuta\" \/>\n<script type=\"application\/ld+json\" class=\"yoast-schema-graph\">{\"@context\":\"https:\/\/schema.org\",\"@graph\":[{\"@type\":\"WebPage\",\"@id\":\"https:\/\/unhz.eu\/insights\/\",\"url\":\"https:\/\/unhz.eu\/insights\/\",\"name\":\"Insights Akademike \u2013 Universiteti Haxhi Zeka\",\"isPartOf\":{\"@id\":\"https:\/\/unhz.eu\/insights\/#website\"},\"primaryImageOfPage\":{\"@id\":\"https:\/\/unhz.eu\/insights\/#primaryimage\"},\"image\":{\"@id\":\"https:\/\/unhz.eu\/insights\/#primaryimage\"},\"thumbnailUrl\":\"https:\/\/unhz.eu\/insights\/wp-content\/uploads\/sites\/15\/2025\/12\/Prueba-y-aprendizaje-transformacion-cultural-en-la-era-digital-840x473.avif\",\"datePublished\":\"2021-07-30T08:39:29+00:00\",\"dateModified\":\"2026-01-28T14:44:46+00:00\",\"description\":\"Insights akademike t\u00eb Universitetit Haxhi Zeka: analiza strategjike, k\u00ebrkim shkencor, politika arsimore dhe zhvillime q\u00eb form\u00ebsojn\u00eb arsimin e lart\u00eb dhe shoq\u00ebrin\u00eb.\",\"breadcrumb\":{\"@id\":\"https:\/\/unhz.eu\/insights\/#breadcrumb\"},\"inLanguage\":\"sq\",\"potentialAction\":[{\"@type\":\"ReadAction\",\"target\":[\"https:\/\/unhz.eu\/insights\/\"]}]},{\"@type\":\"ImageObject\",\"inLanguage\":\"sq\",\"@id\":\"https:\/\/unhz.eu\/insights\/#primaryimage\",\"url\":\"https:\/\/unhz.eu\/insights\/wp-content\/uploads\/sites\/15\/2025\/12\/Prueba-y-aprendizaje-transformacion-cultural-en-la-era-digital-840x473.avif\",\"contentUrl\":\"https:\/\/unhz.eu\/insights\/wp-content\/uploads\/sites\/15\/2025\/12\/Prueba-y-aprendizaje-transformacion-cultural-en-la-era-digital-840x473.avif\"},{\"@type\":\"BreadcrumbList\",\"@id\":\"https:\/\/unhz.eu\/insights\/#breadcrumb\",\"itemListElement\":[{\"@type\":\"ListItem\",\"position\":1,\"name\":\"Home\",\"item\":\"https:\/\/unhz.eu\/insights\/\"},{\"@type\":\"ListItem\",\"position\":2,\"name\":\"Fakulteti\"}]},{\"@type\":\"WebSite\",\"@id\":\"https:\/\/unhz.eu\/insights\/#website\",\"url\":\"https:\/\/unhz.eu\/insights\/\",\"name\":\"UHZ Insights \/ Opinione Akademike\",\"description\":\"I dedikuar p\u00ebr cil\u00ebsi standarde dhe suksese\",\"publisher\":{\"@id\":\"https:\/\/unhz.eu\/insights\/#organization\"},\"potentialAction\":[{\"@type\":\"SearchAction\",\"target\":{\"@type\":\"EntryPoint\",\"urlTemplate\":\"https:\/\/unhz.eu\/insights\/?s={search_term_string}\"},\"query-input\":{\"@type\":\"PropertyValueSpecification\",\"valueRequired\":true,\"valueName\":\"search_term_string\"}}],\"inLanguage\":\"sq\"},{\"@type\":\"Organization\",\"@id\":\"https:\/\/unhz.eu\/insights\/#organization\",\"name\":\"UHZ Insights \/ Opinione Akademike\",\"url\":\"https:\/\/unhz.eu\/insights\/\",\"logo\":{\"@type\":\"ImageObject\",\"inLanguage\":\"sq\",\"@id\":\"https:\/\/unhz.eu\/insights\/#\/schema\/logo\/image\/\",\"url\":\"https:\/\/unhz.eu\/insights\/wp-content\/uploads\/sites\/15\/2024\/02\/cropped-logo-1-1-e1713527702695.png\",\"contentUrl\":\"https:\/\/unhz.eu\/insights\/wp-content\/uploads\/sites\/15\/2024\/02\/cropped-logo-1-1-e1713527702695.png\",\"width\":100,\"height\":100,\"caption\":\"UHZ Insights \/ Opinione Akademike\"},\"image\":{\"@id\":\"https:\/\/unhz.eu\/insights\/#\/schema\/logo\/image\/\"}}]}<\/script>\n<!-- \/ Yoast SEO Premium plugin. -->","yoast_head_json":{"title":"Insights Akademike \u2013 Universiteti Haxhi Zeka","description":"Insights akademike t\u00eb Universitetit Haxhi Zeka: analiza strategjike, k\u00ebrkim shkencor, politika arsimore dhe zhvillime q\u00eb form\u00ebsojn\u00eb arsimin e lart\u00eb dhe shoq\u00ebrin\u00eb.","robots":{"index":"index","follow":"follow","max-snippet":"max-snippet:-1","max-image-preview":"max-image-preview:large","max-video-preview":"max-video-preview:-1"},"canonical":"https:\/\/unhz.eu\/insights\/","og_locale":"sq_AL","og_type":"article","og_title":"Fakulteti","og_description":"Insights akademike t\u00eb Universitetit Haxhi Zeka: analiza strategjike, k\u00ebrkim shkencor, politika arsimore dhe zhvillime q\u00eb form\u00ebsojn\u00eb arsimin e lart\u00eb dhe shoq\u00ebrin\u00eb.","og_url":"https:\/\/unhz.eu\/insights\/","og_site_name":"UHZ Insights \/ Opinione Akademike","article_modified_time":"2026-01-28T14:44:46+00:00","og_image":[{"url":"https:\/\/unhz.eu\/insights\/wp-content\/uploads\/sites\/15\/2025\/12\/Prueba-y-aprendizaje-transformacion-cultural-en-la-era-digital-840x473.avif","type":"","width":"","height":""}],"twitter_card":"summary_large_image","twitter_misc":{"Est. reading time":"2 minuta"},"schema":{"@context":"https:\/\/schema.org","@graph":[{"@type":"WebPage","@id":"https:\/\/unhz.eu\/insights\/","url":"https:\/\/unhz.eu\/insights\/","name":"Insights Akademike \u2013 Universiteti Haxhi Zeka","isPartOf":{"@id":"https:\/\/unhz.eu\/insights\/#website"},"primaryImageOfPage":{"@id":"https:\/\/unhz.eu\/insights\/#primaryimage"},"image":{"@id":"https:\/\/unhz.eu\/insights\/#primaryimage"},"thumbnailUrl":"https:\/\/unhz.eu\/insights\/wp-content\/uploads\/sites\/15\/2025\/12\/Prueba-y-aprendizaje-transformacion-cultural-en-la-era-digital-840x473.avif","datePublished":"2021-07-30T08:39:29+00:00","dateModified":"2026-01-28T14:44:46+00:00","description":"Insights akademike t\u00eb Universitetit Haxhi Zeka: analiza strategjike, k\u00ebrkim shkencor, politika arsimore dhe zhvillime q\u00eb form\u00ebsojn\u00eb arsimin e lart\u00eb dhe shoq\u00ebrin\u00eb.","breadcrumb":{"@id":"https:\/\/unhz.eu\/insights\/#breadcrumb"},"inLanguage":"sq","potentialAction":[{"@type":"ReadAction","target":["https:\/\/unhz.eu\/insights\/"]}]},{"@type":"ImageObject","inLanguage":"sq","@id":"https:\/\/unhz.eu\/insights\/#primaryimage","url":"https:\/\/unhz.eu\/insights\/wp-content\/uploads\/sites\/15\/2025\/12\/Prueba-y-aprendizaje-transformacion-cultural-en-la-era-digital-840x473.avif","contentUrl":"https:\/\/unhz.eu\/insights\/wp-content\/uploads\/sites\/15\/2025\/12\/Prueba-y-aprendizaje-transformacion-cultural-en-la-era-digital-840x473.avif"},{"@type":"BreadcrumbList","@id":"https:\/\/unhz.eu\/insights\/#breadcrumb","itemListElement":[{"@type":"ListItem","position":1,"name":"Home","item":"https:\/\/unhz.eu\/insights\/"},{"@type":"ListItem","position":2,"name":"Fakulteti"}]},{"@type":"WebSite","@id":"https:\/\/unhz.eu\/insights\/#website","url":"https:\/\/unhz.eu\/insights\/","name":"UHZ Insights \/ Opinione Akademike","description":"I dedikuar p\u00ebr cil\u00ebsi standarde dhe suksese","publisher":{"@id":"https:\/\/unhz.eu\/insights\/#organization"},"potentialAction":[{"@type":"SearchAction","target":{"@type":"EntryPoint","urlTemplate":"https:\/\/unhz.eu\/insights\/?s={search_term_string}"},"query-input":{"@type":"PropertyValueSpecification","valueRequired":true,"valueName":"search_term_string"}}],"inLanguage":"sq"},{"@type":"Organization","@id":"https:\/\/unhz.eu\/insights\/#organization","name":"UHZ Insights \/ Opinione Akademike","url":"https:\/\/unhz.eu\/insights\/","logo":{"@type":"ImageObject","inLanguage":"sq","@id":"https:\/\/unhz.eu\/insights\/#\/schema\/logo\/image\/","url":"https:\/\/unhz.eu\/insights\/wp-content\/uploads\/sites\/15\/2024\/02\/cropped-logo-1-1-e1713527702695.png","contentUrl":"https:\/\/unhz.eu\/insights\/wp-content\/uploads\/sites\/15\/2024\/02\/cropped-logo-1-1-e1713527702695.png","width":100,"height":100,"caption":"UHZ Insights \/ Opinione Akademike"},"image":{"@id":"https:\/\/unhz.eu\/insights\/#\/schema\/logo\/image\/"}}]}},"_links":{"self":[{"href":"https:\/\/unhz.eu\/insights\/wp-json\/wp\/v2\/pages\/17839","targetHints":{"allow":["GET"]}}],"collection":[{"href":"https:\/\/unhz.eu\/insights\/wp-json\/wp\/v2\/pages"}],"about":[{"href":"https:\/\/unhz.eu\/insights\/wp-json\/wp\/v2\/types\/page"}],"author":[{"embeddable":true,"href":"https:\/\/unhz.eu\/insights\/wp-json\/wp\/v2\/users\/1"}],"replies":[{"embeddable":true,"href":"https:\/\/unhz.eu\/insights\/wp-json\/wp\/v2\/comments?post=17839"}],"version-history":[{"count":5,"href":"https:\/\/unhz.eu\/insights\/wp-json\/wp\/v2\/pages\/17839\/revisions"}],"predecessor-version":[{"id":49522,"href":"https:\/\/unhz.eu\/insights\/wp-json\/wp\/v2\/pages\/17839\/revisions\/49522"}],"wp:attachment":[{"href":"https:\/\/unhz.eu\/insights\/wp-json\/wp\/v2\/media?parent=17839"}],"curies":[{"name":"wp","href":"https:\/\/api.w.org\/{rel}","templated":true}]}}