{"id":49528,"date":"2025-12-03T14:15:27","date_gmt":"2025-12-03T14:15:27","guid":{"rendered":"https:\/\/unhz.eu\/fmthm\/?page_id=49528"},"modified":"2025-12-03T14:22:36","modified_gmt":"2025-12-03T14:22:36","slug":"raportet-e-kalueshmerise-se-studenteve","status":"publish","type":"page","link":"https:\/\/unhz.eu\/fmthm\/raportet-e-kalueshmerise-se-studenteve\/","title":{"rendered":"raportet e kalueshm\u00ebris\u00eb se student\u00ebve"},"content":{"rendered":"\n<div class=\"wp-block-file\"><a id=\"wp-block-file--media-b412de9f-55b0-4b3e-84f2-48ebe02b13c0\" href=\"https:\/\/unhz.eu\/fmthm\/wp-content\/uploads\/sites\/10\/2025\/12\/Statistika-Janar1.pdf\">Statistika Janar(1)<\/a><a href=\"https:\/\/unhz.eu\/fmthm\/wp-content\/uploads\/sites\/10\/2025\/12\/Statistika-Janar1.pdf\" class=\"wp-block-file__button wp-element-button\" download aria-describedby=\"wp-block-file--media-b412de9f-55b0-4b3e-84f2-48ebe02b13c0\">                  Download<\/a><\/div>\n\n\n\n<div class=\"wp-block-file\"><a id=\"wp-block-file--media-aa5e58b9-d460-4cb3-a1a4-f81aa33e2835\" href=\"https:\/\/unhz.eu\/fmthm\/wp-content\/uploads\/sites\/10\/2025\/12\/Statistika-Prill1.pdf\">Statistika Prill(1)<\/a><a href=\"https:\/\/unhz.eu\/fmthm\/wp-content\/uploads\/sites\/10\/2025\/12\/Statistika-Prill1.pdf\" class=\"wp-block-file__button wp-element-button\" download aria-describedby=\"wp-block-file--media-aa5e58b9-d460-4cb3-a1a4-f81aa33e2835\">                      Download<\/a><\/div>\n\n\n\n<div class=\"wp-block-file\"><a id=\"wp-block-file--media-cb2f4987-fa22-4423-a24c-7f53a9161064\" href=\"https:\/\/unhz.eu\/fmthm\/wp-content\/uploads\/sites\/10\/2025\/12\/Statistika-Qershor1.pdf\">Statistika Qershor(1)<\/a><a href=\"https:\/\/unhz.eu\/fmthm\/wp-content\/uploads\/sites\/10\/2025\/12\/Statistika-Qershor1.pdf\" class=\"wp-block-file__button wp-element-button\" download aria-describedby=\"wp-block-file--media-cb2f4987-fa22-4423-a24c-7f53a9161064\">            Download<\/a><\/div>\n\n\n\n<div class=\"wp-block-file\"><a id=\"wp-block-file--media-0d6c7d56-154c-478c-b24b-8b86dc3094ac\" href=\"https:\/\/unhz.eu\/fmthm\/wp-content\/uploads\/sites\/10\/2025\/12\/Statistika-Shtator1.pdf\">Statistika Shtator(1)<\/a><a href=\"https:\/\/unhz.eu\/fmthm\/wp-content\/uploads\/sites\/10\/2025\/12\/Statistika-Shtator1.pdf\" class=\"wp-block-file__button wp-element-button\" download aria-describedby=\"wp-block-file--media-0d6c7d56-154c-478c-b24b-8b86dc3094ac\">              Download<\/a><\/div>\n\n\n\n<div class=\"wp-block-file\"><a id=\"wp-block-file--media-c5025939-1cfd-415e-bf3e-4d080ccb8317\" href=\"https:\/\/unhz.eu\/fmthm\/wp-content\/uploads\/sites\/10\/2025\/12\/StatistikaShtator-II.pdf\">StatistikaShtator II<\/a><a href=\"https:\/\/unhz.eu\/fmthm\/wp-content\/uploads\/sites\/10\/2025\/12\/StatistikaShtator-II.pdf\" class=\"wp-block-file__button wp-element-button\" download aria-describedby=\"wp-block-file--media-c5025939-1cfd-415e-bf3e-4d080ccb8317\">                 Download<\/a><\/div>\n\n\n\n<div class=\"wp-block-file\"><a id=\"wp-block-file--media-b055923e-44d7-4a97-92d1-5cd1eff89228\" href=\"https:\/\/unhz.eu\/fmthm\/wp-content\/uploads\/sites\/10\/2025\/12\/StatistikaTotali-2024-2025.pdf\">StatistikaTotali 2024-2025<\/a><a href=\"https:\/\/unhz.eu\/fmthm\/wp-content\/uploads\/sites\/10\/2025\/12\/StatistikaTotali-2024-2025.pdf\" class=\"wp-block-file__button wp-element-button\" download aria-describedby=\"wp-block-file--media-b055923e-44d7-4a97-92d1-5cd1eff89228\">Download<\/a><\/div>\n\n\n\n<div class=\"wp-block-file\"><a id=\"wp-block-file--media-d8f8dbed-8fb1-4f24-bb73-0805bbedfcef\" href=\"https:\/\/unhz.eu\/fmthm\/wp-content\/uploads\/sites\/10\/2025\/12\/Statistika-Janar2.pdf\">Statistika Janar(2)<\/a><a href=\"https:\/\/unhz.eu\/fmthm\/wp-content\/uploads\/sites\/10\/2025\/12\/Statistika-Janar2.pdf\" class=\"wp-block-file__button wp-element-button\" download aria-describedby=\"wp-block-file--media-d8f8dbed-8fb1-4f24-bb73-0805bbedfcef\">                   Download<\/a><\/div>\n\n\n\n<div class=\"wp-block-file\"><a id=\"wp-block-file--media-31d9664f-6667-4a35-ab26-6b4294853625\" href=\"https:\/\/unhz.eu\/fmthm\/wp-content\/uploads\/sites\/10\/2025\/12\/Statistika-Prill2.pdf\">Statistika Prill(2)<\/a><a href=\"https:\/\/unhz.eu\/fmthm\/wp-content\/uploads\/sites\/10\/2025\/12\/Statistika-Prill2.pdf\" class=\"wp-block-file__button wp-element-button\" download aria-describedby=\"wp-block-file--media-31d9664f-6667-4a35-ab26-6b4294853625\">                       Download<\/a><\/div>\n\n\n\n<div class=\"wp-block-file\"><a id=\"wp-block-file--media-41958f2f-ed81-4b57-8512-5183a5878b36\" href=\"https:\/\/unhz.eu\/fmthm\/wp-content\/uploads\/sites\/10\/2025\/12\/Statistika-Qershor2.pdf\">Statistika Qershor(2)<\/a><a href=\"https:\/\/unhz.eu\/fmthm\/wp-content\/uploads\/sites\/10\/2025\/12\/Statistika-Qershor2.pdf\" class=\"wp-block-file__button wp-element-button\" download aria-describedby=\"wp-block-file--media-41958f2f-ed81-4b57-8512-5183a5878b36\">             Download<\/a><\/div>\n\n\n\n<div class=\"wp-block-file\"><a id=\"wp-block-file--media-72f78a39-7628-4434-9255-16beeebfc980\" href=\"https:\/\/unhz.eu\/fmthm\/wp-content\/uploads\/sites\/10\/2025\/12\/Statistika-Shtator-II1.pdf\">Statistika Shtator II(1)<\/a><a href=\"https:\/\/unhz.eu\/fmthm\/wp-content\/uploads\/sites\/10\/2025\/12\/Statistika-Shtator-II1.pdf\" class=\"wp-block-file__button wp-element-button\" download aria-describedby=\"wp-block-file--media-72f78a39-7628-4434-9255-16beeebfc980\">          Download<\/a><\/div>\n\n\n\n<div class=\"wp-block-file\"><a id=\"wp-block-file--media-2bd04149-d60e-4fa1-9bc5-79e0c607c694\" href=\"https:\/\/unhz.eu\/fmthm\/wp-content\/uploads\/sites\/10\/2025\/12\/Statistika-Shtator2.pdf\">Statistika Shtator(2)<\/a><a href=\"https:\/\/unhz.eu\/fmthm\/wp-content\/uploads\/sites\/10\/2025\/12\/Statistika-Shtator2.pdf\" class=\"wp-block-file__button wp-element-button\" download aria-describedby=\"wp-block-file--media-2bd04149-d60e-4fa1-9bc5-79e0c607c694\">               Download<\/a><\/div>\n\n\n\n<div class=\"wp-block-file\"><a id=\"wp-block-file--media-590909f9-11fc-45ef-89f8-cc4ab7730394\" href=\"https:\/\/unhz.eu\/fmthm\/wp-content\/uploads\/sites\/10\/2025\/12\/StatistikaTotali-2024-20251.pdf\">StatistikaTotali 2024-2025(1)<\/a><a href=\"https:\/\/unhz.eu\/fmthm\/wp-content\/uploads\/sites\/10\/2025\/12\/StatistikaTotali-2024-20251.pdf\" class=\"wp-block-file__button wp-element-button\" download aria-describedby=\"wp-block-file--media-590909f9-11fc-45ef-89f8-cc4ab7730394\">Download<\/a><\/div>\n\n\n\n<div class=\"wp-block-file\"><a id=\"wp-block-file--media-71c5e7a3-fee6-401f-a6eb-788a3dd76446\" href=\"https:\/\/unhz.eu\/fmthm\/wp-content\/uploads\/sites\/10\/2025\/12\/Statistika-Janar3.pdf\">Statistika Janar(3)<\/a><a href=\"https:\/\/unhz.eu\/fmthm\/wp-content\/uploads\/sites\/10\/2025\/12\/Statistika-Janar3.pdf\" class=\"wp-block-file__button wp-element-button\" download aria-describedby=\"wp-block-file--media-71c5e7a3-fee6-401f-a6eb-788a3dd76446\">                  Download<\/a><\/div>\n\n\n\n<div class=\"wp-block-file\"><a id=\"wp-block-file--media-26ad3b60-708a-40d8-9405-75972988436e\" href=\"https:\/\/unhz.eu\/fmthm\/wp-content\/uploads\/sites\/10\/2025\/12\/Statistika-Prill3.pdf\">Statistika Prill(3)<\/a><a href=\"https:\/\/unhz.eu\/fmthm\/wp-content\/uploads\/sites\/10\/2025\/12\/Statistika-Prill3.pdf\" class=\"wp-block-file__button wp-element-button\" download aria-describedby=\"wp-block-file--media-26ad3b60-708a-40d8-9405-75972988436e\">                     Download<\/a><\/div>\n\n\n\n<div class=\"wp-block-file\"><a id=\"wp-block-file--media-3f0b684c-0b0a-4cee-beba-76b19acb17f5\" href=\"https:\/\/unhz.eu\/fmthm\/wp-content\/uploads\/sites\/10\/2025\/12\/Statistika-Qershor3.pdf\">Statistika Qershor(3)<\/a><a href=\"https:\/\/unhz.eu\/fmthm\/wp-content\/uploads\/sites\/10\/2025\/12\/Statistika-Qershor3.pdf\" class=\"wp-block-file__button wp-element-button\" download aria-describedby=\"wp-block-file--media-3f0b684c-0b0a-4cee-beba-76b19acb17f5\">            Download<\/a><\/div>\n\n\n\n<div class=\"wp-block-file\"><a id=\"wp-block-file--media-b25ecdd3-9c33-48b0-a8d7-8acd8abb27ad\" href=\"https:\/\/unhz.eu\/fmthm\/wp-content\/uploads\/sites\/10\/2025\/12\/Statistika-Shtator-II2.pdf\">Statistika Shtator II(2)<\/a><a href=\"https:\/\/unhz.eu\/fmthm\/wp-content\/uploads\/sites\/10\/2025\/12\/Statistika-Shtator-II2.pdf\" class=\"wp-block-file__button wp-element-button\" download aria-describedby=\"wp-block-file--media-b25ecdd3-9c33-48b0-a8d7-8acd8abb27ad\">          Download<\/a><\/div>\n\n\n\n<div class=\"wp-block-file\"><a id=\"wp-block-file--media-799f1083-eb51-4259-972c-bb9992358972\" href=\"https:\/\/unhz.eu\/fmthm\/wp-content\/uploads\/sites\/10\/2025\/12\/Statistika-Shtator3.pdf\">Statistika Shtator(3)<\/a><a href=\"https:\/\/unhz.eu\/fmthm\/wp-content\/uploads\/sites\/10\/2025\/12\/Statistika-Shtator3.pdf\" class=\"wp-block-file__button wp-element-button\" download aria-describedby=\"wp-block-file--media-799f1083-eb51-4259-972c-bb9992358972\">              Download<\/a><\/div>\n\n\n\n<div class=\"wp-block-file\"><a id=\"wp-block-file--media-5177ec6e-6299-4f4a-a3fa-1f423ef6d40f\" href=\"https:\/\/unhz.eu\/fmthm\/wp-content\/uploads\/sites\/10\/2025\/12\/StatistikaTotali-2023-2024.pdf\">StatistikaTotali 2023-2024<\/a><a href=\"https:\/\/unhz.eu\/fmthm\/wp-content\/uploads\/sites\/10\/2025\/12\/StatistikaTotali-2023-2024.pdf\" class=\"wp-block-file__button wp-element-button\" download aria-describedby=\"wp-block-file--media-5177ec6e-6299-4f4a-a3fa-1f423ef6d40f\">Download<\/a><\/div>\n\n\n\n<div class=\"wp-block-file\"><a id=\"wp-block-file--media-83c5c9bb-89b6-478f-9658-901080c37d68\" href=\"https:\/\/unhz.eu\/fmthm\/wp-content\/uploads\/sites\/10\/2025\/12\/Statistika-Janar4.pdf\">Statistika Janar(4)<\/a><a href=\"https:\/\/unhz.eu\/fmthm\/wp-content\/uploads\/sites\/10\/2025\/12\/Statistika-Janar4.pdf\" class=\"wp-block-file__button wp-element-button\" download aria-describedby=\"wp-block-file--media-83c5c9bb-89b6-478f-9658-901080c37d68\">                    Download<\/a><\/div>\n\n\n\n<div class=\"wp-block-file\"><a id=\"wp-block-file--media-f08e273e-0af2-4ba1-8243-d6816464bbdf\" href=\"https:\/\/unhz.eu\/fmthm\/wp-content\/uploads\/sites\/10\/2025\/12\/Statistika-Prill4.pdf\">Statistika Prill(4)<\/a><a href=\"https:\/\/unhz.eu\/fmthm\/wp-content\/uploads\/sites\/10\/2025\/12\/Statistika-Prill4.pdf\" class=\"wp-block-file__button wp-element-button\" download aria-describedby=\"wp-block-file--media-f08e273e-0af2-4ba1-8243-d6816464bbdf\">                        Download<\/a><\/div>\n\n\n\n<div class=\"wp-block-file\"><a id=\"wp-block-file--media-b43e9c6d-fe24-4510-9625-fdb44fa73cb9\" href=\"https:\/\/unhz.eu\/fmthm\/wp-content\/uploads\/sites\/10\/2025\/12\/Statistika-Qershor4.pdf\">Statistika Qershor(4)<\/a><a href=\"https:\/\/unhz.eu\/fmthm\/wp-content\/uploads\/sites\/10\/2025\/12\/Statistika-Qershor4.pdf\" class=\"wp-block-file__button wp-element-button\" download aria-describedby=\"wp-block-file--media-b43e9c6d-fe24-4510-9625-fdb44fa73cb9\">               Download<\/a><\/div>\n\n\n\n<div class=\"wp-block-file\"><a id=\"wp-block-file--media-8f68ef2b-c01c-4b05-b64e-d16e5a1a3bbd\" href=\"https:\/\/unhz.eu\/fmthm\/wp-content\/uploads\/sites\/10\/2025\/12\/Statistika-Shtator-II3.pdf\">Statistika Shtator II(3)<\/a><a href=\"https:\/\/unhz.eu\/fmthm\/wp-content\/uploads\/sites\/10\/2025\/12\/Statistika-Shtator-II3.pdf\" class=\"wp-block-file__button wp-element-button\" download aria-describedby=\"wp-block-file--media-8f68ef2b-c01c-4b05-b64e-d16e5a1a3bbd\">             Download<\/a><\/div>\n\n\n\n<div class=\"wp-block-file\"><a id=\"wp-block-file--media-d9af0ad1-e3d1-4df9-8c64-b85c3ea73fd5\" href=\"https:\/\/unhz.eu\/fmthm\/wp-content\/uploads\/sites\/10\/2025\/12\/Statistika-Shtator4.pdf\">Statistika Shtator(4)<\/a><a href=\"https:\/\/unhz.eu\/fmthm\/wp-content\/uploads\/sites\/10\/2025\/12\/Statistika-Shtator4.pdf\" class=\"wp-block-file__button wp-element-button\" download aria-describedby=\"wp-block-file--media-d9af0ad1-e3d1-4df9-8c64-b85c3ea73fd5\">                  Download<\/a><\/div>\n\n\n\n<div class=\"wp-block-file\"><a id=\"wp-block-file--media-f23e2e89-3d1b-4833-a7be-7f5553ffb803\" href=\"https:\/\/unhz.eu\/fmthm\/wp-content\/uploads\/sites\/10\/2025\/12\/Statistika-Totali-2024-2025.pdf\">Statistika Totali 2024-2025<\/a><a href=\"https:\/\/unhz.eu\/fmthm\/wp-content\/uploads\/sites\/10\/2025\/12\/Statistika-Totali-2024-2025.pdf\" class=\"wp-block-file__button wp-element-button\" download aria-describedby=\"wp-block-file--media-f23e2e89-3d1b-4833-a7be-7f5553ffb803\">Download<\/a><\/div>\n\n\n\n<div class=\"wp-block-file\"><a id=\"wp-block-file--media-7039c642-2aa0-42ec-8dad-ca233e1cd4e3\" href=\"https:\/\/unhz.eu\/fmthm\/wp-content\/uploads\/sites\/10\/2025\/12\/Statistika-Janar.pdf\">Statistika Janar<\/a><a href=\"https:\/\/unhz.eu\/fmthm\/wp-content\/uploads\/sites\/10\/2025\/12\/Statistika-Janar.pdf\" class=\"wp-block-file__button wp-element-button\" download aria-describedby=\"wp-block-file--media-7039c642-2aa0-42ec-8dad-ca233e1cd4e3\">                           Download<\/a><\/div>\n\n\n\n<div class=\"wp-block-file\"><a id=\"wp-block-file--media-50cb1bee-4448-4494-a879-33cca6a5c4bd\" href=\"https:\/\/unhz.eu\/fmthm\/wp-content\/uploads\/sites\/10\/2025\/12\/Statistika-Prill.pdf\">Statistika Prill<\/a><a href=\"https:\/\/unhz.eu\/fmthm\/wp-content\/uploads\/sites\/10\/2025\/12\/Statistika-Prill.pdf\" class=\"wp-block-file__button wp-element-button\" download aria-describedby=\"wp-block-file--media-50cb1bee-4448-4494-a879-33cca6a5c4bd\">                               Download<\/a><\/div>\n\n\n\n<div class=\"wp-block-file\"><a id=\"wp-block-file--media-3db2508e-c7fb-40d4-a41f-7f56ffbc3cff\" href=\"https:\/\/unhz.eu\/fmthm\/wp-content\/uploads\/sites\/10\/2025\/12\/Statistika-Qershor.pdf\">Statistika Qershor<\/a><a href=\"https:\/\/unhz.eu\/fmthm\/wp-content\/uploads\/sites\/10\/2025\/12\/Statistika-Qershor.pdf\" class=\"wp-block-file__button wp-element-button\" download aria-describedby=\"wp-block-file--media-3db2508e-c7fb-40d4-a41f-7f56ffbc3cff\">                       Download<\/a><\/div>\n\n\n\n<div class=\"wp-block-file\"><a id=\"wp-block-file--media-121cefd5-c487-45a4-89d7-b6d58c7a4273\" href=\"https:\/\/unhz.eu\/fmthm\/wp-content\/uploads\/sites\/10\/2025\/12\/Statistika-Shtator-II.pdf\">Statistika Shtator II<\/a><a href=\"https:\/\/unhz.eu\/fmthm\/wp-content\/uploads\/sites\/10\/2025\/12\/Statistika-Shtator-II.pdf\" class=\"wp-block-file__button wp-element-button\" download aria-describedby=\"wp-block-file--media-121cefd5-c487-45a4-89d7-b6d58c7a4273\">                    Download<\/a><\/div>\n\n\n\n<div class=\"wp-block-file\"><a id=\"wp-block-file--media-d343ce9a-61ab-454b-ba4e-ea73df1ab667\" href=\"https:\/\/unhz.eu\/fmthm\/wp-content\/uploads\/sites\/10\/2025\/12\/Statistika-Shtator.pdf\">Statistika Shtator<\/a><a href=\"https:\/\/unhz.eu\/fmthm\/wp-content\/uploads\/sites\/10\/2025\/12\/Statistika-Shtator.pdf\" class=\"wp-block-file__button wp-element-button\" download aria-describedby=\"wp-block-file--media-d343ce9a-61ab-454b-ba4e-ea73df1ab667\">                         Download<\/a><\/div>\n\n\n\n<div class=\"wp-block-file\"><a id=\"wp-block-file--media-3681dde2-b403-4b94-90e1-410062d3156a\" href=\"https:\/\/unhz.eu\/fmthm\/wp-content\/uploads\/sites\/10\/2025\/12\/Statistika-Totali-2023-2024.pdf\">Statistika Totali 2023-2024<\/a><a href=\"https:\/\/unhz.eu\/fmthm\/wp-content\/uploads\/sites\/10\/2025\/12\/Statistika-Totali-2023-2024.pdf\" class=\"wp-block-file__button wp-element-button\" download aria-describedby=\"wp-block-file--media-3681dde2-b403-4b94-90e1-410062d3156a\">    Download<\/a><\/div>\n\n\n\n<div class=\"wp-block-file\"><a id=\"wp-block-file--media-8c1f9d17-e0f8-4a7d-a608-6b2bb71c50a6\" href=\"https:\/\/unhz.eu\/fmthm\/wp-content\/uploads\/sites\/10\/2025\/12\/Statistika-Totali-2023-2024_1.pdf\">Statistika Totali 2023-2024_1<\/a><a href=\"https:\/\/unhz.eu\/fmthm\/wp-content\/uploads\/sites\/10\/2025\/12\/Statistika-Totali-2023-2024_1.pdf\" class=\"wp-block-file__button wp-element-button\" download aria-describedby=\"wp-block-file--media-8c1f9d17-e0f8-4a7d-a608-6b2bb71c50a6\">Download<\/a><\/div>\n","protected":false},"excerpt":{"rendered":"","protected":false},"author":9,"featured_media":0,"parent":0,"menu_order":0,"comment_status":"closed","ping_status":"closed","template":"","meta":{"footnotes":""},"class_list":["post-49528","page","type-page","status-publish","hentry"],"yoast_head":"<!-- This site is optimized with the Yoast SEO Premium plugin v27.2 (Yoast SEO v27.2) - https:\/\/yoast.com\/product\/yoast-seo-premium-wordpress\/ -->\n<title>raportet e kalueshm\u00ebris\u00eb se student\u00ebve - Fakulteti i Menaxhimit n\u00eb Turiz\u00ebm, Hotelieri dhe Mjedis<\/title>\n<meta name=\"robots\" content=\"index, follow, max-snippet:-1, max-image-preview:large, max-video-preview:-1\" \/>\n<link rel=\"canonical\" href=\"https:\/\/unhz.eu\/fmthm\/raportet-e-kalueshmerise-se-studenteve\/\" \/>\n<meta property=\"og:locale\" content=\"sq_AL\" \/>\n<meta property=\"og:type\" content=\"article\" \/>\n<meta property=\"og:title\" content=\"raportet e kalueshm\u00ebris\u00eb se student\u00ebve\" \/>\n<meta property=\"og:url\" content=\"https:\/\/unhz.eu\/fmthm\/raportet-e-kalueshmerise-se-studenteve\/\" \/>\n<meta property=\"og:site_name\" content=\"Fakulteti i Menaxhimit n\u00eb Turiz\u00ebm, Hotelieri dhe Mjedis\" \/>\n<meta property=\"article:modified_time\" content=\"2025-12-03T14:22:36+00:00\" \/>\n<meta name=\"twitter:card\" content=\"summary_large_image\" \/>\n<meta name=\"twitter:label1\" content=\"Est. reading time\" \/>\n\t<meta name=\"twitter:data1\" content=\"1 minut\u00eb\" \/>\n<script type=\"application\/ld+json\" class=\"yoast-schema-graph\">{\"@context\":\"https:\/\/schema.org\",\"@graph\":[{\"@type\":\"WebPage\",\"@id\":\"https:\/\/unhz.eu\/fmthm\/raportet-e-kalueshmerise-se-studenteve\/\",\"url\":\"https:\/\/unhz.eu\/fmthm\/raportet-e-kalueshmerise-se-studenteve\/\",\"name\":\"raportet e kalueshm\u00ebris\u00eb se student\u00ebve - Fakulteti i Menaxhimit n\u00eb Turiz\u00ebm, Hotelieri dhe Mjedis\",\"isPartOf\":{\"@id\":\"https:\/\/unhz.eu\/fmthm\/#website\"},\"datePublished\":\"2025-12-03T14:15:27+00:00\",\"dateModified\":\"2025-12-03T14:22:36+00:00\",\"breadcrumb\":{\"@id\":\"https:\/\/unhz.eu\/fmthm\/raportet-e-kalueshmerise-se-studenteve\/#breadcrumb\"},\"inLanguage\":\"sq\",\"potentialAction\":[{\"@type\":\"ReadAction\",\"target\":[\"https:\/\/unhz.eu\/fmthm\/raportet-e-kalueshmerise-se-studenteve\/\"]}]},{\"@type\":\"BreadcrumbList\",\"@id\":\"https:\/\/unhz.eu\/fmthm\/raportet-e-kalueshmerise-se-studenteve\/#breadcrumb\",\"itemListElement\":[{\"@type\":\"ListItem\",\"position\":1,\"name\":\"Home\",\"item\":\"https:\/\/unhz.eu\/fmthm\/\"},{\"@type\":\"ListItem\",\"position\":2,\"name\":\"raportet e kalueshm\u00ebris\u00eb se student\u00ebve\"}]},{\"@type\":\"WebSite\",\"@id\":\"https:\/\/unhz.eu\/fmthm\/#website\",\"url\":\"https:\/\/unhz.eu\/fmthm\/\",\"name\":\"Fakulteti i Menaxhimit n\u00eb Turiz\u00ebm, Hotelieri dhe Mjedis\",\"description\":\"I dedikuar p\u00ebr cil\u00ebsi standarde dhe suksese\",\"publisher\":{\"@id\":\"https:\/\/unhz.eu\/fmthm\/#organization\"},\"potentialAction\":[{\"@type\":\"SearchAction\",\"target\":{\"@type\":\"EntryPoint\",\"urlTemplate\":\"https:\/\/unhz.eu\/fmthm\/?s={search_term_string}\"},\"query-input\":{\"@type\":\"PropertyValueSpecification\",\"valueRequired\":true,\"valueName\":\"search_term_string\"}}],\"inLanguage\":\"sq\"},{\"@type\":\"Organization\",\"@id\":\"https:\/\/unhz.eu\/fmthm\/#organization\",\"name\":\"Fakulteti i Menaxhimit n\u00eb Turiz\u00ebm, Hotelieri dhe Mjedis\",\"url\":\"https:\/\/unhz.eu\/fmthm\/\",\"logo\":{\"@type\":\"ImageObject\",\"inLanguage\":\"sq\",\"@id\":\"https:\/\/unhz.eu\/fmthm\/#\/schema\/logo\/image\/\",\"url\":\"https:\/\/unhz.eu\/fmthm\/wp-content\/uploads\/sites\/10\/2024\/02\/cropped-logo-1-1-e1713527702695.png\",\"contentUrl\":\"https:\/\/unhz.eu\/fmthm\/wp-content\/uploads\/sites\/10\/2024\/02\/cropped-logo-1-1-e1713527702695.png\",\"width\":100,\"height\":100,\"caption\":\"Fakulteti i Menaxhimit n\u00eb Turiz\u00ebm, Hotelieri dhe Mjedis\"},\"image\":{\"@id\":\"https:\/\/unhz.eu\/fmthm\/#\/schema\/logo\/image\/\"}}]}<\/script>\n<!-- \/ Yoast SEO Premium plugin. -->","yoast_head_json":{"title":"raportet e kalueshm\u00ebris\u00eb se student\u00ebve - Fakulteti i Menaxhimit n\u00eb Turiz\u00ebm, Hotelieri dhe Mjedis","robots":{"index":"index","follow":"follow","max-snippet":"max-snippet:-1","max-image-preview":"max-image-preview:large","max-video-preview":"max-video-preview:-1"},"canonical":"https:\/\/unhz.eu\/fmthm\/raportet-e-kalueshmerise-se-studenteve\/","og_locale":"sq_AL","og_type":"article","og_title":"raportet e kalueshm\u00ebris\u00eb se student\u00ebve","og_url":"https:\/\/unhz.eu\/fmthm\/raportet-e-kalueshmerise-se-studenteve\/","og_site_name":"Fakulteti i Menaxhimit n\u00eb Turiz\u00ebm, Hotelieri dhe Mjedis","article_modified_time":"2025-12-03T14:22:36+00:00","twitter_card":"summary_large_image","twitter_misc":{"Est. reading time":"1 minut\u00eb"},"schema":{"@context":"https:\/\/schema.org","@graph":[{"@type":"WebPage","@id":"https:\/\/unhz.eu\/fmthm\/raportet-e-kalueshmerise-se-studenteve\/","url":"https:\/\/unhz.eu\/fmthm\/raportet-e-kalueshmerise-se-studenteve\/","name":"raportet e kalueshm\u00ebris\u00eb se student\u00ebve - Fakulteti i Menaxhimit n\u00eb Turiz\u00ebm, Hotelieri dhe Mjedis","isPartOf":{"@id":"https:\/\/unhz.eu\/fmthm\/#website"},"datePublished":"2025-12-03T14:15:27+00:00","dateModified":"2025-12-03T14:22:36+00:00","breadcrumb":{"@id":"https:\/\/unhz.eu\/fmthm\/raportet-e-kalueshmerise-se-studenteve\/#breadcrumb"},"inLanguage":"sq","potentialAction":[{"@type":"ReadAction","target":["https:\/\/unhz.eu\/fmthm\/raportet-e-kalueshmerise-se-studenteve\/"]}]},{"@type":"BreadcrumbList","@id":"https:\/\/unhz.eu\/fmthm\/raportet-e-kalueshmerise-se-studenteve\/#breadcrumb","itemListElement":[{"@type":"ListItem","position":1,"name":"Home","item":"https:\/\/unhz.eu\/fmthm\/"},{"@type":"ListItem","position":2,"name":"raportet e kalueshm\u00ebris\u00eb se student\u00ebve"}]},{"@type":"WebSite","@id":"https:\/\/unhz.eu\/fmthm\/#website","url":"https:\/\/unhz.eu\/fmthm\/","name":"Fakulteti i Menaxhimit n\u00eb Turiz\u00ebm, Hotelieri dhe Mjedis","description":"I dedikuar p\u00ebr cil\u00ebsi standarde dhe suksese","publisher":{"@id":"https:\/\/unhz.eu\/fmthm\/#organization"},"potentialAction":[{"@type":"SearchAction","target":{"@type":"EntryPoint","urlTemplate":"https:\/\/unhz.eu\/fmthm\/?s={search_term_string}"},"query-input":{"@type":"PropertyValueSpecification","valueRequired":true,"valueName":"search_term_string"}}],"inLanguage":"sq"},{"@type":"Organization","@id":"https:\/\/unhz.eu\/fmthm\/#organization","name":"Fakulteti i Menaxhimit n\u00eb Turiz\u00ebm, Hotelieri dhe Mjedis","url":"https:\/\/unhz.eu\/fmthm\/","logo":{"@type":"ImageObject","inLanguage":"sq","@id":"https:\/\/unhz.eu\/fmthm\/#\/schema\/logo\/image\/","url":"https:\/\/unhz.eu\/fmthm\/wp-content\/uploads\/sites\/10\/2024\/02\/cropped-logo-1-1-e1713527702695.png","contentUrl":"https:\/\/unhz.eu\/fmthm\/wp-content\/uploads\/sites\/10\/2024\/02\/cropped-logo-1-1-e1713527702695.png","width":100,"height":100,"caption":"Fakulteti i Menaxhimit n\u00eb Turiz\u00ebm, Hotelieri dhe Mjedis"},"image":{"@id":"https:\/\/unhz.eu\/fmthm\/#\/schema\/logo\/image\/"}}]}},"_links":{"self":[{"href":"https:\/\/unhz.eu\/fmthm\/wp-json\/wp\/v2\/pages\/49528","targetHints":{"allow":["GET"]}}],"collection":[{"href":"https:\/\/unhz.eu\/fmthm\/wp-json\/wp\/v2\/pages"}],"about":[{"href":"https:\/\/unhz.eu\/fmthm\/wp-json\/wp\/v2\/types\/page"}],"author":[{"embeddable":true,"href":"https:\/\/unhz.eu\/fmthm\/wp-json\/wp\/v2\/users\/9"}],"replies":[{"embeddable":true,"href":"https:\/\/unhz.eu\/fmthm\/wp-json\/wp\/v2\/comments?post=49528"}],"version-history":[{"count":2,"href":"https:\/\/unhz.eu\/fmthm\/wp-json\/wp\/v2\/pages\/49528\/revisions"}],"predecessor-version":[{"id":49563,"href":"https:\/\/unhz.eu\/fmthm\/wp-json\/wp\/v2\/pages\/49528\/revisions\/49563"}],"wp:attachment":[{"href":"https:\/\/unhz.eu\/fmthm\/wp-json\/wp\/v2\/media?parent=49528"}],"curies":[{"name":"wp","href":"https:\/\/api.w.org\/{rel}","templated":true}]}}