{"id":49385,"date":"2025-10-27T14:29:40","date_gmt":"2025-10-27T14:29:40","guid":{"rendered":"https:\/\/unhz.eu\/fmthm\/?page_id=49385"},"modified":"2025-10-29T08:12:21","modified_gmt":"2025-10-29T08:12:21","slug":"menaxhim-ne-turizem-dhe-hotelieri-2025-2028","status":"publish","type":"page","link":"https:\/\/unhz.eu\/fmthm\/menaxhim-ne-turizem-dhe-hotelieri-2025-2028\/","title":{"rendered":"Menaxhim n\u00eb Turiz\u00ebm dhe Hotelieri 2025-2028"},"content":{"rendered":"\n<p>Menaxhim n\u00eb Turiz\u00ebm dhe Hotelieri 2025-2028<\/p>\n\n\n\n<figure class=\"wp-block-table\"><table><tbody><tr><td colspan=\"10\"><strong>Viti I<\/strong><\/td><\/tr><tr><td colspan=\"5\"><strong>Semestri I<\/strong><\/td><td colspan=\"5\"><strong>Or\u00eb\/jav\u00eb<\/strong><\/td><\/tr><tr><td><strong>Nr.<\/strong><\/td><td colspan=\"2\"><strong>O\/Z<\/strong><\/td><td colspan=\"2\"><strong>L\u00ebnd\u00ebt<\/strong><\/td><td colspan=\"2\"><strong>L<\/strong><\/td><td colspan=\"2\"><strong>U<\/strong><\/td><td><strong>ECTS<\/strong><\/td><\/tr><tr><td>&nbsp;<\/td><td colspan=\"2\">O<\/td><td colspan=\"2\">Hyrje n\u00eb turiz\u00ebm dhe hotelieri<\/td><td colspan=\"2\">2<\/td><td colspan=\"2\">2<\/td><td>7<\/td><\/tr><tr><td>&nbsp;<\/td><td colspan=\"2\">O<\/td><td colspan=\"2\">Matematik\u00eb<\/td><td colspan=\"2\">2<\/td><td colspan=\"2\">2<\/td><td>6<\/td><\/tr><tr><td>&nbsp;<\/td><td colspan=\"2\">O<\/td><td colspan=\"2\">Menaxhimi n\u00eb turiz\u00ebm dhe hotelieri<\/td><td colspan=\"2\">2<\/td><td colspan=\"2\">2<\/td><td>6<\/td><\/tr><tr><td>&nbsp;<\/td><td colspan=\"2\">O<\/td><td colspan=\"2\">Shkrimi akademik<\/td><td colspan=\"2\">2<\/td><td colspan=\"2\">2<\/td><td>6<\/td><\/tr><tr><td>&nbsp;<\/td><td colspan=\"2\">O<\/td><td colspan=\"2\">Gjuh\u00eb e huaj (Gjuh\u00eb Angleze I, Gjuh\u00eb Gjermane\u00a0 I)<\/td><td colspan=\"2\">2<\/td><td colspan=\"2\">2<\/td><td>5<\/td><\/tr><tr><td colspan=\"9\"><strong>TOTAL:<\/strong><\/td><td>30<\/td><\/tr><tr><td colspan=\"10\"><strong>Semestri II<\/strong><\/td><\/tr><tr><td>1<\/td><td colspan=\"2\">O<\/td><td colspan=\"2\">Statistik\u00eb<\/td><td colspan=\"2\">2<\/td><td colspan=\"2\">2<\/td><td>7<\/td><\/tr><tr><td>2<\/td><td colspan=\"2\">O<\/td><td colspan=\"2\">Hyrje n\u00eb ekonomi<\/td><td colspan=\"2\">2<\/td><td colspan=\"2\">2<\/td><td>6<\/td><\/tr><tr><td>3<\/td><td colspan=\"2\">O<\/td><td colspan=\"2\">Marketingu n\u00eb turiz\u00ebm dhe hotelieri<\/td><td colspan=\"2\">2<\/td><td colspan=\"2\">2<\/td><td>6<\/td><\/tr><tr><td>4<\/td><td colspan=\"2\">O<\/td><td colspan=\"2\">Teknologji e informacionit<\/td><td colspan=\"2\">2<\/td><td colspan=\"2\">2<\/td><td>6<\/td><\/tr><tr><td>5<\/td><td colspan=\"2\">O<\/td><td colspan=\"2\">Gjuh\u00eb e huaj (<a>Gjuh\u00eb Angleze II, Gjuh\u00eb Gjermane&nbsp; II<\/a>)<\/td><td colspan=\"2\">2<\/td><td colspan=\"2\">2<\/td><td>5<\/td><\/tr><tr><td colspan=\"9\"><strong>TOTAL:<\/strong><\/td><td>30<\/td><\/tr><tr><td colspan=\"10\"><strong>Viti II<\/strong><\/td><\/tr><tr><td colspan=\"5\"><strong>Semestri III<\/strong><\/td><td colspan=\"5\"><strong>Or\u00eb\/jav\u00eb<\/strong><\/td><\/tr><tr><td colspan=\"2\"><strong>Nr.<\/strong><\/td><td><strong>O\/Z<\/strong><\/td><td colspan=\"2\"><strong>L\u00ebnd\u00ebt<\/strong><\/td><td colspan=\"2\"><strong>L<\/strong><\/td><td colspan=\"2\"><strong>U<\/strong><\/td><td><strong>ECTS<\/strong><\/td><\/tr><tr><td colspan=\"2\">&nbsp;<\/td><td>O<\/td><td colspan=\"2\">Hyrje n\u00eb metodologjin\u00eb e k\u00ebrkimit<\/td><td colspan=\"2\">2<\/td><td colspan=\"2\">2<\/td><td>7<\/td><\/tr><tr><td colspan=\"2\">&nbsp;<\/td><td>O<\/td><td colspan=\"2\">Bazat e kontabilitetit<\/td><td colspan=\"2\">2<\/td><td colspan=\"2\">2<\/td><td>6<\/td><\/tr><tr><td colspan=\"2\">&nbsp;<\/td><td>O<\/td><td colspan=\"2\">Burimet nj\u00ebr\u00ebzore dhe zhvillimi profesional<\/td><td colspan=\"2\">2<\/td><td colspan=\"2\">2<\/td><td>6<\/td><\/tr><tr><td colspan=\"2\">&nbsp;<\/td><td>O<\/td><td colspan=\"2\">Menaxhim i ushqimit dhe pijeve<\/td><td colspan=\"2\">2<\/td><td colspan=\"2\">2<\/td><td>6<\/td><\/tr><tr><td colspan=\"2\">&nbsp;<\/td><td>Z<\/td><td colspan=\"2\">Sistemet e rezervimit n\u00eb hotele<\/td><td colspan=\"2\">2<\/td><td colspan=\"2\">2<\/td><td>5<\/td><\/tr><tr><td colspan=\"2\">&nbsp;<\/td><td>Z<\/td><td colspan=\"2\">Transporti n\u00eb turiz\u00ebm<\/td><td colspan=\"2\">2<\/td><td colspan=\"2\">2<\/td><td>5<\/td><\/tr><tr><td colspan=\"2\">&nbsp;<\/td><td>Z<\/td><td colspan=\"2\">Sistemet e rezervimit n\u00eb agjencione turistike<\/td><td colspan=\"2\">2<\/td><td colspan=\"2\">2<\/td><td>5<\/td><\/tr><tr><td colspan=\"9\"><strong>TOTAL:<\/strong><\/td><td>30<\/td><\/tr><tr><td colspan=\"10\"><strong>Semestri IV<\/strong><\/td><\/tr><tr><td colspan=\"2\">&nbsp;<\/td><td>O<\/td><td colspan=\"2\">Planifikimi dhe zhvillimi i turizmit<\/td><td colspan=\"2\">2<\/td><td colspan=\"2\">2<\/td><td>7<\/td><\/tr><tr><td colspan=\"2\">&nbsp;<\/td><td>O<\/td><td colspan=\"2\">Gjeografia turistike<\/td><td colspan=\"2\">2<\/td><td colspan=\"2\">2<\/td><td>6<\/td><\/tr><tr><td colspan=\"2\">&nbsp;<\/td><td>O<\/td><td colspan=\"2\">Trash\u00ebgimia kulturore n\u00eb turiz\u00ebm<\/td><td colspan=\"2\">2<\/td><td colspan=\"2\">2<\/td><td>6<\/td><\/tr><tr><td colspan=\"2\">&nbsp;<\/td><td>O<\/td><td colspan=\"2\">Ekologjia<\/td><td colspan=\"2\">2<\/td><td colspan=\"2\">2<\/td><td>6<\/td><\/tr><tr><td colspan=\"2\">&nbsp;<\/td><td>Z<\/td><td colspan=\"2\">Nd\u00ebrmarr\u00ebsi<\/td><td colspan=\"2\">2<\/td><td colspan=\"2\">2<\/td><td>5<\/td><\/tr><tr><td colspan=\"2\">&nbsp;<\/td><td>Z<\/td><td colspan=\"2\">Sh\u00ebrbimi i klientit n\u00eb hotel dhe agjencion turistik<\/td><td colspan=\"2\">2<\/td><td colspan=\"2\">2<\/td><td>5<\/td><\/tr><tr><td colspan=\"2\">&nbsp;<\/td><td>Z<\/td><td colspan=\"2\">Menaxhimi i mbeturinave n\u00eb turiz\u00ebm<\/td><td colspan=\"2\">2<\/td><td colspan=\"2\">2<\/td><td>5<\/td><\/tr><tr><td colspan=\"9\"><strong>TOTAL:<\/strong><\/td><td>30<\/td><\/tr><tr><td colspan=\"10\"><strong>Viti III<\/strong><\/td><\/tr><tr><td colspan=\"4\"><strong>Semestri V<\/strong><\/td><td colspan=\"6\"><strong>Or\u00eb\/jav\u00eb<\/strong><\/td><\/tr><tr><td colspan=\"2\"><strong>Nr.<\/strong><\/td><td><strong>O\/Z<\/strong><\/td><td><strong>L\u00ebnd\u00ebt<\/strong><\/td><td colspan=\"2\"><strong>L<\/strong><\/td><td colspan=\"2\"><strong>U<\/strong><\/td><td colspan=\"2\"><strong>ECTS<\/strong><\/td><\/tr><tr><td colspan=\"2\">&nbsp;<\/td><td>O<\/td><td>M\u00ebsim praktik dhe zhvillimi i karrier\u00ebs<\/td><td colspan=\"2\">&nbsp;<\/td><td colspan=\"2\">2<\/td><td colspan=\"2\">7<\/td><\/tr><tr><td colspan=\"2\">&nbsp;<\/td><td>O<\/td><td>E drejt\u00eba n\u00eb turiz\u00ebm dhe hotelieri<\/td><td colspan=\"2\">2<\/td><td colspan=\"2\">2<\/td><td colspan=\"2\">6<\/td><\/tr><tr><td colspan=\"2\">&nbsp;<\/td><td>O<\/td><td>Menaxhimi dhe organizimi i eventeve<\/td><td colspan=\"2\">2<\/td><td colspan=\"2\">2<\/td><td colspan=\"2\">6<\/td><\/tr><tr><td colspan=\"2\">&nbsp;<\/td><td>O<\/td><td>Industria e turizmit<\/td><td colspan=\"2\">2<\/td><td colspan=\"2\">2<\/td><td colspan=\"2\">6<\/td><\/tr><tr><td colspan=\"2\">&nbsp;<\/td><td>Z<\/td><td>Turizmi i q\u00ebndruesh\u00ebm<\/td><td colspan=\"2\">2<\/td><td colspan=\"2\">2<\/td><td colspan=\"2\">5<\/td><\/tr><tr><td colspan=\"2\">&nbsp;<\/td><td>Z<\/td><td>Hulumtimi i tregut turistik<\/td><td colspan=\"2\">2<\/td><td colspan=\"2\">2<\/td><td colspan=\"2\">5<\/td><\/tr><tr><td colspan=\"2\">&nbsp;<\/td><td>Z<\/td><td>Trendet bashk\u00ebkohore n\u00eb turiz\u00ebm dhe hotelieri<\/td><td colspan=\"2\">2<\/td><td colspan=\"2\">2<\/td><td colspan=\"2\">5<\/td><\/tr><tr><td colspan=\"8\">&nbsp;<\/td><td colspan=\"2\">30<\/td><\/tr><tr><td colspan=\"10\"><strong>Semestri VI<\/strong><\/td><\/tr><tr><td colspan=\"2\">1.<\/td><td>O<\/td><td>Menaxhimi i cil\u00ebsis\u00eb<\/td><td colspan=\"2\">2<\/td><td colspan=\"2\">2<\/td><td colspan=\"2\">7<\/td><\/tr><tr><td colspan=\"2\">2.<\/td><td>O<\/td><td>Produkti turistik<\/td><td colspan=\"2\">2<\/td><td colspan=\"2\">2<\/td><td colspan=\"2\">6<\/td><\/tr><tr><td colspan=\"2\">3.<\/td><td>O<\/td><td><strong>Tema e diplom\u00ebs<\/strong><strong><\/strong><\/td><td colspan=\"2\">2<\/td><td colspan=\"2\">2<\/td><td colspan=\"2\">6<\/td><\/tr><tr><td colspan=\"2\">4.<\/td><td>O<\/td><td>Menaxhimi i destinacioneve turistike<\/td><td colspan=\"2\">2<\/td><td colspan=\"2\">2<\/td><td colspan=\"2\">6<\/td><\/tr><tr><td colspan=\"2\">5.<\/td><td>Z<\/td><td>Agjencionet turistike<\/td><td colspan=\"2\">2<\/td><td colspan=\"2\">2<\/td><td colspan=\"2\">5<\/td><\/tr><tr><td colspan=\"2\">6.<\/td><td>Z<\/td><td>Turizmi nd\u00ebrkomb\u00ebtar<\/td><td colspan=\"2\">2<\/td><td colspan=\"2\">2<\/td><td colspan=\"2\">5<\/td><\/tr><tr><td colspan=\"2\">7.<\/td><td>Z<\/td><td>Menaxhimi dhe mbrojta e natyr\u00ebs (Pejsazhet natyrore)<\/td><td colspan=\"2\">2<\/td><td colspan=\"2\">2<\/td><td colspan=\"2\">5<\/td><\/tr><tr><td colspan=\"8\"><strong>TOTAL:<\/strong><\/td><td colspan=\"2\">30<\/td><\/tr><\/tbody><\/table><\/figure>\n","protected":false},"excerpt":{"rendered":"<p>Menaxhim n\u00eb Turiz\u00ebm dhe Hotelieri 2025-2028 Viti I Semestri I Or\u00eb\/jav\u00eb Nr. O\/Z L\u00ebnd\u00ebt L&hellip;<\/p>\n","protected":false},"author":1,"featured_media":0,"parent":0,"menu_order":0,"comment_status":"closed","ping_status":"closed","template":"","meta":{"footnotes":""},"class_list":["post-49385","page","type-page","status-publish","hentry"],"yoast_head":"<!-- This site is optimized with the Yoast SEO Premium plugin v27.2 (Yoast SEO v27.2) - https:\/\/yoast.com\/product\/yoast-seo-premium-wordpress\/ -->\n<title>Menaxhim n\u00eb Turiz\u00ebm dhe Hotelieri 2025-2028 - Fakulteti i Menaxhimit n\u00eb Turiz\u00ebm, Hotelieri dhe Mjedis<\/title>\n<meta name=\"robots\" content=\"index, follow, max-snippet:-1, max-image-preview:large, max-video-preview:-1\" \/>\n<link rel=\"canonical\" href=\"https:\/\/unhz.eu\/fmthm\/menaxhim-ne-turizem-dhe-hotelieri-2025-2028\/\" \/>\n<meta property=\"og:locale\" content=\"sq_AL\" \/>\n<meta property=\"og:type\" content=\"article\" \/>\n<meta property=\"og:title\" content=\"Menaxhim n\u00eb Turiz\u00ebm dhe Hotelieri 2025-2028\" \/>\n<meta property=\"og:description\" content=\"Menaxhim n\u00eb Turiz\u00ebm dhe Hotelieri 2025-2028 Viti I Semestri I Or\u00eb\/jav\u00eb Nr. O\/Z L\u00ebnd\u00ebt L&hellip;\" \/>\n<meta property=\"og:url\" content=\"https:\/\/unhz.eu\/fmthm\/menaxhim-ne-turizem-dhe-hotelieri-2025-2028\/\" \/>\n<meta property=\"og:site_name\" content=\"Fakulteti i Menaxhimit n\u00eb Turiz\u00ebm, Hotelieri dhe Mjedis\" \/>\n<meta property=\"article:modified_time\" content=\"2025-10-29T08:12:21+00:00\" \/>\n<meta name=\"twitter:card\" content=\"summary_large_image\" \/>\n<meta name=\"twitter:label1\" content=\"Est. reading time\" \/>\n\t<meta name=\"twitter:data1\" content=\"2 minuta\" \/>\n<script type=\"application\/ld+json\" class=\"yoast-schema-graph\">{\"@context\":\"https:\/\/schema.org\",\"@graph\":[{\"@type\":\"WebPage\",\"@id\":\"https:\/\/unhz.eu\/fmthm\/menaxhim-ne-turizem-dhe-hotelieri-2025-2028\/\",\"url\":\"https:\/\/unhz.eu\/fmthm\/menaxhim-ne-turizem-dhe-hotelieri-2025-2028\/\",\"name\":\"Menaxhim n\u00eb Turiz\u00ebm dhe Hotelieri 2025-2028 - Fakulteti i Menaxhimit n\u00eb Turiz\u00ebm, Hotelieri dhe Mjedis\",\"isPartOf\":{\"@id\":\"https:\/\/unhz.eu\/fmthm\/#website\"},\"datePublished\":\"2025-10-27T14:29:40+00:00\",\"dateModified\":\"2025-10-29T08:12:21+00:00\",\"breadcrumb\":{\"@id\":\"https:\/\/unhz.eu\/fmthm\/menaxhim-ne-turizem-dhe-hotelieri-2025-2028\/#breadcrumb\"},\"inLanguage\":\"sq\",\"potentialAction\":[{\"@type\":\"ReadAction\",\"target\":[\"https:\/\/unhz.eu\/fmthm\/menaxhim-ne-turizem-dhe-hotelieri-2025-2028\/\"]}]},{\"@type\":\"BreadcrumbList\",\"@id\":\"https:\/\/unhz.eu\/fmthm\/menaxhim-ne-turizem-dhe-hotelieri-2025-2028\/#breadcrumb\",\"itemListElement\":[{\"@type\":\"ListItem\",\"position\":1,\"name\":\"Home\",\"item\":\"https:\/\/unhz.eu\/fmthm\/\"},{\"@type\":\"ListItem\",\"position\":2,\"name\":\"Menaxhim n\u00eb Turiz\u00ebm dhe Hotelieri 2025-2028\"}]},{\"@type\":\"WebSite\",\"@id\":\"https:\/\/unhz.eu\/fmthm\/#website\",\"url\":\"https:\/\/unhz.eu\/fmthm\/\",\"name\":\"Fakulteti i Menaxhimit n\u00eb Turiz\u00ebm, Hotelieri dhe Mjedis\",\"description\":\"I dedikuar p\u00ebr cil\u00ebsi standarde dhe suksese\",\"publisher\":{\"@id\":\"https:\/\/unhz.eu\/fmthm\/#organization\"},\"potentialAction\":[{\"@type\":\"SearchAction\",\"target\":{\"@type\":\"EntryPoint\",\"urlTemplate\":\"https:\/\/unhz.eu\/fmthm\/?s={search_term_string}\"},\"query-input\":{\"@type\":\"PropertyValueSpecification\",\"valueRequired\":true,\"valueName\":\"search_term_string\"}}],\"inLanguage\":\"sq\"},{\"@type\":\"Organization\",\"@id\":\"https:\/\/unhz.eu\/fmthm\/#organization\",\"name\":\"Fakulteti i Menaxhimit n\u00eb Turiz\u00ebm, Hotelieri dhe Mjedis\",\"url\":\"https:\/\/unhz.eu\/fmthm\/\",\"logo\":{\"@type\":\"ImageObject\",\"inLanguage\":\"sq\",\"@id\":\"https:\/\/unhz.eu\/fmthm\/#\/schema\/logo\/image\/\",\"url\":\"https:\/\/unhz.eu\/fmthm\/wp-content\/uploads\/sites\/10\/2024\/02\/cropped-logo-1-1-e1713527702695.png\",\"contentUrl\":\"https:\/\/unhz.eu\/fmthm\/wp-content\/uploads\/sites\/10\/2024\/02\/cropped-logo-1-1-e1713527702695.png\",\"width\":100,\"height\":100,\"caption\":\"Fakulteti i Menaxhimit n\u00eb Turiz\u00ebm, Hotelieri dhe Mjedis\"},\"image\":{\"@id\":\"https:\/\/unhz.eu\/fmthm\/#\/schema\/logo\/image\/\"}}]}<\/script>\n<!-- \/ Yoast SEO Premium plugin. -->","yoast_head_json":{"title":"Menaxhim n\u00eb Turiz\u00ebm dhe Hotelieri 2025-2028 - Fakulteti i Menaxhimit n\u00eb Turiz\u00ebm, Hotelieri dhe Mjedis","robots":{"index":"index","follow":"follow","max-snippet":"max-snippet:-1","max-image-preview":"max-image-preview:large","max-video-preview":"max-video-preview:-1"},"canonical":"https:\/\/unhz.eu\/fmthm\/menaxhim-ne-turizem-dhe-hotelieri-2025-2028\/","og_locale":"sq_AL","og_type":"article","og_title":"Menaxhim n\u00eb Turiz\u00ebm dhe Hotelieri 2025-2028","og_description":"Menaxhim n\u00eb Turiz\u00ebm dhe Hotelieri 2025-2028 Viti I Semestri I Or\u00eb\/jav\u00eb Nr. O\/Z L\u00ebnd\u00ebt L&hellip;","og_url":"https:\/\/unhz.eu\/fmthm\/menaxhim-ne-turizem-dhe-hotelieri-2025-2028\/","og_site_name":"Fakulteti i Menaxhimit n\u00eb Turiz\u00ebm, Hotelieri dhe Mjedis","article_modified_time":"2025-10-29T08:12:21+00:00","twitter_card":"summary_large_image","twitter_misc":{"Est. reading time":"2 minuta"},"schema":{"@context":"https:\/\/schema.org","@graph":[{"@type":"WebPage","@id":"https:\/\/unhz.eu\/fmthm\/menaxhim-ne-turizem-dhe-hotelieri-2025-2028\/","url":"https:\/\/unhz.eu\/fmthm\/menaxhim-ne-turizem-dhe-hotelieri-2025-2028\/","name":"Menaxhim n\u00eb Turiz\u00ebm dhe Hotelieri 2025-2028 - Fakulteti i Menaxhimit n\u00eb Turiz\u00ebm, Hotelieri dhe Mjedis","isPartOf":{"@id":"https:\/\/unhz.eu\/fmthm\/#website"},"datePublished":"2025-10-27T14:29:40+00:00","dateModified":"2025-10-29T08:12:21+00:00","breadcrumb":{"@id":"https:\/\/unhz.eu\/fmthm\/menaxhim-ne-turizem-dhe-hotelieri-2025-2028\/#breadcrumb"},"inLanguage":"sq","potentialAction":[{"@type":"ReadAction","target":["https:\/\/unhz.eu\/fmthm\/menaxhim-ne-turizem-dhe-hotelieri-2025-2028\/"]}]},{"@type":"BreadcrumbList","@id":"https:\/\/unhz.eu\/fmthm\/menaxhim-ne-turizem-dhe-hotelieri-2025-2028\/#breadcrumb","itemListElement":[{"@type":"ListItem","position":1,"name":"Home","item":"https:\/\/unhz.eu\/fmthm\/"},{"@type":"ListItem","position":2,"name":"Menaxhim n\u00eb Turiz\u00ebm dhe Hotelieri 2025-2028"}]},{"@type":"WebSite","@id":"https:\/\/unhz.eu\/fmthm\/#website","url":"https:\/\/unhz.eu\/fmthm\/","name":"Fakulteti i Menaxhimit n\u00eb Turiz\u00ebm, Hotelieri dhe Mjedis","description":"I dedikuar p\u00ebr cil\u00ebsi standarde dhe suksese","publisher":{"@id":"https:\/\/unhz.eu\/fmthm\/#organization"},"potentialAction":[{"@type":"SearchAction","target":{"@type":"EntryPoint","urlTemplate":"https:\/\/unhz.eu\/fmthm\/?s={search_term_string}"},"query-input":{"@type":"PropertyValueSpecification","valueRequired":true,"valueName":"search_term_string"}}],"inLanguage":"sq"},{"@type":"Organization","@id":"https:\/\/unhz.eu\/fmthm\/#organization","name":"Fakulteti i Menaxhimit n\u00eb Turiz\u00ebm, Hotelieri dhe Mjedis","url":"https:\/\/unhz.eu\/fmthm\/","logo":{"@type":"ImageObject","inLanguage":"sq","@id":"https:\/\/unhz.eu\/fmthm\/#\/schema\/logo\/image\/","url":"https:\/\/unhz.eu\/fmthm\/wp-content\/uploads\/sites\/10\/2024\/02\/cropped-logo-1-1-e1713527702695.png","contentUrl":"https:\/\/unhz.eu\/fmthm\/wp-content\/uploads\/sites\/10\/2024\/02\/cropped-logo-1-1-e1713527702695.png","width":100,"height":100,"caption":"Fakulteti i Menaxhimit n\u00eb Turiz\u00ebm, Hotelieri dhe Mjedis"},"image":{"@id":"https:\/\/unhz.eu\/fmthm\/#\/schema\/logo\/image\/"}}]}},"_links":{"self":[{"href":"https:\/\/unhz.eu\/fmthm\/wp-json\/wp\/v2\/pages\/49385","targetHints":{"allow":["GET"]}}],"collection":[{"href":"https:\/\/unhz.eu\/fmthm\/wp-json\/wp\/v2\/pages"}],"about":[{"href":"https:\/\/unhz.eu\/fmthm\/wp-json\/wp\/v2\/types\/page"}],"author":[{"embeddable":true,"href":"https:\/\/unhz.eu\/fmthm\/wp-json\/wp\/v2\/users\/1"}],"replies":[{"embeddable":true,"href":"https:\/\/unhz.eu\/fmthm\/wp-json\/wp\/v2\/comments?post=49385"}],"version-history":[{"count":4,"href":"https:\/\/unhz.eu\/fmthm\/wp-json\/wp\/v2\/pages\/49385\/revisions"}],"predecessor-version":[{"id":49425,"href":"https:\/\/unhz.eu\/fmthm\/wp-json\/wp\/v2\/pages\/49385\/revisions\/49425"}],"wp:attachment":[{"href":"https:\/\/unhz.eu\/fmthm\/wp-json\/wp\/v2\/media?parent=49385"}],"curies":[{"name":"wp","href":"https:\/\/api.w.org\/{rel}","templated":true}]}}