{"id":49375,"date":"2025-10-27T08:14:24","date_gmt":"2025-10-27T08:14:24","guid":{"rendered":"https:\/\/unhz.eu\/fmthm\/?page_id=49375"},"modified":"2025-11-03T09:33:12","modified_gmt":"2025-11-03T09:33:12","slug":"programet-mthb","status":"publish","type":"page","link":"https:\/\/unhz.eu\/fmthm\/programet-mthb\/","title":{"rendered":"Programet MTHB"},"content":{"rendered":"\n<p><strong><u>Pregled programa:<\/u><\/strong><\/p>\n\n\n\n<p><strong>Menad\u017ement u turizmu i ugostiteljstvu na bosanskom jeziku\u2013 BSc.<\/strong><strong><u><\/u><\/strong><\/p>\n\n\n\n<figure class=\"wp-block-table\"><table><tbody><tr><td colspan=\"9\"><strong>I GODINA<\/strong><\/td><\/tr><tr><td colspan=\"4\"><strong>SEMESTAR I<\/strong><\/td><td colspan=\"5\"><strong>\u010cAS-NEDELJA<\/strong><\/td><\/tr><tr><td><strong>Br.<\/strong><\/td><td><strong>O\/I<\/strong><\/td><td><strong>Predmeti<\/strong><\/td><td><strong>P<\/strong><\/td><td colspan=\"3\"><strong>V<\/strong><\/td><td colspan=\"2\"><strong>ECTS<\/strong><\/td><\/tr><tr><td><strong>&nbsp;<\/strong><\/td><td>O<\/td><td>Uvod u turizmu i ugostiteljstvu<\/td><td>2<\/td><td colspan=\"3\">2<\/td><td colspan=\"2\">7<strong><\/strong><\/td><\/tr><tr><td><strong>&nbsp;<\/strong><\/td><td>O<\/td><td>Matematika<\/td><td>2<\/td><td colspan=\"3\">2<\/td><td colspan=\"2\">6<strong><\/strong><\/td><\/tr><tr><td><strong>&nbsp;<\/strong><\/td><td>O<\/td><td>Menad\u017ement u turizmu i ugostiteljstvu<\/td><td>2<\/td><td colspan=\"3\">2<\/td><td colspan=\"2\">6<strong><\/strong><\/td><\/tr><tr><td><strong>&nbsp;<\/strong><\/td><td>O<\/td><td>Akademsko pisanje<\/td><td>2<\/td><td colspan=\"3\">2<\/td><td colspan=\"2\">6<strong><\/strong><\/td><\/tr><tr><td><strong>&nbsp;<\/strong><\/td><td>O<\/td><td>Strani jezik (Engleski I, Njema\u010dki I)<\/td><td>2<\/td><td colspan=\"3\">2<\/td><td colspan=\"2\">5<strong><\/strong><\/td><\/tr><tr><td colspan=\"2\"><strong>&nbsp;<\/strong><\/td><td><strong>UKUPNO<\/strong><\/td><td>&nbsp;<\/td><td colspan=\"3\">&nbsp;<\/td><td colspan=\"2\"><strong>30<\/strong><\/td><\/tr><tr><td colspan=\"9\"><strong>&nbsp;<\/strong><\/td><\/tr><tr><td colspan=\"6\"><strong>SEMESTAR II<\/strong><\/td><td colspan=\"3\"><strong>\u010cAS-NEDELJA<\/strong><\/td><\/tr><tr><td><strong>Br.<\/strong><\/td><td><strong>O\/Z<\/strong><\/td><td><strong>Predmeti<\/strong><\/td><td><strong>P<\/strong><\/td><td colspan=\"3\"><strong>V<\/strong><\/td><td colspan=\"2\"><strong>ECTS<\/strong><\/td><\/tr><tr><td><strong>&nbsp;<\/strong><\/td><td>O<\/td><td>Statistika<\/td><td>2<\/td><td colspan=\"3\">2<\/td><td colspan=\"2\">7<strong><\/strong><\/td><\/tr><tr><td><strong>&nbsp;<\/strong><\/td><td>O<\/td><td>Uvod u ekonomiju<\/td><td>2<\/td><td colspan=\"3\">2<\/td><td colspan=\"2\">6<strong><\/strong><\/td><\/tr><tr><td><strong>&nbsp;<\/strong><\/td><td>O<\/td><td>Marketing u turizmu i ugostiteljstvu<\/td><td>2<\/td><td colspan=\"3\">2<\/td><td colspan=\"2\">6<strong><\/strong><\/td><\/tr><tr><td><strong>&nbsp;<\/strong><\/td><td>O<\/td><td>Informacione tehnologije<\/td><td>2<\/td><td colspan=\"3\">2<\/td><td colspan=\"2\">6<strong><\/strong><\/td><\/tr><tr><td><strong>&nbsp;<\/strong><\/td><td>O<\/td><td>Strani jezik (Engleski II, Njema\u010dki II)<\/td><td>2<\/td><td colspan=\"3\">2<\/td><td colspan=\"2\">5<strong><\/strong><\/td><\/tr><tr><td colspan=\"2\"><strong>&nbsp;<\/strong><\/td><td><strong>UKUPNO<\/strong><\/td><td>&nbsp;<\/td><td colspan=\"3\">&nbsp;<\/td><td colspan=\"2\"><strong>30<\/strong><\/td><\/tr><tr><td colspan=\"9\"><strong>&nbsp;<\/strong><\/td><\/tr><tr><td colspan=\"9\"><strong>II GODINA<\/strong><\/td><\/tr><tr><td colspan=\"4\"><strong>SEMESTAR III<\/strong><\/td><td colspan=\"5\"><strong>\u010cAS-NEDELJA<\/strong><\/td><\/tr><tr><td><strong>Br.<\/strong><\/td><td><strong>O\/I<\/strong><\/td><td><strong>Predmeti<\/strong><\/td><td><strong>P<\/strong><\/td><td colspan=\"3\"><strong>V<\/strong><\/td><td colspan=\"2\"><strong>ECTS<\/strong><\/td><\/tr><tr><td><strong><\/strong><strong>&nbsp;<\/strong><\/td><td>O<\/td><td>Uvod u metodologiju istra\u017eivanja<\/td><td>2<\/td><td colspan=\"3\">2<\/td><td colspan=\"2\">7<strong><\/strong><\/td><\/tr><tr><td><strong><\/strong><strong>&nbsp;<\/strong><\/td><td>O<\/td><td>Osnove ra\u010dunovodstva<\/td><td>2<\/td><td colspan=\"3\">2<\/td><td colspan=\"2\">6<strong><\/strong><\/td><\/tr><tr><td><strong><\/strong><strong>&nbsp;<\/strong><\/td><td>O<\/td><td>Ljudski resursi i profesionalni razvoj<\/td><td>2<\/td><td colspan=\"3\">2<\/td><td colspan=\"2\">6<strong><\/strong><\/td><\/tr><tr><td><strong><\/strong><strong>&nbsp;<\/strong><\/td><td>O<\/td><td>Menad\u017ement hrane i pi\u0107a<\/td><td>2<\/td><td colspan=\"3\">2<\/td><td colspan=\"2\">6<strong><\/strong><\/td><\/tr><tr><td><strong><\/strong><strong>&nbsp;<\/strong><\/td><td>I<\/td><td>Sistemi rezervacije u hotelima<\/td><td>2<\/td><td colspan=\"3\">2<\/td><td colspan=\"2\">5<strong><\/strong><\/td><\/tr><tr><td><strong><\/strong><strong>&nbsp;<\/strong><\/td><td>I<\/td><td>Transport u turizmu<\/td><td>2<\/td><td colspan=\"3\">2<\/td><td colspan=\"2\">5<strong><\/strong><\/td><\/tr><tr><td><strong><\/strong><strong>&nbsp;<\/strong><\/td><td>I<\/td><td>Sistemi rezervacije u turisti\u010dkim agencijama<\/td><td>2<\/td><td colspan=\"3\">2<\/td><td colspan=\"2\">5<strong><\/strong><\/td><\/tr><tr><td colspan=\"2\"><strong>&nbsp;<\/strong><\/td><td><strong>UKUPNO<\/strong><\/td><td>&nbsp;<\/td><td colspan=\"3\">&nbsp;<\/td><td colspan=\"2\"><strong>30<\/strong><\/td><\/tr><tr><td colspan=\"9\"><strong>&nbsp;<\/strong><\/td><\/tr><tr><td colspan=\"3\"><strong>SEMESTAR IV<\/strong><\/td><td colspan=\"6\"><strong>\u010cAS-NEDELJA<\/strong><\/td><\/tr><tr><td><strong>Br.<\/strong><\/td><td><strong>O\/I<\/strong><\/td><td><strong>Predmeti<\/strong><\/td><td><strong>P<\/strong><\/td><td colspan=\"3\"><strong>V<\/strong><\/td><td colspan=\"2\"><strong>ECTS<\/strong><\/td><\/tr><tr><td><strong><\/strong><strong>&nbsp;<\/strong><\/td><td>O<\/td><td>Planiranje i razvoj turizma<\/td><td>2<\/td><td colspan=\"3\">2<\/td><td colspan=\"2\">7<strong><\/strong><\/td><\/tr><tr><td><strong><\/strong><strong>&nbsp;<\/strong><\/td><td>O<\/td><td>Turisti\u010dka geografija<\/td><td>2<\/td><td colspan=\"3\">2<\/td><td colspan=\"2\">6<strong><\/strong><\/td><\/tr><tr><td><strong><\/strong><strong>&nbsp;<\/strong><\/td><td>O<\/td><td>Kulturna ba\u0161tina u turizmu<\/td><td>2<\/td><td colspan=\"3\">2<\/td><td colspan=\"2\">6<strong><\/strong><\/td><\/tr><tr><td><strong><\/strong><strong>&nbsp;<\/strong><\/td><td>O<\/td><td>Ekologija<\/td><td>2<\/td><td colspan=\"3\">2<\/td><td colspan=\"2\">6<strong><\/strong><\/td><\/tr><tr><td><strong><\/strong><strong>&nbsp;<\/strong><\/td><td>I<\/td><td>Preduzetni\u0161tvo<\/td><td>2<\/td><td colspan=\"3\">2<\/td><td colspan=\"2\">5<strong><\/strong><\/td><\/tr><tr><td><strong><\/strong><strong>&nbsp;<\/strong><\/td><td>I<\/td><td>Usluga za klijente u hotelima i turisti\u010dkim agencijama<\/td><td>2<\/td><td colspan=\"3\">2<\/td><td colspan=\"2\">5<strong><\/strong><\/td><\/tr><tr><td><strong><\/strong><strong>&nbsp;<\/strong><\/td><td>I<\/td><td>Upravljanje otpadom u turizmu<\/td><td>2<\/td><td colspan=\"3\">2<\/td><td colspan=\"2\">5<strong><\/strong><\/td><\/tr><tr><td colspan=\"2\">&nbsp;<\/td><td><strong>UKUPNO<\/strong><\/td><td><strong>&nbsp;<\/strong><\/td><td colspan=\"3\"><strong>&nbsp;<\/strong><\/td><td colspan=\"2\"><strong>30<\/strong><\/td><\/tr><tr><td colspan=\"2\">&nbsp;<\/td><td><strong>&nbsp;<\/strong><\/td><td><strong>&nbsp;<\/strong><\/td><td colspan=\"3\"><strong>&nbsp;<\/strong><\/td><td colspan=\"2\"><strong>&nbsp;<\/strong><\/td><\/tr><tr><td colspan=\"9\"><strong>&nbsp;<\/strong><\/td><\/tr><tr><td colspan=\"9\"><strong>III GODINA<\/strong><\/td><\/tr><tr><td colspan=\"3\"><strong>SEMESTAR V<\/strong><\/td><td colspan=\"6\"><strong>\u010cAS-NEDELJA<\/strong><\/td><\/tr><tr><td><strong>Br.<\/strong><\/td><td><strong>O\/I<\/strong><\/td><td><strong>Predmeti<\/strong><\/td><td colspan=\"2\"><strong>P<\/strong><\/td><td colspan=\"3\"><strong>V<\/strong><\/td><td><strong>ECTS<\/strong><\/td><\/tr><tr><td><strong><\/strong><strong>&nbsp;<\/strong><\/td><td>O<strong><\/strong><\/td><td>Prakti\u010dna nastava i razvoj karijere<\/td><td colspan=\"2\"><strong>&nbsp;<\/strong><\/td><td colspan=\"3\">2<strong><\/strong><\/td><td>7<strong><\/strong><\/td><\/tr><tr><td><strong><\/strong><strong>&nbsp;<\/strong><\/td><td>O<strong><\/strong><\/td><td>Pravo u turizmu i ugostiteljstvu<\/td><td colspan=\"2\">2<strong><\/strong><\/td><td colspan=\"3\">2<strong><\/strong><\/td><td>6<strong><\/strong><\/td><\/tr><tr><td><strong><\/strong><strong>&nbsp;<\/strong><\/td><td>O<strong><\/strong><\/td><td>Menad\u017ement i organizacija doga\u0111aja<\/td><td colspan=\"2\">2<strong><\/strong><\/td><td colspan=\"3\">2<strong><\/strong><\/td><td>6<strong><\/strong><\/td><\/tr><tr><td><strong><\/strong><strong>&nbsp;<\/strong><\/td><td>O<strong><\/strong><\/td><td>Turisti\u010dka industrija<\/td><td colspan=\"2\">2<strong><\/strong><\/td><td colspan=\"3\">2<strong><\/strong><\/td><td>6<strong><\/strong><\/td><\/tr><tr><td><strong><\/strong><strong>&nbsp;<\/strong><\/td><td>I<strong><\/strong><\/td><td>Odr\u017eivi turizam<\/td><td colspan=\"2\">2<strong><\/strong><\/td><td colspan=\"3\">2<strong><\/strong><\/td><td>5<strong><\/strong><\/td><\/tr><tr><td><strong><\/strong><strong>&nbsp;<\/strong><\/td><td>I<strong><\/strong><\/td><td>Istra\u017eivanje turisti\u010dkog tr\u017ei\u0161ta<\/td><td colspan=\"2\">2<strong><\/strong><\/td><td colspan=\"3\">2<strong><\/strong><\/td><td>5<strong><\/strong><\/td><\/tr><tr><td><strong><\/strong><strong>&nbsp;<\/strong><\/td><td>I<strong><\/strong><\/td><td>Savremeni trendovi u turizmu i ugostiteljstvu<\/td><td colspan=\"2\">2<strong><\/strong><\/td><td colspan=\"3\">2<strong><\/strong><\/td><td>5<strong><\/strong><\/td><\/tr><tr><td colspan=\"2\">&nbsp;<\/td><td><strong>UKUPNO<\/strong><\/td><td colspan=\"2\"><strong>&nbsp;<\/strong><\/td><td colspan=\"3\"><strong>&nbsp;<\/strong><\/td><td><strong>30<\/strong><\/td><\/tr><tr><td colspan=\"9\">&nbsp;<\/td><\/tr><tr><td colspan=\"3\"><strong>SEMESTAR VI<\/strong><\/td><td colspan=\"6\"><strong>\u010cAS-NEDELJA<\/strong><\/td><\/tr><tr><td><strong>Br.<\/strong><\/td><td><strong>O\/I<\/strong><\/td><td><strong>Predmeti<\/strong><\/td><td colspan=\"2\"><strong>P<\/strong><\/td><td colspan=\"3\"><strong>V<\/strong><\/td><td><strong>ECTS<\/strong><\/td><\/tr><tr><td><strong><\/strong><strong>&nbsp;<\/strong><\/td><td>O<strong><\/strong><\/td><td>Upravljanje kvalitetom<\/td><td colspan=\"2\">2<strong><\/strong><\/td><td colspan=\"3\">2<strong><\/strong><\/td><td>7<strong><\/strong><\/td><\/tr><tr><td><strong><\/strong><strong>&nbsp;<\/strong><\/td><td>O<strong><\/strong><\/td><td>Turisti\u010dki proizvod<\/td><td colspan=\"2\">2<strong><\/strong><\/td><td colspan=\"3\">2<strong><\/strong><\/td><td>6<strong><\/strong><\/td><\/tr><tr><td><strong><\/strong><strong>&nbsp;<\/strong><\/td><td>O<strong><\/strong><\/td><td>Diplomski rad<\/td><td colspan=\"2\">2<strong><\/strong><\/td><td colspan=\"3\">2<strong><\/strong><\/td><td>6<strong><\/strong><\/td><\/tr><tr><td><strong><\/strong><strong>&nbsp;<\/strong><\/td><td>O<strong><\/strong><\/td><td>Menad\u017ement turisti\u010dkih destinacija<\/td><td colspan=\"2\">2<strong><\/strong><\/td><td colspan=\"3\">2<strong><\/strong><\/td><td>6<strong><\/strong><\/td><\/tr><tr><td><strong><\/strong><strong>&nbsp;<\/strong><\/td><td>I<strong><\/strong><\/td><td>Turisti\u010dke agencije<\/td><td colspan=\"2\">2<strong><\/strong><\/td><td colspan=\"3\">2<strong><\/strong><\/td><td>5<strong><\/strong><\/td><\/tr><tr><td><strong><\/strong><strong>&nbsp;<\/strong><\/td><td>I<strong><\/strong><\/td><td>Me\u0111unarodni turizam<\/td><td colspan=\"2\">2<strong><\/strong><\/td><td colspan=\"3\">2<strong><\/strong><\/td><td>5<strong><\/strong><\/td><\/tr><tr><td><strong><\/strong><strong>&nbsp;<\/strong><\/td><td>I<strong><\/strong><\/td><td>Upravljanje i za\u0161tita prirode (Prirodni pejza\u017ei)<\/td><td colspan=\"2\">2<strong><\/strong><\/td><td colspan=\"3\">2<strong><\/strong><\/td><td>5<strong><\/strong><\/td><\/tr><tr><td colspan=\"2\"><strong>&nbsp;<\/strong><\/td><td><strong>UKUPNO<\/strong><\/td><td colspan=\"2\">&nbsp;<\/td><td colspan=\"3\">&nbsp;<\/td><td><strong>30<\/strong><\/td><\/tr><tr><td colspan=\"9\">&nbsp; <strong>UKUPNO ZA SVE III GODINE \u2013 180 ECTS KREDITA<\/strong><\/td><\/tr><tr><td><\/td><td><\/td><td><\/td><td><\/td><td><\/td><td><\/td><td><\/td><td><\/td><td><\/td><\/tr><\/tbody><\/table><\/figure>\n","protected":false},"excerpt":{"rendered":"<p>Pregled programa: Menad\u017ement u turizmu i ugostiteljstvu na bosanskom jeziku\u2013 BSc. I GODINA SEMESTAR I&hellip;<\/p>\n","protected":false},"author":1,"featured_media":0,"parent":0,"menu_order":0,"comment_status":"closed","ping_status":"closed","template":"","meta":{"footnotes":""},"class_list":["post-49375","page","type-page","status-publish","hentry"],"yoast_head":"<!-- This site is optimized with the Yoast SEO Premium plugin v27.2 (Yoast SEO v27.2) - https:\/\/yoast.com\/product\/yoast-seo-premium-wordpress\/ -->\n<title>Programet MTHB - Fakulteti i Menaxhimit n\u00eb Turiz\u00ebm, Hotelieri dhe Mjedis<\/title>\n<meta name=\"robots\" content=\"index, follow, max-snippet:-1, max-image-preview:large, max-video-preview:-1\" \/>\n<link rel=\"canonical\" href=\"https:\/\/unhz.eu\/fmthm\/programet-mthb\/\" \/>\n<meta property=\"og:locale\" content=\"sq_AL\" \/>\n<meta property=\"og:type\" content=\"article\" \/>\n<meta property=\"og:title\" content=\"Programet MTHB\" \/>\n<meta property=\"og:description\" content=\"Pregled programa: Menad\u017ement u turizmu i ugostiteljstvu na bosanskom jeziku\u2013 BSc. I GODINA SEMESTAR I&hellip;\" \/>\n<meta property=\"og:url\" content=\"https:\/\/unhz.eu\/fmthm\/programet-mthb\/\" \/>\n<meta property=\"og:site_name\" content=\"Fakulteti i Menaxhimit n\u00eb Turiz\u00ebm, Hotelieri dhe Mjedis\" \/>\n<meta property=\"article:modified_time\" content=\"2025-11-03T09:33:12+00:00\" \/>\n<meta name=\"twitter:card\" content=\"summary_large_image\" \/>\n<meta name=\"twitter:label1\" content=\"Est. reading time\" \/>\n\t<meta name=\"twitter:data1\" content=\"2 minuta\" \/>\n<script type=\"application\/ld+json\" class=\"yoast-schema-graph\">{\"@context\":\"https:\/\/schema.org\",\"@graph\":[{\"@type\":\"WebPage\",\"@id\":\"https:\/\/unhz.eu\/fmthm\/programet-mthb\/\",\"url\":\"https:\/\/unhz.eu\/fmthm\/programet-mthb\/\",\"name\":\"Programet MTHB - Fakulteti i Menaxhimit n\u00eb Turiz\u00ebm, Hotelieri dhe Mjedis\",\"isPartOf\":{\"@id\":\"https:\/\/unhz.eu\/fmthm\/#website\"},\"datePublished\":\"2025-10-27T08:14:24+00:00\",\"dateModified\":\"2025-11-03T09:33:12+00:00\",\"breadcrumb\":{\"@id\":\"https:\/\/unhz.eu\/fmthm\/programet-mthb\/#breadcrumb\"},\"inLanguage\":\"sq\",\"potentialAction\":[{\"@type\":\"ReadAction\",\"target\":[\"https:\/\/unhz.eu\/fmthm\/programet-mthb\/\"]}]},{\"@type\":\"BreadcrumbList\",\"@id\":\"https:\/\/unhz.eu\/fmthm\/programet-mthb\/#breadcrumb\",\"itemListElement\":[{\"@type\":\"ListItem\",\"position\":1,\"name\":\"Home\",\"item\":\"https:\/\/unhz.eu\/fmthm\/\"},{\"@type\":\"ListItem\",\"position\":2,\"name\":\"Programet MTHB\"}]},{\"@type\":\"WebSite\",\"@id\":\"https:\/\/unhz.eu\/fmthm\/#website\",\"url\":\"https:\/\/unhz.eu\/fmthm\/\",\"name\":\"Fakulteti i Menaxhimit n\u00eb Turiz\u00ebm, Hotelieri dhe Mjedis\",\"description\":\"I dedikuar p\u00ebr cil\u00ebsi standarde dhe suksese\",\"publisher\":{\"@id\":\"https:\/\/unhz.eu\/fmthm\/#organization\"},\"potentialAction\":[{\"@type\":\"SearchAction\",\"target\":{\"@type\":\"EntryPoint\",\"urlTemplate\":\"https:\/\/unhz.eu\/fmthm\/?s={search_term_string}\"},\"query-input\":{\"@type\":\"PropertyValueSpecification\",\"valueRequired\":true,\"valueName\":\"search_term_string\"}}],\"inLanguage\":\"sq\"},{\"@type\":\"Organization\",\"@id\":\"https:\/\/unhz.eu\/fmthm\/#organization\",\"name\":\"Fakulteti i Menaxhimit n\u00eb Turiz\u00ebm, Hotelieri dhe Mjedis\",\"url\":\"https:\/\/unhz.eu\/fmthm\/\",\"logo\":{\"@type\":\"ImageObject\",\"inLanguage\":\"sq\",\"@id\":\"https:\/\/unhz.eu\/fmthm\/#\/schema\/logo\/image\/\",\"url\":\"https:\/\/unhz.eu\/fmthm\/wp-content\/uploads\/sites\/10\/2024\/02\/cropped-logo-1-1-e1713527702695.png\",\"contentUrl\":\"https:\/\/unhz.eu\/fmthm\/wp-content\/uploads\/sites\/10\/2024\/02\/cropped-logo-1-1-e1713527702695.png\",\"width\":100,\"height\":100,\"caption\":\"Fakulteti i Menaxhimit n\u00eb Turiz\u00ebm, Hotelieri dhe Mjedis\"},\"image\":{\"@id\":\"https:\/\/unhz.eu\/fmthm\/#\/schema\/logo\/image\/\"}}]}<\/script>\n<!-- \/ Yoast SEO Premium plugin. -->","yoast_head_json":{"title":"Programet MTHB - Fakulteti i Menaxhimit n\u00eb Turiz\u00ebm, Hotelieri dhe Mjedis","robots":{"index":"index","follow":"follow","max-snippet":"max-snippet:-1","max-image-preview":"max-image-preview:large","max-video-preview":"max-video-preview:-1"},"canonical":"https:\/\/unhz.eu\/fmthm\/programet-mthb\/","og_locale":"sq_AL","og_type":"article","og_title":"Programet MTHB","og_description":"Pregled programa: Menad\u017ement u turizmu i ugostiteljstvu na bosanskom jeziku\u2013 BSc. I GODINA SEMESTAR I&hellip;","og_url":"https:\/\/unhz.eu\/fmthm\/programet-mthb\/","og_site_name":"Fakulteti i Menaxhimit n\u00eb Turiz\u00ebm, Hotelieri dhe Mjedis","article_modified_time":"2025-11-03T09:33:12+00:00","twitter_card":"summary_large_image","twitter_misc":{"Est. reading time":"2 minuta"},"schema":{"@context":"https:\/\/schema.org","@graph":[{"@type":"WebPage","@id":"https:\/\/unhz.eu\/fmthm\/programet-mthb\/","url":"https:\/\/unhz.eu\/fmthm\/programet-mthb\/","name":"Programet MTHB - Fakulteti i Menaxhimit n\u00eb Turiz\u00ebm, Hotelieri dhe Mjedis","isPartOf":{"@id":"https:\/\/unhz.eu\/fmthm\/#website"},"datePublished":"2025-10-27T08:14:24+00:00","dateModified":"2025-11-03T09:33:12+00:00","breadcrumb":{"@id":"https:\/\/unhz.eu\/fmthm\/programet-mthb\/#breadcrumb"},"inLanguage":"sq","potentialAction":[{"@type":"ReadAction","target":["https:\/\/unhz.eu\/fmthm\/programet-mthb\/"]}]},{"@type":"BreadcrumbList","@id":"https:\/\/unhz.eu\/fmthm\/programet-mthb\/#breadcrumb","itemListElement":[{"@type":"ListItem","position":1,"name":"Home","item":"https:\/\/unhz.eu\/fmthm\/"},{"@type":"ListItem","position":2,"name":"Programet MTHB"}]},{"@type":"WebSite","@id":"https:\/\/unhz.eu\/fmthm\/#website","url":"https:\/\/unhz.eu\/fmthm\/","name":"Fakulteti i Menaxhimit n\u00eb Turiz\u00ebm, Hotelieri dhe Mjedis","description":"I dedikuar p\u00ebr cil\u00ebsi standarde dhe suksese","publisher":{"@id":"https:\/\/unhz.eu\/fmthm\/#organization"},"potentialAction":[{"@type":"SearchAction","target":{"@type":"EntryPoint","urlTemplate":"https:\/\/unhz.eu\/fmthm\/?s={search_term_string}"},"query-input":{"@type":"PropertyValueSpecification","valueRequired":true,"valueName":"search_term_string"}}],"inLanguage":"sq"},{"@type":"Organization","@id":"https:\/\/unhz.eu\/fmthm\/#organization","name":"Fakulteti i Menaxhimit n\u00eb Turiz\u00ebm, Hotelieri dhe Mjedis","url":"https:\/\/unhz.eu\/fmthm\/","logo":{"@type":"ImageObject","inLanguage":"sq","@id":"https:\/\/unhz.eu\/fmthm\/#\/schema\/logo\/image\/","url":"https:\/\/unhz.eu\/fmthm\/wp-content\/uploads\/sites\/10\/2024\/02\/cropped-logo-1-1-e1713527702695.png","contentUrl":"https:\/\/unhz.eu\/fmthm\/wp-content\/uploads\/sites\/10\/2024\/02\/cropped-logo-1-1-e1713527702695.png","width":100,"height":100,"caption":"Fakulteti i Menaxhimit n\u00eb Turiz\u00ebm, Hotelieri dhe Mjedis"},"image":{"@id":"https:\/\/unhz.eu\/fmthm\/#\/schema\/logo\/image\/"}}]}},"_links":{"self":[{"href":"https:\/\/unhz.eu\/fmthm\/wp-json\/wp\/v2\/pages\/49375","targetHints":{"allow":["GET"]}}],"collection":[{"href":"https:\/\/unhz.eu\/fmthm\/wp-json\/wp\/v2\/pages"}],"about":[{"href":"https:\/\/unhz.eu\/fmthm\/wp-json\/wp\/v2\/types\/page"}],"author":[{"embeddable":true,"href":"https:\/\/unhz.eu\/fmthm\/wp-json\/wp\/v2\/users\/1"}],"replies":[{"embeddable":true,"href":"https:\/\/unhz.eu\/fmthm\/wp-json\/wp\/v2\/comments?post=49375"}],"version-history":[{"count":4,"href":"https:\/\/unhz.eu\/fmthm\/wp-json\/wp\/v2\/pages\/49375\/revisions"}],"predecessor-version":[{"id":49426,"href":"https:\/\/unhz.eu\/fmthm\/wp-json\/wp\/v2\/pages\/49375\/revisions\/49426"}],"wp:attachment":[{"href":"https:\/\/unhz.eu\/fmthm\/wp-json\/wp\/v2\/media?parent=49375"}],"curies":[{"name":"wp","href":"https:\/\/api.w.org\/{rel}","templated":true}]}}