{"id":49220,"date":"2025-10-03T13:44:39","date_gmt":"2025-10-03T13:44:39","guid":{"rendered":"https:\/\/unhz.eu\/fmthm\/?page_id=49220"},"modified":"2025-10-23T07:34:06","modified_gmt":"2025-10-23T07:34:06","slug":"programi-mmt","status":"publish","type":"page","link":"https:\/\/unhz.eu\/fmthm\/programi-mmt\/","title":{"rendered":"Programi MMT"},"content":{"rendered":"\n<p>Menaxhimi i Marketingut Turistik<\/p>\n\n\n\n<figure class=\"wp-block-table\"><table><tbody><tr><td colspan=\"6\"><strong>Viti I<\/strong><\/td><\/tr><tr><td colspan=\"3\"><strong>Semestri I<\/strong><\/td><td colspan=\"3\"><strong>Or\u00eb\/jav\u00eb<\/strong><\/td><\/tr><tr><td><strong>Nr.<\/strong><\/td><td><strong>O\/Z<\/strong><\/td><td><strong>L\u00ebnd\u00ebt<\/strong><\/td><td><strong>L<\/strong><\/td><td><strong>U<\/strong><\/td><td><strong>ECTS<\/strong><\/td><\/tr><tr><td>\u00a01<\/td><td>O<\/td><td>Metodologjia e Hulumtimit Shkencor&nbsp;<\/td><td>2<\/td><td>2<\/td><td>7<\/td><\/tr><tr><td>\u00a02<\/td><td>O<\/td><td>Menaxhimi Strategjik i Marketingut Turistik<\/td><td>2<\/td><td>2<\/td><td>6<\/td><\/tr><tr><td>\u00a03<\/td><td>O<\/td><td>Menaxhimi i Burimeve Njer\u00ebzore<\/td><td>2<\/td><td>2<\/td><td>6<\/td><\/tr><tr><td>\u00a04<\/td><td>O<\/td><td><a href=\"https:\/\/www.uef.fi\/en\/degree-programme\/masters-degree-programme-in-tourism-marketing-and-management\"><\/a><a href=\"https:\/\/www.uef.fi\/en\/degree-programme\/masters-degree-programme-in-tourism-marketing-and-management\"><\/a>Menaxhimi i destinacioneve turstike<\/td><td>2<\/td><td>2<\/td><td>6<\/td><\/tr><tr><td>\u00a05<\/td><td>Z<\/td><td>E drejta e konsumatorit<\/td><td>2<\/td><td>2<\/td><td>5<\/td><\/tr><tr><td>\u00a06<\/td><td>Z<\/td><td>Turizmi, kultura dhe shoq\u00ebria<\/td><td>2<\/td><td>2<\/td><td>5<\/td><\/tr><tr><td>\u00a07<\/td><td>Z<\/td><td>Perspektiva globale e turizmit<\/td><td>2<\/td><td>2<\/td><td>5<\/td><\/tr><tr><td>\u00a0<\/td><td>&nbsp;<\/td><td>Totali<\/td><td>&nbsp;<\/td><td>&nbsp;<\/td><td>30<\/td><\/tr><tr><td colspan=\"6\"><strong>Semestri II<\/strong><\/td><\/tr><tr><td><strong>Nr.<\/strong><\/td><td><strong>O\/Z<\/strong><\/td><td><strong>L\u00ebnd\u00ebt<\/strong><\/td><td><strong>L<\/strong><\/td><td><strong>U<\/strong><\/td><td><strong>ECTS<\/strong><\/td><\/tr><tr><td>1.<\/td><td>O<\/td><td>K\u00ebrkimet e tregut<\/td><td>2<\/td><td>2<\/td><td>7<\/td><\/tr><tr><td>2.<\/td><td>O<\/td><td>Sjellja e konsumatorit<\/td><td>2<\/td><td>2<\/td><td>6<\/td><\/tr><tr><td>3.<\/td><td>O<\/td><td>Komunikimi i integruar i marketingut<\/td><td>2<\/td><td>2<\/td><td>6<\/td><\/tr><tr><td>4.<\/td><td>O<\/td><td>Industria e turizmit dhe e hoteleris\u00eb<\/td><td>2<\/td><td>2<\/td><td>6<\/td><\/tr><tr><td>5.<\/td><td>Z<\/td><td>Nd\u00ebrmarresia e gjelb\u00ebrt<\/td><td>2<\/td><td>2<\/td><td>5<\/td><\/tr><tr><td>6.<\/td><td>Z<\/td><td>Inovacioni dhe menaxhimi i projekteve<\/td><td>2<\/td><td>2<\/td><td>5<\/td><\/tr><tr><td>7.<\/td><td>Z<\/td><td>&nbsp;Marketingu i gjelb\u00ebr<\/td><td>2<\/td><td>2<\/td><td>5<\/td><\/tr><tr><td>&nbsp;<\/td><td>&nbsp;<\/td><td>Totali<\/td><td>&nbsp;<\/td><td>&nbsp;<\/td><td>30<\/td><\/tr><tr><td colspan=\"6\"><strong>Semestri III<\/strong><\/td><\/tr><tr><td><strong>Nr.<\/strong><\/td><td><strong>O\/Z<\/strong><\/td><td><strong>L\u00ebnd\u00ebt<\/strong><\/td><td><strong>L<\/strong><\/td><td><strong>U<\/strong><\/td><td><strong>ECTS<\/strong><\/td><\/tr><tr><td>\u00a01<\/td><td>O<\/td><td>e-Turizmi dhe marketingu digjital<\/td><td>2<\/td><td>2<\/td><td>7<\/td><\/tr><tr><td>\u00a02<\/td><td>O<\/td><td>Marketingu i sh\u00ebrbimeve<\/td><td>2<\/td><td>2<\/td><td>6<\/td><\/tr><tr><td>\u00a03<\/td><td>O<\/td><td>Analiza e t\u00eb dh\u00ebnave dhe Menaxhimi i marr\u00ebdh\u00ebnieve me klient\u00ebt<\/td><td>2<\/td><td>2<\/td><td>6<\/td><\/tr><tr><td>\u00a04<\/td><td>O<\/td><td>Intership<\/td><td>0<\/td><td>4<\/td><td>6<\/td><\/tr><tr><td>\u00a05<\/td><td>Z<\/td><td>Buxhetimi dhe menaxhimi i performanc\u00ebs s\u00eb tregut<\/td><td>2<\/td><td>2<\/td><td>5<\/td><\/tr><tr><td>\u00a06<\/td><td>Z<\/td><td>Aft\u00ebsit\u00eb komunikuese t\u00eb lidershipit<\/td><td>2<\/td><td>2<\/td><td>5<\/td><\/tr><tr><td>\u00a07<\/td><td>Z<\/td><td>Ligji mbi internetin dhe privat\u00ebsia e t\u00eb dh\u00ebnave<\/td><td>2<\/td><td>2<\/td><td>5<\/td><\/tr><tr><td>&nbsp;<\/td><td>&nbsp;<\/td><td>Totali<\/td><td>&nbsp;<\/td><td>&nbsp;<\/td><td>30<\/td><\/tr><tr><td colspan=\"6\"><strong>Semestri IV<\/strong><\/td><\/tr><tr><td><strong>Nr.<\/strong><\/td><td><strong>O\/Z<\/strong><\/td><td><strong>L\u00ebnd\u00ebt<\/strong><\/td><td><strong>L<\/strong><\/td><td><strong>U<\/strong><\/td><td><strong>ECTS<\/strong><\/td><\/tr><tr><td>1.<\/td><td>O<\/td><td>Punimi i tem\u00ebs master<\/td><td>&nbsp;<\/td><td>&nbsp;<\/td><td>30<\/td><\/tr><\/tbody><\/table><\/figure>\n","protected":false},"excerpt":{"rendered":"<p>Menaxhimi i Marketingut Turistik Viti I Semestri I Or\u00eb\/jav\u00eb Nr. O\/Z L\u00ebnd\u00ebt L U ECTS&hellip;<\/p>\n","protected":false},"author":1,"featured_media":0,"parent":0,"menu_order":0,"comment_status":"closed","ping_status":"closed","template":"","meta":{"footnotes":""},"class_list":["post-49220","page","type-page","status-publish","hentry"],"yoast_head":"<!-- This site is optimized with the Yoast SEO Premium plugin v27.2 (Yoast SEO v27.2) - https:\/\/yoast.com\/product\/yoast-seo-premium-wordpress\/ -->\n<title>Programi MMT - Fakulteti i Menaxhimit n\u00eb Turiz\u00ebm, Hotelieri dhe Mjedis<\/title>\n<meta name=\"robots\" content=\"index, follow, max-snippet:-1, max-image-preview:large, max-video-preview:-1\" \/>\n<link rel=\"canonical\" href=\"https:\/\/unhz.eu\/fmthm\/programi-mmt\/\" \/>\n<meta property=\"og:locale\" content=\"sq_AL\" \/>\n<meta property=\"og:type\" content=\"article\" \/>\n<meta property=\"og:title\" content=\"Programi MMT\" \/>\n<meta property=\"og:description\" content=\"Menaxhimi i Marketingut Turistik Viti I Semestri I Or\u00eb\/jav\u00eb Nr. O\/Z L\u00ebnd\u00ebt L U ECTS&hellip;\" \/>\n<meta property=\"og:url\" content=\"https:\/\/unhz.eu\/fmthm\/programi-mmt\/\" \/>\n<meta property=\"og:site_name\" content=\"Fakulteti i Menaxhimit n\u00eb Turiz\u00ebm, Hotelieri dhe Mjedis\" \/>\n<meta property=\"article:modified_time\" content=\"2025-10-23T07:34:06+00:00\" \/>\n<meta name=\"twitter:card\" content=\"summary_large_image\" \/>\n<meta name=\"twitter:label1\" content=\"Est. reading time\" \/>\n\t<meta name=\"twitter:data1\" content=\"2 minuta\" \/>\n<script type=\"application\/ld+json\" class=\"yoast-schema-graph\">{\"@context\":\"https:\/\/schema.org\",\"@graph\":[{\"@type\":\"WebPage\",\"@id\":\"https:\/\/unhz.eu\/fmthm\/programi-mmt\/\",\"url\":\"https:\/\/unhz.eu\/fmthm\/programi-mmt\/\",\"name\":\"Programi MMT - Fakulteti i Menaxhimit n\u00eb Turiz\u00ebm, Hotelieri dhe Mjedis\",\"isPartOf\":{\"@id\":\"https:\/\/unhz.eu\/fmthm\/#website\"},\"datePublished\":\"2025-10-03T13:44:39+00:00\",\"dateModified\":\"2025-10-23T07:34:06+00:00\",\"breadcrumb\":{\"@id\":\"https:\/\/unhz.eu\/fmthm\/programi-mmt\/#breadcrumb\"},\"inLanguage\":\"sq\",\"potentialAction\":[{\"@type\":\"ReadAction\",\"target\":[\"https:\/\/unhz.eu\/fmthm\/programi-mmt\/\"]}]},{\"@type\":\"BreadcrumbList\",\"@id\":\"https:\/\/unhz.eu\/fmthm\/programi-mmt\/#breadcrumb\",\"itemListElement\":[{\"@type\":\"ListItem\",\"position\":1,\"name\":\"Home\",\"item\":\"https:\/\/unhz.eu\/fmthm\/\"},{\"@type\":\"ListItem\",\"position\":2,\"name\":\"Programi MMT\"}]},{\"@type\":\"WebSite\",\"@id\":\"https:\/\/unhz.eu\/fmthm\/#website\",\"url\":\"https:\/\/unhz.eu\/fmthm\/\",\"name\":\"Fakulteti i Menaxhimit n\u00eb Turiz\u00ebm, Hotelieri dhe Mjedis\",\"description\":\"I dedikuar p\u00ebr cil\u00ebsi standarde dhe suksese\",\"publisher\":{\"@id\":\"https:\/\/unhz.eu\/fmthm\/#organization\"},\"potentialAction\":[{\"@type\":\"SearchAction\",\"target\":{\"@type\":\"EntryPoint\",\"urlTemplate\":\"https:\/\/unhz.eu\/fmthm\/?s={search_term_string}\"},\"query-input\":{\"@type\":\"PropertyValueSpecification\",\"valueRequired\":true,\"valueName\":\"search_term_string\"}}],\"inLanguage\":\"sq\"},{\"@type\":\"Organization\",\"@id\":\"https:\/\/unhz.eu\/fmthm\/#organization\",\"name\":\"Fakulteti i Menaxhimit n\u00eb Turiz\u00ebm, Hotelieri dhe Mjedis\",\"url\":\"https:\/\/unhz.eu\/fmthm\/\",\"logo\":{\"@type\":\"ImageObject\",\"inLanguage\":\"sq\",\"@id\":\"https:\/\/unhz.eu\/fmthm\/#\/schema\/logo\/image\/\",\"url\":\"https:\/\/unhz.eu\/fmthm\/wp-content\/uploads\/sites\/10\/2024\/02\/cropped-logo-1-1-e1713527702695.png\",\"contentUrl\":\"https:\/\/unhz.eu\/fmthm\/wp-content\/uploads\/sites\/10\/2024\/02\/cropped-logo-1-1-e1713527702695.png\",\"width\":100,\"height\":100,\"caption\":\"Fakulteti i Menaxhimit n\u00eb Turiz\u00ebm, Hotelieri dhe Mjedis\"},\"image\":{\"@id\":\"https:\/\/unhz.eu\/fmthm\/#\/schema\/logo\/image\/\"}}]}<\/script>\n<!-- \/ Yoast SEO Premium plugin. -->","yoast_head_json":{"title":"Programi MMT - Fakulteti i Menaxhimit n\u00eb Turiz\u00ebm, Hotelieri dhe Mjedis","robots":{"index":"index","follow":"follow","max-snippet":"max-snippet:-1","max-image-preview":"max-image-preview:large","max-video-preview":"max-video-preview:-1"},"canonical":"https:\/\/unhz.eu\/fmthm\/programi-mmt\/","og_locale":"sq_AL","og_type":"article","og_title":"Programi MMT","og_description":"Menaxhimi i Marketingut Turistik Viti I Semestri I Or\u00eb\/jav\u00eb Nr. O\/Z L\u00ebnd\u00ebt L U ECTS&hellip;","og_url":"https:\/\/unhz.eu\/fmthm\/programi-mmt\/","og_site_name":"Fakulteti i Menaxhimit n\u00eb Turiz\u00ebm, Hotelieri dhe Mjedis","article_modified_time":"2025-10-23T07:34:06+00:00","twitter_card":"summary_large_image","twitter_misc":{"Est. reading time":"2 minuta"},"schema":{"@context":"https:\/\/schema.org","@graph":[{"@type":"WebPage","@id":"https:\/\/unhz.eu\/fmthm\/programi-mmt\/","url":"https:\/\/unhz.eu\/fmthm\/programi-mmt\/","name":"Programi MMT - Fakulteti i Menaxhimit n\u00eb Turiz\u00ebm, Hotelieri dhe Mjedis","isPartOf":{"@id":"https:\/\/unhz.eu\/fmthm\/#website"},"datePublished":"2025-10-03T13:44:39+00:00","dateModified":"2025-10-23T07:34:06+00:00","breadcrumb":{"@id":"https:\/\/unhz.eu\/fmthm\/programi-mmt\/#breadcrumb"},"inLanguage":"sq","potentialAction":[{"@type":"ReadAction","target":["https:\/\/unhz.eu\/fmthm\/programi-mmt\/"]}]},{"@type":"BreadcrumbList","@id":"https:\/\/unhz.eu\/fmthm\/programi-mmt\/#breadcrumb","itemListElement":[{"@type":"ListItem","position":1,"name":"Home","item":"https:\/\/unhz.eu\/fmthm\/"},{"@type":"ListItem","position":2,"name":"Programi MMT"}]},{"@type":"WebSite","@id":"https:\/\/unhz.eu\/fmthm\/#website","url":"https:\/\/unhz.eu\/fmthm\/","name":"Fakulteti i Menaxhimit n\u00eb Turiz\u00ebm, Hotelieri dhe Mjedis","description":"I dedikuar p\u00ebr cil\u00ebsi standarde dhe suksese","publisher":{"@id":"https:\/\/unhz.eu\/fmthm\/#organization"},"potentialAction":[{"@type":"SearchAction","target":{"@type":"EntryPoint","urlTemplate":"https:\/\/unhz.eu\/fmthm\/?s={search_term_string}"},"query-input":{"@type":"PropertyValueSpecification","valueRequired":true,"valueName":"search_term_string"}}],"inLanguage":"sq"},{"@type":"Organization","@id":"https:\/\/unhz.eu\/fmthm\/#organization","name":"Fakulteti i Menaxhimit n\u00eb Turiz\u00ebm, Hotelieri dhe Mjedis","url":"https:\/\/unhz.eu\/fmthm\/","logo":{"@type":"ImageObject","inLanguage":"sq","@id":"https:\/\/unhz.eu\/fmthm\/#\/schema\/logo\/image\/","url":"https:\/\/unhz.eu\/fmthm\/wp-content\/uploads\/sites\/10\/2024\/02\/cropped-logo-1-1-e1713527702695.png","contentUrl":"https:\/\/unhz.eu\/fmthm\/wp-content\/uploads\/sites\/10\/2024\/02\/cropped-logo-1-1-e1713527702695.png","width":100,"height":100,"caption":"Fakulteti i Menaxhimit n\u00eb Turiz\u00ebm, Hotelieri dhe Mjedis"},"image":{"@id":"https:\/\/unhz.eu\/fmthm\/#\/schema\/logo\/image\/"}}]}},"_links":{"self":[{"href":"https:\/\/unhz.eu\/fmthm\/wp-json\/wp\/v2\/pages\/49220","targetHints":{"allow":["GET"]}}],"collection":[{"href":"https:\/\/unhz.eu\/fmthm\/wp-json\/wp\/v2\/pages"}],"about":[{"href":"https:\/\/unhz.eu\/fmthm\/wp-json\/wp\/v2\/types\/page"}],"author":[{"embeddable":true,"href":"https:\/\/unhz.eu\/fmthm\/wp-json\/wp\/v2\/users\/1"}],"replies":[{"embeddable":true,"href":"https:\/\/unhz.eu\/fmthm\/wp-json\/wp\/v2\/comments?post=49220"}],"version-history":[{"count":5,"href":"https:\/\/unhz.eu\/fmthm\/wp-json\/wp\/v2\/pages\/49220\/revisions"}],"predecessor-version":[{"id":49250,"href":"https:\/\/unhz.eu\/fmthm\/wp-json\/wp\/v2\/pages\/49220\/revisions\/49250"}],"wp:attachment":[{"href":"https:\/\/unhz.eu\/fmthm\/wp-json\/wp\/v2\/media?parent=49220"}],"curies":[{"name":"wp","href":"https:\/\/api.w.org\/{rel}","templated":true}]}}