{"id":48870,"date":"2025-01-17T10:22:55","date_gmt":"2025-01-17T10:22:55","guid":{"rendered":"https:\/\/unhz.eu\/fmthm\/?page_id=48870"},"modified":"2026-01-29T13:30:23","modified_gmt":"2026-01-29T12:30:23","slug":"stafi","status":"publish","type":"page","link":"https:\/\/unhz.eu\/fmthm\/stafi\/","title":{"rendered":"Stafi"},"content":{"rendered":"\n<p>Fakulteti i Menaxhimit t\u00eb Turizmit, Hoteleris\u00eb dhe Mjedisit (FMTHM) n\u00eb Universitetin &#8220;Haxhi Zeka&#8221; mb\u00ebshtetet nga nj\u00eb ekip profesional dhe i p\u00ebrkushtuar, i ndar\u00eb n\u00eb Dekanat, personel akademik dhe staf administrativ, t\u00eb cil\u00ebt punojn\u00eb s\u00eb bashku p\u00ebr t\u00eb ofruar nj\u00eb arsimim cil\u00ebsor dhe nj\u00eb p\u00ebrvoj\u00eb pozitive p\u00ebr student\u00ebt.<\/p>\n\n\n\n<p><strong>Dekanati:<\/strong><br>Dekanati p\u00ebrb\u00ebn struktur\u00ebn udh\u00ebheq\u00ebse t\u00eb fakultetit, t\u00eb p\u00ebrb\u00ebr\u00eb nga Dekani dhe Prodekan\u00ebt, t\u00eb cil\u00ebt udh\u00ebheqin me vizion strategjik dhe p\u00ebrcaktojn\u00eb prioritetet akademike dhe administrative. Dekanati \u00ebsht\u00eb p\u00ebrgjegj\u00ebs p\u00ebr menaxhimin e aktiviteteve t\u00eb fakultetit, p\u00ebrmir\u00ebsimin e programeve m\u00ebsimore dhe bashk\u00ebpunimin me sektorin e turizmit, hoteleris\u00eb dhe mjedisit.<\/p>\n\n\n\n<p><strong>Personeli Akademik:<\/strong><br>Personeli akademik \u00ebsht\u00eb i p\u00ebrb\u00ebr\u00eb nga profesor\u00eb dhe asistent\u00eb t\u00eb kualifikuar n\u00eb fushat e turizmit, hoteleris\u00eb, menaxhimit dhe mbrojtjes s\u00eb mjedisit. Ata p\u00ebrfshihen n\u00eb m\u00ebsimdh\u00ebnie interaktive, hulumtime shkencore dhe projekte praktike q\u00eb i ndihmojn\u00eb student\u00ebt t\u00eb zhvillojn\u00eb aft\u00ebsi praktike dhe njohuri t\u00eb thelluara p\u00ebr sektorin e tyre t\u00eb zgjedhur.<\/p>\n\n\n\n<p><strong>Stafi Administrativ:<\/strong><br>Stafi administrativ \u00ebsht\u00eb nj\u00eb pjes\u00eb thelb\u00ebsore e funksionimit t\u00eb p\u00ebrditsh\u00ebm t\u00eb fakultetit. Ky ekip kujdeset p\u00ebr mb\u00ebshtetjen logjistike dhe administrative, duke leht\u00ebsuar proceset e regjistrimit t\u00eb student\u00ebve, organizimin e aktiviteteve dhe koordinimin mes departamenteve.<\/p>\n\n\n\n<p>Fakulteti i Menaxhimit t\u00eb Turizmit, Hoteleris\u00eb dhe Mjedisit synon t\u00eb p\u00ebrgatis\u00eb profesionist\u00eb t\u00eb aft\u00eb p\u00ebr t\u00eb p\u00ebrmbushur k\u00ebrkesat e tregut modern, duke ofruar nj\u00eb kombinim t\u00eb balancuar midis njohurive teorike dhe praktik\u00ebs s\u00eb specializuar n\u00eb sektorin e turizmit, hoteleris\u00eb dhe mjedisit.<\/p>\n","protected":false},"excerpt":{"rendered":"<p>Fakulteti i Menaxhimit t\u00eb Turizmit, Hoteleris\u00eb dhe Mjedisit (FMTHM) n\u00eb Universitetin &#8220;Haxhi Zeka&#8221; mb\u00ebshtetet nga&hellip;<\/p>\n","protected":false},"author":1,"featured_media":0,"parent":0,"menu_order":0,"comment_status":"closed","ping_status":"closed","template":"","meta":{"footnotes":""},"class_list":["post-48870","page","type-page","status-publish","hentry"],"yoast_head":"<!-- This site is optimized with the Yoast SEO Premium plugin v27.2 (Yoast SEO v27.2) - https:\/\/yoast.com\/product\/yoast-seo-premium-wordpress\/ -->\n<title>Stafi i FMTHM | Fakulteti i Turizmit \u2013 Universiteti \u201cHaxhi Zeka\u201d<\/title>\n<meta name=\"description\" content=\"M\u00ebso rreth stafit t\u00eb Fakultetit t\u00eb Menaxhimit n\u00eb Turiz\u00ebm, Hotelieri dhe Mjedis (FMTHM) n\u00eb Universitetin \u201cHaxhi Zeka\u201d \u2013 p\u00ebrfshir\u00eb dekanatin, personelin akademik dhe administrativ.\" \/>\n<meta name=\"robots\" content=\"index, follow, max-snippet:-1, max-image-preview:large, max-video-preview:-1\" \/>\n<link rel=\"canonical\" href=\"https:\/\/unhz.eu\/fmthm\/stafi\/\" \/>\n<meta property=\"og:locale\" content=\"sq_AL\" \/>\n<meta property=\"og:type\" content=\"article\" \/>\n<meta property=\"og:title\" content=\"Stafi\" \/>\n<meta property=\"og:description\" content=\"M\u00ebso rreth stafit t\u00eb Fakultetit t\u00eb Menaxhimit n\u00eb Turiz\u00ebm, Hotelieri dhe Mjedis (FMTHM) n\u00eb Universitetin \u201cHaxhi Zeka\u201d \u2013 p\u00ebrfshir\u00eb dekanatin, personelin akademik dhe administrativ.\" \/>\n<meta property=\"og:url\" content=\"https:\/\/unhz.eu\/fmthm\/stafi\/\" \/>\n<meta property=\"og:site_name\" content=\"Fakulteti i Menaxhimit n\u00eb Turiz\u00ebm, Hotelieri dhe Mjedis\" \/>\n<meta property=\"article:modified_time\" content=\"2026-01-29T12:30:23+00:00\" \/>\n<meta name=\"twitter:card\" content=\"summary_large_image\" \/>\n<meta name=\"twitter:label1\" content=\"Est. reading time\" \/>\n\t<meta name=\"twitter:data1\" content=\"2 minuta\" \/>\n<script type=\"application\/ld+json\" class=\"yoast-schema-graph\">{\"@context\":\"https:\/\/schema.org\",\"@graph\":[{\"@type\":\"WebPage\",\"@id\":\"https:\/\/unhz.eu\/fmthm\/stafi\/\",\"url\":\"https:\/\/unhz.eu\/fmthm\/stafi\/\",\"name\":\"Stafi i FMTHM | Fakulteti i Turizmit \u2013 Universiteti \u201cHaxhi Zeka\u201d\",\"isPartOf\":{\"@id\":\"https:\/\/unhz.eu\/fmthm\/#website\"},\"datePublished\":\"2025-01-17T10:22:55+00:00\",\"dateModified\":\"2026-01-29T12:30:23+00:00\",\"description\":\"M\u00ebso rreth stafit t\u00eb Fakultetit t\u00eb Menaxhimit n\u00eb Turiz\u00ebm, Hotelieri dhe Mjedis (FMTHM) n\u00eb Universitetin \u201cHaxhi Zeka\u201d \u2013 p\u00ebrfshir\u00eb dekanatin, personelin akademik dhe administrativ.\",\"breadcrumb\":{\"@id\":\"https:\/\/unhz.eu\/fmthm\/stafi\/#breadcrumb\"},\"inLanguage\":\"sq\",\"potentialAction\":[{\"@type\":\"ReadAction\",\"target\":[\"https:\/\/unhz.eu\/fmthm\/stafi\/\"]}]},{\"@type\":\"BreadcrumbList\",\"@id\":\"https:\/\/unhz.eu\/fmthm\/stafi\/#breadcrumb\",\"itemListElement\":[{\"@type\":\"ListItem\",\"position\":1,\"name\":\"Home\",\"item\":\"https:\/\/unhz.eu\/fmthm\/\"},{\"@type\":\"ListItem\",\"position\":2,\"name\":\"Stafi\"}]},{\"@type\":\"WebSite\",\"@id\":\"https:\/\/unhz.eu\/fmthm\/#website\",\"url\":\"https:\/\/unhz.eu\/fmthm\/\",\"name\":\"Fakulteti i Menaxhimit n\u00eb Turiz\u00ebm, Hotelieri dhe Mjedis\",\"description\":\"I dedikuar p\u00ebr cil\u00ebsi standarde dhe suksese\",\"publisher\":{\"@id\":\"https:\/\/unhz.eu\/fmthm\/#organization\"},\"potentialAction\":[{\"@type\":\"SearchAction\",\"target\":{\"@type\":\"EntryPoint\",\"urlTemplate\":\"https:\/\/unhz.eu\/fmthm\/?s={search_term_string}\"},\"query-input\":{\"@type\":\"PropertyValueSpecification\",\"valueRequired\":true,\"valueName\":\"search_term_string\"}}],\"inLanguage\":\"sq\"},{\"@type\":\"Organization\",\"@id\":\"https:\/\/unhz.eu\/fmthm\/#organization\",\"name\":\"Fakulteti i Menaxhimit n\u00eb Turiz\u00ebm, Hotelieri dhe Mjedis\",\"url\":\"https:\/\/unhz.eu\/fmthm\/\",\"logo\":{\"@type\":\"ImageObject\",\"inLanguage\":\"sq\",\"@id\":\"https:\/\/unhz.eu\/fmthm\/#\/schema\/logo\/image\/\",\"url\":\"https:\/\/unhz.eu\/fmthm\/wp-content\/uploads\/sites\/10\/2024\/02\/cropped-logo-1-1-e1713527702695.png\",\"contentUrl\":\"https:\/\/unhz.eu\/fmthm\/wp-content\/uploads\/sites\/10\/2024\/02\/cropped-logo-1-1-e1713527702695.png\",\"width\":100,\"height\":100,\"caption\":\"Fakulteti i Menaxhimit n\u00eb Turiz\u00ebm, Hotelieri dhe Mjedis\"},\"image\":{\"@id\":\"https:\/\/unhz.eu\/fmthm\/#\/schema\/logo\/image\/\"}}]}<\/script>\n<!-- \/ Yoast SEO Premium plugin. -->","yoast_head_json":{"title":"Stafi i FMTHM | Fakulteti i Turizmit \u2013 Universiteti \u201cHaxhi Zeka\u201d","description":"M\u00ebso rreth stafit t\u00eb Fakultetit t\u00eb Menaxhimit n\u00eb Turiz\u00ebm, Hotelieri dhe Mjedis (FMTHM) n\u00eb Universitetin \u201cHaxhi Zeka\u201d \u2013 p\u00ebrfshir\u00eb dekanatin, personelin akademik dhe administrativ.","robots":{"index":"index","follow":"follow","max-snippet":"max-snippet:-1","max-image-preview":"max-image-preview:large","max-video-preview":"max-video-preview:-1"},"canonical":"https:\/\/unhz.eu\/fmthm\/stafi\/","og_locale":"sq_AL","og_type":"article","og_title":"Stafi","og_description":"M\u00ebso rreth stafit t\u00eb Fakultetit t\u00eb Menaxhimit n\u00eb Turiz\u00ebm, Hotelieri dhe Mjedis (FMTHM) n\u00eb Universitetin \u201cHaxhi Zeka\u201d \u2013 p\u00ebrfshir\u00eb dekanatin, personelin akademik dhe administrativ.","og_url":"https:\/\/unhz.eu\/fmthm\/stafi\/","og_site_name":"Fakulteti i Menaxhimit n\u00eb Turiz\u00ebm, Hotelieri dhe Mjedis","article_modified_time":"2026-01-29T12:30:23+00:00","twitter_card":"summary_large_image","twitter_misc":{"Est. reading time":"2 minuta"},"schema":{"@context":"https:\/\/schema.org","@graph":[{"@type":"WebPage","@id":"https:\/\/unhz.eu\/fmthm\/stafi\/","url":"https:\/\/unhz.eu\/fmthm\/stafi\/","name":"Stafi i FMTHM | Fakulteti i Turizmit \u2013 Universiteti \u201cHaxhi Zeka\u201d","isPartOf":{"@id":"https:\/\/unhz.eu\/fmthm\/#website"},"datePublished":"2025-01-17T10:22:55+00:00","dateModified":"2026-01-29T12:30:23+00:00","description":"M\u00ebso rreth stafit t\u00eb Fakultetit t\u00eb Menaxhimit n\u00eb Turiz\u00ebm, Hotelieri dhe Mjedis (FMTHM) n\u00eb Universitetin \u201cHaxhi Zeka\u201d \u2013 p\u00ebrfshir\u00eb dekanatin, personelin akademik dhe administrativ.","breadcrumb":{"@id":"https:\/\/unhz.eu\/fmthm\/stafi\/#breadcrumb"},"inLanguage":"sq","potentialAction":[{"@type":"ReadAction","target":["https:\/\/unhz.eu\/fmthm\/stafi\/"]}]},{"@type":"BreadcrumbList","@id":"https:\/\/unhz.eu\/fmthm\/stafi\/#breadcrumb","itemListElement":[{"@type":"ListItem","position":1,"name":"Home","item":"https:\/\/unhz.eu\/fmthm\/"},{"@type":"ListItem","position":2,"name":"Stafi"}]},{"@type":"WebSite","@id":"https:\/\/unhz.eu\/fmthm\/#website","url":"https:\/\/unhz.eu\/fmthm\/","name":"Fakulteti i Menaxhimit n\u00eb Turiz\u00ebm, Hotelieri dhe Mjedis","description":"I dedikuar p\u00ebr cil\u00ebsi standarde dhe suksese","publisher":{"@id":"https:\/\/unhz.eu\/fmthm\/#organization"},"potentialAction":[{"@type":"SearchAction","target":{"@type":"EntryPoint","urlTemplate":"https:\/\/unhz.eu\/fmthm\/?s={search_term_string}"},"query-input":{"@type":"PropertyValueSpecification","valueRequired":true,"valueName":"search_term_string"}}],"inLanguage":"sq"},{"@type":"Organization","@id":"https:\/\/unhz.eu\/fmthm\/#organization","name":"Fakulteti i Menaxhimit n\u00eb Turiz\u00ebm, Hotelieri dhe Mjedis","url":"https:\/\/unhz.eu\/fmthm\/","logo":{"@type":"ImageObject","inLanguage":"sq","@id":"https:\/\/unhz.eu\/fmthm\/#\/schema\/logo\/image\/","url":"https:\/\/unhz.eu\/fmthm\/wp-content\/uploads\/sites\/10\/2024\/02\/cropped-logo-1-1-e1713527702695.png","contentUrl":"https:\/\/unhz.eu\/fmthm\/wp-content\/uploads\/sites\/10\/2024\/02\/cropped-logo-1-1-e1713527702695.png","width":100,"height":100,"caption":"Fakulteti i Menaxhimit n\u00eb Turiz\u00ebm, Hotelieri dhe Mjedis"},"image":{"@id":"https:\/\/unhz.eu\/fmthm\/#\/schema\/logo\/image\/"}}]}},"_links":{"self":[{"href":"https:\/\/unhz.eu\/fmthm\/wp-json\/wp\/v2\/pages\/48870","targetHints":{"allow":["GET"]}}],"collection":[{"href":"https:\/\/unhz.eu\/fmthm\/wp-json\/wp\/v2\/pages"}],"about":[{"href":"https:\/\/unhz.eu\/fmthm\/wp-json\/wp\/v2\/types\/page"}],"author":[{"embeddable":true,"href":"https:\/\/unhz.eu\/fmthm\/wp-json\/wp\/v2\/users\/1"}],"replies":[{"embeddable":true,"href":"https:\/\/unhz.eu\/fmthm\/wp-json\/wp\/v2\/comments?post=48870"}],"version-history":[{"count":1,"href":"https:\/\/unhz.eu\/fmthm\/wp-json\/wp\/v2\/pages\/48870\/revisions"}],"predecessor-version":[{"id":49909,"href":"https:\/\/unhz.eu\/fmthm\/wp-json\/wp\/v2\/pages\/48870\/revisions\/49909"}],"wp:attachment":[{"href":"https:\/\/unhz.eu\/fmthm\/wp-json\/wp\/v2\/media?parent=48870"}],"curies":[{"name":"wp","href":"https:\/\/api.w.org\/{rel}","templated":true}]}}