{"id":48856,"date":"2025-01-17T10:10:06","date_gmt":"2025-01-17T10:10:06","guid":{"rendered":"https:\/\/unhz.eu\/fmthm\/?page_id=48856"},"modified":"2026-01-29T15:06:34","modified_gmt":"2026-01-29T14:06:34","slug":"oraret-mtq","status":"publish","type":"page","link":"https:\/\/unhz.eu\/fmthm\/oraret-mtq\/","title":{"rendered":"Oraret Mtq"},"content":{"rendered":"\t\t<div data-elementor-type=\"wp-page\" data-elementor-id=\"48856\" class=\"elementor elementor-48856\" data-elementor-post-type=\"page\">\n\t\t\t\t\t\t<section class=\"elementor-section elementor-top-section elementor-element elementor-element-61f7b49 elementor-section-boxed elementor-section-height-default elementor-section-height-default sc_fly_static\" data-id=\"61f7b49\" data-element_type=\"section\" data-e-type=\"section\">\n\t\t\t\t\t\t<div class=\"elementor-container elementor-column-gap-extended\">\n\t\t\t\t\t<div class=\"elementor-column elementor-col-100 elementor-top-column elementor-element elementor-element-9f36ba2 sc_content_align_inherit sc_layouts_column_icons_position_left sc_fly_static\" data-id=\"9f36ba2\" data-element_type=\"column\" data-e-type=\"column\">\n\t\t\t<div class=\"elementor-widget-wrap elementor-element-populated\">\n\t\t\t\t\t\t<div class=\"elementor-element elementor-element-88edf90 sc_fly_static elementor-widget elementor-widget-toggle\" data-id=\"88edf90\" data-element_type=\"widget\" data-e-type=\"widget\" data-widget_type=\"toggle.default\">\n\t\t\t\t<div class=\"elementor-widget-container\">\n\t\t\t\t\t\t\t<div class=\"elementor-toggle\">\n\t\t\t\t\t\t\t<div class=\"elementor-toggle-item\">\n\t\t\t\t\t<div id=\"elementor-tab-title-1431\" class=\"elementor-tab-title\" data-tab=\"1\" role=\"button\" aria-controls=\"elementor-tab-content-1431\" aria-expanded=\"false\">\n\t\t\t\t\t\t\t\t\t\t\t\t<span class=\"elementor-toggle-icon elementor-toggle-icon-left\" aria-hidden=\"true\">\n\t\t\t\t\t\t\t\t\t\t\t\t\t\t\t<span class=\"elementor-toggle-icon-closed\"><i class=\"fas fa-caret-right\"><\/i><\/span>\n\t\t\t\t\t\t\t\t<span class=\"elementor-toggle-icon-opened\"><i class=\"elementor-toggle-icon-opened fas fa-caret-up\"><\/i><\/span>\n\t\t\t\t\t\t\t\t\t\t\t\t\t<\/span>\n\t\t\t\t\t\t\t\t\t\t\t\t<a class=\"elementor-toggle-title\" tabindex=\"0\">Orari i ligjeratave dhe ushtrimeve<\/a>\n\t\t\t\t\t<\/div>\n\n\t\t\t\t\t<div id=\"elementor-tab-content-1431\" class=\"elementor-tab-content elementor-clearfix\" data-tab=\"1\" role=\"region\" aria-labelledby=\"elementor-tab-title-1431\"><p><a href=\"https:\/\/unhz.eu\/fmthm\/wp-content\/uploads\/sites\/10\/2025\/11\/MTHM-Master-Menaxhment-dhe-Turizem-i-qendrueshem-Orari-i-ligjeratave-dhe-ushtrimeve-semestri-Dimeror-2025-2026-draft-1.pdf\">PDF<\/a><\/p><p>[pdf-embedder url=&#8221;https:\/\/unhz.eu\/fmthm\/wp-content\/uploads\/sites\/10\/2025\/11\/MTHM-Master-Menaxhment-dhe-Turizem-i-qendrueshem-Orari-i-ligjeratave-dhe-ushtrimeve-semestri-Dimeror-2025-2026-draft-1.pdf&#8221; title=&#8221;MTHM-Master Menaxhment dhe Turiz\u00ebm i q\u00ebndruesh\u00ebm &#8211; Orari i ligjeratave dhe ushtrimeve- semestri Dim\u00ebror- 2025-2026 &#8211; draft&#8221;]<\/p><\/div>\n\t\t\t\t<\/div>\n\t\t\t\t\t\t\t<div class=\"elementor-toggle-item\">\n\t\t\t\t\t<div id=\"elementor-tab-title-1432\" class=\"elementor-tab-title\" data-tab=\"2\" role=\"button\" aria-controls=\"elementor-tab-content-1432\" aria-expanded=\"false\">\n\t\t\t\t\t\t\t\t\t\t\t\t<span class=\"elementor-toggle-icon elementor-toggle-icon-left\" aria-hidden=\"true\">\n\t\t\t\t\t\t\t\t\t\t\t\t\t\t\t<span class=\"elementor-toggle-icon-closed\"><i class=\"fas fa-caret-right\"><\/i><\/span>\n\t\t\t\t\t\t\t\t<span class=\"elementor-toggle-icon-opened\"><i class=\"elementor-toggle-icon-opened fas fa-caret-up\"><\/i><\/span>\n\t\t\t\t\t\t\t\t\t\t\t\t\t<\/span>\n\t\t\t\t\t\t\t\t\t\t\t\t<a class=\"elementor-toggle-title\" tabindex=\"0\">Orari i provimeve<\/a>\n\t\t\t\t\t<\/div>\n\n\t\t\t\t\t<div id=\"elementor-tab-content-1432\" class=\"elementor-tab-content elementor-clearfix\" data-tab=\"2\" role=\"region\" aria-labelledby=\"elementor-tab-title-1432\"><p><a href=\"https:\/\/unhz.eu\/fmthm\/wp-content\/uploads\/sites\/10\/2026\/01\/Master-MTQ-Orari-i-prov-.-Janar-2026-Menaxhim-ne-turizem-te-qendrushem-1.pdf\">Orari i Provimeve MMTQ<\/a><\/p><\/div>\n\t\t\t\t<\/div>\n\t\t\t\t\t\t\t\t<\/div>\n\t\t\t\t\t\t<\/div>\n\t\t\t\t<\/div>\n\t\t\t\t\t<\/div>\n\t\t<\/div>\n\t\t\t\t\t<\/div>\n\t\t<\/section>\n\t\t\t\t<\/div>\n\t\t","protected":false},"excerpt":{"rendered":"<p>Orari i ligjeratave dhe ushtrimeve PDF [pdf-embedder url=&#8221;https:\/\/unhz.eu\/fmthm\/wp-content\/uploads\/sites\/10\/2025\/11\/MTHM-Master-Menaxhment-dhe-Turizem-i-qendrueshem-Orari-i-ligjeratave-dhe-ushtrimeve-semestri-Dimeror-2025-2026-draft-1.pdf&#8221; title=&#8221;MTHM-Master Menaxhment dhe Turiz\u00ebm i q\u00ebndruesh\u00ebm &#8211;&hellip;<\/p>\n","protected":false},"author":1,"featured_media":0,"parent":0,"menu_order":0,"comment_status":"closed","ping_status":"closed","template":"","meta":{"footnotes":""},"class_list":["post-48856","page","type-page","status-publish","hentry"],"yoast_head":"<!-- This site is optimized with the Yoast SEO Premium plugin v27.2 (Yoast SEO v27.2) - https:\/\/yoast.com\/product\/yoast-seo-premium-wordpress\/ -->\n<title>Oraret MTQ | Master Menaxhment &amp; Turiz\u00ebm \u2013 FMTHM UHZ<\/title>\n<meta name=\"description\" content=\"Shiko orarin e ligj\u00ebratave, ushtrimeve dhe provimeve p\u00ebr programin Master n\u00eb Menaxhment dhe Turiz\u00ebm t\u00eb Q\u00ebndruesh\u00ebm (MTQ) n\u00eb Fakultetin e Menaxhimit n\u00eb Turiz\u00ebm, Hotelieri dhe Mjedis \u2013 UHZ.\" \/>\n<meta name=\"robots\" content=\"index, follow, max-snippet:-1, max-image-preview:large, max-video-preview:-1\" \/>\n<link rel=\"canonical\" href=\"https:\/\/unhz.eu\/fmthm\/oraret-mtq\/\" \/>\n<meta property=\"og:locale\" content=\"sq_AL\" \/>\n<meta property=\"og:type\" content=\"article\" \/>\n<meta property=\"og:title\" content=\"Oraret Mtq\" \/>\n<meta property=\"og:description\" content=\"Shiko orarin e ligj\u00ebratave, ushtrimeve dhe provimeve p\u00ebr programin Master n\u00eb Menaxhment dhe Turiz\u00ebm t\u00eb Q\u00ebndruesh\u00ebm (MTQ) n\u00eb Fakultetin e Menaxhimit n\u00eb Turiz\u00ebm, Hotelieri dhe Mjedis \u2013 UHZ.\" \/>\n<meta property=\"og:url\" content=\"https:\/\/unhz.eu\/fmthm\/oraret-mtq\/\" \/>\n<meta property=\"og:site_name\" content=\"Fakulteti i Menaxhimit n\u00eb Turiz\u00ebm, Hotelieri dhe Mjedis\" \/>\n<meta property=\"article:modified_time\" content=\"2026-01-29T14:06:34+00:00\" \/>\n<meta name=\"twitter:card\" content=\"summary_large_image\" \/>\n<meta name=\"twitter:label1\" content=\"Est. reading time\" \/>\n\t<meta name=\"twitter:data1\" content=\"1 minut\u00eb\" \/>\n<script type=\"application\/ld+json\" class=\"yoast-schema-graph\">{\"@context\":\"https:\/\/schema.org\",\"@graph\":[{\"@type\":\"WebPage\",\"@id\":\"https:\/\/unhz.eu\/fmthm\/oraret-mtq\/\",\"url\":\"https:\/\/unhz.eu\/fmthm\/oraret-mtq\/\",\"name\":\"Oraret MTQ | Master Menaxhment & Turiz\u00ebm \u2013 FMTHM UHZ\",\"isPartOf\":{\"@id\":\"https:\/\/unhz.eu\/fmthm\/#website\"},\"datePublished\":\"2025-01-17T10:10:06+00:00\",\"dateModified\":\"2026-01-29T14:06:34+00:00\",\"description\":\"Shiko orarin e ligj\u00ebratave, ushtrimeve dhe provimeve p\u00ebr programin Master n\u00eb Menaxhment dhe Turiz\u00ebm t\u00eb Q\u00ebndruesh\u00ebm (MTQ) n\u00eb Fakultetin e Menaxhimit n\u00eb Turiz\u00ebm, Hotelieri dhe Mjedis \u2013 UHZ.\",\"breadcrumb\":{\"@id\":\"https:\/\/unhz.eu\/fmthm\/oraret-mtq\/#breadcrumb\"},\"inLanguage\":\"sq\",\"potentialAction\":[{\"@type\":\"ReadAction\",\"target\":[\"https:\/\/unhz.eu\/fmthm\/oraret-mtq\/\"]}]},{\"@type\":\"BreadcrumbList\",\"@id\":\"https:\/\/unhz.eu\/fmthm\/oraret-mtq\/#breadcrumb\",\"itemListElement\":[{\"@type\":\"ListItem\",\"position\":1,\"name\":\"Home\",\"item\":\"https:\/\/unhz.eu\/fmthm\/\"},{\"@type\":\"ListItem\",\"position\":2,\"name\":\"Oraret Mtq\"}]},{\"@type\":\"WebSite\",\"@id\":\"https:\/\/unhz.eu\/fmthm\/#website\",\"url\":\"https:\/\/unhz.eu\/fmthm\/\",\"name\":\"Fakulteti i Menaxhimit n\u00eb Turiz\u00ebm, Hotelieri dhe Mjedis\",\"description\":\"I dedikuar p\u00ebr cil\u00ebsi standarde dhe suksese\",\"publisher\":{\"@id\":\"https:\/\/unhz.eu\/fmthm\/#organization\"},\"potentialAction\":[{\"@type\":\"SearchAction\",\"target\":{\"@type\":\"EntryPoint\",\"urlTemplate\":\"https:\/\/unhz.eu\/fmthm\/?s={search_term_string}\"},\"query-input\":{\"@type\":\"PropertyValueSpecification\",\"valueRequired\":true,\"valueName\":\"search_term_string\"}}],\"inLanguage\":\"sq\"},{\"@type\":\"Organization\",\"@id\":\"https:\/\/unhz.eu\/fmthm\/#organization\",\"name\":\"Fakulteti i Menaxhimit n\u00eb Turiz\u00ebm, Hotelieri dhe Mjedis\",\"url\":\"https:\/\/unhz.eu\/fmthm\/\",\"logo\":{\"@type\":\"ImageObject\",\"inLanguage\":\"sq\",\"@id\":\"https:\/\/unhz.eu\/fmthm\/#\/schema\/logo\/image\/\",\"url\":\"https:\/\/unhz.eu\/fmthm\/wp-content\/uploads\/sites\/10\/2024\/02\/cropped-logo-1-1-e1713527702695.png\",\"contentUrl\":\"https:\/\/unhz.eu\/fmthm\/wp-content\/uploads\/sites\/10\/2024\/02\/cropped-logo-1-1-e1713527702695.png\",\"width\":100,\"height\":100,\"caption\":\"Fakulteti i Menaxhimit n\u00eb Turiz\u00ebm, Hotelieri dhe Mjedis\"},\"image\":{\"@id\":\"https:\/\/unhz.eu\/fmthm\/#\/schema\/logo\/image\/\"}}]}<\/script>\n<!-- \/ Yoast SEO Premium plugin. -->","yoast_head_json":{"title":"Oraret MTQ | Master Menaxhment & Turiz\u00ebm \u2013 FMTHM UHZ","description":"Shiko orarin e ligj\u00ebratave, ushtrimeve dhe provimeve p\u00ebr programin Master n\u00eb Menaxhment dhe Turiz\u00ebm t\u00eb Q\u00ebndruesh\u00ebm (MTQ) n\u00eb Fakultetin e Menaxhimit n\u00eb Turiz\u00ebm, Hotelieri dhe Mjedis \u2013 UHZ.","robots":{"index":"index","follow":"follow","max-snippet":"max-snippet:-1","max-image-preview":"max-image-preview:large","max-video-preview":"max-video-preview:-1"},"canonical":"https:\/\/unhz.eu\/fmthm\/oraret-mtq\/","og_locale":"sq_AL","og_type":"article","og_title":"Oraret Mtq","og_description":"Shiko orarin e ligj\u00ebratave, ushtrimeve dhe provimeve p\u00ebr programin Master n\u00eb Menaxhment dhe Turiz\u00ebm t\u00eb Q\u00ebndruesh\u00ebm (MTQ) n\u00eb Fakultetin e Menaxhimit n\u00eb Turiz\u00ebm, Hotelieri dhe Mjedis \u2013 UHZ.","og_url":"https:\/\/unhz.eu\/fmthm\/oraret-mtq\/","og_site_name":"Fakulteti i Menaxhimit n\u00eb Turiz\u00ebm, Hotelieri dhe Mjedis","article_modified_time":"2026-01-29T14:06:34+00:00","twitter_card":"summary_large_image","twitter_misc":{"Est. reading time":"1 minut\u00eb"},"schema":{"@context":"https:\/\/schema.org","@graph":[{"@type":"WebPage","@id":"https:\/\/unhz.eu\/fmthm\/oraret-mtq\/","url":"https:\/\/unhz.eu\/fmthm\/oraret-mtq\/","name":"Oraret MTQ | Master Menaxhment & Turiz\u00ebm \u2013 FMTHM UHZ","isPartOf":{"@id":"https:\/\/unhz.eu\/fmthm\/#website"},"datePublished":"2025-01-17T10:10:06+00:00","dateModified":"2026-01-29T14:06:34+00:00","description":"Shiko orarin e ligj\u00ebratave, ushtrimeve dhe provimeve p\u00ebr programin Master n\u00eb Menaxhment dhe Turiz\u00ebm t\u00eb Q\u00ebndruesh\u00ebm (MTQ) n\u00eb Fakultetin e Menaxhimit n\u00eb Turiz\u00ebm, Hotelieri dhe Mjedis \u2013 UHZ.","breadcrumb":{"@id":"https:\/\/unhz.eu\/fmthm\/oraret-mtq\/#breadcrumb"},"inLanguage":"sq","potentialAction":[{"@type":"ReadAction","target":["https:\/\/unhz.eu\/fmthm\/oraret-mtq\/"]}]},{"@type":"BreadcrumbList","@id":"https:\/\/unhz.eu\/fmthm\/oraret-mtq\/#breadcrumb","itemListElement":[{"@type":"ListItem","position":1,"name":"Home","item":"https:\/\/unhz.eu\/fmthm\/"},{"@type":"ListItem","position":2,"name":"Oraret Mtq"}]},{"@type":"WebSite","@id":"https:\/\/unhz.eu\/fmthm\/#website","url":"https:\/\/unhz.eu\/fmthm\/","name":"Fakulteti i Menaxhimit n\u00eb Turiz\u00ebm, Hotelieri dhe Mjedis","description":"I dedikuar p\u00ebr cil\u00ebsi standarde dhe suksese","publisher":{"@id":"https:\/\/unhz.eu\/fmthm\/#organization"},"potentialAction":[{"@type":"SearchAction","target":{"@type":"EntryPoint","urlTemplate":"https:\/\/unhz.eu\/fmthm\/?s={search_term_string}"},"query-input":{"@type":"PropertyValueSpecification","valueRequired":true,"valueName":"search_term_string"}}],"inLanguage":"sq"},{"@type":"Organization","@id":"https:\/\/unhz.eu\/fmthm\/#organization","name":"Fakulteti i Menaxhimit n\u00eb Turiz\u00ebm, Hotelieri dhe Mjedis","url":"https:\/\/unhz.eu\/fmthm\/","logo":{"@type":"ImageObject","inLanguage":"sq","@id":"https:\/\/unhz.eu\/fmthm\/#\/schema\/logo\/image\/","url":"https:\/\/unhz.eu\/fmthm\/wp-content\/uploads\/sites\/10\/2024\/02\/cropped-logo-1-1-e1713527702695.png","contentUrl":"https:\/\/unhz.eu\/fmthm\/wp-content\/uploads\/sites\/10\/2024\/02\/cropped-logo-1-1-e1713527702695.png","width":100,"height":100,"caption":"Fakulteti i Menaxhimit n\u00eb Turiz\u00ebm, Hotelieri dhe Mjedis"},"image":{"@id":"https:\/\/unhz.eu\/fmthm\/#\/schema\/logo\/image\/"}}]}},"_links":{"self":[{"href":"https:\/\/unhz.eu\/fmthm\/wp-json\/wp\/v2\/pages\/48856","targetHints":{"allow":["GET"]}}],"collection":[{"href":"https:\/\/unhz.eu\/fmthm\/wp-json\/wp\/v2\/pages"}],"about":[{"href":"https:\/\/unhz.eu\/fmthm\/wp-json\/wp\/v2\/types\/page"}],"author":[{"embeddable":true,"href":"https:\/\/unhz.eu\/fmthm\/wp-json\/wp\/v2\/users\/1"}],"replies":[{"embeddable":true,"href":"https:\/\/unhz.eu\/fmthm\/wp-json\/wp\/v2\/comments?post=48856"}],"version-history":[{"count":5,"href":"https:\/\/unhz.eu\/fmthm\/wp-json\/wp\/v2\/pages\/48856\/revisions"}],"predecessor-version":[{"id":49920,"href":"https:\/\/unhz.eu\/fmthm\/wp-json\/wp\/v2\/pages\/48856\/revisions\/49920"}],"wp:attachment":[{"href":"https:\/\/unhz.eu\/fmthm\/wp-json\/wp\/v2\/media?parent=48856"}],"curies":[{"name":"wp","href":"https:\/\/api.w.org\/{rel}","templated":true}]}}