{"id":48837,"date":"2025-01-17T09:52:53","date_gmt":"2025-01-17T09:52:53","guid":{"rendered":"https:\/\/unhz.eu\/fmthm\/?page_id=48837"},"modified":"2026-01-29T13:21:51","modified_gmt":"2026-01-29T12:21:51","slug":"menaxhim-ne-turizem-bsc-gjuhe-boshnjake","status":"publish","type":"page","link":"https:\/\/unhz.eu\/fmthm\/programet-mtb\/menaxhim-ne-turizem-bsc-gjuhe-boshnjake\/","title":{"rendered":"Menaxhim n\u00eb Turiz\u00ebm (Bsc) gjuh\u00eb boshnjake"},"content":{"rendered":"\n<h5 class=\"wp-block-heading\">STUDIJSKI PROGRAM \u2013 MENA\u0110\u017dMENT U TURIZAM<\/h5>\n\n\n\n<p><a href=\"https:\/\/drive.google.com\/file\/d\/10HxhR-54VlVjH7q0R6l-twUSXcq3LA4t\/view?usp=sharing\">P\u00ebrmbajtja e shkurt\u00ebr e programit<\/a><\/p>\n\n\n\n<p><strong>Prva god. \u2013 Prvi semestar<\/strong><\/p>\n\n\n\n<figure class=\"wp-block-table\"><table class=\"has-fixed-layout\"><tbody><tr><td>Br.<\/td><td>Predmet<\/td><td>\u010cas<\/td><td>ECTS<\/td><td>Obav.\/Iz.<\/td><\/tr><tr><td>1.<\/td><td><a href=\"https:\/\/drive.google.com\/file\/d\/1efUeW3ME4hESzPEvIFCESg-9GK0PJhD4\/view?usp=sharing\">Osnovi Mena\u0111\u017ementa<\/a><\/td><td>2+2<\/td><td>6<\/td><td>O<\/td><\/tr><tr><td>2.<\/td><td><a href=\"https:\/\/drive.google.com\/file\/d\/14tRFu2h_5DAkRtuKwidnciKL1X3ZqR2P\/view?usp=sharing\">Pravo u turizmu i ugostiteljstvu<\/a><\/td><td>2+2<\/td><td>6<\/td><td>O<\/td><\/tr><tr><td>3.<\/td><td><a href=\"https:\/\/drive.google.com\/file\/d\/17GQ3unf0EQQ6ClUEwGTkDAQ2MBsxO2Lo\/view?usp=sharing\">Matematika<\/a><\/td><td>2+2<\/td><td>6<\/td><td>O<\/td><\/tr><tr><td>4.<\/td><td><a href=\"https:\/\/drive.google.com\/file\/d\/1UG13b6ffk7da9trSEZWl5MeW3_jP9lfG\/view?usp=sharing\">Mikroekonomija<\/a><\/td><td>2+2<\/td><td>6<\/td><td>O<\/td><\/tr><tr><td>5.<\/td><td><a href=\"https:\/\/drive.google.com\/file\/d\/1UEBz3bvNI1rtiYsr-N-GkUeuZTB2tUl3\/view?usp=sharing\">Osnovi&nbsp; biznisa&nbsp; u&nbsp; turizmu&nbsp; i ugostitejstvu<\/a><\/td><td>2+2<\/td><td>6<\/td><td>O<\/td><\/tr><tr><td><\/td><td>Ukupno<\/td><td>20<\/td><td>30<\/td><td><\/td><\/tr><\/tbody><\/table><\/figure>\n\n\n\n<p><strong>Prva god. \u2013 Drugi semestar<\/strong><\/p>\n\n\n\n<figure class=\"wp-block-table\"><table class=\"has-fixed-layout\"><tbody><tr><td>Br.<\/td><td>Predmet<\/td><td>\u010cas<\/td><td>ECTS<\/td><td>Obav.\/Iz.<\/td><\/tr><tr><td>1.<\/td><td><a href=\"https:\/\/drive.google.com\/file\/d\/1D40RfbGplOJa8su2o4L5Sn4StIaaX9_j\/view?usp=sharing\">Informatika u turizu<\/a><\/td><td>2+2<\/td><td>6<\/td><td>O<\/td><\/tr><tr><td>2.<\/td><td><a href=\"https:\/\/drive.google.com\/file\/d\/1Pe2KHmNMzjPknjMNC4dU19rJDEO5s2kQ\/view?usp=sharing\">Makroekonomija<\/a><\/td><td>2+2<\/td><td>6<\/td><td>O<\/td><\/tr><tr><td>3.<\/td><td><a href=\"https:\/\/drive.google.com\/file\/d\/1mFfotHsC2vKCVY0s6ObgeBqLreWUcXEy\/view?usp=sharing\">Akademsko pisanje komunikacia<\/a><\/td><td>2+2<\/td><td>6<\/td><td>O<\/td><\/tr><tr><td>4.<\/td><td><a href=\"https:\/\/drive.google.com\/file\/d\/1yAl4qH87mWIGW1yk1m-L20N-EggvtnfK\/view?usp=sharing\">Uvod u statistiku<\/a><\/td><td>2+2<\/td><td>6<\/td><td>O<\/td><\/tr><tr><td>5.<\/td><td><a href=\"https:\/\/drive.google.com\/file\/d\/1oNzkkXEOp8IBUPOnPLgn6HyAt5d_J6H_\/view?usp=sharing\">Osnovi&nbsp; ra\u010dunovodstva&nbsp; u turizmu<\/a><\/td><td>2+2<\/td><td>6<\/td><td>O<\/td><\/tr><tr><td><\/td><td>Ukupno<\/td><td>20<\/td><td>30<\/td><td><\/td><\/tr><\/tbody><\/table><\/figure>\n\n\n\n<p><strong>Druga god. \u2013 Tre\u0107 semester<\/strong><\/p>\n\n\n\n<figure class=\"wp-block-table\"><table class=\"has-fixed-layout\"><tbody><tr><td>Br.<\/td><td>Predmet<\/td><td>\u010cas<\/td><td>ECTS<\/td><td>Obav.\/Iz.<\/td><\/tr><tr><td>1.<\/td><td><a href=\"https:\/\/drive.google.com\/file\/d\/16IfuFKoU9LqhNHpCJo5uzX_3Iei8U1NC\/view?usp=sharing\">Uvod u turizmu ugost teljstvu<\/a><\/td><td>2+2<\/td><td>6<\/td><td>O<\/td><\/tr><tr><td>2.<\/td><td><a href=\"https:\/\/drive.google.com\/file\/d\/1VYMLU9wif-8d9dgMAGt61CkeveAsSXoe\/view?usp=sharing\">Engleski Jezik I<\/a><\/td><td>2+2<\/td><td>6<\/td><td>O<\/td><\/tr><tr><td>3.<\/td><td><a href=\"https:\/\/drive.google.com\/file\/d\/1p3ph8zg9bI7R1ZqOLTT5dMWt8Q2AyOdD\/view?usp=sharing\">Preduzeni\u0161tvo<\/a><\/td><td>2+2<\/td><td>6<\/td><td>O<\/td><\/tr><tr><td>4.<\/td><td><a href=\"https:\/\/drive.google.com\/file\/d\/1NlTBXJd1QLf_2CM2rl-qrkTvH-qccMeS\/view?usp=sharing\">Finansije u turizmu i ugostiteljstvu<\/a><\/td><td>2+2<\/td><td>6<\/td><td>O<\/td><\/tr><tr><td>5.<\/td><td><a href=\"https:\/\/drive.google.com\/file\/d\/1pQ1FYtJrQxHqjUnyQTlZ4wYFZatSLRJs\/view?usp=sharing\">Osnovi marketinga uturizmu i ugostiteljstv<\/a><\/td><td>2+2<\/td><td>6<\/td><td>O<\/td><\/tr><tr><td><\/td><td>Ukupno<\/td><td>20<\/td><td>30<\/td><td><\/td><\/tr><\/tbody><\/table><\/figure>\n\n\n\n<p><strong>Druga god. \u2013 \u010cetvrti semestar<\/strong><\/p>\n\n\n\n<figure class=\"wp-block-table\"><table class=\"has-fixed-layout\"><tbody><tr><td>Br.<\/td><td>Predmet<\/td><td>\u010cas<\/td><td>ECTS<\/td><td>Obav.\/Iz .<\/td><\/tr><tr><td>1.<\/td><td><a href=\"https:\/\/drive.google.com\/file\/d\/18XLAQRJ9AjSdp-WhWZrDpkL9zVL5zKis\/view?usp=sharing\">Upravljanje (leaders ip)<\/a><\/td><td>2+2<\/td><td>6<\/td><td>O<\/td><\/tr><tr><td>2.<\/td><td><a href=\"https:\/\/drive.google.com\/file\/d\/16oDRImoYLw_8g_cfL5q7iiO1Dc0VHp7O\/view?usp=sharing\">Ekonomija u turizmu<\/a><\/td><td>2+2<\/td><td>6<\/td><td>O<\/td><\/tr><tr><td>3.<\/td><td><a href=\"https:\/\/drive.google.com\/file\/d\/1455NGF4YpUZftNUEUzmsJ5BXW6gfrqbg\/view?usp=sharing\">Me\u0111unarodni turizam<\/a><\/td><td>2+2<\/td><td>6<\/td><td>O<\/td><\/tr><tr><td>4.<\/td><td><a href=\"https:\/\/drive.google.com\/file\/d\/1cUGvbyX2pHVLVQYZUyQFELJCf8bv3tBL\/view?usp=sharing\">Mena\u0111\u017ement ljudskih resursa<\/a><\/td><td>2+2<\/td><td>6<\/td><td>O<\/td><\/tr><tr><td>5.<\/td><td><a href=\"https:\/\/drive.google.com\/file\/d\/1peHnqARq5kOxb2qfvDiODR_OCsJAmO2U\/view?usp=sharing\">Ekologija<\/a><\/td><td>2+2<\/td><td>6<\/td><td>O<\/td><\/tr><tr><td><\/td><td>Ukupno<\/td><td>20<\/td><td>30<\/td><td><\/td><\/tr><\/tbody><\/table><\/figure>\n\n\n\n<p><strong>PROFIL MENA\u0110\u017dMENT TURIZMA<\/strong><\/p>\n\n\n\n<p><strong>Tre\u0107a god. \u2013 Peti semestar u turizmu<\/strong><\/p>\n\n\n\n<figure class=\"wp-block-table\"><table class=\"has-fixed-layout\"><tbody><tr><td>Br.<\/td><td>Predmet<\/td><td>\u010cas<\/td><td>ECTS<\/td><td>Obav.\/Iz .<\/td><\/tr><tr><td>1.<\/td><td><a href=\"https:\/\/drive.google.com\/file\/d\/1CbTYl_8nKoJzleurR5MnmSP0OllS1QuV\/view?usp=sharing\">Prakti\u010da nastava<\/a><\/td><td>0+2<\/td><td>6<\/td><td>O<\/td><\/tr><tr><td>2.<\/td><td><a href=\"https:\/\/drive.google.com\/file\/d\/16FlH4wiFdx6wsq4BwzYg-Pf_wqCWIOri\/view\">Engleski jezik II<\/a><\/td><td>2+2<\/td><td>6<\/td><td>O<\/td><\/tr><tr><td>3.<\/td><td><a href=\"https:\/\/drive.google.com\/file\/d\/1V51k-fVcTfpxKRKf95sDgW2N0MlrAcE4\/view?usp=sharing\">Mena\u0111\u017ement&nbsp; MSP\u2010 a&nbsp; u turizmu<\/a><\/td><td>2+2<\/td><td>6<\/td><td>O<\/td><\/tr><tr><td>4.<\/td><td>Izborni predmet<\/td><td>2+2<\/td><td>6<\/td><td>I<\/td><\/tr><tr><td>5.<\/td><td>Izborni predmet<\/td><td>2+2<\/td><td>6<\/td><td>I<\/td><\/tr><tr><td><\/td><td>Ukupno<\/td><td>20<\/td><td>30<\/td><td><\/td><\/tr><\/tbody><\/table><\/figure>\n\n\n\n<p><strong>Tre\u0107a god. \u2013 \u0160esti semestar u turizmu<\/strong><\/p>\n\n\n\n<figure class=\"wp-block-table\"><table class=\"has-fixed-layout\"><tbody><tr><td>Br.<\/td><td>Predmet<\/td><td>\u010cas<\/td><td>ECTS<\/td><td>Obav.\/Iz .<\/td><\/tr><tr><td>1.<\/td><td><a href=\"https:\/\/drive.google.com\/file\/d\/125-4oeMPF8sQRQjmfWoO7JEZ-sCkyNoV\/view?usp=sharing\">Mena\u0111\u017ement&nbsp;&nbsp; turisti\u010dkih putovanja<\/a><\/td><td>2+2<\/td><td>6<\/td><td>O<\/td><\/tr><tr><td>2.<\/td><td><a href=\"https:\/\/drive.google.com\/file\/d\/1YZQB0oChf9Og_GVAqJmKG4RglacCncdv\/view?usp=sharing\">Turisti\u010dke agencije<\/a><\/td><td>2+2<\/td><td>6<\/td><td>O<\/td><\/tr><tr><td>3.<\/td><td>Diplomski rad<\/td><td>0+0<\/td><td>6<\/td><td>O<\/td><\/tr><tr><td>4.<\/td><td>Izborni predmet<\/td><td>2+2<\/td><td>6<\/td><td>I<\/td><\/tr><tr><td>5.<\/td><td>Izborni predmet<\/td><td>2+2<\/td><td>6<\/td><td>I<\/td><\/tr><tr><td><\/td><td>Ukupno<\/td><td>20<\/td><td>30<\/td><td><\/td><\/tr><\/tbody><\/table><\/figure>\n\n\n\n<p><strong>Studenti se trebaju opredeliti za jedan od izbornih predmeta za oba semestra<\/strong><\/p>\n\n\n\n<p><strong>Zimski semestar<\/strong><\/p>\n\n\n\n<figure class=\"wp-block-table\"><table class=\"has-fixed-layout\"><tbody><tr><td>Br.<\/td><td>Predmet<\/td><td>\u010cas<\/td><td>ECTS<\/td><td>Obav.\/Iz .<\/td><\/tr><tr><td>1.<\/td><td><a href=\"https:\/\/drive.google.com\/file\/d\/1RzgYrTR7kHtKwzMz3VR3lDYG7_UwbXWj\/view?usp=sharing\">Mena\u0111\u017ement&nbsp; prodaje u turizmu<\/a><\/td><td>2+2<\/td><td>6<\/td><td>I<\/td><\/tr><tr><td>2.<\/td><td><a href=\"https:\/\/drive.google.com\/file\/d\/1MWSSPSG1rNm-sgn8U5aroKjupA6ZGbCS\/view?usp=sharing\">Historija umjetnosti<\/a><\/td><td>2+2<\/td><td>6<\/td><td>I<\/td><\/tr><tr><td>3.<\/td><td><a href=\"https:\/\/drive.google.com\/file\/d\/1_9MUXr_a9o1afJGiNT1TIbCFVaeiYtdm\/view?usp=sharing\">Finansijski mena\u0111\u017ement<\/a><\/td><td>2+2<\/td><td>6<\/td><td>I<\/td><\/tr><tr><td>4<\/td><td><a href=\"https:\/\/drive.google.com\/file\/d\/13K_8LRBseq3a9zHdkAK_mnf_XEVOTPxB\/view?usp=sharing\">Razvoj turisti\u010dkih proizvoda<\/a><\/td><td>2+2<\/td><td>6<\/td><td>I<\/td><\/tr><\/tbody><\/table><\/figure>\n\n\n\n<p><strong>Letnji semester<\/strong><\/p>\n\n\n\n<figure class=\"wp-block-table\"><table class=\"has-fixed-layout\"><tbody><tr><td>Br.<\/td><td>Predmet<\/td><td>\u010cas<\/td><td>ECTS<\/td><td>Obav.\/Iz .<\/td><\/tr><tr><td>1.<\/td><td><a href=\"https:\/\/drive.google.com\/file\/d\/102IaUGTOc89ycl4eWvbPuUo1VFs-F4IP\/view?usp=sharing\">Sredina turisti\u010dog biznisa<\/a><\/td><td>2+2<\/td><td>6<\/td><td>I<\/td><\/tr><tr><td>2.<\/td><td><a href=\"https:\/\/drive.google.com\/file\/d\/1oc7PW-NeKMkyWTPzHJt2BxYY8XLB7lor\/view?usp=sharing\">Istra\u017eivanje turisti\u010dkog tr\u017ei\u0161ta<\/a><\/td><td>2+2<\/td><td>6<\/td><td>I<\/td><\/tr><tr><td>3.<\/td><td>Drugi strani jezici, <a href=\"https:\/\/drive.google.com\/file\/d\/1J_0NAIWdQIqpP8SizhtvmRnzgH1Oc1H0\/view?usp=sharing\">turski<\/a>, <a href=\"https:\/\/drive.google.com\/file\/d\/1NOC86gXCsFNJR2Lg2-Fb_nqlR7KzXPzy\/view?usp=sharing\">italijanski<\/a>, <a href=\"https:\/\/drive.google.com\/file\/d\/1jqcRqaWgLkMfGxmvYjVGUYbu1CDPPXaJ\/view?usp=sharing\">nemacki<\/a>, <a href=\"https:\/\/drive.google.com\/file\/d\/1pfwZemUgqpueQOUHN_aKi5snNNdXh1lE\/view?usp=sharing\">francuski<\/a><\/td><td>2+2<\/td><td>6<\/td><td>I<\/td><\/tr><tr><td>4<\/td><td><a href=\"https:\/\/drive.google.com\/file\/d\/1lLJm5G-x8J6wLpN_WA-Mlpk1ih0EEUh6\/view?usp=sharing\">Pristup&nbsp; prema klijentima (potro\u0161a\u010dima)<\/a><\/td><td>2+2<\/td><td>6<\/td><td>I<\/td><\/tr><\/tbody><\/table><\/figure>\n","protected":false},"excerpt":{"rendered":"<p>STUDIJSKI PROGRAM \u2013 MENA\u0110\u017dMENT U TURIZAM P\u00ebrmbajtja e shkurt\u00ebr e programit Prva god. \u2013 Prvi&hellip;<\/p>\n","protected":false},"author":1,"featured_media":0,"parent":48836,"menu_order":0,"comment_status":"closed","ping_status":"closed","template":"","meta":{"footnotes":""},"class_list":["post-48837","page","type-page","status-publish","hentry"],"yoast_head":"<!-- This site is optimized with the Yoast SEO Premium plugin v27.2 (Yoast SEO v27.2) - https:\/\/yoast.com\/product\/yoast-seo-premium-wordpress\/ -->\n<title>Menaxhim n\u00eb Turiz\u00ebm BSc \u2013 gjuh\u00eb boshnjake | UHZ FMTHM<\/title>\n<meta name=\"description\" content=\"Studime Bachelor n\u00eb Menaxhim n\u00eb Turiz\u00ebm n\u00eb gjuh\u00eb boshnjake n\u00eb UHZ \u2013 program 180 ECTS, fokus praktik dhe teorik p\u00ebr karrier\u00eb n\u00eb turiz\u00ebm dhe menaxhim.\" \/>\n<meta name=\"robots\" content=\"index, follow, max-snippet:-1, max-image-preview:large, max-video-preview:-1\" \/>\n<link rel=\"canonical\" href=\"https:\/\/unhz.eu\/fmthm\/programet-mtb\/menaxhim-ne-turizem-bsc-gjuhe-boshnjake\/\" \/>\n<meta property=\"og:locale\" content=\"sq_AL\" \/>\n<meta property=\"og:type\" content=\"article\" \/>\n<meta property=\"og:title\" content=\"Menaxhim n\u00eb Turiz\u00ebm (Bsc) gjuh\u00eb boshnjake\" \/>\n<meta property=\"og:description\" content=\"Studime Bachelor n\u00eb Menaxhim n\u00eb Turiz\u00ebm n\u00eb gjuh\u00eb boshnjake n\u00eb UHZ \u2013 program 180 ECTS, fokus praktik dhe teorik p\u00ebr karrier\u00eb n\u00eb turiz\u00ebm dhe menaxhim.\" \/>\n<meta property=\"og:url\" content=\"https:\/\/unhz.eu\/fmthm\/programet-mtb\/menaxhim-ne-turizem-bsc-gjuhe-boshnjake\/\" \/>\n<meta property=\"og:site_name\" content=\"Fakulteti i Menaxhimit n\u00eb Turiz\u00ebm, Hotelieri dhe Mjedis\" \/>\n<meta property=\"article:modified_time\" content=\"2026-01-29T12:21:51+00:00\" \/>\n<meta name=\"twitter:card\" content=\"summary_large_image\" \/>\n<meta name=\"twitter:label1\" content=\"Est. reading time\" \/>\n\t<meta name=\"twitter:data1\" content=\"3 minuta\" \/>\n<script type=\"application\/ld+json\" class=\"yoast-schema-graph\">{\"@context\":\"https:\/\/schema.org\",\"@graph\":[{\"@type\":\"WebPage\",\"@id\":\"https:\/\/unhz.eu\/fmthm\/programet-mtb\/menaxhim-ne-turizem-bsc-gjuhe-boshnjake\/\",\"url\":\"https:\/\/unhz.eu\/fmthm\/programet-mtb\/menaxhim-ne-turizem-bsc-gjuhe-boshnjake\/\",\"name\":\"Menaxhim n\u00eb Turiz\u00ebm BSc \u2013 gjuh\u00eb boshnjake | UHZ FMTHM\",\"isPartOf\":{\"@id\":\"https:\/\/unhz.eu\/fmthm\/#website\"},\"datePublished\":\"2025-01-17T09:52:53+00:00\",\"dateModified\":\"2026-01-29T12:21:51+00:00\",\"description\":\"Studime Bachelor n\u00eb Menaxhim n\u00eb Turiz\u00ebm n\u00eb gjuh\u00eb boshnjake n\u00eb UHZ \u2013 program 180 ECTS, fokus praktik dhe teorik p\u00ebr karrier\u00eb n\u00eb turiz\u00ebm dhe menaxhim.\",\"breadcrumb\":{\"@id\":\"https:\/\/unhz.eu\/fmthm\/programet-mtb\/menaxhim-ne-turizem-bsc-gjuhe-boshnjake\/#breadcrumb\"},\"inLanguage\":\"sq\",\"potentialAction\":[{\"@type\":\"ReadAction\",\"target\":[\"https:\/\/unhz.eu\/fmthm\/programet-mtb\/menaxhim-ne-turizem-bsc-gjuhe-boshnjake\/\"]}]},{\"@type\":\"BreadcrumbList\",\"@id\":\"https:\/\/unhz.eu\/fmthm\/programet-mtb\/menaxhim-ne-turizem-bsc-gjuhe-boshnjake\/#breadcrumb\",\"itemListElement\":[{\"@type\":\"ListItem\",\"position\":1,\"name\":\"Home\",\"item\":\"https:\/\/unhz.eu\/fmthm\/\"},{\"@type\":\"ListItem\",\"position\":2,\"name\":\"Programet MTB\",\"item\":\"https:\/\/unhz.eu\/fmthm\/programet-mtb\/\"},{\"@type\":\"ListItem\",\"position\":3,\"name\":\"Menaxhim n\u00eb Turiz\u00ebm (Bsc) gjuh\u00eb boshnjake\"}]},{\"@type\":\"WebSite\",\"@id\":\"https:\/\/unhz.eu\/fmthm\/#website\",\"url\":\"https:\/\/unhz.eu\/fmthm\/\",\"name\":\"Fakulteti i Menaxhimit n\u00eb Turiz\u00ebm, Hotelieri dhe Mjedis\",\"description\":\"I dedikuar p\u00ebr cil\u00ebsi standarde dhe suksese\",\"publisher\":{\"@id\":\"https:\/\/unhz.eu\/fmthm\/#organization\"},\"potentialAction\":[{\"@type\":\"SearchAction\",\"target\":{\"@type\":\"EntryPoint\",\"urlTemplate\":\"https:\/\/unhz.eu\/fmthm\/?s={search_term_string}\"},\"query-input\":{\"@type\":\"PropertyValueSpecification\",\"valueRequired\":true,\"valueName\":\"search_term_string\"}}],\"inLanguage\":\"sq\"},{\"@type\":\"Organization\",\"@id\":\"https:\/\/unhz.eu\/fmthm\/#organization\",\"name\":\"Fakulteti i Menaxhimit n\u00eb Turiz\u00ebm, Hotelieri dhe Mjedis\",\"url\":\"https:\/\/unhz.eu\/fmthm\/\",\"logo\":{\"@type\":\"ImageObject\",\"inLanguage\":\"sq\",\"@id\":\"https:\/\/unhz.eu\/fmthm\/#\/schema\/logo\/image\/\",\"url\":\"https:\/\/unhz.eu\/fmthm\/wp-content\/uploads\/sites\/10\/2024\/02\/cropped-logo-1-1-e1713527702695.png\",\"contentUrl\":\"https:\/\/unhz.eu\/fmthm\/wp-content\/uploads\/sites\/10\/2024\/02\/cropped-logo-1-1-e1713527702695.png\",\"width\":100,\"height\":100,\"caption\":\"Fakulteti i Menaxhimit n\u00eb Turiz\u00ebm, Hotelieri dhe Mjedis\"},\"image\":{\"@id\":\"https:\/\/unhz.eu\/fmthm\/#\/schema\/logo\/image\/\"}}]}<\/script>\n<!-- \/ Yoast SEO Premium plugin. -->","yoast_head_json":{"title":"Menaxhim n\u00eb Turiz\u00ebm BSc \u2013 gjuh\u00eb boshnjake | UHZ FMTHM","description":"Studime Bachelor n\u00eb Menaxhim n\u00eb Turiz\u00ebm n\u00eb gjuh\u00eb boshnjake n\u00eb UHZ \u2013 program 180 ECTS, fokus praktik dhe teorik p\u00ebr karrier\u00eb n\u00eb turiz\u00ebm dhe menaxhim.","robots":{"index":"index","follow":"follow","max-snippet":"max-snippet:-1","max-image-preview":"max-image-preview:large","max-video-preview":"max-video-preview:-1"},"canonical":"https:\/\/unhz.eu\/fmthm\/programet-mtb\/menaxhim-ne-turizem-bsc-gjuhe-boshnjake\/","og_locale":"sq_AL","og_type":"article","og_title":"Menaxhim n\u00eb Turiz\u00ebm (Bsc) gjuh\u00eb boshnjake","og_description":"Studime Bachelor n\u00eb Menaxhim n\u00eb Turiz\u00ebm n\u00eb gjuh\u00eb boshnjake n\u00eb UHZ \u2013 program 180 ECTS, fokus praktik dhe teorik p\u00ebr karrier\u00eb n\u00eb turiz\u00ebm dhe menaxhim.","og_url":"https:\/\/unhz.eu\/fmthm\/programet-mtb\/menaxhim-ne-turizem-bsc-gjuhe-boshnjake\/","og_site_name":"Fakulteti i Menaxhimit n\u00eb Turiz\u00ebm, Hotelieri dhe Mjedis","article_modified_time":"2026-01-29T12:21:51+00:00","twitter_card":"summary_large_image","twitter_misc":{"Est. reading time":"3 minuta"},"schema":{"@context":"https:\/\/schema.org","@graph":[{"@type":"WebPage","@id":"https:\/\/unhz.eu\/fmthm\/programet-mtb\/menaxhim-ne-turizem-bsc-gjuhe-boshnjake\/","url":"https:\/\/unhz.eu\/fmthm\/programet-mtb\/menaxhim-ne-turizem-bsc-gjuhe-boshnjake\/","name":"Menaxhim n\u00eb Turiz\u00ebm BSc \u2013 gjuh\u00eb boshnjake | UHZ FMTHM","isPartOf":{"@id":"https:\/\/unhz.eu\/fmthm\/#website"},"datePublished":"2025-01-17T09:52:53+00:00","dateModified":"2026-01-29T12:21:51+00:00","description":"Studime Bachelor n\u00eb Menaxhim n\u00eb Turiz\u00ebm n\u00eb gjuh\u00eb boshnjake n\u00eb UHZ \u2013 program 180 ECTS, fokus praktik dhe teorik p\u00ebr karrier\u00eb n\u00eb turiz\u00ebm dhe menaxhim.","breadcrumb":{"@id":"https:\/\/unhz.eu\/fmthm\/programet-mtb\/menaxhim-ne-turizem-bsc-gjuhe-boshnjake\/#breadcrumb"},"inLanguage":"sq","potentialAction":[{"@type":"ReadAction","target":["https:\/\/unhz.eu\/fmthm\/programet-mtb\/menaxhim-ne-turizem-bsc-gjuhe-boshnjake\/"]}]},{"@type":"BreadcrumbList","@id":"https:\/\/unhz.eu\/fmthm\/programet-mtb\/menaxhim-ne-turizem-bsc-gjuhe-boshnjake\/#breadcrumb","itemListElement":[{"@type":"ListItem","position":1,"name":"Home","item":"https:\/\/unhz.eu\/fmthm\/"},{"@type":"ListItem","position":2,"name":"Programet MTB","item":"https:\/\/unhz.eu\/fmthm\/programet-mtb\/"},{"@type":"ListItem","position":3,"name":"Menaxhim n\u00eb Turiz\u00ebm (Bsc) gjuh\u00eb boshnjake"}]},{"@type":"WebSite","@id":"https:\/\/unhz.eu\/fmthm\/#website","url":"https:\/\/unhz.eu\/fmthm\/","name":"Fakulteti i Menaxhimit n\u00eb Turiz\u00ebm, Hotelieri dhe Mjedis","description":"I dedikuar p\u00ebr cil\u00ebsi standarde dhe suksese","publisher":{"@id":"https:\/\/unhz.eu\/fmthm\/#organization"},"potentialAction":[{"@type":"SearchAction","target":{"@type":"EntryPoint","urlTemplate":"https:\/\/unhz.eu\/fmthm\/?s={search_term_string}"},"query-input":{"@type":"PropertyValueSpecification","valueRequired":true,"valueName":"search_term_string"}}],"inLanguage":"sq"},{"@type":"Organization","@id":"https:\/\/unhz.eu\/fmthm\/#organization","name":"Fakulteti i Menaxhimit n\u00eb Turiz\u00ebm, Hotelieri dhe Mjedis","url":"https:\/\/unhz.eu\/fmthm\/","logo":{"@type":"ImageObject","inLanguage":"sq","@id":"https:\/\/unhz.eu\/fmthm\/#\/schema\/logo\/image\/","url":"https:\/\/unhz.eu\/fmthm\/wp-content\/uploads\/sites\/10\/2024\/02\/cropped-logo-1-1-e1713527702695.png","contentUrl":"https:\/\/unhz.eu\/fmthm\/wp-content\/uploads\/sites\/10\/2024\/02\/cropped-logo-1-1-e1713527702695.png","width":100,"height":100,"caption":"Fakulteti i Menaxhimit n\u00eb Turiz\u00ebm, Hotelieri dhe Mjedis"},"image":{"@id":"https:\/\/unhz.eu\/fmthm\/#\/schema\/logo\/image\/"}}]}},"_links":{"self":[{"href":"https:\/\/unhz.eu\/fmthm\/wp-json\/wp\/v2\/pages\/48837","targetHints":{"allow":["GET"]}}],"collection":[{"href":"https:\/\/unhz.eu\/fmthm\/wp-json\/wp\/v2\/pages"}],"about":[{"href":"https:\/\/unhz.eu\/fmthm\/wp-json\/wp\/v2\/types\/page"}],"author":[{"embeddable":true,"href":"https:\/\/unhz.eu\/fmthm\/wp-json\/wp\/v2\/users\/1"}],"replies":[{"embeddable":true,"href":"https:\/\/unhz.eu\/fmthm\/wp-json\/wp\/v2\/comments?post=48837"}],"version-history":[{"count":1,"href":"https:\/\/unhz.eu\/fmthm\/wp-json\/wp\/v2\/pages\/48837\/revisions"}],"predecessor-version":[{"id":49287,"href":"https:\/\/unhz.eu\/fmthm\/wp-json\/wp\/v2\/pages\/48837\/revisions\/49287"}],"up":[{"embeddable":true,"href":"https:\/\/unhz.eu\/fmthm\/wp-json\/wp\/v2\/pages\/48836"}],"wp:attachment":[{"href":"https:\/\/unhz.eu\/fmthm\/wp-json\/wp\/v2\/media?parent=48837"}],"curies":[{"name":"wp","href":"https:\/\/api.w.org\/{rel}","templated":true}]}}