{"id":48824,"date":"2025-01-17T09:43:48","date_gmt":"2025-01-17T09:43:48","guid":{"rendered":"https:\/\/unhz.eu\/fmthm\/?page_id=48824"},"modified":"2026-01-21T09:36:55","modified_gmt":"2026-01-21T08:36:55","slug":"oraret-mthm","status":"publish","type":"page","link":"https:\/\/unhz.eu\/fmthm\/oraret-mthm\/","title":{"rendered":"Oraret MTHM"},"content":{"rendered":"\t\t<div data-elementor-type=\"wp-page\" data-elementor-id=\"48824\" class=\"elementor elementor-48824\" data-elementor-post-type=\"page\">\n\t\t\t\t\t\t<section class=\"elementor-section elementor-top-section elementor-element elementor-element-91fe35d elementor-section-boxed elementor-section-height-default elementor-section-height-default sc_fly_static\" data-id=\"91fe35d\" data-element_type=\"section\" data-e-type=\"section\">\n\t\t\t\t\t\t<div class=\"elementor-container elementor-column-gap-extended\">\n\t\t\t\t\t<div class=\"elementor-column elementor-col-100 elementor-top-column elementor-element elementor-element-ab57250 sc_content_align_inherit sc_layouts_column_icons_position_left sc_fly_static\" data-id=\"ab57250\" data-element_type=\"column\" data-e-type=\"column\">\n\t\t\t<div class=\"elementor-widget-wrap\">\n\t\t\t\t\t\t\t<\/div>\n\t\t<\/div>\n\t\t\t\t\t<\/div>\n\t\t<\/section>\n\t\t\t\t<section class=\"elementor-section elementor-top-section elementor-element elementor-element-b157d50 elementor-section-boxed elementor-section-height-default elementor-section-height-default sc_fly_static\" data-id=\"b157d50\" data-element_type=\"section\" data-e-type=\"section\">\n\t\t\t\t\t\t<div class=\"elementor-container elementor-column-gap-extended\">\n\t\t\t\t\t<div class=\"elementor-column elementor-col-100 elementor-top-column elementor-element elementor-element-02888fc sc_content_align_inherit sc_layouts_column_icons_position_left sc_fly_static\" data-id=\"02888fc\" data-element_type=\"column\" data-e-type=\"column\">\n\t\t\t<div class=\"elementor-widget-wrap elementor-element-populated\">\n\t\t\t\t\t\t<div class=\"elementor-element elementor-element-e69ebc5 sc_fly_static elementor-widget elementor-widget-toggle\" data-id=\"e69ebc5\" data-element_type=\"widget\" data-e-type=\"widget\" data-widget_type=\"toggle.default\">\n\t\t\t\t<div class=\"elementor-widget-container\">\n\t\t\t\t\t\t\t<div class=\"elementor-toggle\">\n\t\t\t\t\t\t\t<div class=\"elementor-toggle-item\">\n\t\t\t\t\t<div id=\"elementor-tab-title-2411\" class=\"elementor-tab-title\" data-tab=\"1\" role=\"button\" aria-controls=\"elementor-tab-content-2411\" aria-expanded=\"false\">\n\t\t\t\t\t\t\t\t\t\t\t\t<span class=\"elementor-toggle-icon elementor-toggle-icon-left\" aria-hidden=\"true\">\n\t\t\t\t\t\t\t\t\t\t\t\t\t\t\t<span class=\"elementor-toggle-icon-closed\"><i class=\"fas fa-caret-right\"><\/i><\/span>\n\t\t\t\t\t\t\t\t<span class=\"elementor-toggle-icon-opened\"><i class=\"elementor-toggle-icon-opened fas fa-caret-up\"><\/i><\/span>\n\t\t\t\t\t\t\t\t\t\t\t\t\t<\/span>\n\t\t\t\t\t\t\t\t\t\t\t\t<a class=\"elementor-toggle-title\" tabindex=\"0\">Orari i ligjeratave<\/a>\n\t\t\t\t\t<\/div>\n\n\t\t\t\t\t<div id=\"elementor-tab-content-2411\" class=\"elementor-tab-content elementor-clearfix\" data-tab=\"1\" role=\"region\" aria-labelledby=\"elementor-tab-title-2411\"><p><a href=\"https:\/\/unhz.eu\/fmthm\/wp-content\/uploads\/sites\/10\/2025\/11\/MTHM-Bachelor-Orari-i-ligjeratave-dhe-ushtrimeve-semestri-dimeror-2025-2026-1-1-1.pdf\">PDF<\/a><\/p><p>[pdf-embedder url=&#8221;https:\/\/unhz.eu\/fmthm\/wp-content\/uploads\/sites\/10\/2025\/11\/MTHM-Bachelor-Orari-i-ligjeratave-dhe-ushtrimeve-semestri-dimeror-2025-2026-1-1-1.pdf&#8221; title=&#8221;MTHM &#8211; Bachelor &#8211; Orari i ligjeratave dhe ushtrimeve &#8211; semestri dimeror &#8211; 2025-2026 (1) (1)&#8221;]<\/p><\/div>\n\t\t\t\t<\/div>\n\t\t\t\t\t\t\t<div class=\"elementor-toggle-item\">\n\t\t\t\t\t<div id=\"elementor-tab-title-2412\" class=\"elementor-tab-title\" data-tab=\"2\" role=\"button\" aria-controls=\"elementor-tab-content-2412\" aria-expanded=\"false\">\n\t\t\t\t\t\t\t\t\t\t\t\t<span class=\"elementor-toggle-icon elementor-toggle-icon-left\" aria-hidden=\"true\">\n\t\t\t\t\t\t\t\t\t\t\t\t\t\t\t<span class=\"elementor-toggle-icon-closed\"><i class=\"fas fa-caret-right\"><\/i><\/span>\n\t\t\t\t\t\t\t\t<span class=\"elementor-toggle-icon-opened\"><i class=\"elementor-toggle-icon-opened fas fa-caret-up\"><\/i><\/span>\n\t\t\t\t\t\t\t\t\t\t\t\t\t<\/span>\n\t\t\t\t\t\t\t\t\t\t\t\t<a class=\"elementor-toggle-title\" tabindex=\"0\">Orari i provimeve<\/a>\n\t\t\t\t\t<\/div>\n\n\t\t\t\t\t<div id=\"elementor-tab-content-2412\" class=\"elementor-tab-content elementor-clearfix\" data-tab=\"2\" role=\"region\" aria-labelledby=\"elementor-tab-title-2412\"><p><a href=\"https:\/\/unhz.eu\/fmthm\/wp-content\/uploads\/sites\/10\/2026\/01\/Bachelor-Orari-i-prov-.-janar-2026-Menaxhin-ne-turizem-hoteleri-dhe-mjedis-1.pdf\">Orari Provimeve BMTHM<\/a><\/p><p>\u00a0<\/p><\/div>\n\t\t\t\t<\/div>\n\t\t\t\t\t\t\t\t<\/div>\n\t\t\t\t\t\t<\/div>\n\t\t\t\t<\/div>\n\t\t\t\t\t<\/div>\n\t\t<\/div>\n\t\t\t\t\t<\/div>\n\t\t<\/section>\n\t\t\t\t<\/div>\n\t\t","protected":false},"excerpt":{"rendered":"<p>Orari i ligjeratave PDF [pdf-embedder url=&#8221;https:\/\/unhz.eu\/fmthm\/wp-content\/uploads\/sites\/10\/2025\/11\/MTHM-Bachelor-Orari-i-ligjeratave-dhe-ushtrimeve-semestri-dimeror-2025-2026-1-1-1.pdf&#8221; title=&#8221;MTHM &#8211; Bachelor &#8211; Orari i ligjeratave dhe ushtrimeve&hellip;<\/p>\n","protected":false},"author":1,"featured_media":0,"parent":0,"menu_order":0,"comment_status":"closed","ping_status":"closed","template":"","meta":{"footnotes":""},"class_list":["post-48824","page","type-page","status-publish","hentry"],"yoast_head":"<!-- This site is optimized with the Yoast SEO Premium plugin v27.2 (Yoast SEO v27.2) - https:\/\/yoast.com\/product\/yoast-seo-premium-wordpress\/ -->\n<title>Oraret MTHM - Fakulteti i Menaxhimit n\u00eb Turiz\u00ebm, Hotelieri dhe Mjedis<\/title>\n<meta name=\"description\" content=\"Shiko orarin e ligj\u00ebratave dhe provimeve p\u00ebr programin Bachelor n\u00eb Menaxhim n\u00eb Turiz\u00ebm, Hotelieri dhe Mjedis n\u00eb UHZ \u2013 semestri pranveror dhe sesionet e provimeve 2024-2025.\" \/>\n<meta name=\"robots\" content=\"index, follow, max-snippet:-1, max-image-preview:large, max-video-preview:-1\" \/>\n<link rel=\"canonical\" href=\"https:\/\/unhz.eu\/fmthm\/oraret-mthm\/\" \/>\n<meta property=\"og:locale\" content=\"sq_AL\" \/>\n<meta property=\"og:type\" content=\"article\" \/>\n<meta property=\"og:title\" content=\"Oraret MTHM\" \/>\n<meta property=\"og:description\" content=\"Shiko orarin e ligj\u00ebratave dhe provimeve p\u00ebr programin Bachelor n\u00eb Menaxhim n\u00eb Turiz\u00ebm, Hotelieri dhe Mjedis n\u00eb UHZ \u2013 semestri pranveror dhe sesionet e provimeve 2024-2025.\" \/>\n<meta property=\"og:url\" content=\"https:\/\/unhz.eu\/fmthm\/oraret-mthm\/\" \/>\n<meta property=\"og:site_name\" content=\"Fakulteti i Menaxhimit n\u00eb Turiz\u00ebm, Hotelieri dhe Mjedis\" \/>\n<meta property=\"article:modified_time\" content=\"2026-01-21T08:36:55+00:00\" \/>\n<meta name=\"twitter:card\" content=\"summary_large_image\" \/>\n<meta name=\"twitter:label1\" content=\"Est. reading time\" \/>\n\t<meta name=\"twitter:data1\" content=\"1 minut\u00eb\" \/>\n<script type=\"application\/ld+json\" class=\"yoast-schema-graph\">{\"@context\":\"https:\/\/schema.org\",\"@graph\":[{\"@type\":\"WebPage\",\"@id\":\"https:\/\/unhz.eu\/fmthm\/oraret-mthm\/\",\"url\":\"https:\/\/unhz.eu\/fmthm\/oraret-mthm\/\",\"name\":\"Oraret MTHM - Fakulteti i Menaxhimit n\u00eb Turiz\u00ebm, Hotelieri dhe Mjedis\",\"isPartOf\":{\"@id\":\"https:\/\/unhz.eu\/fmthm\/#website\"},\"datePublished\":\"2025-01-17T09:43:48+00:00\",\"dateModified\":\"2026-01-21T08:36:55+00:00\",\"description\":\"Shiko orarin e ligj\u00ebratave dhe provimeve p\u00ebr programin Bachelor n\u00eb Menaxhim n\u00eb Turiz\u00ebm, Hotelieri dhe Mjedis n\u00eb UHZ \u2013 semestri pranveror dhe sesionet e provimeve 2024-2025.\",\"breadcrumb\":{\"@id\":\"https:\/\/unhz.eu\/fmthm\/oraret-mthm\/#breadcrumb\"},\"inLanguage\":\"sq\",\"potentialAction\":[{\"@type\":\"ReadAction\",\"target\":[\"https:\/\/unhz.eu\/fmthm\/oraret-mthm\/\"]}]},{\"@type\":\"BreadcrumbList\",\"@id\":\"https:\/\/unhz.eu\/fmthm\/oraret-mthm\/#breadcrumb\",\"itemListElement\":[{\"@type\":\"ListItem\",\"position\":1,\"name\":\"Home\",\"item\":\"https:\/\/unhz.eu\/fmthm\/\"},{\"@type\":\"ListItem\",\"position\":2,\"name\":\"Oraret MTHM\"}]},{\"@type\":\"WebSite\",\"@id\":\"https:\/\/unhz.eu\/fmthm\/#website\",\"url\":\"https:\/\/unhz.eu\/fmthm\/\",\"name\":\"Fakulteti i Menaxhimit n\u00eb Turiz\u00ebm, Hotelieri dhe Mjedis\",\"description\":\"I dedikuar p\u00ebr cil\u00ebsi standarde dhe suksese\",\"publisher\":{\"@id\":\"https:\/\/unhz.eu\/fmthm\/#organization\"},\"potentialAction\":[{\"@type\":\"SearchAction\",\"target\":{\"@type\":\"EntryPoint\",\"urlTemplate\":\"https:\/\/unhz.eu\/fmthm\/?s={search_term_string}\"},\"query-input\":{\"@type\":\"PropertyValueSpecification\",\"valueRequired\":true,\"valueName\":\"search_term_string\"}}],\"inLanguage\":\"sq\"},{\"@type\":\"Organization\",\"@id\":\"https:\/\/unhz.eu\/fmthm\/#organization\",\"name\":\"Fakulteti i Menaxhimit n\u00eb Turiz\u00ebm, Hotelieri dhe Mjedis\",\"url\":\"https:\/\/unhz.eu\/fmthm\/\",\"logo\":{\"@type\":\"ImageObject\",\"inLanguage\":\"sq\",\"@id\":\"https:\/\/unhz.eu\/fmthm\/#\/schema\/logo\/image\/\",\"url\":\"https:\/\/unhz.eu\/fmthm\/wp-content\/uploads\/sites\/10\/2024\/02\/cropped-logo-1-1-e1713527702695.png\",\"contentUrl\":\"https:\/\/unhz.eu\/fmthm\/wp-content\/uploads\/sites\/10\/2024\/02\/cropped-logo-1-1-e1713527702695.png\",\"width\":100,\"height\":100,\"caption\":\"Fakulteti i Menaxhimit n\u00eb Turiz\u00ebm, Hotelieri dhe Mjedis\"},\"image\":{\"@id\":\"https:\/\/unhz.eu\/fmthm\/#\/schema\/logo\/image\/\"}}]}<\/script>\n<!-- \/ Yoast SEO Premium plugin. -->","yoast_head_json":{"title":"Oraret MTHM - Fakulteti i Menaxhimit n\u00eb Turiz\u00ebm, Hotelieri dhe Mjedis","description":"Shiko orarin e ligj\u00ebratave dhe provimeve p\u00ebr programin Bachelor n\u00eb Menaxhim n\u00eb Turiz\u00ebm, Hotelieri dhe Mjedis n\u00eb UHZ \u2013 semestri pranveror dhe sesionet e provimeve 2024-2025.","robots":{"index":"index","follow":"follow","max-snippet":"max-snippet:-1","max-image-preview":"max-image-preview:large","max-video-preview":"max-video-preview:-1"},"canonical":"https:\/\/unhz.eu\/fmthm\/oraret-mthm\/","og_locale":"sq_AL","og_type":"article","og_title":"Oraret MTHM","og_description":"Shiko orarin e ligj\u00ebratave dhe provimeve p\u00ebr programin Bachelor n\u00eb Menaxhim n\u00eb Turiz\u00ebm, Hotelieri dhe Mjedis n\u00eb UHZ \u2013 semestri pranveror dhe sesionet e provimeve 2024-2025.","og_url":"https:\/\/unhz.eu\/fmthm\/oraret-mthm\/","og_site_name":"Fakulteti i Menaxhimit n\u00eb Turiz\u00ebm, Hotelieri dhe Mjedis","article_modified_time":"2026-01-21T08:36:55+00:00","twitter_card":"summary_large_image","twitter_misc":{"Est. reading time":"1 minut\u00eb"},"schema":{"@context":"https:\/\/schema.org","@graph":[{"@type":"WebPage","@id":"https:\/\/unhz.eu\/fmthm\/oraret-mthm\/","url":"https:\/\/unhz.eu\/fmthm\/oraret-mthm\/","name":"Oraret MTHM - Fakulteti i Menaxhimit n\u00eb Turiz\u00ebm, Hotelieri dhe Mjedis","isPartOf":{"@id":"https:\/\/unhz.eu\/fmthm\/#website"},"datePublished":"2025-01-17T09:43:48+00:00","dateModified":"2026-01-21T08:36:55+00:00","description":"Shiko orarin e ligj\u00ebratave dhe provimeve p\u00ebr programin Bachelor n\u00eb Menaxhim n\u00eb Turiz\u00ebm, Hotelieri dhe Mjedis n\u00eb UHZ \u2013 semestri pranveror dhe sesionet e provimeve 2024-2025.","breadcrumb":{"@id":"https:\/\/unhz.eu\/fmthm\/oraret-mthm\/#breadcrumb"},"inLanguage":"sq","potentialAction":[{"@type":"ReadAction","target":["https:\/\/unhz.eu\/fmthm\/oraret-mthm\/"]}]},{"@type":"BreadcrumbList","@id":"https:\/\/unhz.eu\/fmthm\/oraret-mthm\/#breadcrumb","itemListElement":[{"@type":"ListItem","position":1,"name":"Home","item":"https:\/\/unhz.eu\/fmthm\/"},{"@type":"ListItem","position":2,"name":"Oraret MTHM"}]},{"@type":"WebSite","@id":"https:\/\/unhz.eu\/fmthm\/#website","url":"https:\/\/unhz.eu\/fmthm\/","name":"Fakulteti i Menaxhimit n\u00eb Turiz\u00ebm, Hotelieri dhe Mjedis","description":"I dedikuar p\u00ebr cil\u00ebsi standarde dhe suksese","publisher":{"@id":"https:\/\/unhz.eu\/fmthm\/#organization"},"potentialAction":[{"@type":"SearchAction","target":{"@type":"EntryPoint","urlTemplate":"https:\/\/unhz.eu\/fmthm\/?s={search_term_string}"},"query-input":{"@type":"PropertyValueSpecification","valueRequired":true,"valueName":"search_term_string"}}],"inLanguage":"sq"},{"@type":"Organization","@id":"https:\/\/unhz.eu\/fmthm\/#organization","name":"Fakulteti i Menaxhimit n\u00eb Turiz\u00ebm, Hotelieri dhe Mjedis","url":"https:\/\/unhz.eu\/fmthm\/","logo":{"@type":"ImageObject","inLanguage":"sq","@id":"https:\/\/unhz.eu\/fmthm\/#\/schema\/logo\/image\/","url":"https:\/\/unhz.eu\/fmthm\/wp-content\/uploads\/sites\/10\/2024\/02\/cropped-logo-1-1-e1713527702695.png","contentUrl":"https:\/\/unhz.eu\/fmthm\/wp-content\/uploads\/sites\/10\/2024\/02\/cropped-logo-1-1-e1713527702695.png","width":100,"height":100,"caption":"Fakulteti i Menaxhimit n\u00eb Turiz\u00ebm, Hotelieri dhe Mjedis"},"image":{"@id":"https:\/\/unhz.eu\/fmthm\/#\/schema\/logo\/image\/"}}]}},"_links":{"self":[{"href":"https:\/\/unhz.eu\/fmthm\/wp-json\/wp\/v2\/pages\/48824","targetHints":{"allow":["GET"]}}],"collection":[{"href":"https:\/\/unhz.eu\/fmthm\/wp-json\/wp\/v2\/pages"}],"about":[{"href":"https:\/\/unhz.eu\/fmthm\/wp-json\/wp\/v2\/types\/page"}],"author":[{"embeddable":true,"href":"https:\/\/unhz.eu\/fmthm\/wp-json\/wp\/v2\/users\/1"}],"replies":[{"embeddable":true,"href":"https:\/\/unhz.eu\/fmthm\/wp-json\/wp\/v2\/comments?post=48824"}],"version-history":[{"count":5,"href":"https:\/\/unhz.eu\/fmthm\/wp-json\/wp\/v2\/pages\/48824\/revisions"}],"predecessor-version":[{"id":49653,"href":"https:\/\/unhz.eu\/fmthm\/wp-json\/wp\/v2\/pages\/48824\/revisions\/49653"}],"wp:attachment":[{"href":"https:\/\/unhz.eu\/fmthm\/wp-json\/wp\/v2\/media?parent=48824"}],"curies":[{"name":"wp","href":"https:\/\/api.w.org\/{rel}","templated":true}]}}