{"id":48821,"date":"2025-01-17T09:42:30","date_gmt":"2025-01-17T09:42:30","guid":{"rendered":"https:\/\/unhz.eu\/fmthm\/?page_id=48821"},"modified":"2025-10-24T07:59:59","modified_gmt":"2025-10-24T07:59:59","slug":"menaxhment-ne-turizem-hotelieri-dhe-mjedis-2022-2025","status":"publish","type":"page","link":"https:\/\/unhz.eu\/fmthm\/programet-mthm\/menaxhment-ne-turizem-hotelieri-dhe-mjedis-2022-2025\/","title":{"rendered":"MENAXHMENT N\u00cb TURIZ\u00cbM, HOTELIERI DHE MJEDIS \u2013 2022-2025"},"content":{"rendered":"\n<h5 class=\"wp-block-heading\">PROGRAMI I STUDIMIT MENAXHMENT N\u00cb TURIZ\u00cbM, HOTELIERI DHE MJEDIS \u2013 BACHELOR 2022-2025<\/h5>\n\n\n\n<p>Specializimet:<\/p>\n\n\n\n<p>\u00b7&nbsp;&nbsp;&nbsp;&nbsp;&nbsp;&nbsp;&nbsp;&nbsp; Menaxhim n\u00eb Turiz\u00ebm<\/p>\n\n\n\n<p>\u00b7&nbsp;&nbsp;&nbsp;&nbsp;&nbsp;&nbsp;&nbsp;&nbsp; Menaxhim n\u00eb Hotelieri<\/p>\n\n\n\n<p>\u00b7&nbsp;&nbsp;&nbsp;&nbsp;&nbsp;&nbsp;&nbsp;&nbsp; Menaxhim n\u00eb Mjedis<\/p>\n\n\n\n<figure class=\"wp-block-table\"><table class=\"has-fixed-layout\"><tbody><tr><td colspan=\"9\">Viti I<\/td><\/tr><tr><td colspan=\"6\">Semestri I<\/td><td colspan=\"3\">Or\u00eb-Jav\u00eb<\/td><\/tr><tr><td>Nr.<\/td><td colspan=\"2\">O\/Z<\/td><td>PGJ\/PL<\/td><td colspan=\"2\">L\u00ebnd\u00ebt<\/td><td>L<\/td><td>U<\/td><td>ECTS<\/td><\/tr><tr><td>1.<\/td><td colspan=\"2\">O<\/td><td>PGj<\/td><td colspan=\"2\">Matematik\u00eb<\/td><td>2<\/td><td>2<\/td><td>6<\/td><\/tr><tr><td>2.<\/td><td colspan=\"2\">O<\/td><td>PGj<\/td><td colspan=\"2\">Bazat e menaxhimit<\/td><td>2<\/td><td>2<\/td><td>6<\/td><\/tr><tr><td>3.<\/td><td colspan=\"2\">O<\/td><td>PGj<\/td><td colspan=\"2\">Bazat e informatikes<\/td><td>2<\/td><td>2<\/td><td>6<\/td><\/tr><tr><td colspan=\"9\"><\/td><\/tr><tr><td>4.<\/td><td colspan=\"2\">O<\/td><td>HT<\/td><td colspan=\"2\">Biznesi n\u00eb turiz\u00ebm dhe hoteleri<\/td><td>2<\/td><td>2<\/td><td>5<\/td><\/tr><tr><td>5.<\/td><td colspan=\"2\">O<\/td><td>HT<\/td><td colspan=\"2\">Hyrje n\u00eb turiz\u00ebm dhe hoteleri<\/td><td>2<\/td><td>2<\/td><td>7<\/td><\/tr><tr><td>6.<\/td><td colspan=\"2\">O<\/td><td>M<\/td><td colspan=\"2\">Hyrje n\u00eb shkencat mjedisore<\/td><td>2<\/td><td>2<\/td><td>7<\/td><\/tr><tr><td>7.<\/td><td colspan=\"2\">O<\/td><td>M<\/td><td colspan=\"2\">Pyjet dhe pejsazhet<\/td><td>2<\/td><td>2<\/td><td>5<\/td><\/tr><tr><td><\/td><td colspan=\"2\"><\/td><td><\/td><td colspan=\"2\">Totali<\/td><td><\/td><td><\/td><td>30<\/td><\/tr><tr><td colspan=\"6\">Semestri II<\/td><td colspan=\"3\">Or\u00eb-Jav\u00eb<\/td><\/tr><tr><td>Nr.<\/td><td>O<\/td><td colspan=\"2\">PGj\/PF<\/td><td colspan=\"2\">L\u00ebnd\u00ebt<\/td><td>L<\/td><td>U<\/td><td>ECTS<\/td><\/tr><tr><td>1.<\/td><td>O<\/td><td colspan=\"2\">PGj<\/td><td colspan=\"2\">Statistik\u00eb<\/td><td>2<\/td><td>2<\/td><td>6<\/td><\/tr><tr><td>2.<\/td><td>O<\/td><td colspan=\"2\">PGj<\/td><td colspan=\"2\">Shkrimi akademik<\/td><td>2<\/td><td>2<\/td><td>6<\/td><\/tr><tr><td rowspan=\"3\">3.<\/td><td rowspan=\"3\">O<\/td><td colspan=\"2\" rowspan=\"3\">PGj<\/td><td rowspan=\"3\">Gjuh\u00eb huaj 1<\/td><td>Anglisht<\/td><td>2<\/td><td>2<\/td><td>5<\/td><\/tr><tr><td>Gjermanisht<\/td><td>2<\/td><td>2<\/td><td>5<\/td><\/tr><tr><td><\/td><td><\/td><td><\/td><td><\/td><\/tr><tr><td colspan=\"9\">Profesionale<\/td><\/tr><tr><td>4.<\/td><td>O<\/td><td colspan=\"2\">HT<\/td><td colspan=\"2\">Hyrje n\u00eb ekonomi<\/td><td>2<\/td><td>2<\/td><td>7<\/td><\/tr><tr><td>5.<\/td><td>O<\/td><td colspan=\"2\">HT<\/td><td colspan=\"2\">Kontabilitet ne turizem dhe hoteleri<\/td><td>2<\/td><td>2<\/td><td>6<\/td><\/tr><tr><td>6.<\/td><td>O<\/td><td colspan=\"2\">M<\/td><td colspan=\"2\">E drejat dhe politikat&nbsp; mjedisore<\/td><td>2<\/td><td>2<\/td><td>7<\/td><\/tr><tr><td>7.<\/td><td>O<\/td><td colspan=\"2\">M<\/td><td colspan=\"2\">Menaxhimi mjedisor dhe industria<\/td><td>2<\/td><td>2<\/td><td>6<\/td><\/tr><tr><td><\/td><td><\/td><td colspan=\"2\"><\/td><td colspan=\"2\">Totali<\/td><td><\/td><td><\/td><td>30<\/td><\/tr><tr><td><\/td><td><\/td><td><\/td><td><\/td><td><\/td><td><\/td><td><\/td><td><\/td><td><\/td><\/tr><\/tbody><\/table><\/figure>\n\n\n\n<figure class=\"wp-block-table\"><table class=\"has-fixed-layout\"><tbody><tr><td colspan=\"10\">Viti II<\/td><\/tr><tr><td colspan=\"7\">Semestri III<\/td><td colspan=\"3\">Or\u00eb-Jav\u00eb<\/td><\/tr><tr><td>Nr.<\/td><td colspan=\"3\">O\/Z<\/td><td>PGj\/PF<\/td><td colspan=\"2\">L\u00ebnd\u00ebt<\/td><td>L<\/td><td>U<\/td><td>ECTS<\/td><\/tr><tr><td>1.<\/td><td colspan=\"3\">O<\/td><td>PGj<\/td><td colspan=\"2\">Trash\u00ebgimia kulturore<\/td><td>2<\/td><td>2<\/td><td>6<\/td><\/tr><tr><td>2.<\/td><td colspan=\"3\">O<\/td><td>PGj<\/td><td colspan=\"2\">Hyrje ne marketing<\/td><td>2<\/td><td>2<\/td><td>7<\/td><\/tr><tr><td>3.<\/td><td colspan=\"3\">O<\/td><td>PGj<\/td><td colspan=\"2\">Menaxhimi i ushqimit dhe pijeve<\/td><td>2<\/td><td>2<\/td><td>6<\/td><\/tr><tr><td colspan=\"10\"><\/td><\/tr><tr><td>4<\/td><td colspan=\"3\">O<\/td><td>HT<\/td><td colspan=\"2\">Organizimi dhe menaxhimi i ngjarjeve<\/td><td>2<\/td><td>2<\/td><td>6<\/td><\/tr><tr><td>5<\/td><td colspan=\"3\">O<\/td><td>HT<\/td><td colspan=\"2\">E drejta ne turizem dhe hoteleri<\/td><td>2<\/td><td>2<\/td><td>5<\/td><\/tr><tr><td>6<\/td><td colspan=\"3\">O<\/td><td>M<\/td><td colspan=\"2\">Toksikologjia mjedisore<\/td><td>2<\/td><td>2<\/td><td>6<\/td><\/tr><tr><td>7<\/td><td colspan=\"3\">O<\/td><td>M<\/td><td colspan=\"2\">Menaxhimi i cil\u00ebsise aj\u00ebrit<\/td><td>2<\/td><td>2<\/td><td>5<\/td><\/tr><tr><td><\/td><td colspan=\"3\"><\/td><td><\/td><td colspan=\"2\">Totali<\/td><td><\/td><td><\/td><td>30<\/td><\/tr><tr><td colspan=\"7\">Semestri IV<\/td><td colspan=\"3\">Or\u00eb-Jav\u00eb<\/td><\/tr><tr><td>Nr.<\/td><td>0\/Z<\/td><td colspan=\"3\">PGj\/PF<\/td><td colspan=\"2\">L\u00ebnd\u00ebt<\/td><td>L<\/td><td>U<\/td><td>ECTS<\/td><\/tr><tr><td>1.<\/td><td>O<\/td><td colspan=\"3\">PGj<\/td><td colspan=\"2\">Gjeografia turistike<\/td><td>2<\/td><td>2<\/td><td>6<\/td><\/tr><tr><td>2.<\/td><td>O<\/td><td colspan=\"3\">PGj<\/td><td colspan=\"2\">Menaxhimi i burimeve njer\u00ebzore<\/td><td>2<\/td><td>2<\/td><td>6<\/td><\/tr><tr><td>3.<\/td><td>O<\/td><td colspan=\"3\">PGj<\/td><td colspan=\"2\">Ekologjia<\/td><td>2<\/td><td>2<\/td><td>6<\/td><\/tr><tr><td rowspan=\"3\">4.<\/td><td rowspan=\"3\">O<\/td><td colspan=\"3\" rowspan=\"3\">PGj<\/td><td rowspan=\"3\">&nbsp; Gjuh\u00eb e huaj 2<\/td><td>Anglisht<\/td><td>2<\/td><td>2<\/td><td>6<\/td><\/tr><tr><td>Gjermanisht<\/td><td>2<\/td><td>2<\/td><td>6<\/td><\/tr><tr><td><\/td><td><\/td><td><\/td><td><\/td><\/tr><tr><td colspan=\"10\"><\/td><\/tr><tr><td>5.<\/td><td colspan=\"2\">O<\/td><td colspan=\"2\">HT<\/td><td colspan=\"2\">Financat n\u00eb turiz\u00ebm dhe hoteleri<\/td><td>2<\/td><td>2<\/td><td>6<\/td><\/tr><tr><td>6.<\/td><td colspan=\"2\">O<\/td><td colspan=\"2\">M<\/td><td colspan=\"2\">Ndotja dhe mbrojtja e tok\u00ebs<\/td><td>2<\/td><td>2<\/td><td>6<\/td><\/tr><tr><td><\/td><td colspan=\"2\"><\/td><td colspan=\"2\"><\/td><td colspan=\"2\"><\/td><td><\/td><td><\/td><td><\/td><\/tr><tr><td><\/td><td colspan=\"2\"><\/td><td colspan=\"2\"><\/td><td colspan=\"2\">Totali<\/td><td><\/td><td><\/td><td>30<\/td><\/tr><tr><td><\/td><td><\/td><td><\/td><td><\/td><td><\/td><td><\/td><td><\/td><td><\/td><td><\/td><td><\/td><\/tr><\/tbody><\/table><\/figure>\n\n\n\n<figure class=\"wp-block-table\"><table class=\"has-fixed-layout\"><tbody><tr><td colspan=\"8\">Viti III<\/td><\/tr><tr><td colspan=\"5\">Semestri V<\/td><td colspan=\"3\">Or\u00eb-Jav\u00eb<\/td><\/tr><tr><td>Nr.<\/td><td colspan=\"2\">0\/Z<\/td><td>PGj\/PF<\/td><td>L\u00ebnd\u00ebt<\/td><td>L<\/td><td>U<\/td><td>ECTS<\/td><\/tr><tr><td>1.<\/td><td colspan=\"2\">O<\/td><td>PGj<\/td><td>M\u00ebsimi praktik<\/td><td>0<\/td><td>3<\/td><td>8<\/td><\/tr><tr><td>2.<\/td><td colspan=\"2\">O<\/td><td>PGj<\/td><td>Ekoturizmi<\/td><td>2<\/td><td>2<\/td><td>6<\/td><\/tr><tr><td>3<\/td><td colspan=\"2\">O<\/td><td>PGJ<\/td><td>Mjedisi dhe ekonomia e burimeve natyrore<\/td><td>2<\/td><td>2<\/td><td>6<\/td><\/tr><tr><td colspan=\"8\"><\/td><\/tr><tr><td>4.<\/td><td colspan=\"2\">Z<\/td><td>HT<\/td><td>Menaxhimi i turizmit dhe hoteleris\u00eb<\/td><td>2<\/td><td>2<\/td><td>5<\/td><\/tr><tr><td>5.<\/td><td colspan=\"2\">Z<\/td><td>HT<\/td><td>Menxhimi Strategjik<\/td><td>2<\/td><td>2<\/td><td>5<\/td><\/tr><tr><td>6<\/td><td colspan=\"2\">Z<\/td><td>HT<\/td><td>Menaxhimi i cil\u00ebsis\u00eb<\/td><td>2<\/td><td>2<\/td><td>5<\/td><\/tr><tr><td>8.<\/td><td colspan=\"2\">Z<\/td><td>M<\/td><td>Menaxhimi i Mbeturinave<\/td><td>2<\/td><td>2<\/td><td>5<\/td><\/tr><tr><td>9<\/td><td colspan=\"2\">Z<\/td><td>M<\/td><td>Menaxhimi i burimeve ujore<\/td><td>2<\/td><td>2<\/td><td>5<\/td><\/tr><tr><td><\/td><td colspan=\"2\"><\/td><td><\/td><td>Totali<\/td><td><\/td><td><\/td><td>30<\/td><\/tr><tr><td colspan=\"8\">Viti III<\/td><\/tr><tr><td colspan=\"5\">Moduli Turiz\u00ebm&nbsp;&nbsp; Semestri VI<\/td><td colspan=\"3\">Or\u00eb-Jav\u00eb<\/td><\/tr><tr><td>Nr.<\/td><td>O<\/td><td colspan=\"3\">L\u00ebnd\u00ebt<\/td><td>L<\/td><td>U<\/td><td>ECTS<\/td><\/tr><tr><td>1.<\/td><td>O<\/td><td colspan=\"3\">Zhvillimi dhe planifikimi i turizmit<\/td><td>2<\/td><td>2<\/td><td>5<\/td><\/tr><tr><td>2.<\/td><td>O<\/td><td colspan=\"3\">Ekonomia e turizmit dhe biznesi<\/td><td>2<\/td><td>2<\/td><td>5<\/td><\/tr><tr><td>3.<\/td><td>O<\/td><td colspan=\"3\">Produkti&nbsp; turistik<\/td><td>2<\/td><td>2<\/td><td>5<\/td><\/tr><tr><td>4.<\/td><td>O<\/td><td colspan=\"3\">Teza (Punimi i diplom\u00ebs)<\/td><td>2<\/td><td>0<\/td><td>10<\/td><\/tr><tr><td>5.<\/td><td>Z<\/td><td colspan=\"3\">Agjencit\u00eb turistike<\/td><td>2<\/td><td>2<\/td><td>5<\/td><\/tr><tr><td>6<\/td><td>Z<\/td><td colspan=\"3\">Sistemet informacionit dhe rezervimet n\u00eb agjencit\u00eb e udh\u00ebtimit<\/td><td>2<\/td><td>2<\/td><td>5<\/td><\/tr><tr><td><\/td><td><\/td><td colspan=\"3\">Totali<\/td><td><\/td><td><\/td><td>30\/180 ETC<\/td><\/tr><tr><td colspan=\"8\">Viti III<\/td><\/tr><tr><td colspan=\"5\">Moduli Hotelieri&nbsp;&nbsp; Semestri VI<\/td><td colspan=\"3\">Or\u00eb-Jav\u00eb<\/td><\/tr><tr><td>Nr.<\/td><td>O<\/td><td colspan=\"3\">L\u00ebnd\u00ebt<\/td><td>L<\/td><td>U<\/td><td>ECTS<\/td><\/tr><tr><td>1.<\/td><td>O<\/td><td colspan=\"3\">Industria &nbsp;hoteliere<\/td><td>2<\/td><td>2<\/td><td>5<\/td><\/tr><tr><td>2.<\/td><td>O<\/td><td colspan=\"3\">Menaxhimi i sherbimit te ushqimit<\/td><td>2<\/td><td>2<\/td><td>5<\/td><\/tr><tr><td>3.<\/td><td>O<\/td><td colspan=\"3\">Lidershipi<\/td><td>2<\/td><td>2<\/td><td>5<\/td><\/tr><tr><td>4.<\/td><td>O<\/td><td colspan=\"3\">Teza (Punimi i diplom\u00ebs)<\/td><td>2<\/td><td>0<\/td><td>10<\/td><\/tr><tr><td>5.<\/td><td>Z<\/td><td colspan=\"3\">Sh\u00ebrbimet e klientit n\u00eb hotele<\/td><td>2<\/td><td>2<\/td><td>5<\/td><\/tr><tr><td>6.<\/td><td>Z<\/td><td colspan=\"3\">Sistemet e informacionit dhe rezervimet n\u00eb hotele<\/td><td><\/td><td><\/td><td>5<\/td><\/tr><tr><td><\/td><td><\/td><td colspan=\"3\">Totali<\/td><td><\/td><td><\/td><td>30\/180 ETC<\/td><\/tr><tr><td colspan=\"8\">Viti III<\/td><\/tr><tr><td colspan=\"5\">Moduli Mjedis&nbsp; Semestri VI<\/td><td colspan=\"3\">Or\u00eb-Jav\u00eb<\/td><\/tr><tr><td>Nr.<\/td><td>O<\/td><td colspan=\"3\">L\u00ebnd\u00ebt<\/td><td>L<\/td><td>U<\/td><td>ECTS<\/td><\/tr><tr><td>1.<\/td><td>O<\/td><td colspan=\"3\">Projekti Studime Mjedisore<\/td><td>2<\/td><td>2<\/td><td>5<\/td><\/tr><tr><td>2.<\/td><td>O<\/td><td colspan=\"3\">Menaxhimi dhe mbrojtja e mjedisit<\/td><td>2<\/td><td>2<\/td><td>5<\/td><\/tr><tr><td>3.<\/td><td>O<\/td><td colspan=\"3\">Metodat e k\u00ebrkimit<\/td><td>2<\/td><td>2<\/td><td>5<\/td><\/tr><tr><td>4.<\/td><td>O<\/td><td colspan=\"3\">Teza (Punimi i diplom\u00ebs)<\/td><td>2<\/td><td>0<\/td><td>10<\/td><\/tr><tr><td>5.<\/td><td>Z<\/td><td colspan=\"3\">Trajtimi i&nbsp; uj\u00ebrave te zeza<\/td><td>2<\/td><td>2<\/td><td>5<\/td><\/tr><tr><td>6.<\/td><td>Z<\/td><td colspan=\"3\">Edukimi dhe perceptimi Mjedisor<\/td><td>2<\/td><td>2<\/td><td>5<\/td><\/tr><tr><td><\/td><td><\/td><td colspan=\"3\">Totali<\/td><td><\/td><td><\/td><td>30\/180 ETC<\/td><\/tr><tr><td><\/td><td><\/td><td><\/td><td><\/td><td><\/td><td><\/td><td><\/td><td><\/td><\/tr><\/tbody><\/table><\/figure>\n","protected":false},"excerpt":{"rendered":"<p>PROGRAMI I STUDIMIT MENAXHMENT N\u00cb TURIZ\u00cbM, HOTELIERI DHE MJEDIS \u2013 BACHELOR 2022-2025 Specializimet: \u00b7&nbsp;&nbsp;&nbsp;&nbsp;&nbsp;&nbsp;&nbsp;&nbsp; Menaxhim&hellip;<\/p>\n","protected":false},"author":1,"featured_media":0,"parent":48816,"menu_order":0,"comment_status":"closed","ping_status":"closed","template":"","meta":{"footnotes":""},"class_list":["post-48821","page","type-page","status-publish","hentry"],"yoast_head":"<!-- This site is optimized with the Yoast SEO Premium plugin v27.2 (Yoast SEO v27.2) - https:\/\/yoast.com\/product\/yoast-seo-premium-wordpress\/ -->\n<title>Menaxhim n\u00eb Turiz\u00ebm, Hotelieri &amp; Mjedis (2022-2025) \u2013 UHZ<\/title>\n<meta name=\"description\" content=\"Bachelor n\u00eb Menaxhim n\u00eb Turiz\u00ebm, Hotelieri dhe Mjedis (2022-2025) n\u00eb UHZ \u2013 program trevje\u00e7ar me specializime n\u00eb Turiz\u00ebm, Hotelieri dhe Mjedis, duke p\u00ebrfshir\u00eb kurikulum baz\u00eb dhe profesionale.\" \/>\n<meta name=\"robots\" content=\"index, follow, max-snippet:-1, max-image-preview:large, max-video-preview:-1\" \/>\n<link rel=\"canonical\" href=\"https:\/\/unhz.eu\/fmthm\/programet-mthm\/menaxhment-ne-turizem-hotelieri-dhe-mjedis-2022-2025\/\" \/>\n<meta property=\"og:locale\" content=\"sq_AL\" \/>\n<meta property=\"og:type\" content=\"article\" \/>\n<meta property=\"og:title\" content=\"MENAXHMENT N\u00cb TURIZ\u00cbM, HOTELIERI DHE MJEDIS \u2013 2022-2025\" \/>\n<meta property=\"og:description\" content=\"Bachelor n\u00eb Menaxhim n\u00eb Turiz\u00ebm, Hotelieri dhe Mjedis (2022-2025) n\u00eb UHZ \u2013 program trevje\u00e7ar me specializime n\u00eb Turiz\u00ebm, Hotelieri dhe Mjedis, duke p\u00ebrfshir\u00eb kurikulum baz\u00eb dhe profesionale.\" \/>\n<meta property=\"og:url\" content=\"https:\/\/unhz.eu\/fmthm\/programet-mthm\/menaxhment-ne-turizem-hotelieri-dhe-mjedis-2022-2025\/\" \/>\n<meta property=\"og:site_name\" content=\"Fakulteti i Menaxhimit n\u00eb Turiz\u00ebm, Hotelieri dhe Mjedis\" \/>\n<meta property=\"article:modified_time\" content=\"2025-10-24T07:59:59+00:00\" \/>\n<meta name=\"twitter:card\" content=\"summary_large_image\" \/>\n<meta name=\"twitter:label1\" content=\"Est. reading time\" \/>\n\t<meta name=\"twitter:data1\" content=\"3 minuta\" \/>\n<script type=\"application\/ld+json\" class=\"yoast-schema-graph\">{\"@context\":\"https:\/\/schema.org\",\"@graph\":[{\"@type\":\"WebPage\",\"@id\":\"https:\/\/unhz.eu\/fmthm\/programet-mthm\/menaxhment-ne-turizem-hotelieri-dhe-mjedis-2022-2025\/\",\"url\":\"https:\/\/unhz.eu\/fmthm\/programet-mthm\/menaxhment-ne-turizem-hotelieri-dhe-mjedis-2022-2025\/\",\"name\":\"Menaxhim n\u00eb Turiz\u00ebm, Hotelieri & Mjedis (2022-2025) \u2013 UHZ\",\"isPartOf\":{\"@id\":\"https:\/\/unhz.eu\/fmthm\/#website\"},\"datePublished\":\"2025-01-17T09:42:30+00:00\",\"dateModified\":\"2025-10-24T07:59:59+00:00\",\"description\":\"Bachelor n\u00eb Menaxhim n\u00eb Turiz\u00ebm, Hotelieri dhe Mjedis (2022-2025) n\u00eb UHZ \u2013 program trevje\u00e7ar me specializime n\u00eb Turiz\u00ebm, Hotelieri dhe Mjedis, duke p\u00ebrfshir\u00eb kurikulum baz\u00eb dhe profesionale.\",\"breadcrumb\":{\"@id\":\"https:\/\/unhz.eu\/fmthm\/programet-mthm\/menaxhment-ne-turizem-hotelieri-dhe-mjedis-2022-2025\/#breadcrumb\"},\"inLanguage\":\"sq\",\"potentialAction\":[{\"@type\":\"ReadAction\",\"target\":[\"https:\/\/unhz.eu\/fmthm\/programet-mthm\/menaxhment-ne-turizem-hotelieri-dhe-mjedis-2022-2025\/\"]}]},{\"@type\":\"BreadcrumbList\",\"@id\":\"https:\/\/unhz.eu\/fmthm\/programet-mthm\/menaxhment-ne-turizem-hotelieri-dhe-mjedis-2022-2025\/#breadcrumb\",\"itemListElement\":[{\"@type\":\"ListItem\",\"position\":1,\"name\":\"Home\",\"item\":\"https:\/\/unhz.eu\/fmthm\/\"},{\"@type\":\"ListItem\",\"position\":2,\"name\":\"Programi Menaxhim n\u00eb Turiz\u00ebm Hotelieri dhe Mjedis\",\"item\":\"https:\/\/unhz.eu\/fmthm\/programet-mthm\/\"},{\"@type\":\"ListItem\",\"position\":3,\"name\":\"MENAXHMENT N\u00cb TURIZ\u00cbM, HOTELIERI DHE MJEDIS \u2013 2022-2025\"}]},{\"@type\":\"WebSite\",\"@id\":\"https:\/\/unhz.eu\/fmthm\/#website\",\"url\":\"https:\/\/unhz.eu\/fmthm\/\",\"name\":\"Fakulteti i Menaxhimit n\u00eb Turiz\u00ebm, Hotelieri dhe Mjedis\",\"description\":\"I dedikuar p\u00ebr cil\u00ebsi standarde dhe suksese\",\"publisher\":{\"@id\":\"https:\/\/unhz.eu\/fmthm\/#organization\"},\"potentialAction\":[{\"@type\":\"SearchAction\",\"target\":{\"@type\":\"EntryPoint\",\"urlTemplate\":\"https:\/\/unhz.eu\/fmthm\/?s={search_term_string}\"},\"query-input\":{\"@type\":\"PropertyValueSpecification\",\"valueRequired\":true,\"valueName\":\"search_term_string\"}}],\"inLanguage\":\"sq\"},{\"@type\":\"Organization\",\"@id\":\"https:\/\/unhz.eu\/fmthm\/#organization\",\"name\":\"Fakulteti i Menaxhimit n\u00eb Turiz\u00ebm, Hotelieri dhe Mjedis\",\"url\":\"https:\/\/unhz.eu\/fmthm\/\",\"logo\":{\"@type\":\"ImageObject\",\"inLanguage\":\"sq\",\"@id\":\"https:\/\/unhz.eu\/fmthm\/#\/schema\/logo\/image\/\",\"url\":\"https:\/\/unhz.eu\/fmthm\/wp-content\/uploads\/sites\/10\/2024\/02\/cropped-logo-1-1-e1713527702695.png\",\"contentUrl\":\"https:\/\/unhz.eu\/fmthm\/wp-content\/uploads\/sites\/10\/2024\/02\/cropped-logo-1-1-e1713527702695.png\",\"width\":100,\"height\":100,\"caption\":\"Fakulteti i Menaxhimit n\u00eb Turiz\u00ebm, Hotelieri dhe Mjedis\"},\"image\":{\"@id\":\"https:\/\/unhz.eu\/fmthm\/#\/schema\/logo\/image\/\"}}]}<\/script>\n<!-- \/ Yoast SEO Premium plugin. -->","yoast_head_json":{"title":"Menaxhim n\u00eb Turiz\u00ebm, Hotelieri & Mjedis (2022-2025) \u2013 UHZ","description":"Bachelor n\u00eb Menaxhim n\u00eb Turiz\u00ebm, Hotelieri dhe Mjedis (2022-2025) n\u00eb UHZ \u2013 program trevje\u00e7ar me specializime n\u00eb Turiz\u00ebm, Hotelieri dhe Mjedis, duke p\u00ebrfshir\u00eb kurikulum baz\u00eb dhe profesionale.","robots":{"index":"index","follow":"follow","max-snippet":"max-snippet:-1","max-image-preview":"max-image-preview:large","max-video-preview":"max-video-preview:-1"},"canonical":"https:\/\/unhz.eu\/fmthm\/programet-mthm\/menaxhment-ne-turizem-hotelieri-dhe-mjedis-2022-2025\/","og_locale":"sq_AL","og_type":"article","og_title":"MENAXHMENT N\u00cb TURIZ\u00cbM, HOTELIERI DHE MJEDIS \u2013 2022-2025","og_description":"Bachelor n\u00eb Menaxhim n\u00eb Turiz\u00ebm, Hotelieri dhe Mjedis (2022-2025) n\u00eb UHZ \u2013 program trevje\u00e7ar me specializime n\u00eb Turiz\u00ebm, Hotelieri dhe Mjedis, duke p\u00ebrfshir\u00eb kurikulum baz\u00eb dhe profesionale.","og_url":"https:\/\/unhz.eu\/fmthm\/programet-mthm\/menaxhment-ne-turizem-hotelieri-dhe-mjedis-2022-2025\/","og_site_name":"Fakulteti i Menaxhimit n\u00eb Turiz\u00ebm, Hotelieri dhe Mjedis","article_modified_time":"2025-10-24T07:59:59+00:00","twitter_card":"summary_large_image","twitter_misc":{"Est. reading time":"3 minuta"},"schema":{"@context":"https:\/\/schema.org","@graph":[{"@type":"WebPage","@id":"https:\/\/unhz.eu\/fmthm\/programet-mthm\/menaxhment-ne-turizem-hotelieri-dhe-mjedis-2022-2025\/","url":"https:\/\/unhz.eu\/fmthm\/programet-mthm\/menaxhment-ne-turizem-hotelieri-dhe-mjedis-2022-2025\/","name":"Menaxhim n\u00eb Turiz\u00ebm, Hotelieri & Mjedis (2022-2025) \u2013 UHZ","isPartOf":{"@id":"https:\/\/unhz.eu\/fmthm\/#website"},"datePublished":"2025-01-17T09:42:30+00:00","dateModified":"2025-10-24T07:59:59+00:00","description":"Bachelor n\u00eb Menaxhim n\u00eb Turiz\u00ebm, Hotelieri dhe Mjedis (2022-2025) n\u00eb UHZ \u2013 program trevje\u00e7ar me specializime n\u00eb Turiz\u00ebm, Hotelieri dhe Mjedis, duke p\u00ebrfshir\u00eb kurikulum baz\u00eb dhe profesionale.","breadcrumb":{"@id":"https:\/\/unhz.eu\/fmthm\/programet-mthm\/menaxhment-ne-turizem-hotelieri-dhe-mjedis-2022-2025\/#breadcrumb"},"inLanguage":"sq","potentialAction":[{"@type":"ReadAction","target":["https:\/\/unhz.eu\/fmthm\/programet-mthm\/menaxhment-ne-turizem-hotelieri-dhe-mjedis-2022-2025\/"]}]},{"@type":"BreadcrumbList","@id":"https:\/\/unhz.eu\/fmthm\/programet-mthm\/menaxhment-ne-turizem-hotelieri-dhe-mjedis-2022-2025\/#breadcrumb","itemListElement":[{"@type":"ListItem","position":1,"name":"Home","item":"https:\/\/unhz.eu\/fmthm\/"},{"@type":"ListItem","position":2,"name":"Programi Menaxhim n\u00eb Turiz\u00ebm Hotelieri dhe Mjedis","item":"https:\/\/unhz.eu\/fmthm\/programet-mthm\/"},{"@type":"ListItem","position":3,"name":"MENAXHMENT N\u00cb TURIZ\u00cbM, HOTELIERI DHE MJEDIS \u2013 2022-2025"}]},{"@type":"WebSite","@id":"https:\/\/unhz.eu\/fmthm\/#website","url":"https:\/\/unhz.eu\/fmthm\/","name":"Fakulteti i Menaxhimit n\u00eb Turiz\u00ebm, Hotelieri dhe Mjedis","description":"I dedikuar p\u00ebr cil\u00ebsi standarde dhe suksese","publisher":{"@id":"https:\/\/unhz.eu\/fmthm\/#organization"},"potentialAction":[{"@type":"SearchAction","target":{"@type":"EntryPoint","urlTemplate":"https:\/\/unhz.eu\/fmthm\/?s={search_term_string}"},"query-input":{"@type":"PropertyValueSpecification","valueRequired":true,"valueName":"search_term_string"}}],"inLanguage":"sq"},{"@type":"Organization","@id":"https:\/\/unhz.eu\/fmthm\/#organization","name":"Fakulteti i Menaxhimit n\u00eb Turiz\u00ebm, Hotelieri dhe Mjedis","url":"https:\/\/unhz.eu\/fmthm\/","logo":{"@type":"ImageObject","inLanguage":"sq","@id":"https:\/\/unhz.eu\/fmthm\/#\/schema\/logo\/image\/","url":"https:\/\/unhz.eu\/fmthm\/wp-content\/uploads\/sites\/10\/2024\/02\/cropped-logo-1-1-e1713527702695.png","contentUrl":"https:\/\/unhz.eu\/fmthm\/wp-content\/uploads\/sites\/10\/2024\/02\/cropped-logo-1-1-e1713527702695.png","width":100,"height":100,"caption":"Fakulteti i Menaxhimit n\u00eb Turiz\u00ebm, Hotelieri dhe Mjedis"},"image":{"@id":"https:\/\/unhz.eu\/fmthm\/#\/schema\/logo\/image\/"}}]}},"_links":{"self":[{"href":"https:\/\/unhz.eu\/fmthm\/wp-json\/wp\/v2\/pages\/48821","targetHints":{"allow":["GET"]}}],"collection":[{"href":"https:\/\/unhz.eu\/fmthm\/wp-json\/wp\/v2\/pages"}],"about":[{"href":"https:\/\/unhz.eu\/fmthm\/wp-json\/wp\/v2\/types\/page"}],"author":[{"embeddable":true,"href":"https:\/\/unhz.eu\/fmthm\/wp-json\/wp\/v2\/users\/1"}],"replies":[{"embeddable":true,"href":"https:\/\/unhz.eu\/fmthm\/wp-json\/wp\/v2\/comments?post=48821"}],"version-history":[{"count":1,"href":"https:\/\/unhz.eu\/fmthm\/wp-json\/wp\/v2\/pages\/48821\/revisions"}],"predecessor-version":[{"id":49077,"href":"https:\/\/unhz.eu\/fmthm\/wp-json\/wp\/v2\/pages\/48821\/revisions\/49077"}],"up":[{"embeddable":true,"href":"https:\/\/unhz.eu\/fmthm\/wp-json\/wp\/v2\/pages\/48816"}],"wp:attachment":[{"href":"https:\/\/unhz.eu\/fmthm\/wp-json\/wp\/v2\/media?parent=48821"}],"curies":[{"name":"wp","href":"https:\/\/api.w.org\/{rel}","templated":true}]}}