{"id":48813,"date":"2025-01-17T09:29:36","date_gmt":"2025-01-17T09:29:36","guid":{"rendered":"https:\/\/unhz.eu\/fmthm\/?page_id=48813"},"modified":"2026-01-29T13:12:59","modified_gmt":"2026-01-29T12:12:59","slug":"historiku-2","status":"publish","type":"page","link":"https:\/\/unhz.eu\/fmthm\/historiku-2\/","title":{"rendered":"Historiku"},"content":{"rendered":"\n<p><strong>FAKULTETI I MENXHIMIT T\u00cb TURIZMIT, HOTELERIS\u00cb DHE MJEDISIT<\/strong><\/p>\n\n\n\n<p><strong>Rrafshi i Dukagjinit<\/strong> duke e p\u00ebrfshir\u00eb k\u00ebtu edhe qytetin e Pej\u00ebs si qendra kryesore e k\u00ebsaj zone, p\u00ebrb\u00ebn pjes\u00ebn e rrafsh\u00ebt t\u00eb regjionit Per\u00ebndimor t\u00eb&nbsp;Kosov\u00ebs, i cili shtrihet prej veriut t\u00eb&nbsp;Mokna&nbsp;dhe&nbsp;Mali i That\u00eb&nbsp;e deri n\u00eb jug t\u00eb mali&nbsp;Sharr, n\u00eb per\u00ebndim kufirin e p\u00ebrb\u00ebjn\u00eb&nbsp;Alpet Lindore Shqiptare&nbsp;(Bjeshk\u00ebt e Nemuna), nd\u00ebrsa kufirin lindor bregoret e&nbsp;Llapush\u00ebs. Shtrihet n\u00eb nj\u00eb gjat\u00ebsi prej 70 km dhe gjer\u00ebsi 43 km. Rrafshi p\u00ebrb\u00ebhet prej shtresave t\u00eb liqenit dhe aluvianeve p\u00ebrgjat\u00eb luginave lumore, an\u00ebt jan\u00eb prej materialit t\u00eb sjell\u00eb nga malet me lumenj dhe p\u00ebrrenj, andaj kjo pjes\u00eb \u00ebsht\u00eb duksh\u00ebm m\u00eb e ngritur sesa pjesa lindore, e cila \u00ebsht\u00eb duksh\u00ebm m\u00eb e ul\u00ebt p\u00ebrgjat\u00eb&nbsp;lugin\u00ebs s\u00eb Drinit.<\/p>\n\n\n\n<p>Rrafshi i Dukagjinit \u00ebsht\u00eb i prer\u00eb me disa lugina lumore, me rrafshe t\u00eb gjera aluviale, tarrac\u00eb lumore dhe rrafshet liqenore mes luginave. Rrafshi i Dukagjinit dallohet me klim\u00eb m\u00eb t\u00eb but\u00eb, e cila diktohet nga masat ujore t\u00eb Adriatikut, e t\u00eb cilat dep\u00ebrtojn\u00eb n\u00ebp\u00ebr lugin\u00ebn e Drinit. Peizazhi i Rrafshit t\u00eb Dukagjinit ve\u00e7ohet me kultura t\u00eb ndryshme bujq\u00ebsore grur\u00eb, mis\u00ebr, pem\u00eb, perime, vreshta, livadhe, nd\u00ebrsa n\u00eb rrafshet liqenore hasen kullotat dhe pyjet e dushkut.&nbsp; N\u00eb p\u00ebrb\u00ebrjen e rrafshit t\u00eb Dukagjinit b\u00ebjn\u00eb pjes\u00eb 9 nj\u00ebsi komunale (Peja, Burimi, De\u00e7ani, Klina, Gjakova, Rahoveci, Prizreni, Theranda). Rrafshi i Dukagjinit p\u00ebrfshin 40% t\u00eb territorit dhe t\u00eb popullsis\u00eb s\u00eb Kosov\u00ebs.<\/p>\n\n\n\n<p>Peizazhet mahnit\u00ebse t\u00eb Bjeshk\u00ebve t\u00eb Nemuna, trash\u00ebgimia kulturore e arkitektonike, muzet\u00eb e kullat e vjetra shqiptare, objektet e vjetra fetare, llixhat, ushqimi tradicional, shpellat, shtigjet q\u00eb p\u00ebrshkohen n\u00eb k\u00ebmb\u00eb, mbi kal\u00eb e bi\u00e7ikleta malore, etj,. K\u00ebto jan\u00eb disa nga atraksionet q\u00eb duhet t\u00eb shijohen patjet\u00ebr nga gjithsecili q\u00eb e viziton Dukagjinin. Pik\u00ebrisht, k\u00ebto ishin bazat q\u00eb e p\u00ebrcaktuese p\u00ebr Themelimin e Fakultetit t\u00eb Menaxhmentit Turizmit Hoteleris\u00eb dhe Mjedisit \u00ebsht\u00eb fokusuar pik\u00ebrisht n\u00eb kapacitetet q\u00eb ka kjo zon\u00eb dhe n\u00eb p\u00ebrgatitjen e student\u00ebve n\u00eb lider e menaxher t\u00eb ardhsh\u00ebm me kompetenc\u00eb q\u00eb k\u00ebto bukuri t\u00eb shpalosen e promovohen p\u00ebr vizitor\u00ebt vend\u00ebs e ata t\u00eb huaj, duke nxitur k\u00ebshtu zhvillimin ekonomik t\u00eb k\u00ebtij rajoni dhe m\u00eb gjer\u00eb. Fokusi i k\u00ebtij fakulteti \u00ebsht\u00eb p\u00ebrcaktuar q\u00eb brenda programeve t\u00eb studimit t\u00eb orientohet edhe pun\u00ebn praktike t\u00eb student\u00ebve n\u00eb sferat e produkte atraktiv\u00eb, p\u00ebrplot adrenalin\u00eb, aventur\u00eb, kultur\u00eb dhe tradit\u00eb. Atraksionet turistike n\u00eb zon\u00ebn e Dukagjinit kan\u00eb shum\u00eb p\u00ebr t\u00eb ofruar p\u00ebr t\u00eb gjitha moshat. Duke i nisur nga sportet ekstreme Via Ferratat n\u00eb Pej\u00eb e De\u00e7an, Zipline, Parkun e Aventurave, ecje n\u00ebp\u00ebr shtigje t\u00eb ndryshme n\u00eb Gryk\u00ebn e Rugov\u00ebs Decantit, Junikut e Istogut, etj,. Por edhe p\u00ebr adhuruesit e monumenteve kulturore apo degustimin e gatimeve tradicionale, ne ofrojm\u00eb shum\u00eb n\u00eb qytet dhe n\u00ebp\u00ebr bujtinat n\u00eb Rugov\u00ebs t\u00eb Pej\u00ebs, Gryk\u00ebs s\u00eb Devanit \u2013 Belleja, Juniku me Morenic\u00ebn dhe Gryk\u00ebn e Jasiqit, Istogu me bjeshk\u00ebt e Istogut dhe burimin, etj.,<\/p>\n\n\n\n<p>Qendra e Zon\u00ebs s\u00eb Dukagjinit llogaritet shum\u00eb e pasur, madje edhe n\u00eb koh\u00ebn e lasht\u00eb ka pasur ari dhe pasuri t\u00eb tjera. N\u00eb shekullin e III dhe t\u00eb IV para Krishtit e t\u00ebr\u00eb Perandoria Romake ka mbijetuar nga ari dhe argjendi n\u00eb k\u00ebt\u00eb pjes\u00eb t\u00eb vendit ton\u00eb. Kjo \u00ebsht\u00eb shum\u00eb e r\u00ebnd\u00ebsishme p\u00ebr informacionin e vizitor\u00ebve sepse \u00ebsht\u00eb nj\u00eb ve\u00e7ori q\u00eb shum\u00eb pak vende t\u00eb bot\u00ebs e kan\u00eb. N\u00eb kuadrin e monumenteve mbivarrore t\u00eb koh\u00ebs Ilire, stela dhe cipusi z\u00ebn\u00eb vend me r\u00ebnd\u00ebsi. K\u00ebto dy eksponate i p\u00ebrkasin shek. II t\u00eb er\u00ebs son\u00eb. Jan\u00eb zbuluar n\u00eb vitet 1970-t\u00eb, n\u00eb lokalitetin arkeologjik pran\u00eb Fabrik\u00ebs s\u00eb Baterive n\u00eb Pej\u00eb.<\/p>\n\n\n\n<p>Muzeu Etnologjik i Pej\u00ebs \u00ebsht\u00eb i vendosur n\u00eb nj\u00eb sht\u00ebpi t\u00eb vjet\u00ebr qytetare q\u00eb i takon gjysm\u00ebs s\u00eb dyt\u00eb t\u00eb shekullit t\u00eb XVIII-t\u00eb. I njohur si Konaku i Tahir Beut, ajo \u00ebsht\u00eb nj\u00ebri nd\u00ebr ekzemplar\u00ebt m\u00eb t\u00eb bukur t\u00eb sht\u00ebpis\u00eb s\u00eb vjet\u00ebr qytetare. N\u00eb muze ka m\u00eb tep\u00ebr se 120 artefakte, duke filluar nga veshjet komb\u00ebtare, vegla pune dhe arm\u00eb t\u00eb vjetra, t\u00eb cilat tregojn\u00eb historin\u00eb e bujshme t\u00eb k\u00ebsaj zone. P\u00ebr m\u00eb shum\u00eb p\u00ebr komunat e zon\u00ebs s\u00eb Dukagjinit kliko n\u00eb link:<\/p>\n\n\n\n<p>Peja, <a href=\"https:\/\/kk.rks-gov.net\/skenderaj\/wp-content\/uploads\/sites\/27\/2021\/01\/0926_210127110547_001.pdf\">https:\/\/kk.rks-gov.net\/skenderaj\/wp-content\/uploads\/sites\/27\/2021\/01\/0926_210127110547_001.pdf<\/a><\/p>\n\n\n\n<p>Istogu, <a href=\"https:\/\/kk.rks-gov.net\/istog\/news\/identifikimi-i-potencialeve-turistike-ne-istog\/\">https:\/\/kk.rks-gov.net\/istog\/news\/identifikimi-i-potencialeve-turistike-ne-istog\/<\/a><\/p>\n\n\n\n<p>De\u00e7ani, <a href=\"https:\/\/triptoalbania.al\/juniku-vend-atraktiv-per-ta-vizituar\/\">https:\/\/triptoalbania.al\/juniku-vend-atraktiv-per-ta-vizituar\/<\/a><\/p>\n\n\n\n<p>Klina,<a href=\"https:\/\/kk.rks-gov.net\/skenderaj\/wp-content\/uploads\/sites\/27\/2021\/01\/0926_210127110547_001.pdf\">https:\/\/kk.rks-gov.net\/skenderaj\/wp-content\/uploads\/sites\/27\/2021\/01\/0926_210127110547_001.pdf<\/a><\/p>\n\n\n\n<p>Juniku, <a href=\"https:\/\/triptoalbania.al\/juniku-vend-atraktiv-per-ta-vizituar\/\">https:\/\/triptoalbania.al\/juniku-vend-atraktiv-per-ta-vizituar\/<\/a><\/p>\n\n\n\n<p><strong>Historiku.<\/strong> \u2013 Themelimi i Fakulteti i Menaxhimit t\u00eb Turizmit, Hoteleris\u00eb dhe Mjedisit (FMTHM), ka qen\u00eb rezultat i nj\u00eb procesi t\u00eb analizuar mir\u00eb dhe i bazuar n\u00eb t\u00eb dh\u00ebna dhe rekomandime t\u00eb cilat kan\u00eb dal\u00eb nga dokumenti i fisibilitetit p\u00ebr themelimin e Universitetit t\u00eb Pej\u00ebs. Ky dokument&nbsp; \u00ebsht\u00eb hartuar nga K\u00ebshilli Britanik me k\u00ebrkes\u00eb t\u00eb Ministria e Arsimit Shkenc\u00ebs dhe Teknologjis\u00eb t\u00eb Republik\u00ebs s\u00eb Kosov\u00ebs. Bazuar n\u00eb k\u00ebt\u00eb dokument, menaxhmenti i ish Fakultetit t\u00eb Shkencave t\u00eb Aplikuara t\u00eb Biznesit, gjat\u00eb hartimit t\u00eb propozimeve p\u00ebr hapjen e fakulteteve n\u00eb kuad\u00ebr t\u00eb universitetit t\u00eb ri n\u00eb Pej\u00eb, jep arsyet e bazuara se krijimi dhe fuqizimi i nj\u00eb nj\u00ebsie t\u00eb till\u00eb akademike do t\u00eb ket\u00eb r\u00ebnd\u00ebsi jetike p\u00ebr ekonomin\u00eb turistike e hotelerie p\u00ebr regjionin e Dukagjinit e m\u00eb gjer\u00eb. Si atribute t\u00eb r\u00ebnd\u00ebsishme p\u00ebr funksionalitetin e k\u00ebtij fakulteti theksohen tradita e gjat\u00eb q\u00eb ka Peja dhe regjioni i Dukagjinit n\u00eb ofrimin e sh\u00ebrbimeve hoteliere, turistike, kampingut, turizmit malor\u00eb, pozit\u00ebs gjeografike, af\u00ebrsis\u00eb kufitare me tri shtete, trash\u00ebgimis\u00eb s\u00eb pasur shpirt\u00ebrore e kulturore, zejtaris\u00eb, ekzistimit t\u00eb objekteve fetare e civile shekullore, etj t\u00eb cilat m\u00eb n\u00eb detaje jan\u00eb t\u00eb dh\u00ebna n\u00eb lin\u00e7et e sip\u00ebrsh\u00ebnuara. P\u00ebrve\u00e7 k\u00ebtyre komponent\u00ebve, si t\u00eb r\u00ebnd\u00ebsishme vler\u00ebsohen edhe ekzistimi i programeve t\u00eb zhvilluara n\u00eb kuad\u00ebr t\u00eb ish Shkoll\u00ebs s\u00eb Lart\u00eb \u2013 Ekonomike \/ departamentit Menaxhment Turiz\u00ebm dhe Hotelieri (1969-1975) dhe vazhdimit t\u00eb tyre, fillimisht n\u00eb Shkoll\u00ebn e Biznesit (2001 \u2013 2003), e&nbsp; transferuara n\u00eb Fakultetin e Shkencave t\u00eb Aplikuara t\u00eb Biznesit (2004 \u2013 2012). N\u00eb ve\u00e7anti, n\u00eb periudh\u00ebn kohore 2004 \u2013 2012, nj\u00eb num\u00ebr i caktuar i personalit akademike ishte avancuar n\u00eb thirrje akademike n\u00eb k\u00ebt\u00eb sfer\u00eb duke ju shtuar edhe t\u00eb tjer\u00eb, pik\u00ebrisht n\u00eb kohen e themelimit t\u00eb saj. P\u00ebr shkak t\u00eb r\u00ebnd\u00ebsis\u00eb dhe interesit q\u00eb kishte shoq\u00ebria p\u00ebr t\u00eb krijuar kuadro edhe fush\u00ebn e mbrojtjes mjedisore t\u00eb nd\u00ebrlidhura me turizmin e hotelerin\u00eb, me qellim q\u00eb kjo nj\u00ebsi akademike t\u00eb fitonte nj\u00eb identitet t\u00eb ri dhe t\u00eb ve\u00e7ant\u00eb, pas konsultave dhe rekomandimeve t\u00eb shumta t\u00eb p\u00ebrfaq\u00ebsueseve t\u00eb Agjencis\u00eb p\u00ebr Mbrojtjen e Mjedisit t\u00eb Kosov\u00ebs n\u00eb kuad\u00ebr t\u00eb Ministris\u00eb p\u00ebr Mbrojtjen e Mjedisit dhe Planifikimit hap\u00ebsinor\u00eb, propozohet q\u00eb k\u00ebtij fakulteti i shtohet edhe departamenti i menaxhimit t\u00eb mjedisit.<\/p>\n\n\n\n<p><strong>Themelimi<\/strong>. \u2013 P\u00ebr themelimin e Fakultetit t\u00eb Menaxhmimit t\u00eb Turizmit Hoteleris\u00eb dhe Mjedisit t\u00eb r\u00ebnd\u00ebsishme jan\u00eb tri momente: E para,&nbsp; Vendimin e Ministrit t\u00eb MASHT \u2013 it Nr. 434\/1 B, dt.14.11. 2011 p\u00ebr themelimin e Universitetit \u201cHaxhi Zeka\u201d: E dyta, Vendimi Ministrit t\u00eb MASHT- it me nr. 435\/01B,&nbsp; dt.14.11.2012 p\u00ebr em\u00ebrimin e K\u00ebshillit t\u00eb P\u00ebrkohsh\u00ebm Drejtues dhe e treta, 06.01.2012 dita e n\u00ebnshkrimit t\u00eb Statutit t\u00eb P\u00ebrkohsh\u00ebm t\u00eb Universitetit \u201cHaxhi Zeka. Draft Statuti i ishte dor\u00ebzuar p\u00ebr aprovim Ministrit t\u00eb MAHT \u2013 it nga K\u00ebshilli i P\u00ebrkohsh\u00ebm Drejtues i UHZ\u2013s\u00eb. Me rastin e n\u00ebnshkrimit t\u00eb k\u00ebtij akti t\u00eb p\u00ebrkohsh\u00ebm, konkretisht n\u00eb nenin 26, rregullohet se Fakulteti i Menaxhmentit, Turizmit, Hoteleris\u00eb dhe Mjedisit \u00ebsht\u00eb nj\u00ebsi akademike e UHZ \u2013s\u00eb<strong>. <u>Andaj data e themelimit t\u00eb FMTHM \u2013s\u00eb&nbsp; t\u00eb UHZ \u2013s\u00eb \u00ebsht\u00eb 06.01.2012.<\/u><\/strong><\/p>\n\n\n\n<p><strong>Akreditimi<\/strong>. \u2013 N\u00eb fillim t\u00eb vitit 2012 personali i k\u00ebtij fakulteti p\u00ebrgatit dy programet p\u00ebr akreditim: Menaxhim i turizmit dhe Hoteleris\u00eb (BSC) dhe Menaxhim mjedisi (BSC). Me dat\u00ebn 06. Korrik 2012, AKA \u2013 ja e akrediton me sukses vet\u00ebm programin Menaxhim i Turizmit dhe Hoteleri (BSC) p\u00ebr afat nj\u00eb vje\u00e7ar. Ky akreditim p\u00ebr nj\u00eb akreditim programor afat shkurt\u00eb&nbsp; nga ana e Agjencis\u00eb Kosovare t\u00eb Akreditimit me nr. 437\/12 dt. 09.07.2012, arsyetohet se momentalisht UHZ \u2013 ja, nuk e kishte ende nj\u00eb status t\u00eb qart\u00eb ligjor.<\/p>\n\n\n\n<p><strong>Menaxhmenti i par\u00eb i FMTHM<\/strong>. \u2013 K\u00ebshilli i P\u00ebrkohsh\u00ebm Drejtues i Universitetit \u201cHaxhi Zeka\u201d n\u00eb mbledhjen e vet t\u00eb rregullt t\u00eb mbajtur me 20.09.2012, n\u00eb FMTHM em\u00ebron Dr.sc. Fetah Re\u00e7ica, prof.ass. \u2013 U.D. Dekan dhe Msc. Shqiponja Nallbani, PhD Kand. U.D. Prodekan t\u00eb cil\u00ebt autorizohen, deri me krijimin e kushteve p\u00ebr mbajtjen e zgjedhjeve t\u00eb rregullta, t\u2019i ushtrojn\u00eb k\u00ebto detyra n\u00eb p\u00ebrputhe me dispozitat statutare dhe aktet tjera n\u00eb fuqi.<\/p>\n\n\n\n<p><strong>Fillimi i pun\u00ebs t\u00eb FMTHM<\/strong>. \u2013 Zyrtarisht FMTHM \u2013 ja, me vet\u00ebm nj\u00eb program n\u00eb studime themelore, n\u00eb cil\u00ebsin\u00eb e fakultetit n\u00eb kuad\u00ebr t\u00eb UHZ \u2013s\u00eb,&nbsp; e fillon pun\u00ebn&nbsp; me 01.10.2012.<\/p>\n\n\n\n<p><strong>Ri akreditimi<\/strong>. \u2013 Duke&nbsp; e pasur parasysh akreditimin afat shkurt\u00eb t\u00eb FMTHM \u2013s\u00eb, menaxhmenti i k\u00ebsaj nj\u00ebsie akademike, p\u00ebr vitin akademik 2013\/2014, aplikon p\u00ebr akreditimin me kat\u00ebr programe me sa vijon: Menaxhim i Turizmit dhe Hoteleris\u00eb (BSC),&nbsp; Menaxhim i Turizmit (BSC) p\u00ebr m\u00ebsimin n\u00eb gjuh\u00ebn boshnjake, Menaxhim Mjedisi (BSC) dhe Turiz\u00ebm (MA). Pas procedur\u00ebs s\u00eb vler\u00ebsimit dhe akreditimit AKA \u2013ja, nxjerr\u00eb vendimin me nr. 486\/13 ku programit Menaxhim i Turizmit dhe Hoteleris\u00eb (BSC) i vazhdohet akreditimi p\u00ebr afat tre (3) vje\u00e7ar, e po ashtu akreditohet edhe programi Menaxhim i Turizmit (BSC) m\u00ebsimi n\u00eb gjuh\u00ebn boshnjake&nbsp; (nga data 1 tetor 2013 deri me 30 shator 2016), nd\u00ebrkaq&nbsp; programet Menaxhim i Mjedisit (BSC) dhe Turizmi (MA) nuk akreditohen.<\/p>\n\n\n\n<p>Kontributi menaxherial udh\u00ebheq\u00ebs i dekanatit t\u00eb fakultet \u00ebsht\u00eb paraqitur si m\u00eb posht\u00eb nga viti 2012, duke b\u00ebr\u00eb t\u00eb gjitha p\u00ebrpjekjet p\u00ebr performanc\u00eb&nbsp; t\u00eb lart\u00eb p\u00ebr t\u00eb gjith\u00eb aspektet organizative, studentore kuadro me kompetenca t\u00eb larta n\u00eb nivel vendi&nbsp; dhe n\u00eb ngritjen e kapaciteteve akademike brenda k\u00ebsaj nj\u00ebsie.<\/p>\n\n\n\n<p>N\u00eb vitin (2012\/2013 ) , Dekan zgjidhet Prof.Asoc.Dr. Fetah Re\u00e7ica (vendim ref .nr. 01-29f \/ 12, date 20.09.2012). Nd\u00ebrsa Ud. Prodekan p\u00ebr \u00c7\u00ebshtje m\u00ebsimore dhe financiare Msc. Shqiponja Nallbani (vendim ref. Nr .01-29g \/12, dat\u00eb 20.09.2012). Prof.Ass.Dr. Afrim Selimaj em\u00ebrohet U.d prodekan p\u00ebr M\u00ebsim dhe Financa (vendim ref. 01-1412\/13, dat\u00eb 16.12.2013) .<\/p>\n\n\n\n<p>N\u00eb vitin 2015, em\u00ebrohet U.d. Dekan Prof.Ass.Dr. Halit Shabani, (vendim ref. nr. 188, dat\u00eb 05.12.2015 nd\u00ebrsa U.d. Prodekan p\u00ebr \u00c7\u00ebshtje m\u00ebsimor\u00eb Prof.Ass.Afrim Selimaj . N\u00eb muajin janar t\u00eb vitit 2015, Ish Dekani Halit Shabani kalon Dekan n\u00eb Fakultetin e Biznesit.<\/p>\n\n\n\n<p>N\u00eb baze t\u00eb nenit 42 dhe nenit 48 paragrafi 1.24, t\u00eb Statutit t\u00eb Universiteti &nbsp;\u201cHaxhi Zeka\u201d n\u00eb Pej\u00eb, Senati m\u00eb dat\u00ebn 11.02.2016 em\u00ebron U.d. Dekan Prof.Ass.Dr. Adem Dreshaj, (vendim ref. nr. 204, date 10.02.2016). N\u00eb t\u00eb nj\u00ebjtin vit, K\u00ebshilli i F.MTHM-s\u00eb, i propozon senatit t\u00eb Universiteti&nbsp; \u201cHaxhi Zeka\u201d, &nbsp;U.d. Prodekan Prof.Ass.Dr. Bedri Millaku i cili zgjidhet u.d prodekan me (Vendim ref.nr. 294, t\u00eb dat\u00ebs 24.02.2016). Me dat\u00ebn 18.05.2018 Prof.Ass.Dr Adem Dreshaj &nbsp;zgjidhet U.d Dekan F.MTHM-s\u00eb (vendim ref.nr . 1134, dat\u00eb 18.05.2018) .<\/p>\n\n\n\n<p>N\u00eb vitin 2021, \u00ebsht\u00eb zgjedhur Dekan Prof.Asoc.Dr.Adem Dreshaj (vendim ref.nr. 1480\/21, dat\u00eb 23.06.2021, nd\u00ebrsa Prodekan p\u00ebr \u00c7\u00ebshtje Akademike dhe M\u00ebsimor\u00eb \u00ebsht\u00eb zgjidhur Prof.Asoc.Dr. Bedri Millaku (vendim ref.nr. 2733, dat 19.10.2021) dhe Prodekan\u00eb p\u00ebr &nbsp;Buxhet,Financa dhe Infrastruktur\u00eb \u00ebsht\u00eb zgjidhur &nbsp;Prof.Asoc.Dr. Albona Shala (vendim&nbsp; ref.nr.&nbsp; 2724, dat\u00eb 19.10.2021). T\u00eb cil\u00ebt edhe sot vazhdoj\u00eb m\u00eb sukses realizimin e objektivave strategjike t\u00eb planifikuara.<\/p>\n\n\n\n<p><strong>Ri akreditimi<\/strong>. \u2013 Sipas nevojave t\u00eb F.MTHM\u2013s\u00eb, rishikimi i programeve aktuale&nbsp; menaxhmenti i k\u00ebsaj nj\u00ebsie akademike, p\u00ebr vitin akademik 2016\/2017, aplikon p\u00ebr akreditimin programe m\u00eb sa vijon: Menaxhim n\u00eb Turizmit, Hoteleris\u00eb(BSC), akreditohet p\u00ebr tre vite kurse programi boshnjakisht p\u00ebr shkak t\u00eb munges\u00ebs s\u00eb bart\u00ebsve t\u00eb programeve Ministria e arsimit vazhdon akreditimin p\u00ebr pese vite,&nbsp; Menaxhim i Turizmit (BSC) p\u00ebr m\u00ebsimin n\u00eb gjuh\u00ebn boshnjake, Programi: Menaxhim Mjedisi (Msc ) nuk akreditohet. Ministria arsimit vazhdon akreditimin edhe p\u00ebr nj\u00eb vite t\u00eb gjitha institucionet e arsimit t\u00eb lart&nbsp; n\u00eb Kosov\u00eb. N\u00eb 2019, vendim nr. 871\/6, dat\u00eb 30.07.2019, kemi aplikuar p\u00ebr akreditim t\u00eb programeve Menaxhim n\u00eb Turiz\u00ebm, Hoteleri dhe Mjedis, kreditohet p\u00ebr tre vite, Menaxhim n\u00eb Mjedis dhe Turiz\u00ebm, nuk akreditohet .<\/p>\n\n\n\n<p>Ne vitin 2020, kemi aplikuar p\u00ebr akreditim t\u00eb programeve Menaxhim Mjedis, i clii program&nbsp; akreditohet p\u00ebr tre vite nd\u00ebrsa programi Menaxhim n\u00eb Turiz\u00ebm t\u00eb Q\u00ebndruesh\u00ebm nuk akreditohet.<\/p>\n","protected":false},"excerpt":{"rendered":"<p>FAKULTETI I MENXHIMIT T\u00cb TURIZMIT, HOTELERIS\u00cb DHE MJEDISIT Rrafshi i Dukagjinit duke e p\u00ebrfshir\u00eb k\u00ebtu&hellip;<\/p>\n","protected":false},"author":1,"featured_media":0,"parent":0,"menu_order":0,"comment_status":"closed","ping_status":"closed","template":"","meta":{"footnotes":""},"class_list":["post-48813","page","type-page","status-publish","hentry"],"yoast_head":"<!-- This site is optimized with the Yoast SEO Premium plugin v27.2 (Yoast SEO v27.2) - https:\/\/yoast.com\/product\/yoast-seo-premium-wordpress\/ -->\n<title>Historiku i FMTHM \u2013 Themelimi e zhvillimi | UNHZ<\/title>\n<meta name=\"description\" content=\"Historiku i Fakultetit t\u00eb Menaxhimit n\u00eb Turiz\u00ebm, Hotelieri dhe Mjedis (FMTHM) n\u00eb Universitetin \u201cHaxhi Zeka\u201d \u2013 themelimi m\u00eb 06.01.2012, akreditimet dhe zhvillimi akademik n\u00eb funksion t\u00eb turizmit dhe mjedisit.\" \/>\n<meta name=\"robots\" content=\"index, follow, max-snippet:-1, max-image-preview:large, max-video-preview:-1\" \/>\n<link rel=\"canonical\" href=\"https:\/\/unhz.eu\/fmthm\/historiku-2\/\" \/>\n<meta property=\"og:locale\" content=\"sq_AL\" \/>\n<meta property=\"og:type\" content=\"article\" \/>\n<meta property=\"og:title\" content=\"Historiku\" \/>\n<meta property=\"og:description\" content=\"Historiku i Fakultetit t\u00eb Menaxhimit n\u00eb Turiz\u00ebm, Hotelieri dhe Mjedis (FMTHM) n\u00eb Universitetin \u201cHaxhi Zeka\u201d \u2013 themelimi m\u00eb 06.01.2012, akreditimet dhe zhvillimi akademik n\u00eb funksion t\u00eb turizmit dhe mjedisit.\" \/>\n<meta property=\"og:url\" content=\"https:\/\/unhz.eu\/fmthm\/historiku-2\/\" \/>\n<meta property=\"og:site_name\" content=\"Fakulteti i Menaxhimit n\u00eb Turiz\u00ebm, Hotelieri dhe Mjedis\" \/>\n<meta property=\"article:modified_time\" content=\"2026-01-29T12:12:59+00:00\" \/>\n<meta name=\"twitter:card\" content=\"summary_large_image\" \/>\n<meta name=\"twitter:label1\" content=\"Est. reading time\" \/>\n\t<meta name=\"twitter:data1\" content=\"11 minuta\" \/>\n<script type=\"application\/ld+json\" class=\"yoast-schema-graph\">{\"@context\":\"https:\/\/schema.org\",\"@graph\":[{\"@type\":\"WebPage\",\"@id\":\"https:\/\/unhz.eu\/fmthm\/historiku-2\/\",\"url\":\"https:\/\/unhz.eu\/fmthm\/historiku-2\/\",\"name\":\"Historiku i FMTHM \u2013 Themelimi e zhvillimi | UNHZ\",\"isPartOf\":{\"@id\":\"https:\/\/unhz.eu\/fmthm\/#website\"},\"datePublished\":\"2025-01-17T09:29:36+00:00\",\"dateModified\":\"2026-01-29T12:12:59+00:00\",\"description\":\"Historiku i Fakultetit t\u00eb Menaxhimit n\u00eb Turiz\u00ebm, Hotelieri dhe Mjedis (FMTHM) n\u00eb Universitetin \u201cHaxhi Zeka\u201d \u2013 themelimi m\u00eb 06.01.2012, akreditimet dhe zhvillimi akademik n\u00eb funksion t\u00eb turizmit dhe mjedisit.\",\"breadcrumb\":{\"@id\":\"https:\/\/unhz.eu\/fmthm\/historiku-2\/#breadcrumb\"},\"inLanguage\":\"sq\",\"potentialAction\":[{\"@type\":\"ReadAction\",\"target\":[\"https:\/\/unhz.eu\/fmthm\/historiku-2\/\"]}]},{\"@type\":\"BreadcrumbList\",\"@id\":\"https:\/\/unhz.eu\/fmthm\/historiku-2\/#breadcrumb\",\"itemListElement\":[{\"@type\":\"ListItem\",\"position\":1,\"name\":\"Home\",\"item\":\"https:\/\/unhz.eu\/fmthm\/\"},{\"@type\":\"ListItem\",\"position\":2,\"name\":\"Historiku\"}]},{\"@type\":\"WebSite\",\"@id\":\"https:\/\/unhz.eu\/fmthm\/#website\",\"url\":\"https:\/\/unhz.eu\/fmthm\/\",\"name\":\"Fakulteti i Menaxhimit n\u00eb Turiz\u00ebm, Hotelieri dhe Mjedis\",\"description\":\"I dedikuar p\u00ebr cil\u00ebsi standarde dhe suksese\",\"publisher\":{\"@id\":\"https:\/\/unhz.eu\/fmthm\/#organization\"},\"potentialAction\":[{\"@type\":\"SearchAction\",\"target\":{\"@type\":\"EntryPoint\",\"urlTemplate\":\"https:\/\/unhz.eu\/fmthm\/?s={search_term_string}\"},\"query-input\":{\"@type\":\"PropertyValueSpecification\",\"valueRequired\":true,\"valueName\":\"search_term_string\"}}],\"inLanguage\":\"sq\"},{\"@type\":\"Organization\",\"@id\":\"https:\/\/unhz.eu\/fmthm\/#organization\",\"name\":\"Fakulteti i Menaxhimit n\u00eb Turiz\u00ebm, Hotelieri dhe Mjedis\",\"url\":\"https:\/\/unhz.eu\/fmthm\/\",\"logo\":{\"@type\":\"ImageObject\",\"inLanguage\":\"sq\",\"@id\":\"https:\/\/unhz.eu\/fmthm\/#\/schema\/logo\/image\/\",\"url\":\"https:\/\/unhz.eu\/fmthm\/wp-content\/uploads\/sites\/10\/2024\/02\/cropped-logo-1-1-e1713527702695.png\",\"contentUrl\":\"https:\/\/unhz.eu\/fmthm\/wp-content\/uploads\/sites\/10\/2024\/02\/cropped-logo-1-1-e1713527702695.png\",\"width\":100,\"height\":100,\"caption\":\"Fakulteti i Menaxhimit n\u00eb Turiz\u00ebm, Hotelieri dhe Mjedis\"},\"image\":{\"@id\":\"https:\/\/unhz.eu\/fmthm\/#\/schema\/logo\/image\/\"}}]}<\/script>\n<!-- \/ Yoast SEO Premium plugin. -->","yoast_head_json":{"title":"Historiku i FMTHM \u2013 Themelimi e zhvillimi | UNHZ","description":"Historiku i Fakultetit t\u00eb Menaxhimit n\u00eb Turiz\u00ebm, Hotelieri dhe Mjedis (FMTHM) n\u00eb Universitetin \u201cHaxhi Zeka\u201d \u2013 themelimi m\u00eb 06.01.2012, akreditimet dhe zhvillimi akademik n\u00eb funksion t\u00eb turizmit dhe mjedisit.","robots":{"index":"index","follow":"follow","max-snippet":"max-snippet:-1","max-image-preview":"max-image-preview:large","max-video-preview":"max-video-preview:-1"},"canonical":"https:\/\/unhz.eu\/fmthm\/historiku-2\/","og_locale":"sq_AL","og_type":"article","og_title":"Historiku","og_description":"Historiku i Fakultetit t\u00eb Menaxhimit n\u00eb Turiz\u00ebm, Hotelieri dhe Mjedis (FMTHM) n\u00eb Universitetin \u201cHaxhi Zeka\u201d \u2013 themelimi m\u00eb 06.01.2012, akreditimet dhe zhvillimi akademik n\u00eb funksion t\u00eb turizmit dhe mjedisit.","og_url":"https:\/\/unhz.eu\/fmthm\/historiku-2\/","og_site_name":"Fakulteti i Menaxhimit n\u00eb Turiz\u00ebm, Hotelieri dhe Mjedis","article_modified_time":"2026-01-29T12:12:59+00:00","twitter_card":"summary_large_image","twitter_misc":{"Est. reading time":"11 minuta"},"schema":{"@context":"https:\/\/schema.org","@graph":[{"@type":"WebPage","@id":"https:\/\/unhz.eu\/fmthm\/historiku-2\/","url":"https:\/\/unhz.eu\/fmthm\/historiku-2\/","name":"Historiku i FMTHM \u2013 Themelimi e zhvillimi | UNHZ","isPartOf":{"@id":"https:\/\/unhz.eu\/fmthm\/#website"},"datePublished":"2025-01-17T09:29:36+00:00","dateModified":"2026-01-29T12:12:59+00:00","description":"Historiku i Fakultetit t\u00eb Menaxhimit n\u00eb Turiz\u00ebm, Hotelieri dhe Mjedis (FMTHM) n\u00eb Universitetin \u201cHaxhi Zeka\u201d \u2013 themelimi m\u00eb 06.01.2012, akreditimet dhe zhvillimi akademik n\u00eb funksion t\u00eb turizmit dhe mjedisit.","breadcrumb":{"@id":"https:\/\/unhz.eu\/fmthm\/historiku-2\/#breadcrumb"},"inLanguage":"sq","potentialAction":[{"@type":"ReadAction","target":["https:\/\/unhz.eu\/fmthm\/historiku-2\/"]}]},{"@type":"BreadcrumbList","@id":"https:\/\/unhz.eu\/fmthm\/historiku-2\/#breadcrumb","itemListElement":[{"@type":"ListItem","position":1,"name":"Home","item":"https:\/\/unhz.eu\/fmthm\/"},{"@type":"ListItem","position":2,"name":"Historiku"}]},{"@type":"WebSite","@id":"https:\/\/unhz.eu\/fmthm\/#website","url":"https:\/\/unhz.eu\/fmthm\/","name":"Fakulteti i Menaxhimit n\u00eb Turiz\u00ebm, Hotelieri dhe Mjedis","description":"I dedikuar p\u00ebr cil\u00ebsi standarde dhe suksese","publisher":{"@id":"https:\/\/unhz.eu\/fmthm\/#organization"},"potentialAction":[{"@type":"SearchAction","target":{"@type":"EntryPoint","urlTemplate":"https:\/\/unhz.eu\/fmthm\/?s={search_term_string}"},"query-input":{"@type":"PropertyValueSpecification","valueRequired":true,"valueName":"search_term_string"}}],"inLanguage":"sq"},{"@type":"Organization","@id":"https:\/\/unhz.eu\/fmthm\/#organization","name":"Fakulteti i Menaxhimit n\u00eb Turiz\u00ebm, Hotelieri dhe Mjedis","url":"https:\/\/unhz.eu\/fmthm\/","logo":{"@type":"ImageObject","inLanguage":"sq","@id":"https:\/\/unhz.eu\/fmthm\/#\/schema\/logo\/image\/","url":"https:\/\/unhz.eu\/fmthm\/wp-content\/uploads\/sites\/10\/2024\/02\/cropped-logo-1-1-e1713527702695.png","contentUrl":"https:\/\/unhz.eu\/fmthm\/wp-content\/uploads\/sites\/10\/2024\/02\/cropped-logo-1-1-e1713527702695.png","width":100,"height":100,"caption":"Fakulteti i Menaxhimit n\u00eb Turiz\u00ebm, Hotelieri dhe Mjedis"},"image":{"@id":"https:\/\/unhz.eu\/fmthm\/#\/schema\/logo\/image\/"}}]}},"_links":{"self":[{"href":"https:\/\/unhz.eu\/fmthm\/wp-json\/wp\/v2\/pages\/48813","targetHints":{"allow":["GET"]}}],"collection":[{"href":"https:\/\/unhz.eu\/fmthm\/wp-json\/wp\/v2\/pages"}],"about":[{"href":"https:\/\/unhz.eu\/fmthm\/wp-json\/wp\/v2\/types\/page"}],"author":[{"embeddable":true,"href":"https:\/\/unhz.eu\/fmthm\/wp-json\/wp\/v2\/users\/1"}],"replies":[{"embeddable":true,"href":"https:\/\/unhz.eu\/fmthm\/wp-json\/wp\/v2\/comments?post=48813"}],"version-history":[{"count":1,"href":"https:\/\/unhz.eu\/fmthm\/wp-json\/wp\/v2\/pages\/48813\/revisions"}],"predecessor-version":[{"id":49898,"href":"https:\/\/unhz.eu\/fmthm\/wp-json\/wp\/v2\/pages\/48813\/revisions\/49898"}],"wp:attachment":[{"href":"https:\/\/unhz.eu\/fmthm\/wp-json\/wp\/v2\/media?parent=48813"}],"curies":[{"name":"wp","href":"https:\/\/api.w.org\/{rel}","templated":true}]}}