{"id":21623,"date":"2024-02-29T14:34:11","date_gmt":"2024-02-29T14:34:11","guid":{"rendered":"http:\/\/unhz.local\/fakulteti-i-biznesit\/?page_id=21623"},"modified":"2026-01-29T13:29:42","modified_gmt":"2026-01-29T12:29:42","slug":"statistikat-e-studenteve","status":"publish","type":"page","link":"https:\/\/unhz.eu\/fmthm\/statistikat-e-studenteve\/","title":{"rendered":"Statistikat e student\u00ebve"},"content":{"rendered":"\t\t<div data-elementor-type=\"wp-page\" data-elementor-id=\"21623\" class=\"elementor elementor-21623\" data-elementor-post-type=\"page\">\n\t\t\t\t\t\t<section class=\"elementor-section elementor-top-section elementor-element elementor-element-58917725 elementor-section-boxed elementor-section-height-default elementor-section-height-default sc_fly_static\" data-id=\"58917725\" data-element_type=\"section\" data-e-type=\"section\">\n\t\t\t\t\t\t<div class=\"elementor-container elementor-column-gap-extended\">\n\t\t\t\t\t<div class=\"elementor-column elementor-col-100 elementor-top-column elementor-element elementor-element-cf1e864 sc_content_align_inherit sc_layouts_column_icons_position_left sc_fly_static\" data-id=\"cf1e864\" data-element_type=\"column\" data-e-type=\"column\">\n\t\t\t<div class=\"elementor-widget-wrap elementor-element-populated\">\n\t\t\t\t\t\t<div class=\"elementor-element elementor-element-f105f20 sc_fly_static elementor-widget elementor-widget-heading\" data-id=\"f105f20\" data-element_type=\"widget\" data-e-type=\"widget\" data-widget_type=\"heading.default\">\n\t\t\t\t<div class=\"elementor-widget-container\">\n\t\t\t\t\t<h2 class=\"elementor-heading-title elementor-size-default\">Statistikat e student\u00ebve<\/h2>\t\t\t\t<\/div>\n\t\t\t\t<\/div>\n\t\t\t\t<div class=\"elementor-element elementor-element-0433414 sc_fly_static elementor-widget elementor-widget-spacer\" data-id=\"0433414\" data-element_type=\"widget\" data-e-type=\"widget\" data-widget_type=\"spacer.default\">\n\t\t\t\t<div class=\"elementor-widget-container\">\n\t\t\t\t\t\t\t<div class=\"elementor-spacer\">\n\t\t\t<div class=\"elementor-spacer-inner\"><\/div>\n\t\t<\/div>\n\t\t\t\t\t\t<\/div>\n\t\t\t\t<\/div>\n\t\t\t\t<div class=\"elementor-element elementor-element-6a7d9ed sc_fly_static elementor-widget elementor-widget-text-editor\" data-id=\"6a7d9ed\" data-element_type=\"widget\" data-e-type=\"widget\" data-widget_type=\"text-editor.default\">\n\t\t\t\t<div class=\"elementor-widget-container\">\n\t\t\t\t\t\t\t\t\t<p><strong>Menaxhim n\u00eb Turiz\u00ebm, Hotelieri dhe Mjedis<\/strong><\/p>\n<h5 class=\"wp-block-heading\"><strong>Studimet bachelor<\/strong><\/h5>\n<p><strong>Student\u00ebt e pranuar n\u00eb tri vitet e fundit n\u00eb MTHM<\/strong><\/p>\n<figure class=\"wp-block-table is-style-stripes\">\n<table class=\"has-fixed-layout mtr-table mtr-tr-td\">\n<tbody>\n<tr>\n<td class=\"mtr-td-tag\" data-mtr-content=\"VITI\">\n<div class=\"mtr-cell-content\">VITI<\/div>\n<\/td>\n<td class=\"mtr-td-tag\" data-mtr-content=\"FEMRA\">\n<div class=\"mtr-cell-content\">FEMRA<\/div>\n<\/td>\n<td class=\"mtr-td-tag\" data-mtr-content=\"MESHKUJ\">\n<div class=\"mtr-cell-content\">MESHKUJ<\/div>\n<\/td>\n<td class=\"mtr-td-tag\" data-mtr-content=\"TOTALI\">\n<div class=\"mtr-cell-content\">TOTALI<\/div>\n<\/td>\n<\/tr>\n<tr>\n<td class=\"mtr-td-tag\" data-mtr-content=\"VITI\">\n<div class=\"mtr-cell-content\">2021<\/div>\n<\/td>\n<td class=\"mtr-td-tag\" data-mtr-content=\"FEMRA\">\n<div class=\"mtr-cell-content\">31<\/div>\n<\/td>\n<td class=\"mtr-td-tag\" data-mtr-content=\"MESHKUJ\">\n<div class=\"mtr-cell-content\">45<\/div>\n<\/td>\n<td class=\"mtr-td-tag\" data-mtr-content=\"TOTALI\">\n<div class=\"mtr-cell-content\">76<\/div>\n<\/td>\n<\/tr>\n<tr>\n<td class=\"mtr-td-tag\" data-mtr-content=\"VITI\">\n<div class=\"mtr-cell-content\">2020<\/div>\n<\/td>\n<td class=\"mtr-td-tag\" data-mtr-content=\"FEMRA\">\n<div class=\"mtr-cell-content\">48<\/div>\n<\/td>\n<td class=\"mtr-td-tag\" data-mtr-content=\"MESHKUJ\">\n<div class=\"mtr-cell-content\">59<\/div>\n<\/td>\n<td class=\"mtr-td-tag\" data-mtr-content=\"TOTALI\">\n<div class=\"mtr-cell-content\">107<\/div>\n<\/td>\n<\/tr>\n<tr>\n<td class=\"mtr-td-tag\" data-mtr-content=\"VITI\">\n<div class=\"mtr-cell-content\">2018<\/div>\n<\/td>\n<td class=\"mtr-td-tag\" data-mtr-content=\"FEMRA\">\n<div class=\"mtr-cell-content\">47<\/div>\n<\/td>\n<td class=\"mtr-td-tag\" data-mtr-content=\"MESHKUJ\">\n<div class=\"mtr-cell-content\">128<\/div>\n<\/td>\n<td class=\"mtr-td-tag\" data-mtr-content=\"TOTALI\">\n<div class=\"mtr-cell-content\">175<\/div>\n<\/td>\n<\/tr>\n<tr>\n<td class=\"mtr-td-tag\" data-mtr-content=\"VITI\">\n<div class=\"mtr-cell-content\"><strong>Totali<\/strong><\/div>\n<\/td>\n<td class=\"mtr-td-tag\" data-mtr-content=\"FEMRA\">\n<div class=\"mtr-cell-content\"><strong>126<\/strong><\/div>\n<\/td>\n<td class=\"mtr-td-tag\" data-mtr-content=\"MESHKUJ\">\n<div class=\"mtr-cell-content\"><strong>232<\/strong><\/div>\n<\/td>\n<td class=\"mtr-td-tag\" data-mtr-content=\"TOTALI\">\n<div class=\"mtr-cell-content\"><strong>358<\/strong><\/div>\n<\/td>\n<\/tr>\n<\/tbody>\n<\/table>\n<\/figure>\n<p><strong>T\u00eb diplomuarit n\u00eb MTHM<\/strong><\/p>\n<figure class=\"wp-block-table is-style-stripes\">\n<table class=\"has-fixed-layout mtr-table mtr-tr-td\">\n<tbody>\n<tr>\n<td class=\"mtr-td-tag\" data-mtr-content=\"VITI\">\n<div class=\"mtr-cell-content\">VITI<\/div>\n<\/td>\n<td class=\"mtr-td-tag\" data-mtr-content=\"FEMRA\">\n<div class=\"mtr-cell-content\">FEMRA<\/div>\n<\/td>\n<td class=\"mtr-td-tag\" data-mtr-content=\"MESHKUJ\">\n<div class=\"mtr-cell-content\">MESHKUJ<\/div>\n<\/td>\n<td class=\"mtr-td-tag\" data-mtr-content=\"TOTALI\">\n<div class=\"mtr-cell-content\">TOTALI<\/div>\n<\/td>\n<\/tr>\n<tr>\n<td class=\"mtr-td-tag\" data-mtr-content=\"VITI\">\n<div class=\"mtr-cell-content\">2020\/2021<\/div>\n<\/td>\n<td class=\"mtr-td-tag\" data-mtr-content=\"FEMRA\">\n<div class=\"mtr-cell-content\">22<\/div>\n<\/td>\n<td class=\"mtr-td-tag\" data-mtr-content=\"MESHKUJ\">\n<div class=\"mtr-cell-content\">19<\/div>\n<\/td>\n<td class=\"mtr-td-tag\" data-mtr-content=\"TOTALI\">\n<div class=\"mtr-cell-content\">41<\/div>\n<\/td>\n<\/tr>\n<tr>\n<td class=\"mtr-td-tag\" data-mtr-content=\"VITI\">\n<div class=\"mtr-cell-content\">2019\/2020<\/div>\n<\/td>\n<td class=\"mtr-td-tag\" data-mtr-content=\"FEMRA\">\n<div class=\"mtr-cell-content\">33<\/div>\n<\/td>\n<td class=\"mtr-td-tag\" data-mtr-content=\"MESHKUJ\">\n<div class=\"mtr-cell-content\">23<\/div>\n<\/td>\n<td class=\"mtr-td-tag\" data-mtr-content=\"TOTALI\">\n<div class=\"mtr-cell-content\">56<\/div>\n<\/td>\n<\/tr>\n<tr>\n<td class=\"mtr-td-tag\" data-mtr-content=\"VITI\">\n<div class=\"mtr-cell-content\">2018\/2019<\/div>\n<\/td>\n<td class=\"mtr-td-tag\" data-mtr-content=\"FEMRA\">\n<div class=\"mtr-cell-content\">34<\/div>\n<\/td>\n<td class=\"mtr-td-tag\" data-mtr-content=\"MESHKUJ\">\n<div class=\"mtr-cell-content\">27<\/div>\n<\/td>\n<td class=\"mtr-td-tag\" data-mtr-content=\"TOTALI\">\n<div class=\"mtr-cell-content\">61<\/div>\n<\/td>\n<\/tr>\n<tr>\n<td class=\"mtr-td-tag\" data-mtr-content=\"VITI\">\n<div class=\"mtr-cell-content\"><strong>Totali<\/strong><\/div>\n<\/td>\n<td class=\"mtr-td-tag\" data-mtr-content=\"FEMRA\">\n<div class=\"mtr-cell-content\"><strong>89<\/strong><\/div>\n<\/td>\n<td class=\"mtr-td-tag\" data-mtr-content=\"MESHKUJ\">\n<div class=\"mtr-cell-content\"><strong>69<\/strong><\/div>\n<\/td>\n<td class=\"mtr-td-tag\" data-mtr-content=\"TOTALI\">\n<div class=\"mtr-cell-content\"><strong>158<\/strong><\/div>\n<\/td>\n<\/tr>\n<\/tbody>\n<\/table>\n<\/figure>\n<p><strong>Menaxhim n\u00eb Turiz\u00ebm-Gjuh\u00eb Boshnjake<\/strong><\/p>\n<p><strong>Student\u00ebt e pranuar n\u00eb tri vitet e fundit n\u00eb MTB<\/strong><\/p>\n<figure class=\"wp-block-table is-style-stripes\">\n<table class=\"has-fixed-layout mtr-table mtr-tr-td\">\n<tbody>\n<tr>\n<td class=\"mtr-td-tag\" data-mtr-content=\"VITI\">\n<div class=\"mtr-cell-content\">VITI<\/div>\n<\/td>\n<td class=\"mtr-td-tag\" data-mtr-content=\"FEMRA\">\n<div class=\"mtr-cell-content\">FEMRA<\/div>\n<\/td>\n<td class=\"mtr-td-tag\" data-mtr-content=\"MESHKUJ\">\n<div class=\"mtr-cell-content\">MESHKUJ<\/div>\n<\/td>\n<td class=\"mtr-td-tag\" data-mtr-content=\"TOTALI\">\n<div class=\"mtr-cell-content\">TOTALI<\/div>\n<\/td>\n<\/tr>\n<tr>\n<td class=\"mtr-td-tag\" data-mtr-content=\"VITI\">\n<div class=\"mtr-cell-content\">2021<\/div>\n<\/td>\n<td class=\"mtr-td-tag\" data-mtr-content=\"FEMRA\">\n<div class=\"mtr-cell-content\">6<\/div>\n<\/td>\n<td class=\"mtr-td-tag\" data-mtr-content=\"MESHKUJ\">\n<div class=\"mtr-cell-content\">13<\/div>\n<\/td>\n<td class=\"mtr-td-tag\" data-mtr-content=\"TOTALI\">\n<div class=\"mtr-cell-content\">19<\/div>\n<\/td>\n<\/tr>\n<tr>\n<td class=\"mtr-td-tag\" data-mtr-content=\"VITI\">\n<div class=\"mtr-cell-content\">2020<\/div>\n<\/td>\n<td class=\"mtr-td-tag\" data-mtr-content=\"FEMRA\">\n<div class=\"mtr-cell-content\">6<\/div>\n<\/td>\n<td class=\"mtr-td-tag\" data-mtr-content=\"MESHKUJ\">\n<div class=\"mtr-cell-content\">11<\/div>\n<\/td>\n<td class=\"mtr-td-tag\" data-mtr-content=\"TOTALI\">\n<div class=\"mtr-cell-content\">17<\/div>\n<\/td>\n<\/tr>\n<tr>\n<td class=\"mtr-td-tag\" data-mtr-content=\"VITI\">\n<div class=\"mtr-cell-content\">2018<\/div>\n<\/td>\n<td class=\"mtr-td-tag\" data-mtr-content=\"FEMRA\">\n<div class=\"mtr-cell-content\">5<\/div>\n<\/td>\n<td class=\"mtr-td-tag\" data-mtr-content=\"MESHKUJ\">\n<div class=\"mtr-cell-content\">5<\/div>\n<\/td>\n<td class=\"mtr-td-tag\" data-mtr-content=\"TOTALI\">\n<div class=\"mtr-cell-content\">10<\/div>\n<\/td>\n<\/tr>\n<tr>\n<td class=\"mtr-td-tag\" data-mtr-content=\"VITI\">\n<div class=\"mtr-cell-content\"><strong>Totali<\/strong><\/div>\n<\/td>\n<td class=\"mtr-td-tag\" data-mtr-content=\"FEMRA\">\n<div class=\"mtr-cell-content\"><strong>17<\/strong><\/div>\n<\/td>\n<td class=\"mtr-td-tag\" data-mtr-content=\"MESHKUJ\">\n<div class=\"mtr-cell-content\"><strong>29<\/strong><\/div>\n<\/td>\n<td class=\"mtr-td-tag\" data-mtr-content=\"TOTALI\">\n<div class=\"mtr-cell-content\"><strong>46<\/strong><\/div>\n<\/td>\n<\/tr>\n<\/tbody>\n<\/table>\n<\/figure>\n<p><strong>T\u00eb diplomuarit n\u00eb MTB<\/strong><\/p>\n<figure class=\"wp-block-table is-style-stripes\">\n<table class=\"has-fixed-layout mtr-table mtr-tr-td\">\n<tbody>\n<tr>\n<td class=\"mtr-td-tag\" data-mtr-content=\"VITI\">\n<div class=\"mtr-cell-content\">VITI<\/div>\n<\/td>\n<td class=\"mtr-td-tag\" data-mtr-content=\"FEMRA\">\n<div class=\"mtr-cell-content\">FEMRA<\/div>\n<\/td>\n<td class=\"mtr-td-tag\" data-mtr-content=\"MESHKUJ\">\n<div class=\"mtr-cell-content\">MESHKUJ<\/div>\n<\/td>\n<td class=\"mtr-td-tag\" data-mtr-content=\"TOTALI\">\n<div class=\"mtr-cell-content\">TOTALI<\/div>\n<\/td>\n<\/tr>\n<tr>\n<td class=\"mtr-td-tag\" data-mtr-content=\"VITI\">\n<div class=\"mtr-cell-content\">2020\/2021<\/div>\n<\/td>\n<td class=\"mtr-td-tag\" data-mtr-content=\"FEMRA\">\n<div class=\"mtr-cell-content\">5<\/div>\n<\/td>\n<td class=\"mtr-td-tag\" data-mtr-content=\"MESHKUJ\">\n<div class=\"mtr-cell-content\">4<\/div>\n<\/td>\n<td class=\"mtr-td-tag\" data-mtr-content=\"TOTALI\">\n<div class=\"mtr-cell-content\">9<\/div>\n<\/td>\n<\/tr>\n<tr>\n<td class=\"mtr-td-tag\" data-mtr-content=\"VITI\">\n<div class=\"mtr-cell-content\">2019\/2020<\/div>\n<\/td>\n<td class=\"mtr-td-tag\" data-mtr-content=\"FEMRA\">\n<div class=\"mtr-cell-content\">\u00a0<\/div>\n<\/td>\n<td class=\"mtr-td-tag\" data-mtr-content=\"MESHKUJ\">\n<div class=\"mtr-cell-content\">1<\/div>\n<\/td>\n<td class=\"mtr-td-tag\" data-mtr-content=\"TOTALI\">\n<div class=\"mtr-cell-content\">1<\/div>\n<\/td>\n<\/tr>\n<tr>\n<td class=\"mtr-td-tag\" data-mtr-content=\"VITI\">\n<div class=\"mtr-cell-content\">2018\/2019<\/div>\n<\/td>\n<td class=\"mtr-td-tag\" data-mtr-content=\"FEMRA\">\n<div class=\"mtr-cell-content\">\u00a0<\/div>\n<\/td>\n<td class=\"mtr-td-tag\" data-mtr-content=\"MESHKUJ\">\n<div class=\"mtr-cell-content\">1<\/div>\n<\/td>\n<td class=\"mtr-td-tag\" data-mtr-content=\"TOTALI\">\n<div class=\"mtr-cell-content\">1<\/div>\n<\/td>\n<\/tr>\n<tr>\n<td class=\"mtr-td-tag\" data-mtr-content=\"VITI\">\n<div class=\"mtr-cell-content\"><strong>Totali<\/strong><\/div>\n<\/td>\n<td class=\"mtr-td-tag\" data-mtr-content=\"FEMRA\">\n<div class=\"mtr-cell-content\"><strong>5<\/strong><\/div>\n<\/td>\n<td class=\"mtr-td-tag\" data-mtr-content=\"MESHKUJ\">\n<div class=\"mtr-cell-content\"><strong>6<\/strong><\/div>\n<\/td>\n<td class=\"mtr-td-tag\" data-mtr-content=\"TOTALI\">\n<div class=\"mtr-cell-content\"><strong>11<\/strong><\/div>\n<\/td>\n<\/tr>\n<\/tbody>\n<\/table>\n<\/figure>\t\t\t\t\t\t\t\t<\/div>\n\t\t\t\t<\/div>\n\t\t\t\t\t<\/div>\n\t\t<\/div>\n\t\t\t\t\t<\/div>\n\t\t<\/section>\n\t\t\t\t<\/div>\n\t\t","protected":false},"excerpt":{"rendered":"<p>Menaxhim n\u00eb Turiz\u00ebm, Hotelieri dhe Mjedis Studimet bachelor Student\u00ebt e pranuar n\u00eb tri vitet e&hellip;<\/p>\n","protected":false},"author":1,"featured_media":0,"parent":0,"menu_order":0,"comment_status":"closed","ping_status":"closed","template":"","meta":{"footnotes":""},"class_list":["post-21623","page","type-page","status-publish","hentry"],"yoast_head":"<!-- This site is optimized with the Yoast SEO Premium plugin v27.2 (Yoast SEO v27.2) - https:\/\/yoast.com\/product\/yoast-seo-premium-wordpress\/ -->\n<title>Statistikat e student\u00ebve | FMTHM \u2013 Universiteti \u201cHaxhi Zeka\u201d<\/title>\n<meta name=\"description\" content=\"Shiko statistikat e student\u00ebve t\u00eb pranuar dhe t\u00eb diplomuar n\u00eb FMTHM \u2013 p\u00ebrfshir\u00eb Menaxhim n\u00eb Turiz\u00ebm, Hotelieri dhe Mjedis, si dhe Menaxhim n\u00eb Turiz\u00ebm gjuh\u00eb boshnjake n\u00eb UHZ.\" \/>\n<meta name=\"robots\" content=\"index, follow, max-snippet:-1, max-image-preview:large, max-video-preview:-1\" \/>\n<link rel=\"canonical\" href=\"https:\/\/unhz.eu\/fmthm\/statistikat-e-studenteve\/\" \/>\n<meta property=\"og:locale\" content=\"sq_AL\" \/>\n<meta property=\"og:type\" content=\"article\" \/>\n<meta property=\"og:title\" content=\"Statistikat e student\u00ebve\" \/>\n<meta property=\"og:description\" content=\"Shiko statistikat e student\u00ebve t\u00eb pranuar dhe t\u00eb diplomuar n\u00eb FMTHM \u2013 p\u00ebrfshir\u00eb Menaxhim n\u00eb Turiz\u00ebm, Hotelieri dhe Mjedis, si dhe Menaxhim n\u00eb Turiz\u00ebm gjuh\u00eb boshnjake n\u00eb UHZ.\" \/>\n<meta property=\"og:url\" content=\"https:\/\/unhz.eu\/fmthm\/statistikat-e-studenteve\/\" \/>\n<meta property=\"og:site_name\" content=\"Fakulteti i Menaxhimit n\u00eb Turiz\u00ebm, Hotelieri dhe Mjedis\" \/>\n<meta property=\"article:modified_time\" content=\"2026-01-29T12:29:42+00:00\" \/>\n<meta name=\"twitter:card\" content=\"summary_large_image\" \/>\n<meta name=\"twitter:label1\" content=\"Est. reading time\" \/>\n\t<meta name=\"twitter:data1\" content=\"1 minut\u00eb\" \/>\n<script type=\"application\/ld+json\" class=\"yoast-schema-graph\">{\"@context\":\"https:\/\/schema.org\",\"@graph\":[{\"@type\":\"WebPage\",\"@id\":\"https:\/\/unhz.eu\/fmthm\/statistikat-e-studenteve\/\",\"url\":\"https:\/\/unhz.eu\/fmthm\/statistikat-e-studenteve\/\",\"name\":\"Statistikat e student\u00ebve | FMTHM \u2013 Universiteti \u201cHaxhi Zeka\u201d\",\"isPartOf\":{\"@id\":\"https:\/\/unhz.eu\/fmthm\/#website\"},\"datePublished\":\"2024-02-29T14:34:11+00:00\",\"dateModified\":\"2026-01-29T12:29:42+00:00\",\"description\":\"Shiko statistikat e student\u00ebve t\u00eb pranuar dhe t\u00eb diplomuar n\u00eb FMTHM \u2013 p\u00ebrfshir\u00eb Menaxhim n\u00eb Turiz\u00ebm, Hotelieri dhe Mjedis, si dhe Menaxhim n\u00eb Turiz\u00ebm gjuh\u00eb boshnjake n\u00eb UHZ.\",\"breadcrumb\":{\"@id\":\"https:\/\/unhz.eu\/fmthm\/statistikat-e-studenteve\/#breadcrumb\"},\"inLanguage\":\"sq\",\"potentialAction\":[{\"@type\":\"ReadAction\",\"target\":[\"https:\/\/unhz.eu\/fmthm\/statistikat-e-studenteve\/\"]}]},{\"@type\":\"BreadcrumbList\",\"@id\":\"https:\/\/unhz.eu\/fmthm\/statistikat-e-studenteve\/#breadcrumb\",\"itemListElement\":[{\"@type\":\"ListItem\",\"position\":1,\"name\":\"Home\",\"item\":\"https:\/\/unhz.eu\/fmthm\/\"},{\"@type\":\"ListItem\",\"position\":2,\"name\":\"Statistikat e student\u00ebve\"}]},{\"@type\":\"WebSite\",\"@id\":\"https:\/\/unhz.eu\/fmthm\/#website\",\"url\":\"https:\/\/unhz.eu\/fmthm\/\",\"name\":\"Fakulteti i Menaxhimit n\u00eb Turiz\u00ebm, Hotelieri dhe Mjedis\",\"description\":\"I dedikuar p\u00ebr cil\u00ebsi standarde dhe suksese\",\"publisher\":{\"@id\":\"https:\/\/unhz.eu\/fmthm\/#organization\"},\"potentialAction\":[{\"@type\":\"SearchAction\",\"target\":{\"@type\":\"EntryPoint\",\"urlTemplate\":\"https:\/\/unhz.eu\/fmthm\/?s={search_term_string}\"},\"query-input\":{\"@type\":\"PropertyValueSpecification\",\"valueRequired\":true,\"valueName\":\"search_term_string\"}}],\"inLanguage\":\"sq\"},{\"@type\":\"Organization\",\"@id\":\"https:\/\/unhz.eu\/fmthm\/#organization\",\"name\":\"Fakulteti i Menaxhimit n\u00eb Turiz\u00ebm, Hotelieri dhe Mjedis\",\"url\":\"https:\/\/unhz.eu\/fmthm\/\",\"logo\":{\"@type\":\"ImageObject\",\"inLanguage\":\"sq\",\"@id\":\"https:\/\/unhz.eu\/fmthm\/#\/schema\/logo\/image\/\",\"url\":\"https:\/\/unhz.eu\/fmthm\/wp-content\/uploads\/sites\/10\/2024\/02\/cropped-logo-1-1-e1713527702695.png\",\"contentUrl\":\"https:\/\/unhz.eu\/fmthm\/wp-content\/uploads\/sites\/10\/2024\/02\/cropped-logo-1-1-e1713527702695.png\",\"width\":100,\"height\":100,\"caption\":\"Fakulteti i Menaxhimit n\u00eb Turiz\u00ebm, Hotelieri dhe Mjedis\"},\"image\":{\"@id\":\"https:\/\/unhz.eu\/fmthm\/#\/schema\/logo\/image\/\"}}]}<\/script>\n<!-- \/ Yoast SEO Premium plugin. -->","yoast_head_json":{"title":"Statistikat e student\u00ebve | FMTHM \u2013 Universiteti \u201cHaxhi Zeka\u201d","description":"Shiko statistikat e student\u00ebve t\u00eb pranuar dhe t\u00eb diplomuar n\u00eb FMTHM \u2013 p\u00ebrfshir\u00eb Menaxhim n\u00eb Turiz\u00ebm, Hotelieri dhe Mjedis, si dhe Menaxhim n\u00eb Turiz\u00ebm gjuh\u00eb boshnjake n\u00eb UHZ.","robots":{"index":"index","follow":"follow","max-snippet":"max-snippet:-1","max-image-preview":"max-image-preview:large","max-video-preview":"max-video-preview:-1"},"canonical":"https:\/\/unhz.eu\/fmthm\/statistikat-e-studenteve\/","og_locale":"sq_AL","og_type":"article","og_title":"Statistikat e student\u00ebve","og_description":"Shiko statistikat e student\u00ebve t\u00eb pranuar dhe t\u00eb diplomuar n\u00eb FMTHM \u2013 p\u00ebrfshir\u00eb Menaxhim n\u00eb Turiz\u00ebm, Hotelieri dhe Mjedis, si dhe Menaxhim n\u00eb Turiz\u00ebm gjuh\u00eb boshnjake n\u00eb UHZ.","og_url":"https:\/\/unhz.eu\/fmthm\/statistikat-e-studenteve\/","og_site_name":"Fakulteti i Menaxhimit n\u00eb Turiz\u00ebm, Hotelieri dhe Mjedis","article_modified_time":"2026-01-29T12:29:42+00:00","twitter_card":"summary_large_image","twitter_misc":{"Est. reading time":"1 minut\u00eb"},"schema":{"@context":"https:\/\/schema.org","@graph":[{"@type":"WebPage","@id":"https:\/\/unhz.eu\/fmthm\/statistikat-e-studenteve\/","url":"https:\/\/unhz.eu\/fmthm\/statistikat-e-studenteve\/","name":"Statistikat e student\u00ebve | FMTHM \u2013 Universiteti \u201cHaxhi Zeka\u201d","isPartOf":{"@id":"https:\/\/unhz.eu\/fmthm\/#website"},"datePublished":"2024-02-29T14:34:11+00:00","dateModified":"2026-01-29T12:29:42+00:00","description":"Shiko statistikat e student\u00ebve t\u00eb pranuar dhe t\u00eb diplomuar n\u00eb FMTHM \u2013 p\u00ebrfshir\u00eb Menaxhim n\u00eb Turiz\u00ebm, Hotelieri dhe Mjedis, si dhe Menaxhim n\u00eb Turiz\u00ebm gjuh\u00eb boshnjake n\u00eb UHZ.","breadcrumb":{"@id":"https:\/\/unhz.eu\/fmthm\/statistikat-e-studenteve\/#breadcrumb"},"inLanguage":"sq","potentialAction":[{"@type":"ReadAction","target":["https:\/\/unhz.eu\/fmthm\/statistikat-e-studenteve\/"]}]},{"@type":"BreadcrumbList","@id":"https:\/\/unhz.eu\/fmthm\/statistikat-e-studenteve\/#breadcrumb","itemListElement":[{"@type":"ListItem","position":1,"name":"Home","item":"https:\/\/unhz.eu\/fmthm\/"},{"@type":"ListItem","position":2,"name":"Statistikat e student\u00ebve"}]},{"@type":"WebSite","@id":"https:\/\/unhz.eu\/fmthm\/#website","url":"https:\/\/unhz.eu\/fmthm\/","name":"Fakulteti i Menaxhimit n\u00eb Turiz\u00ebm, Hotelieri dhe Mjedis","description":"I dedikuar p\u00ebr cil\u00ebsi standarde dhe suksese","publisher":{"@id":"https:\/\/unhz.eu\/fmthm\/#organization"},"potentialAction":[{"@type":"SearchAction","target":{"@type":"EntryPoint","urlTemplate":"https:\/\/unhz.eu\/fmthm\/?s={search_term_string}"},"query-input":{"@type":"PropertyValueSpecification","valueRequired":true,"valueName":"search_term_string"}}],"inLanguage":"sq"},{"@type":"Organization","@id":"https:\/\/unhz.eu\/fmthm\/#organization","name":"Fakulteti i Menaxhimit n\u00eb Turiz\u00ebm, Hotelieri dhe Mjedis","url":"https:\/\/unhz.eu\/fmthm\/","logo":{"@type":"ImageObject","inLanguage":"sq","@id":"https:\/\/unhz.eu\/fmthm\/#\/schema\/logo\/image\/","url":"https:\/\/unhz.eu\/fmthm\/wp-content\/uploads\/sites\/10\/2024\/02\/cropped-logo-1-1-e1713527702695.png","contentUrl":"https:\/\/unhz.eu\/fmthm\/wp-content\/uploads\/sites\/10\/2024\/02\/cropped-logo-1-1-e1713527702695.png","width":100,"height":100,"caption":"Fakulteti i Menaxhimit n\u00eb Turiz\u00ebm, Hotelieri dhe Mjedis"},"image":{"@id":"https:\/\/unhz.eu\/fmthm\/#\/schema\/logo\/image\/"}}]}},"_links":{"self":[{"href":"https:\/\/unhz.eu\/fmthm\/wp-json\/wp\/v2\/pages\/21623","targetHints":{"allow":["GET"]}}],"collection":[{"href":"https:\/\/unhz.eu\/fmthm\/wp-json\/wp\/v2\/pages"}],"about":[{"href":"https:\/\/unhz.eu\/fmthm\/wp-json\/wp\/v2\/types\/page"}],"author":[{"embeddable":true,"href":"https:\/\/unhz.eu\/fmthm\/wp-json\/wp\/v2\/users\/1"}],"replies":[{"embeddable":true,"href":"https:\/\/unhz.eu\/fmthm\/wp-json\/wp\/v2\/comments?post=21623"}],"version-history":[{"count":1,"href":"https:\/\/unhz.eu\/fmthm\/wp-json\/wp\/v2\/pages\/21623\/revisions"}],"predecessor-version":[{"id":49908,"href":"https:\/\/unhz.eu\/fmthm\/wp-json\/wp\/v2\/pages\/21623\/revisions\/49908"}],"wp:attachment":[{"href":"https:\/\/unhz.eu\/fmthm\/wp-json\/wp\/v2\/media?parent=21623"}],"curies":[{"name":"wp","href":"https:\/\/api.w.org\/{rel}","templated":true}]}}