{"id":49564,"date":"2025-12-04T10:26:21","date_gmt":"2025-12-04T10:26:21","guid":{"rendered":"https:\/\/unhz.eu\/fmthm\/?page_id=49564"},"modified":"2025-12-04T10:26:22","modified_gmt":"2025-12-04T10:26:22","slug":"lista-e-studenteve-te-diplomuar-2024","status":"publish","type":"page","link":"https:\/\/unhz.eu\/fmthm\/en\/lista-e-studenteve-te-diplomuar-2024\/","title":{"rendered":"List of graduating students 2024"},"content":{"rendered":"<figure class=\"wp-block-table\"><table><tbody><tr><td><strong>No.<\/strong><strong><\/strong><\/td><td><strong>First and last name<\/strong><strong><\/strong><\/td><td><strong>Title of the diploma topic<\/strong><strong><\/strong><\/td><td><strong>mentor<\/strong><strong><\/strong><\/td><td><strong>Graduation date<\/strong><strong><\/strong><\/td><td><strong>Deadline<\/strong><strong><\/strong><\/td><td><strong>Diploma topic link<\/strong><strong><\/strong><\/td><\/tr><tr><td><strong>1.<\/strong><\/td><td>Viona Berisha<\/td><td>The human impact in creating a flexible environment in modern organizations<\/td><td>Prof.Ass.Dr. Th\u00eblleza Latifi Sadrija<\/td><td>07\/02\/2024<\/td><td><strong>January<\/strong><\/td><td><a href=\"https:\/\/unhz.eu\/fmthm\/wp-content\/uploads\/sites\/10\/2025\/12\/01.Viona-Berisha.pdf\"><strong>01.Viona Berisha.pdf<\/strong><\/a><\/td><\/tr><tr><td><strong>2.<\/strong><\/td><td>Florentina Matoshi<\/td><td>Waste management in Kosovo<\/td><td>Prof. Dr. Adem Dreshaj<\/td><td>11\/03\/2024<\/td><td><strong>January<\/strong><\/td><td><a href=\"https:\/\/unhz.eu\/fmthm\/wp-content\/uploads\/sites\/10\/2025\/12\/02.Florentina-Matoshi.pdf\"><strong>02.Florentina Matoshi.pdf<\/strong><\/a><\/td><\/tr><tr><td><strong>3.<\/strong><\/td><td>Albina Bajraktaraj<\/td><td>The importance of quality management in the hospitality industry<\/td><td>Assoc. Prof. Dr. Merita Begolli Dauti<\/td><td>25\/04\/2024<\/td><td><strong>APRIL<\/strong><\/td><td><a href=\"https:\/\/unhz.eu\/fmthm\/wp-content\/uploads\/sites\/10\/2025\/12\/03.Albina-Bajraktaraj.pdf\"><strong>03.Albina Bajraktaraj.pdf<\/strong><\/a><\/td><\/tr><tr><td><strong>4.<\/strong><\/td><td>Fatbardha Shala<\/td><td>Management of tourism and hotel services in the Dukagjini region<\/td><td>Prof. Dr. Bedri Millaku<\/td><td>8\/5\/2024<\/td><td><strong>APRIL<\/strong><\/td><td><a href=\"https:\/\/unhz.eu\/fmthm\/wp-content\/uploads\/sites\/10\/2025\/12\/04.Fatbardha-Shala.pdf\"><strong>04.Fatbardha Shala.pdf<\/strong><\/a><\/td><\/tr><tr><td><strong>5.<\/strong><\/td><td>Egzona Zeqiraj<\/td><td>The role and importance of the Trofta company for tourism in Istog<\/td><td>Prof. Dr. Bedri Millaku<\/td><td>14\/05\/2024<\/td><td><strong>APRIL<\/strong><\/td><td><a href=\"https:\/\/unhz.eu\/fmthm\/wp-content\/uploads\/sites\/10\/2025\/12\/05.Egzona-Zeqiraj.pdf\"><strong>05.Egzona Zeqiraj.pdf<\/strong><\/a><\/td><\/tr><tr><td><strong>6.<\/strong><\/td><td>Fatos Berisha<\/td><td>The role of the internal and external business environment in preserving the environment<\/td><td>Prof. Dr. Adem Dreshaj<\/td><td>15\/05\/2024<\/td><td><strong>APRIL<\/strong><\/td><td><a href=\"https:\/\/unhz.eu\/fmthm\/wp-content\/uploads\/sites\/10\/2025\/12\/06.Fatos-Berisha.pdf\"><strong>06.Fatos Berisha.pdf<\/strong><\/a><\/td><\/tr><tr><td><strong>7.<\/strong><\/td><td>Djelza Berisha<\/td><td>The role of ISO certification in hotel quality management<\/td><td>Assoc. Prof. Dr. Merita Begolli Dauti<\/td><td>16\/07\/2024<\/td><td><strong>JUNE<\/strong><\/td><td><a href=\"https:\/\/unhz.eu\/fmthm\/wp-content\/uploads\/sites\/10\/2025\/12\/07.Djellza-Berisha.pdf\"><strong>07.Djellza Berisha.pdf<\/strong><\/a><\/td><\/tr><tr><td><strong>8.<\/strong><\/td><td>Sanela Gusinjac<\/td><td>Uticaj marketinga na razvoj turikticke destination u Rozajama<\/td><td>Prof. Ass. Dr. Anela Dzogovic<\/td><td>15\/07\/2024<\/td><td><strong>JUNE<\/strong><\/td><td><a href=\"https:\/\/unhz.eu\/fmthm\/wp-content\/uploads\/sites\/10\/2025\/12\/08.Sanela-Gusinjac.pdf\"><strong>08.Sanela Gusinjac.pdf<\/strong><\/a><\/td><\/tr><tr><td><strong>9.<\/strong><\/td><td>Albenita Bajraktaraj<\/td><td>The Impact of the Hospitality Industry on Economic Development<\/td><td>Assoc. Prof. Dr. Merita Begolli Dauti<\/td><td>16\/07\/2024<\/td><td><strong>JUNE<\/strong><\/td><td><a href=\"https:\/\/unhz.eu\/fmthm\/wp-content\/uploads\/sites\/10\/2025\/12\/09.Albenita-Bajraktaraj.pdf\"><strong>09.Albenita Bajraktaraj.pdf<\/strong><\/a><\/td><\/tr><tr><td><strong>10.<\/strong><\/td><td>Emir Adzajlic<\/td><td>The application of contemporary modern methods toskova<\/td><td>Prof. Dr. Husnija Bibuljica<\/td><td>25\/07\/2024<\/td><td><strong>JUNE<\/strong><\/td><td><a href=\"https:\/\/unhz.eu\/fmthm\/wp-content\/uploads\/sites\/10\/2025\/12\/10.Emir-Adzajlic.pdf\"><strong>10.Emir Adzajlic.pdf<\/strong><\/a><\/td><\/tr><tr><td><strong>11.<\/strong><\/td><td>Zehra Suljic<\/td><td>Poslovne komunikacije u turitickoj i industry challenge perspective<\/td><td>Assoc. Prof. Dr. Suada Dzogovic<\/td><td>27\/07\/2024<\/td><td><strong>JUNE<\/strong><\/td><td><a href=\"https:\/\/unhz.eu\/fmthm\/wp-content\/uploads\/sites\/10\/2025\/12\/11.Zehra-Suljic.pdf\"><strong>11.Zehra Suljic.pdf<\/strong><\/a><\/td><\/tr><tr><td><strong>12.<\/strong><\/td><td>Hyrije Bajramaj<\/td><td>Tourism development an important factor in economic growth in Kosovo<\/td><td>Assoc. Prof. Dr. Bek\u00eb Kuqi<\/td><td>26\/07\/2024<\/td><td><strong>JUNE<\/strong><\/td><td><a href=\"https:\/\/unhz.eu\/fmthm\/wp-content\/uploads\/sites\/10\/2025\/12\/12.Hyrije-Bajramaj.pdf\"><strong>12.Bajramaj Introduction.pdf<\/strong><\/a><\/td><\/tr><tr><td><strong>13.<\/strong><\/td><td>Eliona Alijaj<\/td><td>The impact of quality management on the performance of hotel businesses<\/td><td>Assoc. Prof. Dr. Merita Begolli Dauti<\/td><td>12\/09\/2024<\/td><td><strong>September<\/strong><\/td><td><a href=\"https:\/\/unhz.eu\/fmthm\/wp-content\/uploads\/sites\/10\/2025\/12\/13.Elijona-Alijaj.pdf\"><strong>13.Elijona Alijaj.pdf<\/strong><\/a><\/td><\/tr><tr><td><strong>14.<\/strong><\/td><td>Miranda Kurtaj<\/td><td>The importance of developing mountain tourism in Rugova<\/td><td>Assoc. Prof. Dr. Bek\u00eb Kuqi<\/td><td>03\/09\/2024<\/td><td><strong>September<\/strong><\/td><td><a href=\"https:\/\/unhz.eu\/fmthm\/wp-content\/uploads\/sites\/10\/2025\/12\/14.Miranda-Kurtaj.pdf\"><strong>14.Miranda Kurtaj.pdf<\/strong><\/a><\/td><\/tr><tr><td><strong>15.<\/strong><\/td><td>Shehide Gashi<\/td><td>Price as an element of the marketing mix in the hotel industry<\/td><td>Assoc. Prof. Dr. Merita Begolli Dauti<\/td><td>23\/09\/2024<\/td><td><strong>September<\/strong><\/td><td><a href=\"https:\/\/unhz.eu\/fmthm\/wp-content\/uploads\/sites\/10\/2025\/12\/15.Shehide-Gashi.pdf\"><strong>15.Shehide Gashi.pdf<\/strong><\/a><\/td><\/tr><tr><td><strong>16.<\/strong><\/td><td>Thought of Nimonaj<\/td><td>Perspectives for tourism development in the Municipality of Gjakova<\/td><td>Assoc. Prof. Dr. Bek\u00eb Kuqi<\/td><td>8\/10\/2024<\/td><td><strong>September<\/strong><\/td><td><a href=\"https:\/\/unhz.eu\/fmthm\/wp-content\/uploads\/sites\/10\/2025\/12\/16.Mendim-Nimonaj.pdf\"><strong>16.Nimonaj Thought.pdf<\/strong><\/a><\/td><\/tr><tr><td><strong>17.<\/strong><\/td><td>Endrit Smajli<\/td><td>Development of rural tourism in the Dukagjini Plain<\/td><td>Assoc. Prof. Dr. Bek\u00eb Kuqi<\/td><td>1\/10\/2024<\/td><td><strong>September<\/strong><\/td><td><a href=\"https:\/\/unhz.eu\/fmthm\/wp-content\/uploads\/sites\/10\/2025\/12\/17.Endrit-Smajli.pdf\"><strong>17.Endrit Smajli.pdf<\/strong><\/a><\/td><\/tr><tr><td><strong>18<\/strong><\/td><td>Elsa Nallbani<\/td><td>Growth and development of tourism in Rugova<\/td><td>Prof. Dr. Bedri Millaku<\/td><td>2\/10\/2024<\/td><td><strong>September<\/strong><\/td><td><a href=\"https:\/\/unhz.eu\/fmthm\/wp-content\/uploads\/sites\/10\/2025\/12\/18-.Elsa-Nallbani.pdf\"><strong>18.Elsa Nallbani.pdf<\/strong><\/a><\/td><\/tr><tr><td><strong>19.<\/strong><\/td><td>Arjan Tahiraj<\/td><td>The impact of total quality management on sustainable development<\/td><td>Assoc. Prof. Dr. Merita Begolli Dauti<\/td><td>8\/10\/2024<\/td><td><strong>September<\/strong><\/td><td><a href=\"https:\/\/unhz.eu\/fmthm\/wp-content\/uploads\/sites\/10\/2025\/12\/19.-Arjanit-Tahiraj.pdf\"><strong>19. Arjanit Tahiraj.pdf<\/strong><\/a><\/td><\/tr><tr><td><strong>20.<\/strong><\/td><td>Esat Nikqi<\/td><td>Tourism development and the importance of Rugova&#039;s economic development<\/td><td>Prof. Dr. Bedri Millaku<\/td><td>21\/10\/2024<\/td><td><strong>September<\/strong><\/td><td><a href=\"https:\/\/unhz.eu\/fmthm\/wp-content\/uploads\/sites\/10\/2025\/12\/20.Esat-Nikqi.pdf\"><strong>20.Esat Nikqi.pdf<\/strong><\/a><\/td><\/tr><tr><td><strong>21.<\/strong><\/td><td>Agonisa Alushaj<\/td><td>Tourism potentials are a factor for the development of tourism in Kosovo<\/td><td>Assoc. Prof. Dr. Beke Kuqi<\/td><td>24\/10\/2024<\/td><td><strong>September<\/strong><\/td><td><a href=\"https:\/\/unhz.eu\/fmthm\/wp-content\/uploads\/sites\/10\/2025\/12\/21.Agonisa-Alushaj.pdf\"><strong>21.Agonisa Alushaj.pdf<\/strong><\/a><\/td><\/tr><tr><td><strong>22.<\/strong><\/td><td>Shpetim Ukaj<\/td><td>Development and prospects of tourism businesses in the Dukagjini Plain<\/td><td>Prof. Dr. Bedri Millaku<\/td><td>24\/10\/2024<\/td><td><strong>September<\/strong><\/td><td><a href=\"https:\/\/unhz.eu\/fmthm\/wp-content\/uploads\/sites\/10\/2025\/12\/22.Shpetim-Ukaj-Punim-Diplome.pdf\"><strong>22.Shpetim Ukaj-Diploma Thesis.pdf<\/strong><\/a><\/td><\/tr><tr><td><strong>23.<\/strong><\/td><td>Fitore Sejfiaj<\/td><td>The role of travel agencies in the tourism market<\/td><td>Assoc. Prof. Dr. Beke Kuqi<\/td><td>16\/10\/2024<\/td><td><strong>September<\/strong><\/td><td><a href=\"https:\/\/unhz.eu\/fmthm\/wp-content\/uploads\/sites\/10\/2025\/12\/23.Fitore-Sejfijaj.pdf\"><strong>23.Fitore Sejfijaj.pdf<\/strong><\/a><\/td><\/tr><tr><td><strong>24.<\/strong><\/td><td>Clearance Muqkurtaj<\/td><td>Tourism Development and Its Importance in the Hotel Industry<\/td><td>Prof. Ass. Dr. Merita Begolli Dauti<\/td><td>23\/10\/2024<\/td><td><strong>September<\/strong><\/td><td><a href=\"https:\/\/unhz.eu\/fmthm\/wp-content\/uploads\/sites\/10\/2025\/12\/24.Qlirim-Muqkurtaj.pdf\"><strong>24.Qlirim Muqkurtaj.pdf<\/strong><\/a><\/td><\/tr><tr><td><strong>25.<\/strong><\/td><td>Vlorentina Dedushaj<\/td><td>Environmental Pollution in Kosovo<\/td><td>Prof. Dr. Adem Dreshaj<\/td><td>11\/11\/2024<\/td><td><strong>November<\/strong><\/td><td><a href=\"https:\/\/unhz.eu\/fmthm\/wp-content\/uploads\/sites\/10\/2025\/12\/25.Vlorentina-Dedushaj.pdf\"><strong>25.Vlorentina Dedushaj.pdf<\/strong><\/a><\/td><\/tr><tr><td><strong>26.<\/strong><\/td><td>Silver Berisha<\/td><td>Prospects for tourism development in the Dukagjin Region<\/td><td>Assoc. Prof. Dr. Bek\u00eb Kuqi<\/td><td>20\/11\/2024<strong><\/strong><\/td><td><strong>November<\/strong><\/td><td><a href=\"https:\/\/unhz.eu\/fmthm\/wp-content\/uploads\/sites\/10\/2025\/12\/26.Argjend-Berisha.pdf\"><strong>26.Argjend Berisha.pdf<\/strong><\/a><\/td><\/tr><\/tbody><\/table><\/figure>\n\n\n\n<p><\/p>","protected":false},"excerpt":{"rendered":"<p>Nr. Emri dhe mbiemri Titulli i tem\u00ebs s\u00eb diplom\u00ebs Mentori Data e diplomimit Afati Linku&hellip;<\/p>","protected":false},"author":9,"featured_media":0,"parent":0,"menu_order":0,"comment_status":"closed","ping_status":"closed","template":"","meta":{"footnotes":""},"class_list":["post-49564","page","type-page","status-publish","hentry"],"yoast_head":"<!-- This site is optimized with the Yoast SEO Premium plugin v27.2 (Yoast SEO v27.2) - https:\/\/yoast.com\/product\/yoast-seo-premium-wordpress\/ -->\n<title>Lista e studenteve te diplomuar 2024 - Fakulteti i Menaxhimit n\u00eb Turiz\u00ebm, Hotelieri dhe Mjedis<\/title>\n<meta name=\"robots\" content=\"index, follow, max-snippet:-1, max-image-preview:large, max-video-preview:-1\" \/>\n<link rel=\"canonical\" href=\"https:\/\/unhz.eu\/fmthm\/en\/lista-e-studenteve-te-diplomuar-2024\/\" \/>\n<meta property=\"og:locale\" content=\"en_US\" \/>\n<meta property=\"og:type\" content=\"article\" \/>\n<meta property=\"og:title\" content=\"Lista e studenteve te diplomuar 2024\" \/>\n<meta property=\"og:description\" content=\"Nr. Emri dhe mbiemri Titulli i tem\u00ebs s\u00eb diplom\u00ebs Mentori Data e diplomimit Afati Linku&hellip;\" \/>\n<meta property=\"og:url\" content=\"https:\/\/unhz.eu\/fmthm\/en\/lista-e-studenteve-te-diplomuar-2024\/\" \/>\n<meta property=\"og:site_name\" content=\"Fakulteti i Menaxhimit n\u00eb Turiz\u00ebm, Hotelieri dhe Mjedis\" \/>\n<meta property=\"article:modified_time\" content=\"2025-12-04T10:26:22+00:00\" \/>\n<meta name=\"twitter:card\" content=\"summary_large_image\" \/>\n<meta name=\"twitter:label1\" content=\"Est. reading time\" \/>\n\t<meta name=\"twitter:data1\" content=\"3 minutes\" \/>\n<script type=\"application\/ld+json\" class=\"yoast-schema-graph\">{\"@context\":\"https:\/\/schema.org\",\"@graph\":[{\"@type\":\"WebPage\",\"@id\":\"https:\/\/unhz.eu\/fmthm\/lista-e-studenteve-te-diplomuar-2024\/\",\"url\":\"https:\/\/unhz.eu\/fmthm\/lista-e-studenteve-te-diplomuar-2024\/\",\"name\":\"Lista e studenteve te diplomuar 2024 - Fakulteti i Menaxhimit n\u00eb Turiz\u00ebm, Hotelieri dhe Mjedis\",\"isPartOf\":{\"@id\":\"https:\/\/unhz.eu\/fmthm\/#website\"},\"datePublished\":\"2025-12-04T10:26:21+00:00\",\"dateModified\":\"2025-12-04T10:26:22+00:00\",\"breadcrumb\":{\"@id\":\"https:\/\/unhz.eu\/fmthm\/lista-e-studenteve-te-diplomuar-2024\/#breadcrumb\"},\"inLanguage\":\"en-US\",\"potentialAction\":[{\"@type\":\"ReadAction\",\"target\":[\"https:\/\/unhz.eu\/fmthm\/lista-e-studenteve-te-diplomuar-2024\/\"]}]},{\"@type\":\"BreadcrumbList\",\"@id\":\"https:\/\/unhz.eu\/fmthm\/lista-e-studenteve-te-diplomuar-2024\/#breadcrumb\",\"itemListElement\":[{\"@type\":\"ListItem\",\"position\":1,\"name\":\"Home\",\"item\":\"https:\/\/unhz.eu\/fmthm\/\"},{\"@type\":\"ListItem\",\"position\":2,\"name\":\"Lista e studenteve te diplomuar 2024\"}]},{\"@type\":\"WebSite\",\"@id\":\"https:\/\/unhz.eu\/fmthm\/#website\",\"url\":\"https:\/\/unhz.eu\/fmthm\/\",\"name\":\"Fakulteti i Menaxhimit n\u00eb Turiz\u00ebm, Hotelieri dhe Mjedis\",\"description\":\"I dedikuar p\u00ebr cil\u00ebsi standarde dhe suksese\",\"publisher\":{\"@id\":\"https:\/\/unhz.eu\/fmthm\/#organization\"},\"potentialAction\":[{\"@type\":\"SearchAction\",\"target\":{\"@type\":\"EntryPoint\",\"urlTemplate\":\"https:\/\/unhz.eu\/fmthm\/?s={search_term_string}\"},\"query-input\":{\"@type\":\"PropertyValueSpecification\",\"valueRequired\":true,\"valueName\":\"search_term_string\"}}],\"inLanguage\":\"en-US\"},{\"@type\":\"Organization\",\"@id\":\"https:\/\/unhz.eu\/fmthm\/#organization\",\"name\":\"Fakulteti i Menaxhimit n\u00eb Turiz\u00ebm, Hotelieri dhe Mjedis\",\"url\":\"https:\/\/unhz.eu\/fmthm\/\",\"logo\":{\"@type\":\"ImageObject\",\"inLanguage\":\"en-US\",\"@id\":\"https:\/\/unhz.eu\/fmthm\/#\/schema\/logo\/image\/\",\"url\":\"https:\/\/unhz.eu\/fmthm\/wp-content\/uploads\/sites\/10\/2024\/02\/cropped-logo-1-1-e1713527702695.png\",\"contentUrl\":\"https:\/\/unhz.eu\/fmthm\/wp-content\/uploads\/sites\/10\/2024\/02\/cropped-logo-1-1-e1713527702695.png\",\"width\":100,\"height\":100,\"caption\":\"Fakulteti i Menaxhimit n\u00eb Turiz\u00ebm, Hotelieri dhe Mjedis\"},\"image\":{\"@id\":\"https:\/\/unhz.eu\/fmthm\/#\/schema\/logo\/image\/\"}}]}<\/script>\n<!-- \/ Yoast SEO Premium plugin. -->","yoast_head_json":{"title":"Lista e studenteve te diplomuar 2024 - Fakulteti i Menaxhimit n\u00eb Turiz\u00ebm, Hotelieri dhe Mjedis","robots":{"index":"index","follow":"follow","max-snippet":"max-snippet:-1","max-image-preview":"max-image-preview:large","max-video-preview":"max-video-preview:-1"},"canonical":"https:\/\/unhz.eu\/fmthm\/en\/lista-e-studenteve-te-diplomuar-2024\/","og_locale":"en_US","og_type":"article","og_title":"Lista e studenteve te diplomuar 2024","og_description":"Nr. Emri dhe mbiemri Titulli i tem\u00ebs s\u00eb diplom\u00ebs Mentori Data e diplomimit Afati Linku&hellip;","og_url":"https:\/\/unhz.eu\/fmthm\/en\/lista-e-studenteve-te-diplomuar-2024\/","og_site_name":"Fakulteti i Menaxhimit n\u00eb Turiz\u00ebm, Hotelieri dhe Mjedis","article_modified_time":"2025-12-04T10:26:22+00:00","twitter_card":"summary_large_image","twitter_misc":{"Est. reading time":"3 minutes"},"schema":{"@context":"https:\/\/schema.org","@graph":[{"@type":"WebPage","@id":"https:\/\/unhz.eu\/fmthm\/lista-e-studenteve-te-diplomuar-2024\/","url":"https:\/\/unhz.eu\/fmthm\/lista-e-studenteve-te-diplomuar-2024\/","name":"Lista e studenteve te diplomuar 2024 - Fakulteti i Menaxhimit n\u00eb Turiz\u00ebm, Hotelieri dhe Mjedis","isPartOf":{"@id":"https:\/\/unhz.eu\/fmthm\/#website"},"datePublished":"2025-12-04T10:26:21+00:00","dateModified":"2025-12-04T10:26:22+00:00","breadcrumb":{"@id":"https:\/\/unhz.eu\/fmthm\/lista-e-studenteve-te-diplomuar-2024\/#breadcrumb"},"inLanguage":"en-US","potentialAction":[{"@type":"ReadAction","target":["https:\/\/unhz.eu\/fmthm\/lista-e-studenteve-te-diplomuar-2024\/"]}]},{"@type":"BreadcrumbList","@id":"https:\/\/unhz.eu\/fmthm\/lista-e-studenteve-te-diplomuar-2024\/#breadcrumb","itemListElement":[{"@type":"ListItem","position":1,"name":"Home","item":"https:\/\/unhz.eu\/fmthm\/"},{"@type":"ListItem","position":2,"name":"Lista e studenteve te diplomuar 2024"}]},{"@type":"WebSite","@id":"https:\/\/unhz.eu\/fmthm\/#website","url":"https:\/\/unhz.eu\/fmthm\/","name":"Faculty of Tourism, Hospitality and Environmental Management","description":"Dedicated to standard quality and success","publisher":{"@id":"https:\/\/unhz.eu\/fmthm\/#organization"},"potentialAction":[{"@type":"SearchAction","target":{"@type":"EntryPoint","urlTemplate":"https:\/\/unhz.eu\/fmthm\/?s={search_term_string}"},"query-input":{"@type":"PropertyValueSpecification","valueRequired":true,"valueName":"search_term_string"}}],"inLanguage":"en-US"},{"@type":"Organization","@id":"https:\/\/unhz.eu\/fmthm\/#organization","name":"Faculty of Tourism, Hospitality and Environmental Management","url":"https:\/\/unhz.eu\/fmthm\/","logo":{"@type":"ImageObject","inLanguage":"en-US","@id":"https:\/\/unhz.eu\/fmthm\/#\/schema\/logo\/image\/","url":"https:\/\/unhz.eu\/fmthm\/wp-content\/uploads\/sites\/10\/2024\/02\/cropped-logo-1-1-e1713527702695.png","contentUrl":"https:\/\/unhz.eu\/fmthm\/wp-content\/uploads\/sites\/10\/2024\/02\/cropped-logo-1-1-e1713527702695.png","width":100,"height":100,"caption":"Fakulteti i Menaxhimit n\u00eb Turiz\u00ebm, Hotelieri dhe Mjedis"},"image":{"@id":"https:\/\/unhz.eu\/fmthm\/#\/schema\/logo\/image\/"}}]}},"_links":{"self":[{"href":"https:\/\/unhz.eu\/fmthm\/en\/wp-json\/wp\/v2\/pages\/49564","targetHints":{"allow":["GET"]}}],"collection":[{"href":"https:\/\/unhz.eu\/fmthm\/en\/wp-json\/wp\/v2\/pages"}],"about":[{"href":"https:\/\/unhz.eu\/fmthm\/en\/wp-json\/wp\/v2\/types\/page"}],"author":[{"embeddable":true,"href":"https:\/\/unhz.eu\/fmthm\/en\/wp-json\/wp\/v2\/users\/9"}],"replies":[{"embeddable":true,"href":"https:\/\/unhz.eu\/fmthm\/en\/wp-json\/wp\/v2\/comments?post=49564"}],"version-history":[{"count":1,"href":"https:\/\/unhz.eu\/fmthm\/en\/wp-json\/wp\/v2\/pages\/49564\/revisions"}],"predecessor-version":[{"id":49591,"href":"https:\/\/unhz.eu\/fmthm\/en\/wp-json\/wp\/v2\/pages\/49564\/revisions\/49591"}],"wp:attachment":[{"href":"https:\/\/unhz.eu\/fmthm\/en\/wp-json\/wp\/v2\/media?parent=49564"}],"curies":[{"name":"wp","href":"https:\/\/api.w.org\/{rel}","templated":true}]}}