{"id":49385,"date":"2025-10-27T14:29:40","date_gmt":"2025-10-27T14:29:40","guid":{"rendered":"https:\/\/unhz.eu\/fmthm\/?page_id=49385"},"modified":"2025-10-29T08:12:21","modified_gmt":"2025-10-29T08:12:21","slug":"menaxhim-ne-turizem-dhe-hotelieri-2025-2028","status":"publish","type":"page","link":"https:\/\/unhz.eu\/fmthm\/en\/menaxhim-ne-turizem-dhe-hotelieri-2025-2028\/","title":{"rendered":"Tourism and Hospitality Management 2025-2028"},"content":{"rendered":"<p>Tourism and Hospitality Management 2025-2028<\/p>\n\n\n\n<figure class=\"wp-block-table\"><table><tbody><tr><td colspan=\"10\"><strong>Year I<\/strong><\/td><\/tr><tr><td colspan=\"5\"><strong>Semester I<\/strong><\/td><td colspan=\"5\"><strong>Hours\/week<\/strong><\/td><\/tr><tr><td><strong>No.<\/strong><\/td><td colspan=\"2\"><strong>O\/Z<\/strong><\/td><td colspan=\"2\"><strong>SUBJECTS<\/strong><\/td><td colspan=\"2\"><strong>L<\/strong><\/td><td colspan=\"2\"><strong>U<\/strong><\/td><td><strong>ECTS<\/strong><\/td><\/tr><tr><td>&nbsp;<\/td><td colspan=\"2\">O<\/td><td colspan=\"2\">Introduction to tourism and hospitality<\/td><td colspan=\"2\">2<\/td><td colspan=\"2\">2<\/td><td>7<\/td><\/tr><tr><td>&nbsp;<\/td><td colspan=\"2\">O<\/td><td colspan=\"2\">Mathematics<\/td><td colspan=\"2\">2<\/td><td colspan=\"2\">2<\/td><td>6<\/td><\/tr><tr><td>&nbsp;<\/td><td colspan=\"2\">O<\/td><td colspan=\"2\">Tourism and hospitality management<\/td><td colspan=\"2\">2<\/td><td colspan=\"2\">2<\/td><td>6<\/td><\/tr><tr><td>&nbsp;<\/td><td colspan=\"2\">O<\/td><td colspan=\"2\">Academic writing<\/td><td colspan=\"2\">2<\/td><td colspan=\"2\">2<\/td><td>6<\/td><\/tr><tr><td>&nbsp;<\/td><td colspan=\"2\">O<\/td><td colspan=\"2\">Foreign language (English I, German I)<\/td><td colspan=\"2\">2<\/td><td colspan=\"2\">2<\/td><td>5<\/td><\/tr><tr><td colspan=\"9\"><strong>TOTAL:<\/strong><\/td><td>30<\/td><\/tr><tr><td colspan=\"10\"><strong>Semester II<\/strong><\/td><\/tr><tr><td>1<\/td><td colspan=\"2\">O<\/td><td colspan=\"2\">Statistics<\/td><td colspan=\"2\">2<\/td><td colspan=\"2\">2<\/td><td>7<\/td><\/tr><tr><td>2<\/td><td colspan=\"2\">O<\/td><td colspan=\"2\">Introduction to economics<\/td><td colspan=\"2\">2<\/td><td colspan=\"2\">2<\/td><td>6<\/td><\/tr><tr><td>3<\/td><td colspan=\"2\">O<\/td><td colspan=\"2\">Marketing in tourism and hospitality<\/td><td colspan=\"2\">2<\/td><td colspan=\"2\">2<\/td><td>6<\/td><\/tr><tr><td>4<\/td><td colspan=\"2\">O<\/td><td colspan=\"2\">Information technology<\/td><td colspan=\"2\">2<\/td><td colspan=\"2\">2<\/td><td>6<\/td><\/tr><tr><td>5<\/td><td colspan=\"2\">O<\/td><td colspan=\"2\">Foreign language (<a>English Language II, German Language II<\/a>)<\/td><td colspan=\"2\">2<\/td><td colspan=\"2\">2<\/td><td>5<\/td><\/tr><tr><td colspan=\"9\"><strong>TOTAL:<\/strong><\/td><td>30<\/td><\/tr><tr><td colspan=\"10\"><strong>Year II<\/strong><\/td><\/tr><tr><td colspan=\"5\"><strong>Semester III<\/strong><\/td><td colspan=\"5\"><strong>Hours\/week<\/strong><\/td><\/tr><tr><td colspan=\"2\"><strong>No.<\/strong><\/td><td><strong>O\/Z<\/strong><\/td><td colspan=\"2\"><strong>SUBJECTS<\/strong><\/td><td colspan=\"2\"><strong>L<\/strong><\/td><td colspan=\"2\"><strong>U<\/strong><\/td><td><strong>ECTS<\/strong><\/td><\/tr><tr><td colspan=\"2\">&nbsp;<\/td><td>O<\/td><td colspan=\"2\">Introduction to research methodology<\/td><td colspan=\"2\">2<\/td><td colspan=\"2\">2<\/td><td>7<\/td><\/tr><tr><td colspan=\"2\">&nbsp;<\/td><td>O<\/td><td colspan=\"2\">Accounting basics<\/td><td colspan=\"2\">2<\/td><td colspan=\"2\">2<\/td><td>6<\/td><\/tr><tr><td colspan=\"2\">&nbsp;<\/td><td>O<\/td><td colspan=\"2\">Human resources and professional development<\/td><td colspan=\"2\">2<\/td><td colspan=\"2\">2<\/td><td>6<\/td><\/tr><tr><td colspan=\"2\">&nbsp;<\/td><td>O<\/td><td colspan=\"2\">Food and beverage management<\/td><td colspan=\"2\">2<\/td><td colspan=\"2\">2<\/td><td>6<\/td><\/tr><tr><td colspan=\"2\">&nbsp;<\/td><td>Z<\/td><td colspan=\"2\">Hotel reservation systems<\/td><td colspan=\"2\">2<\/td><td colspan=\"2\">2<\/td><td>5<\/td><\/tr><tr><td colspan=\"2\">&nbsp;<\/td><td>Z<\/td><td colspan=\"2\">Transportation in tourism<\/td><td colspan=\"2\">2<\/td><td colspan=\"2\">2<\/td><td>5<\/td><\/tr><tr><td colspan=\"2\">&nbsp;<\/td><td>Z<\/td><td colspan=\"2\">Reservation systems in tourist agencies<\/td><td colspan=\"2\">2<\/td><td colspan=\"2\">2<\/td><td>5<\/td><\/tr><tr><td colspan=\"9\"><strong>TOTAL:<\/strong><\/td><td>30<\/td><\/tr><tr><td colspan=\"10\"><strong>Semester IV<\/strong><\/td><\/tr><tr><td colspan=\"2\">&nbsp;<\/td><td>O<\/td><td colspan=\"2\">Tourism planning and development<\/td><td colspan=\"2\">2<\/td><td colspan=\"2\">2<\/td><td>7<\/td><\/tr><tr><td colspan=\"2\">&nbsp;<\/td><td>O<\/td><td colspan=\"2\">Tourist geography<\/td><td colspan=\"2\">2<\/td><td colspan=\"2\">2<\/td><td>6<\/td><\/tr><tr><td colspan=\"2\">&nbsp;<\/td><td>O<\/td><td colspan=\"2\">Cultural heritage in tourism<\/td><td colspan=\"2\">2<\/td><td colspan=\"2\">2<\/td><td>6<\/td><\/tr><tr><td colspan=\"2\">&nbsp;<\/td><td>O<\/td><td colspan=\"2\">Ecology<\/td><td colspan=\"2\">2<\/td><td colspan=\"2\">2<\/td><td>6<\/td><\/tr><tr><td colspan=\"2\">&nbsp;<\/td><td>Z<\/td><td colspan=\"2\">entrepreneurship<\/td><td colspan=\"2\">2<\/td><td colspan=\"2\">2<\/td><td>5<\/td><\/tr><tr><td colspan=\"2\">&nbsp;<\/td><td>Z<\/td><td colspan=\"2\">Customer service in hotels and travel agencies<\/td><td colspan=\"2\">2<\/td><td colspan=\"2\">2<\/td><td>5<\/td><\/tr><tr><td colspan=\"2\">&nbsp;<\/td><td>Z<\/td><td colspan=\"2\">Waste management in tourism<\/td><td colspan=\"2\">2<\/td><td colspan=\"2\">2<\/td><td>5<\/td><\/tr><tr><td colspan=\"9\"><strong>TOTAL:<\/strong><\/td><td>30<\/td><\/tr><tr><td colspan=\"10\"><strong>Year III<\/strong><\/td><\/tr><tr><td colspan=\"4\"><strong>Semester V<\/strong><\/td><td colspan=\"6\"><strong>Hours\/week<\/strong><\/td><\/tr><tr><td colspan=\"2\"><strong>No.<\/strong><\/td><td><strong>O\/Z<\/strong><\/td><td><strong>SUBJECTS<\/strong><\/td><td colspan=\"2\"><strong>L<\/strong><\/td><td colspan=\"2\"><strong>U<\/strong><\/td><td colspan=\"2\"><strong>ECTS<\/strong><\/td><\/tr><tr><td colspan=\"2\">&nbsp;<\/td><td>O<\/td><td>Practical learning and career development<\/td><td colspan=\"2\">&nbsp;<\/td><td colspan=\"2\">2<\/td><td colspan=\"2\">7<\/td><\/tr><tr><td colspan=\"2\">&nbsp;<\/td><td>O<\/td><td>The law in tourism and hospitality<\/td><td colspan=\"2\">2<\/td><td colspan=\"2\">2<\/td><td colspan=\"2\">6<\/td><\/tr><tr><td colspan=\"2\">&nbsp;<\/td><td>O<\/td><td>Event management and organization<\/td><td colspan=\"2\">2<\/td><td colspan=\"2\">2<\/td><td colspan=\"2\">6<\/td><\/tr><tr><td colspan=\"2\">&nbsp;<\/td><td>O<\/td><td>Tourism industry<\/td><td colspan=\"2\">2<\/td><td colspan=\"2\">2<\/td><td colspan=\"2\">6<\/td><\/tr><tr><td colspan=\"2\">&nbsp;<\/td><td>Z<\/td><td>Sustainable tourism<\/td><td colspan=\"2\">2<\/td><td colspan=\"2\">2<\/td><td colspan=\"2\">5<\/td><\/tr><tr><td colspan=\"2\">&nbsp;<\/td><td>Z<\/td><td>Tourism market research<\/td><td colspan=\"2\">2<\/td><td colspan=\"2\">2<\/td><td colspan=\"2\">5<\/td><\/tr><tr><td colspan=\"2\">&nbsp;<\/td><td>Z<\/td><td>Contemporary trends in tourism and hospitality<\/td><td colspan=\"2\">2<\/td><td colspan=\"2\">2<\/td><td colspan=\"2\">5<\/td><\/tr><tr><td colspan=\"8\">&nbsp;<\/td><td colspan=\"2\">30<\/td><\/tr><tr><td colspan=\"10\"><strong>Semester VI<\/strong><\/td><\/tr><tr><td colspan=\"2\">1.<\/td><td>O<\/td><td>Quality management<\/td><td colspan=\"2\">2<\/td><td colspan=\"2\">2<\/td><td colspan=\"2\">7<\/td><\/tr><tr><td colspan=\"2\">2.<\/td><td>O<\/td><td>Tourist product<\/td><td colspan=\"2\">2<\/td><td colspan=\"2\">2<\/td><td colspan=\"2\">6<\/td><\/tr><tr><td colspan=\"2\">3.<\/td><td>O<\/td><td><strong>Diploma topic<\/strong><strong><\/strong><\/td><td colspan=\"2\">2<\/td><td colspan=\"2\">2<\/td><td colspan=\"2\">6<\/td><\/tr><tr><td colspan=\"2\">4.<\/td><td>O<\/td><td>Tourism destination management<\/td><td colspan=\"2\">2<\/td><td colspan=\"2\">2<\/td><td colspan=\"2\">6<\/td><\/tr><tr><td colspan=\"2\">5.<\/td><td>Z<\/td><td>Travel agencies<\/td><td colspan=\"2\">2<\/td><td colspan=\"2\">2<\/td><td colspan=\"2\">5<\/td><\/tr><tr><td colspan=\"2\">6.<\/td><td>Z<\/td><td>International tourism<\/td><td colspan=\"2\">2<\/td><td colspan=\"2\">2<\/td><td colspan=\"2\">5<\/td><\/tr><tr><td colspan=\"2\">7.<\/td><td>Z<\/td><td>Nature management and protection (Natural landscapes)<\/td><td colspan=\"2\">2<\/td><td colspan=\"2\">2<\/td><td colspan=\"2\">5<\/td><\/tr><tr><td colspan=\"8\"><strong>TOTAL:<\/strong><\/td><td colspan=\"2\">30<\/td><\/tr><\/tbody><\/table><\/figure>","protected":false},"excerpt":{"rendered":"<p>Menaxhim n\u00eb Turiz\u00ebm dhe Hotelieri 2025-2028 Viti I Semestri I Or\u00eb\/jav\u00eb Nr. O\/Z L\u00ebnd\u00ebt L&hellip;<\/p>","protected":false},"author":1,"featured_media":0,"parent":0,"menu_order":0,"comment_status":"closed","ping_status":"closed","template":"","meta":{"footnotes":""},"class_list":["post-49385","page","type-page","status-publish","hentry"],"yoast_head":"<!-- This site is optimized with the Yoast SEO Premium plugin v27.2 (Yoast SEO v27.2) - https:\/\/yoast.com\/product\/yoast-seo-premium-wordpress\/ -->\n<title>Menaxhim n\u00eb Turiz\u00ebm dhe Hotelieri 2025-2028 - Fakulteti i Menaxhimit n\u00eb Turiz\u00ebm, Hotelieri dhe Mjedis<\/title>\n<meta name=\"robots\" content=\"index, follow, max-snippet:-1, max-image-preview:large, max-video-preview:-1\" \/>\n<link rel=\"canonical\" href=\"https:\/\/unhz.eu\/fmthm\/en\/menaxhim-ne-turizem-dhe-hotelieri-2025-2028\/\" \/>\n<meta property=\"og:locale\" content=\"en_US\" \/>\n<meta property=\"og:type\" content=\"article\" \/>\n<meta property=\"og:title\" content=\"Menaxhim n\u00eb Turiz\u00ebm dhe Hotelieri 2025-2028\" \/>\n<meta property=\"og:description\" content=\"Menaxhim n\u00eb Turiz\u00ebm dhe Hotelieri 2025-2028 Viti I Semestri I Or\u00eb\/jav\u00eb Nr. O\/Z L\u00ebnd\u00ebt L&hellip;\" \/>\n<meta property=\"og:url\" content=\"https:\/\/unhz.eu\/fmthm\/en\/menaxhim-ne-turizem-dhe-hotelieri-2025-2028\/\" \/>\n<meta property=\"og:site_name\" content=\"Fakulteti i Menaxhimit n\u00eb Turiz\u00ebm, Hotelieri dhe Mjedis\" \/>\n<meta property=\"article:modified_time\" content=\"2025-10-29T08:12:21+00:00\" \/>\n<meta name=\"twitter:card\" content=\"summary_large_image\" \/>\n<meta name=\"twitter:label1\" content=\"Est. reading time\" \/>\n\t<meta name=\"twitter:data1\" content=\"2 minutes\" \/>\n<script type=\"application\/ld+json\" class=\"yoast-schema-graph\">{\"@context\":\"https:\/\/schema.org\",\"@graph\":[{\"@type\":\"WebPage\",\"@id\":\"https:\/\/unhz.eu\/fmthm\/menaxhim-ne-turizem-dhe-hotelieri-2025-2028\/\",\"url\":\"https:\/\/unhz.eu\/fmthm\/menaxhim-ne-turizem-dhe-hotelieri-2025-2028\/\",\"name\":\"Menaxhim n\u00eb Turiz\u00ebm dhe Hotelieri 2025-2028 - Fakulteti i Menaxhimit n\u00eb Turiz\u00ebm, Hotelieri dhe Mjedis\",\"isPartOf\":{\"@id\":\"https:\/\/unhz.eu\/fmthm\/#website\"},\"datePublished\":\"2025-10-27T14:29:40+00:00\",\"dateModified\":\"2025-10-29T08:12:21+00:00\",\"breadcrumb\":{\"@id\":\"https:\/\/unhz.eu\/fmthm\/menaxhim-ne-turizem-dhe-hotelieri-2025-2028\/#breadcrumb\"},\"inLanguage\":\"en-US\",\"potentialAction\":[{\"@type\":\"ReadAction\",\"target\":[\"https:\/\/unhz.eu\/fmthm\/menaxhim-ne-turizem-dhe-hotelieri-2025-2028\/\"]}]},{\"@type\":\"BreadcrumbList\",\"@id\":\"https:\/\/unhz.eu\/fmthm\/menaxhim-ne-turizem-dhe-hotelieri-2025-2028\/#breadcrumb\",\"itemListElement\":[{\"@type\":\"ListItem\",\"position\":1,\"name\":\"Home\",\"item\":\"https:\/\/unhz.eu\/fmthm\/\"},{\"@type\":\"ListItem\",\"position\":2,\"name\":\"Menaxhim n\u00eb Turiz\u00ebm dhe Hotelieri 2025-2028\"}]},{\"@type\":\"WebSite\",\"@id\":\"https:\/\/unhz.eu\/fmthm\/#website\",\"url\":\"https:\/\/unhz.eu\/fmthm\/\",\"name\":\"Fakulteti i Menaxhimit n\u00eb Turiz\u00ebm, Hotelieri dhe Mjedis\",\"description\":\"I dedikuar p\u00ebr cil\u00ebsi standarde dhe suksese\",\"publisher\":{\"@id\":\"https:\/\/unhz.eu\/fmthm\/#organization\"},\"potentialAction\":[{\"@type\":\"SearchAction\",\"target\":{\"@type\":\"EntryPoint\",\"urlTemplate\":\"https:\/\/unhz.eu\/fmthm\/?s={search_term_string}\"},\"query-input\":{\"@type\":\"PropertyValueSpecification\",\"valueRequired\":true,\"valueName\":\"search_term_string\"}}],\"inLanguage\":\"en-US\"},{\"@type\":\"Organization\",\"@id\":\"https:\/\/unhz.eu\/fmthm\/#organization\",\"name\":\"Fakulteti i Menaxhimit n\u00eb Turiz\u00ebm, Hotelieri dhe Mjedis\",\"url\":\"https:\/\/unhz.eu\/fmthm\/\",\"logo\":{\"@type\":\"ImageObject\",\"inLanguage\":\"en-US\",\"@id\":\"https:\/\/unhz.eu\/fmthm\/#\/schema\/logo\/image\/\",\"url\":\"https:\/\/unhz.eu\/fmthm\/wp-content\/uploads\/sites\/10\/2024\/02\/cropped-logo-1-1-e1713527702695.png\",\"contentUrl\":\"https:\/\/unhz.eu\/fmthm\/wp-content\/uploads\/sites\/10\/2024\/02\/cropped-logo-1-1-e1713527702695.png\",\"width\":100,\"height\":100,\"caption\":\"Fakulteti i Menaxhimit n\u00eb Turiz\u00ebm, Hotelieri dhe Mjedis\"},\"image\":{\"@id\":\"https:\/\/unhz.eu\/fmthm\/#\/schema\/logo\/image\/\"}}]}<\/script>\n<!-- \/ Yoast SEO Premium plugin. -->","yoast_head_json":{"title":"Menaxhim n\u00eb Turiz\u00ebm dhe Hotelieri 2025-2028 - Fakulteti i Menaxhimit n\u00eb Turiz\u00ebm, Hotelieri dhe Mjedis","robots":{"index":"index","follow":"follow","max-snippet":"max-snippet:-1","max-image-preview":"max-image-preview:large","max-video-preview":"max-video-preview:-1"},"canonical":"https:\/\/unhz.eu\/fmthm\/en\/menaxhim-ne-turizem-dhe-hotelieri-2025-2028\/","og_locale":"en_US","og_type":"article","og_title":"Menaxhim n\u00eb Turiz\u00ebm dhe Hotelieri 2025-2028","og_description":"Menaxhim n\u00eb Turiz\u00ebm dhe Hotelieri 2025-2028 Viti I Semestri I Or\u00eb\/jav\u00eb Nr. O\/Z L\u00ebnd\u00ebt L&hellip;","og_url":"https:\/\/unhz.eu\/fmthm\/en\/menaxhim-ne-turizem-dhe-hotelieri-2025-2028\/","og_site_name":"Fakulteti i Menaxhimit n\u00eb Turiz\u00ebm, Hotelieri dhe Mjedis","article_modified_time":"2025-10-29T08:12:21+00:00","twitter_card":"summary_large_image","twitter_misc":{"Est. reading time":"2 minutes"},"schema":{"@context":"https:\/\/schema.org","@graph":[{"@type":"WebPage","@id":"https:\/\/unhz.eu\/fmthm\/menaxhim-ne-turizem-dhe-hotelieri-2025-2028\/","url":"https:\/\/unhz.eu\/fmthm\/menaxhim-ne-turizem-dhe-hotelieri-2025-2028\/","name":"Menaxhim n\u00eb Turiz\u00ebm dhe Hotelieri 2025-2028 - Fakulteti i Menaxhimit n\u00eb Turiz\u00ebm, Hotelieri dhe Mjedis","isPartOf":{"@id":"https:\/\/unhz.eu\/fmthm\/#website"},"datePublished":"2025-10-27T14:29:40+00:00","dateModified":"2025-10-29T08:12:21+00:00","breadcrumb":{"@id":"https:\/\/unhz.eu\/fmthm\/menaxhim-ne-turizem-dhe-hotelieri-2025-2028\/#breadcrumb"},"inLanguage":"en-US","potentialAction":[{"@type":"ReadAction","target":["https:\/\/unhz.eu\/fmthm\/menaxhim-ne-turizem-dhe-hotelieri-2025-2028\/"]}]},{"@type":"BreadcrumbList","@id":"https:\/\/unhz.eu\/fmthm\/menaxhim-ne-turizem-dhe-hotelieri-2025-2028\/#breadcrumb","itemListElement":[{"@type":"ListItem","position":1,"name":"Home","item":"https:\/\/unhz.eu\/fmthm\/"},{"@type":"ListItem","position":2,"name":"Menaxhim n\u00eb Turiz\u00ebm dhe Hotelieri 2025-2028"}]},{"@type":"WebSite","@id":"https:\/\/unhz.eu\/fmthm\/#website","url":"https:\/\/unhz.eu\/fmthm\/","name":"Faculty of Tourism, Hospitality and Environmental Management","description":"Dedicated to standard quality and success","publisher":{"@id":"https:\/\/unhz.eu\/fmthm\/#organization"},"potentialAction":[{"@type":"SearchAction","target":{"@type":"EntryPoint","urlTemplate":"https:\/\/unhz.eu\/fmthm\/?s={search_term_string}"},"query-input":{"@type":"PropertyValueSpecification","valueRequired":true,"valueName":"search_term_string"}}],"inLanguage":"en-US"},{"@type":"Organization","@id":"https:\/\/unhz.eu\/fmthm\/#organization","name":"Faculty of Tourism, Hospitality and Environmental Management","url":"https:\/\/unhz.eu\/fmthm\/","logo":{"@type":"ImageObject","inLanguage":"en-US","@id":"https:\/\/unhz.eu\/fmthm\/#\/schema\/logo\/image\/","url":"https:\/\/unhz.eu\/fmthm\/wp-content\/uploads\/sites\/10\/2024\/02\/cropped-logo-1-1-e1713527702695.png","contentUrl":"https:\/\/unhz.eu\/fmthm\/wp-content\/uploads\/sites\/10\/2024\/02\/cropped-logo-1-1-e1713527702695.png","width":100,"height":100,"caption":"Fakulteti i Menaxhimit n\u00eb Turiz\u00ebm, Hotelieri dhe Mjedis"},"image":{"@id":"https:\/\/unhz.eu\/fmthm\/#\/schema\/logo\/image\/"}}]}},"_links":{"self":[{"href":"https:\/\/unhz.eu\/fmthm\/en\/wp-json\/wp\/v2\/pages\/49385","targetHints":{"allow":["GET"]}}],"collection":[{"href":"https:\/\/unhz.eu\/fmthm\/en\/wp-json\/wp\/v2\/pages"}],"about":[{"href":"https:\/\/unhz.eu\/fmthm\/en\/wp-json\/wp\/v2\/types\/page"}],"author":[{"embeddable":true,"href":"https:\/\/unhz.eu\/fmthm\/en\/wp-json\/wp\/v2\/users\/1"}],"replies":[{"embeddable":true,"href":"https:\/\/unhz.eu\/fmthm\/en\/wp-json\/wp\/v2\/comments?post=49385"}],"version-history":[{"count":4,"href":"https:\/\/unhz.eu\/fmthm\/en\/wp-json\/wp\/v2\/pages\/49385\/revisions"}],"predecessor-version":[{"id":49425,"href":"https:\/\/unhz.eu\/fmthm\/en\/wp-json\/wp\/v2\/pages\/49385\/revisions\/49425"}],"wp:attachment":[{"href":"https:\/\/unhz.eu\/fmthm\/en\/wp-json\/wp\/v2\/media?parent=49385"}],"curies":[{"name":"wp","href":"https:\/\/api.w.org\/{rel}","templated":true}]}}