{"id":48870,"date":"2025-01-17T10:22:55","date_gmt":"2025-01-17T10:22:55","guid":{"rendered":"https:\/\/unhz.eu\/fmthm\/?page_id=48870"},"modified":"2026-01-29T13:30:23","modified_gmt":"2026-01-29T12:30:23","slug":"stafi","status":"publish","type":"page","link":"https:\/\/unhz.eu\/fmthm\/en\/stafi\/","title":{"rendered":"Stafi"},"content":{"rendered":"<p>The Faculty of Tourism, Hospitality and Environmental Management (FMTHM) at &quot;Haxhi Zeka&quot; University is supported by a professional and dedicated team, divided into Deans, academic staff and administrative staff, who work together to provide a quality education and a positive experience for students.<\/p>\n\n\n\n<p><strong>Dean&#039;s Office:<\/strong><br>The Dean&#039;s Office constitutes the faculty&#039;s leadership structure, consisting of the Dean and Vice-Deans, who lead with strategic vision and determine academic and administrative priorities. The Dean&#039;s Office is responsible for managing the faculty&#039;s activities, improving the teaching programs, and cooperating with the tourism, hospitality, and environmental sectors.<\/p>\n\n\n\n<p><strong>Academic Staff:<\/strong><br>The academic staff is composed of professors and assistants qualified in the fields of tourism, hospitality, management and environmental protection. They engage in interactive teaching, scientific research and practical projects that help students develop practical skills and in-depth knowledge of their chosen sector.<\/p>\n\n\n\n<p><strong>Administrative Staff:<\/strong><br>The administrative staff is an essential part of the daily functioning of the faculty. This team takes care of logistical and administrative support, facilitating student registration processes, organizing activities, and coordinating between departments.<\/p>\n\n\n\n<p>The Faculty of Tourism, Hospitality and Environmental Management aims to prepare professionals capable of meeting the demands of the modern market, offering a balanced combination of theoretical knowledge and specialized practice in the tourism, hospitality and environmental sectors.<\/p>","protected":false},"excerpt":{"rendered":"<p>Fakulteti i Menaxhimit t\u00eb Turizmit, Hoteleris\u00eb dhe Mjedisit (FMTHM) n\u00eb Universitetin &#8220;Haxhi Zeka&#8221; mb\u00ebshtetet nga&hellip;<\/p>","protected":false},"author":1,"featured_media":0,"parent":0,"menu_order":0,"comment_status":"closed","ping_status":"closed","template":"","meta":{"footnotes":""},"class_list":["post-48870","page","type-page","status-publish","hentry"],"yoast_head":"<!-- This site is optimized with the Yoast SEO Premium plugin v27.2 (Yoast SEO v27.2) - https:\/\/yoast.com\/product\/yoast-seo-premium-wordpress\/ -->\n<title>Stafi i FMTHM | Fakulteti i Turizmit \u2013 Universiteti \u201cHaxhi Zeka\u201d<\/title>\n<meta name=\"description\" content=\"M\u00ebso rreth stafit t\u00eb Fakultetit t\u00eb Menaxhimit n\u00eb Turiz\u00ebm, Hotelieri dhe Mjedis (FMTHM) n\u00eb Universitetin \u201cHaxhi Zeka\u201d \u2013 p\u00ebrfshir\u00eb dekanatin, personelin akademik dhe administrativ.\" \/>\n<meta name=\"robots\" content=\"index, follow, max-snippet:-1, max-image-preview:large, max-video-preview:-1\" \/>\n<link rel=\"canonical\" href=\"https:\/\/unhz.eu\/fmthm\/en\/stafi\/\" \/>\n<meta property=\"og:locale\" content=\"en_US\" \/>\n<meta property=\"og:type\" content=\"article\" \/>\n<meta property=\"og:title\" content=\"Stafi\" \/>\n<meta property=\"og:description\" content=\"M\u00ebso rreth stafit t\u00eb Fakultetit t\u00eb Menaxhimit n\u00eb Turiz\u00ebm, Hotelieri dhe Mjedis (FMTHM) n\u00eb Universitetin \u201cHaxhi Zeka\u201d \u2013 p\u00ebrfshir\u00eb dekanatin, personelin akademik dhe administrativ.\" \/>\n<meta property=\"og:url\" content=\"https:\/\/unhz.eu\/fmthm\/en\/stafi\/\" \/>\n<meta property=\"og:site_name\" content=\"Fakulteti i Menaxhimit n\u00eb Turiz\u00ebm, Hotelieri dhe Mjedis\" \/>\n<meta property=\"article:modified_time\" content=\"2026-01-29T12:30:23+00:00\" \/>\n<meta name=\"twitter:card\" content=\"summary_large_image\" \/>\n<meta name=\"twitter:label1\" content=\"Est. reading time\" \/>\n\t<meta name=\"twitter:data1\" content=\"2 minutes\" \/>\n<script type=\"application\/ld+json\" class=\"yoast-schema-graph\">{\"@context\":\"https:\/\/schema.org\",\"@graph\":[{\"@type\":\"WebPage\",\"@id\":\"https:\/\/unhz.eu\/fmthm\/stafi\/\",\"url\":\"https:\/\/unhz.eu\/fmthm\/stafi\/\",\"name\":\"Stafi i FMTHM | Fakulteti i Turizmit \u2013 Universiteti \u201cHaxhi Zeka\u201d\",\"isPartOf\":{\"@id\":\"https:\/\/unhz.eu\/fmthm\/#website\"},\"datePublished\":\"2025-01-17T10:22:55+00:00\",\"dateModified\":\"2026-01-29T12:30:23+00:00\",\"description\":\"M\u00ebso rreth stafit t\u00eb Fakultetit t\u00eb Menaxhimit n\u00eb Turiz\u00ebm, Hotelieri dhe Mjedis (FMTHM) n\u00eb Universitetin \u201cHaxhi Zeka\u201d \u2013 p\u00ebrfshir\u00eb dekanatin, personelin akademik dhe administrativ.\",\"breadcrumb\":{\"@id\":\"https:\/\/unhz.eu\/fmthm\/stafi\/#breadcrumb\"},\"inLanguage\":\"en-US\",\"potentialAction\":[{\"@type\":\"ReadAction\",\"target\":[\"https:\/\/unhz.eu\/fmthm\/stafi\/\"]}]},{\"@type\":\"BreadcrumbList\",\"@id\":\"https:\/\/unhz.eu\/fmthm\/stafi\/#breadcrumb\",\"itemListElement\":[{\"@type\":\"ListItem\",\"position\":1,\"name\":\"Home\",\"item\":\"https:\/\/unhz.eu\/fmthm\/\"},{\"@type\":\"ListItem\",\"position\":2,\"name\":\"Stafi\"}]},{\"@type\":\"WebSite\",\"@id\":\"https:\/\/unhz.eu\/fmthm\/#website\",\"url\":\"https:\/\/unhz.eu\/fmthm\/\",\"name\":\"Fakulteti i Menaxhimit n\u00eb Turiz\u00ebm, Hotelieri dhe Mjedis\",\"description\":\"I dedikuar p\u00ebr cil\u00ebsi standarde dhe suksese\",\"publisher\":{\"@id\":\"https:\/\/unhz.eu\/fmthm\/#organization\"},\"potentialAction\":[{\"@type\":\"SearchAction\",\"target\":{\"@type\":\"EntryPoint\",\"urlTemplate\":\"https:\/\/unhz.eu\/fmthm\/?s={search_term_string}\"},\"query-input\":{\"@type\":\"PropertyValueSpecification\",\"valueRequired\":true,\"valueName\":\"search_term_string\"}}],\"inLanguage\":\"en-US\"},{\"@type\":\"Organization\",\"@id\":\"https:\/\/unhz.eu\/fmthm\/#organization\",\"name\":\"Fakulteti i Menaxhimit n\u00eb Turiz\u00ebm, Hotelieri dhe Mjedis\",\"url\":\"https:\/\/unhz.eu\/fmthm\/\",\"logo\":{\"@type\":\"ImageObject\",\"inLanguage\":\"en-US\",\"@id\":\"https:\/\/unhz.eu\/fmthm\/#\/schema\/logo\/image\/\",\"url\":\"https:\/\/unhz.eu\/fmthm\/wp-content\/uploads\/sites\/10\/2024\/02\/cropped-logo-1-1-e1713527702695.png\",\"contentUrl\":\"https:\/\/unhz.eu\/fmthm\/wp-content\/uploads\/sites\/10\/2024\/02\/cropped-logo-1-1-e1713527702695.png\",\"width\":100,\"height\":100,\"caption\":\"Fakulteti i Menaxhimit n\u00eb Turiz\u00ebm, Hotelieri dhe Mjedis\"},\"image\":{\"@id\":\"https:\/\/unhz.eu\/fmthm\/#\/schema\/logo\/image\/\"}}]}<\/script>\n<!-- \/ Yoast SEO Premium plugin. -->","yoast_head_json":{"title":"Stafi i FMTHM | Fakulteti i Turizmit \u2013 Universiteti \u201cHaxhi Zeka\u201d","description":"M\u00ebso rreth stafit t\u00eb Fakultetit t\u00eb Menaxhimit n\u00eb Turiz\u00ebm, Hotelieri dhe Mjedis (FMTHM) n\u00eb Universitetin \u201cHaxhi Zeka\u201d \u2013 p\u00ebrfshir\u00eb dekanatin, personelin akademik dhe administrativ.","robots":{"index":"index","follow":"follow","max-snippet":"max-snippet:-1","max-image-preview":"max-image-preview:large","max-video-preview":"max-video-preview:-1"},"canonical":"https:\/\/unhz.eu\/fmthm\/en\/stafi\/","og_locale":"en_US","og_type":"article","og_title":"Stafi","og_description":"M\u00ebso rreth stafit t\u00eb Fakultetit t\u00eb Menaxhimit n\u00eb Turiz\u00ebm, Hotelieri dhe Mjedis (FMTHM) n\u00eb Universitetin \u201cHaxhi Zeka\u201d \u2013 p\u00ebrfshir\u00eb dekanatin, personelin akademik dhe administrativ.","og_url":"https:\/\/unhz.eu\/fmthm\/en\/stafi\/","og_site_name":"Fakulteti i Menaxhimit n\u00eb Turiz\u00ebm, Hotelieri dhe Mjedis","article_modified_time":"2026-01-29T12:30:23+00:00","twitter_card":"summary_large_image","twitter_misc":{"Est. reading time":"2 minutes"},"schema":{"@context":"https:\/\/schema.org","@graph":[{"@type":"WebPage","@id":"https:\/\/unhz.eu\/fmthm\/stafi\/","url":"https:\/\/unhz.eu\/fmthm\/stafi\/","name":"Stafi i FMTHM | Fakulteti i Turizmit \u2013 Universiteti \u201cHaxhi Zeka\u201d","isPartOf":{"@id":"https:\/\/unhz.eu\/fmthm\/#website"},"datePublished":"2025-01-17T10:22:55+00:00","dateModified":"2026-01-29T12:30:23+00:00","description":"M\u00ebso rreth stafit t\u00eb Fakultetit t\u00eb Menaxhimit n\u00eb Turiz\u00ebm, Hotelieri dhe Mjedis (FMTHM) n\u00eb Universitetin \u201cHaxhi Zeka\u201d \u2013 p\u00ebrfshir\u00eb dekanatin, personelin akademik dhe administrativ.","breadcrumb":{"@id":"https:\/\/unhz.eu\/fmthm\/stafi\/#breadcrumb"},"inLanguage":"en-US","potentialAction":[{"@type":"ReadAction","target":["https:\/\/unhz.eu\/fmthm\/stafi\/"]}]},{"@type":"BreadcrumbList","@id":"https:\/\/unhz.eu\/fmthm\/stafi\/#breadcrumb","itemListElement":[{"@type":"ListItem","position":1,"name":"Home","item":"https:\/\/unhz.eu\/fmthm\/"},{"@type":"ListItem","position":2,"name":"Stafi"}]},{"@type":"WebSite","@id":"https:\/\/unhz.eu\/fmthm\/#website","url":"https:\/\/unhz.eu\/fmthm\/","name":"Faculty of Tourism, Hospitality and Environmental Management","description":"Dedicated to standard quality and success","publisher":{"@id":"https:\/\/unhz.eu\/fmthm\/#organization"},"potentialAction":[{"@type":"SearchAction","target":{"@type":"EntryPoint","urlTemplate":"https:\/\/unhz.eu\/fmthm\/?s={search_term_string}"},"query-input":{"@type":"PropertyValueSpecification","valueRequired":true,"valueName":"search_term_string"}}],"inLanguage":"en-US"},{"@type":"Organization","@id":"https:\/\/unhz.eu\/fmthm\/#organization","name":"Faculty of Tourism, Hospitality and Environmental Management","url":"https:\/\/unhz.eu\/fmthm\/","logo":{"@type":"ImageObject","inLanguage":"en-US","@id":"https:\/\/unhz.eu\/fmthm\/#\/schema\/logo\/image\/","url":"https:\/\/unhz.eu\/fmthm\/wp-content\/uploads\/sites\/10\/2024\/02\/cropped-logo-1-1-e1713527702695.png","contentUrl":"https:\/\/unhz.eu\/fmthm\/wp-content\/uploads\/sites\/10\/2024\/02\/cropped-logo-1-1-e1713527702695.png","width":100,"height":100,"caption":"Fakulteti i Menaxhimit n\u00eb Turiz\u00ebm, Hotelieri dhe Mjedis"},"image":{"@id":"https:\/\/unhz.eu\/fmthm\/#\/schema\/logo\/image\/"}}]}},"_links":{"self":[{"href":"https:\/\/unhz.eu\/fmthm\/en\/wp-json\/wp\/v2\/pages\/48870","targetHints":{"allow":["GET"]}}],"collection":[{"href":"https:\/\/unhz.eu\/fmthm\/en\/wp-json\/wp\/v2\/pages"}],"about":[{"href":"https:\/\/unhz.eu\/fmthm\/en\/wp-json\/wp\/v2\/types\/page"}],"author":[{"embeddable":true,"href":"https:\/\/unhz.eu\/fmthm\/en\/wp-json\/wp\/v2\/users\/1"}],"replies":[{"embeddable":true,"href":"https:\/\/unhz.eu\/fmthm\/en\/wp-json\/wp\/v2\/comments?post=48870"}],"version-history":[{"count":1,"href":"https:\/\/unhz.eu\/fmthm\/en\/wp-json\/wp\/v2\/pages\/48870\/revisions"}],"predecessor-version":[{"id":49909,"href":"https:\/\/unhz.eu\/fmthm\/en\/wp-json\/wp\/v2\/pages\/48870\/revisions\/49909"}],"wp:attachment":[{"href":"https:\/\/unhz.eu\/fmthm\/en\/wp-json\/wp\/v2\/media?parent=48870"}],"curies":[{"name":"wp","href":"https:\/\/api.w.org\/{rel}","templated":true}]}}