{"id":48839,"date":"2025-01-17T09:53:50","date_gmt":"2025-01-17T09:53:50","guid":{"rendered":"https:\/\/unhz.eu\/fmthm\/?page_id=48839"},"modified":"2026-01-29T13:20:22","modified_gmt":"2026-01-29T12:20:22","slug":"menaxhim-ne-turizem-bsc-gjuhe-boshnjake-2022-2025","status":"publish","type":"page","link":"https:\/\/unhz.eu\/fmthm\/en\/programet-mtb\/menaxhim-ne-turizem-bsc-gjuhe-boshnjake-2022-2025\/","title":{"rendered":"Tourism Management (Bsc) Bosnian language 2022-2025"},"content":{"rendered":"<p>Program Overview: Tourism Management (Bsc) Bosnian Language 2022-2025<\/p>\n\n\n\n<figure class=\"wp-block-table\"><table class=\"has-fixed-layout\"><tbody><tr><td colspan=\"6\"><strong>YEAR I<\/strong><\/td><\/tr><tr><td colspan=\"3\"><strong>SEMESTER I<\/strong><\/td><td colspan=\"3\"><strong>HOURS-WEEK<\/strong><\/td><\/tr><tr><td><strong>No.<\/strong><\/td><td><strong>O\/Z<\/strong><\/td><td><strong>SUBJECTS<\/strong><\/td><td><strong>L<\/strong><\/td><td><strong>U<\/strong><\/td><td><strong>ECTS<\/strong><\/td><\/tr><tr><td><strong>1.<\/strong><\/td><td><strong>O<\/strong><\/td><td><a href=\"https:\/\/old.unhz.eu\/wp-content\/uploads\/2024\/01\/BAZAT-E-MENAXHIMIT.pdf\">MANAGEMENT BASICS<\/a><\/td><td>2<\/td><td>2<\/td><td><strong>6<\/strong><\/td><\/tr><tr><td><strong>2.<\/strong><\/td><td><strong>O<\/strong><\/td><td><a href=\"https:\/\/old.unhz.eu\/wp-content\/uploads\/2024\/01\/Hyrje-ne-Turizem.pdf\">Introduction to Tourism<\/a><\/td><td>2<\/td><td>2<\/td><td><strong>5<\/strong><\/td><\/tr><tr><td><strong>3.<\/strong><\/td><td><strong>O<\/strong><\/td><td><a href=\"https:\/\/old.unhz.eu\/wp-content\/uploads\/2024\/01\/Matematika-Financiare.pdf\">Financial Mathematics<\/a><\/td><td>2<\/td><td>2<\/td><td><strong>7<\/strong><\/td><\/tr><tr><td><strong>4.<\/strong><\/td><td><strong>O<\/strong><\/td><td><a href=\"https:\/\/old.unhz.eu\/wp-content\/uploads\/2024\/01\/MIKROEKONOMIA-2022.pdf\">MICROECONOMICS<\/a><\/td><td>2<\/td><td>2<\/td><td><strong>7<\/strong><\/td><\/tr><tr><td><strong>5.<\/strong><\/td><td><strong>O<\/strong><\/td><td><a href=\"https:\/\/old.unhz.eu\/wp-content\/uploads\/2024\/01\/Bazat-e-biznesit-ne-turizem-dhe-hoteleri.pdf\">Business basics in tourism and hospitality<\/a><\/td><td>2<\/td><td>2<\/td><td><strong>5<\/strong><\/td><\/tr><tr><td><\/td><td><\/td><td><strong>TOTAL<\/strong><\/td><td><\/td><td><\/td><td><strong>30<\/strong><\/td><\/tr><tr><td colspan=\"3\"><strong>SEMESTER II<\/strong><\/td><td colspan=\"3\"><strong>HOURS-WEEK<\/strong><\/td><\/tr><tr><td><strong>No.<\/strong><\/td><td><strong>O\/Z<\/strong><\/td><td><strong>SUBJECTS<\/strong><\/td><td><strong>L<\/strong><\/td><td><strong>U<\/strong><\/td><td><strong>ECTS<\/strong><\/td><\/tr><tr><td><strong>1.<\/strong><\/td><td>O<\/td><td><a href=\"https:\/\/old.unhz.eu\/wp-content\/uploads\/2024\/01\/Informatika-ne-turizem.pdf\">Informatics in tourism<\/a><\/td><td>2<\/td><td>2<\/td><td><strong>5<\/strong><\/td><\/tr><tr><td><strong>2.<\/strong><\/td><td>O<\/td><td><a href=\"https:\/\/old.unhz.eu\/wp-content\/uploads\/2024\/01\/MAKROEKONOMIA.pdf\">MACROECONOMICS<\/a><\/td><td>2<\/td><td>2<\/td><td><strong>7<\/strong><\/td><\/tr><tr><td><strong>3.<\/strong><\/td><td>O<\/td><td><a href=\"https:\/\/old.unhz.eu\/wp-content\/uploads\/2024\/01\/SHKRIM-AKADEMIK.pdf\">ACADEMIC WRITING<\/a><\/td><td>2<\/td><td>2<\/td><td><strong>5<\/strong><\/td><\/tr><tr><td><strong>4.<\/strong><\/td><td>O<\/td><td><a href=\"https:\/\/old.unhz.eu\/wp-content\/uploads\/2024\/01\/HYRJE-NE-STATISTIKA.pdf\">INTRODUCTION TO STATISTICS<\/a><\/td><td>2<\/td><td>2<\/td><td><strong>6<\/strong><\/td><\/tr><tr><td><strong>5.<\/strong><\/td><td>O<\/td><td><a href=\"https:\/\/old.unhz.eu\/wp-content\/uploads\/2024\/01\/BAZAT-E-KONTABILITETIT-NE-TURIZEM.pdf\">BASICS OF ACCOUNTING IN TOURISM<\/a><\/td><td>2<\/td><td>2<\/td><td><strong>7<\/strong><\/td><\/tr><tr><td><\/td><td><\/td><td><strong>TOTAL<\/strong><\/td><td><\/td><td><\/td><td><strong>30<\/strong><\/td><\/tr><tr><td colspan=\"6\"><strong>YEAR II<\/strong><\/td><\/tr><tr><td colspan=\"3\"><strong>SEMESTER III<\/strong><\/td><td colspan=\"3\"><strong>HOURS-WEEK<\/strong><\/td><\/tr><tr><td><strong>No.<\/strong><\/td><td><strong>O\/Z<\/strong><\/td><td><strong>SUBJECTS<\/strong><\/td><td><strong>L<\/strong><\/td><td><strong>U<\/strong><\/td><td><strong>ECTS<\/strong><\/td><\/tr><tr><td><strong>1.<\/strong><\/td><td>O<\/td><td><a href=\"https:\/\/old.unhz.eu\/wp-content\/uploads\/2024\/01\/E-DREJTA-NE-TURIZEM-DHE-HOTELERI.pdf\">TOURISM AND HOTEL LAW<\/a><\/td><td>2<\/td><td>2<\/td><td><strong>6<\/strong><\/td><\/tr><tr><td><strong>2.<\/strong><\/td><td>O<\/td><td><a href=\"https:\/\/old.unhz.eu\/wp-content\/uploads\/2024\/01\/FINANCA-NE-TURIZEM-DHE-HOTELIERI.pdf\">FINANCE IN TOURISM AND HOTELS<\/a><\/td><td>2<\/td><td>2<\/td><td><strong>7<\/strong><\/td><\/tr><tr><td><strong>3.<\/strong><\/td><td>O<\/td><td><a href=\"https:\/\/old.unhz.eu\/wp-content\/uploads\/2024\/01\/Gjuhe-Angleze-I-I-zgjeruar.pdf\">English Language I<\/a><\/td><td>2<\/td><td>2<\/td><td><strong>5<\/strong><\/td><\/tr><tr><td><strong>4.<\/strong><\/td><td>O<\/td><td><a href=\"https:\/\/old.unhz.eu\/wp-content\/uploads\/2024\/01\/Ekologjijavers-gjateshqipAdem-Dreshaj.pdf\">Ekologija<\/a><\/td><td>2<\/td><td>2<\/td><td><strong>7<\/strong><\/td><\/tr><tr><td><strong>5.<\/strong><\/td><td>Z<\/td><td><a href=\"https:\/\/old.unhz.eu\/wp-content\/uploads\/2024\/01\/BAZAT-E-MARKETINGUT-NE-TURIZEM-DHE-HOTELERI.pdf\">MARKETING BASICS IN TOURISM AND HOTELS<\/a><\/td><td>2<\/td><td>2<\/td><td><strong>5<\/strong><\/td><\/tr><tr><td><strong>6.<\/strong><\/td><td>Z<\/td><td><a href=\"https:\/\/old.unhz.eu\/wp-content\/uploads\/2024\/01\/TRASHEGIMIA-KULTURORE-DHE-HISTORIKE.pdf\">CULTURAL AND HISTORICAL HERITAGE<\/a><\/td><td>2<\/td><td>2<\/td><td><strong>5<\/strong><\/td><\/tr><tr><td><strong>7.<\/strong><\/td><td>Z<\/td><td><a href=\"https:\/\/old.unhz.eu\/wp-content\/uploads\/2024\/01\/German-I.pdf\">German Language I<\/a><\/td><td>2<\/td><td>2<\/td><td><strong>5<\/strong><\/td><\/tr><tr><td><\/td><td><\/td><td><strong>TOTAL<\/strong><\/td><td><\/td><td><\/td><td><strong>30<\/strong><\/td><\/tr><tr><td colspan=\"6\"><strong>In the third semester, students are required to choose an elective course.<\/strong><\/td><\/tr><tr><td colspan=\"3\"><strong>SEMESTER IV<\/strong><\/td><td colspan=\"3\"><strong>HOURS-WEEK<\/strong><\/td><\/tr><tr><td><strong>No.<\/strong><\/td><td><strong>O\/Z<\/strong><\/td><td><strong>SUBJECTS<\/strong><\/td><td><strong>L<\/strong><\/td><td><strong>U<\/strong><\/td><td><strong>ECTS<\/strong><\/td><\/tr><tr><td><strong>1.<\/strong><\/td><td>O<\/td><td><a href=\"https:\/\/old.unhz.eu\/wp-content\/uploads\/2024\/01\/MENAXHIMI-I-LIDERSHIPIT.pdf\">LEADERSHIP MANAGEMENT<\/a><\/td><td>2<\/td><td>2<\/td><td><strong>7<\/strong><\/td><\/tr><tr><td><strong>2.<\/strong><\/td><td>O<\/td><td><a href=\"https:\/\/old.unhz.eu\/wp-content\/uploads\/2024\/01\/Ekonomia-ne-Turizem.pdf\">Economics in Tourism<\/a><\/td><td>2<\/td><td>2<\/td><td><strong>6<\/strong><\/td><\/tr><tr><td><strong>3.<\/strong><\/td><td>O<\/td><td><a href=\"https:\/\/old.unhz.eu\/wp-content\/uploads\/2024\/01\/Turizem-Nderkombetar.pdf\">International Tourism<\/a><\/td><td>2<\/td><td>2<\/td><td><strong>6<\/strong><\/td><\/tr><tr><td><strong>4.<\/strong><\/td><td>O<\/td><td><a href=\"https:\/\/old.unhz.eu\/wp-content\/uploads\/2024\/01\/Menaxhimi-i-Burimeve-Njerezore.pdf\">Human Resources Management<\/a><\/td><td>2<\/td><td>2<\/td><td><strong>6<\/strong><\/td><\/tr><tr><td><strong>5.<\/strong><\/td><td>Z<\/td><td><a href=\"https:\/\/old.unhz.eu\/wp-content\/uploads\/2024\/01\/Gjuhe-Angleze-II-I-zgjeruar.pdf\">English Language II<\/a><\/td><td>2<\/td><td>2<\/td><td><strong>5<\/strong><\/td><\/tr><tr><td><strong>6.<\/strong><\/td><td>Z<\/td><td><a href=\"https:\/\/old.unhz.eu\/wp-content\/uploads\/2024\/01\/Gjermanishtvers-gjategjuhe-gjermane.pdf\">German Language II<\/a><\/td><td>2<\/td><td>2<\/td><td><strong>5<\/strong><\/td><\/tr><tr><td><strong>7.<\/strong><\/td><td>Z<\/td><td><a href=\"https:\/\/old.unhz.eu\/wp-content\/uploads\/2024\/01\/Zhvillimi-i-turizmit-te-qendrueshem-shqip-forma-e-gjate.pdf\">Sustainable tourism development<\/a><\/td><td>2<\/td><td>2<\/td><td><strong>5<\/strong><\/td><\/tr><tr><td><\/td><td><\/td><td><strong>TOTAL<\/strong><\/td><td><\/td><td><\/td><td><strong>30<\/strong><\/td><\/tr><tr><td colspan=\"6\"><strong>In the fourth semester, students are required to choose an elective course.<\/strong><\/td><\/tr><tr><td colspan=\"6\"><strong>YEAR III<\/strong><\/td><\/tr><tr><td colspan=\"3\"><strong>SEMESTER V<\/strong><\/td><td colspan=\"3\"><strong>HOURS-WEEK<\/strong><\/td><\/tr><tr><td><strong>No.<\/strong><\/td><td><strong>O\/Z<\/strong><\/td><td><strong>SUBJECTS<\/strong><\/td><td><strong>L<\/strong><\/td><td><strong>U<\/strong><\/td><td><strong>ECTS<\/strong><\/td><\/tr><tr><td><strong>1.<\/strong><\/td><td>O<\/td><td><a href=\"https:\/\/old.unhz.eu\/wp-content\/uploads\/2024\/01\/Mesim-Praktikvers-gjate.shqip_.pdf\">Practical Learning<\/a><\/td><td><\/td><td>2<\/td><td><strong>8<\/strong><\/td><\/tr><tr><td><strong>2.<\/strong><\/td><td>O<\/td><td><a href=\"https:\/\/old.unhz.eu\/wp-content\/uploads\/2024\/01\/Mjedisi-i-Biznesit-ne-Turizem.pdf\">Tourism Business Environment<\/a><\/td><td>2<\/td><td>2<\/td><td><strong>6<\/strong><\/td><\/tr><tr><td><strong>3.<\/strong><\/td><td>O<\/td><td><a href=\"https:\/\/old.unhz.eu\/wp-content\/uploads\/2024\/01\/Menaxhimi-i-udhetimeve-turistike.pdf\">Tourism travel management<\/a><\/td><td>2<\/td><td>2<\/td><td><strong>6<\/strong><\/td><\/tr><tr><td><strong>4.<\/strong><\/td><td>Z<\/td><td><a href=\"https:\/\/old.unhz.eu\/wp-content\/uploads\/2024\/01\/Menaxhimi-i-shitjeve-ne-turizem.pdf\">Sales management in tourism<\/a><\/td><td>2<\/td><td>2<\/td><td><strong>5<\/strong><\/td><\/tr><tr><td><strong>5.<\/strong><\/td><td>Z<\/td><td><a href=\"https:\/\/old.unhz.eu\/wp-content\/uploads\/2024\/01\/Zhvillimi-i-produkteve-turistike.pdf\">Development of tourism products<\/a><\/td><td>2<\/td><td>2<\/td><td><strong>5<\/strong><\/td><\/tr><tr><td><strong>6.<\/strong><\/td><td>Z<\/td><td><a href=\"https:\/\/old.unhz.eu\/wp-content\/uploads\/2024\/01\/NJOHURI-DHE-TEKNOLOGJIA-E-USHQIMIT-DHE-PIJEVE-Adem-dreshaj.pdf\">FOOD AND BEVERAGE KNOWLEDGE AND TECHNOLOGY<\/a><\/td><td>2<\/td><td>2<\/td><td><strong>5<\/strong><\/td><\/tr><tr><td><\/td><td><\/td><td><strong>TOTAL<\/strong><\/td><td><\/td><td><\/td><td><strong>30<\/strong><\/td><\/tr><tr><td colspan=\"6\"><strong>In the fifth semester, students are required to choose two elective courses.<\/strong><\/td><\/tr><tr><td colspan=\"3\"><strong>SEMESTER VI<\/strong><\/td><td colspan=\"3\"><strong>HOURS-WEEK<\/strong><\/td><\/tr><tr><td><strong>No.<\/strong><\/td><td><strong>O\/Z<\/strong><\/td><td><strong>SUBJECTS<\/strong><\/td><td><strong>L<\/strong><\/td><td><strong>U<\/strong><\/td><td><strong>ECTS<\/strong><\/td><\/tr><tr><td><strong>1.<\/strong><\/td><td>O<\/td><td><a href=\"https:\/\/old.unhz.eu\/wp-content\/uploads\/2024\/01\/Menaxhimi-i-udhetimeve-turistike.pdf\">Tourism travel management<\/a><\/td><td>2<\/td><td>2<\/td><td><strong>5<\/strong><\/td><\/tr><tr><td><strong>2.<\/strong><\/td><td>O<\/td><td><a href=\"https:\/\/old.unhz.eu\/wp-content\/uploads\/2024\/01\/AGJENSIONET-TURISTIKE.pdf\">TOURIST AGENCIES<\/a><\/td><td>2<\/td><td>2<\/td><td><strong>5<\/strong><\/td><\/tr><tr><td><strong>3.<\/strong><\/td><td>O<\/td><td>Diploma Thesis<\/td><td>2<\/td><td>2<\/td><td><strong>10<\/strong><\/td><\/tr><tr><td><strong>4.<\/strong><\/td><td>Z<\/td><td><a href=\"https:\/\/old.unhz.eu\/wp-content\/uploads\/2024\/01\/Hulumtimi-i-tregut-turistik.pdf\">Tourism market research<\/a><\/td><td>2<\/td><td>2<\/td><td><strong>5<\/strong><\/td><\/tr><tr><td><strong>5.<\/strong><\/td><td>Z<\/td><td><a href=\"https:\/\/old.unhz.eu\/wp-content\/uploads\/2024\/01\/Organizimi-dhe-recepsioni-i-biznesit-te-hotelit.pdf\">Organization and reception of the hotel business<\/a><\/td><td>2<\/td><td>2<\/td><td><strong>5<\/strong><\/td><\/tr><tr><td><strong>6.<\/strong><\/td><td>Z<\/td><td><a href=\"https:\/\/old.unhz.eu\/wp-content\/uploads\/2024\/01\/MENAXHIMI-STRATEGJIK-NE-TURIZEM.pdf\">STRATEGIC MANAGEMENT IN TOURISM<\/a><\/td><td>2<\/td><td>2<\/td><td><strong>5<\/strong><\/td><\/tr><tr><td><\/td><td><\/td><td><strong>TOTAL<\/strong><\/td><td><\/td><td><\/td><td><strong>30<\/strong><\/td><\/tr><tr><td colspan=\"6\"><strong>In the sixth semester, students are required to choose two elective courses.<\/strong><\/td><\/tr><tr><td colspan=\"6\"><strong>TOTAL FOR ALL THIRD YEARS \u2013 180 ECTS<\/strong><\/td><\/tr><\/tbody><\/table><\/figure>","protected":false},"excerpt":{"rendered":"<p>Pasqyra e programit: Menaxhim n\u00eb Turiz\u00ebm (Bsc) gjuh\u00eb boshnjake 2022-2025 VITI I SEMESTRI I OR\u00cb-JAV\u00cb&hellip;<\/p>","protected":false},"author":1,"featured_media":0,"parent":48836,"menu_order":0,"comment_status":"closed","ping_status":"closed","template":"","meta":{"footnotes":""},"class_list":["post-48839","page","type-page","status-publish","hentry"],"yoast_head":"<!-- This site is optimized with the Yoast SEO Premium plugin v27.2 (Yoast SEO v27.2) - https:\/\/yoast.com\/product\/yoast-seo-premium-wordpress\/ -->\n<title>Menaxhim n\u00eb Turiz\u00ebm (Bsc) gjuh\u00eb boshnjake 2022-2025 - Fakulteti i Menaxhimit n\u00eb Turiz\u00ebm, Hotelieri dhe Mjedis<\/title>\n<meta name=\"description\" content=\"Pasqyra e programit Bachelor n\u00eb Menaxhim n\u00eb Turiz\u00ebm (gjuh\u00eb boshnjake) 2022\u20132025 \u2014 l\u00ebnd\u00ebt, or\u00ebt, ECTS dhe struktura semestrale p\u00ebr student\u00ebt e FMTHM\u2011s\u00eb te Universiteti \u201cHaxhi Zeka\u201d.\" \/>\n<meta name=\"robots\" content=\"index, follow, max-snippet:-1, max-image-preview:large, max-video-preview:-1\" \/>\n<link rel=\"canonical\" href=\"https:\/\/unhz.eu\/fmthm\/en\/programet-mtb\/menaxhim-ne-turizem-bsc-gjuhe-boshnjake-2022-2025\/\" \/>\n<meta property=\"og:locale\" content=\"en_US\" \/>\n<meta property=\"og:type\" content=\"article\" \/>\n<meta property=\"og:title\" content=\"Menaxhim n\u00eb Turiz\u00ebm (Bsc) gjuh\u00eb boshnjake 2022-2025\" \/>\n<meta property=\"og:description\" content=\"Pasqyra e programit Bachelor n\u00eb Menaxhim n\u00eb Turiz\u00ebm (gjuh\u00eb boshnjake) 2022\u20132025 \u2014 l\u00ebnd\u00ebt, or\u00ebt, ECTS dhe struktura semestrale p\u00ebr student\u00ebt e FMTHM\u2011s\u00eb te Universiteti \u201cHaxhi Zeka\u201d.\" \/>\n<meta property=\"og:url\" content=\"https:\/\/unhz.eu\/fmthm\/en\/programet-mtb\/menaxhim-ne-turizem-bsc-gjuhe-boshnjake-2022-2025\/\" \/>\n<meta property=\"og:site_name\" content=\"Fakulteti i Menaxhimit n\u00eb Turiz\u00ebm, Hotelieri dhe Mjedis\" \/>\n<meta property=\"article:modified_time\" content=\"2026-01-29T12:20:22+00:00\" \/>\n<meta name=\"twitter:card\" content=\"summary_large_image\" \/>\n<meta name=\"twitter:label1\" content=\"Est. reading time\" \/>\n\t<meta name=\"twitter:data1\" content=\"3 minutes\" \/>\n<script type=\"application\/ld+json\" class=\"yoast-schema-graph\">{\"@context\":\"https:\/\/schema.org\",\"@graph\":[{\"@type\":\"WebPage\",\"@id\":\"https:\/\/unhz.eu\/fmthm\/programet-mtb\/menaxhim-ne-turizem-bsc-gjuhe-boshnjake-2022-2025\/\",\"url\":\"https:\/\/unhz.eu\/fmthm\/programet-mtb\/menaxhim-ne-turizem-bsc-gjuhe-boshnjake-2022-2025\/\",\"name\":\"Menaxhim n\u00eb Turiz\u00ebm (Bsc) gjuh\u00eb boshnjake 2022-2025 - Fakulteti i Menaxhimit n\u00eb Turiz\u00ebm, Hotelieri dhe Mjedis\",\"isPartOf\":{\"@id\":\"https:\/\/unhz.eu\/fmthm\/#website\"},\"datePublished\":\"2025-01-17T09:53:50+00:00\",\"dateModified\":\"2026-01-29T12:20:22+00:00\",\"description\":\"Pasqyra e programit Bachelor n\u00eb Menaxhim n\u00eb Turiz\u00ebm (gjuh\u00eb boshnjake) 2022\u20132025 \u2014 l\u00ebnd\u00ebt, or\u00ebt, ECTS dhe struktura semestrale p\u00ebr student\u00ebt e FMTHM\u2011s\u00eb te Universiteti \u201cHaxhi Zeka\u201d.\",\"breadcrumb\":{\"@id\":\"https:\/\/unhz.eu\/fmthm\/programet-mtb\/menaxhim-ne-turizem-bsc-gjuhe-boshnjake-2022-2025\/#breadcrumb\"},\"inLanguage\":\"en-US\",\"potentialAction\":[{\"@type\":\"ReadAction\",\"target\":[\"https:\/\/unhz.eu\/fmthm\/programet-mtb\/menaxhim-ne-turizem-bsc-gjuhe-boshnjake-2022-2025\/\"]}]},{\"@type\":\"BreadcrumbList\",\"@id\":\"https:\/\/unhz.eu\/fmthm\/programet-mtb\/menaxhim-ne-turizem-bsc-gjuhe-boshnjake-2022-2025\/#breadcrumb\",\"itemListElement\":[{\"@type\":\"ListItem\",\"position\":1,\"name\":\"Home\",\"item\":\"https:\/\/unhz.eu\/fmthm\/\"},{\"@type\":\"ListItem\",\"position\":2,\"name\":\"Programet MTB\",\"item\":\"https:\/\/unhz.eu\/fmthm\/programet-mtb\/\"},{\"@type\":\"ListItem\",\"position\":3,\"name\":\"Menaxhim n\u00eb Turiz\u00ebm (Bsc) gjuh\u00eb boshnjake 2022-2025\"}]},{\"@type\":\"WebSite\",\"@id\":\"https:\/\/unhz.eu\/fmthm\/#website\",\"url\":\"https:\/\/unhz.eu\/fmthm\/\",\"name\":\"Fakulteti i Menaxhimit n\u00eb Turiz\u00ebm, Hotelieri dhe Mjedis\",\"description\":\"I dedikuar p\u00ebr cil\u00ebsi standarde dhe suksese\",\"publisher\":{\"@id\":\"https:\/\/unhz.eu\/fmthm\/#organization\"},\"potentialAction\":[{\"@type\":\"SearchAction\",\"target\":{\"@type\":\"EntryPoint\",\"urlTemplate\":\"https:\/\/unhz.eu\/fmthm\/?s={search_term_string}\"},\"query-input\":{\"@type\":\"PropertyValueSpecification\",\"valueRequired\":true,\"valueName\":\"search_term_string\"}}],\"inLanguage\":\"en-US\"},{\"@type\":\"Organization\",\"@id\":\"https:\/\/unhz.eu\/fmthm\/#organization\",\"name\":\"Fakulteti i Menaxhimit n\u00eb Turiz\u00ebm, Hotelieri dhe Mjedis\",\"url\":\"https:\/\/unhz.eu\/fmthm\/\",\"logo\":{\"@type\":\"ImageObject\",\"inLanguage\":\"en-US\",\"@id\":\"https:\/\/unhz.eu\/fmthm\/#\/schema\/logo\/image\/\",\"url\":\"https:\/\/unhz.eu\/fmthm\/wp-content\/uploads\/sites\/10\/2024\/02\/cropped-logo-1-1-e1713527702695.png\",\"contentUrl\":\"https:\/\/unhz.eu\/fmthm\/wp-content\/uploads\/sites\/10\/2024\/02\/cropped-logo-1-1-e1713527702695.png\",\"width\":100,\"height\":100,\"caption\":\"Fakulteti i Menaxhimit n\u00eb Turiz\u00ebm, Hotelieri dhe Mjedis\"},\"image\":{\"@id\":\"https:\/\/unhz.eu\/fmthm\/#\/schema\/logo\/image\/\"}}]}<\/script>\n<!-- \/ Yoast SEO Premium plugin. -->","yoast_head_json":{"title":"Menaxhim n\u00eb Turiz\u00ebm (Bsc) gjuh\u00eb boshnjake 2022-2025 - Fakulteti i Menaxhimit n\u00eb Turiz\u00ebm, Hotelieri dhe Mjedis","description":"Pasqyra e programit Bachelor n\u00eb Menaxhim n\u00eb Turiz\u00ebm (gjuh\u00eb boshnjake) 2022\u20132025 \u2014 l\u00ebnd\u00ebt, or\u00ebt, ECTS dhe struktura semestrale p\u00ebr student\u00ebt e FMTHM\u2011s\u00eb te Universiteti \u201cHaxhi Zeka\u201d.","robots":{"index":"index","follow":"follow","max-snippet":"max-snippet:-1","max-image-preview":"max-image-preview:large","max-video-preview":"max-video-preview:-1"},"canonical":"https:\/\/unhz.eu\/fmthm\/en\/programet-mtb\/menaxhim-ne-turizem-bsc-gjuhe-boshnjake-2022-2025\/","og_locale":"en_US","og_type":"article","og_title":"Menaxhim n\u00eb Turiz\u00ebm (Bsc) gjuh\u00eb boshnjake 2022-2025","og_description":"Pasqyra e programit Bachelor n\u00eb Menaxhim n\u00eb Turiz\u00ebm (gjuh\u00eb boshnjake) 2022\u20132025 \u2014 l\u00ebnd\u00ebt, or\u00ebt, ECTS dhe struktura semestrale p\u00ebr student\u00ebt e FMTHM\u2011s\u00eb te Universiteti \u201cHaxhi Zeka\u201d.","og_url":"https:\/\/unhz.eu\/fmthm\/en\/programet-mtb\/menaxhim-ne-turizem-bsc-gjuhe-boshnjake-2022-2025\/","og_site_name":"Fakulteti i Menaxhimit n\u00eb Turiz\u00ebm, Hotelieri dhe Mjedis","article_modified_time":"2026-01-29T12:20:22+00:00","twitter_card":"summary_large_image","twitter_misc":{"Est. reading time":"3 minutes"},"schema":{"@context":"https:\/\/schema.org","@graph":[{"@type":"WebPage","@id":"https:\/\/unhz.eu\/fmthm\/programet-mtb\/menaxhim-ne-turizem-bsc-gjuhe-boshnjake-2022-2025\/","url":"https:\/\/unhz.eu\/fmthm\/programet-mtb\/menaxhim-ne-turizem-bsc-gjuhe-boshnjake-2022-2025\/","name":"Menaxhim n\u00eb Turiz\u00ebm (Bsc) gjuh\u00eb boshnjake 2022-2025 - Fakulteti i Menaxhimit n\u00eb Turiz\u00ebm, Hotelieri dhe Mjedis","isPartOf":{"@id":"https:\/\/unhz.eu\/fmthm\/#website"},"datePublished":"2025-01-17T09:53:50+00:00","dateModified":"2026-01-29T12:20:22+00:00","description":"Pasqyra e programit Bachelor n\u00eb Menaxhim n\u00eb Turiz\u00ebm (gjuh\u00eb boshnjake) 2022\u20132025 \u2014 l\u00ebnd\u00ebt, or\u00ebt, ECTS dhe struktura semestrale p\u00ebr student\u00ebt e FMTHM\u2011s\u00eb te Universiteti \u201cHaxhi Zeka\u201d.","breadcrumb":{"@id":"https:\/\/unhz.eu\/fmthm\/programet-mtb\/menaxhim-ne-turizem-bsc-gjuhe-boshnjake-2022-2025\/#breadcrumb"},"inLanguage":"en-US","potentialAction":[{"@type":"ReadAction","target":["https:\/\/unhz.eu\/fmthm\/programet-mtb\/menaxhim-ne-turizem-bsc-gjuhe-boshnjake-2022-2025\/"]}]},{"@type":"BreadcrumbList","@id":"https:\/\/unhz.eu\/fmthm\/programet-mtb\/menaxhim-ne-turizem-bsc-gjuhe-boshnjake-2022-2025\/#breadcrumb","itemListElement":[{"@type":"ListItem","position":1,"name":"Home","item":"https:\/\/unhz.eu\/fmthm\/"},{"@type":"ListItem","position":2,"name":"Programet MTB","item":"https:\/\/unhz.eu\/fmthm\/programet-mtb\/"},{"@type":"ListItem","position":3,"name":"Menaxhim n\u00eb Turiz\u00ebm (Bsc) gjuh\u00eb boshnjake 2022-2025"}]},{"@type":"WebSite","@id":"https:\/\/unhz.eu\/fmthm\/#website","url":"https:\/\/unhz.eu\/fmthm\/","name":"Faculty of Tourism, Hospitality and Environmental Management","description":"Dedicated to standard quality and success","publisher":{"@id":"https:\/\/unhz.eu\/fmthm\/#organization"},"potentialAction":[{"@type":"SearchAction","target":{"@type":"EntryPoint","urlTemplate":"https:\/\/unhz.eu\/fmthm\/?s={search_term_string}"},"query-input":{"@type":"PropertyValueSpecification","valueRequired":true,"valueName":"search_term_string"}}],"inLanguage":"en-US"},{"@type":"Organization","@id":"https:\/\/unhz.eu\/fmthm\/#organization","name":"Faculty of Tourism, Hospitality and Environmental Management","url":"https:\/\/unhz.eu\/fmthm\/","logo":{"@type":"ImageObject","inLanguage":"en-US","@id":"https:\/\/unhz.eu\/fmthm\/#\/schema\/logo\/image\/","url":"https:\/\/unhz.eu\/fmthm\/wp-content\/uploads\/sites\/10\/2024\/02\/cropped-logo-1-1-e1713527702695.png","contentUrl":"https:\/\/unhz.eu\/fmthm\/wp-content\/uploads\/sites\/10\/2024\/02\/cropped-logo-1-1-e1713527702695.png","width":100,"height":100,"caption":"Fakulteti i Menaxhimit n\u00eb Turiz\u00ebm, Hotelieri dhe Mjedis"},"image":{"@id":"https:\/\/unhz.eu\/fmthm\/#\/schema\/logo\/image\/"}}]}},"_links":{"self":[{"href":"https:\/\/unhz.eu\/fmthm\/en\/wp-json\/wp\/v2\/pages\/48839","targetHints":{"allow":["GET"]}}],"collection":[{"href":"https:\/\/unhz.eu\/fmthm\/en\/wp-json\/wp\/v2\/pages"}],"about":[{"href":"https:\/\/unhz.eu\/fmthm\/en\/wp-json\/wp\/v2\/types\/page"}],"author":[{"embeddable":true,"href":"https:\/\/unhz.eu\/fmthm\/en\/wp-json\/wp\/v2\/users\/1"}],"replies":[{"embeddable":true,"href":"https:\/\/unhz.eu\/fmthm\/en\/wp-json\/wp\/v2\/comments?post=48839"}],"version-history":[{"count":1,"href":"https:\/\/unhz.eu\/fmthm\/en\/wp-json\/wp\/v2\/pages\/48839\/revisions"}],"predecessor-version":[{"id":49286,"href":"https:\/\/unhz.eu\/fmthm\/en\/wp-json\/wp\/v2\/pages\/48839\/revisions\/49286"}],"up":[{"embeddable":true,"href":"https:\/\/unhz.eu\/fmthm\/en\/wp-json\/wp\/v2\/pages\/48836"}],"wp:attachment":[{"href":"https:\/\/unhz.eu\/fmthm\/en\/wp-json\/wp\/v2\/media?parent=48839"}],"curies":[{"name":"wp","href":"https:\/\/api.w.org\/{rel}","templated":true}]}}