{"id":48837,"date":"2025-01-17T09:52:53","date_gmt":"2025-01-17T09:52:53","guid":{"rendered":"https:\/\/unhz.eu\/fmthm\/?page_id=48837"},"modified":"2026-01-29T13:21:51","modified_gmt":"2026-01-29T12:21:51","slug":"menaxhim-ne-turizem-bsc-gjuhe-boshnjake","status":"publish","type":"page","link":"https:\/\/unhz.eu\/fmthm\/en\/programet-mtb\/menaxhim-ne-turizem-bsc-gjuhe-boshnjake\/","title":{"rendered":"Tourism Management (Bsc) Bosnian language"},"content":{"rendered":"<h5 class=\"wp-block-heading\">STUDY PROGRAM \u2013 TOURISM MANAGEMENT<\/h5>\n\n\n\n<p><a href=\"https:\/\/drive.google.com\/file\/d\/10HxhR-54VlVjH7q0R6l-twUSXcq3LA4t\/view?usp=sharing\">Brief content of the program<\/a><\/p>\n\n\n\n<p><strong>First year \u2013 First semester<\/strong><\/p>\n\n\n\n<figure class=\"wp-block-table\"><table class=\"has-fixed-layout\"><tbody><tr><td>Br.<\/td><td>Subject<\/td><td>CAS<\/td><td>ECTS<\/td><td>Obav.\/Iz.<\/td><\/tr><tr><td>1.<\/td><td><a href=\"https:\/\/drive.google.com\/file\/d\/1efUeW3ME4hESzPEvIFCESg-9GK0PJhD4\/view?usp=sharing\">Management Basics<\/a><\/td><td>2+2<\/td><td>6<\/td><td>O<\/td><\/tr><tr><td>2.<\/td><td><a href=\"https:\/\/drive.google.com\/file\/d\/14tRFu2h_5DAkRtuKwidnciKL1X3ZqR2P\/view?usp=sharing\">Pravo u turizmu i ugostitelstvu<\/a><\/td><td>2+2<\/td><td>6<\/td><td>O<\/td><\/tr><tr><td>3.<\/td><td><a href=\"https:\/\/drive.google.com\/file\/d\/17GQ3unf0EQQ6ClUEwGTkDAQ2MBsxO2Lo\/view?usp=sharing\">Mathematics<\/a><\/td><td>2+2<\/td><td>6<\/td><td>O<\/td><\/tr><tr><td>4.<\/td><td><a href=\"https:\/\/drive.google.com\/file\/d\/1UG13b6ffk7da9trSEZWl5MeW3_jP9lfG\/view?usp=sharing\">Microeconomics<\/a><\/td><td>2+2<\/td><td>6<\/td><td>O<\/td><\/tr><tr><td>5.<\/td><td><a href=\"https:\/\/drive.google.com\/file\/d\/1UEBz3bvNI1rtiYsr-N-GkUeuZTB2tUl3\/view?usp=sharing\">Osnovi biznisa u turizmu i ugostitejstvu<\/a><\/td><td>2+2<\/td><td>6<\/td><td>O<\/td><\/tr><tr><td><\/td><td>Total<\/td><td>20<\/td><td>30<\/td><td><\/td><\/tr><\/tbody><\/table><\/figure>\n\n\n\n<p><strong>First year \u2013 Second semester<\/strong><\/p>\n\n\n\n<figure class=\"wp-block-table\"><table class=\"has-fixed-layout\"><tbody><tr><td>Br.<\/td><td>Subject<\/td><td>CAS<\/td><td>ECTS<\/td><td>Obav.\/Iz.<\/td><\/tr><tr><td>1.<\/td><td><a href=\"https:\/\/drive.google.com\/file\/d\/1D40RfbGplOJa8su2o4L5Sn4StIaaX9_j\/view?usp=sharing\">Informatics became popular<\/a><\/td><td>2+2<\/td><td>6<\/td><td>O<\/td><\/tr><tr><td>2.<\/td><td><a href=\"https:\/\/drive.google.com\/file\/d\/1Pe2KHmNMzjPknjMNC4dU19rJDEO5s2kQ\/view?usp=sharing\">Macroeconomics<\/a><\/td><td>2+2<\/td><td>6<\/td><td>O<\/td><\/tr><tr><td>3.<\/td><td><a href=\"https:\/\/drive.google.com\/file\/d\/1mFfotHsC2vKCVY0s6ObgeBqLreWUcXEy\/view?usp=sharing\">Academic writing communication<\/a><\/td><td>2+2<\/td><td>6<\/td><td>O<\/td><\/tr><tr><td>4.<\/td><td><a href=\"https:\/\/drive.google.com\/file\/d\/1yAl4qH87mWIGW1yk1m-L20N-EggvtnfK\/view?usp=sharing\">Introduction to statistics<\/a><\/td><td>2+2<\/td><td>6<\/td><td>O<\/td><\/tr><tr><td>5.<\/td><td><a href=\"https:\/\/drive.google.com\/file\/d\/1oNzkkXEOp8IBUPOnPLgn6HyAt5d_J6H_\/view?usp=sharing\">Osnovi rakhovanstva u turizmu<\/a><\/td><td>2+2<\/td><td>6<\/td><td>O<\/td><\/tr><tr><td><\/td><td>Total<\/td><td>20<\/td><td>30<\/td><td><\/td><\/tr><\/tbody><\/table><\/figure>\n\n\n\n<p><strong>Second year \u2013 Third semester<\/strong><\/p>\n\n\n\n<figure class=\"wp-block-table\"><table class=\"has-fixed-layout\"><tbody><tr><td>Br.<\/td><td>Subject<\/td><td>CAS<\/td><td>ECTS<\/td><td>Obav.\/Iz.<\/td><\/tr><tr><td>1.<\/td><td><a href=\"https:\/\/drive.google.com\/file\/d\/16IfuFKoU9LqhNHpCJo5uzX_3Iei8U1NC\/view?usp=sharing\">Introduction to tourism and hospitality<\/a><\/td><td>2+2<\/td><td>6<\/td><td>O<\/td><\/tr><tr><td>2.<\/td><td><a href=\"https:\/\/drive.google.com\/file\/d\/1VYMLU9wif-8d9dgMAGt61CkeveAsSXoe\/view?usp=sharing\">English Language I<\/a><\/td><td>2+2<\/td><td>6<\/td><td>O<\/td><\/tr><tr><td>3.<\/td><td><a href=\"https:\/\/drive.google.com\/file\/d\/1p3ph8zg9bI7R1ZqOLTT5dMWt8Q2AyOdD\/view?usp=sharing\">Entrepreneurship<\/a><\/td><td>2+2<\/td><td>6<\/td><td>O<\/td><\/tr><tr><td>4.<\/td><td><a href=\"https:\/\/drive.google.com\/file\/d\/1NlTBXJd1QLf_2CM2rl-qrkTvH-qccMeS\/view?usp=sharing\">Finance and hospitality tourism<\/a><\/td><td>2+2<\/td><td>6<\/td><td>O<\/td><\/tr><tr><td>5.<\/td><td><a href=\"https:\/\/drive.google.com\/file\/d\/1pQ1FYtJrQxHqjUnyQTlZ4wYFZatSLRJs\/view?usp=sharing\">Osnovi marketinga uturizmu i ugostiteljstv<\/a><\/td><td>2+2<\/td><td>6<\/td><td>O<\/td><\/tr><tr><td><\/td><td>Total<\/td><td>20<\/td><td>30<\/td><td><\/td><\/tr><\/tbody><\/table><\/figure>\n\n\n\n<p><strong>Drug hit. \u2013 Fourth semester<\/strong><\/p>\n\n\n\n<figure class=\"wp-block-table\"><table class=\"has-fixed-layout\"><tbody><tr><td>Br.<\/td><td>Subject<\/td><td>CAS<\/td><td>ECTS<\/td><td>Obav.\/Iz. .<\/td><\/tr><tr><td>1.<\/td><td><a href=\"https:\/\/drive.google.com\/file\/d\/18XLAQRJ9AjSdp-WhWZrDpkL9zVL5zKis\/view?usp=sharing\">Management (leaders ip)<\/a><\/td><td>2+2<\/td><td>6<\/td><td>O<\/td><\/tr><tr><td>2.<\/td><td><a href=\"https:\/\/drive.google.com\/file\/d\/16oDRImoYLw_8g_cfL5q7iiO1Dc0VHp7O\/view?usp=sharing\">Economy and tourism<\/a><\/td><td>2+2<\/td><td>6<\/td><td>O<\/td><\/tr><tr><td>3.<\/td><td><a href=\"https:\/\/drive.google.com\/file\/d\/1455NGF4YpUZftNUEUzmsJ5BXW6gfrqbg\/view?usp=sharing\">International tourism<\/a><\/td><td>2+2<\/td><td>6<\/td><td>O<\/td><\/tr><tr><td>4.<\/td><td><a href=\"https:\/\/drive.google.com\/file\/d\/1cUGvbyX2pHVLVQYZUyQFELJCf8bv3tBL\/view?usp=sharing\">Human Resources Management<\/a><\/td><td>2+2<\/td><td>6<\/td><td>O<\/td><\/tr><tr><td>5.<\/td><td><a href=\"https:\/\/drive.google.com\/file\/d\/1peHnqARq5kOxb2qfvDiODR_OCsJAmO2U\/view?usp=sharing\">Ecology<\/a><\/td><td>2+2<\/td><td>6<\/td><td>O<\/td><\/tr><tr><td><\/td><td>Total<\/td><td>20<\/td><td>30<\/td><td><\/td><\/tr><\/tbody><\/table><\/figure>\n\n\n\n<p><strong>TOURISM MANAGEMENT PROFILE<\/strong><\/p>\n\n\n\n<p><strong>Third floor. - The fifth semester was tourism<\/strong><\/p>\n\n\n\n<figure class=\"wp-block-table\"><table class=\"has-fixed-layout\"><tbody><tr><td>Br.<\/td><td>Subject<\/td><td>CAS<\/td><td>ECTS<\/td><td>Obav.\/Iz. .<\/td><\/tr><tr><td>1.<\/td><td><a href=\"https:\/\/drive.google.com\/file\/d\/1CbTYl_8nKoJzleurR5MnmSP0OllS1QuV\/view?usp=sharing\">Practice nastava<\/a><\/td><td>0+2<\/td><td>6<\/td><td>O<\/td><\/tr><tr><td>2.<\/td><td><a href=\"https:\/\/drive.google.com\/file\/d\/16FlH4wiFdx6wsq4BwzYg-Pf_wqCWIOri\/view\">English language II<\/a><\/td><td>2+2<\/td><td>6<\/td><td>O<\/td><\/tr><tr><td>3.<\/td><td><a href=\"https:\/\/drive.google.com\/file\/d\/1V51k-fVcTfpxKRKf95sDgW2N0MlrAcE4\/view?usp=sharing\">MSP tourism management<\/a><\/td><td>2+2<\/td><td>6<\/td><td>O<\/td><\/tr><tr><td>4.<\/td><td>Choose a subject<\/td><td>2+2<\/td><td>6<\/td><td>I<\/td><\/tr><tr><td>5.<\/td><td>Choose a subject<\/td><td>2+2<\/td><td>6<\/td><td>I<\/td><\/tr><tr><td><\/td><td>Total<\/td><td>20<\/td><td>30<\/td><td><\/td><\/tr><\/tbody><\/table><\/figure>\n\n\n\n<p><strong>Third floor. - The sixth semester was tourism<\/strong><\/p>\n\n\n\n<figure class=\"wp-block-table\"><table class=\"has-fixed-layout\"><tbody><tr><td>Br.<\/td><td>Subject<\/td><td>CAS<\/td><td>ECTS<\/td><td>Obav.\/Iz. .<\/td><\/tr><tr><td>1.<\/td><td><a href=\"https:\/\/drive.google.com\/file\/d\/125-4oeMPF8sQRQjmfWoO7JEZ-sCkyNoV\/view?usp=sharing\">Tourism management<\/a><\/td><td>2+2<\/td><td>6<\/td><td>O<\/td><\/tr><tr><td>2.<\/td><td><a href=\"https:\/\/drive.google.com\/file\/d\/1YZQB0oChf9Og_GVAqJmKG4RglacCncdv\/view?usp=sharing\">Travel agencies<\/a><\/td><td>2+2<\/td><td>6<\/td><td>O<\/td><\/tr><tr><td>3.<\/td><td>Graduation ceremony<\/td><td>0+0<\/td><td>6<\/td><td>O<\/td><\/tr><tr><td>4.<\/td><td>Choose a subject<\/td><td>2+2<\/td><td>6<\/td><td>I<\/td><\/tr><tr><td>5.<\/td><td>Choose a subject<\/td><td>2+2<\/td><td>6<\/td><td>I<\/td><\/tr><tr><td><\/td><td>Total<\/td><td>20<\/td><td>30<\/td><td><\/td><\/tr><\/tbody><\/table><\/figure>\n\n\n\n<p><strong>The student se travabe opredeliti za jedan od izbornih predenta za oba semestera<\/strong><\/p>\n\n\n\n<p><strong>Winter semester<\/strong><\/p>\n\n\n\n<figure class=\"wp-block-table\"><table class=\"has-fixed-layout\"><tbody><tr><td>Br.<\/td><td>Subject<\/td><td>CAS<\/td><td>ECTS<\/td><td>Obav.\/Iz. .<\/td><\/tr><tr><td>1.<\/td><td><a href=\"https:\/\/drive.google.com\/file\/d\/1RzgYrTR7kHtKwzMz3VR3lDYG7_UwbXWj\/view?usp=sharing\">Tourism and sales management<\/a><\/td><td>2+2<\/td><td>6<\/td><td>I<\/td><\/tr><tr><td>2.<\/td><td><a href=\"https:\/\/drive.google.com\/file\/d\/1MWSSPSG1rNm-sgn8U5aroKjupA6ZGbCS\/view?usp=sharing\">Art history<\/a><\/td><td>2+2<\/td><td>6<\/td><td>I<\/td><\/tr><tr><td>3.<\/td><td><a href=\"https:\/\/drive.google.com\/file\/d\/1_9MUXr_a9o1afJGiNT1TIbCFVaeiYtdm\/view?usp=sharing\">Financial management<\/a><\/td><td>2+2<\/td><td>6<\/td><td>I<\/td><\/tr><tr><td>4<\/td><td><a href=\"https:\/\/drive.google.com\/file\/d\/13K_8LRBseq3a9zHdkAK_mnf_XEVOTPxB\/view?usp=sharing\">Development of tourist products<\/a><\/td><td>2+2<\/td><td>6<\/td><td>I<\/td><\/tr><\/tbody><\/table><\/figure>\n\n\n\n<p><strong>Summer semester<\/strong><\/p>\n\n\n\n<figure class=\"wp-block-table\"><table class=\"has-fixed-layout\"><tbody><tr><td>Br.<\/td><td>Subject<\/td><td>CAS<\/td><td>ECTS<\/td><td>Obav.\/Iz. .<\/td><\/tr><tr><td>1.<\/td><td><a href=\"https:\/\/drive.google.com\/file\/d\/102IaUGTOc89ycl4eWvbPuUo1VFs-F4IP\/view?usp=sharing\">Tourism business environment<\/a><\/td><td>2+2<\/td><td>6<\/td><td>I<\/td><\/tr><tr><td>2.<\/td><td><a href=\"https:\/\/drive.google.com\/file\/d\/1oc7PW-NeKMkyWTPzHJt2BxYY8XLB7lor\/view?usp=sharing\">Tourism market research<\/a><\/td><td>2+2<\/td><td>6<\/td><td>I<\/td><\/tr><tr><td>3.<\/td><td>Another foreign language, <a href=\"https:\/\/drive.google.com\/file\/d\/1J_0NAIWdQIqpP8SizhtvmRnzgH1Oc1H0\/view?usp=sharing\">Turkey<\/a>, <a href=\"https:\/\/drive.google.com\/file\/d\/1NOC86gXCsFNJR2Lg2-Fb_nqlR7KzXPzy\/view?usp=sharing\">Italian<\/a>, <a href=\"https:\/\/drive.google.com\/file\/d\/1jqcRqaWgLkMfGxmvYjVGUYbu1CDPPXaJ\/view?usp=sharing\">German<\/a>, <a href=\"https:\/\/drive.google.com\/file\/d\/1pfwZemUgqpueQOUHN_aKi5snNNdXh1lE\/view?usp=sharing\">French<\/a><\/td><td>2+2<\/td><td>6<\/td><td>I<\/td><\/tr><tr><td>4<\/td><td><a href=\"https:\/\/drive.google.com\/file\/d\/1lLJm5G-x8J6wLpN_WA-Mlpk1ih0EEUh6\/view?usp=sharing\">Access to clients (potro\u0161a\u010dima)<\/a><\/td><td>2+2<\/td><td>6<\/td><td>I<\/td><\/tr><\/tbody><\/table><\/figure>","protected":false},"excerpt":{"rendered":"<p>STUDIJSKI PROGRAM \u2013 MENA\u0110\u017dMENT U TURIZAM P\u00ebrmbajtja e shkurt\u00ebr e programit Prva god. \u2013 Prvi&hellip;<\/p>","protected":false},"author":1,"featured_media":0,"parent":48836,"menu_order":0,"comment_status":"closed","ping_status":"closed","template":"","meta":{"footnotes":""},"class_list":["post-48837","page","type-page","status-publish","hentry"],"yoast_head":"<!-- This site is optimized with the Yoast SEO Premium plugin v27.2 (Yoast SEO v27.2) - https:\/\/yoast.com\/product\/yoast-seo-premium-wordpress\/ -->\n<title>Menaxhim n\u00eb Turiz\u00ebm BSc \u2013 gjuh\u00eb boshnjake | UHZ FMTHM<\/title>\n<meta name=\"description\" content=\"Studime Bachelor n\u00eb Menaxhim n\u00eb Turiz\u00ebm n\u00eb gjuh\u00eb boshnjake n\u00eb UHZ \u2013 program 180 ECTS, fokus praktik dhe teorik p\u00ebr karrier\u00eb n\u00eb turiz\u00ebm dhe menaxhim.\" \/>\n<meta name=\"robots\" content=\"index, follow, max-snippet:-1, max-image-preview:large, max-video-preview:-1\" \/>\n<link rel=\"canonical\" href=\"https:\/\/unhz.eu\/fmthm\/en\/programet-mtb\/menaxhim-ne-turizem-bsc-gjuhe-boshnjake\/\" \/>\n<meta property=\"og:locale\" content=\"en_US\" \/>\n<meta property=\"og:type\" content=\"article\" \/>\n<meta property=\"og:title\" content=\"Menaxhim n\u00eb Turiz\u00ebm (Bsc) gjuh\u00eb boshnjake\" \/>\n<meta property=\"og:description\" content=\"Studime Bachelor n\u00eb Menaxhim n\u00eb Turiz\u00ebm n\u00eb gjuh\u00eb boshnjake n\u00eb UHZ \u2013 program 180 ECTS, fokus praktik dhe teorik p\u00ebr karrier\u00eb n\u00eb turiz\u00ebm dhe menaxhim.\" \/>\n<meta property=\"og:url\" content=\"https:\/\/unhz.eu\/fmthm\/en\/programet-mtb\/menaxhim-ne-turizem-bsc-gjuhe-boshnjake\/\" \/>\n<meta property=\"og:site_name\" content=\"Fakulteti i Menaxhimit n\u00eb Turiz\u00ebm, Hotelieri dhe Mjedis\" \/>\n<meta property=\"article:modified_time\" content=\"2026-01-29T12:21:51+00:00\" \/>\n<meta name=\"twitter:card\" content=\"summary_large_image\" \/>\n<meta name=\"twitter:label1\" content=\"Est. reading time\" \/>\n\t<meta name=\"twitter:data1\" content=\"3 minutes\" \/>\n<script type=\"application\/ld+json\" class=\"yoast-schema-graph\">{\"@context\":\"https:\/\/schema.org\",\"@graph\":[{\"@type\":\"WebPage\",\"@id\":\"https:\/\/unhz.eu\/fmthm\/programet-mtb\/menaxhim-ne-turizem-bsc-gjuhe-boshnjake\/\",\"url\":\"https:\/\/unhz.eu\/fmthm\/programet-mtb\/menaxhim-ne-turizem-bsc-gjuhe-boshnjake\/\",\"name\":\"Menaxhim n\u00eb Turiz\u00ebm BSc \u2013 gjuh\u00eb boshnjake | UHZ FMTHM\",\"isPartOf\":{\"@id\":\"https:\/\/unhz.eu\/fmthm\/#website\"},\"datePublished\":\"2025-01-17T09:52:53+00:00\",\"dateModified\":\"2026-01-29T12:21:51+00:00\",\"description\":\"Studime Bachelor n\u00eb Menaxhim n\u00eb Turiz\u00ebm n\u00eb gjuh\u00eb boshnjake n\u00eb UHZ \u2013 program 180 ECTS, fokus praktik dhe teorik p\u00ebr karrier\u00eb n\u00eb turiz\u00ebm dhe menaxhim.\",\"breadcrumb\":{\"@id\":\"https:\/\/unhz.eu\/fmthm\/programet-mtb\/menaxhim-ne-turizem-bsc-gjuhe-boshnjake\/#breadcrumb\"},\"inLanguage\":\"en-US\",\"potentialAction\":[{\"@type\":\"ReadAction\",\"target\":[\"https:\/\/unhz.eu\/fmthm\/programet-mtb\/menaxhim-ne-turizem-bsc-gjuhe-boshnjake\/\"]}]},{\"@type\":\"BreadcrumbList\",\"@id\":\"https:\/\/unhz.eu\/fmthm\/programet-mtb\/menaxhim-ne-turizem-bsc-gjuhe-boshnjake\/#breadcrumb\",\"itemListElement\":[{\"@type\":\"ListItem\",\"position\":1,\"name\":\"Home\",\"item\":\"https:\/\/unhz.eu\/fmthm\/\"},{\"@type\":\"ListItem\",\"position\":2,\"name\":\"Programet MTB\",\"item\":\"https:\/\/unhz.eu\/fmthm\/programet-mtb\/\"},{\"@type\":\"ListItem\",\"position\":3,\"name\":\"Menaxhim n\u00eb Turiz\u00ebm (Bsc) gjuh\u00eb boshnjake\"}]},{\"@type\":\"WebSite\",\"@id\":\"https:\/\/unhz.eu\/fmthm\/#website\",\"url\":\"https:\/\/unhz.eu\/fmthm\/\",\"name\":\"Fakulteti i Menaxhimit n\u00eb Turiz\u00ebm, Hotelieri dhe Mjedis\",\"description\":\"I dedikuar p\u00ebr cil\u00ebsi standarde dhe suksese\",\"publisher\":{\"@id\":\"https:\/\/unhz.eu\/fmthm\/#organization\"},\"potentialAction\":[{\"@type\":\"SearchAction\",\"target\":{\"@type\":\"EntryPoint\",\"urlTemplate\":\"https:\/\/unhz.eu\/fmthm\/?s={search_term_string}\"},\"query-input\":{\"@type\":\"PropertyValueSpecification\",\"valueRequired\":true,\"valueName\":\"search_term_string\"}}],\"inLanguage\":\"en-US\"},{\"@type\":\"Organization\",\"@id\":\"https:\/\/unhz.eu\/fmthm\/#organization\",\"name\":\"Fakulteti i Menaxhimit n\u00eb Turiz\u00ebm, Hotelieri dhe Mjedis\",\"url\":\"https:\/\/unhz.eu\/fmthm\/\",\"logo\":{\"@type\":\"ImageObject\",\"inLanguage\":\"en-US\",\"@id\":\"https:\/\/unhz.eu\/fmthm\/#\/schema\/logo\/image\/\",\"url\":\"https:\/\/unhz.eu\/fmthm\/wp-content\/uploads\/sites\/10\/2024\/02\/cropped-logo-1-1-e1713527702695.png\",\"contentUrl\":\"https:\/\/unhz.eu\/fmthm\/wp-content\/uploads\/sites\/10\/2024\/02\/cropped-logo-1-1-e1713527702695.png\",\"width\":100,\"height\":100,\"caption\":\"Fakulteti i Menaxhimit n\u00eb Turiz\u00ebm, Hotelieri dhe Mjedis\"},\"image\":{\"@id\":\"https:\/\/unhz.eu\/fmthm\/#\/schema\/logo\/image\/\"}}]}<\/script>\n<!-- \/ Yoast SEO Premium plugin. -->","yoast_head_json":{"title":"Menaxhim n\u00eb Turiz\u00ebm BSc \u2013 gjuh\u00eb boshnjake | UHZ FMTHM","description":"Studime Bachelor n\u00eb Menaxhim n\u00eb Turiz\u00ebm n\u00eb gjuh\u00eb boshnjake n\u00eb UHZ \u2013 program 180 ECTS, fokus praktik dhe teorik p\u00ebr karrier\u00eb n\u00eb turiz\u00ebm dhe menaxhim.","robots":{"index":"index","follow":"follow","max-snippet":"max-snippet:-1","max-image-preview":"max-image-preview:large","max-video-preview":"max-video-preview:-1"},"canonical":"https:\/\/unhz.eu\/fmthm\/en\/programet-mtb\/menaxhim-ne-turizem-bsc-gjuhe-boshnjake\/","og_locale":"en_US","og_type":"article","og_title":"Menaxhim n\u00eb Turiz\u00ebm (Bsc) gjuh\u00eb boshnjake","og_description":"Studime Bachelor n\u00eb Menaxhim n\u00eb Turiz\u00ebm n\u00eb gjuh\u00eb boshnjake n\u00eb UHZ \u2013 program 180 ECTS, fokus praktik dhe teorik p\u00ebr karrier\u00eb n\u00eb turiz\u00ebm dhe menaxhim.","og_url":"https:\/\/unhz.eu\/fmthm\/en\/programet-mtb\/menaxhim-ne-turizem-bsc-gjuhe-boshnjake\/","og_site_name":"Fakulteti i Menaxhimit n\u00eb Turiz\u00ebm, Hotelieri dhe Mjedis","article_modified_time":"2026-01-29T12:21:51+00:00","twitter_card":"summary_large_image","twitter_misc":{"Est. reading time":"3 minutes"},"schema":{"@context":"https:\/\/schema.org","@graph":[{"@type":"WebPage","@id":"https:\/\/unhz.eu\/fmthm\/programet-mtb\/menaxhim-ne-turizem-bsc-gjuhe-boshnjake\/","url":"https:\/\/unhz.eu\/fmthm\/programet-mtb\/menaxhim-ne-turizem-bsc-gjuhe-boshnjake\/","name":"Menaxhim n\u00eb Turiz\u00ebm BSc \u2013 gjuh\u00eb boshnjake | UHZ FMTHM","isPartOf":{"@id":"https:\/\/unhz.eu\/fmthm\/#website"},"datePublished":"2025-01-17T09:52:53+00:00","dateModified":"2026-01-29T12:21:51+00:00","description":"Studime Bachelor n\u00eb Menaxhim n\u00eb Turiz\u00ebm n\u00eb gjuh\u00eb boshnjake n\u00eb UHZ \u2013 program 180 ECTS, fokus praktik dhe teorik p\u00ebr karrier\u00eb n\u00eb turiz\u00ebm dhe menaxhim.","breadcrumb":{"@id":"https:\/\/unhz.eu\/fmthm\/programet-mtb\/menaxhim-ne-turizem-bsc-gjuhe-boshnjake\/#breadcrumb"},"inLanguage":"en-US","potentialAction":[{"@type":"ReadAction","target":["https:\/\/unhz.eu\/fmthm\/programet-mtb\/menaxhim-ne-turizem-bsc-gjuhe-boshnjake\/"]}]},{"@type":"BreadcrumbList","@id":"https:\/\/unhz.eu\/fmthm\/programet-mtb\/menaxhim-ne-turizem-bsc-gjuhe-boshnjake\/#breadcrumb","itemListElement":[{"@type":"ListItem","position":1,"name":"Home","item":"https:\/\/unhz.eu\/fmthm\/"},{"@type":"ListItem","position":2,"name":"Programet MTB","item":"https:\/\/unhz.eu\/fmthm\/programet-mtb\/"},{"@type":"ListItem","position":3,"name":"Menaxhim n\u00eb Turiz\u00ebm (Bsc) gjuh\u00eb boshnjake"}]},{"@type":"WebSite","@id":"https:\/\/unhz.eu\/fmthm\/#website","url":"https:\/\/unhz.eu\/fmthm\/","name":"Faculty of Tourism, Hospitality and Environmental Management","description":"Dedicated to standard quality and success","publisher":{"@id":"https:\/\/unhz.eu\/fmthm\/#organization"},"potentialAction":[{"@type":"SearchAction","target":{"@type":"EntryPoint","urlTemplate":"https:\/\/unhz.eu\/fmthm\/?s={search_term_string}"},"query-input":{"@type":"PropertyValueSpecification","valueRequired":true,"valueName":"search_term_string"}}],"inLanguage":"en-US"},{"@type":"Organization","@id":"https:\/\/unhz.eu\/fmthm\/#organization","name":"Faculty of Tourism, Hospitality and Environmental Management","url":"https:\/\/unhz.eu\/fmthm\/","logo":{"@type":"ImageObject","inLanguage":"en-US","@id":"https:\/\/unhz.eu\/fmthm\/#\/schema\/logo\/image\/","url":"https:\/\/unhz.eu\/fmthm\/wp-content\/uploads\/sites\/10\/2024\/02\/cropped-logo-1-1-e1713527702695.png","contentUrl":"https:\/\/unhz.eu\/fmthm\/wp-content\/uploads\/sites\/10\/2024\/02\/cropped-logo-1-1-e1713527702695.png","width":100,"height":100,"caption":"Fakulteti i Menaxhimit n\u00eb Turiz\u00ebm, Hotelieri dhe Mjedis"},"image":{"@id":"https:\/\/unhz.eu\/fmthm\/#\/schema\/logo\/image\/"}}]}},"_links":{"self":[{"href":"https:\/\/unhz.eu\/fmthm\/en\/wp-json\/wp\/v2\/pages\/48837","targetHints":{"allow":["GET"]}}],"collection":[{"href":"https:\/\/unhz.eu\/fmthm\/en\/wp-json\/wp\/v2\/pages"}],"about":[{"href":"https:\/\/unhz.eu\/fmthm\/en\/wp-json\/wp\/v2\/types\/page"}],"author":[{"embeddable":true,"href":"https:\/\/unhz.eu\/fmthm\/en\/wp-json\/wp\/v2\/users\/1"}],"replies":[{"embeddable":true,"href":"https:\/\/unhz.eu\/fmthm\/en\/wp-json\/wp\/v2\/comments?post=48837"}],"version-history":[{"count":1,"href":"https:\/\/unhz.eu\/fmthm\/en\/wp-json\/wp\/v2\/pages\/48837\/revisions"}],"predecessor-version":[{"id":49287,"href":"https:\/\/unhz.eu\/fmthm\/en\/wp-json\/wp\/v2\/pages\/48837\/revisions\/49287"}],"up":[{"embeddable":true,"href":"https:\/\/unhz.eu\/fmthm\/en\/wp-json\/wp\/v2\/pages\/48836"}],"wp:attachment":[{"href":"https:\/\/unhz.eu\/fmthm\/en\/wp-json\/wp\/v2\/media?parent=48837"}],"curies":[{"name":"wp","href":"https:\/\/api.w.org\/{rel}","templated":true}]}}