{"id":48821,"date":"2025-01-17T09:42:30","date_gmt":"2025-01-17T09:42:30","guid":{"rendered":"https:\/\/unhz.eu\/fmthm\/?page_id=48821"},"modified":"2025-10-24T07:59:59","modified_gmt":"2025-10-24T07:59:59","slug":"menaxhment-ne-turizem-hotelieri-dhe-mjedis-2022-2025","status":"publish","type":"page","link":"https:\/\/unhz.eu\/fmthm\/en\/programet-mthm\/menaxhment-ne-turizem-hotelieri-dhe-mjedis-2022-2025\/","title":{"rendered":"MANAGEMENT IN TOURISM, HOTEL AND ENVIRONMENT \u2013 2022-2025"},"content":{"rendered":"<h5 class=\"wp-block-heading\">STUDY PROGRAM MANAGEMENT IN TOURISM, HOTEL AND ENVIRONMENT \u2013 BACHELOR 2022-2025<\/h5>\n\n\n\n<p>Specializations:<\/p>\n\n\n\n<p>\u00b7 Tourism Management<\/p>\n\n\n\n<p>\u00b7 Hospitality Management<\/p>\n\n\n\n<p>\u00b7 Environmental Management<\/p>\n\n\n\n<figure class=\"wp-block-table\"><table class=\"has-fixed-layout\"><tbody><tr><td colspan=\"9\">Year I<\/td><\/tr><tr><td colspan=\"6\">Semester I<\/td><td colspan=\"3\">Hour-Week<\/td><\/tr><tr><td>No.<\/td><td colspan=\"2\">O\/Z<\/td><td>PGJ\/PL<\/td><td colspan=\"2\">SUBJECTS<\/td><td>L<\/td><td>U<\/td><td>ECTS<\/td><\/tr><tr><td>1.<\/td><td colspan=\"2\">O<\/td><td>CSP<\/td><td colspan=\"2\">Mathematics<\/td><td>2<\/td><td>2<\/td><td>6<\/td><\/tr><tr><td>2.<\/td><td colspan=\"2\">O<\/td><td>CSP<\/td><td colspan=\"2\">Management basics<\/td><td>2<\/td><td>2<\/td><td>6<\/td><\/tr><tr><td>3.<\/td><td colspan=\"2\">O<\/td><td>CSP<\/td><td colspan=\"2\">Computer basics<\/td><td>2<\/td><td>2<\/td><td>6<\/td><\/tr><tr><td colspan=\"9\"><\/td><\/tr><tr><td>4.<\/td><td colspan=\"2\">O<\/td><td>HT<\/td><td colspan=\"2\">Tourism and hospitality business<\/td><td>2<\/td><td>2<\/td><td>5<\/td><\/tr><tr><td>5.<\/td><td colspan=\"2\">O<\/td><td>HT<\/td><td colspan=\"2\">Introduction to tourism and hospitality<\/td><td>2<\/td><td>2<\/td><td>7<\/td><\/tr><tr><td>6.<\/td><td colspan=\"2\">O<\/td><td>M<\/td><td colspan=\"2\">Introduction to environmental sciences<\/td><td>2<\/td><td>2<\/td><td>7<\/td><\/tr><tr><td>7.<\/td><td colspan=\"2\">O<\/td><td>M<\/td><td colspan=\"2\">Forests and landscapes<\/td><td>2<\/td><td>2<\/td><td>5<\/td><\/tr><tr><td><\/td><td colspan=\"2\"><\/td><td><\/td><td colspan=\"2\">TOTAL<\/td><td><\/td><td><\/td><td>30<\/td><\/tr><tr><td colspan=\"6\">Semester II<\/td><td colspan=\"3\">Hour-Week<\/td><\/tr><tr><td>No.<\/td><td>O<\/td><td colspan=\"2\">PG\/PF<\/td><td colspan=\"2\">SUBJECTS<\/td><td>L<\/td><td>U<\/td><td>ECTS<\/td><\/tr><tr><td>1.<\/td><td>O<\/td><td colspan=\"2\">CSP<\/td><td colspan=\"2\">Statistics<\/td><td>2<\/td><td>2<\/td><td>6<\/td><\/tr><tr><td>2.<\/td><td>O<\/td><td colspan=\"2\">CSP<\/td><td colspan=\"2\">Academic writing<\/td><td>2<\/td><td>2<\/td><td>6<\/td><\/tr><tr><td rowspan=\"3\">3.<\/td><td rowspan=\"3\">O<\/td><td colspan=\"2\" rowspan=\"3\">CSP<\/td><td rowspan=\"3\">Foreign language 1<\/td><td>English<\/td><td>2<\/td><td>2<\/td><td>5<\/td><\/tr><tr><td>German<\/td><td>2<\/td><td>2<\/td><td>5<\/td><\/tr><tr><td><\/td><td><\/td><td><\/td><td><\/td><\/tr><tr><td colspan=\"9\">professional<\/td><\/tr><tr><td>4.<\/td><td>O<\/td><td colspan=\"2\">HT<\/td><td colspan=\"2\">Introduction to economics<\/td><td>2<\/td><td>2<\/td><td>7<\/td><\/tr><tr><td>5.<\/td><td>O<\/td><td colspan=\"2\">HT<\/td><td colspan=\"2\">Accounting in tourism and hospitality<\/td><td>2<\/td><td>2<\/td><td>6<\/td><\/tr><tr><td>6.<\/td><td>O<\/td><td colspan=\"2\">M<\/td><td colspan=\"2\">Environmental law and policies<\/td><td>2<\/td><td>2<\/td><td>7<\/td><\/tr><tr><td>7.<\/td><td>O<\/td><td colspan=\"2\">M<\/td><td colspan=\"2\">Environmental management and industry<\/td><td>2<\/td><td>2<\/td><td>6<\/td><\/tr><tr><td><\/td><td><\/td><td colspan=\"2\"><\/td><td colspan=\"2\">TOTAL<\/td><td><\/td><td><\/td><td>30<\/td><\/tr><tr><td><\/td><td><\/td><td><\/td><td><\/td><td><\/td><td><\/td><td><\/td><td><\/td><td><\/td><\/tr><\/tbody><\/table><\/figure>\n\n\n\n<figure class=\"wp-block-table\"><table class=\"has-fixed-layout\"><tbody><tr><td colspan=\"10\">Year II<\/td><\/tr><tr><td colspan=\"7\">Semester III<\/td><td colspan=\"3\">Hour-Week<\/td><\/tr><tr><td>No.<\/td><td colspan=\"3\">O\/Z<\/td><td>PG\/PF<\/td><td colspan=\"2\">SUBJECTS<\/td><td>L<\/td><td>U<\/td><td>ECTS<\/td><\/tr><tr><td>1.<\/td><td colspan=\"3\">O<\/td><td>CSP<\/td><td colspan=\"2\">Cultural heritage<\/td><td>2<\/td><td>2<\/td><td>6<\/td><\/tr><tr><td>2.<\/td><td colspan=\"3\">O<\/td><td>CSP<\/td><td colspan=\"2\">Introduction to marketing<\/td><td>2<\/td><td>2<\/td><td>7<\/td><\/tr><tr><td>3.<\/td><td colspan=\"3\">O<\/td><td>CSP<\/td><td colspan=\"2\">Food and beverage management<\/td><td>2<\/td><td>2<\/td><td>6<\/td><\/tr><tr><td colspan=\"10\"><\/td><\/tr><tr><td>4<\/td><td colspan=\"3\">O<\/td><td>HT<\/td><td colspan=\"2\">Event organization and management<\/td><td>2<\/td><td>2<\/td><td>6<\/td><\/tr><tr><td>5<\/td><td colspan=\"3\">O<\/td><td>HT<\/td><td colspan=\"2\">The right to tourism and hospitality<\/td><td>2<\/td><td>2<\/td><td>5<\/td><\/tr><tr><td>6<\/td><td colspan=\"3\">O<\/td><td>M<\/td><td colspan=\"2\">Environmental toxicology<\/td><td>2<\/td><td>2<\/td><td>6<\/td><\/tr><tr><td>7<\/td><td colspan=\"3\">O<\/td><td>M<\/td><td colspan=\"2\">Air quality management<\/td><td>2<\/td><td>2<\/td><td>5<\/td><\/tr><tr><td><\/td><td colspan=\"3\"><\/td><td><\/td><td colspan=\"2\">TOTAL<\/td><td><\/td><td><\/td><td>30<\/td><\/tr><tr><td colspan=\"7\">Semester IV<\/td><td colspan=\"3\">Hour-Week<\/td><\/tr><tr><td>No.<\/td><td>0\/Z<\/td><td colspan=\"3\">PG\/PF<\/td><td colspan=\"2\">SUBJECTS<\/td><td>L<\/td><td>U<\/td><td>ECTS<\/td><\/tr><tr><td>1.<\/td><td>O<\/td><td colspan=\"3\">CSP<\/td><td colspan=\"2\">Tourist geography<\/td><td>2<\/td><td>2<\/td><td>6<\/td><\/tr><tr><td>2.<\/td><td>O<\/td><td colspan=\"3\">CSP<\/td><td colspan=\"2\">Human resources management<\/td><td>2<\/td><td>2<\/td><td>6<\/td><\/tr><tr><td>3.<\/td><td>O<\/td><td colspan=\"3\">CSP<\/td><td colspan=\"2\">Ecology<\/td><td>2<\/td><td>2<\/td><td>6<\/td><\/tr><tr><td rowspan=\"3\">4.<\/td><td rowspan=\"3\">O<\/td><td colspan=\"3\" rowspan=\"3\">CSP<\/td><td rowspan=\"3\">&nbsp; Foreign language 2<\/td><td>English<\/td><td>2<\/td><td>2<\/td><td>6<\/td><\/tr><tr><td>German<\/td><td>2<\/td><td>2<\/td><td>6<\/td><\/tr><tr><td><\/td><td><\/td><td><\/td><td><\/td><\/tr><tr><td colspan=\"10\"><\/td><\/tr><tr><td>5.<\/td><td colspan=\"2\">O<\/td><td colspan=\"2\">HT<\/td><td colspan=\"2\">Finance in tourism and hospitality<\/td><td>2<\/td><td>2<\/td><td>6<\/td><\/tr><tr><td>6.<\/td><td colspan=\"2\">O<\/td><td colspan=\"2\">M<\/td><td colspan=\"2\">Soil pollution and protection<\/td><td>2<\/td><td>2<\/td><td>6<\/td><\/tr><tr><td><\/td><td colspan=\"2\"><\/td><td colspan=\"2\"><\/td><td colspan=\"2\"><\/td><td><\/td><td><\/td><td><\/td><\/tr><tr><td><\/td><td colspan=\"2\"><\/td><td colspan=\"2\"><\/td><td colspan=\"2\">TOTAL<\/td><td><\/td><td><\/td><td>30<\/td><\/tr><tr><td><\/td><td><\/td><td><\/td><td><\/td><td><\/td><td><\/td><td><\/td><td><\/td><td><\/td><td><\/td><\/tr><\/tbody><\/table><\/figure>\n\n\n\n<figure class=\"wp-block-table\"><table class=\"has-fixed-layout\"><tbody><tr><td colspan=\"8\">Year III<\/td><\/tr><tr><td colspan=\"5\">Semester V<\/td><td colspan=\"3\">Hour-Week<\/td><\/tr><tr><td>No.<\/td><td colspan=\"2\">0\/Z<\/td><td>PG\/PF<\/td><td>SUBJECTS<\/td><td>L<\/td><td>U<\/td><td>ECTS<\/td><\/tr><tr><td>1.<\/td><td colspan=\"2\">O<\/td><td>CSP<\/td><td>Practical lesson<\/td><td>0<\/td><td>3<\/td><td>8<\/td><\/tr><tr><td>2.<\/td><td colspan=\"2\">O<\/td><td>CSP<\/td><td>Ecotourism<\/td><td>2<\/td><td>2<\/td><td>6<\/td><\/tr><tr><td>3<\/td><td colspan=\"2\">O<\/td><td>CSP<\/td><td>Environment and natural resource economics<\/td><td>2<\/td><td>2<\/td><td>6<\/td><\/tr><tr><td colspan=\"8\"><\/td><\/tr><tr><td>4.<\/td><td colspan=\"2\">Z<\/td><td>HT<\/td><td>Tourism and hospitality management<\/td><td>2<\/td><td>2<\/td><td>5<\/td><\/tr><tr><td>5.<\/td><td colspan=\"2\">Z<\/td><td>HT<\/td><td>Strategic Management<\/td><td>2<\/td><td>2<\/td><td>5<\/td><\/tr><tr><td>6<\/td><td colspan=\"2\">Z<\/td><td>HT<\/td><td>Quality management<\/td><td>2<\/td><td>2<\/td><td>5<\/td><\/tr><tr><td>8.<\/td><td colspan=\"2\">Z<\/td><td>M<\/td><td>Waste Management<\/td><td>2<\/td><td>2<\/td><td>5<\/td><\/tr><tr><td>9<\/td><td colspan=\"2\">Z<\/td><td>M<\/td><td>Water resources management<\/td><td>2<\/td><td>2<\/td><td>5<\/td><\/tr><tr><td><\/td><td colspan=\"2\"><\/td><td><\/td><td>TOTAL<\/td><td><\/td><td><\/td><td>30<\/td><\/tr><tr><td colspan=\"8\">Year III<\/td><\/tr><tr><td colspan=\"5\">Tourism Module Semester VI<\/td><td colspan=\"3\">Hour-Week<\/td><\/tr><tr><td>No.<\/td><td>O<\/td><td colspan=\"3\">SUBJECTS<\/td><td>L<\/td><td>U<\/td><td>ECTS<\/td><\/tr><tr><td>1.<\/td><td>O<\/td><td colspan=\"3\">Tourism development and planning<\/td><td>2<\/td><td>2<\/td><td>5<\/td><\/tr><tr><td>2.<\/td><td>O<\/td><td colspan=\"3\">Tourism economics and business<\/td><td>2<\/td><td>2<\/td><td>5<\/td><\/tr><tr><td>3.<\/td><td>O<\/td><td colspan=\"3\">Tourist product<\/td><td>2<\/td><td>2<\/td><td>5<\/td><\/tr><tr><td>4.<\/td><td>O<\/td><td colspan=\"3\">Thesis (Diploma work)<\/td><td>2<\/td><td>0<\/td><td>10<\/td><\/tr><tr><td>5.<\/td><td>Z<\/td><td colspan=\"3\">Travel agencies<\/td><td>2<\/td><td>2<\/td><td>5<\/td><\/tr><tr><td>6<\/td><td>Z<\/td><td colspan=\"3\">Information systems and reservations in travel agencies<\/td><td>2<\/td><td>2<\/td><td>5<\/td><\/tr><tr><td><\/td><td><\/td><td colspan=\"3\">TOTAL<\/td><td><\/td><td><\/td><td>30\/180 ETC<\/td><\/tr><tr><td colspan=\"8\">Year III<\/td><\/tr><tr><td colspan=\"5\">Hospitality Module Semester VI<\/td><td colspan=\"3\">Hour-Week<\/td><\/tr><tr><td>No.<\/td><td>O<\/td><td colspan=\"3\">SUBJECTS<\/td><td>L<\/td><td>U<\/td><td>ECTS<\/td><\/tr><tr><td>1.<\/td><td>O<\/td><td colspan=\"3\">Hotel industry<\/td><td>2<\/td><td>2<\/td><td>5<\/td><\/tr><tr><td>2.<\/td><td>O<\/td><td colspan=\"3\">Food service management<\/td><td>2<\/td><td>2<\/td><td>5<\/td><\/tr><tr><td>3.<\/td><td>O<\/td><td colspan=\"3\">leadership<\/td><td>2<\/td><td>2<\/td><td>5<\/td><\/tr><tr><td>4.<\/td><td>O<\/td><td colspan=\"3\">Thesis (Diploma work)<\/td><td>2<\/td><td>0<\/td><td>10<\/td><\/tr><tr><td>5.<\/td><td>Z<\/td><td colspan=\"3\">Customer services in hotels<\/td><td>2<\/td><td>2<\/td><td>5<\/td><\/tr><tr><td>6.<\/td><td>Z<\/td><td colspan=\"3\">Hotel information systems and reservations<\/td><td><\/td><td><\/td><td>5<\/td><\/tr><tr><td><\/td><td><\/td><td colspan=\"3\">TOTAL<\/td><td><\/td><td><\/td><td>30\/180 ETC<\/td><\/tr><tr><td colspan=\"8\">Year III<\/td><\/tr><tr><td colspan=\"5\">Environment Module Semester VI<\/td><td colspan=\"3\">Hour-Week<\/td><\/tr><tr><td>No.<\/td><td>O<\/td><td colspan=\"3\">SUBJECTS<\/td><td>L<\/td><td>U<\/td><td>ECTS<\/td><\/tr><tr><td>1.<\/td><td>O<\/td><td colspan=\"3\">Environmental Studies Project<\/td><td>2<\/td><td>2<\/td><td>5<\/td><\/tr><tr><td>2.<\/td><td>O<\/td><td colspan=\"3\">Environmental management and protection<\/td><td>2<\/td><td>2<\/td><td>5<\/td><\/tr><tr><td>3.<\/td><td>O<\/td><td colspan=\"3\">Research methods<\/td><td>2<\/td><td>2<\/td><td>5<\/td><\/tr><tr><td>4.<\/td><td>O<\/td><td colspan=\"3\">Thesis (Diploma work)<\/td><td>2<\/td><td>0<\/td><td>10<\/td><\/tr><tr><td>5.<\/td><td>Z<\/td><td colspan=\"3\">Wastewater treatment<\/td><td>2<\/td><td>2<\/td><td>5<\/td><\/tr><tr><td>6.<\/td><td>Z<\/td><td colspan=\"3\">Environmental education and perception<\/td><td>2<\/td><td>2<\/td><td>5<\/td><\/tr><tr><td><\/td><td><\/td><td colspan=\"3\">TOTAL<\/td><td><\/td><td><\/td><td>30\/180 ETC<\/td><\/tr><tr><td><\/td><td><\/td><td><\/td><td><\/td><td><\/td><td><\/td><td><\/td><td><\/td><\/tr><\/tbody><\/table><\/figure>","protected":false},"excerpt":{"rendered":"<p>PROGRAMI I STUDIMIT MENAXHMENT N\u00cb TURIZ\u00cbM, HOTELIERI DHE MJEDIS \u2013 BACHELOR 2022-2025 Specializimet: \u00b7&nbsp;&nbsp;&nbsp;&nbsp;&nbsp;&nbsp;&nbsp;&nbsp; Menaxhim&hellip;<\/p>","protected":false},"author":1,"featured_media":0,"parent":48816,"menu_order":0,"comment_status":"closed","ping_status":"closed","template":"","meta":{"footnotes":""},"class_list":["post-48821","page","type-page","status-publish","hentry"],"yoast_head":"<!-- This site is optimized with the Yoast SEO Premium plugin v27.2 (Yoast SEO v27.2) - https:\/\/yoast.com\/product\/yoast-seo-premium-wordpress\/ -->\n<title>Menaxhim n\u00eb Turiz\u00ebm, Hotelieri &amp; Mjedis (2022-2025) \u2013 UHZ<\/title>\n<meta name=\"description\" content=\"Bachelor n\u00eb Menaxhim n\u00eb Turiz\u00ebm, Hotelieri dhe Mjedis (2022-2025) n\u00eb UHZ \u2013 program trevje\u00e7ar me specializime n\u00eb Turiz\u00ebm, Hotelieri dhe Mjedis, duke p\u00ebrfshir\u00eb kurikulum baz\u00eb dhe profesionale.\" \/>\n<meta name=\"robots\" content=\"index, follow, max-snippet:-1, max-image-preview:large, max-video-preview:-1\" \/>\n<link rel=\"canonical\" href=\"https:\/\/unhz.eu\/fmthm\/en\/programet-mthm\/menaxhment-ne-turizem-hotelieri-dhe-mjedis-2022-2025\/\" \/>\n<meta property=\"og:locale\" content=\"en_US\" \/>\n<meta property=\"og:type\" content=\"article\" \/>\n<meta property=\"og:title\" content=\"MENAXHMENT N\u00cb TURIZ\u00cbM, HOTELIERI DHE MJEDIS \u2013 2022-2025\" \/>\n<meta property=\"og:description\" content=\"Bachelor n\u00eb Menaxhim n\u00eb Turiz\u00ebm, Hotelieri dhe Mjedis (2022-2025) n\u00eb UHZ \u2013 program trevje\u00e7ar me specializime n\u00eb Turiz\u00ebm, Hotelieri dhe Mjedis, duke p\u00ebrfshir\u00eb kurikulum baz\u00eb dhe profesionale.\" \/>\n<meta property=\"og:url\" content=\"https:\/\/unhz.eu\/fmthm\/en\/programet-mthm\/menaxhment-ne-turizem-hotelieri-dhe-mjedis-2022-2025\/\" \/>\n<meta property=\"og:site_name\" content=\"Fakulteti i Menaxhimit n\u00eb Turiz\u00ebm, Hotelieri dhe Mjedis\" \/>\n<meta property=\"article:modified_time\" content=\"2025-10-24T07:59:59+00:00\" \/>\n<meta name=\"twitter:card\" content=\"summary_large_image\" \/>\n<meta name=\"twitter:label1\" content=\"Est. reading time\" \/>\n\t<meta name=\"twitter:data1\" content=\"3 minutes\" \/>\n<script type=\"application\/ld+json\" class=\"yoast-schema-graph\">{\"@context\":\"https:\/\/schema.org\",\"@graph\":[{\"@type\":\"WebPage\",\"@id\":\"https:\/\/unhz.eu\/fmthm\/programet-mthm\/menaxhment-ne-turizem-hotelieri-dhe-mjedis-2022-2025\/\",\"url\":\"https:\/\/unhz.eu\/fmthm\/programet-mthm\/menaxhment-ne-turizem-hotelieri-dhe-mjedis-2022-2025\/\",\"name\":\"Menaxhim n\u00eb Turiz\u00ebm, Hotelieri & Mjedis (2022-2025) \u2013 UHZ\",\"isPartOf\":{\"@id\":\"https:\/\/unhz.eu\/fmthm\/#website\"},\"datePublished\":\"2025-01-17T09:42:30+00:00\",\"dateModified\":\"2025-10-24T07:59:59+00:00\",\"description\":\"Bachelor n\u00eb Menaxhim n\u00eb Turiz\u00ebm, Hotelieri dhe Mjedis (2022-2025) n\u00eb UHZ \u2013 program trevje\u00e7ar me specializime n\u00eb Turiz\u00ebm, Hotelieri dhe Mjedis, duke p\u00ebrfshir\u00eb kurikulum baz\u00eb dhe profesionale.\",\"breadcrumb\":{\"@id\":\"https:\/\/unhz.eu\/fmthm\/programet-mthm\/menaxhment-ne-turizem-hotelieri-dhe-mjedis-2022-2025\/#breadcrumb\"},\"inLanguage\":\"en-US\",\"potentialAction\":[{\"@type\":\"ReadAction\",\"target\":[\"https:\/\/unhz.eu\/fmthm\/programet-mthm\/menaxhment-ne-turizem-hotelieri-dhe-mjedis-2022-2025\/\"]}]},{\"@type\":\"BreadcrumbList\",\"@id\":\"https:\/\/unhz.eu\/fmthm\/programet-mthm\/menaxhment-ne-turizem-hotelieri-dhe-mjedis-2022-2025\/#breadcrumb\",\"itemListElement\":[{\"@type\":\"ListItem\",\"position\":1,\"name\":\"Home\",\"item\":\"https:\/\/unhz.eu\/fmthm\/\"},{\"@type\":\"ListItem\",\"position\":2,\"name\":\"Programi Menaxhim n\u00eb Turiz\u00ebm Hotelieri dhe Mjedis\",\"item\":\"https:\/\/unhz.eu\/fmthm\/programet-mthm\/\"},{\"@type\":\"ListItem\",\"position\":3,\"name\":\"MENAXHMENT N\u00cb TURIZ\u00cbM, HOTELIERI DHE MJEDIS \u2013 2022-2025\"}]},{\"@type\":\"WebSite\",\"@id\":\"https:\/\/unhz.eu\/fmthm\/#website\",\"url\":\"https:\/\/unhz.eu\/fmthm\/\",\"name\":\"Fakulteti i Menaxhimit n\u00eb Turiz\u00ebm, Hotelieri dhe Mjedis\",\"description\":\"I dedikuar p\u00ebr cil\u00ebsi standarde dhe suksese\",\"publisher\":{\"@id\":\"https:\/\/unhz.eu\/fmthm\/#organization\"},\"potentialAction\":[{\"@type\":\"SearchAction\",\"target\":{\"@type\":\"EntryPoint\",\"urlTemplate\":\"https:\/\/unhz.eu\/fmthm\/?s={search_term_string}\"},\"query-input\":{\"@type\":\"PropertyValueSpecification\",\"valueRequired\":true,\"valueName\":\"search_term_string\"}}],\"inLanguage\":\"en-US\"},{\"@type\":\"Organization\",\"@id\":\"https:\/\/unhz.eu\/fmthm\/#organization\",\"name\":\"Fakulteti i Menaxhimit n\u00eb Turiz\u00ebm, Hotelieri dhe Mjedis\",\"url\":\"https:\/\/unhz.eu\/fmthm\/\",\"logo\":{\"@type\":\"ImageObject\",\"inLanguage\":\"en-US\",\"@id\":\"https:\/\/unhz.eu\/fmthm\/#\/schema\/logo\/image\/\",\"url\":\"https:\/\/unhz.eu\/fmthm\/wp-content\/uploads\/sites\/10\/2024\/02\/cropped-logo-1-1-e1713527702695.png\",\"contentUrl\":\"https:\/\/unhz.eu\/fmthm\/wp-content\/uploads\/sites\/10\/2024\/02\/cropped-logo-1-1-e1713527702695.png\",\"width\":100,\"height\":100,\"caption\":\"Fakulteti i Menaxhimit n\u00eb Turiz\u00ebm, Hotelieri dhe Mjedis\"},\"image\":{\"@id\":\"https:\/\/unhz.eu\/fmthm\/#\/schema\/logo\/image\/\"}}]}<\/script>\n<!-- \/ Yoast SEO Premium plugin. -->","yoast_head_json":{"title":"Menaxhim n\u00eb Turiz\u00ebm, Hotelieri & Mjedis (2022-2025) \u2013 UHZ","description":"Bachelor n\u00eb Menaxhim n\u00eb Turiz\u00ebm, Hotelieri dhe Mjedis (2022-2025) n\u00eb UHZ \u2013 program trevje\u00e7ar me specializime n\u00eb Turiz\u00ebm, Hotelieri dhe Mjedis, duke p\u00ebrfshir\u00eb kurikulum baz\u00eb dhe profesionale.","robots":{"index":"index","follow":"follow","max-snippet":"max-snippet:-1","max-image-preview":"max-image-preview:large","max-video-preview":"max-video-preview:-1"},"canonical":"https:\/\/unhz.eu\/fmthm\/en\/programet-mthm\/menaxhment-ne-turizem-hotelieri-dhe-mjedis-2022-2025\/","og_locale":"en_US","og_type":"article","og_title":"MENAXHMENT N\u00cb TURIZ\u00cbM, HOTELIERI DHE MJEDIS \u2013 2022-2025","og_description":"Bachelor n\u00eb Menaxhim n\u00eb Turiz\u00ebm, Hotelieri dhe Mjedis (2022-2025) n\u00eb UHZ \u2013 program trevje\u00e7ar me specializime n\u00eb Turiz\u00ebm, Hotelieri dhe Mjedis, duke p\u00ebrfshir\u00eb kurikulum baz\u00eb dhe profesionale.","og_url":"https:\/\/unhz.eu\/fmthm\/en\/programet-mthm\/menaxhment-ne-turizem-hotelieri-dhe-mjedis-2022-2025\/","og_site_name":"Fakulteti i Menaxhimit n\u00eb Turiz\u00ebm, Hotelieri dhe Mjedis","article_modified_time":"2025-10-24T07:59:59+00:00","twitter_card":"summary_large_image","twitter_misc":{"Est. reading time":"3 minutes"},"schema":{"@context":"https:\/\/schema.org","@graph":[{"@type":"WebPage","@id":"https:\/\/unhz.eu\/fmthm\/programet-mthm\/menaxhment-ne-turizem-hotelieri-dhe-mjedis-2022-2025\/","url":"https:\/\/unhz.eu\/fmthm\/programet-mthm\/menaxhment-ne-turizem-hotelieri-dhe-mjedis-2022-2025\/","name":"Menaxhim n\u00eb Turiz\u00ebm, Hotelieri & Mjedis (2022-2025) \u2013 UHZ","isPartOf":{"@id":"https:\/\/unhz.eu\/fmthm\/#website"},"datePublished":"2025-01-17T09:42:30+00:00","dateModified":"2025-10-24T07:59:59+00:00","description":"Bachelor n\u00eb Menaxhim n\u00eb Turiz\u00ebm, Hotelieri dhe Mjedis (2022-2025) n\u00eb UHZ \u2013 program trevje\u00e7ar me specializime n\u00eb Turiz\u00ebm, Hotelieri dhe Mjedis, duke p\u00ebrfshir\u00eb kurikulum baz\u00eb dhe profesionale.","breadcrumb":{"@id":"https:\/\/unhz.eu\/fmthm\/programet-mthm\/menaxhment-ne-turizem-hotelieri-dhe-mjedis-2022-2025\/#breadcrumb"},"inLanguage":"en-US","potentialAction":[{"@type":"ReadAction","target":["https:\/\/unhz.eu\/fmthm\/programet-mthm\/menaxhment-ne-turizem-hotelieri-dhe-mjedis-2022-2025\/"]}]},{"@type":"BreadcrumbList","@id":"https:\/\/unhz.eu\/fmthm\/programet-mthm\/menaxhment-ne-turizem-hotelieri-dhe-mjedis-2022-2025\/#breadcrumb","itemListElement":[{"@type":"ListItem","position":1,"name":"Home","item":"https:\/\/unhz.eu\/fmthm\/"},{"@type":"ListItem","position":2,"name":"Programi Menaxhim n\u00eb Turiz\u00ebm Hotelieri dhe Mjedis","item":"https:\/\/unhz.eu\/fmthm\/programet-mthm\/"},{"@type":"ListItem","position":3,"name":"MENAXHMENT N\u00cb TURIZ\u00cbM, HOTELIERI DHE MJEDIS \u2013 2022-2025"}]},{"@type":"WebSite","@id":"https:\/\/unhz.eu\/fmthm\/#website","url":"https:\/\/unhz.eu\/fmthm\/","name":"Faculty of Tourism, Hospitality and Environmental Management","description":"Dedicated to standard quality and success","publisher":{"@id":"https:\/\/unhz.eu\/fmthm\/#organization"},"potentialAction":[{"@type":"SearchAction","target":{"@type":"EntryPoint","urlTemplate":"https:\/\/unhz.eu\/fmthm\/?s={search_term_string}"},"query-input":{"@type":"PropertyValueSpecification","valueRequired":true,"valueName":"search_term_string"}}],"inLanguage":"en-US"},{"@type":"Organization","@id":"https:\/\/unhz.eu\/fmthm\/#organization","name":"Faculty of Tourism, Hospitality and Environmental Management","url":"https:\/\/unhz.eu\/fmthm\/","logo":{"@type":"ImageObject","inLanguage":"en-US","@id":"https:\/\/unhz.eu\/fmthm\/#\/schema\/logo\/image\/","url":"https:\/\/unhz.eu\/fmthm\/wp-content\/uploads\/sites\/10\/2024\/02\/cropped-logo-1-1-e1713527702695.png","contentUrl":"https:\/\/unhz.eu\/fmthm\/wp-content\/uploads\/sites\/10\/2024\/02\/cropped-logo-1-1-e1713527702695.png","width":100,"height":100,"caption":"Fakulteti i Menaxhimit n\u00eb Turiz\u00ebm, Hotelieri dhe Mjedis"},"image":{"@id":"https:\/\/unhz.eu\/fmthm\/#\/schema\/logo\/image\/"}}]}},"_links":{"self":[{"href":"https:\/\/unhz.eu\/fmthm\/en\/wp-json\/wp\/v2\/pages\/48821","targetHints":{"allow":["GET"]}}],"collection":[{"href":"https:\/\/unhz.eu\/fmthm\/en\/wp-json\/wp\/v2\/pages"}],"about":[{"href":"https:\/\/unhz.eu\/fmthm\/en\/wp-json\/wp\/v2\/types\/page"}],"author":[{"embeddable":true,"href":"https:\/\/unhz.eu\/fmthm\/en\/wp-json\/wp\/v2\/users\/1"}],"replies":[{"embeddable":true,"href":"https:\/\/unhz.eu\/fmthm\/en\/wp-json\/wp\/v2\/comments?post=48821"}],"version-history":[{"count":1,"href":"https:\/\/unhz.eu\/fmthm\/en\/wp-json\/wp\/v2\/pages\/48821\/revisions"}],"predecessor-version":[{"id":49077,"href":"https:\/\/unhz.eu\/fmthm\/en\/wp-json\/wp\/v2\/pages\/48821\/revisions\/49077"}],"up":[{"embeddable":true,"href":"https:\/\/unhz.eu\/fmthm\/en\/wp-json\/wp\/v2\/pages\/48816"}],"wp:attachment":[{"href":"https:\/\/unhz.eu\/fmthm\/en\/wp-json\/wp\/v2\/media?parent=48821"}],"curies":[{"name":"wp","href":"https:\/\/api.w.org\/{rel}","templated":true}]}}