{"id":48816,"date":"2025-01-17T09:39:10","date_gmt":"2025-01-17T09:39:10","guid":{"rendered":"https:\/\/unhz.eu\/fmthm\/?page_id=48816"},"modified":"2025-05-16T11:47:25","modified_gmt":"2025-05-16T11:47:25","slug":"programet-mthm","status":"publish","type":"page","link":"https:\/\/unhz.eu\/fmthm\/en\/programet-mthm\/","title":{"rendered":"Tourism, Hospitality and Environmental Management Program"},"content":{"rendered":"<p><a href=\"https:\/\/unhz.eu\/fmthm\/en\/fmthm\/\">Faculty of Tourism, Hospitality and Environmental Management<\/a> at &quot;Haxhi Zeka&quot; University offers a unique three-year program for students who wish to become successful professionals in the fields of tourism, hospitality and environmental management.<\/p>\n\n\n\n<p><strong>Main goals of the program:<\/strong><\/p>\n\n\n\n<ul class=\"wp-block-list\">\n<li>Training of personnel for the tourism, hospitality and environmental sectors<\/li>\n\n\n\n<li>Education in line with international sustainable tourism standards<\/li>\n\n\n\n<li>Development of managerial and entrepreneurial skills<\/li>\n\n\n\n<li>Opportunities for professional internships and academic exchanges<\/li>\n<\/ul>\n\n\n\n<p>The program offers:<\/p>\n\n\n\n<ul class=\"wp-block-list\">\n<li>Selected courses with a focus on current industry developments<\/li>\n\n\n\n<li>Cooperation with tourist operators, hotels and environmental institutions<\/li>\n\n\n\n<li>Opportunities for employment and continuation of studies at the master&#039;s level<\/li>\n<\/ul>\n\n\n\n<p>\ud83d\udccd Location: <a href=\"https:\/\/unhz.eu\/fmthm\/en\/\">&quot;Haxhi Zeka&quot; University, Peja<\/a><\/p>\n\n\n\n<figure class=\"wp-block-embed is-type-video is-provider-youtube wp-block-embed-youtube wp-embed-aspect-16-9 wp-has-aspect-ratio\"><div class=\"wp-block-embed__wrapper\">\n<iframe loading=\"lazy\" title=\"Become a leader in the tourism, hospitality and environmental industries!\" width=\"1290\" height=\"726\" src=\"https:\/\/www.youtube.com\/embed\/rBvVwQbLHC4?feature=oembed\" frameborder=\"0\" allow=\"accelerometer; autoplay; clipboard-write; encrypted-media; gyroscope; picture-in-picture; web-share\" referrerpolicy=\"strict-origin-when-cross-origin\" allowfullscreen><\/iframe>\n<\/div><\/figure>\n\n\n\n<figure class=\"wp-block-embed is-type-wp-embed is-provider-fakulteti-i-menaxhimit-n-turiz-m-hotelieri-dhe-mjedis wp-block-embed-fakulteti-i-menaxhimit-n-turiz-m-hotelieri-dhe-mjedis\"><div class=\"wp-block-embed__wrapper\">\n<blockquote class=\"wp-embedded-content\" data-secret=\"xEi2wCL81v\"><a href=\"https:\/\/unhz.eu\/fmthm\/en\/menaxhment-ne-turizem-hotelieri-dhe-mjedis-2022-2025\/\">MANAGEMENT IN TOURISM, HOTEL AND ENVIRONMENT \u2013 2022-2025<\/a><\/blockquote><iframe loading=\"lazy\" class=\"wp-embedded-content\" sandbox=\"allow-scripts\" security=\"restricted\" style=\"position: absolute; visibility: hidden;\" title=\"\u201cMANAGEMENT IN TOURISM, HOTEL AND ENVIRONMENT \u2013 2022-2025\u201d \u2014 Faculty of Tourism, Hotel and Environmental Management\" src=\"https:\/\/unhz.eu\/fmthm\/menaxhment-ne-turizem-hotelieri-dhe-mjedis-2022-2025\/embed\/#?secret=ErLpGtuQEX#?secret=xEi2wCL81v\" data-secret=\"xEi2wCL81v\" width=\"600\" height=\"338\" frameborder=\"0\" marginwidth=\"0\" marginheight=\"0\" scrolling=\"no\"><\/iframe>\n<\/div><\/figure>\n\n\n\n<figure class=\"wp-block-embed is-type-wp-embed is-provider-fakulteti-i-menaxhimit-n-turiz-m-hotelieri-dhe-mjedis wp-block-embed-fakulteti-i-menaxhimit-n-turiz-m-hotelieri-dhe-mjedis\"><div class=\"wp-block-embed__wrapper\">\n<blockquote class=\"wp-embedded-content\" data-secret=\"1nzWpjaSCi\"><a href=\"https:\/\/unhz.eu\/fmthm\/en\/pasqyra-e-programit-menaxhimi-ne-turizem-hoteleri-dhe-mjedis-bachelor-2019-2022\/\">Program Overview, Tourism, Hospitality and Environmental Management Bachelor 2019-2022<\/a><\/blockquote><iframe loading=\"lazy\" class=\"wp-embedded-content\" sandbox=\"allow-scripts\" security=\"restricted\" style=\"position: absolute; visibility: hidden;\" title=\"\u201cProgram Overview, Tourism, Hospitality and Environmental Management Bachelor 2019-2022\u201d \u2014 Faculty of Tourism, Hospitality and Environmental Management\" src=\"https:\/\/unhz.eu\/fmthm\/pasqyra-e-programit-menaxhimi-ne-turizem-hoteleri-dhe-mjedis-bachelor-2019-2022\/embed\/#?secret=yTTLDe8EAb#?secret=1nzWpjaSCi\" data-secret=\"1nzWpjaSCi\" width=\"600\" height=\"338\" frameborder=\"0\" marginwidth=\"0\" marginheight=\"0\" scrolling=\"no\"><\/iframe>\n<\/div><\/figure>\n\n\n\n<p><\/p>","protected":false},"excerpt":{"rendered":"<p>Fakulteti i Menaxhimit n\u00eb Turiz\u00ebm, Hotelieri dhe Mjedis n\u00eb Universitetin \u201cHaxhi Zeka\u201d ofron nj\u00eb program&hellip;<\/p>","protected":false},"author":1,"featured_media":48881,"parent":0,"menu_order":0,"comment_status":"closed","ping_status":"closed","template":"","meta":{"footnotes":""},"class_list":["post-48816","page","type-page","status-publish","has-post-thumbnail","hentry"],"yoast_head":"<!-- This site is optimized with the Yoast SEO Premium plugin v27.2 (Yoast SEO v27.2) - https:\/\/yoast.com\/product\/yoast-seo-premium-wordpress\/ -->\n<title>Menaxhment n\u00eb Turiz\u00ebm, Hotelieri dhe Mjedis \u2013 UHZ<\/title>\n<meta name=\"description\" content=\"Studio Turiz\u00ebm, Hotelieri dhe Mjedis n\u00eb UHZ \u2013 program trevje\u00e7ar, praktika profesionale dhe mund\u00ebsi pun\u00ebsimi. Regjistrohu tani n\u00eb Pej\u00eb!\" \/>\n<meta name=\"robots\" content=\"index, follow, max-snippet:-1, max-image-preview:large, max-video-preview:-1\" \/>\n<link rel=\"canonical\" href=\"https:\/\/unhz.eu\/fmthm\/en\/programet-mthm\/\" \/>\n<meta property=\"og:locale\" content=\"en_US\" \/>\n<meta property=\"og:type\" content=\"article\" \/>\n<meta property=\"og:title\" content=\"Programi Menaxhim n\u00eb Turiz\u00ebm Hotelieri dhe Mjedis\" \/>\n<meta property=\"og:description\" content=\"Studio Turiz\u00ebm, Hotelieri dhe Mjedis n\u00eb UHZ \u2013 program trevje\u00e7ar, praktika profesionale dhe mund\u00ebsi pun\u00ebsimi. Regjistrohu tani n\u00eb Pej\u00eb!\" \/>\n<meta property=\"og:url\" content=\"https:\/\/unhz.eu\/fmthm\/en\/programet-mthm\/\" \/>\n<meta property=\"og:site_name\" content=\"Fakulteti i Menaxhimit n\u00eb Turiz\u00ebm, Hotelieri dhe Mjedis\" \/>\n<meta property=\"article:modified_time\" content=\"2025-05-16T11:47:25+00:00\" \/>\n<meta property=\"og:image\" content=\"https:\/\/unhz.eu\/fmthm\/wp-content\/uploads\/sites\/10\/2025\/01\/logo-1.png\" \/>\n\t<meta property=\"og:image:width\" content=\"512\" \/>\n\t<meta property=\"og:image:height\" content=\"512\" \/>\n\t<meta property=\"og:image:type\" content=\"image\/png\" \/>\n<meta name=\"twitter:card\" content=\"summary_large_image\" \/>\n<meta name=\"twitter:label1\" content=\"Est. reading time\" \/>\n\t<meta name=\"twitter:data1\" content=\"1 minute\" \/>\n<script type=\"application\/ld+json\" class=\"yoast-schema-graph\">{\"@context\":\"https:\/\/schema.org\",\"@graph\":[{\"@type\":\"WebPage\",\"@id\":\"https:\/\/unhz.eu\/fmthm\/programet-mthm\/\",\"url\":\"https:\/\/unhz.eu\/fmthm\/programet-mthm\/\",\"name\":\"Menaxhment n\u00eb Turiz\u00ebm, Hotelieri dhe Mjedis \u2013 UHZ\",\"isPartOf\":{\"@id\":\"https:\/\/unhz.eu\/fmthm\/#website\"},\"primaryImageOfPage\":{\"@id\":\"https:\/\/unhz.eu\/fmthm\/programet-mthm\/#primaryimage\"},\"image\":{\"@id\":\"https:\/\/unhz.eu\/fmthm\/programet-mthm\/#primaryimage\"},\"thumbnailUrl\":\"https:\/\/unhz.eu\/fmthm\/wp-content\/uploads\/sites\/10\/2025\/01\/logo-1.png\",\"datePublished\":\"2025-01-17T09:39:10+00:00\",\"dateModified\":\"2025-05-16T11:47:25+00:00\",\"description\":\"Studio Turiz\u00ebm, Hotelieri dhe Mjedis n\u00eb UHZ \u2013 program trevje\u00e7ar, praktika profesionale dhe mund\u00ebsi pun\u00ebsimi. Regjistrohu tani n\u00eb Pej\u00eb!\",\"breadcrumb\":{\"@id\":\"https:\/\/unhz.eu\/fmthm\/programet-mthm\/#breadcrumb\"},\"inLanguage\":\"en-US\",\"potentialAction\":[{\"@type\":\"ReadAction\",\"target\":[\"https:\/\/unhz.eu\/fmthm\/programet-mthm\/\"]}]},{\"@type\":\"ImageObject\",\"inLanguage\":\"en-US\",\"@id\":\"https:\/\/unhz.eu\/fmthm\/programet-mthm\/#primaryimage\",\"url\":\"https:\/\/unhz.eu\/fmthm\/wp-content\/uploads\/sites\/10\/2025\/01\/logo-1.png\",\"contentUrl\":\"https:\/\/unhz.eu\/fmthm\/wp-content\/uploads\/sites\/10\/2025\/01\/logo-1.png\",\"width\":512,\"height\":512},{\"@type\":\"BreadcrumbList\",\"@id\":\"https:\/\/unhz.eu\/fmthm\/programet-mthm\/#breadcrumb\",\"itemListElement\":[{\"@type\":\"ListItem\",\"position\":1,\"name\":\"Home\",\"item\":\"https:\/\/unhz.eu\/fmthm\/\"},{\"@type\":\"ListItem\",\"position\":2,\"name\":\"Programi Menaxhim n\u00eb Turiz\u00ebm Hotelieri dhe Mjedis\"}]},{\"@type\":\"WebSite\",\"@id\":\"https:\/\/unhz.eu\/fmthm\/#website\",\"url\":\"https:\/\/unhz.eu\/fmthm\/\",\"name\":\"Fakulteti i Menaxhimit n\u00eb Turiz\u00ebm, Hotelieri dhe Mjedis\",\"description\":\"I dedikuar p\u00ebr cil\u00ebsi standarde dhe suksese\",\"publisher\":{\"@id\":\"https:\/\/unhz.eu\/fmthm\/#organization\"},\"potentialAction\":[{\"@type\":\"SearchAction\",\"target\":{\"@type\":\"EntryPoint\",\"urlTemplate\":\"https:\/\/unhz.eu\/fmthm\/?s={search_term_string}\"},\"query-input\":{\"@type\":\"PropertyValueSpecification\",\"valueRequired\":true,\"valueName\":\"search_term_string\"}}],\"inLanguage\":\"en-US\"},{\"@type\":\"Organization\",\"@id\":\"https:\/\/unhz.eu\/fmthm\/#organization\",\"name\":\"Fakulteti i Menaxhimit n\u00eb Turiz\u00ebm, Hotelieri dhe Mjedis\",\"url\":\"https:\/\/unhz.eu\/fmthm\/\",\"logo\":{\"@type\":\"ImageObject\",\"inLanguage\":\"en-US\",\"@id\":\"https:\/\/unhz.eu\/fmthm\/#\/schema\/logo\/image\/\",\"url\":\"https:\/\/unhz.eu\/fmthm\/wp-content\/uploads\/sites\/10\/2024\/02\/cropped-logo-1-1-e1713527702695.png\",\"contentUrl\":\"https:\/\/unhz.eu\/fmthm\/wp-content\/uploads\/sites\/10\/2024\/02\/cropped-logo-1-1-e1713527702695.png\",\"width\":100,\"height\":100,\"caption\":\"Fakulteti i Menaxhimit n\u00eb Turiz\u00ebm, Hotelieri dhe Mjedis\"},\"image\":{\"@id\":\"https:\/\/unhz.eu\/fmthm\/#\/schema\/logo\/image\/\"}}]}<\/script>\n<!-- \/ Yoast SEO Premium plugin. -->","yoast_head_json":{"title":"Menaxhment n\u00eb Turiz\u00ebm, Hotelieri dhe Mjedis \u2013 UHZ","description":"Studio Turiz\u00ebm, Hotelieri dhe Mjedis n\u00eb UHZ \u2013 program trevje\u00e7ar, praktika profesionale dhe mund\u00ebsi pun\u00ebsimi. Regjistrohu tani n\u00eb Pej\u00eb!","robots":{"index":"index","follow":"follow","max-snippet":"max-snippet:-1","max-image-preview":"max-image-preview:large","max-video-preview":"max-video-preview:-1"},"canonical":"https:\/\/unhz.eu\/fmthm\/en\/programet-mthm\/","og_locale":"en_US","og_type":"article","og_title":"Programi Menaxhim n\u00eb Turiz\u00ebm Hotelieri dhe Mjedis","og_description":"Studio Turiz\u00ebm, Hotelieri dhe Mjedis n\u00eb UHZ \u2013 program trevje\u00e7ar, praktika profesionale dhe mund\u00ebsi pun\u00ebsimi. Regjistrohu tani n\u00eb Pej\u00eb!","og_url":"https:\/\/unhz.eu\/fmthm\/en\/programet-mthm\/","og_site_name":"Fakulteti i Menaxhimit n\u00eb Turiz\u00ebm, Hotelieri dhe Mjedis","article_modified_time":"2025-05-16T11:47:25+00:00","og_image":[{"width":512,"height":512,"url":"https:\/\/unhz.eu\/fmthm\/wp-content\/uploads\/sites\/10\/2025\/01\/logo-1.png","type":"image\/png"}],"twitter_card":"summary_large_image","twitter_misc":{"Est. reading time":"1 minute"},"schema":{"@context":"https:\/\/schema.org","@graph":[{"@type":"WebPage","@id":"https:\/\/unhz.eu\/fmthm\/programet-mthm\/","url":"https:\/\/unhz.eu\/fmthm\/programet-mthm\/","name":"Menaxhment n\u00eb Turiz\u00ebm, Hotelieri dhe Mjedis \u2013 UHZ","isPartOf":{"@id":"https:\/\/unhz.eu\/fmthm\/#website"},"primaryImageOfPage":{"@id":"https:\/\/unhz.eu\/fmthm\/programet-mthm\/#primaryimage"},"image":{"@id":"https:\/\/unhz.eu\/fmthm\/programet-mthm\/#primaryimage"},"thumbnailUrl":"https:\/\/unhz.eu\/fmthm\/wp-content\/uploads\/sites\/10\/2025\/01\/logo-1.png","datePublished":"2025-01-17T09:39:10+00:00","dateModified":"2025-05-16T11:47:25+00:00","description":"Studio Turiz\u00ebm, Hotelieri dhe Mjedis n\u00eb UHZ \u2013 program trevje\u00e7ar, praktika profesionale dhe mund\u00ebsi pun\u00ebsimi. Regjistrohu tani n\u00eb Pej\u00eb!","breadcrumb":{"@id":"https:\/\/unhz.eu\/fmthm\/programet-mthm\/#breadcrumb"},"inLanguage":"en-US","potentialAction":[{"@type":"ReadAction","target":["https:\/\/unhz.eu\/fmthm\/programet-mthm\/"]}]},{"@type":"ImageObject","inLanguage":"en-US","@id":"https:\/\/unhz.eu\/fmthm\/programet-mthm\/#primaryimage","url":"https:\/\/unhz.eu\/fmthm\/wp-content\/uploads\/sites\/10\/2025\/01\/logo-1.png","contentUrl":"https:\/\/unhz.eu\/fmthm\/wp-content\/uploads\/sites\/10\/2025\/01\/logo-1.png","width":512,"height":512},{"@type":"BreadcrumbList","@id":"https:\/\/unhz.eu\/fmthm\/programet-mthm\/#breadcrumb","itemListElement":[{"@type":"ListItem","position":1,"name":"Home","item":"https:\/\/unhz.eu\/fmthm\/"},{"@type":"ListItem","position":2,"name":"Programi Menaxhim n\u00eb Turiz\u00ebm Hotelieri dhe Mjedis"}]},{"@type":"WebSite","@id":"https:\/\/unhz.eu\/fmthm\/#website","url":"https:\/\/unhz.eu\/fmthm\/","name":"Faculty of Tourism, Hospitality and Environmental Management","description":"Dedicated to standard quality and success","publisher":{"@id":"https:\/\/unhz.eu\/fmthm\/#organization"},"potentialAction":[{"@type":"SearchAction","target":{"@type":"EntryPoint","urlTemplate":"https:\/\/unhz.eu\/fmthm\/?s={search_term_string}"},"query-input":{"@type":"PropertyValueSpecification","valueRequired":true,"valueName":"search_term_string"}}],"inLanguage":"en-US"},{"@type":"Organization","@id":"https:\/\/unhz.eu\/fmthm\/#organization","name":"Faculty of Tourism, Hospitality and Environmental Management","url":"https:\/\/unhz.eu\/fmthm\/","logo":{"@type":"ImageObject","inLanguage":"en-US","@id":"https:\/\/unhz.eu\/fmthm\/#\/schema\/logo\/image\/","url":"https:\/\/unhz.eu\/fmthm\/wp-content\/uploads\/sites\/10\/2024\/02\/cropped-logo-1-1-e1713527702695.png","contentUrl":"https:\/\/unhz.eu\/fmthm\/wp-content\/uploads\/sites\/10\/2024\/02\/cropped-logo-1-1-e1713527702695.png","width":100,"height":100,"caption":"Fakulteti i Menaxhimit n\u00eb Turiz\u00ebm, Hotelieri dhe Mjedis"},"image":{"@id":"https:\/\/unhz.eu\/fmthm\/#\/schema\/logo\/image\/"}}]}},"_links":{"self":[{"href":"https:\/\/unhz.eu\/fmthm\/en\/wp-json\/wp\/v2\/pages\/48816","targetHints":{"allow":["GET"]}}],"collection":[{"href":"https:\/\/unhz.eu\/fmthm\/en\/wp-json\/wp\/v2\/pages"}],"about":[{"href":"https:\/\/unhz.eu\/fmthm\/en\/wp-json\/wp\/v2\/types\/page"}],"author":[{"embeddable":true,"href":"https:\/\/unhz.eu\/fmthm\/en\/wp-json\/wp\/v2\/users\/1"}],"replies":[{"embeddable":true,"href":"https:\/\/unhz.eu\/fmthm\/en\/wp-json\/wp\/v2\/comments?post=48816"}],"version-history":[{"count":3,"href":"https:\/\/unhz.eu\/fmthm\/en\/wp-json\/wp\/v2\/pages\/48816\/revisions"}],"predecessor-version":[{"id":49009,"href":"https:\/\/unhz.eu\/fmthm\/en\/wp-json\/wp\/v2\/pages\/48816\/revisions\/49009"}],"wp:featuredmedia":[{"embeddable":true,"href":"https:\/\/unhz.eu\/fmthm\/en\/wp-json\/wp\/v2\/media\/48881"}],"wp:attachment":[{"href":"https:\/\/unhz.eu\/fmthm\/en\/wp-json\/wp\/v2\/media?parent=48816"}],"curies":[{"name":"wp","href":"https:\/\/api.w.org\/{rel}","templated":true}]}}