{"id":22754,"date":"2024-05-02T06:46:54","date_gmt":"2024-05-02T06:46:54","guid":{"rendered":"https:\/\/unhz.eu\/fmthm\/?page_id=22754"},"modified":"2026-01-29T15:08:43","modified_gmt":"2026-01-29T14:08:43","slug":"galeria","status":"publish","type":"page","link":"https:\/\/unhz.eu\/fmthm\/en\/galeria\/","title":{"rendered":"GaLeria"},"content":{"rendered":"<p>Galeria e FMTHM \u2013 aktivitete dhe foto studenti<\/p>","protected":false},"excerpt":{"rendered":"<p>Galeria e FMTHM \u2013 aktivitete dhe foto studenti<\/p>","protected":false},"author":1,"featured_media":0,"parent":0,"menu_order":0,"comment_status":"closed","ping_status":"closed","template":"","meta":{"footnotes":""},"class_list":["post-22754","page","type-page","status-publish","hentry"],"yoast_head":"<!-- This site is optimized with the Yoast SEO Premium plugin v27.2 (Yoast SEO v27.2) - https:\/\/yoast.com\/product\/yoast-seo-premium-wordpress\/ -->\n<title>Galeria e FMTHM \u2013 Foto &amp; video t\u00eb eventeve | UNHZ<\/title>\n<meta name=\"description\" content=\"Shfleto galerin\u00eb e Fakultetit t\u00eb Menaxhimit n\u00eb Turiz\u00ebm, Hotelieri dhe Mjedis (FMTHM) \u2013 foto dhe video nga aktivitete akademike, evente studentore dhe ngjarje zyrtare te Universiteti \u201cHaxhi Zeka\u201d.\" \/>\n<meta name=\"robots\" content=\"index, follow, max-snippet:-1, max-image-preview:large, max-video-preview:-1\" \/>\n<link rel=\"canonical\" href=\"https:\/\/unhz.eu\/fmthm\/en\/galeria\/\" \/>\n<meta property=\"og:locale\" content=\"en_US\" \/>\n<meta property=\"og:type\" content=\"article\" \/>\n<meta property=\"og:title\" content=\"GaLeria\" \/>\n<meta property=\"og:description\" content=\"Shfleto galerin\u00eb e Fakultetit t\u00eb Menaxhimit n\u00eb Turiz\u00ebm, Hotelieri dhe Mjedis (FMTHM) \u2013 foto dhe video nga aktivitete akademike, evente studentore dhe ngjarje zyrtare te Universiteti \u201cHaxhi Zeka\u201d.\" \/>\n<meta property=\"og:url\" content=\"https:\/\/unhz.eu\/fmthm\/en\/galeria\/\" \/>\n<meta property=\"og:site_name\" content=\"Fakulteti i Menaxhimit n\u00eb Turiz\u00ebm, Hotelieri dhe Mjedis\" \/>\n<meta property=\"article:modified_time\" content=\"2026-01-29T14:08:43+00:00\" \/>\n<meta name=\"twitter:card\" content=\"summary_large_image\" \/>\n<script type=\"application\/ld+json\" class=\"yoast-schema-graph\">{\"@context\":\"https:\/\/schema.org\",\"@graph\":[{\"@type\":\"WebPage\",\"@id\":\"https:\/\/unhz.eu\/fmthm\/galeria\/\",\"url\":\"https:\/\/unhz.eu\/fmthm\/galeria\/\",\"name\":\"Galeria e FMTHM \u2013 Foto & video t\u00eb eventeve | UNHZ\",\"isPartOf\":{\"@id\":\"https:\/\/unhz.eu\/fmthm\/#website\"},\"datePublished\":\"2024-05-02T06:46:54+00:00\",\"dateModified\":\"2026-01-29T14:08:43+00:00\",\"description\":\"Shfleto galerin\u00eb e Fakultetit t\u00eb Menaxhimit n\u00eb Turiz\u00ebm, Hotelieri dhe Mjedis (FMTHM) \u2013 foto dhe video nga aktivitete akademike, evente studentore dhe ngjarje zyrtare te Universiteti \u201cHaxhi Zeka\u201d.\",\"breadcrumb\":{\"@id\":\"https:\/\/unhz.eu\/fmthm\/galeria\/#breadcrumb\"},\"inLanguage\":\"en-US\",\"potentialAction\":[{\"@type\":\"ReadAction\",\"target\":[\"https:\/\/unhz.eu\/fmthm\/galeria\/\"]}]},{\"@type\":\"BreadcrumbList\",\"@id\":\"https:\/\/unhz.eu\/fmthm\/galeria\/#breadcrumb\",\"itemListElement\":[{\"@type\":\"ListItem\",\"position\":1,\"name\":\"Home\",\"item\":\"https:\/\/unhz.eu\/fmthm\/\"},{\"@type\":\"ListItem\",\"position\":2,\"name\":\"GaLeria\"}]},{\"@type\":\"WebSite\",\"@id\":\"https:\/\/unhz.eu\/fmthm\/#website\",\"url\":\"https:\/\/unhz.eu\/fmthm\/\",\"name\":\"Fakulteti i Menaxhimit n\u00eb Turiz\u00ebm, Hotelieri dhe Mjedis\",\"description\":\"I dedikuar p\u00ebr cil\u00ebsi standarde dhe suksese\",\"publisher\":{\"@id\":\"https:\/\/unhz.eu\/fmthm\/#organization\"},\"potentialAction\":[{\"@type\":\"SearchAction\",\"target\":{\"@type\":\"EntryPoint\",\"urlTemplate\":\"https:\/\/unhz.eu\/fmthm\/?s={search_term_string}\"},\"query-input\":{\"@type\":\"PropertyValueSpecification\",\"valueRequired\":true,\"valueName\":\"search_term_string\"}}],\"inLanguage\":\"en-US\"},{\"@type\":\"Organization\",\"@id\":\"https:\/\/unhz.eu\/fmthm\/#organization\",\"name\":\"Fakulteti i Menaxhimit n\u00eb Turiz\u00ebm, Hotelieri dhe Mjedis\",\"url\":\"https:\/\/unhz.eu\/fmthm\/\",\"logo\":{\"@type\":\"ImageObject\",\"inLanguage\":\"en-US\",\"@id\":\"https:\/\/unhz.eu\/fmthm\/#\/schema\/logo\/image\/\",\"url\":\"https:\/\/unhz.eu\/fmthm\/wp-content\/uploads\/sites\/10\/2024\/02\/cropped-logo-1-1-e1713527702695.png\",\"contentUrl\":\"https:\/\/unhz.eu\/fmthm\/wp-content\/uploads\/sites\/10\/2024\/02\/cropped-logo-1-1-e1713527702695.png\",\"width\":100,\"height\":100,\"caption\":\"Fakulteti i Menaxhimit n\u00eb Turiz\u00ebm, Hotelieri dhe Mjedis\"},\"image\":{\"@id\":\"https:\/\/unhz.eu\/fmthm\/#\/schema\/logo\/image\/\"}}]}<\/script>\n<!-- \/ Yoast SEO Premium plugin. -->","yoast_head_json":{"title":"Galeria e FMTHM \u2013 Foto & video t\u00eb eventeve | UNHZ","description":"Shfleto galerin\u00eb e Fakultetit t\u00eb Menaxhimit n\u00eb Turiz\u00ebm, Hotelieri dhe Mjedis (FMTHM) \u2013 foto dhe video nga aktivitete akademike, evente studentore dhe ngjarje zyrtare te Universiteti \u201cHaxhi Zeka\u201d.","robots":{"index":"index","follow":"follow","max-snippet":"max-snippet:-1","max-image-preview":"max-image-preview:large","max-video-preview":"max-video-preview:-1"},"canonical":"https:\/\/unhz.eu\/fmthm\/en\/galeria\/","og_locale":"en_US","og_type":"article","og_title":"GaLeria","og_description":"Shfleto galerin\u00eb e Fakultetit t\u00eb Menaxhimit n\u00eb Turiz\u00ebm, Hotelieri dhe Mjedis (FMTHM) \u2013 foto dhe video nga aktivitete akademike, evente studentore dhe ngjarje zyrtare te Universiteti \u201cHaxhi Zeka\u201d.","og_url":"https:\/\/unhz.eu\/fmthm\/en\/galeria\/","og_site_name":"Fakulteti i Menaxhimit n\u00eb Turiz\u00ebm, Hotelieri dhe Mjedis","article_modified_time":"2026-01-29T14:08:43+00:00","twitter_card":"summary_large_image","schema":{"@context":"https:\/\/schema.org","@graph":[{"@type":"WebPage","@id":"https:\/\/unhz.eu\/fmthm\/galeria\/","url":"https:\/\/unhz.eu\/fmthm\/galeria\/","name":"Galeria e FMTHM \u2013 Foto & video t\u00eb eventeve | UNHZ","isPartOf":{"@id":"https:\/\/unhz.eu\/fmthm\/#website"},"datePublished":"2024-05-02T06:46:54+00:00","dateModified":"2026-01-29T14:08:43+00:00","description":"Shfleto galerin\u00eb e Fakultetit t\u00eb Menaxhimit n\u00eb Turiz\u00ebm, Hotelieri dhe Mjedis (FMTHM) \u2013 foto dhe video nga aktivitete akademike, evente studentore dhe ngjarje zyrtare te Universiteti \u201cHaxhi Zeka\u201d.","breadcrumb":{"@id":"https:\/\/unhz.eu\/fmthm\/galeria\/#breadcrumb"},"inLanguage":"en-US","potentialAction":[{"@type":"ReadAction","target":["https:\/\/unhz.eu\/fmthm\/galeria\/"]}]},{"@type":"BreadcrumbList","@id":"https:\/\/unhz.eu\/fmthm\/galeria\/#breadcrumb","itemListElement":[{"@type":"ListItem","position":1,"name":"Home","item":"https:\/\/unhz.eu\/fmthm\/"},{"@type":"ListItem","position":2,"name":"GaLeria"}]},{"@type":"WebSite","@id":"https:\/\/unhz.eu\/fmthm\/#website","url":"https:\/\/unhz.eu\/fmthm\/","name":"Faculty of Tourism, Hospitality and Environmental Management","description":"Dedicated to standard quality and success","publisher":{"@id":"https:\/\/unhz.eu\/fmthm\/#organization"},"potentialAction":[{"@type":"SearchAction","target":{"@type":"EntryPoint","urlTemplate":"https:\/\/unhz.eu\/fmthm\/?s={search_term_string}"},"query-input":{"@type":"PropertyValueSpecification","valueRequired":true,"valueName":"search_term_string"}}],"inLanguage":"en-US"},{"@type":"Organization","@id":"https:\/\/unhz.eu\/fmthm\/#organization","name":"Faculty of Tourism, Hospitality and Environmental Management","url":"https:\/\/unhz.eu\/fmthm\/","logo":{"@type":"ImageObject","inLanguage":"en-US","@id":"https:\/\/unhz.eu\/fmthm\/#\/schema\/logo\/image\/","url":"https:\/\/unhz.eu\/fmthm\/wp-content\/uploads\/sites\/10\/2024\/02\/cropped-logo-1-1-e1713527702695.png","contentUrl":"https:\/\/unhz.eu\/fmthm\/wp-content\/uploads\/sites\/10\/2024\/02\/cropped-logo-1-1-e1713527702695.png","width":100,"height":100,"caption":"Fakulteti i Menaxhimit n\u00eb Turiz\u00ebm, Hotelieri dhe Mjedis"},"image":{"@id":"https:\/\/unhz.eu\/fmthm\/#\/schema\/logo\/image\/"}}]}},"_links":{"self":[{"href":"https:\/\/unhz.eu\/fmthm\/en\/wp-json\/wp\/v2\/pages\/22754","targetHints":{"allow":["GET"]}}],"collection":[{"href":"https:\/\/unhz.eu\/fmthm\/en\/wp-json\/wp\/v2\/pages"}],"about":[{"href":"https:\/\/unhz.eu\/fmthm\/en\/wp-json\/wp\/v2\/types\/page"}],"author":[{"embeddable":true,"href":"https:\/\/unhz.eu\/fmthm\/en\/wp-json\/wp\/v2\/users\/1"}],"replies":[{"embeddable":true,"href":"https:\/\/unhz.eu\/fmthm\/en\/wp-json\/wp\/v2\/comments?post=22754"}],"version-history":[{"count":2,"href":"https:\/\/unhz.eu\/fmthm\/en\/wp-json\/wp\/v2\/pages\/22754\/revisions"}],"predecessor-version":[{"id":49923,"href":"https:\/\/unhz.eu\/fmthm\/en\/wp-json\/wp\/v2\/pages\/22754\/revisions\/49923"}],"wp:attachment":[{"href":"https:\/\/unhz.eu\/fmthm\/en\/wp-json\/wp\/v2\/media?parent=22754"}],"curies":[{"name":"wp","href":"https:\/\/api.w.org\/{rel}","templated":true}]}}