{"id":22555,"date":"2024-04-30T11:36:09","date_gmt":"2024-04-30T11:36:09","guid":{"rendered":"https:\/\/unhz.eu\/fmthm\/?page_id=22555"},"modified":"2026-01-29T13:10:11","modified_gmt":"2026-01-29T12:10:11","slug":"dokumente","status":"publish","type":"page","link":"https:\/\/unhz.eu\/fmthm\/en\/dokumente\/","title":{"rendered":"Dokumente"},"content":{"rendered":"<div data-elementor-type=\"wp-page\" data-elementor-id=\"22555\" class=\"elementor elementor-22555\" data-elementor-post-type=\"page\">\n\t\t\t\t\t\t<section class=\"elementor-section elementor-top-section elementor-element elementor-element-f89e452 elementor-section-boxed elementor-section-height-default elementor-section-height-default sc_fly_static\" data-id=\"f89e452\" data-element_type=\"section\" data-e-type=\"section\">\n\t\t\t\t\t\t<div class=\"elementor-container elementor-column-gap-extended\">\n\t\t\t\t\t<div class=\"elementor-column elementor-col-100 elementor-top-column elementor-element elementor-element-765399e sc_content_align_inherit sc_layouts_column_icons_position_left sc_fly_static\" data-id=\"765399e\" data-element_type=\"column\" data-e-type=\"column\">\n\t\t\t<div class=\"elementor-widget-wrap elementor-element-populated\">\n\t\t\t\t\t\t<div class=\"elementor-element elementor-element-df77dfd sc_fly_static elementor-widget elementor-widget-trx_sc_title\" data-id=\"df77dfd\" data-element_type=\"widget\" data-e-type=\"widget\" data-widget_type=\"trx_sc_title.default\">\n\t\t\t\t<div class=\"elementor-widget-container\">\n\t\t\t\t\t<div\t\tclass=\"sc_title sc_title_default\" ><span class=\"sc_item_subtitle sc_title_subtitle sc_item_subtitle_above sc_item_title_style_default\">AROUND<\/span><h4 class=\"sc_item_title sc_title_title sc_item_title_style_default sc_item_title_tag\"\n\t\t\t><span class=\"sc_item_title_text\">documents<\/span><\/h4><\/div>\t\t\t\t<\/div>\n\t\t\t\t<\/div>\n\t\t\t\t<div class=\"elementor-element elementor-element-27597f7 sc_fly_static elementor-widget elementor-widget-spacer\" data-id=\"27597f7\" data-element_type=\"widget\" data-e-type=\"widget\" data-widget_type=\"spacer.default\">\n\t\t\t\t<div class=\"elementor-widget-container\">\n\t\t\t\t\t\t\t<div class=\"elementor-spacer\">\n\t\t\t<div class=\"elementor-spacer-inner\"><\/div>\n\t\t<\/div>\n\t\t\t\t\t\t<\/div>\n\t\t\t\t<\/div>\n\t\t\t\t\t<\/div>\n\t\t<\/div>\n\t\t\t\t\t<\/div>\n\t\t<\/section>\n\t\t\t\t<section class=\"elementor-section elementor-top-section elementor-element elementor-element-a7b1ef5 elementor-section-boxed elementor-section-height-default elementor-section-height-default sc_fly_static\" data-id=\"a7b1ef5\" data-element_type=\"section\" data-e-type=\"section\">\n\t\t\t\t\t\t<div class=\"elementor-container elementor-column-gap-extended\">\n\t\t\t\t\t<div class=\"elementor-column elementor-col-100 elementor-top-column elementor-element elementor-element-5d1d3f1 sc_content_align_inherit sc_layouts_column_icons_position_left sc_fly_static\" data-id=\"5d1d3f1\" data-element_type=\"column\" data-e-type=\"column\">\n\t\t\t<div class=\"elementor-widget-wrap elementor-element-populated\">\n\t\t\t\t\t\t<div class=\"elementor-element elementor-element-2963616 sc_fly_static elementor-widget elementor-widget-trx_widget_custom_links\" data-id=\"2963616\" data-element_type=\"widget\" data-e-type=\"widget\" data-widget_type=\"trx_widget_custom_links.default\">\n\t\t\t\t<div class=\"elementor-widget-container\">\n\t\t\t\t\t<div class=\"widget_area sc_widget_custom_links\"><aside class=\"widget widget_custom_links\"><ul class=\"custom_links_list\"><li class=\"custom_links_list_item with_icon\"><a class=\"custom_links_list_item_link\" href=\"https:\/\/unhz.eu\/fmthm\/wp-content\/uploads\/sites\/10\/2024\/04\/Plani_2023-2026.pdf\" target=\"_blank\" style=\"color:var(--e-global-color-982e71a) !important;\"><span\t\t\t\t\t\t\tclass=\"custom_links_list_item_icon sc_icon_type_icons icon-file-pdf\"\n\t\t\t\t\t\t><\/span><span class=\"custom_links_list_item_title\">Strategic Plan 2023-2026<\/span><\/a><\/li><li class=\"custom_links_list_item with_icon\"><a class=\"custom_links_list_item_link\" href=\"https:\/\/unhz.eu\/fmthm\/wp-content\/uploads\/sites\/10\/2024\/04\/UNIVERSITETI-HAXHI-ZEKA.pdf\" target=\"_blank\" style=\"color:var(--e-global-color-982e71a) !important;\"><span\t\t\t\t\t\t\tclass=\"custom_links_list_item_icon sc_icon_type_icons icon-file-pdf\"\n\t\t\t\t\t\t><\/span><span class=\"custom_links_list_item_title\">Strategic Plan 2022-2024<\/span><\/a><\/li><li class=\"custom_links_list_item with_icon\"><a class=\"custom_links_list_item_link\" href=\"https:\/\/unhz.eu\/fmthm\/wp-content\/uploads\/sites\/10\/2024\/04\/Udherrefyes-Turistik-2.pdf\" target=\"_blank\" style=\"color:var(--e-global-color-982e71a) !important;\"><span\t\t\t\t\t\t\tclass=\"custom_links_list_item_icon sc_icon_type_icons icon-file-pdf\"\n\t\t\t\t\t\t><\/span><span class=\"custom_links_list_item_title\">Tourist Guide<\/span><\/a><\/li><li class=\"custom_links_list_item with_icon\"><a class=\"custom_links_list_item_link\" href=\"https:\/\/unhz.eu\/fmthm\/wp-content\/uploads\/sites\/10\/2024\/04\/Analysis_of_student_demands.pdf\" target=\"_blank\" style=\"color:var(--e-global-color-982e71a) !important;\"><span\t\t\t\t\t\t\tclass=\"custom_links_list_item_icon sc_icon_type_icons icon-file-pdf\"\n\t\t\t\t\t\t><\/span><span class=\"custom_links_list_item_title\">Analysis of student demands and the needs of stakeholders for programs in the field of tourism<\/span><\/a><\/li><li class=\"custom_links_list_item with_icon\"><a class=\"custom_links_list_item_link\" href=\"https:\/\/unhz.eu\/fmthm\/wp-content\/uploads\/sites\/10\/2024\/04\/Analiza_e_kerkesave_te_studenteve.pdf\" target=\"_blank\" style=\"color:var(--e-global-color-982e71a) !important;\"><span\t\t\t\t\t\t\tclass=\"custom_links_list_item_icon sc_icon_type_icons icon-file-pdf\"\n\t\t\t\t\t\t><\/span><span class=\"custom_links_list_item_title\">Analysis of student demands and stakeholder needs for programs in the field of tourism<\/span><\/a><\/li><li class=\"custom_links_list_item with_icon\"><a class=\"custom_links_list_item_link\" href=\"https:\/\/unhz.eu\/fmthm\/wp-content\/uploads\/sites\/10\/2024\/04\/Feasibility_report.pdf\" target=\"_blank\" style=\"color:var(--e-global-color-982e71a) !important;\"><span\t\t\t\t\t\t\tclass=\"custom_links_list_item_icon sc_icon_type_icons icon-file-pdf\"\n\t\t\t\t\t\t><\/span><span class=\"custom_links_list_item_title\">Feasibility report of the Management and Sustainable Tourism program_Msc<\/span><\/a><\/li><li class=\"custom_links_list_item with_icon\"><a class=\"custom_links_list_item_link\" href=\"https:\/\/unhz.eu\/fmthm\/wp-content\/uploads\/sites\/10\/2024\/04\/Raport_arsyeshmerie.pdf\" target=\"_blank\" style=\"color:var(--e-global-color-982e71a) !important;\"><span\t\t\t\t\t\t\tclass=\"custom_links_list_item_icon sc_icon_type_icons icon-file-pdf\"\n\t\t\t\t\t\t><\/span><span class=\"custom_links_list_item_title\">Feasibility report on the Sustainable Tourism and Management program_Msc<\/span><\/a><\/li><li class=\"custom_links_list_item with_icon\"><a class=\"custom_links_list_item_link\" href=\"https:\/\/drive.google.com\/file\/d\/11H-rMosu3d8NLdFbe1P_6cD7pKZ2BaJi\/view\" target=\"_blank\" style=\"color:var(--e-global-color-982e71a) !important;\"><span\t\t\t\t\t\t\tclass=\"custom_links_list_item_icon sc_icon_type_icons icon-file-pdf\"\n\t\t\t\t\t\t><\/span><span class=\"custom_links_list_item_title\">Number of students enrolled and graduated<\/span><\/a><\/li><li class=\"custom_links_list_item with_icon\"><a class=\"custom_links_list_item_link\" href=\"https:\/\/drive.google.com\/file\/d\/1Ijif2TVGQ2PTVTTSCq2Ys4xi2Fe7UJCp\/view\" target=\"_blank\" style=\"color:var(--e-global-color-982e71a) !important;\"><span\t\t\t\t\t\t\tclass=\"custom_links_list_item_icon sc_icon_type_icons icon-file-pdf\"\n\t\t\t\t\t\t><\/span><span class=\"custom_links_list_item_title\">Student questionnaire report for academic staff<\/span><\/a><\/li><li class=\"custom_links_list_item with_icon\"><a class=\"custom_links_list_item_link\" href=\"https:\/\/drive.google.com\/file\/d\/1wu4fhnAzo7RhVJi93vnD4FIh4-yVDzou\/view\" target=\"_blank\" style=\"color:var(--e-global-color-982e71a) !important;\"><span\t\t\t\t\t\t\tclass=\"custom_links_list_item_icon sc_icon_type_icons icon-file-pdf\"\n\t\t\t\t\t\t><\/span><span class=\"custom_links_list_item_title\">DECISIONS<\/span><\/a><\/li><\/ul><\/aside><\/div>\t\t\t\t<\/div>\n\t\t\t\t<\/div>\n\t\t\t\t\t<\/div>\n\t\t<\/div>\n\t\t\t\t\t<\/div>\n\t\t<\/section>\n\t\t\t\t<\/div>","protected":false},"excerpt":{"rendered":"<p>rRETH Dokumenteve Plani Strategjik 2023-2026 Plani Strategjik 2022-2024 Udh\u00ebzues Turisitik Analysis of student demands and&hellip;<\/p>","protected":false},"author":1,"featured_media":0,"parent":0,"menu_order":0,"comment_status":"closed","ping_status":"closed","template":"","meta":{"footnotes":""},"class_list":["post-22555","page","type-page","status-publish","hentry"],"yoast_head":"<!-- This site is optimized with the Yoast SEO Premium plugin v27.2 (Yoast SEO v27.2) - https:\/\/yoast.com\/product\/yoast-seo-premium-wordpress\/ -->\n<title>Dokumente t\u00eb FMTHM | Plan strategjik, raporte &amp; analiza \u2013 UNHZ<\/title>\n<meta name=\"description\" content=\"Dokumente t\u00eb Fakultetit t\u00eb Menaxhimit n\u00eb Turiz\u00ebm, Hotelieri dhe Mjedis (FMTHM) \u2013 plane strategjike 2022\u20112026, udh\u00ebzues turistik, raporte t\u00eb k\u00ebrkimeve dhe analiza p\u00ebr student\u00eb e pal\u00eb t\u00eb interesuara.\" \/>\n<meta name=\"robots\" content=\"index, follow, max-snippet:-1, max-image-preview:large, max-video-preview:-1\" \/>\n<link rel=\"canonical\" href=\"https:\/\/unhz.eu\/fmthm\/en\/dokumente\/\" \/>\n<meta property=\"og:locale\" content=\"en_US\" \/>\n<meta property=\"og:type\" content=\"article\" \/>\n<meta property=\"og:title\" content=\"Dokumente\" \/>\n<meta property=\"og:description\" content=\"Dokumente t\u00eb Fakultetit t\u00eb Menaxhimit n\u00eb Turiz\u00ebm, Hotelieri dhe Mjedis (FMTHM) \u2013 plane strategjike 2022\u20112026, udh\u00ebzues turistik, raporte t\u00eb k\u00ebrkimeve dhe analiza p\u00ebr student\u00eb e pal\u00eb t\u00eb interesuara.\" \/>\n<meta property=\"og:url\" content=\"https:\/\/unhz.eu\/fmthm\/en\/dokumente\/\" \/>\n<meta property=\"og:site_name\" content=\"Fakulteti i Menaxhimit n\u00eb Turiz\u00ebm, Hotelieri dhe Mjedis\" \/>\n<meta property=\"article:modified_time\" content=\"2026-01-29T12:10:11+00:00\" \/>\n<meta name=\"twitter:card\" content=\"summary_large_image\" \/>\n<meta name=\"twitter:label1\" content=\"Est. reading time\" \/>\n\t<meta name=\"twitter:data1\" content=\"1 minute\" \/>\n<script type=\"application\/ld+json\" class=\"yoast-schema-graph\">{\"@context\":\"https:\/\/schema.org\",\"@graph\":[{\"@type\":\"WebPage\",\"@id\":\"https:\/\/unhz.eu\/fmthm\/dokumente\/\",\"url\":\"https:\/\/unhz.eu\/fmthm\/dokumente\/\",\"name\":\"Dokumente t\u00eb FMTHM | Plan strategjik, raporte & analiza \u2013 UNHZ\",\"isPartOf\":{\"@id\":\"https:\/\/unhz.eu\/fmthm\/#website\"},\"datePublished\":\"2024-04-30T11:36:09+00:00\",\"dateModified\":\"2026-01-29T12:10:11+00:00\",\"description\":\"Dokumente t\u00eb Fakultetit t\u00eb Menaxhimit n\u00eb Turiz\u00ebm, Hotelieri dhe Mjedis (FMTHM) \u2013 plane strategjike 2022\u20112026, udh\u00ebzues turistik, raporte t\u00eb k\u00ebrkimeve dhe analiza p\u00ebr student\u00eb e pal\u00eb t\u00eb interesuara.\",\"breadcrumb\":{\"@id\":\"https:\/\/unhz.eu\/fmthm\/dokumente\/#breadcrumb\"},\"inLanguage\":\"en-US\",\"potentialAction\":[{\"@type\":\"ReadAction\",\"target\":[\"https:\/\/unhz.eu\/fmthm\/dokumente\/\"]}]},{\"@type\":\"BreadcrumbList\",\"@id\":\"https:\/\/unhz.eu\/fmthm\/dokumente\/#breadcrumb\",\"itemListElement\":[{\"@type\":\"ListItem\",\"position\":1,\"name\":\"Home\",\"item\":\"https:\/\/unhz.eu\/fmthm\/\"},{\"@type\":\"ListItem\",\"position\":2,\"name\":\"Dokumente\"}]},{\"@type\":\"WebSite\",\"@id\":\"https:\/\/unhz.eu\/fmthm\/#website\",\"url\":\"https:\/\/unhz.eu\/fmthm\/\",\"name\":\"Fakulteti i Menaxhimit n\u00eb Turiz\u00ebm, Hotelieri dhe Mjedis\",\"description\":\"I dedikuar p\u00ebr cil\u00ebsi standarde dhe suksese\",\"publisher\":{\"@id\":\"https:\/\/unhz.eu\/fmthm\/#organization\"},\"potentialAction\":[{\"@type\":\"SearchAction\",\"target\":{\"@type\":\"EntryPoint\",\"urlTemplate\":\"https:\/\/unhz.eu\/fmthm\/?s={search_term_string}\"},\"query-input\":{\"@type\":\"PropertyValueSpecification\",\"valueRequired\":true,\"valueName\":\"search_term_string\"}}],\"inLanguage\":\"en-US\"},{\"@type\":\"Organization\",\"@id\":\"https:\/\/unhz.eu\/fmthm\/#organization\",\"name\":\"Fakulteti i Menaxhimit n\u00eb Turiz\u00ebm, Hotelieri dhe Mjedis\",\"url\":\"https:\/\/unhz.eu\/fmthm\/\",\"logo\":{\"@type\":\"ImageObject\",\"inLanguage\":\"en-US\",\"@id\":\"https:\/\/unhz.eu\/fmthm\/#\/schema\/logo\/image\/\",\"url\":\"https:\/\/unhz.eu\/fmthm\/wp-content\/uploads\/sites\/10\/2024\/02\/cropped-logo-1-1-e1713527702695.png\",\"contentUrl\":\"https:\/\/unhz.eu\/fmthm\/wp-content\/uploads\/sites\/10\/2024\/02\/cropped-logo-1-1-e1713527702695.png\",\"width\":100,\"height\":100,\"caption\":\"Fakulteti i Menaxhimit n\u00eb Turiz\u00ebm, Hotelieri dhe Mjedis\"},\"image\":{\"@id\":\"https:\/\/unhz.eu\/fmthm\/#\/schema\/logo\/image\/\"}}]}<\/script>\n<!-- \/ Yoast SEO Premium plugin. -->","yoast_head_json":{"title":"Dokumente t\u00eb FMTHM | Plan strategjik, raporte & analiza \u2013 UNHZ","description":"Dokumente t\u00eb Fakultetit t\u00eb Menaxhimit n\u00eb Turiz\u00ebm, Hotelieri dhe Mjedis (FMTHM) \u2013 plane strategjike 2022\u20112026, udh\u00ebzues turistik, raporte t\u00eb k\u00ebrkimeve dhe analiza p\u00ebr student\u00eb e pal\u00eb t\u00eb interesuara.","robots":{"index":"index","follow":"follow","max-snippet":"max-snippet:-1","max-image-preview":"max-image-preview:large","max-video-preview":"max-video-preview:-1"},"canonical":"https:\/\/unhz.eu\/fmthm\/en\/dokumente\/","og_locale":"en_US","og_type":"article","og_title":"Dokumente","og_description":"Dokumente t\u00eb Fakultetit t\u00eb Menaxhimit n\u00eb Turiz\u00ebm, Hotelieri dhe Mjedis (FMTHM) \u2013 plane strategjike 2022\u20112026, udh\u00ebzues turistik, raporte t\u00eb k\u00ebrkimeve dhe analiza p\u00ebr student\u00eb e pal\u00eb t\u00eb interesuara.","og_url":"https:\/\/unhz.eu\/fmthm\/en\/dokumente\/","og_site_name":"Fakulteti i Menaxhimit n\u00eb Turiz\u00ebm, Hotelieri dhe Mjedis","article_modified_time":"2026-01-29T12:10:11+00:00","twitter_card":"summary_large_image","twitter_misc":{"Est. reading time":"1 minute"},"schema":{"@context":"https:\/\/schema.org","@graph":[{"@type":"WebPage","@id":"https:\/\/unhz.eu\/fmthm\/dokumente\/","url":"https:\/\/unhz.eu\/fmthm\/dokumente\/","name":"Dokumente t\u00eb FMTHM | Plan strategjik, raporte & analiza \u2013 UNHZ","isPartOf":{"@id":"https:\/\/unhz.eu\/fmthm\/#website"},"datePublished":"2024-04-30T11:36:09+00:00","dateModified":"2026-01-29T12:10:11+00:00","description":"Dokumente t\u00eb Fakultetit t\u00eb Menaxhimit n\u00eb Turiz\u00ebm, Hotelieri dhe Mjedis (FMTHM) \u2013 plane strategjike 2022\u20112026, udh\u00ebzues turistik, raporte t\u00eb k\u00ebrkimeve dhe analiza p\u00ebr student\u00eb e pal\u00eb t\u00eb interesuara.","breadcrumb":{"@id":"https:\/\/unhz.eu\/fmthm\/dokumente\/#breadcrumb"},"inLanguage":"en-US","potentialAction":[{"@type":"ReadAction","target":["https:\/\/unhz.eu\/fmthm\/dokumente\/"]}]},{"@type":"BreadcrumbList","@id":"https:\/\/unhz.eu\/fmthm\/dokumente\/#breadcrumb","itemListElement":[{"@type":"ListItem","position":1,"name":"Home","item":"https:\/\/unhz.eu\/fmthm\/"},{"@type":"ListItem","position":2,"name":"Dokumente"}]},{"@type":"WebSite","@id":"https:\/\/unhz.eu\/fmthm\/#website","url":"https:\/\/unhz.eu\/fmthm\/","name":"Faculty of Tourism, Hospitality and Environmental Management","description":"Dedicated to standard quality and success","publisher":{"@id":"https:\/\/unhz.eu\/fmthm\/#organization"},"potentialAction":[{"@type":"SearchAction","target":{"@type":"EntryPoint","urlTemplate":"https:\/\/unhz.eu\/fmthm\/?s={search_term_string}"},"query-input":{"@type":"PropertyValueSpecification","valueRequired":true,"valueName":"search_term_string"}}],"inLanguage":"en-US"},{"@type":"Organization","@id":"https:\/\/unhz.eu\/fmthm\/#organization","name":"Faculty of Tourism, Hospitality and Environmental Management","url":"https:\/\/unhz.eu\/fmthm\/","logo":{"@type":"ImageObject","inLanguage":"en-US","@id":"https:\/\/unhz.eu\/fmthm\/#\/schema\/logo\/image\/","url":"https:\/\/unhz.eu\/fmthm\/wp-content\/uploads\/sites\/10\/2024\/02\/cropped-logo-1-1-e1713527702695.png","contentUrl":"https:\/\/unhz.eu\/fmthm\/wp-content\/uploads\/sites\/10\/2024\/02\/cropped-logo-1-1-e1713527702695.png","width":100,"height":100,"caption":"Fakulteti i Menaxhimit n\u00eb Turiz\u00ebm, Hotelieri dhe Mjedis"},"image":{"@id":"https:\/\/unhz.eu\/fmthm\/#\/schema\/logo\/image\/"}}]}},"_links":{"self":[{"href":"https:\/\/unhz.eu\/fmthm\/en\/wp-json\/wp\/v2\/pages\/22555","targetHints":{"allow":["GET"]}}],"collection":[{"href":"https:\/\/unhz.eu\/fmthm\/en\/wp-json\/wp\/v2\/pages"}],"about":[{"href":"https:\/\/unhz.eu\/fmthm\/en\/wp-json\/wp\/v2\/types\/page"}],"author":[{"embeddable":true,"href":"https:\/\/unhz.eu\/fmthm\/en\/wp-json\/wp\/v2\/users\/1"}],"replies":[{"embeddable":true,"href":"https:\/\/unhz.eu\/fmthm\/en\/wp-json\/wp\/v2\/comments?post=22555"}],"version-history":[{"count":1,"href":"https:\/\/unhz.eu\/fmthm\/en\/wp-json\/wp\/v2\/pages\/22555\/revisions"}],"predecessor-version":[{"id":49895,"href":"https:\/\/unhz.eu\/fmthm\/en\/wp-json\/wp\/v2\/pages\/22555\/revisions\/49895"}],"wp:attachment":[{"href":"https:\/\/unhz.eu\/fmthm\/en\/wp-json\/wp\/v2\/media?parent=22555"}],"curies":[{"name":"wp","href":"https:\/\/api.w.org\/{rel}","templated":true}]}}