{"id":22402,"date":"2024-04-25T13:27:01","date_gmt":"2024-04-25T13:27:01","guid":{"rendered":"https:\/\/unhz.eu\/fmthm\/?page_id=22402"},"modified":"2026-01-29T13:16:29","modified_gmt":"2026-01-29T12:16:29","slug":"manuali-per-punen-praktike","status":"publish","type":"page","link":"https:\/\/unhz.eu\/fmthm\/en\/manuali-per-punen-praktike\/","title":{"rendered":"Practical Work Manual"},"content":{"rendered":"<div data-elementor-type=\"wp-page\" data-elementor-id=\"22402\" class=\"elementor elementor-22402\" data-elementor-post-type=\"page\">\n\t\t\t\t\t\t<section class=\"elementor-section elementor-top-section elementor-element elementor-element-46c0561f elementor-section-boxed elementor-section-height-default elementor-section-height-default sc_fly_static\" data-id=\"46c0561f\" data-element_type=\"section\" data-e-type=\"section\">\n\t\t\t\t\t\t<div class=\"elementor-container elementor-column-gap-extended\">\n\t\t\t\t\t<div class=\"elementor-column elementor-col-100 elementor-top-column elementor-element elementor-element-1d9fcf01 sc_content_align_inherit sc_layouts_column_icons_position_left sc_fly_static\" data-id=\"1d9fcf01\" data-element_type=\"column\" data-e-type=\"column\">\n\t\t\t<div class=\"elementor-widget-wrap elementor-element-populated\">\n\t\t\t\t\t\t<div class=\"elementor-element elementor-element-aa8bffd sc_height_small sc_fly_static elementor-widget elementor-widget-spacer\" data-id=\"aa8bffd\" data-element_type=\"widget\" data-e-type=\"widget\" data-widget_type=\"spacer.default\">\n\t\t\t\t<div class=\"elementor-widget-container\">\n\t\t\t\t\t\t\t<div class=\"elementor-spacer\">\n\t\t\t<div class=\"elementor-spacer-inner\"><\/div>\n\t\t<\/div>\n\t\t\t\t\t\t<\/div>\n\t\t\t\t<\/div>\n\t\t\t\t<div class=\"elementor-element elementor-element-2aec1463 sc_fly_static elementor-widget elementor-widget-text-editor\" data-id=\"2aec1463\" data-element_type=\"widget\" data-e-type=\"widget\" data-widget_type=\"text-editor.default\">\n\t\t\t\t<div class=\"elementor-widget-container\">\n\t\t\t\t\t\t\t\t\t\n<p>This manual has been prepared to serve students of the &quot;Haxhi Zeka&quot; University in Peja, and enterprises that are interested in offering practical work to students of this institution.<\/p>\n\n<p>The Internship Manual will serve as a guide to guide the work of the Career Guidance and Counseling Center and inform students about the criteria and steps to follow to benefit from internships. It will also serve as an information resource for companies that are interested in participating in the internship program and contributing to their community by training the new workforce with the skills needed to enter the labor market.<\/p>\n\n<p>The manual includes the responsibilities of the internship coordinator or the Career Development Center within the University, the responsibilities of the student, and the responsibilities of the enterprise; the basic rules and main stages of internship; and the necessary forms for internship.<\/p>\n\n<p>The manual is a dynamic document that may change depending on the needs of the faculties at the University level, and the requirements of enterprises that may emerge during the implementation period of the internship program.<\/p>\n\n<p><a href=\"https:\/\/drive.google.com\/file\/d\/0B1c9UkiZAV3ZNEhIeEVNYjhFVjA\/view?usp=sharing\">Practical work manual\u00a0<\/a><\/p>\n\n<p><a href=\"https:\/\/drive.google.com\/file\/d\/0B1c9UkiZAV3Za2V0OGxVWEs5T00\/view?usp=sharing\" target=\"_blank\" rel=\"noopener\">Annex 1 Internship announcement<\/a><\/p>\n\n<p><a href=\"https:\/\/drive.google.com\/file\/d\/0B1c9UkiZAV3ZVHg5Y0hxX1NyS00\/view?usp=sharing\">Appendix 2 Job description for the intern from the company<\/a><\/p>\n\n<p><a href=\"https:\/\/drive.google.com\/file\/d\/0B1c9UkiZAV3ZNHpCQTFXdWw3aW8\/view?usp=sharing\">Appendix 3 Application for the internship program for 2014<\/a><\/p>\n\n<p><a href=\"https:\/\/drive.google.com\/file\/d\/0B1c9UkiZAV3ZcllOSmpYb0oxbEk\/view?usp=sharing\">Appendix 4 CV<\/a><\/p>\n\n<p><a href=\"https:\/\/drive.google.com\/file\/d\/0B1c9UkiZAV3ZVFFic2tQOW0wZDQ\/view?usp=sharing\">Annex 5 Cooperation agreement between the institution and the enterprise<\/a><\/p>\n\n<p><a href=\"https:\/\/drive.google.com\/file\/d\/0B1c9UkiZAV3ZejZ3Ung3SWpxNWc\/view?usp=sharing\">Annex 6 Agreement between the internship coordinator - student - enterprise<\/a><\/p>\n\n<p><a href=\"https:\/\/drive.google.com\/file\/d\/0B1c9UkiZAV3ZVmZ0QXRXSVZwMDA\/view?usp=sharing\">Appendix 7 Guide for students during practical work<\/a><\/p>\n\n<p><a href=\"https:\/\/drive.google.com\/file\/d\/0B1c9UkiZAV3ZRnZkeHFsdFRkcjA\/view?usp=sharing\">Appendix 8 Work diary for the intern<\/a><\/p>\n\n<p><a href=\"https:\/\/drive.google.com\/file\/d\/0B1c9UkiZAV3ZS25lX2dsd2pob2M\/view?usp=sharing\">Appendix 9 Forms for the evaluation of the intern by the internship coordinator at UHZ<\/a><\/p>\n\n<p><a href=\"https:\/\/drive.google.com\/file\/d\/0B1c9UkiZAV3ZSWJmaTNzUG52Nkk\/view?usp=sharing\">Appendix 10 Forms for the evaluation of the internship program by the intern<\/a><\/p>\n\n<p><a href=\"https:\/\/drive.google.com\/file\/d\/0B1c9UkiZAV3ZZzJqU01OcFdjRGc\/view?usp=sharing\" target=\"_blank\" rel=\"noopener\">Annex 11 Forms for the evaluation of the internship program by the enterprise<\/a><\/p>\n\n<p><a href=\"https:\/\/drive.google.com\/file\/d\/0B1c9UkiZAV3ZdTYzZkU4TExxZzg\/view?usp=sharing\">Appendix 12 Internship report for students<\/a><\/p>\n\n<p><a href=\"https:\/\/drive.google.com\/file\/d\/0B1c9UkiZAV3ZV3FpRUNXeHVlWFE\/view?usp=sharing\">Appendix 13 Forms for student employment status in the first year of studies<\/a><\/p>\n\n<p><a href=\"https:\/\/drive.google.com\/file\/d\/0B1c9UkiZAV3ZczR2U0NMOU56bUk\/view?usp=sharing\">Appendix 14 Forms for student employment status at the end of the internship<\/a><\/p>\n\t\t\t\t\t\t\t\t<\/div>\n\t\t\t\t<\/div>\n\t\t\t\t\t<\/div>\n\t\t<\/div>\n\t\t\t\t\t<\/div>\n\t\t<\/section>\n\t\t\t\t<\/div>","protected":false},"excerpt":{"rendered":"<p>Ky manual \u00ebsht\u00eb p\u00ebrgatitur p\u00ebr t\u2019ju sh\u00ebrbyer student\u00ebve t\u00eb Universitetit \u201cHaxhi Zeka\u201d n\u00eb Pej\u00eb, dhe&hellip;<\/p>","protected":false},"author":1,"featured_media":0,"parent":0,"menu_order":0,"comment_status":"closed","ping_status":"closed","template":"","meta":{"footnotes":""},"class_list":["post-22402","page","type-page","status-publish","hentry"],"yoast_head":"<!-- This site is optimized with the Yoast SEO Premium plugin v27.2 (Yoast SEO v27.2) - https:\/\/yoast.com\/product\/yoast-seo-premium-wordpress\/ -->\n<title>Manuali p\u00ebr pun\u00ebn praktike | FMTHM \u2013 Universiteti Haxhi Zeka<\/title>\n<meta name=\"description\" content=\"Manuali p\u00ebr pun\u00ebn praktike n\u00eb FMTHM \u2013 udh\u00ebzues p\u00ebr student\u00eb, koordinator\u00eb dhe nd\u00ebrmarrje p\u00ebr hapat, p\u00ebrgjegj\u00ebsit\u00eb dhe formular\u00ebt e programit t\u00eb praktik\u00ebs profesionale.\" \/>\n<meta name=\"robots\" content=\"index, follow, max-snippet:-1, max-image-preview:large, max-video-preview:-1\" \/>\n<link rel=\"canonical\" href=\"https:\/\/unhz.eu\/fmthm\/en\/manuali-per-punen-praktike\/\" \/>\n<meta property=\"og:locale\" content=\"en_US\" \/>\n<meta property=\"og:type\" content=\"article\" \/>\n<meta property=\"og:title\" content=\"Manuali p\u00ebr Pun\u00ebn Praktike\" \/>\n<meta property=\"og:description\" content=\"Manuali p\u00ebr pun\u00ebn praktike n\u00eb FMTHM \u2013 udh\u00ebzues p\u00ebr student\u00eb, koordinator\u00eb dhe nd\u00ebrmarrje p\u00ebr hapat, p\u00ebrgjegj\u00ebsit\u00eb dhe formular\u00ebt e programit t\u00eb praktik\u00ebs profesionale.\" \/>\n<meta property=\"og:url\" content=\"https:\/\/unhz.eu\/fmthm\/en\/manuali-per-punen-praktike\/\" \/>\n<meta property=\"og:site_name\" content=\"Fakulteti i Menaxhimit n\u00eb Turiz\u00ebm, Hotelieri dhe Mjedis\" \/>\n<meta property=\"article:modified_time\" content=\"2026-01-29T12:16:29+00:00\" \/>\n<meta name=\"twitter:card\" content=\"summary_large_image\" \/>\n<meta name=\"twitter:label1\" content=\"Est. reading time\" \/>\n\t<meta name=\"twitter:data1\" content=\"2 minutes\" \/>\n<script type=\"application\/ld+json\" class=\"yoast-schema-graph\">{\"@context\":\"https:\/\/schema.org\",\"@graph\":[{\"@type\":\"WebPage\",\"@id\":\"https:\/\/unhz.eu\/fmthm\/manuali-per-punen-praktike\/\",\"url\":\"https:\/\/unhz.eu\/fmthm\/manuali-per-punen-praktike\/\",\"name\":\"Manuali p\u00ebr pun\u00ebn praktike | FMTHM \u2013 Universiteti Haxhi Zeka\",\"isPartOf\":{\"@id\":\"https:\/\/unhz.eu\/fmthm\/#website\"},\"datePublished\":\"2024-04-25T13:27:01+00:00\",\"dateModified\":\"2026-01-29T12:16:29+00:00\",\"description\":\"Manuali p\u00ebr pun\u00ebn praktike n\u00eb FMTHM \u2013 udh\u00ebzues p\u00ebr student\u00eb, koordinator\u00eb dhe nd\u00ebrmarrje p\u00ebr hapat, p\u00ebrgjegj\u00ebsit\u00eb dhe formular\u00ebt e programit t\u00eb praktik\u00ebs profesionale.\",\"breadcrumb\":{\"@id\":\"https:\/\/unhz.eu\/fmthm\/manuali-per-punen-praktike\/#breadcrumb\"},\"inLanguage\":\"en-US\",\"potentialAction\":[{\"@type\":\"ReadAction\",\"target\":[\"https:\/\/unhz.eu\/fmthm\/manuali-per-punen-praktike\/\"]}]},{\"@type\":\"BreadcrumbList\",\"@id\":\"https:\/\/unhz.eu\/fmthm\/manuali-per-punen-praktike\/#breadcrumb\",\"itemListElement\":[{\"@type\":\"ListItem\",\"position\":1,\"name\":\"Home\",\"item\":\"https:\/\/unhz.eu\/fmthm\/\"},{\"@type\":\"ListItem\",\"position\":2,\"name\":\"Manuali p\u00ebr Pun\u00ebn Praktike\"}]},{\"@type\":\"WebSite\",\"@id\":\"https:\/\/unhz.eu\/fmthm\/#website\",\"url\":\"https:\/\/unhz.eu\/fmthm\/\",\"name\":\"Fakulteti i Menaxhimit n\u00eb Turiz\u00ebm, Hotelieri dhe Mjedis\",\"description\":\"I dedikuar p\u00ebr cil\u00ebsi standarde dhe suksese\",\"publisher\":{\"@id\":\"https:\/\/unhz.eu\/fmthm\/#organization\"},\"potentialAction\":[{\"@type\":\"SearchAction\",\"target\":{\"@type\":\"EntryPoint\",\"urlTemplate\":\"https:\/\/unhz.eu\/fmthm\/?s={search_term_string}\"},\"query-input\":{\"@type\":\"PropertyValueSpecification\",\"valueRequired\":true,\"valueName\":\"search_term_string\"}}],\"inLanguage\":\"en-US\"},{\"@type\":\"Organization\",\"@id\":\"https:\/\/unhz.eu\/fmthm\/#organization\",\"name\":\"Fakulteti i Menaxhimit n\u00eb Turiz\u00ebm, Hotelieri dhe Mjedis\",\"url\":\"https:\/\/unhz.eu\/fmthm\/\",\"logo\":{\"@type\":\"ImageObject\",\"inLanguage\":\"en-US\",\"@id\":\"https:\/\/unhz.eu\/fmthm\/#\/schema\/logo\/image\/\",\"url\":\"https:\/\/unhz.eu\/fmthm\/wp-content\/uploads\/sites\/10\/2024\/02\/cropped-logo-1-1-e1713527702695.png\",\"contentUrl\":\"https:\/\/unhz.eu\/fmthm\/wp-content\/uploads\/sites\/10\/2024\/02\/cropped-logo-1-1-e1713527702695.png\",\"width\":100,\"height\":100,\"caption\":\"Fakulteti i Menaxhimit n\u00eb Turiz\u00ebm, Hotelieri dhe Mjedis\"},\"image\":{\"@id\":\"https:\/\/unhz.eu\/fmthm\/#\/schema\/logo\/image\/\"}}]}<\/script>\n<!-- \/ Yoast SEO Premium plugin. -->","yoast_head_json":{"title":"Manuali p\u00ebr pun\u00ebn praktike | FMTHM \u2013 Universiteti Haxhi Zeka","description":"Manuali p\u00ebr pun\u00ebn praktike n\u00eb FMTHM \u2013 udh\u00ebzues p\u00ebr student\u00eb, koordinator\u00eb dhe nd\u00ebrmarrje p\u00ebr hapat, p\u00ebrgjegj\u00ebsit\u00eb dhe formular\u00ebt e programit t\u00eb praktik\u00ebs profesionale.","robots":{"index":"index","follow":"follow","max-snippet":"max-snippet:-1","max-image-preview":"max-image-preview:large","max-video-preview":"max-video-preview:-1"},"canonical":"https:\/\/unhz.eu\/fmthm\/en\/manuali-per-punen-praktike\/","og_locale":"en_US","og_type":"article","og_title":"Manuali p\u00ebr Pun\u00ebn Praktike","og_description":"Manuali p\u00ebr pun\u00ebn praktike n\u00eb FMTHM \u2013 udh\u00ebzues p\u00ebr student\u00eb, koordinator\u00eb dhe nd\u00ebrmarrje p\u00ebr hapat, p\u00ebrgjegj\u00ebsit\u00eb dhe formular\u00ebt e programit t\u00eb praktik\u00ebs profesionale.","og_url":"https:\/\/unhz.eu\/fmthm\/en\/manuali-per-punen-praktike\/","og_site_name":"Fakulteti i Menaxhimit n\u00eb Turiz\u00ebm, Hotelieri dhe Mjedis","article_modified_time":"2026-01-29T12:16:29+00:00","twitter_card":"summary_large_image","twitter_misc":{"Est. reading time":"2 minutes"},"schema":{"@context":"https:\/\/schema.org","@graph":[{"@type":"WebPage","@id":"https:\/\/unhz.eu\/fmthm\/manuali-per-punen-praktike\/","url":"https:\/\/unhz.eu\/fmthm\/manuali-per-punen-praktike\/","name":"Manuali p\u00ebr pun\u00ebn praktike | FMTHM \u2013 Universiteti Haxhi Zeka","isPartOf":{"@id":"https:\/\/unhz.eu\/fmthm\/#website"},"datePublished":"2024-04-25T13:27:01+00:00","dateModified":"2026-01-29T12:16:29+00:00","description":"Manuali p\u00ebr pun\u00ebn praktike n\u00eb FMTHM \u2013 udh\u00ebzues p\u00ebr student\u00eb, koordinator\u00eb dhe nd\u00ebrmarrje p\u00ebr hapat, p\u00ebrgjegj\u00ebsit\u00eb dhe formular\u00ebt e programit t\u00eb praktik\u00ebs profesionale.","breadcrumb":{"@id":"https:\/\/unhz.eu\/fmthm\/manuali-per-punen-praktike\/#breadcrumb"},"inLanguage":"en-US","potentialAction":[{"@type":"ReadAction","target":["https:\/\/unhz.eu\/fmthm\/manuali-per-punen-praktike\/"]}]},{"@type":"BreadcrumbList","@id":"https:\/\/unhz.eu\/fmthm\/manuali-per-punen-praktike\/#breadcrumb","itemListElement":[{"@type":"ListItem","position":1,"name":"Home","item":"https:\/\/unhz.eu\/fmthm\/"},{"@type":"ListItem","position":2,"name":"Manuali p\u00ebr Pun\u00ebn Praktike"}]},{"@type":"WebSite","@id":"https:\/\/unhz.eu\/fmthm\/#website","url":"https:\/\/unhz.eu\/fmthm\/","name":"Faculty of Tourism, Hospitality and Environmental Management","description":"Dedicated to standard quality and success","publisher":{"@id":"https:\/\/unhz.eu\/fmthm\/#organization"},"potentialAction":[{"@type":"SearchAction","target":{"@type":"EntryPoint","urlTemplate":"https:\/\/unhz.eu\/fmthm\/?s={search_term_string}"},"query-input":{"@type":"PropertyValueSpecification","valueRequired":true,"valueName":"search_term_string"}}],"inLanguage":"en-US"},{"@type":"Organization","@id":"https:\/\/unhz.eu\/fmthm\/#organization","name":"Faculty of Tourism, Hospitality and Environmental Management","url":"https:\/\/unhz.eu\/fmthm\/","logo":{"@type":"ImageObject","inLanguage":"en-US","@id":"https:\/\/unhz.eu\/fmthm\/#\/schema\/logo\/image\/","url":"https:\/\/unhz.eu\/fmthm\/wp-content\/uploads\/sites\/10\/2024\/02\/cropped-logo-1-1-e1713527702695.png","contentUrl":"https:\/\/unhz.eu\/fmthm\/wp-content\/uploads\/sites\/10\/2024\/02\/cropped-logo-1-1-e1713527702695.png","width":100,"height":100,"caption":"Fakulteti i Menaxhimit n\u00eb Turiz\u00ebm, Hotelieri dhe Mjedis"},"image":{"@id":"https:\/\/unhz.eu\/fmthm\/#\/schema\/logo\/image\/"}}]}},"_links":{"self":[{"href":"https:\/\/unhz.eu\/fmthm\/en\/wp-json\/wp\/v2\/pages\/22402","targetHints":{"allow":["GET"]}}],"collection":[{"href":"https:\/\/unhz.eu\/fmthm\/en\/wp-json\/wp\/v2\/pages"}],"about":[{"href":"https:\/\/unhz.eu\/fmthm\/en\/wp-json\/wp\/v2\/types\/page"}],"author":[{"embeddable":true,"href":"https:\/\/unhz.eu\/fmthm\/en\/wp-json\/wp\/v2\/users\/1"}],"replies":[{"embeddable":true,"href":"https:\/\/unhz.eu\/fmthm\/en\/wp-json\/wp\/v2\/comments?post=22402"}],"version-history":[{"count":1,"href":"https:\/\/unhz.eu\/fmthm\/en\/wp-json\/wp\/v2\/pages\/22402\/revisions"}],"predecessor-version":[{"id":49901,"href":"https:\/\/unhz.eu\/fmthm\/en\/wp-json\/wp\/v2\/pages\/22402\/revisions\/49901"}],"wp:attachment":[{"href":"https:\/\/unhz.eu\/fmthm\/en\/wp-json\/wp\/v2\/media?parent=22402"}],"curies":[{"name":"wp","href":"https:\/\/api.w.org\/{rel}","templated":true}]}}