{"id":21366,"date":"2024-02-28T07:54:48","date_gmt":"2024-02-28T07:54:48","guid":{"rendered":"http:\/\/unhz.local\/fakulteti-i-biznesit\/?page_id=21366"},"modified":"2026-01-29T13:25:47","modified_gmt":"2026-01-29T12:25:47","slug":"akreditim","status":"publish","type":"page","link":"https:\/\/unhz.eu\/fmthm\/en\/akreditim\/","title":{"rendered":"Haxhi Zeka University in Peja is accredited for 5 years"},"content":{"rendered":"<div data-elementor-type=\"wp-page\" data-elementor-id=\"21366\" class=\"elementor elementor-21366\" data-elementor-post-type=\"page\">\n\t\t\t\t\t\t<section class=\"elementor-section elementor-top-section elementor-element elementor-element-ac142e6 elementor-section-boxed elementor-section-height-default elementor-section-height-default sc_fly_static\" data-id=\"ac142e6\" data-element_type=\"section\" data-e-type=\"section\">\n\t\t\t\t\t\t<div class=\"elementor-container elementor-column-gap-extended\">\n\t\t\t\t\t<div class=\"elementor-column elementor-col-100 elementor-top-column elementor-element elementor-element-3abc821 sc_content_align_inherit sc_layouts_column_icons_position_left sc_fly_static\" data-id=\"3abc821\" data-element_type=\"column\" data-e-type=\"column\">\n\t\t\t<div class=\"elementor-widget-wrap elementor-element-populated\">\n\t\t\t\t\t\t<div class=\"elementor-element elementor-element-0239465 sc_fly_static elementor-widget elementor-widget-heading\" data-id=\"0239465\" data-element_type=\"widget\" data-e-type=\"widget\" data-widget_type=\"heading.default\">\n\t\t\t\t<div class=\"elementor-widget-container\">\n\t\t\t\t\t<h3 class=\"elementor-heading-title elementor-size-default\">Haxhi Zeka University in Peja is accredited for 5 years\n<\/h3>\t\t\t\t<\/div>\n\t\t\t\t<\/div>\n\t\t\t\t\t<\/div>\n\t\t<\/div>\n\t\t\t\t\t<\/div>\n\t\t<\/section>\n\t\t\t\t<section class=\"elementor-section elementor-top-section elementor-element elementor-element-98b535f elementor-section-boxed elementor-section-height-default elementor-section-height-default sc_fly_static\" data-id=\"98b535f\" data-element_type=\"section\" data-e-type=\"section\">\n\t\t\t\t\t\t<div class=\"elementor-container elementor-column-gap-extended\">\n\t\t\t\t\t<div class=\"elementor-column elementor-col-100 elementor-top-column elementor-element elementor-element-73bc4f6e sc_content_align_inherit sc_layouts_column_icons_position_left sc_fly_static\" data-id=\"73bc4f6e\" data-element_type=\"column\" data-e-type=\"column\">\n\t\t\t<div class=\"elementor-widget-wrap elementor-element-populated\">\n\t\t\t\t\t\t<div class=\"elementor-element elementor-element-a21c6a4 sc_fly_static elementor-widget elementor-widget-spacer\" data-id=\"a21c6a4\" data-element_type=\"widget\" data-e-type=\"widget\" data-widget_type=\"spacer.default\">\n\t\t\t\t<div class=\"elementor-widget-container\">\n\t\t\t\t\t\t\t<div class=\"elementor-spacer\">\n\t\t\t<div class=\"elementor-spacer-inner\"><\/div>\n\t\t<\/div>\n\t\t\t\t\t\t<\/div>\n\t\t\t\t<\/div>\n\t\t\t\t<div class=\"elementor-element elementor-element-7c4b21c9 sc_fly_static elementor-widget elementor-widget-text-editor\" data-id=\"7c4b21c9\" data-element_type=\"widget\" data-e-type=\"widget\" data-widget_type=\"text-editor.default\">\n\t\t\t\t<div class=\"elementor-widget-container\">\n\t\t\t\t\t\t\t\t\t\n<p>Today, April 14, 2023,\u00a0<a href=\"https:\/\/unhz.eu\/fmthm\/en\/\" target=\"_blank\" rel=\"noreferrer noopener\">Haxhi Zeka University in Peja<\/a>\u00a0(UHZ) was accredited for the next 5 years.\u00a0<a href=\"https:\/\/akreditimi.rks-gov.net\/keshilli\/\" target=\"_blank\" rel=\"noreferrer noopener\">State Quality Council<\/a>\u00a0(KHC), following the proposal of the group of international experts, highly appreciated the fulfillment of the criteria and standards set by\u00a0<a href=\"https:\/\/akreditimi.rks-gov.net\/\" target=\"_blank\" rel=\"noreferrer noopener\">Kosovo Accreditation Agency<\/a>\u00a0(AKA). Thus, the KHC decided to grant 5-year institutional accreditation to Haxhi Zeka University. This is the highest rating that can be offered to higher education institutions in the country.\u00a0<\/p>\n\n<p>This significant day for UHZ brings more encouragement, motivation and optimism for the progress and success of the processes in our institution. The support of all parties was essential for achieving these goals. This includes: academic, administrative and student staff. Also, various national and international partners.<\/p>\n\n<p>The staff of Haxhi Zeka University has worked with dedication and courage during these two years, facing difficulties with confidence. This work was challenging, but essential to meet the conditions and standards of the Kosovo Accreditation Agency, guaranteeing legality and quality. This process is vital for the future of the institution, the economy and society. Especially, for the students who have trusted Haxhi Zeka University with the savings and sacrifices of their parents.\u00a0<\/p>\n\n<h3 class=\"wp-block-heading\">Rector&#039;s speech on the 5-year accreditation of UHZ<\/h3>\n\n<p>Rector, prof. dr.\u00a0<a href=\"https:\/\/unhz.eu\/fmthm\/en\/faculty\/prof-dr-armand-krasniqi\/\" target=\"_blank\" rel=\"noreferrer noopener\">Armand Krasniqi<\/a>, thanked everyone for their contribution and, among other things, in his preface emphasized:<\/p>\n\n<p>\u201c<em>There are many stories that can be told regarding the situation that has accompanied our institution until this moment. There are many shocking facts and figures that are a more than convincing reflection of the necessity of this radical reform. This reform that we have started together and will continue. We remain steadfast in our efforts to fulfill our vision and mission. Our goal is to contribute to the development of this social community. This is so that the diploma of \u201cHaxhi Zeka\u201d University today and in the future can make you proud at work and in life.<\/em>\u201d.<\/p>\n\n<p>We must never forget that\u00a0<strong>Education is the transmission of civilization.<\/strong>. And where better and more securely is this accomplished than in universities?<\/p>\n\n<p>Haxhi Zeka University will be even more committed to increasing quality. This is just one of the positive steps towards achieving its strategic objectives.<\/p>\n\t\t\t\t\t\t\t\t<\/div>\n\t\t\t\t<\/div>\n\t\t\t\t\t<\/div>\n\t\t<\/div>\n\t\t\t\t\t<\/div>\n\t\t<\/section>\n\t\t\t\t<\/div>","protected":false},"excerpt":{"rendered":"<p>Universiteti Haxhi Zeka n\u00eb Pej\u00eb akreditohet p\u00ebr 5 vite Sot, m\u00eb 14 Prill 2023,\u00a0Universiteti Haxhi&hellip;<\/p>","protected":false},"author":1,"featured_media":0,"parent":0,"menu_order":0,"comment_status":"closed","ping_status":"closed","template":"","meta":{"footnotes":""},"class_list":["post-21366","page","type-page","status-publish","hentry"],"yoast_head":"<!-- This site is optimized with the Yoast SEO Premium plugin v27.2 (Yoast SEO v27.2) - https:\/\/yoast.com\/product\/yoast-seo-premium-wordpress\/ -->\n<title>Universiteti Haxhi Zeka n\u00eb Pej\u00eb akreditohet p\u00ebr 5 vite - Fakulteti i Menaxhimit n\u00eb Turiz\u00ebm, Hotelieri dhe Mjedis<\/title>\n<meta name=\"description\" content=\"Informacione zyrtare p\u00ebr akreditimin e Fakultetit t\u00eb Menaxhimit n\u00eb Turiz\u00ebm, Hotelieri dhe Mjedis (FMTHM) n\u00eb Universitetin \u201cHaxhi Zeka\u201d \u2013 cil\u00ebsi dhe standarde akademike.\" \/>\n<meta name=\"robots\" content=\"index, follow, max-snippet:-1, max-image-preview:large, max-video-preview:-1\" \/>\n<link rel=\"canonical\" href=\"https:\/\/unhz.eu\/fmthm\/en\/akreditim\/\" \/>\n<meta property=\"og:locale\" content=\"en_US\" \/>\n<meta property=\"og:type\" content=\"article\" \/>\n<meta property=\"og:title\" content=\"Universiteti Haxhi Zeka n\u00eb Pej\u00eb akreditohet p\u00ebr 5 vite\" \/>\n<meta property=\"og:description\" content=\"Informacione zyrtare p\u00ebr akreditimin e Fakultetit t\u00eb Menaxhimit n\u00eb Turiz\u00ebm, Hotelieri dhe Mjedis (FMTHM) n\u00eb Universitetin \u201cHaxhi Zeka\u201d \u2013 cil\u00ebsi dhe standarde akademike.\" \/>\n<meta property=\"og:url\" content=\"https:\/\/unhz.eu\/fmthm\/en\/akreditim\/\" \/>\n<meta property=\"og:site_name\" content=\"Fakulteti i Menaxhimit n\u00eb Turiz\u00ebm, Hotelieri dhe Mjedis\" \/>\n<meta property=\"article:modified_time\" content=\"2026-01-29T12:25:47+00:00\" \/>\n<meta name=\"twitter:card\" content=\"summary_large_image\" \/>\n<meta name=\"twitter:label1\" content=\"Est. reading time\" \/>\n\t<meta name=\"twitter:data1\" content=\"3 minutes\" \/>\n<script type=\"application\/ld+json\" class=\"yoast-schema-graph\">{\"@context\":\"https:\/\/schema.org\",\"@graph\":[{\"@type\":\"WebPage\",\"@id\":\"https:\/\/unhz.eu\/fmthm\/akreditim\/\",\"url\":\"https:\/\/unhz.eu\/fmthm\/akreditim\/\",\"name\":\"Universiteti Haxhi Zeka n\u00eb Pej\u00eb akreditohet p\u00ebr 5 vite - Fakulteti i Menaxhimit n\u00eb Turiz\u00ebm, Hotelieri dhe Mjedis\",\"isPartOf\":{\"@id\":\"https:\/\/unhz.eu\/fmthm\/#website\"},\"datePublished\":\"2024-02-28T07:54:48+00:00\",\"dateModified\":\"2026-01-29T12:25:47+00:00\",\"description\":\"Informacione zyrtare p\u00ebr akreditimin e Fakultetit t\u00eb Menaxhimit n\u00eb Turiz\u00ebm, Hotelieri dhe Mjedis (FMTHM) n\u00eb Universitetin \u201cHaxhi Zeka\u201d \u2013 cil\u00ebsi dhe standarde akademike.\",\"breadcrumb\":{\"@id\":\"https:\/\/unhz.eu\/fmthm\/akreditim\/#breadcrumb\"},\"inLanguage\":\"en-US\",\"potentialAction\":[{\"@type\":\"ReadAction\",\"target\":[\"https:\/\/unhz.eu\/fmthm\/akreditim\/\"]}]},{\"@type\":\"BreadcrumbList\",\"@id\":\"https:\/\/unhz.eu\/fmthm\/akreditim\/#breadcrumb\",\"itemListElement\":[{\"@type\":\"ListItem\",\"position\":1,\"name\":\"Home\",\"item\":\"https:\/\/unhz.eu\/fmthm\/\"},{\"@type\":\"ListItem\",\"position\":2,\"name\":\"Universiteti Haxhi Zeka n\u00eb Pej\u00eb akreditohet p\u00ebr 5 vite\"}]},{\"@type\":\"WebSite\",\"@id\":\"https:\/\/unhz.eu\/fmthm\/#website\",\"url\":\"https:\/\/unhz.eu\/fmthm\/\",\"name\":\"Fakulteti i Menaxhimit n\u00eb Turiz\u00ebm, Hotelieri dhe Mjedis\",\"description\":\"I dedikuar p\u00ebr cil\u00ebsi standarde dhe suksese\",\"publisher\":{\"@id\":\"https:\/\/unhz.eu\/fmthm\/#organization\"},\"potentialAction\":[{\"@type\":\"SearchAction\",\"target\":{\"@type\":\"EntryPoint\",\"urlTemplate\":\"https:\/\/unhz.eu\/fmthm\/?s={search_term_string}\"},\"query-input\":{\"@type\":\"PropertyValueSpecification\",\"valueRequired\":true,\"valueName\":\"search_term_string\"}}],\"inLanguage\":\"en-US\"},{\"@type\":\"Organization\",\"@id\":\"https:\/\/unhz.eu\/fmthm\/#organization\",\"name\":\"Fakulteti i Menaxhimit n\u00eb Turiz\u00ebm, Hotelieri dhe Mjedis\",\"url\":\"https:\/\/unhz.eu\/fmthm\/\",\"logo\":{\"@type\":\"ImageObject\",\"inLanguage\":\"en-US\",\"@id\":\"https:\/\/unhz.eu\/fmthm\/#\/schema\/logo\/image\/\",\"url\":\"https:\/\/unhz.eu\/fmthm\/wp-content\/uploads\/sites\/10\/2024\/02\/cropped-logo-1-1-e1713527702695.png\",\"contentUrl\":\"https:\/\/unhz.eu\/fmthm\/wp-content\/uploads\/sites\/10\/2024\/02\/cropped-logo-1-1-e1713527702695.png\",\"width\":100,\"height\":100,\"caption\":\"Fakulteti i Menaxhimit n\u00eb Turiz\u00ebm, Hotelieri dhe Mjedis\"},\"image\":{\"@id\":\"https:\/\/unhz.eu\/fmthm\/#\/schema\/logo\/image\/\"}}]}<\/script>\n<!-- \/ Yoast SEO Premium plugin. -->","yoast_head_json":{"title":"Universiteti Haxhi Zeka n\u00eb Pej\u00eb akreditohet p\u00ebr 5 vite - Fakulteti i Menaxhimit n\u00eb Turiz\u00ebm, Hotelieri dhe Mjedis","description":"Informacione zyrtare p\u00ebr akreditimin e Fakultetit t\u00eb Menaxhimit n\u00eb Turiz\u00ebm, Hotelieri dhe Mjedis (FMTHM) n\u00eb Universitetin \u201cHaxhi Zeka\u201d \u2013 cil\u00ebsi dhe standarde akademike.","robots":{"index":"index","follow":"follow","max-snippet":"max-snippet:-1","max-image-preview":"max-image-preview:large","max-video-preview":"max-video-preview:-1"},"canonical":"https:\/\/unhz.eu\/fmthm\/en\/akreditim\/","og_locale":"en_US","og_type":"article","og_title":"Universiteti Haxhi Zeka n\u00eb Pej\u00eb akreditohet p\u00ebr 5 vite","og_description":"Informacione zyrtare p\u00ebr akreditimin e Fakultetit t\u00eb Menaxhimit n\u00eb Turiz\u00ebm, Hotelieri dhe Mjedis (FMTHM) n\u00eb Universitetin \u201cHaxhi Zeka\u201d \u2013 cil\u00ebsi dhe standarde akademike.","og_url":"https:\/\/unhz.eu\/fmthm\/en\/akreditim\/","og_site_name":"Fakulteti i Menaxhimit n\u00eb Turiz\u00ebm, Hotelieri dhe Mjedis","article_modified_time":"2026-01-29T12:25:47+00:00","twitter_card":"summary_large_image","twitter_misc":{"Est. reading time":"3 minutes"},"schema":{"@context":"https:\/\/schema.org","@graph":[{"@type":"WebPage","@id":"https:\/\/unhz.eu\/fmthm\/akreditim\/","url":"https:\/\/unhz.eu\/fmthm\/akreditim\/","name":"Universiteti Haxhi Zeka n\u00eb Pej\u00eb akreditohet p\u00ebr 5 vite - Fakulteti i Menaxhimit n\u00eb Turiz\u00ebm, Hotelieri dhe Mjedis","isPartOf":{"@id":"https:\/\/unhz.eu\/fmthm\/#website"},"datePublished":"2024-02-28T07:54:48+00:00","dateModified":"2026-01-29T12:25:47+00:00","description":"Informacione zyrtare p\u00ebr akreditimin e Fakultetit t\u00eb Menaxhimit n\u00eb Turiz\u00ebm, Hotelieri dhe Mjedis (FMTHM) n\u00eb Universitetin \u201cHaxhi Zeka\u201d \u2013 cil\u00ebsi dhe standarde akademike.","breadcrumb":{"@id":"https:\/\/unhz.eu\/fmthm\/akreditim\/#breadcrumb"},"inLanguage":"en-US","potentialAction":[{"@type":"ReadAction","target":["https:\/\/unhz.eu\/fmthm\/akreditim\/"]}]},{"@type":"BreadcrumbList","@id":"https:\/\/unhz.eu\/fmthm\/akreditim\/#breadcrumb","itemListElement":[{"@type":"ListItem","position":1,"name":"Home","item":"https:\/\/unhz.eu\/fmthm\/"},{"@type":"ListItem","position":2,"name":"Universiteti Haxhi Zeka n\u00eb Pej\u00eb akreditohet p\u00ebr 5 vite"}]},{"@type":"WebSite","@id":"https:\/\/unhz.eu\/fmthm\/#website","url":"https:\/\/unhz.eu\/fmthm\/","name":"Faculty of Tourism, Hospitality and Environmental Management","description":"Dedicated to standard quality and success","publisher":{"@id":"https:\/\/unhz.eu\/fmthm\/#organization"},"potentialAction":[{"@type":"SearchAction","target":{"@type":"EntryPoint","urlTemplate":"https:\/\/unhz.eu\/fmthm\/?s={search_term_string}"},"query-input":{"@type":"PropertyValueSpecification","valueRequired":true,"valueName":"search_term_string"}}],"inLanguage":"en-US"},{"@type":"Organization","@id":"https:\/\/unhz.eu\/fmthm\/#organization","name":"Faculty of Tourism, Hospitality and Environmental Management","url":"https:\/\/unhz.eu\/fmthm\/","logo":{"@type":"ImageObject","inLanguage":"en-US","@id":"https:\/\/unhz.eu\/fmthm\/#\/schema\/logo\/image\/","url":"https:\/\/unhz.eu\/fmthm\/wp-content\/uploads\/sites\/10\/2024\/02\/cropped-logo-1-1-e1713527702695.png","contentUrl":"https:\/\/unhz.eu\/fmthm\/wp-content\/uploads\/sites\/10\/2024\/02\/cropped-logo-1-1-e1713527702695.png","width":100,"height":100,"caption":"Fakulteti i Menaxhimit n\u00eb Turiz\u00ebm, Hotelieri dhe Mjedis"},"image":{"@id":"https:\/\/unhz.eu\/fmthm\/#\/schema\/logo\/image\/"}}]}},"_links":{"self":[{"href":"https:\/\/unhz.eu\/fmthm\/en\/wp-json\/wp\/v2\/pages\/21366","targetHints":{"allow":["GET"]}}],"collection":[{"href":"https:\/\/unhz.eu\/fmthm\/en\/wp-json\/wp\/v2\/pages"}],"about":[{"href":"https:\/\/unhz.eu\/fmthm\/en\/wp-json\/wp\/v2\/types\/page"}],"author":[{"embeddable":true,"href":"https:\/\/unhz.eu\/fmthm\/en\/wp-json\/wp\/v2\/users\/1"}],"replies":[{"embeddable":true,"href":"https:\/\/unhz.eu\/fmthm\/en\/wp-json\/wp\/v2\/comments?post=21366"}],"version-history":[{"count":1,"href":"https:\/\/unhz.eu\/fmthm\/en\/wp-json\/wp\/v2\/pages\/21366\/revisions"}],"predecessor-version":[{"id":49904,"href":"https:\/\/unhz.eu\/fmthm\/en\/wp-json\/wp\/v2\/pages\/21366\/revisions\/49904"}],"wp:attachment":[{"href":"https:\/\/unhz.eu\/fmthm\/en\/wp-json\/wp\/v2\/media?parent=21366"}],"curies":[{"name":"wp","href":"https:\/\/api.w.org\/{rel}","templated":true}]}}