{"id":49564,"date":"2025-12-04T10:26:21","date_gmt":"2025-12-04T10:26:21","guid":{"rendered":"https:\/\/unhz.eu\/fmthm\/?page_id=49564"},"modified":"2025-12-04T10:26:22","modified_gmt":"2025-12-04T10:26:22","slug":"lista-e-studenteve-te-diplomuar-2024","status":"publish","type":"page","link":"https:\/\/unhz.eu\/fmthm\/bs\/lista-e-studenteve-te-diplomuar-2024\/","title":{"rendered":"Spisak diplomiranih studenata 2024."},"content":{"rendered":"<figure class=\"wp-block-table\"><table><tbody><tr><td><strong>Ne.<\/strong><strong><\/strong><\/td><td><strong>Ime i prezime<\/strong><strong><\/strong><\/td><td><strong>Titulli i tem\u00ebs s\u00eb diplom\u00ebs<\/strong><strong><\/strong><\/td><td><strong>Mentori<\/strong><strong><\/strong><\/td><td><strong>Data e diplomimit<\/strong><strong><\/strong><\/td><td><strong>Afati<\/strong><strong><\/strong><\/td><td><strong>Linku Tema e diplomes<\/strong><strong><\/strong><\/td><\/tr><tr><td><strong>1.<\/strong><\/td><td>Viona Berisha<\/td><td>Impakti njer\u00ebzor n\u00eb krijimin e nj\u00eb mjedisi fleksibil n\u00eb organizatat moderne<\/td><td>Prof.Ass.Dr. Th\u00ebll\u00ebza Latifi Sadrija<\/td><td>07\/02\/2024<\/td><td><strong>Janar<\/strong><\/td><td><a href=\"https:\/\/unhz.eu\/fmthm\/wp-content\/uploads\/sites\/10\/2025\/12\/01.Viona-Berisha.pdf\"><strong>01.Viona Berisha.pdf<\/strong><\/a><\/td><\/tr><tr><td><strong>2.<\/strong><\/td><td>Florentina Matoshi<\/td><td>Menaxhimi i mbeturinave n\u00eb Kosov\u00eb<\/td><td>Prof. Dr. Adem Dreshaj<\/td><td>11\/03\/2024<\/td><td><strong>Janar<\/strong><\/td><td><a href=\"https:\/\/unhz.eu\/fmthm\/wp-content\/uploads\/sites\/10\/2025\/12\/02.Florentina-Matoshi.pdf\"><strong>02.Florentina Matoshi.pdf<\/strong><\/a><\/td><\/tr><tr><td><strong>3.<\/strong><\/td><td>Albina Bajraktaraj<\/td><td>R\u00ebndesia e menaxhimit t\u00eb cil\u00ebsis\u00eb n\u00eb industrin\u00eb e hoteleris\u00eb<\/td><td>Prof.Ass.Dr. Merita Begolli Dauti<\/td><td>25\/04\/2024<\/td><td><strong>Prill<\/strong><\/td><td><a href=\"https:\/\/unhz.eu\/fmthm\/wp-content\/uploads\/sites\/10\/2025\/12\/03.Albina-Bajraktaraj.pdf\"><strong>03.Albina Bajraktaraj.pdf<\/strong><\/a><\/td><\/tr><tr><td><strong>4.<\/strong><\/td><td>Fatbardha Shala<\/td><td>Menaxhimi i sh\u00ebrbimeve turistike dhe hoteliere n\u00eb rajonin e dukagjinit<\/td><td>Prof. Dr. Bedri Millaku<\/td><td>8\/5\/2024<\/td><td><strong>Prill<\/strong><\/td><td><a href=\"https:\/\/unhz.eu\/fmthm\/wp-content\/uploads\/sites\/10\/2025\/12\/04.Fatbardha-Shala.pdf\"><strong>04.Fatbardha Shala.pdf<\/strong><\/a><\/td><\/tr><tr><td><strong>5.<\/strong><\/td><td>Egzona Zeqiraj<\/td><td>Roli dhe r\u00ebnd\u00ebsia e kompanis\u00eb Trofta p\u00ebr turizmin n\u00eb Istog<\/td><td>Prof. Dr. Bedri Millaku<\/td><td>14\/05\/2024<\/td><td><strong>Prill<\/strong><\/td><td><a href=\"https:\/\/unhz.eu\/fmthm\/wp-content\/uploads\/sites\/10\/2025\/12\/05.Egzona-Zeqiraj.pdf\"><strong>05.Egzona Zeqiraj.pdf<\/strong><\/a><\/td><\/tr><tr><td><strong>6.<\/strong><\/td><td>Fatos Berisha<\/td><td>Roli i mjedisit t\u00eb biznesit t\u00eb brendsh\u00ebm dhe t\u00eb jasht\u00ebm n\u00eb ruajtjen e ambientit<\/td><td>Prof. Dr. Adem Dreshaj<\/td><td>15\/05\/2024<\/td><td><strong>Prill<\/strong><\/td><td><a href=\"https:\/\/unhz.eu\/fmthm\/wp-content\/uploads\/sites\/10\/2025\/12\/06.Fatos-Berisha.pdf\"><strong>06.Fatos Berisha.pdf<\/strong><\/a><\/td><\/tr><tr><td><strong>7.<\/strong><\/td><td>Djellza Berisha<\/td><td>Roli i \u00e7\u00ebrtifikimit ISO n\u00eb menaxhimin e cil\u00ebsis\u00eb s\u00eb hoteleve<\/td><td>Prof.Ass.Dr. Merita Begolli Dauti<\/td><td>16\/07\/2024<\/td><td><strong>Qershor<\/strong><\/td><td><a href=\"https:\/\/unhz.eu\/fmthm\/wp-content\/uploads\/sites\/10\/2025\/12\/07.Djellza-Berisha.pdf\"><strong>07.Djellza Berisha.pdf<\/strong><\/a><\/td><\/tr><tr><td><strong>8.<\/strong><\/td><td>Sanela Gusinjac<\/td><td>Uticaj marketinga na razvoj turicticke destinacije&nbsp; u Rozajama<\/td><td>Prof. Ass. Dr. Anela Dzogovic<\/td><td>15\/07\/2024<\/td><td><strong>Qershor<\/strong><\/td><td><a href=\"https:\/\/unhz.eu\/fmthm\/wp-content\/uploads\/sites\/10\/2025\/12\/08.Sanela-Gusinjac.pdf\"><strong>08.Sanela Gusinjac.pdf<\/strong><\/a><\/td><\/tr><tr><td><strong>9.<\/strong><\/td><td>Albenita Bajraktaraj<\/td><td>Ndikimi i Industris\u00eb s\u00eb Hoteleris\u00eb n\u00eb zhvillimin ekonomik<\/td><td>Prof.Ass.Dr. Merita Begolli Dauti<\/td><td>16\/07\/2024<\/td><td><strong>Qershor<\/strong><\/td><td><a href=\"https:\/\/unhz.eu\/fmthm\/wp-content\/uploads\/sites\/10\/2025\/12\/09.Albenita-Bajraktaraj.pdf\"><strong>09.Albenita Bajraktaraj.pdf<\/strong><\/a><\/td><\/tr><tr><td><strong>10.<\/strong><\/td><td>Emir Adzajlic<\/td><td>Primjena i znacaj savremenih metoda toskova<\/td><td>Prof.Dr. Husnija Bibuljica<\/td><td>25\/07\/2024<\/td><td><strong>Qershor<\/strong><\/td><td><a href=\"https:\/\/unhz.eu\/fmthm\/wp-content\/uploads\/sites\/10\/2025\/12\/10.Emir-Adzajlic.pdf\"><strong>10.Emir Adzajlic.pdf<\/strong><\/a><\/td><\/tr><tr><td><strong>11.<\/strong><\/td><td>Zehra Suljic<\/td><td>Poslovne komunikacije u turitickoj i industriji izazovi perspective<\/td><td>Prof. Asoc. Dr.Suada Dzogovic<\/td><td>27\/07\/2024<\/td><td><strong>Qershor<\/strong><\/td><td><a href=\"https:\/\/unhz.eu\/fmthm\/wp-content\/uploads\/sites\/10\/2025\/12\/11.Zehra-Suljic.pdf\"><strong>11.Zehra Suljic.pdf<\/strong><\/a><\/td><\/tr><tr><td><strong>12.<\/strong><\/td><td>Hyrije Bajramaj<\/td><td>Zhvillimi i turizmit faktor i r\u00ebnd\u00ebsish\u00ebm n\u00eb rritjen ekonomike n\u00eb Kosov\u00eb<\/td><td>Pof. Asoc. Dr. Bek\u00eb Kuqi<\/td><td>26\/07\/2024<\/td><td><strong>Qershor<\/strong><\/td><td><a href=\"https:\/\/unhz.eu\/fmthm\/wp-content\/uploads\/sites\/10\/2025\/12\/12.Hyrije-Bajramaj.pdf\"><strong>12.Hyrije Bajramaj.pdf<\/strong><\/a><\/td><\/tr><tr><td><strong>13.<\/strong><\/td><td>Eliona Alijaj<\/td><td>Ndikimi i menaxhimit t\u00eb cil\u00ebsis\u00eb n\u00eb p\u00ebrformanc\u00ebn e bizneseve hoteliere<\/td><td>Prof.Ass.Dr. Merita Begolli Dauti<\/td><td>12\/09\/2024<\/td><td><strong>Shtator<\/strong><\/td><td><a href=\"https:\/\/unhz.eu\/fmthm\/wp-content\/uploads\/sites\/10\/2025\/12\/13.Elijona-Alijaj.pdf\"><strong>13.Elijona Alijaj.pdf<\/strong><\/a><\/td><\/tr><tr><td><strong>14.<\/strong><\/td><td>Miranda Kurtaj<\/td><td>R\u00ebnd\u00ebsia e zhvillimit t\u00eb turizmit malor n\u00eb Rugov\u00eb<\/td><td>Prof. Asoc. Dr. Bek\u00eb Kuqi<\/td><td>03\/09\/2024<\/td><td><strong>Shtator<\/strong><\/td><td><a href=\"https:\/\/unhz.eu\/fmthm\/wp-content\/uploads\/sites\/10\/2025\/12\/14.Miranda-Kurtaj.pdf\"><strong>14.Miranda Kurtaj.pdf<\/strong><\/a><\/td><\/tr><tr><td><strong>15.<\/strong><\/td><td>Shehide Gashi<\/td><td>\u00c7mimi si element i marketingut Mix n\u00eb Industrin\u00eb Hotelier\u00eb<\/td><td>Prof.Ass.Dr. Merita Begolli Dauti<\/td><td>23\/09\/2024<\/td><td><strong>Shtator<\/strong><\/td><td><a href=\"https:\/\/unhz.eu\/fmthm\/wp-content\/uploads\/sites\/10\/2025\/12\/15.Shehide-Gashi.pdf\"><strong>15.Shehide Gashi.pdf<\/strong><\/a><\/td><\/tr><tr><td><strong>16.<\/strong><\/td><td>Mendim Nimonaj<\/td><td>Prespektiva e zhvillimit&nbsp; t\u00eb turizmit n\u00eb Komun\u00ebn e Gjakov\u00ebs<\/td><td>Prof. Asoc. Dr. Bek\u00eb Kuqi<\/td><td>8\/10\/2024<\/td><td><strong>Shtator<\/strong><\/td><td><a href=\"https:\/\/unhz.eu\/fmthm\/wp-content\/uploads\/sites\/10\/2025\/12\/16.Mendim-Nimonaj.pdf\"><strong>16.Mendim Nimonaj.pdf<\/strong><\/a><\/td><\/tr><tr><td><strong>17.<\/strong><\/td><td>Endrit Smajli<\/td><td>Zhvillimi i turizmit rural n\u00eb Rrafshin e Dukagjinit<\/td><td>Prof. Asoc. Dr. Bek\u00eb Kuqi<\/td><td>1\/10\/2024<\/td><td><strong>Shtator<\/strong><\/td><td><a href=\"https:\/\/unhz.eu\/fmthm\/wp-content\/uploads\/sites\/10\/2025\/12\/17.Endrit-Smajli.pdf\"><strong>17.Endrit Smajli.pdf<\/strong><\/a><\/td><\/tr><tr><td><strong>18<\/strong><\/td><td>Elsa Nallbani<\/td><td>Rritja dhe zhvillimi i turizmit n\u00eb Rugov\u00eb<\/td><td>Prof. Dr. Bedri Millaku<\/td><td>2\/10\/2024<\/td><td><strong>Shtator<\/strong><\/td><td><a href=\"https:\/\/unhz.eu\/fmthm\/wp-content\/uploads\/sites\/10\/2025\/12\/18-.Elsa-Nallbani.pdf\"><strong>18 .Elsa Nallbani.pdf<\/strong><\/a><\/td><\/tr><tr><td><strong>19.<\/strong><\/td><td>Arjanit Tahiraj<\/td><td>Ndikimi i menaxhimit t\u00eb cil\u00ebsis\u00eb totale n\u00eb zhvillimin e q\u00ebndruesh\u00ebm<\/td><td>Prof.Ass.Dr. Merita Begolli Dauti<\/td><td>8\/10\/2024<\/td><td><strong>Shtator<\/strong><\/td><td><a href=\"https:\/\/unhz.eu\/fmthm\/wp-content\/uploads\/sites\/10\/2025\/12\/19.-Arjanit-Tahiraj.pdf\"><strong>19. Arjanit Tahiraj.pdf<\/strong><\/a><\/td><\/tr><tr><td><strong>20.<\/strong><\/td><td>Esat Nikqi<\/td><td>Zhvillimi i turizmit dhe r\u00ebnd\u00ebsia e zhvillimit ekonomik t\u00eb Rugov\u00ebs<\/td><td>Prof. Dr. Bedri Millaku<\/td><td>21\/10\/2024<\/td><td><strong>Shtator<\/strong><\/td><td><a href=\"https:\/\/unhz.eu\/fmthm\/wp-content\/uploads\/sites\/10\/2025\/12\/20.Esat-Nikqi.pdf\"><strong>20.Esat Nikqi.pdf<\/strong><\/a><\/td><\/tr><tr><td><strong>21.<\/strong><\/td><td>Agonisa Alushaj<\/td><td>Potencial\u00ebt turistike faktor p\u00ebr zhvillimin e turizmit n\u00eb Kosov\u00eb<\/td><td>Prof. Asoc. Dr. Beke Kuqi<\/td><td>24\/10\/2024<\/td><td><strong>Shtator<\/strong><\/td><td><a href=\"https:\/\/unhz.eu\/fmthm\/wp-content\/uploads\/sites\/10\/2025\/12\/21.Agonisa-Alushaj.pdf\"><strong>21.Agonisa Alushaj.pdf<\/strong><\/a><\/td><\/tr><tr><td><strong>22.<\/strong><\/td><td>Shpetim Ukaj<\/td><td>Zhvillimi dhe prespektiva e bizneseve turistike n\u00eb Rrafshin e Dukagjinit<\/td><td>Prof. Dr. Bedri Millaku<\/td><td>24\/10\/2024<\/td><td><strong>Shtator<\/strong><\/td><td><a href=\"https:\/\/unhz.eu\/fmthm\/wp-content\/uploads\/sites\/10\/2025\/12\/22.Shpetim-Ukaj-Punim-Diplome.pdf\"><strong>22.Shpetim Ukaj-Punim Diplome.pdf<\/strong><\/a><\/td><\/tr><tr><td><strong>23.<\/strong><\/td><td>Fitore Sejfiaj<\/td><td>Roli i Agjencive Turistike n\u00eb tregun turistik<\/td><td>Prof. Asoc. Dr. Beke Kuqi<\/td><td>16\/10\/2024<\/td><td><strong>Shtator<\/strong><\/td><td><a href=\"https:\/\/unhz.eu\/fmthm\/wp-content\/uploads\/sites\/10\/2025\/12\/23.Fitore-Sejfijaj.pdf\"><strong>23.Fitore Sejfijaj.pdf<\/strong><\/a><\/td><\/tr><tr><td><strong>24.<\/strong><\/td><td>Qlirim Muqkurtaj<\/td><td>Zhvillimi i turizmit dhe R\u00ebndesia e tij n\u00eb Industrin\u00eb Hoteliere<\/td><td>Prof. Ass. Dr. Merita Begolli Dauti<\/td><td>23\/10\/2024<\/td><td><strong>Shtator<\/strong><\/td><td><a href=\"https:\/\/unhz.eu\/fmthm\/wp-content\/uploads\/sites\/10\/2025\/12\/24.Qlirim-Muqkurtaj.pdf\"><strong>24.Qlirim Muqkurtaj.pdf<\/strong><\/a><\/td><\/tr><tr><td><strong>25.<\/strong><\/td><td>Vlorentina Dedushaj<\/td><td>Ndotja e Mjedisit n\u00eb Kosov\u00eb<\/td><td>Prof. Dr. Adem Dreshaj<\/td><td>11\/11\/2024<\/td><td><strong>N\u00ebntor<\/strong><\/td><td><a href=\"https:\/\/unhz.eu\/fmthm\/wp-content\/uploads\/sites\/10\/2025\/12\/25.Vlorentina-Dedushaj.pdf\"><strong>25.Vlorentina Dedushaj.pdf<\/strong><\/a><\/td><\/tr><tr><td><strong>26.<\/strong><\/td><td>Argjend Berisha<\/td><td>Prespektiva p\u00ebr zhvillimin e turizmit n\u00eb Rajonin&nbsp; e Dukagjinit<\/td><td>Prof. Asoc. Dr. Bek\u00eb Kuqi<\/td><td>20\/11\/2024<strong><\/strong><\/td><td><strong>N\u00ebntor<\/strong><\/td><td><a href=\"https:\/\/unhz.eu\/fmthm\/wp-content\/uploads\/sites\/10\/2025\/12\/26.Argjend-Berisha.pdf\"><strong>26.Argjend Berisha.pdf<\/strong><\/a><\/td><\/tr><\/tbody><\/table><\/figure>\n\n\n\n<p><\/p>","protected":false},"excerpt":{"rendered":"<p>Nr. Emri dhe mbiemri Titulli i tem\u00ebs s\u00eb diplom\u00ebs Mentori Data e diplomimit Afati Linku&hellip;<\/p>","protected":false},"author":9,"featured_media":0,"parent":0,"menu_order":0,"comment_status":"closed","ping_status":"closed","template":"","meta":{"footnotes":""},"class_list":["post-49564","page","type-page","status-publish","hentry"],"yoast_head":"<!-- This site is optimized with the Yoast SEO Premium plugin v27.2 (Yoast SEO v27.2) - https:\/\/yoast.com\/product\/yoast-seo-premium-wordpress\/ -->\n<title>Lista e studenteve te diplomuar 2024 - Fakulteti i Menaxhimit n\u00eb Turiz\u00ebm, Hotelieri dhe Mjedis<\/title>\n<meta name=\"robots\" content=\"index, follow, max-snippet:-1, max-image-preview:large, max-video-preview:-1\" \/>\n<link rel=\"canonical\" href=\"https:\/\/unhz.eu\/fmthm\/bs\/lista-e-studenteve-te-diplomuar-2024\/\" \/>\n<meta property=\"og:locale\" content=\"bs_BA\" \/>\n<meta property=\"og:type\" content=\"article\" \/>\n<meta property=\"og:title\" content=\"Lista e studenteve te diplomuar 2024\" \/>\n<meta property=\"og:description\" content=\"Nr. Emri dhe mbiemri Titulli i tem\u00ebs s\u00eb diplom\u00ebs Mentori Data e diplomimit Afati Linku&hellip;\" \/>\n<meta property=\"og:url\" content=\"https:\/\/unhz.eu\/fmthm\/bs\/lista-e-studenteve-te-diplomuar-2024\/\" \/>\n<meta property=\"og:site_name\" content=\"Fakulteti i Menaxhimit n\u00eb Turiz\u00ebm, Hotelieri dhe Mjedis\" \/>\n<meta property=\"article:modified_time\" content=\"2025-12-04T10:26:22+00:00\" \/>\n<meta name=\"twitter:card\" content=\"summary_large_image\" \/>\n<meta name=\"twitter:label1\" content=\"Est. reading time\" \/>\n\t<meta name=\"twitter:data1\" content=\"3 minute\" \/>\n<script type=\"application\/ld+json\" class=\"yoast-schema-graph\">{\"@context\":\"https:\/\/schema.org\",\"@graph\":[{\"@type\":\"WebPage\",\"@id\":\"https:\/\/unhz.eu\/fmthm\/lista-e-studenteve-te-diplomuar-2024\/\",\"url\":\"https:\/\/unhz.eu\/fmthm\/lista-e-studenteve-te-diplomuar-2024\/\",\"name\":\"Lista e studenteve te diplomuar 2024 - Fakulteti i Menaxhimit n\u00eb Turiz\u00ebm, Hotelieri dhe Mjedis\",\"isPartOf\":{\"@id\":\"https:\/\/unhz.eu\/fmthm\/#website\"},\"datePublished\":\"2025-12-04T10:26:21+00:00\",\"dateModified\":\"2025-12-04T10:26:22+00:00\",\"breadcrumb\":{\"@id\":\"https:\/\/unhz.eu\/fmthm\/lista-e-studenteve-te-diplomuar-2024\/#breadcrumb\"},\"inLanguage\":\"bs-BA\",\"potentialAction\":[{\"@type\":\"ReadAction\",\"target\":[\"https:\/\/unhz.eu\/fmthm\/lista-e-studenteve-te-diplomuar-2024\/\"]}]},{\"@type\":\"BreadcrumbList\",\"@id\":\"https:\/\/unhz.eu\/fmthm\/lista-e-studenteve-te-diplomuar-2024\/#breadcrumb\",\"itemListElement\":[{\"@type\":\"ListItem\",\"position\":1,\"name\":\"Home\",\"item\":\"https:\/\/unhz.eu\/fmthm\/\"},{\"@type\":\"ListItem\",\"position\":2,\"name\":\"Lista e studenteve te diplomuar 2024\"}]},{\"@type\":\"WebSite\",\"@id\":\"https:\/\/unhz.eu\/fmthm\/#website\",\"url\":\"https:\/\/unhz.eu\/fmthm\/\",\"name\":\"Fakulteti i Menaxhimit n\u00eb Turiz\u00ebm, Hotelieri dhe Mjedis\",\"description\":\"I dedikuar p\u00ebr cil\u00ebsi standarde dhe suksese\",\"publisher\":{\"@id\":\"https:\/\/unhz.eu\/fmthm\/#organization\"},\"potentialAction\":[{\"@type\":\"SearchAction\",\"target\":{\"@type\":\"EntryPoint\",\"urlTemplate\":\"https:\/\/unhz.eu\/fmthm\/?s={search_term_string}\"},\"query-input\":{\"@type\":\"PropertyValueSpecification\",\"valueRequired\":true,\"valueName\":\"search_term_string\"}}],\"inLanguage\":\"bs-BA\"},{\"@type\":\"Organization\",\"@id\":\"https:\/\/unhz.eu\/fmthm\/#organization\",\"name\":\"Fakulteti i Menaxhimit n\u00eb Turiz\u00ebm, Hotelieri dhe Mjedis\",\"url\":\"https:\/\/unhz.eu\/fmthm\/\",\"logo\":{\"@type\":\"ImageObject\",\"inLanguage\":\"bs-BA\",\"@id\":\"https:\/\/unhz.eu\/fmthm\/#\/schema\/logo\/image\/\",\"url\":\"https:\/\/unhz.eu\/fmthm\/wp-content\/uploads\/sites\/10\/2024\/02\/cropped-logo-1-1-e1713527702695.png\",\"contentUrl\":\"https:\/\/unhz.eu\/fmthm\/wp-content\/uploads\/sites\/10\/2024\/02\/cropped-logo-1-1-e1713527702695.png\",\"width\":100,\"height\":100,\"caption\":\"Fakulteti i Menaxhimit n\u00eb Turiz\u00ebm, Hotelieri dhe Mjedis\"},\"image\":{\"@id\":\"https:\/\/unhz.eu\/fmthm\/#\/schema\/logo\/image\/\"}}]}<\/script>\n<!-- \/ Yoast SEO Premium plugin. -->","yoast_head_json":{"title":"Lista e studenteve te diplomuar 2024 - Fakulteti i Menaxhimit n\u00eb Turiz\u00ebm, Hotelieri dhe Mjedis","robots":{"index":"index","follow":"follow","max-snippet":"max-snippet:-1","max-image-preview":"max-image-preview:large","max-video-preview":"max-video-preview:-1"},"canonical":"https:\/\/unhz.eu\/fmthm\/bs\/lista-e-studenteve-te-diplomuar-2024\/","og_locale":"bs_BA","og_type":"article","og_title":"Lista e studenteve te diplomuar 2024","og_description":"Nr. Emri dhe mbiemri Titulli i tem\u00ebs s\u00eb diplom\u00ebs Mentori Data e diplomimit Afati Linku&hellip;","og_url":"https:\/\/unhz.eu\/fmthm\/bs\/lista-e-studenteve-te-diplomuar-2024\/","og_site_name":"Fakulteti i Menaxhimit n\u00eb Turiz\u00ebm, Hotelieri dhe Mjedis","article_modified_time":"2025-12-04T10:26:22+00:00","twitter_card":"summary_large_image","twitter_misc":{"Est. reading time":"3 minute"},"schema":{"@context":"https:\/\/schema.org","@graph":[{"@type":"WebPage","@id":"https:\/\/unhz.eu\/fmthm\/lista-e-studenteve-te-diplomuar-2024\/","url":"https:\/\/unhz.eu\/fmthm\/lista-e-studenteve-te-diplomuar-2024\/","name":"Lista e studenteve te diplomuar 2024 - Fakulteti i Menaxhimit n\u00eb Turiz\u00ebm, Hotelieri dhe Mjedis","isPartOf":{"@id":"https:\/\/unhz.eu\/fmthm\/#website"},"datePublished":"2025-12-04T10:26:21+00:00","dateModified":"2025-12-04T10:26:22+00:00","breadcrumb":{"@id":"https:\/\/unhz.eu\/fmthm\/lista-e-studenteve-te-diplomuar-2024\/#breadcrumb"},"inLanguage":"bs-BA","potentialAction":[{"@type":"ReadAction","target":["https:\/\/unhz.eu\/fmthm\/lista-e-studenteve-te-diplomuar-2024\/"]}]},{"@type":"BreadcrumbList","@id":"https:\/\/unhz.eu\/fmthm\/lista-e-studenteve-te-diplomuar-2024\/#breadcrumb","itemListElement":[{"@type":"ListItem","position":1,"name":"Home","item":"https:\/\/unhz.eu\/fmthm\/"},{"@type":"ListItem","position":2,"name":"Lista e studenteve te diplomuar 2024"}]},{"@type":"WebSite","@id":"https:\/\/unhz.eu\/fmthm\/#website","url":"https:\/\/unhz.eu\/fmthm\/","name":"Fakultet za turizam, ugostiteljstvo i upravljanje okoli\u0161em","description":"Posve\u0107eni standardnoj kvaliteti i uspjehu","publisher":{"@id":"https:\/\/unhz.eu\/fmthm\/#organization"},"potentialAction":[{"@type":"SearchAction","target":{"@type":"EntryPoint","urlTemplate":"https:\/\/unhz.eu\/fmthm\/?s={search_term_string}"},"query-input":{"@type":"PropertyValueSpecification","valueRequired":true,"valueName":"search_term_string"}}],"inLanguage":"bs-BA"},{"@type":"Organization","@id":"https:\/\/unhz.eu\/fmthm\/#organization","name":"Fakultet za turizam, ugostiteljstvo i upravljanje okoli\u0161em","url":"https:\/\/unhz.eu\/fmthm\/","logo":{"@type":"ImageObject","inLanguage":"bs-BA","@id":"https:\/\/unhz.eu\/fmthm\/#\/schema\/logo\/image\/","url":"https:\/\/unhz.eu\/fmthm\/wp-content\/uploads\/sites\/10\/2024\/02\/cropped-logo-1-1-e1713527702695.png","contentUrl":"https:\/\/unhz.eu\/fmthm\/wp-content\/uploads\/sites\/10\/2024\/02\/cropped-logo-1-1-e1713527702695.png","width":100,"height":100,"caption":"Fakulteti i Menaxhimit n\u00eb Turiz\u00ebm, Hotelieri dhe Mjedis"},"image":{"@id":"https:\/\/unhz.eu\/fmthm\/#\/schema\/logo\/image\/"}}]}},"_links":{"self":[{"href":"https:\/\/unhz.eu\/fmthm\/bs\/wp-json\/wp\/v2\/pages\/49564","targetHints":{"allow":["GET"]}}],"collection":[{"href":"https:\/\/unhz.eu\/fmthm\/bs\/wp-json\/wp\/v2\/pages"}],"about":[{"href":"https:\/\/unhz.eu\/fmthm\/bs\/wp-json\/wp\/v2\/types\/page"}],"author":[{"embeddable":true,"href":"https:\/\/unhz.eu\/fmthm\/bs\/wp-json\/wp\/v2\/users\/9"}],"replies":[{"embeddable":true,"href":"https:\/\/unhz.eu\/fmthm\/bs\/wp-json\/wp\/v2\/comments?post=49564"}],"version-history":[{"count":1,"href":"https:\/\/unhz.eu\/fmthm\/bs\/wp-json\/wp\/v2\/pages\/49564\/revisions"}],"predecessor-version":[{"id":49591,"href":"https:\/\/unhz.eu\/fmthm\/bs\/wp-json\/wp\/v2\/pages\/49564\/revisions\/49591"}],"wp:attachment":[{"href":"https:\/\/unhz.eu\/fmthm\/bs\/wp-json\/wp\/v2\/media?parent=49564"}],"curies":[{"name":"wp","href":"https:\/\/api.w.org\/{rel}","templated":true}]}}