{"id":49385,"date":"2025-10-27T14:29:40","date_gmt":"2025-10-27T14:29:40","guid":{"rendered":"https:\/\/unhz.eu\/fmthm\/?page_id=49385"},"modified":"2025-10-29T08:12:21","modified_gmt":"2025-10-29T08:12:21","slug":"menaxhim-ne-turizem-dhe-hotelieri-2025-2028","status":"publish","type":"page","link":"https:\/\/unhz.eu\/fmthm\/bs\/menaxhim-ne-turizem-dhe-hotelieri-2025-2028\/","title":{"rendered":"Menad\u017ement u turizmu i ugostiteljstvu 2025-2028"},"content":{"rendered":"<p>Menad\u017ement u turizmu i ugostiteljstvu 2025-2028<\/p>\n\n\n\n<figure class=\"wp-block-table\"><table><tbody><tr><td colspan=\"10\"><strong>Prva godina<\/strong><\/td><\/tr><tr><td colspan=\"5\"><strong>Prvi semestar<\/strong><\/td><td colspan=\"5\"><strong>Sati\/sedmi\u010dno<\/strong><\/td><\/tr><tr><td><strong>Ne.<\/strong><\/td><td colspan=\"2\"><strong>O\/\u017d<\/strong><\/td><td colspan=\"2\"><strong>PREDMETI<\/strong><\/td><td colspan=\"2\"><strong>L<\/strong><\/td><td colspan=\"2\"><strong>U<\/strong><\/td><td><strong>ECTS<\/strong><\/td><\/tr><tr><td>&nbsp;<\/td><td colspan=\"2\">O<\/td><td colspan=\"2\">Uvod u turizam i ugostiteljstvo<\/td><td colspan=\"2\">2<\/td><td colspan=\"2\">2<\/td><td>7<\/td><\/tr><tr><td>&nbsp;<\/td><td colspan=\"2\">O<\/td><td colspan=\"2\">Matematika<\/td><td colspan=\"2\">2<\/td><td colspan=\"2\">2<\/td><td>6<\/td><\/tr><tr><td>&nbsp;<\/td><td colspan=\"2\">O<\/td><td colspan=\"2\">Menad\u017ement u turizmu i ugostiteljstvu<\/td><td colspan=\"2\">2<\/td><td colspan=\"2\">2<\/td><td>6<\/td><\/tr><tr><td>&nbsp;<\/td><td colspan=\"2\">O<\/td><td colspan=\"2\">Akademsko pisanje<\/td><td colspan=\"2\">2<\/td><td colspan=\"2\">2<\/td><td>6<\/td><\/tr><tr><td>&nbsp;<\/td><td colspan=\"2\">O<\/td><td colspan=\"2\">Strani jezik (engleski I, njema\u010dki I)<\/td><td colspan=\"2\">2<\/td><td colspan=\"2\">2<\/td><td>5<\/td><\/tr><tr><td colspan=\"9\"><strong>UKUPNO:<\/strong><\/td><td>30<\/td><\/tr><tr><td colspan=\"10\"><strong>Drugi semestar<\/strong><\/td><\/tr><tr><td>1<\/td><td colspan=\"2\">O<\/td><td colspan=\"2\">Statistika<\/td><td colspan=\"2\">2<\/td><td colspan=\"2\">2<\/td><td>7<\/td><\/tr><tr><td>2<\/td><td colspan=\"2\">O<\/td><td colspan=\"2\">Uvod u ekonomiju<\/td><td colspan=\"2\">2<\/td><td colspan=\"2\">2<\/td><td>6<\/td><\/tr><tr><td>3<\/td><td colspan=\"2\">O<\/td><td colspan=\"2\">Marketing u turizmu i ugostiteljstvu<\/td><td colspan=\"2\">2<\/td><td colspan=\"2\">2<\/td><td>6<\/td><\/tr><tr><td>4<\/td><td colspan=\"2\">O<\/td><td colspan=\"2\">Informaciona tehnologija<\/td><td colspan=\"2\">2<\/td><td colspan=\"2\">2<\/td><td>6<\/td><\/tr><tr><td>5<\/td><td colspan=\"2\">O<\/td><td colspan=\"2\">Strani jezik (<a>Engleski jezik II, Njema\u010dki jezik II<\/a>)<\/td><td colspan=\"2\">2<\/td><td colspan=\"2\">2<\/td><td>5<\/td><\/tr><tr><td colspan=\"9\"><strong>UKUPNO:<\/strong><\/td><td>30<\/td><\/tr><tr><td colspan=\"10\"><strong>Druga godina<\/strong><\/td><\/tr><tr><td colspan=\"5\"><strong>Tre\u0107i semestar<\/strong><\/td><td colspan=\"5\"><strong>Sati\/sedmi\u010dno<\/strong><\/td><\/tr><tr><td colspan=\"2\"><strong>Ne.<\/strong><\/td><td><strong>O\/\u017d<\/strong><\/td><td colspan=\"2\"><strong>PREDMETI<\/strong><\/td><td colspan=\"2\"><strong>L<\/strong><\/td><td colspan=\"2\"><strong>U<\/strong><\/td><td><strong>ECTS<\/strong><\/td><\/tr><tr><td colspan=\"2\">&nbsp;<\/td><td>O<\/td><td colspan=\"2\">Uvod u metodologiju istra\u017eivanja<\/td><td colspan=\"2\">2<\/td><td colspan=\"2\">2<\/td><td>7<\/td><\/tr><tr><td colspan=\"2\">&nbsp;<\/td><td>O<\/td><td colspan=\"2\">Osnove ra\u010dunovodstva<\/td><td colspan=\"2\">2<\/td><td colspan=\"2\">2<\/td><td>6<\/td><\/tr><tr><td colspan=\"2\">&nbsp;<\/td><td>O<\/td><td colspan=\"2\">Ljudski resursi i profesionalni razvoj<\/td><td colspan=\"2\">2<\/td><td colspan=\"2\">2<\/td><td>6<\/td><\/tr><tr><td colspan=\"2\">&nbsp;<\/td><td>O<\/td><td colspan=\"2\">Upravljanje hranom i pi\u0107em<\/td><td colspan=\"2\">2<\/td><td colspan=\"2\">2<\/td><td>6<\/td><\/tr><tr><td colspan=\"2\">&nbsp;<\/td><td>Z<\/td><td colspan=\"2\">Sistemi za rezervaciju hotela<\/td><td colspan=\"2\">2<\/td><td colspan=\"2\">2<\/td><td>5<\/td><\/tr><tr><td colspan=\"2\">&nbsp;<\/td><td>Z<\/td><td colspan=\"2\">Prijevoz u turizmu<\/td><td colspan=\"2\">2<\/td><td colspan=\"2\">2<\/td><td>5<\/td><\/tr><tr><td colspan=\"2\">&nbsp;<\/td><td>Z<\/td><td colspan=\"2\">Sistemi rezervacija u turisti\u010dkim agencijama<\/td><td colspan=\"2\">2<\/td><td colspan=\"2\">2<\/td><td>5<\/td><\/tr><tr><td colspan=\"9\"><strong>UKUPNO:<\/strong><\/td><td>30<\/td><\/tr><tr><td colspan=\"10\"><strong>\u010cetvrti semestar<\/strong><\/td><\/tr><tr><td colspan=\"2\">&nbsp;<\/td><td>O<\/td><td colspan=\"2\">Planiranje i razvoj turizma<\/td><td colspan=\"2\">2<\/td><td colspan=\"2\">2<\/td><td>7<\/td><\/tr><tr><td colspan=\"2\">&nbsp;<\/td><td>O<\/td><td colspan=\"2\">Turisti\u010dka geografija<\/td><td colspan=\"2\">2<\/td><td colspan=\"2\">2<\/td><td>6<\/td><\/tr><tr><td colspan=\"2\">&nbsp;<\/td><td>O<\/td><td colspan=\"2\">Kulturna ba\u0161tina u turizmu<\/td><td colspan=\"2\">2<\/td><td colspan=\"2\">2<\/td><td>6<\/td><\/tr><tr><td colspan=\"2\">&nbsp;<\/td><td>O<\/td><td colspan=\"2\">Ekologija<\/td><td colspan=\"2\">2<\/td><td colspan=\"2\">2<\/td><td>6<\/td><\/tr><tr><td colspan=\"2\">&nbsp;<\/td><td>Z<\/td><td colspan=\"2\">poduzetni\u0161tvo<\/td><td colspan=\"2\">2<\/td><td colspan=\"2\">2<\/td><td>5<\/td><\/tr><tr><td colspan=\"2\">&nbsp;<\/td><td>Z<\/td><td colspan=\"2\">Slu\u017eba za korisnike u hotelima i turisti\u010dkim agencijama<\/td><td colspan=\"2\">2<\/td><td colspan=\"2\">2<\/td><td>5<\/td><\/tr><tr><td colspan=\"2\">&nbsp;<\/td><td>Z<\/td><td colspan=\"2\">Upravljanje otpadom u turizmu<\/td><td colspan=\"2\">2<\/td><td colspan=\"2\">2<\/td><td>5<\/td><\/tr><tr><td colspan=\"9\"><strong>UKUPNO:<\/strong><\/td><td>30<\/td><\/tr><tr><td colspan=\"10\"><strong>Tre\u0107a godina<\/strong><\/td><\/tr><tr><td colspan=\"4\"><strong>Semestar V<\/strong><\/td><td colspan=\"6\"><strong>Sati\/sedmi\u010dno<\/strong><\/td><\/tr><tr><td colspan=\"2\"><strong>Ne.<\/strong><\/td><td><strong>O\/\u017d<\/strong><\/td><td><strong>PREDMETI<\/strong><\/td><td colspan=\"2\"><strong>L<\/strong><\/td><td colspan=\"2\"><strong>U<\/strong><\/td><td colspan=\"2\"><strong>ECTS<\/strong><\/td><\/tr><tr><td colspan=\"2\">&nbsp;<\/td><td>O<\/td><td>Prakti\u010dno u\u010denje i razvoj karijere<\/td><td colspan=\"2\">&nbsp;<\/td><td colspan=\"2\">2<\/td><td colspan=\"2\">7<\/td><\/tr><tr><td colspan=\"2\">&nbsp;<\/td><td>O<\/td><td>Zakon u turizmu i ugostiteljstvu<\/td><td colspan=\"2\">2<\/td><td colspan=\"2\">2<\/td><td colspan=\"2\">6<\/td><\/tr><tr><td colspan=\"2\">&nbsp;<\/td><td>O<\/td><td>Upravljanje i organizacija doga\u0111aja<\/td><td colspan=\"2\">2<\/td><td colspan=\"2\">2<\/td><td colspan=\"2\">6<\/td><\/tr><tr><td colspan=\"2\">&nbsp;<\/td><td>O<\/td><td>Turisti\u010dka industrija<\/td><td colspan=\"2\">2<\/td><td colspan=\"2\">2<\/td><td colspan=\"2\">6<\/td><\/tr><tr><td colspan=\"2\">&nbsp;<\/td><td>Z<\/td><td>Odr\u017eivi turizam<\/td><td colspan=\"2\">2<\/td><td colspan=\"2\">2<\/td><td colspan=\"2\">5<\/td><\/tr><tr><td colspan=\"2\">&nbsp;<\/td><td>Z<\/td><td>Istra\u017eivanje turisti\u010dkog tr\u017ei\u0161ta<\/td><td colspan=\"2\">2<\/td><td colspan=\"2\">2<\/td><td colspan=\"2\">5<\/td><\/tr><tr><td colspan=\"2\">&nbsp;<\/td><td>Z<\/td><td>Savremeni trendovi u turizmu i ugostiteljstvu<\/td><td colspan=\"2\">2<\/td><td colspan=\"2\">2<\/td><td colspan=\"2\">5<\/td><\/tr><tr><td colspan=\"8\">&nbsp;<\/td><td colspan=\"2\">30<\/td><\/tr><tr><td colspan=\"10\"><strong>\u0160esti semestar<\/strong><\/td><\/tr><tr><td colspan=\"2\">1.<\/td><td>O<\/td><td>Upravljanje kvalitetom<\/td><td colspan=\"2\">2<\/td><td colspan=\"2\">2<\/td><td colspan=\"2\">7<\/td><\/tr><tr><td colspan=\"2\">2.<\/td><td>O<\/td><td>Turisti\u010dki proizvod<\/td><td colspan=\"2\">2<\/td><td colspan=\"2\">2<\/td><td colspan=\"2\">6<\/td><\/tr><tr><td colspan=\"2\">3.<\/td><td>O<\/td><td><strong>Tema diplome<\/strong><strong><\/strong><\/td><td colspan=\"2\">2<\/td><td colspan=\"2\">2<\/td><td colspan=\"2\">6<\/td><\/tr><tr><td colspan=\"2\">4.<\/td><td>O<\/td><td>Upravljanje turisti\u010dkim destinacijama<\/td><td colspan=\"2\">2<\/td><td colspan=\"2\">2<\/td><td colspan=\"2\">6<\/td><\/tr><tr><td colspan=\"2\">5.<\/td><td>Z<\/td><td>Turisti\u010dke agencije<\/td><td colspan=\"2\">2<\/td><td colspan=\"2\">2<\/td><td colspan=\"2\">5<\/td><\/tr><tr><td colspan=\"2\">6.<\/td><td>Z<\/td><td>Me\u0111unarodni turizam<\/td><td colspan=\"2\">2<\/td><td colspan=\"2\">2<\/td><td colspan=\"2\">5<\/td><\/tr><tr><td colspan=\"2\">7.<\/td><td>Z<\/td><td>Upravljanje prirodom i za\u0161tita (Prirodni pejza\u017ei)<\/td><td colspan=\"2\">2<\/td><td colspan=\"2\">2<\/td><td colspan=\"2\">5<\/td><\/tr><tr><td colspan=\"8\"><strong>UKUPNO:<\/strong><\/td><td colspan=\"2\">30<\/td><\/tr><\/tbody><\/table><\/figure>","protected":false},"excerpt":{"rendered":"<p>Menaxhim n\u00eb Turiz\u00ebm dhe Hotelieri 2025-2028 Viti I Semestri I Or\u00eb\/jav\u00eb Nr. O\/Z L\u00ebnd\u00ebt L&hellip;<\/p>","protected":false},"author":1,"featured_media":0,"parent":0,"menu_order":0,"comment_status":"closed","ping_status":"closed","template":"","meta":{"footnotes":""},"class_list":["post-49385","page","type-page","status-publish","hentry"],"yoast_head":"<!-- This site is optimized with the Yoast SEO Premium plugin v27.2 (Yoast SEO v27.2) - https:\/\/yoast.com\/product\/yoast-seo-premium-wordpress\/ -->\n<title>Menaxhim n\u00eb Turiz\u00ebm dhe Hotelieri 2025-2028 - Fakulteti i Menaxhimit n\u00eb Turiz\u00ebm, Hotelieri dhe Mjedis<\/title>\n<meta name=\"robots\" content=\"index, follow, max-snippet:-1, max-image-preview:large, max-video-preview:-1\" \/>\n<link rel=\"canonical\" href=\"https:\/\/unhz.eu\/fmthm\/bs\/menaxhim-ne-turizem-dhe-hotelieri-2025-2028\/\" \/>\n<meta property=\"og:locale\" content=\"bs_BA\" \/>\n<meta property=\"og:type\" content=\"article\" \/>\n<meta property=\"og:title\" content=\"Menaxhim n\u00eb Turiz\u00ebm dhe Hotelieri 2025-2028\" \/>\n<meta property=\"og:description\" content=\"Menaxhim n\u00eb Turiz\u00ebm dhe Hotelieri 2025-2028 Viti I Semestri I Or\u00eb\/jav\u00eb Nr. O\/Z L\u00ebnd\u00ebt L&hellip;\" \/>\n<meta property=\"og:url\" content=\"https:\/\/unhz.eu\/fmthm\/bs\/menaxhim-ne-turizem-dhe-hotelieri-2025-2028\/\" \/>\n<meta property=\"og:site_name\" content=\"Fakulteti i Menaxhimit n\u00eb Turiz\u00ebm, Hotelieri dhe Mjedis\" \/>\n<meta property=\"article:modified_time\" content=\"2025-10-29T08:12:21+00:00\" \/>\n<meta name=\"twitter:card\" content=\"summary_large_image\" \/>\n<meta name=\"twitter:label1\" content=\"Est. reading time\" \/>\n\t<meta name=\"twitter:data1\" content=\"2 minute\" \/>\n<script type=\"application\/ld+json\" class=\"yoast-schema-graph\">{\"@context\":\"https:\/\/schema.org\",\"@graph\":[{\"@type\":\"WebPage\",\"@id\":\"https:\/\/unhz.eu\/fmthm\/menaxhim-ne-turizem-dhe-hotelieri-2025-2028\/\",\"url\":\"https:\/\/unhz.eu\/fmthm\/menaxhim-ne-turizem-dhe-hotelieri-2025-2028\/\",\"name\":\"Menaxhim n\u00eb Turiz\u00ebm dhe Hotelieri 2025-2028 - Fakulteti i Menaxhimit n\u00eb Turiz\u00ebm, Hotelieri dhe Mjedis\",\"isPartOf\":{\"@id\":\"https:\/\/unhz.eu\/fmthm\/#website\"},\"datePublished\":\"2025-10-27T14:29:40+00:00\",\"dateModified\":\"2025-10-29T08:12:21+00:00\",\"breadcrumb\":{\"@id\":\"https:\/\/unhz.eu\/fmthm\/menaxhim-ne-turizem-dhe-hotelieri-2025-2028\/#breadcrumb\"},\"inLanguage\":\"bs-BA\",\"potentialAction\":[{\"@type\":\"ReadAction\",\"target\":[\"https:\/\/unhz.eu\/fmthm\/menaxhim-ne-turizem-dhe-hotelieri-2025-2028\/\"]}]},{\"@type\":\"BreadcrumbList\",\"@id\":\"https:\/\/unhz.eu\/fmthm\/menaxhim-ne-turizem-dhe-hotelieri-2025-2028\/#breadcrumb\",\"itemListElement\":[{\"@type\":\"ListItem\",\"position\":1,\"name\":\"Home\",\"item\":\"https:\/\/unhz.eu\/fmthm\/\"},{\"@type\":\"ListItem\",\"position\":2,\"name\":\"Menaxhim n\u00eb Turiz\u00ebm dhe Hotelieri 2025-2028\"}]},{\"@type\":\"WebSite\",\"@id\":\"https:\/\/unhz.eu\/fmthm\/#website\",\"url\":\"https:\/\/unhz.eu\/fmthm\/\",\"name\":\"Fakulteti i Menaxhimit n\u00eb Turiz\u00ebm, Hotelieri dhe Mjedis\",\"description\":\"I dedikuar p\u00ebr cil\u00ebsi standarde dhe suksese\",\"publisher\":{\"@id\":\"https:\/\/unhz.eu\/fmthm\/#organization\"},\"potentialAction\":[{\"@type\":\"SearchAction\",\"target\":{\"@type\":\"EntryPoint\",\"urlTemplate\":\"https:\/\/unhz.eu\/fmthm\/?s={search_term_string}\"},\"query-input\":{\"@type\":\"PropertyValueSpecification\",\"valueRequired\":true,\"valueName\":\"search_term_string\"}}],\"inLanguage\":\"bs-BA\"},{\"@type\":\"Organization\",\"@id\":\"https:\/\/unhz.eu\/fmthm\/#organization\",\"name\":\"Fakulteti i Menaxhimit n\u00eb Turiz\u00ebm, Hotelieri dhe Mjedis\",\"url\":\"https:\/\/unhz.eu\/fmthm\/\",\"logo\":{\"@type\":\"ImageObject\",\"inLanguage\":\"bs-BA\",\"@id\":\"https:\/\/unhz.eu\/fmthm\/#\/schema\/logo\/image\/\",\"url\":\"https:\/\/unhz.eu\/fmthm\/wp-content\/uploads\/sites\/10\/2024\/02\/cropped-logo-1-1-e1713527702695.png\",\"contentUrl\":\"https:\/\/unhz.eu\/fmthm\/wp-content\/uploads\/sites\/10\/2024\/02\/cropped-logo-1-1-e1713527702695.png\",\"width\":100,\"height\":100,\"caption\":\"Fakulteti i Menaxhimit n\u00eb Turiz\u00ebm, Hotelieri dhe Mjedis\"},\"image\":{\"@id\":\"https:\/\/unhz.eu\/fmthm\/#\/schema\/logo\/image\/\"}}]}<\/script>\n<!-- \/ Yoast SEO Premium plugin. -->","yoast_head_json":{"title":"Menaxhim n\u00eb Turiz\u00ebm dhe Hotelieri 2025-2028 - Fakulteti i Menaxhimit n\u00eb Turiz\u00ebm, Hotelieri dhe Mjedis","robots":{"index":"index","follow":"follow","max-snippet":"max-snippet:-1","max-image-preview":"max-image-preview:large","max-video-preview":"max-video-preview:-1"},"canonical":"https:\/\/unhz.eu\/fmthm\/bs\/menaxhim-ne-turizem-dhe-hotelieri-2025-2028\/","og_locale":"bs_BA","og_type":"article","og_title":"Menaxhim n\u00eb Turiz\u00ebm dhe Hotelieri 2025-2028","og_description":"Menaxhim n\u00eb Turiz\u00ebm dhe Hotelieri 2025-2028 Viti I Semestri I Or\u00eb\/jav\u00eb Nr. O\/Z L\u00ebnd\u00ebt L&hellip;","og_url":"https:\/\/unhz.eu\/fmthm\/bs\/menaxhim-ne-turizem-dhe-hotelieri-2025-2028\/","og_site_name":"Fakulteti i Menaxhimit n\u00eb Turiz\u00ebm, Hotelieri dhe Mjedis","article_modified_time":"2025-10-29T08:12:21+00:00","twitter_card":"summary_large_image","twitter_misc":{"Est. reading time":"2 minute"},"schema":{"@context":"https:\/\/schema.org","@graph":[{"@type":"WebPage","@id":"https:\/\/unhz.eu\/fmthm\/menaxhim-ne-turizem-dhe-hotelieri-2025-2028\/","url":"https:\/\/unhz.eu\/fmthm\/menaxhim-ne-turizem-dhe-hotelieri-2025-2028\/","name":"Menaxhim n\u00eb Turiz\u00ebm dhe Hotelieri 2025-2028 - Fakulteti i Menaxhimit n\u00eb Turiz\u00ebm, Hotelieri dhe Mjedis","isPartOf":{"@id":"https:\/\/unhz.eu\/fmthm\/#website"},"datePublished":"2025-10-27T14:29:40+00:00","dateModified":"2025-10-29T08:12:21+00:00","breadcrumb":{"@id":"https:\/\/unhz.eu\/fmthm\/menaxhim-ne-turizem-dhe-hotelieri-2025-2028\/#breadcrumb"},"inLanguage":"bs-BA","potentialAction":[{"@type":"ReadAction","target":["https:\/\/unhz.eu\/fmthm\/menaxhim-ne-turizem-dhe-hotelieri-2025-2028\/"]}]},{"@type":"BreadcrumbList","@id":"https:\/\/unhz.eu\/fmthm\/menaxhim-ne-turizem-dhe-hotelieri-2025-2028\/#breadcrumb","itemListElement":[{"@type":"ListItem","position":1,"name":"Home","item":"https:\/\/unhz.eu\/fmthm\/"},{"@type":"ListItem","position":2,"name":"Menaxhim n\u00eb Turiz\u00ebm dhe Hotelieri 2025-2028"}]},{"@type":"WebSite","@id":"https:\/\/unhz.eu\/fmthm\/#website","url":"https:\/\/unhz.eu\/fmthm\/","name":"Fakultet za turizam, ugostiteljstvo i upravljanje okoli\u0161em","description":"Posve\u0107eni standardnoj kvaliteti i uspjehu","publisher":{"@id":"https:\/\/unhz.eu\/fmthm\/#organization"},"potentialAction":[{"@type":"SearchAction","target":{"@type":"EntryPoint","urlTemplate":"https:\/\/unhz.eu\/fmthm\/?s={search_term_string}"},"query-input":{"@type":"PropertyValueSpecification","valueRequired":true,"valueName":"search_term_string"}}],"inLanguage":"bs-BA"},{"@type":"Organization","@id":"https:\/\/unhz.eu\/fmthm\/#organization","name":"Fakultet za turizam, ugostiteljstvo i upravljanje okoli\u0161em","url":"https:\/\/unhz.eu\/fmthm\/","logo":{"@type":"ImageObject","inLanguage":"bs-BA","@id":"https:\/\/unhz.eu\/fmthm\/#\/schema\/logo\/image\/","url":"https:\/\/unhz.eu\/fmthm\/wp-content\/uploads\/sites\/10\/2024\/02\/cropped-logo-1-1-e1713527702695.png","contentUrl":"https:\/\/unhz.eu\/fmthm\/wp-content\/uploads\/sites\/10\/2024\/02\/cropped-logo-1-1-e1713527702695.png","width":100,"height":100,"caption":"Fakulteti i Menaxhimit n\u00eb Turiz\u00ebm, Hotelieri dhe Mjedis"},"image":{"@id":"https:\/\/unhz.eu\/fmthm\/#\/schema\/logo\/image\/"}}]}},"_links":{"self":[{"href":"https:\/\/unhz.eu\/fmthm\/bs\/wp-json\/wp\/v2\/pages\/49385","targetHints":{"allow":["GET"]}}],"collection":[{"href":"https:\/\/unhz.eu\/fmthm\/bs\/wp-json\/wp\/v2\/pages"}],"about":[{"href":"https:\/\/unhz.eu\/fmthm\/bs\/wp-json\/wp\/v2\/types\/page"}],"author":[{"embeddable":true,"href":"https:\/\/unhz.eu\/fmthm\/bs\/wp-json\/wp\/v2\/users\/1"}],"replies":[{"embeddable":true,"href":"https:\/\/unhz.eu\/fmthm\/bs\/wp-json\/wp\/v2\/comments?post=49385"}],"version-history":[{"count":4,"href":"https:\/\/unhz.eu\/fmthm\/bs\/wp-json\/wp\/v2\/pages\/49385\/revisions"}],"predecessor-version":[{"id":49425,"href":"https:\/\/unhz.eu\/fmthm\/bs\/wp-json\/wp\/v2\/pages\/49385\/revisions\/49425"}],"wp:attachment":[{"href":"https:\/\/unhz.eu\/fmthm\/bs\/wp-json\/wp\/v2\/media?parent=49385"}],"curies":[{"name":"wp","href":"https:\/\/api.w.org\/{rel}","templated":true}]}}