{"id":49224,"date":"2025-10-03T13:46:25","date_gmt":"2025-10-03T13:46:25","guid":{"rendered":"https:\/\/unhz.eu\/fmthm\/?page_id=49224"},"modified":"2025-10-23T07:26:12","modified_gmt":"2025-10-23T07:26:12","slug":"programi-mmtb","status":"publish","type":"page","link":"https:\/\/unhz.eu\/fmthm\/bs\/programi-mmtb\/","title":{"rendered":"Programi MMTB"},"content":{"rendered":"<p>Menad\u017ement turisti\u010dkog marketinga na bosanskom jeziku \u2013 MSc.<\/p>\n\n\n\n<figure class=\"wp-block-table\"><table><tbody><tr><td colspan=\"7\"><strong>PRVA GODINA<\/strong><\/td><\/tr><tr><td colspan=\"4\"><strong>SEMESTAR I<\/strong><strong><\/strong><\/td><td colspan=\"3\"><strong>VRIJEME - NEDJELJA<\/strong><\/td><\/tr><tr><td><strong>Br.<\/strong><\/td><td><strong>O\/I<\/strong><\/td><td><strong>Predmet<\/strong><\/td><td><strong>P<\/strong><\/td><td colspan=\"2\"><strong>V<\/strong><\/td><td><strong>ECTS<\/strong><\/td><\/tr><tr><td><strong>&nbsp;<\/strong><\/td><td>O<\/td><td>Metodologija nau\u010dno \u2013 istra\u017eiva\u010dkog rada<\/td><td>2<\/td><td colspan=\"2\">2<\/td><td>7<strong><\/strong><\/td><\/tr><tr><td><strong>&nbsp;<\/strong><\/td><td>O<\/td><td>Strate\u0161ki menad\u017ement turisti\u010dkog marketinga<\/td><td>2<\/td><td colspan=\"2\">2<\/td><td>6<strong><\/strong><\/td><\/tr><tr><td><strong>&nbsp;<\/strong><\/td><td>O<\/td><td>Menad\u017ement ljudskih resursa<\/td><td>2<\/td><td colspan=\"2\">2<\/td><td>6<strong><\/strong><\/td><\/tr><tr><td><strong>&nbsp;<\/strong><\/td><td>O<\/td><td>Upravljanje turisti\u010dkim destinacijama<\/td><td>2<\/td><td colspan=\"2\">2<\/td><td>6<strong><\/strong><\/td><\/tr><tr><td><strong>&nbsp;<\/strong><\/td><td>I<\/td><td>Pravo potro\u0161a\u010da<\/td><td>2<\/td><td colspan=\"2\">2<\/td><td>5<strong><\/strong><\/td><\/tr><tr><td><strong>&nbsp;<\/strong><\/td><td>I<\/td><td>Turizam, kultura i dru\u0161tvo<\/td><td>2<\/td><td colspan=\"2\">2<\/td><td>5<strong><\/strong><\/td><\/tr><tr><td><strong>&nbsp;<\/strong><\/td><td>I<\/td><td>Globalne perspektive turizma<\/td><td>2<\/td><td colspan=\"2\">2<\/td><td>5<strong><\/strong><\/td><\/tr><tr><td><strong>&nbsp;<\/strong><\/td><td>&nbsp;<\/td><td><strong>UKUPNO<\/strong><\/td><td>&nbsp;<\/td><td colspan=\"2\">&nbsp;<\/td><td><strong>30<\/strong><\/td><\/tr><tr><td colspan=\"7\"><strong>&nbsp;<\/strong><\/td><\/tr><tr><td colspan=\"5\"><strong>SEMESTAR II<\/strong><\/td><td colspan=\"2\"><strong>VRIJEME - NEDJELJA<\/strong><\/td><\/tr><tr><td><strong>Br.<\/strong><strong><\/strong><\/td><td><strong>O\/\u017d<\/strong><strong><\/strong><\/td><td><strong>Predmet<\/strong><strong><\/strong><\/td><td><strong>P<\/strong><strong><\/strong><\/td><td colspan=\"2\"><strong>V<\/strong><strong><\/strong><\/td><td><strong>ECTS<\/strong><strong><\/strong><\/td><\/tr><tr><td><strong>&nbsp;<\/strong><\/td><td>O<\/td><td>Istra\u017eivanje tr\u017ei\u0161ta<\/td><td>2<\/td><td colspan=\"2\">2<\/td><td><strong>7<\/strong><\/td><\/tr><tr><td><strong>&nbsp;<\/strong><\/td><td>O<\/td><td>Pona\u0161anje potro\u0161a\u010da<\/td><td>2<\/td><td colspan=\"2\">2<\/td><td><strong>6<\/strong><strong><\/strong><\/td><\/tr><tr><td><strong>&nbsp;<\/strong><\/td><td>O<\/td><td>Integrisane marketin\u0161ke komunikacije<\/td><td>2<\/td><td colspan=\"2\">2<\/td><td><strong>6<\/strong><\/td><\/tr><tr><td><strong>&nbsp;<\/strong><\/td><td>O<\/td><td>Industrija turizma i ugostiteljstva<\/td><td>2<\/td><td colspan=\"2\">2<\/td><td><strong>6<\/strong><strong><\/strong><\/td><\/tr><tr><td><strong>&nbsp;<\/strong><\/td><td>I<\/td><td>Zeleno preduzetni\u0161tvo<\/td><td>2<\/td><td colspan=\"2\">2<\/td><td><strong>5<\/strong><\/td><\/tr><tr><td><strong>&nbsp;<\/strong><\/td><td>I<\/td><td>Inovacije i menad\u017ement projekata<\/td><td>2<\/td><td colspan=\"2\">2<\/td><td><strong>5<\/strong><strong><\/strong><\/td><\/tr><tr><td><strong>&nbsp;<\/strong><\/td><td>I<\/td><td>Zeleni marketing<\/td><td>2<\/td><td colspan=\"2\">2<\/td><td><strong>5<\/strong><\/td><\/tr><tr><td><strong>&nbsp;<\/strong><\/td><td>&nbsp;<\/td><td><strong>UKUPNO<\/strong><strong><\/strong><\/td><td>&nbsp;<\/td><td colspan=\"2\">&nbsp;<\/td><td><strong>30<\/strong><strong><\/strong><\/td><\/tr><tr><td colspan=\"7\"><strong>&nbsp;<\/strong><\/td><\/tr><tr><td colspan=\"7\"><strong>ZGRADA II<\/strong><strong><\/strong><\/td><\/tr><tr><td colspan=\"4\"><strong>SEMESTAR III<\/strong><\/td><td colspan=\"3\"><strong>VRIJEME - NEDJELJA<\/strong><\/td><\/tr><tr><td><strong>Br.<\/strong><strong><\/strong><\/td><td><strong>O\/I<\/strong><strong><\/strong><\/td><td><strong>Predmet<\/strong><strong><\/strong><\/td><td><strong>P<\/strong><strong><\/strong><\/td><td colspan=\"2\"><strong>V<\/strong><strong><\/strong><\/td><td><strong>ECTS<\/strong><strong><\/strong><\/td><\/tr><tr><td><strong><\/strong><strong>&nbsp;<\/strong><\/td><td>O<\/td><td>E-turizam i digitalni marketing<\/td><td>2<\/td><td colspan=\"2\">2<\/td><td><strong>7<\/strong><\/td><\/tr><tr><td><strong><\/strong><strong>&nbsp;<\/strong><\/td><td>O<\/td><td>Marketing usluga<\/td><td>2<\/td><td colspan=\"2\">2<\/td><td><strong>6<\/strong><strong><\/strong><\/td><\/tr><tr><td><strong><\/strong><strong>&nbsp;<\/strong><\/td><td>O<\/td><td>Analiza podataka i upravljanje odnosima sa kupcima<\/td><td>2<\/td><td colspan=\"2\">2<\/td><td><strong>6<\/strong><\/td><\/tr><tr><td><strong><\/strong><strong>&nbsp;<\/strong><\/td><td>O<\/td><td>Stru\u010dna praksa<\/td><td>2<\/td><td colspan=\"2\">4<\/td><td><strong>6<\/strong><strong><\/strong><\/td><\/tr><tr><td><strong><\/strong><strong>&nbsp;<\/strong><\/td><td>I<\/td><td>Bud\u017eetiranje i upravljanje tr\u017ei\u0161nim performansama<\/td><td>2<\/td><td colspan=\"2\">2<\/td><td><strong>5<\/strong><\/td><\/tr><tr><td><strong><\/strong><strong>&nbsp;<\/strong><\/td><td>I<\/td><td>Komunikacione liderske vje\u0161tine<\/td><td>2<\/td><td colspan=\"2\">2<\/td><td><strong>5<\/strong><strong><\/strong><\/td><\/tr><tr><td><strong><\/strong><strong>&nbsp;<\/strong><\/td><td>I<\/td><td>Internet pravo i za\u0161tita podataka o privatnosti<\/td><td>2<\/td><td colspan=\"2\">2<\/td><td><strong>5<\/strong><\/td><\/tr><tr><td><strong>&nbsp;<\/strong><\/td><td>&nbsp;<\/td><td><strong>UKUPNO<\/strong><strong><\/strong><\/td><td>&nbsp;<\/td><td colspan=\"2\">&nbsp;<\/td><td><strong>30<\/strong><strong><\/strong><\/td><\/tr><tr><td colspan=\"7\"><strong>&nbsp;<\/strong><\/td><\/tr><tr><td colspan=\"3\"><strong>SEMESTAR IV<\/strong><strong><\/strong><\/td><td colspan=\"4\"><strong>VRIJEME - NEDJELJA<\/strong><\/td><\/tr><tr><td><strong>Br.<\/strong><\/td><td><strong>O\/I<\/strong><\/td><td><strong>Predmet<\/strong><\/td><td><strong>P<\/strong><\/td><td colspan=\"2\"><strong>V<\/strong><\/td><td><strong>ECTS<\/strong><\/td><\/tr><tr><td><strong><\/strong><strong>&nbsp;<\/strong><\/td><td>O<\/td><td>Master rad<\/td><td>&nbsp;<\/td><td colspan=\"2\">&nbsp;<\/td><td><strong>30<\/strong><strong><\/strong><\/td><\/tr><tr><td colspan=\"7\"><strong>UKUPNO 120 ECTS \u2013 KREDITA<\/strong><\/td><\/tr><\/tbody><\/table><\/figure>","protected":false},"excerpt":{"rendered":"<p>Menad\u017ement turisti\u010dkog marketinga na bosanskom jeziku \u2013 MSc. PRVA GODINA SEMESTAR I \u010cAS-NEDELJA Br. O\/I&hellip;<\/p>","protected":false},"author":1,"featured_media":0,"parent":0,"menu_order":0,"comment_status":"closed","ping_status":"closed","template":"","meta":{"footnotes":""},"class_list":["post-49224","page","type-page","status-publish","hentry"],"yoast_head":"<!-- This site is optimized with the Yoast SEO Premium plugin v27.2 (Yoast SEO v27.2) - https:\/\/yoast.com\/product\/yoast-seo-premium-wordpress\/ -->\n<title>Programi MMTB - Fakulteti i Menaxhimit n\u00eb Turiz\u00ebm, Hotelieri dhe Mjedis<\/title>\n<meta name=\"robots\" content=\"index, follow, max-snippet:-1, max-image-preview:large, max-video-preview:-1\" \/>\n<link rel=\"canonical\" href=\"https:\/\/unhz.eu\/fmthm\/bs\/programi-mmtb\/\" \/>\n<meta property=\"og:locale\" content=\"bs_BA\" \/>\n<meta property=\"og:type\" content=\"article\" \/>\n<meta property=\"og:title\" content=\"Programi MMTB\" \/>\n<meta property=\"og:description\" content=\"Menad\u017ement turisti\u010dkog marketinga na bosanskom jeziku \u2013 MSc. PRVA GODINA SEMESTAR I \u010cAS-NEDELJA Br. O\/I&hellip;\" \/>\n<meta property=\"og:url\" content=\"https:\/\/unhz.eu\/fmthm\/bs\/programi-mmtb\/\" \/>\n<meta property=\"og:site_name\" content=\"Fakulteti i Menaxhimit n\u00eb Turiz\u00ebm, Hotelieri dhe Mjedis\" \/>\n<meta property=\"article:modified_time\" content=\"2025-10-23T07:26:12+00:00\" \/>\n<meta name=\"twitter:card\" content=\"summary_large_image\" \/>\n<meta name=\"twitter:label1\" content=\"Est. reading time\" \/>\n\t<meta name=\"twitter:data1\" content=\"1 minuta\" \/>\n<script type=\"application\/ld+json\" class=\"yoast-schema-graph\">{\"@context\":\"https:\/\/schema.org\",\"@graph\":[{\"@type\":\"WebPage\",\"@id\":\"https:\/\/unhz.eu\/fmthm\/programi-mmtb\/\",\"url\":\"https:\/\/unhz.eu\/fmthm\/programi-mmtb\/\",\"name\":\"Programi MMTB - Fakulteti i Menaxhimit n\u00eb Turiz\u00ebm, Hotelieri dhe Mjedis\",\"isPartOf\":{\"@id\":\"https:\/\/unhz.eu\/fmthm\/#website\"},\"datePublished\":\"2025-10-03T13:46:25+00:00\",\"dateModified\":\"2025-10-23T07:26:12+00:00\",\"breadcrumb\":{\"@id\":\"https:\/\/unhz.eu\/fmthm\/programi-mmtb\/#breadcrumb\"},\"inLanguage\":\"bs-BA\",\"potentialAction\":[{\"@type\":\"ReadAction\",\"target\":[\"https:\/\/unhz.eu\/fmthm\/programi-mmtb\/\"]}]},{\"@type\":\"BreadcrumbList\",\"@id\":\"https:\/\/unhz.eu\/fmthm\/programi-mmtb\/#breadcrumb\",\"itemListElement\":[{\"@type\":\"ListItem\",\"position\":1,\"name\":\"Home\",\"item\":\"https:\/\/unhz.eu\/fmthm\/\"},{\"@type\":\"ListItem\",\"position\":2,\"name\":\"Programi MMTB\"}]},{\"@type\":\"WebSite\",\"@id\":\"https:\/\/unhz.eu\/fmthm\/#website\",\"url\":\"https:\/\/unhz.eu\/fmthm\/\",\"name\":\"Fakulteti i Menaxhimit n\u00eb Turiz\u00ebm, Hotelieri dhe Mjedis\",\"description\":\"I dedikuar p\u00ebr cil\u00ebsi standarde dhe suksese\",\"publisher\":{\"@id\":\"https:\/\/unhz.eu\/fmthm\/#organization\"},\"potentialAction\":[{\"@type\":\"SearchAction\",\"target\":{\"@type\":\"EntryPoint\",\"urlTemplate\":\"https:\/\/unhz.eu\/fmthm\/?s={search_term_string}\"},\"query-input\":{\"@type\":\"PropertyValueSpecification\",\"valueRequired\":true,\"valueName\":\"search_term_string\"}}],\"inLanguage\":\"bs-BA\"},{\"@type\":\"Organization\",\"@id\":\"https:\/\/unhz.eu\/fmthm\/#organization\",\"name\":\"Fakulteti i Menaxhimit n\u00eb Turiz\u00ebm, Hotelieri dhe Mjedis\",\"url\":\"https:\/\/unhz.eu\/fmthm\/\",\"logo\":{\"@type\":\"ImageObject\",\"inLanguage\":\"bs-BA\",\"@id\":\"https:\/\/unhz.eu\/fmthm\/#\/schema\/logo\/image\/\",\"url\":\"https:\/\/unhz.eu\/fmthm\/wp-content\/uploads\/sites\/10\/2024\/02\/cropped-logo-1-1-e1713527702695.png\",\"contentUrl\":\"https:\/\/unhz.eu\/fmthm\/wp-content\/uploads\/sites\/10\/2024\/02\/cropped-logo-1-1-e1713527702695.png\",\"width\":100,\"height\":100,\"caption\":\"Fakulteti i Menaxhimit n\u00eb Turiz\u00ebm, Hotelieri dhe Mjedis\"},\"image\":{\"@id\":\"https:\/\/unhz.eu\/fmthm\/#\/schema\/logo\/image\/\"}}]}<\/script>\n<!-- \/ Yoast SEO Premium plugin. -->","yoast_head_json":{"title":"Programi MMTB - Fakulteti i Menaxhimit n\u00eb Turiz\u00ebm, Hotelieri dhe Mjedis","robots":{"index":"index","follow":"follow","max-snippet":"max-snippet:-1","max-image-preview":"max-image-preview:large","max-video-preview":"max-video-preview:-1"},"canonical":"https:\/\/unhz.eu\/fmthm\/bs\/programi-mmtb\/","og_locale":"bs_BA","og_type":"article","og_title":"Programi MMTB","og_description":"Menad\u017ement turisti\u010dkog marketinga na bosanskom jeziku \u2013 MSc. PRVA GODINA SEMESTAR I \u010cAS-NEDELJA Br. O\/I&hellip;","og_url":"https:\/\/unhz.eu\/fmthm\/bs\/programi-mmtb\/","og_site_name":"Fakulteti i Menaxhimit n\u00eb Turiz\u00ebm, Hotelieri dhe Mjedis","article_modified_time":"2025-10-23T07:26:12+00:00","twitter_card":"summary_large_image","twitter_misc":{"Est. reading time":"1 minuta"},"schema":{"@context":"https:\/\/schema.org","@graph":[{"@type":"WebPage","@id":"https:\/\/unhz.eu\/fmthm\/programi-mmtb\/","url":"https:\/\/unhz.eu\/fmthm\/programi-mmtb\/","name":"Programi MMTB - Fakulteti i Menaxhimit n\u00eb Turiz\u00ebm, Hotelieri dhe Mjedis","isPartOf":{"@id":"https:\/\/unhz.eu\/fmthm\/#website"},"datePublished":"2025-10-03T13:46:25+00:00","dateModified":"2025-10-23T07:26:12+00:00","breadcrumb":{"@id":"https:\/\/unhz.eu\/fmthm\/programi-mmtb\/#breadcrumb"},"inLanguage":"bs-BA","potentialAction":[{"@type":"ReadAction","target":["https:\/\/unhz.eu\/fmthm\/programi-mmtb\/"]}]},{"@type":"BreadcrumbList","@id":"https:\/\/unhz.eu\/fmthm\/programi-mmtb\/#breadcrumb","itemListElement":[{"@type":"ListItem","position":1,"name":"Home","item":"https:\/\/unhz.eu\/fmthm\/"},{"@type":"ListItem","position":2,"name":"Programi MMTB"}]},{"@type":"WebSite","@id":"https:\/\/unhz.eu\/fmthm\/#website","url":"https:\/\/unhz.eu\/fmthm\/","name":"Fakultet za turizam, ugostiteljstvo i upravljanje okoli\u0161em","description":"Posve\u0107eni standardnoj kvaliteti i uspjehu","publisher":{"@id":"https:\/\/unhz.eu\/fmthm\/#organization"},"potentialAction":[{"@type":"SearchAction","target":{"@type":"EntryPoint","urlTemplate":"https:\/\/unhz.eu\/fmthm\/?s={search_term_string}"},"query-input":{"@type":"PropertyValueSpecification","valueRequired":true,"valueName":"search_term_string"}}],"inLanguage":"bs-BA"},{"@type":"Organization","@id":"https:\/\/unhz.eu\/fmthm\/#organization","name":"Fakultet za turizam, ugostiteljstvo i upravljanje okoli\u0161em","url":"https:\/\/unhz.eu\/fmthm\/","logo":{"@type":"ImageObject","inLanguage":"bs-BA","@id":"https:\/\/unhz.eu\/fmthm\/#\/schema\/logo\/image\/","url":"https:\/\/unhz.eu\/fmthm\/wp-content\/uploads\/sites\/10\/2024\/02\/cropped-logo-1-1-e1713527702695.png","contentUrl":"https:\/\/unhz.eu\/fmthm\/wp-content\/uploads\/sites\/10\/2024\/02\/cropped-logo-1-1-e1713527702695.png","width":100,"height":100,"caption":"Fakulteti i Menaxhimit n\u00eb Turiz\u00ebm, Hotelieri dhe Mjedis"},"image":{"@id":"https:\/\/unhz.eu\/fmthm\/#\/schema\/logo\/image\/"}}]}},"_links":{"self":[{"href":"https:\/\/unhz.eu\/fmthm\/bs\/wp-json\/wp\/v2\/pages\/49224","targetHints":{"allow":["GET"]}}],"collection":[{"href":"https:\/\/unhz.eu\/fmthm\/bs\/wp-json\/wp\/v2\/pages"}],"about":[{"href":"https:\/\/unhz.eu\/fmthm\/bs\/wp-json\/wp\/v2\/types\/page"}],"author":[{"embeddable":true,"href":"https:\/\/unhz.eu\/fmthm\/bs\/wp-json\/wp\/v2\/users\/1"}],"replies":[{"embeddable":true,"href":"https:\/\/unhz.eu\/fmthm\/bs\/wp-json\/wp\/v2\/comments?post=49224"}],"version-history":[{"count":2,"href":"https:\/\/unhz.eu\/fmthm\/bs\/wp-json\/wp\/v2\/pages\/49224\/revisions"}],"predecessor-version":[{"id":49246,"href":"https:\/\/unhz.eu\/fmthm\/bs\/wp-json\/wp\/v2\/pages\/49224\/revisions\/49246"}],"wp:attachment":[{"href":"https:\/\/unhz.eu\/fmthm\/bs\/wp-json\/wp\/v2\/media?parent=49224"}],"curies":[{"name":"wp","href":"https:\/\/api.w.org\/{rel}","templated":true}]}}