{"id":49220,"date":"2025-10-03T13:44:39","date_gmt":"2025-10-03T13:44:39","guid":{"rendered":"https:\/\/unhz.eu\/fmthm\/?page_id=49220"},"modified":"2025-10-23T07:34:06","modified_gmt":"2025-10-23T07:34:06","slug":"programi-mmt","status":"publish","type":"page","link":"https:\/\/unhz.eu\/fmthm\/bs\/programi-mmt\/","title":{"rendered":"MMT program"},"content":{"rendered":"<p>Upravljanje marketingom u turizmu<\/p>\n\n\n\n<figure class=\"wp-block-table\"><table><tbody><tr><td colspan=\"6\"><strong>Prva godina<\/strong><\/td><\/tr><tr><td colspan=\"3\"><strong>Prvi semestar<\/strong><\/td><td colspan=\"3\"><strong>Sati\/sedmi\u010dno<\/strong><\/td><\/tr><tr><td><strong>Ne.<\/strong><\/td><td><strong>O\/\u017d<\/strong><\/td><td><strong>PREDMETI<\/strong><\/td><td><strong>L<\/strong><\/td><td><strong>U<\/strong><\/td><td><strong>ECTS<\/strong><\/td><\/tr><tr><td>\u00a01<\/td><td>O<\/td><td>Metodologija nau\u010dnog istra\u017eivanja&nbsp;<\/td><td>2<\/td><td>2<\/td><td>7<\/td><\/tr><tr><td>\u00a02<\/td><td>O<\/td><td>Strate\u0161ko upravljanje turisti\u010dkim marketingom<\/td><td>2<\/td><td>2<\/td><td>6<\/td><\/tr><tr><td>\u00a03<\/td><td>O<\/td><td>Upravljanje ljudskim resursima<\/td><td>2<\/td><td>2<\/td><td>6<\/td><\/tr><tr><td>\u00a04<\/td><td>O<\/td><td><a href=\"https:\/\/www.uef.fi\/en\/degree-programme\/masters-degree-programme-in-tourism-marketing-and-management\"><\/a><a href=\"https:\/\/www.uef.fi\/en\/degree-programme\/masters-degree-programme-in-tourism-marketing-and-management\"><\/a>Upravljanje turisti\u010dkim destinacijama<\/td><td>2<\/td><td>2<\/td><td>6<\/td><\/tr><tr><td>\u00a05<\/td><td>Z<\/td><td>Prava potro\u0161a\u010da<\/td><td>2<\/td><td>2<\/td><td>5<\/td><\/tr><tr><td>\u00a06<\/td><td>Z<\/td><td>Turizam, kultura i dru\u0161tvo<\/td><td>2<\/td><td>2<\/td><td>5<\/td><\/tr><tr><td>\u00a07<\/td><td>Z<\/td><td>Perspektiva globalnog turizma<\/td><td>2<\/td><td>2<\/td><td>5<\/td><\/tr><tr><td>\u00a0<\/td><td>&nbsp;<\/td><td>UKUPNO<\/td><td>&nbsp;<\/td><td>&nbsp;<\/td><td>30<\/td><\/tr><tr><td colspan=\"6\"><strong>Drugi semestar<\/strong><\/td><\/tr><tr><td><strong>Ne.<\/strong><\/td><td><strong>O\/\u017d<\/strong><\/td><td><strong>PREDMETI<\/strong><\/td><td><strong>L<\/strong><\/td><td><strong>U<\/strong><\/td><td><strong>ECTS<\/strong><\/td><\/tr><tr><td>1.<\/td><td>O<\/td><td>Istra\u017eivanje tr\u017ei\u0161ta<\/td><td>2<\/td><td>2<\/td><td>7<\/td><\/tr><tr><td>2.<\/td><td>O<\/td><td>Pona\u0161anje potro\u0161a\u010da<\/td><td>2<\/td><td>2<\/td><td>6<\/td><\/tr><tr><td>3.<\/td><td>O<\/td><td>Integrisana marketin\u0161ka komunikacija<\/td><td>2<\/td><td>2<\/td><td>6<\/td><\/tr><tr><td>4.<\/td><td>O<\/td><td>Turisti\u010dka i ugostiteljska industrija<\/td><td>2<\/td><td>2<\/td><td>6<\/td><\/tr><tr><td>5.<\/td><td>Z<\/td><td>Zeleno poduzetni\u0161tvo<\/td><td>2<\/td><td>2<\/td><td>5<\/td><\/tr><tr><td>6.<\/td><td>Z<\/td><td>Inovacije i upravljanje projektima<\/td><td>2<\/td><td>2<\/td><td>5<\/td><\/tr><tr><td>7.<\/td><td>Z<\/td><td>&nbsp;Zeleni marketing<\/td><td>2<\/td><td>2<\/td><td>5<\/td><\/tr><tr><td>&nbsp;<\/td><td>&nbsp;<\/td><td>UKUPNO<\/td><td>&nbsp;<\/td><td>&nbsp;<\/td><td>30<\/td><\/tr><tr><td colspan=\"6\"><strong>Tre\u0107i semestar<\/strong><\/td><\/tr><tr><td><strong>Ne.<\/strong><\/td><td><strong>O\/\u017d<\/strong><\/td><td><strong>PREDMETI<\/strong><\/td><td><strong>L<\/strong><\/td><td><strong>U<\/strong><\/td><td><strong>ECTS<\/strong><\/td><\/tr><tr><td>\u00a01<\/td><td>O<\/td><td>e-Turizam i digitalni marketing<\/td><td>2<\/td><td>2<\/td><td>7<\/td><\/tr><tr><td>\u00a02<\/td><td>O<\/td><td>Marketing usluga<\/td><td>2<\/td><td>2<\/td><td>6<\/td><\/tr><tr><td>\u00a03<\/td><td>O<\/td><td>Analiza podataka i upravljanje odnosima s klijentima<\/td><td>2<\/td><td>2<\/td><td>6<\/td><\/tr><tr><td>\u00a04<\/td><td>O<\/td><td>Praksa<\/td><td>0<\/td><td>4<\/td><td>6<\/td><\/tr><tr><td>\u00a05<\/td><td>Z<\/td><td>Bud\u017eetiranje i upravljanje tr\u017ei\u0161nim performansama<\/td><td>2<\/td><td>2<\/td><td>5<\/td><\/tr><tr><td>\u00a06<\/td><td>Z<\/td><td>Komunikacijske vje\u0161tine liderstva<\/td><td>2<\/td><td>2<\/td><td>5<\/td><\/tr><tr><td>\u00a07<\/td><td>Z<\/td><td>Internet zakon i privatnost podataka<\/td><td>2<\/td><td>2<\/td><td>5<\/td><\/tr><tr><td>&nbsp;<\/td><td>&nbsp;<\/td><td>UKUPNO<\/td><td>&nbsp;<\/td><td>&nbsp;<\/td><td>30<\/td><\/tr><tr><td colspan=\"6\"><strong>\u010cetvrti semestar<\/strong><\/td><\/tr><tr><td><strong>Ne.<\/strong><\/td><td><strong>O\/\u017d<\/strong><\/td><td><strong>PREDMETI<\/strong><\/td><td><strong>L<\/strong><\/td><td><strong>U<\/strong><\/td><td><strong>ECTS<\/strong><\/td><\/tr><tr><td>1.<\/td><td>O<\/td><td>Rad na magistarskom radu<\/td><td>&nbsp;<\/td><td>&nbsp;<\/td><td>30<\/td><\/tr><\/tbody><\/table><\/figure>","protected":false},"excerpt":{"rendered":"<p>Menaxhimi i Marketingut Turistik Viti I Semestri I Or\u00eb\/jav\u00eb Nr. O\/Z L\u00ebnd\u00ebt L U ECTS&hellip;<\/p>","protected":false},"author":1,"featured_media":0,"parent":0,"menu_order":0,"comment_status":"closed","ping_status":"closed","template":"","meta":{"footnotes":""},"class_list":["post-49220","page","type-page","status-publish","hentry"],"yoast_head":"<!-- This site is optimized with the Yoast SEO Premium plugin v27.2 (Yoast SEO v27.2) - https:\/\/yoast.com\/product\/yoast-seo-premium-wordpress\/ -->\n<title>Programi MMT - Fakulteti i Menaxhimit n\u00eb Turiz\u00ebm, Hotelieri dhe Mjedis<\/title>\n<meta name=\"robots\" content=\"index, follow, max-snippet:-1, max-image-preview:large, max-video-preview:-1\" \/>\n<link rel=\"canonical\" href=\"https:\/\/unhz.eu\/fmthm\/bs\/programi-mmt\/\" \/>\n<meta property=\"og:locale\" content=\"bs_BA\" \/>\n<meta property=\"og:type\" content=\"article\" \/>\n<meta property=\"og:title\" content=\"Programi MMT\" \/>\n<meta property=\"og:description\" content=\"Menaxhimi i Marketingut Turistik Viti I Semestri I Or\u00eb\/jav\u00eb Nr. O\/Z L\u00ebnd\u00ebt L U ECTS&hellip;\" \/>\n<meta property=\"og:url\" content=\"https:\/\/unhz.eu\/fmthm\/bs\/programi-mmt\/\" \/>\n<meta property=\"og:site_name\" content=\"Fakulteti i Menaxhimit n\u00eb Turiz\u00ebm, Hotelieri dhe Mjedis\" \/>\n<meta property=\"article:modified_time\" content=\"2025-10-23T07:34:06+00:00\" \/>\n<meta name=\"twitter:card\" content=\"summary_large_image\" \/>\n<meta name=\"twitter:label1\" content=\"Est. reading time\" \/>\n\t<meta name=\"twitter:data1\" content=\"2 minute\" \/>\n<script type=\"application\/ld+json\" class=\"yoast-schema-graph\">{\"@context\":\"https:\/\/schema.org\",\"@graph\":[{\"@type\":\"WebPage\",\"@id\":\"https:\/\/unhz.eu\/fmthm\/programi-mmt\/\",\"url\":\"https:\/\/unhz.eu\/fmthm\/programi-mmt\/\",\"name\":\"Programi MMT - Fakulteti i Menaxhimit n\u00eb Turiz\u00ebm, Hotelieri dhe Mjedis\",\"isPartOf\":{\"@id\":\"https:\/\/unhz.eu\/fmthm\/#website\"},\"datePublished\":\"2025-10-03T13:44:39+00:00\",\"dateModified\":\"2025-10-23T07:34:06+00:00\",\"breadcrumb\":{\"@id\":\"https:\/\/unhz.eu\/fmthm\/programi-mmt\/#breadcrumb\"},\"inLanguage\":\"bs-BA\",\"potentialAction\":[{\"@type\":\"ReadAction\",\"target\":[\"https:\/\/unhz.eu\/fmthm\/programi-mmt\/\"]}]},{\"@type\":\"BreadcrumbList\",\"@id\":\"https:\/\/unhz.eu\/fmthm\/programi-mmt\/#breadcrumb\",\"itemListElement\":[{\"@type\":\"ListItem\",\"position\":1,\"name\":\"Home\",\"item\":\"https:\/\/unhz.eu\/fmthm\/\"},{\"@type\":\"ListItem\",\"position\":2,\"name\":\"Programi MMT\"}]},{\"@type\":\"WebSite\",\"@id\":\"https:\/\/unhz.eu\/fmthm\/#website\",\"url\":\"https:\/\/unhz.eu\/fmthm\/\",\"name\":\"Fakulteti i Menaxhimit n\u00eb Turiz\u00ebm, Hotelieri dhe Mjedis\",\"description\":\"I dedikuar p\u00ebr cil\u00ebsi standarde dhe suksese\",\"publisher\":{\"@id\":\"https:\/\/unhz.eu\/fmthm\/#organization\"},\"potentialAction\":[{\"@type\":\"SearchAction\",\"target\":{\"@type\":\"EntryPoint\",\"urlTemplate\":\"https:\/\/unhz.eu\/fmthm\/?s={search_term_string}\"},\"query-input\":{\"@type\":\"PropertyValueSpecification\",\"valueRequired\":true,\"valueName\":\"search_term_string\"}}],\"inLanguage\":\"bs-BA\"},{\"@type\":\"Organization\",\"@id\":\"https:\/\/unhz.eu\/fmthm\/#organization\",\"name\":\"Fakulteti i Menaxhimit n\u00eb Turiz\u00ebm, Hotelieri dhe Mjedis\",\"url\":\"https:\/\/unhz.eu\/fmthm\/\",\"logo\":{\"@type\":\"ImageObject\",\"inLanguage\":\"bs-BA\",\"@id\":\"https:\/\/unhz.eu\/fmthm\/#\/schema\/logo\/image\/\",\"url\":\"https:\/\/unhz.eu\/fmthm\/wp-content\/uploads\/sites\/10\/2024\/02\/cropped-logo-1-1-e1713527702695.png\",\"contentUrl\":\"https:\/\/unhz.eu\/fmthm\/wp-content\/uploads\/sites\/10\/2024\/02\/cropped-logo-1-1-e1713527702695.png\",\"width\":100,\"height\":100,\"caption\":\"Fakulteti i Menaxhimit n\u00eb Turiz\u00ebm, Hotelieri dhe Mjedis\"},\"image\":{\"@id\":\"https:\/\/unhz.eu\/fmthm\/#\/schema\/logo\/image\/\"}}]}<\/script>\n<!-- \/ Yoast SEO Premium plugin. -->","yoast_head_json":{"title":"Programi MMT - Fakulteti i Menaxhimit n\u00eb Turiz\u00ebm, Hotelieri dhe Mjedis","robots":{"index":"index","follow":"follow","max-snippet":"max-snippet:-1","max-image-preview":"max-image-preview:large","max-video-preview":"max-video-preview:-1"},"canonical":"https:\/\/unhz.eu\/fmthm\/bs\/programi-mmt\/","og_locale":"bs_BA","og_type":"article","og_title":"Programi MMT","og_description":"Menaxhimi i Marketingut Turistik Viti I Semestri I Or\u00eb\/jav\u00eb Nr. O\/Z L\u00ebnd\u00ebt L U ECTS&hellip;","og_url":"https:\/\/unhz.eu\/fmthm\/bs\/programi-mmt\/","og_site_name":"Fakulteti i Menaxhimit n\u00eb Turiz\u00ebm, Hotelieri dhe Mjedis","article_modified_time":"2025-10-23T07:34:06+00:00","twitter_card":"summary_large_image","twitter_misc":{"Est. reading time":"2 minute"},"schema":{"@context":"https:\/\/schema.org","@graph":[{"@type":"WebPage","@id":"https:\/\/unhz.eu\/fmthm\/programi-mmt\/","url":"https:\/\/unhz.eu\/fmthm\/programi-mmt\/","name":"Programi MMT - Fakulteti i Menaxhimit n\u00eb Turiz\u00ebm, Hotelieri dhe Mjedis","isPartOf":{"@id":"https:\/\/unhz.eu\/fmthm\/#website"},"datePublished":"2025-10-03T13:44:39+00:00","dateModified":"2025-10-23T07:34:06+00:00","breadcrumb":{"@id":"https:\/\/unhz.eu\/fmthm\/programi-mmt\/#breadcrumb"},"inLanguage":"bs-BA","potentialAction":[{"@type":"ReadAction","target":["https:\/\/unhz.eu\/fmthm\/programi-mmt\/"]}]},{"@type":"BreadcrumbList","@id":"https:\/\/unhz.eu\/fmthm\/programi-mmt\/#breadcrumb","itemListElement":[{"@type":"ListItem","position":1,"name":"Home","item":"https:\/\/unhz.eu\/fmthm\/"},{"@type":"ListItem","position":2,"name":"Programi MMT"}]},{"@type":"WebSite","@id":"https:\/\/unhz.eu\/fmthm\/#website","url":"https:\/\/unhz.eu\/fmthm\/","name":"Fakultet za turizam, ugostiteljstvo i upravljanje okoli\u0161em","description":"Posve\u0107eni standardnoj kvaliteti i uspjehu","publisher":{"@id":"https:\/\/unhz.eu\/fmthm\/#organization"},"potentialAction":[{"@type":"SearchAction","target":{"@type":"EntryPoint","urlTemplate":"https:\/\/unhz.eu\/fmthm\/?s={search_term_string}"},"query-input":{"@type":"PropertyValueSpecification","valueRequired":true,"valueName":"search_term_string"}}],"inLanguage":"bs-BA"},{"@type":"Organization","@id":"https:\/\/unhz.eu\/fmthm\/#organization","name":"Fakultet za turizam, ugostiteljstvo i upravljanje okoli\u0161em","url":"https:\/\/unhz.eu\/fmthm\/","logo":{"@type":"ImageObject","inLanguage":"bs-BA","@id":"https:\/\/unhz.eu\/fmthm\/#\/schema\/logo\/image\/","url":"https:\/\/unhz.eu\/fmthm\/wp-content\/uploads\/sites\/10\/2024\/02\/cropped-logo-1-1-e1713527702695.png","contentUrl":"https:\/\/unhz.eu\/fmthm\/wp-content\/uploads\/sites\/10\/2024\/02\/cropped-logo-1-1-e1713527702695.png","width":100,"height":100,"caption":"Fakulteti i Menaxhimit n\u00eb Turiz\u00ebm, Hotelieri dhe Mjedis"},"image":{"@id":"https:\/\/unhz.eu\/fmthm\/#\/schema\/logo\/image\/"}}]}},"_links":{"self":[{"href":"https:\/\/unhz.eu\/fmthm\/bs\/wp-json\/wp\/v2\/pages\/49220","targetHints":{"allow":["GET"]}}],"collection":[{"href":"https:\/\/unhz.eu\/fmthm\/bs\/wp-json\/wp\/v2\/pages"}],"about":[{"href":"https:\/\/unhz.eu\/fmthm\/bs\/wp-json\/wp\/v2\/types\/page"}],"author":[{"embeddable":true,"href":"https:\/\/unhz.eu\/fmthm\/bs\/wp-json\/wp\/v2\/users\/1"}],"replies":[{"embeddable":true,"href":"https:\/\/unhz.eu\/fmthm\/bs\/wp-json\/wp\/v2\/comments?post=49220"}],"version-history":[{"count":5,"href":"https:\/\/unhz.eu\/fmthm\/bs\/wp-json\/wp\/v2\/pages\/49220\/revisions"}],"predecessor-version":[{"id":49250,"href":"https:\/\/unhz.eu\/fmthm\/bs\/wp-json\/wp\/v2\/pages\/49220\/revisions\/49250"}],"wp:attachment":[{"href":"https:\/\/unhz.eu\/fmthm\/bs\/wp-json\/wp\/v2\/media?parent=49220"}],"curies":[{"name":"wp","href":"https:\/\/api.w.org\/{rel}","templated":true}]}}