{"id":48839,"date":"2025-01-17T09:53:50","date_gmt":"2025-01-17T09:53:50","guid":{"rendered":"https:\/\/unhz.eu\/fmthm\/?page_id=48839"},"modified":"2026-01-29T13:20:22","modified_gmt":"2026-01-29T12:20:22","slug":"menaxhim-ne-turizem-bsc-gjuhe-boshnjake-2022-2025","status":"publish","type":"page","link":"https:\/\/unhz.eu\/fmthm\/bs\/programet-mtb\/menaxhim-ne-turizem-bsc-gjuhe-boshnjake-2022-2025\/","title":{"rendered":"Menad\u017ement turizma (Bsc) Bosanski jezik 2022-2025"},"content":{"rendered":"<p>Pregled programa: Menad\u017ement u turizmu (Bsc) Bosanski jezik 2022-2025<\/p>\n\n\n\n<figure class=\"wp-block-table\"><table class=\"has-fixed-layout\"><tbody><tr><td colspan=\"6\"><strong>GODINA I<\/strong><\/td><\/tr><tr><td colspan=\"3\"><strong>SEMESTAR I<\/strong><\/td><td colspan=\"3\"><strong>SATI-TJEDNO<\/strong><\/td><\/tr><tr><td><strong>Ne.<\/strong><\/td><td><strong>O\/\u017d<\/strong><\/td><td><strong>PREDMETI<\/strong><\/td><td><strong>L<\/strong><\/td><td><strong>U<\/strong><\/td><td><strong>ECTS<\/strong><\/td><\/tr><tr><td><strong>1.<\/strong><\/td><td><strong>O<\/strong><\/td><td><a href=\"https:\/\/old.unhz.eu\/wp-content\/uploads\/2024\/01\/BAZAT-E-MENAXHIMIT.pdf\">OSNOVE MENAD\u017dMENTA<\/a><\/td><td>2<\/td><td>2<\/td><td><strong>6<\/strong><\/td><\/tr><tr><td><strong>2.<\/strong><\/td><td><strong>O<\/strong><\/td><td><a href=\"https:\/\/old.unhz.eu\/wp-content\/uploads\/2024\/01\/Hyrje-ne-Turizem.pdf\">Uvod u turizam<\/a><\/td><td>2<\/td><td>2<\/td><td><strong>5<\/strong><\/td><\/tr><tr><td><strong>3.<\/strong><\/td><td><strong>O<\/strong><\/td><td><a href=\"https:\/\/old.unhz.eu\/wp-content\/uploads\/2024\/01\/Matematika-Financiare.pdf\">Finansijska matematika<\/a><\/td><td>2<\/td><td>2<\/td><td><strong>7<\/strong><\/td><\/tr><tr><td><strong>4.<\/strong><\/td><td><strong>O<\/strong><\/td><td><a href=\"https:\/\/old.unhz.eu\/wp-content\/uploads\/2024\/01\/MIKROEKONOMIA-2022.pdf\">MIKROEKONOMIJA<\/a><\/td><td>2<\/td><td>2<\/td><td><strong>7<\/strong><\/td><\/tr><tr><td><strong>5.<\/strong><\/td><td><strong>O<\/strong><\/td><td><a href=\"https:\/\/old.unhz.eu\/wp-content\/uploads\/2024\/01\/Bazat-e-biznesit-ne-turizem-dhe-hoteleri.pdf\">Osnove poslovanja u turizmu i ugostiteljstvu<\/a><\/td><td>2<\/td><td>2<\/td><td><strong>5<\/strong><\/td><\/tr><tr><td><\/td><td><\/td><td><strong>UKUPNO<\/strong><\/td><td><\/td><td><\/td><td><strong>30<\/strong><\/td><\/tr><tr><td colspan=\"3\"><strong>SEMESTAR II<\/strong><\/td><td colspan=\"3\"><strong>SATI-TJEDNO<\/strong><\/td><\/tr><tr><td><strong>Ne.<\/strong><\/td><td><strong>O\/\u017d<\/strong><\/td><td><strong>PREDMETI<\/strong><\/td><td><strong>L<\/strong><\/td><td><strong>U<\/strong><\/td><td><strong>ECTS<\/strong><\/td><\/tr><tr><td><strong>1.<\/strong><\/td><td>O<\/td><td><a href=\"https:\/\/old.unhz.eu\/wp-content\/uploads\/2024\/01\/Informatika-ne-turizem.pdf\">Informatika u turizmu<\/a><\/td><td>2<\/td><td>2<\/td><td><strong>5<\/strong><\/td><\/tr><tr><td><strong>2.<\/strong><\/td><td>O<\/td><td><a href=\"https:\/\/old.unhz.eu\/wp-content\/uploads\/2024\/01\/MAKROEKONOMIA.pdf\">MAKROEKONOMIJA<\/a><\/td><td>2<\/td><td>2<\/td><td><strong>7<\/strong><\/td><\/tr><tr><td><strong>3.<\/strong><\/td><td>O<\/td><td><a href=\"https:\/\/old.unhz.eu\/wp-content\/uploads\/2024\/01\/SHKRIM-AKADEMIK.pdf\">AKADEMSKO PISANJE<\/a><\/td><td>2<\/td><td>2<\/td><td><strong>5<\/strong><\/td><\/tr><tr><td><strong>4.<\/strong><\/td><td>O<\/td><td><a href=\"https:\/\/old.unhz.eu\/wp-content\/uploads\/2024\/01\/HYRJE-NE-STATISTIKA.pdf\">UVOD U STATISTIKU<\/a><\/td><td>2<\/td><td>2<\/td><td><strong>6<\/strong><\/td><\/tr><tr><td><strong>5.<\/strong><\/td><td>O<\/td><td><a href=\"https:\/\/old.unhz.eu\/wp-content\/uploads\/2024\/01\/BAZAT-E-KONTABILITETIT-NE-TURIZEM.pdf\">OSNOVE RA\u010cUNOVODSTVA U TURIZMU<\/a><\/td><td>2<\/td><td>2<\/td><td><strong>7<\/strong><\/td><\/tr><tr><td><\/td><td><\/td><td><strong>UKUPNO<\/strong><\/td><td><\/td><td><\/td><td><strong>30<\/strong><\/td><\/tr><tr><td colspan=\"6\"><strong>GODINA II<\/strong><\/td><\/tr><tr><td colspan=\"3\"><strong>SEMESTAR III<\/strong><\/td><td colspan=\"3\"><strong>SATI-TJEDNO<\/strong><\/td><\/tr><tr><td><strong>Ne.<\/strong><\/td><td><strong>O\/\u017d<\/strong><\/td><td><strong>PREDMETI<\/strong><\/td><td><strong>L<\/strong><\/td><td><strong>U<\/strong><\/td><td><strong>ECTS<\/strong><\/td><\/tr><tr><td><strong>1.<\/strong><\/td><td>O<\/td><td><a href=\"https:\/\/old.unhz.eu\/wp-content\/uploads\/2024\/01\/E-DREJTA-NE-TURIZEM-DHE-HOTELERI.pdf\">TURISTI\u010cKO I HOTELSKO ZAKONODAVSTVO<\/a><\/td><td>2<\/td><td>2<\/td><td><strong>6<\/strong><\/td><\/tr><tr><td><strong>2.<\/strong><\/td><td>O<\/td><td><a href=\"https:\/\/old.unhz.eu\/wp-content\/uploads\/2024\/01\/FINANCA-NE-TURIZEM-DHE-HOTELIERI.pdf\">FINANSIJE U TURIZMU I HOTELIMA<\/a><\/td><td>2<\/td><td>2<\/td><td><strong>7<\/strong><\/td><\/tr><tr><td><strong>3.<\/strong><\/td><td>O<\/td><td><a href=\"https:\/\/old.unhz.eu\/wp-content\/uploads\/2024\/01\/Gjuhe-Angleze-I-I-zgjeruar.pdf\">Engleski jezik I<\/a><\/td><td>2<\/td><td>2<\/td><td><strong>5<\/strong><\/td><\/tr><tr><td><strong>4.<\/strong><\/td><td>O<\/td><td><a href=\"https:\/\/old.unhz.eu\/wp-content\/uploads\/2024\/01\/Ekologjijavers-gjateshqipAdem-Dreshaj.pdf\">Ekologija<\/a><\/td><td>2<\/td><td>2<\/td><td><strong>7<\/strong><\/td><\/tr><tr><td><strong>5.<\/strong><\/td><td>Z<\/td><td><a href=\"https:\/\/old.unhz.eu\/wp-content\/uploads\/2024\/01\/BAZAT-E-MARKETINGUT-NE-TURIZEM-DHE-HOTELERI.pdf\">OSNOVE MARKETINGA U TURIZMU I HOTELIMA<\/a><\/td><td>2<\/td><td>2<\/td><td><strong>5<\/strong><\/td><\/tr><tr><td><strong>6.<\/strong><\/td><td>Z<\/td><td><a href=\"https:\/\/old.unhz.eu\/wp-content\/uploads\/2024\/01\/TRASHEGIMIA-KULTURORE-DHE-HISTORIKE.pdf\">KULTURNO I POVIJESNO NASLIJE\u0110E<\/a><\/td><td>2<\/td><td>2<\/td><td><strong>5<\/strong><\/td><\/tr><tr><td><strong>7.<\/strong><\/td><td>Z<\/td><td><a href=\"https:\/\/old.unhz.eu\/wp-content\/uploads\/2024\/01\/German-I.pdf\">Njema\u010dki jezik I<\/a><\/td><td>2<\/td><td>2<\/td><td><strong>5<\/strong><\/td><\/tr><tr><td><\/td><td><\/td><td><strong>UKUPNO<\/strong><\/td><td><\/td><td><\/td><td><strong>30<\/strong><\/td><\/tr><tr><td colspan=\"6\"><strong>U tre\u0107em semestru studenti su obavezni da izaberu izborni predmet.<\/strong><\/td><\/tr><tr><td colspan=\"3\"><strong>SEMESTAR IV<\/strong><\/td><td colspan=\"3\"><strong>SATI-TJEDNO<\/strong><\/td><\/tr><tr><td><strong>Ne.<\/strong><\/td><td><strong>O\/\u017d<\/strong><\/td><td><strong>PREDMETI<\/strong><\/td><td><strong>L<\/strong><\/td><td><strong>U<\/strong><\/td><td><strong>ECTS<\/strong><\/td><\/tr><tr><td><strong>1.<\/strong><\/td><td>O<\/td><td><a href=\"https:\/\/old.unhz.eu\/wp-content\/uploads\/2024\/01\/MENAXHIMI-I-LIDERSHIPIT.pdf\">UPRAVLJANJE LIDERSTVOM<\/a><\/td><td>2<\/td><td>2<\/td><td><strong>7<\/strong><\/td><\/tr><tr><td><strong>2.<\/strong><\/td><td>O<\/td><td><a href=\"https:\/\/old.unhz.eu\/wp-content\/uploads\/2024\/01\/Ekonomia-ne-Turizem.pdf\">Ekonomija u turizmu<\/a><\/td><td>2<\/td><td>2<\/td><td><strong>6<\/strong><\/td><\/tr><tr><td><strong>3.<\/strong><\/td><td>O<\/td><td><a href=\"https:\/\/old.unhz.eu\/wp-content\/uploads\/2024\/01\/Turizem-Nderkombetar.pdf\">Me\u0111unarodni turizam<\/a><\/td><td>2<\/td><td>2<\/td><td><strong>6<\/strong><\/td><\/tr><tr><td><strong>4.<\/strong><\/td><td>O<\/td><td><a href=\"https:\/\/old.unhz.eu\/wp-content\/uploads\/2024\/01\/Menaxhimi-i-Burimeve-Njerezore.pdf\">Upravljanje ljudskim resursima<\/a><\/td><td>2<\/td><td>2<\/td><td><strong>6<\/strong><\/td><\/tr><tr><td><strong>5.<\/strong><\/td><td>Z<\/td><td><a href=\"https:\/\/old.unhz.eu\/wp-content\/uploads\/2024\/01\/Gjuhe-Angleze-II-I-zgjeruar.pdf\">Engleski jezik II<\/a><\/td><td>2<\/td><td>2<\/td><td><strong>5<\/strong><\/td><\/tr><tr><td><strong>6.<\/strong><\/td><td>Z<\/td><td><a href=\"https:\/\/old.unhz.eu\/wp-content\/uploads\/2024\/01\/Gjermanishtvers-gjategjuhe-gjermane.pdf\">Njema\u010dki jezik II<\/a><\/td><td>2<\/td><td>2<\/td><td><strong>5<\/strong><\/td><\/tr><tr><td><strong>7.<\/strong><\/td><td>Z<\/td><td><a href=\"https:\/\/old.unhz.eu\/wp-content\/uploads\/2024\/01\/Zhvillimi-i-turizmit-te-qendrueshem-shqip-forma-e-gjate.pdf\">Odr\u017eivi razvoj turizma<\/a><\/td><td>2<\/td><td>2<\/td><td><strong>5<\/strong><\/td><\/tr><tr><td><\/td><td><\/td><td><strong>UKUPNO<\/strong><\/td><td><\/td><td><\/td><td><strong>30<\/strong><\/td><\/tr><tr><td colspan=\"6\"><strong>U \u010detvrtom semestru studenti su obavezni da izaberu izborni predmet.<\/strong><\/td><\/tr><tr><td colspan=\"6\"><strong>GODINA III<\/strong><\/td><\/tr><tr><td colspan=\"3\"><strong>SEMESTAR V<\/strong><\/td><td colspan=\"3\"><strong>SATI-TJEDNO<\/strong><\/td><\/tr><tr><td><strong>Ne.<\/strong><\/td><td><strong>O\/\u017d<\/strong><\/td><td><strong>PREDMETI<\/strong><\/td><td><strong>L<\/strong><\/td><td><strong>U<\/strong><\/td><td><strong>ECTS<\/strong><\/td><\/tr><tr><td><strong>1.<\/strong><\/td><td>O<\/td><td><a href=\"https:\/\/old.unhz.eu\/wp-content\/uploads\/2024\/01\/Mesim-Praktikvers-gjate.shqip_.pdf\">Prakti\u010dno u\u010denje<\/a><\/td><td><\/td><td>2<\/td><td><strong>8<\/strong><\/td><\/tr><tr><td><strong>2.<\/strong><\/td><td>O<\/td><td><a href=\"https:\/\/old.unhz.eu\/wp-content\/uploads\/2024\/01\/Mjedisi-i-Biznesit-ne-Turizem.pdf\">Turisti\u010dko poslovno okru\u017eenje<\/a><\/td><td>2<\/td><td>2<\/td><td><strong>6<\/strong><\/td><\/tr><tr><td><strong>3.<\/strong><\/td><td>O<\/td><td><a href=\"https:\/\/old.unhz.eu\/wp-content\/uploads\/2024\/01\/Menaxhimi-i-udhetimeve-turistike.pdf\">Upravljanje turisti\u010dkim putovanjima<\/a><\/td><td>2<\/td><td>2<\/td><td><strong>6<\/strong><\/td><\/tr><tr><td><strong>4.<\/strong><\/td><td>Z<\/td><td><a href=\"https:\/\/old.unhz.eu\/wp-content\/uploads\/2024\/01\/Menaxhimi-i-shitjeve-ne-turizem.pdf\">Upravljanje prodajom u turizmu<\/a><\/td><td>2<\/td><td>2<\/td><td><strong>5<\/strong><\/td><\/tr><tr><td><strong>5.<\/strong><\/td><td>Z<\/td><td><a href=\"https:\/\/old.unhz.eu\/wp-content\/uploads\/2024\/01\/Zhvillimi-i-produkteve-turistike.pdf\">Razvoj turisti\u010dkih proizvoda<\/a><\/td><td>2<\/td><td>2<\/td><td><strong>5<\/strong><\/td><\/tr><tr><td><strong>6.<\/strong><\/td><td>Z<\/td><td><a href=\"https:\/\/old.unhz.eu\/wp-content\/uploads\/2024\/01\/NJOHURI-DHE-TEKNOLOGJIA-E-USHQIMIT-DHE-PIJEVE-Adem-dreshaj.pdf\">ZNANJE I TEHNOLOGIJA U OBLASTI HRANE I PI\u0106A<\/a><\/td><td>2<\/td><td>2<\/td><td><strong>5<\/strong><\/td><\/tr><tr><td><\/td><td><\/td><td><strong>UKUPNO<\/strong><\/td><td><\/td><td><\/td><td><strong>30<\/strong><\/td><\/tr><tr><td colspan=\"6\"><strong>U petom semestru studenti su obavezni da izaberu dva izborna predmeta.<\/strong><\/td><\/tr><tr><td colspan=\"3\"><strong>SEMESTAR VI<\/strong><\/td><td colspan=\"3\"><strong>SATI-TJEDNO<\/strong><\/td><\/tr><tr><td><strong>Ne.<\/strong><\/td><td><strong>O\/\u017d<\/strong><\/td><td><strong>PREDMETI<\/strong><\/td><td><strong>L<\/strong><\/td><td><strong>U<\/strong><\/td><td><strong>ECTS<\/strong><\/td><\/tr><tr><td><strong>1.<\/strong><\/td><td>O<\/td><td><a href=\"https:\/\/old.unhz.eu\/wp-content\/uploads\/2024\/01\/Menaxhimi-i-udhetimeve-turistike.pdf\">Upravljanje turisti\u010dkim putovanjima<\/a><\/td><td>2<\/td><td>2<\/td><td><strong>5<\/strong><\/td><\/tr><tr><td><strong>2.<\/strong><\/td><td>O<\/td><td><a href=\"https:\/\/old.unhz.eu\/wp-content\/uploads\/2024\/01\/AGJENSIONET-TURISTIKE.pdf\">TURISTI\u010cKE AGENCIJE<\/a><\/td><td>2<\/td><td>2<\/td><td><strong>5<\/strong><\/td><\/tr><tr><td><strong>3.<\/strong><\/td><td>O<\/td><td>Diplomski rad<\/td><td>2<\/td><td>2<\/td><td><strong>10<\/strong><\/td><\/tr><tr><td><strong>4.<\/strong><\/td><td>Z<\/td><td><a href=\"https:\/\/old.unhz.eu\/wp-content\/uploads\/2024\/01\/Hulumtimi-i-tregut-turistik.pdf\">Istra\u017eivanje turisti\u010dkog tr\u017ei\u0161ta<\/a><\/td><td>2<\/td><td>2<\/td><td><strong>5<\/strong><\/td><\/tr><tr><td><strong>5.<\/strong><\/td><td>Z<\/td><td><a href=\"https:\/\/old.unhz.eu\/wp-content\/uploads\/2024\/01\/Organizimi-dhe-recepsioni-i-biznesit-te-hotelit.pdf\">Organizacija i recepcija hotelskog poslovanja<\/a><\/td><td>2<\/td><td>2<\/td><td><strong>5<\/strong><\/td><\/tr><tr><td><strong>6.<\/strong><\/td><td>Z<\/td><td><a href=\"https:\/\/old.unhz.eu\/wp-content\/uploads\/2024\/01\/MENAXHIMI-STRATEGJIK-NE-TURIZEM.pdf\">STRATE\u0160KI MENAD\u017dMENT U TURIZMU<\/a><\/td><td>2<\/td><td>2<\/td><td><strong>5<\/strong><\/td><\/tr><tr><td><\/td><td><\/td><td><strong>UKUPNO<\/strong><\/td><td><\/td><td><\/td><td><strong>30<\/strong><\/td><\/tr><tr><td colspan=\"6\"><strong>U \u0161estom semestru studenti su obavezni da izaberu dva izborna predmeta.<\/strong><\/td><\/tr><tr><td colspan=\"6\"><strong>UKUPNO ZA SVE TRE\u0106E GODINE \u2013 180 ECTS BODOVA<\/strong><\/td><\/tr><\/tbody><\/table><\/figure>","protected":false},"excerpt":{"rendered":"<p>Pasqyra e programit: Menaxhim n\u00eb Turiz\u00ebm (Bsc) gjuh\u00eb boshnjake 2022-2025 VITI I SEMESTRI I OR\u00cb-JAV\u00cb&hellip;<\/p>","protected":false},"author":1,"featured_media":0,"parent":48836,"menu_order":0,"comment_status":"closed","ping_status":"closed","template":"","meta":{"footnotes":""},"class_list":["post-48839","page","type-page","status-publish","hentry"],"yoast_head":"<!-- This site is optimized with the Yoast SEO Premium plugin v27.2 (Yoast SEO v27.2) - https:\/\/yoast.com\/product\/yoast-seo-premium-wordpress\/ -->\n<title>Menaxhim n\u00eb Turiz\u00ebm (Bsc) gjuh\u00eb boshnjake 2022-2025 - Fakulteti i Menaxhimit n\u00eb Turiz\u00ebm, Hotelieri dhe Mjedis<\/title>\n<meta name=\"description\" content=\"Pasqyra e programit Bachelor n\u00eb Menaxhim n\u00eb Turiz\u00ebm (gjuh\u00eb boshnjake) 2022\u20132025 \u2014 l\u00ebnd\u00ebt, or\u00ebt, ECTS dhe struktura semestrale p\u00ebr student\u00ebt e FMTHM\u2011s\u00eb te Universiteti \u201cHaxhi Zeka\u201d.\" \/>\n<meta name=\"robots\" content=\"index, follow, max-snippet:-1, max-image-preview:large, max-video-preview:-1\" \/>\n<link rel=\"canonical\" href=\"https:\/\/unhz.eu\/fmthm\/bs\/programet-mtb\/menaxhim-ne-turizem-bsc-gjuhe-boshnjake-2022-2025\/\" \/>\n<meta property=\"og:locale\" content=\"bs_BA\" \/>\n<meta property=\"og:type\" content=\"article\" \/>\n<meta property=\"og:title\" content=\"Menaxhim n\u00eb Turiz\u00ebm (Bsc) gjuh\u00eb boshnjake 2022-2025\" \/>\n<meta property=\"og:description\" content=\"Pasqyra e programit Bachelor n\u00eb Menaxhim n\u00eb Turiz\u00ebm (gjuh\u00eb boshnjake) 2022\u20132025 \u2014 l\u00ebnd\u00ebt, or\u00ebt, ECTS dhe struktura semestrale p\u00ebr student\u00ebt e FMTHM\u2011s\u00eb te Universiteti \u201cHaxhi Zeka\u201d.\" \/>\n<meta property=\"og:url\" content=\"https:\/\/unhz.eu\/fmthm\/bs\/programet-mtb\/menaxhim-ne-turizem-bsc-gjuhe-boshnjake-2022-2025\/\" \/>\n<meta property=\"og:site_name\" content=\"Fakulteti i Menaxhimit n\u00eb Turiz\u00ebm, Hotelieri dhe Mjedis\" \/>\n<meta property=\"article:modified_time\" content=\"2026-01-29T12:20:22+00:00\" \/>\n<meta name=\"twitter:card\" content=\"summary_large_image\" \/>\n<meta name=\"twitter:label1\" content=\"Est. reading time\" \/>\n\t<meta name=\"twitter:data1\" content=\"3 minute\" \/>\n<script type=\"application\/ld+json\" class=\"yoast-schema-graph\">{\"@context\":\"https:\/\/schema.org\",\"@graph\":[{\"@type\":\"WebPage\",\"@id\":\"https:\/\/unhz.eu\/fmthm\/programet-mtb\/menaxhim-ne-turizem-bsc-gjuhe-boshnjake-2022-2025\/\",\"url\":\"https:\/\/unhz.eu\/fmthm\/programet-mtb\/menaxhim-ne-turizem-bsc-gjuhe-boshnjake-2022-2025\/\",\"name\":\"Menaxhim n\u00eb Turiz\u00ebm (Bsc) gjuh\u00eb boshnjake 2022-2025 - Fakulteti i Menaxhimit n\u00eb Turiz\u00ebm, Hotelieri dhe Mjedis\",\"isPartOf\":{\"@id\":\"https:\/\/unhz.eu\/fmthm\/#website\"},\"datePublished\":\"2025-01-17T09:53:50+00:00\",\"dateModified\":\"2026-01-29T12:20:22+00:00\",\"description\":\"Pasqyra e programit Bachelor n\u00eb Menaxhim n\u00eb Turiz\u00ebm (gjuh\u00eb boshnjake) 2022\u20132025 \u2014 l\u00ebnd\u00ebt, or\u00ebt, ECTS dhe struktura semestrale p\u00ebr student\u00ebt e FMTHM\u2011s\u00eb te Universiteti \u201cHaxhi Zeka\u201d.\",\"breadcrumb\":{\"@id\":\"https:\/\/unhz.eu\/fmthm\/programet-mtb\/menaxhim-ne-turizem-bsc-gjuhe-boshnjake-2022-2025\/#breadcrumb\"},\"inLanguage\":\"bs-BA\",\"potentialAction\":[{\"@type\":\"ReadAction\",\"target\":[\"https:\/\/unhz.eu\/fmthm\/programet-mtb\/menaxhim-ne-turizem-bsc-gjuhe-boshnjake-2022-2025\/\"]}]},{\"@type\":\"BreadcrumbList\",\"@id\":\"https:\/\/unhz.eu\/fmthm\/programet-mtb\/menaxhim-ne-turizem-bsc-gjuhe-boshnjake-2022-2025\/#breadcrumb\",\"itemListElement\":[{\"@type\":\"ListItem\",\"position\":1,\"name\":\"Home\",\"item\":\"https:\/\/unhz.eu\/fmthm\/\"},{\"@type\":\"ListItem\",\"position\":2,\"name\":\"Programet MTB\",\"item\":\"https:\/\/unhz.eu\/fmthm\/programet-mtb\/\"},{\"@type\":\"ListItem\",\"position\":3,\"name\":\"Menaxhim n\u00eb Turiz\u00ebm (Bsc) gjuh\u00eb boshnjake 2022-2025\"}]},{\"@type\":\"WebSite\",\"@id\":\"https:\/\/unhz.eu\/fmthm\/#website\",\"url\":\"https:\/\/unhz.eu\/fmthm\/\",\"name\":\"Fakulteti i Menaxhimit n\u00eb Turiz\u00ebm, Hotelieri dhe Mjedis\",\"description\":\"I dedikuar p\u00ebr cil\u00ebsi standarde dhe suksese\",\"publisher\":{\"@id\":\"https:\/\/unhz.eu\/fmthm\/#organization\"},\"potentialAction\":[{\"@type\":\"SearchAction\",\"target\":{\"@type\":\"EntryPoint\",\"urlTemplate\":\"https:\/\/unhz.eu\/fmthm\/?s={search_term_string}\"},\"query-input\":{\"@type\":\"PropertyValueSpecification\",\"valueRequired\":true,\"valueName\":\"search_term_string\"}}],\"inLanguage\":\"bs-BA\"},{\"@type\":\"Organization\",\"@id\":\"https:\/\/unhz.eu\/fmthm\/#organization\",\"name\":\"Fakulteti i Menaxhimit n\u00eb Turiz\u00ebm, Hotelieri dhe Mjedis\",\"url\":\"https:\/\/unhz.eu\/fmthm\/\",\"logo\":{\"@type\":\"ImageObject\",\"inLanguage\":\"bs-BA\",\"@id\":\"https:\/\/unhz.eu\/fmthm\/#\/schema\/logo\/image\/\",\"url\":\"https:\/\/unhz.eu\/fmthm\/wp-content\/uploads\/sites\/10\/2024\/02\/cropped-logo-1-1-e1713527702695.png\",\"contentUrl\":\"https:\/\/unhz.eu\/fmthm\/wp-content\/uploads\/sites\/10\/2024\/02\/cropped-logo-1-1-e1713527702695.png\",\"width\":100,\"height\":100,\"caption\":\"Fakulteti i Menaxhimit n\u00eb Turiz\u00ebm, Hotelieri dhe Mjedis\"},\"image\":{\"@id\":\"https:\/\/unhz.eu\/fmthm\/#\/schema\/logo\/image\/\"}}]}<\/script>\n<!-- \/ Yoast SEO Premium plugin. -->","yoast_head_json":{"title":"Menaxhim n\u00eb Turiz\u00ebm (Bsc) gjuh\u00eb boshnjake 2022-2025 - Fakulteti i Menaxhimit n\u00eb Turiz\u00ebm, Hotelieri dhe Mjedis","description":"Pasqyra e programit Bachelor n\u00eb Menaxhim n\u00eb Turiz\u00ebm (gjuh\u00eb boshnjake) 2022\u20132025 \u2014 l\u00ebnd\u00ebt, or\u00ebt, ECTS dhe struktura semestrale p\u00ebr student\u00ebt e FMTHM\u2011s\u00eb te Universiteti \u201cHaxhi Zeka\u201d.","robots":{"index":"index","follow":"follow","max-snippet":"max-snippet:-1","max-image-preview":"max-image-preview:large","max-video-preview":"max-video-preview:-1"},"canonical":"https:\/\/unhz.eu\/fmthm\/bs\/programet-mtb\/menaxhim-ne-turizem-bsc-gjuhe-boshnjake-2022-2025\/","og_locale":"bs_BA","og_type":"article","og_title":"Menaxhim n\u00eb Turiz\u00ebm (Bsc) gjuh\u00eb boshnjake 2022-2025","og_description":"Pasqyra e programit Bachelor n\u00eb Menaxhim n\u00eb Turiz\u00ebm (gjuh\u00eb boshnjake) 2022\u20132025 \u2014 l\u00ebnd\u00ebt, or\u00ebt, ECTS dhe struktura semestrale p\u00ebr student\u00ebt e FMTHM\u2011s\u00eb te Universiteti \u201cHaxhi Zeka\u201d.","og_url":"https:\/\/unhz.eu\/fmthm\/bs\/programet-mtb\/menaxhim-ne-turizem-bsc-gjuhe-boshnjake-2022-2025\/","og_site_name":"Fakulteti i Menaxhimit n\u00eb Turiz\u00ebm, Hotelieri dhe Mjedis","article_modified_time":"2026-01-29T12:20:22+00:00","twitter_card":"summary_large_image","twitter_misc":{"Est. reading time":"3 minute"},"schema":{"@context":"https:\/\/schema.org","@graph":[{"@type":"WebPage","@id":"https:\/\/unhz.eu\/fmthm\/programet-mtb\/menaxhim-ne-turizem-bsc-gjuhe-boshnjake-2022-2025\/","url":"https:\/\/unhz.eu\/fmthm\/programet-mtb\/menaxhim-ne-turizem-bsc-gjuhe-boshnjake-2022-2025\/","name":"Menaxhim n\u00eb Turiz\u00ebm (Bsc) gjuh\u00eb boshnjake 2022-2025 - Fakulteti i Menaxhimit n\u00eb Turiz\u00ebm, Hotelieri dhe Mjedis","isPartOf":{"@id":"https:\/\/unhz.eu\/fmthm\/#website"},"datePublished":"2025-01-17T09:53:50+00:00","dateModified":"2026-01-29T12:20:22+00:00","description":"Pasqyra e programit Bachelor n\u00eb Menaxhim n\u00eb Turiz\u00ebm (gjuh\u00eb boshnjake) 2022\u20132025 \u2014 l\u00ebnd\u00ebt, or\u00ebt, ECTS dhe struktura semestrale p\u00ebr student\u00ebt e FMTHM\u2011s\u00eb te Universiteti \u201cHaxhi Zeka\u201d.","breadcrumb":{"@id":"https:\/\/unhz.eu\/fmthm\/programet-mtb\/menaxhim-ne-turizem-bsc-gjuhe-boshnjake-2022-2025\/#breadcrumb"},"inLanguage":"bs-BA","potentialAction":[{"@type":"ReadAction","target":["https:\/\/unhz.eu\/fmthm\/programet-mtb\/menaxhim-ne-turizem-bsc-gjuhe-boshnjake-2022-2025\/"]}]},{"@type":"BreadcrumbList","@id":"https:\/\/unhz.eu\/fmthm\/programet-mtb\/menaxhim-ne-turizem-bsc-gjuhe-boshnjake-2022-2025\/#breadcrumb","itemListElement":[{"@type":"ListItem","position":1,"name":"Home","item":"https:\/\/unhz.eu\/fmthm\/"},{"@type":"ListItem","position":2,"name":"Programet MTB","item":"https:\/\/unhz.eu\/fmthm\/programet-mtb\/"},{"@type":"ListItem","position":3,"name":"Menaxhim n\u00eb Turiz\u00ebm (Bsc) gjuh\u00eb boshnjake 2022-2025"}]},{"@type":"WebSite","@id":"https:\/\/unhz.eu\/fmthm\/#website","url":"https:\/\/unhz.eu\/fmthm\/","name":"Fakultet za turizam, ugostiteljstvo i upravljanje okoli\u0161em","description":"Posve\u0107eni standardnoj kvaliteti i uspjehu","publisher":{"@id":"https:\/\/unhz.eu\/fmthm\/#organization"},"potentialAction":[{"@type":"SearchAction","target":{"@type":"EntryPoint","urlTemplate":"https:\/\/unhz.eu\/fmthm\/?s={search_term_string}"},"query-input":{"@type":"PropertyValueSpecification","valueRequired":true,"valueName":"search_term_string"}}],"inLanguage":"bs-BA"},{"@type":"Organization","@id":"https:\/\/unhz.eu\/fmthm\/#organization","name":"Fakultet za turizam, ugostiteljstvo i upravljanje okoli\u0161em","url":"https:\/\/unhz.eu\/fmthm\/","logo":{"@type":"ImageObject","inLanguage":"bs-BA","@id":"https:\/\/unhz.eu\/fmthm\/#\/schema\/logo\/image\/","url":"https:\/\/unhz.eu\/fmthm\/wp-content\/uploads\/sites\/10\/2024\/02\/cropped-logo-1-1-e1713527702695.png","contentUrl":"https:\/\/unhz.eu\/fmthm\/wp-content\/uploads\/sites\/10\/2024\/02\/cropped-logo-1-1-e1713527702695.png","width":100,"height":100,"caption":"Fakulteti i Menaxhimit n\u00eb Turiz\u00ebm, Hotelieri dhe Mjedis"},"image":{"@id":"https:\/\/unhz.eu\/fmthm\/#\/schema\/logo\/image\/"}}]}},"_links":{"self":[{"href":"https:\/\/unhz.eu\/fmthm\/bs\/wp-json\/wp\/v2\/pages\/48839","targetHints":{"allow":["GET"]}}],"collection":[{"href":"https:\/\/unhz.eu\/fmthm\/bs\/wp-json\/wp\/v2\/pages"}],"about":[{"href":"https:\/\/unhz.eu\/fmthm\/bs\/wp-json\/wp\/v2\/types\/page"}],"author":[{"embeddable":true,"href":"https:\/\/unhz.eu\/fmthm\/bs\/wp-json\/wp\/v2\/users\/1"}],"replies":[{"embeddable":true,"href":"https:\/\/unhz.eu\/fmthm\/bs\/wp-json\/wp\/v2\/comments?post=48839"}],"version-history":[{"count":1,"href":"https:\/\/unhz.eu\/fmthm\/bs\/wp-json\/wp\/v2\/pages\/48839\/revisions"}],"predecessor-version":[{"id":49286,"href":"https:\/\/unhz.eu\/fmthm\/bs\/wp-json\/wp\/v2\/pages\/48839\/revisions\/49286"}],"up":[{"embeddable":true,"href":"https:\/\/unhz.eu\/fmthm\/bs\/wp-json\/wp\/v2\/pages\/48836"}],"wp:attachment":[{"href":"https:\/\/unhz.eu\/fmthm\/bs\/wp-json\/wp\/v2\/media?parent=48839"}],"curies":[{"name":"wp","href":"https:\/\/api.w.org\/{rel}","templated":true}]}}