{"id":48836,"date":"2025-01-17T09:54:06","date_gmt":"2025-01-17T09:54:06","guid":{"rendered":"https:\/\/unhz.eu\/fmthm\/?page_id=48836"},"modified":"2025-06-24T08:59:11","modified_gmt":"2025-06-24T08:59:11","slug":"programet-mtb","status":"publish","type":"page","link":"https:\/\/unhz.eu\/fmthm\/bs\/programet-mtb\/","title":{"rendered":"Programet MTB"},"content":{"rendered":"<h2 class=\"wp-block-heading\"><strong>Menad\u017ement turizma \u2013 Dodiplomski studij<\/strong><\/h2>\n\n\n\n<p><strong>Odaberi studiju u oblasti turizma \u2013 budu\u0107i sektor.<\/strong><br>Program dodiplomskog studija <strong>Menad\u017ement turizma<\/strong> nas <strong>Fakultet za menad\u017ement u turizmu, ugostiteljstvu i za\u0161titi okoli\u0161a<\/strong> April <strong>Univerzitet &quot;Had\u017ei Zeka&quot; u Pe\u0107i<\/strong>, .<\/p>\n\n\n\n<figure class=\"wp-block-embed is-type-video is-provider-youtube wp-block-embed-youtube wp-embed-aspect-16-9 wp-has-aspect-ratio\"><div class=\"wp-block-embed__wrapper\">\n<iframe loading=\"lazy\" title=\"Odaberite profesionalnu budu\u0107nost u turizmu! | www.unhz.eu\" width=\"1290\" height=\"726\" src=\"https:\/\/www.youtube.com\/embed\/WGlPk9P4rDg?feature=oembed\" frameborder=\"0\" allow=\"accelerometer; autoplay; clipboard-write; encrypted-media; gyroscope; picture-in-picture; web-share\" referrerpolicy=\"strict-origin-when-cross-origin\" allowfullscreen><\/iframe>\n<\/div><\/figure>\n\n\n\n<p>Cilj programa je obuka stru\u010dnjaka u turizmu, kao \u0161to nagla\u0161avamo:<\/p>\n\n\n\n<ul class=\"wp-block-list\">\n<li><strong>Odr\u017eivi razvoj turizma<\/strong><\/li>\n\n\n\n<li><strong>Upravljanje turisti\u010dkim destinacijama<\/strong><\/li>\n\n\n\n<li><strong>Hotelijerstvo i ugostiteljstvo<\/strong><\/li>\n\n\n\n<li><strong>Za\u0161tita okoli\u0161a i turizam<\/strong><\/li>\n<\/ul>\n\n\n\n<p>Studenti imaju priliku da:<\/p>\n\n\n\n<ul class=\"wp-block-list\">\n<li>u\u010de od vje\u010dnih i kvalificiranih pendektara<\/li>\n\n\n\n<li>\u0161tap <strong>prakti\u010dna iskustva u turisti\u010dkim agencijama i hotelima<\/strong><\/li>\n\n\n\n<li>u\u010destvovati u me\u0111unarodnoj razmjeni (npr. <strong>Erasmus+<\/strong>)<\/li>\n\n\n\n<li>razviti karijeru na doma\u0107em ili me\u0111unarodnom nivou<\/li>\n<\/ul>\n\n\n\n<p>\ud83d\udccc Ako tra\u017eite <strong>Fakultet za turizam na Kosovu<\/strong>, ko je gol <strong>kvalitetne studije turisti\u010dkog menad\u017ementa<\/strong>, onda je na\u0161 fakultet pravi izbor za tebe.<\/p>\n\n\n\n<p>\ud83c\udfaf <strong>Izvje\u0161tava se da je danas postao lider u budu\u0107em turizmu!<\/strong><\/p>\n\n\n\n<figure class=\"wp-block-embed is-type-wp-embed is-provider-fakulteti-i-menaxhimit-n-turiz-m-hotelieri-dhe-mjedis wp-block-embed-fakulteti-i-menaxhimit-n-turiz-m-hotelieri-dhe-mjedis\"><div class=\"wp-block-embed__wrapper\">\n<blockquote class=\"wp-embedded-content\" data-secret=\"ZlRHrd6Mqg\"><a href=\"https:\/\/unhz.eu\/fmthm\/bs\/menaxhim-ne-turizem-bsc-gjuhe-boshnjake-2022-2025\/\">Menad\u017ement turizma (Bsc) Bosanski jezik 2022-2025<\/a><\/blockquote><iframe loading=\"lazy\" class=\"wp-embedded-content\" sandbox=\"allow-scripts\" security=\"restricted\" style=\"position: absolute; visibility: hidden;\" title=\"\u201cMenad\u017ement turizma (Bsc) Bosanski jezik 2022-2025\u201d \u2014 Fakultet za turizam, ugostiteljstvo i menad\u017ement okoli\u0161a\" src=\"https:\/\/unhz.eu\/fmthm\/menaxhim-ne-turizem-bsc-gjuhe-boshnjake-2022-2025\/embed\/#?secret=XMtjCpKj7l#?secret=ZlRHrd6Mqg\" data-secret=\"ZlRHrd6Mqg\" width=\"600\" height=\"338\" frameborder=\"0\" marginwidth=\"0\" marginheight=\"0\" scrolling=\"no\"><\/iframe>\n<\/div><\/figure>\n\n\n\n<figure class=\"wp-block-embed is-type-wp-embed is-provider-fakulteti-i-menaxhimit-n-turiz-m-hotelieri-dhe-mjedis wp-block-embed-fakulteti-i-menaxhimit-n-turiz-m-hotelieri-dhe-mjedis\"><div class=\"wp-block-embed__wrapper\">\n<blockquote class=\"wp-embedded-content\" data-secret=\"yuWBReozuC\"><a href=\"https:\/\/unhz.eu\/fmthm\/bs\/menaxhim-ne-turizem-bsc-gjuhe-boshnjake\/\">Menad\u017ement u turizmu (Bsc) Bosanski jezik<\/a><\/blockquote><iframe loading=\"lazy\" class=\"wp-embedded-content\" sandbox=\"allow-scripts\" security=\"restricted\" style=\"position: absolute; visibility: hidden;\" title=\"\u201cTuristi\u010dki menad\u017ement (Bsc) Bosanski jezik\u201d \u2014 Fakultet za turizam, ugostiteljstvo i okoli\u0161ni menad\u017ement\" src=\"https:\/\/unhz.eu\/fmthm\/menaxhim-ne-turizem-bsc-gjuhe-boshnjake\/embed\/#?secret=9Et3zXtpMm#?secret=yuWBReozuC\" data-secret=\"yuWBReozuC\" width=\"600\" height=\"338\" frameborder=\"0\" marginwidth=\"0\" marginheight=\"0\" scrolling=\"no\"><\/iframe>\n<\/div><\/figure>","protected":false},"excerpt":{"rendered":"<p>Menad\u017ement u turizmu \u2013 Bachelor studije Odaberi studije u oblasti turizma \u2013 sektor budu\u0107nosti!Bachelor program&hellip;<\/p>","protected":false},"author":1,"featured_media":0,"parent":0,"menu_order":0,"comment_status":"closed","ping_status":"closed","template":"","meta":{"footnotes":""},"class_list":["post-48836","page","type-page","status-publish","hentry"],"yoast_head":"<!-- This site is optimized with the Yoast SEO Premium plugin v27.2 (Yoast SEO v27.2) - https:\/\/yoast.com\/product\/yoast-seo-premium-wordpress\/ -->\n<title>Menad\u017ement u turizmu \u2013 Bachelor | Fakultet za turizam \u2013 UHZ Pe\u0107<\/title>\n<meta name=\"description\" content=\"Upi\u0161i Bachelor studije Menad\u017ement u turizmu na Univerzitetu \u201cHaxhi Zeka\u201d \u2013 Pe\u0107. Kvalitetno obrazovanje, praksa i me\u0111unarodne razmjene.\" \/>\n<meta name=\"robots\" content=\"index, follow, max-snippet:-1, max-image-preview:large, max-video-preview:-1\" \/>\n<link rel=\"canonical\" href=\"https:\/\/unhz.eu\/fmthm\/bs\/programet-mtb\/\" \/>\n<meta property=\"og:locale\" content=\"bs_BA\" \/>\n<meta property=\"og:type\" content=\"article\" \/>\n<meta property=\"og:title\" content=\"Programet MTB\" \/>\n<meta property=\"og:description\" content=\"Upi\u0161i Bachelor studije Menad\u017ement u turizmu na Univerzitetu \u201cHaxhi Zeka\u201d \u2013 Pe\u0107. Kvalitetno obrazovanje, praksa i me\u0111unarodne razmjene.\" \/>\n<meta property=\"og:url\" content=\"https:\/\/unhz.eu\/fmthm\/bs\/programet-mtb\/\" \/>\n<meta property=\"og:site_name\" content=\"Fakulteti i Menaxhimit n\u00eb Turiz\u00ebm, Hotelieri dhe Mjedis\" \/>\n<meta property=\"article:modified_time\" content=\"2025-06-24T08:59:11+00:00\" \/>\n<meta name=\"twitter:card\" content=\"summary_large_image\" \/>\n<meta name=\"twitter:label1\" content=\"Est. reading time\" \/>\n\t<meta name=\"twitter:data1\" content=\"1 minuta\" \/>\n<script type=\"application\/ld+json\" class=\"yoast-schema-graph\">{\"@context\":\"https:\/\/schema.org\",\"@graph\":[{\"@type\":\"WebPage\",\"@id\":\"https:\/\/unhz.eu\/fmthm\/programet-mtb\/\",\"url\":\"https:\/\/unhz.eu\/fmthm\/programet-mtb\/\",\"name\":\"Menad\u017ement u turizmu \u2013 Bachelor | Fakultet za turizam \u2013 UHZ Pe\u0107\",\"isPartOf\":{\"@id\":\"https:\/\/unhz.eu\/fmthm\/#website\"},\"datePublished\":\"2025-01-17T09:54:06+00:00\",\"dateModified\":\"2025-06-24T08:59:11+00:00\",\"description\":\"Upi\u0161i Bachelor studije Menad\u017ement u turizmu na Univerzitetu \u201cHaxhi Zeka\u201d \u2013 Pe\u0107. Kvalitetno obrazovanje, praksa i me\u0111unarodne razmjene.\",\"breadcrumb\":{\"@id\":\"https:\/\/unhz.eu\/fmthm\/programet-mtb\/#breadcrumb\"},\"inLanguage\":\"bs-BA\",\"potentialAction\":[{\"@type\":\"ReadAction\",\"target\":[\"https:\/\/unhz.eu\/fmthm\/programet-mtb\/\"]}]},{\"@type\":\"BreadcrumbList\",\"@id\":\"https:\/\/unhz.eu\/fmthm\/programet-mtb\/#breadcrumb\",\"itemListElement\":[{\"@type\":\"ListItem\",\"position\":1,\"name\":\"Home\",\"item\":\"https:\/\/unhz.eu\/fmthm\/\"},{\"@type\":\"ListItem\",\"position\":2,\"name\":\"Programet MTB\"}]},{\"@type\":\"WebSite\",\"@id\":\"https:\/\/unhz.eu\/fmthm\/#website\",\"url\":\"https:\/\/unhz.eu\/fmthm\/\",\"name\":\"Fakulteti i Menaxhimit n\u00eb Turiz\u00ebm, Hotelieri dhe Mjedis\",\"description\":\"I dedikuar p\u00ebr cil\u00ebsi standarde dhe suksese\",\"publisher\":{\"@id\":\"https:\/\/unhz.eu\/fmthm\/#organization\"},\"potentialAction\":[{\"@type\":\"SearchAction\",\"target\":{\"@type\":\"EntryPoint\",\"urlTemplate\":\"https:\/\/unhz.eu\/fmthm\/?s={search_term_string}\"},\"query-input\":{\"@type\":\"PropertyValueSpecification\",\"valueRequired\":true,\"valueName\":\"search_term_string\"}}],\"inLanguage\":\"bs-BA\"},{\"@type\":\"Organization\",\"@id\":\"https:\/\/unhz.eu\/fmthm\/#organization\",\"name\":\"Fakulteti i Menaxhimit n\u00eb Turiz\u00ebm, Hotelieri dhe Mjedis\",\"url\":\"https:\/\/unhz.eu\/fmthm\/\",\"logo\":{\"@type\":\"ImageObject\",\"inLanguage\":\"bs-BA\",\"@id\":\"https:\/\/unhz.eu\/fmthm\/#\/schema\/logo\/image\/\",\"url\":\"https:\/\/unhz.eu\/fmthm\/wp-content\/uploads\/sites\/10\/2024\/02\/cropped-logo-1-1-e1713527702695.png\",\"contentUrl\":\"https:\/\/unhz.eu\/fmthm\/wp-content\/uploads\/sites\/10\/2024\/02\/cropped-logo-1-1-e1713527702695.png\",\"width\":100,\"height\":100,\"caption\":\"Fakulteti i Menaxhimit n\u00eb Turiz\u00ebm, Hotelieri dhe Mjedis\"},\"image\":{\"@id\":\"https:\/\/unhz.eu\/fmthm\/#\/schema\/logo\/image\/\"}}]}<\/script>\n<!-- \/ Yoast SEO Premium plugin. -->","yoast_head_json":{"title":"Menad\u017ement u turizmu \u2013 Bachelor | Fakultet za turizam \u2013 UHZ Pe\u0107","description":"Upi\u0161i Bachelor studije Menad\u017ement u turizmu na Univerzitetu \u201cHaxhi Zeka\u201d \u2013 Pe\u0107. Kvalitetno obrazovanje, praksa i me\u0111unarodne razmjene.","robots":{"index":"index","follow":"follow","max-snippet":"max-snippet:-1","max-image-preview":"max-image-preview:large","max-video-preview":"max-video-preview:-1"},"canonical":"https:\/\/unhz.eu\/fmthm\/bs\/programet-mtb\/","og_locale":"bs_BA","og_type":"article","og_title":"Programet MTB","og_description":"Upi\u0161i Bachelor studije Menad\u017ement u turizmu na Univerzitetu \u201cHaxhi Zeka\u201d \u2013 Pe\u0107. Kvalitetno obrazovanje, praksa i me\u0111unarodne razmjene.","og_url":"https:\/\/unhz.eu\/fmthm\/bs\/programet-mtb\/","og_site_name":"Fakulteti i Menaxhimit n\u00eb Turiz\u00ebm, Hotelieri dhe Mjedis","article_modified_time":"2025-06-24T08:59:11+00:00","twitter_card":"summary_large_image","twitter_misc":{"Est. reading time":"1 minuta"},"schema":{"@context":"https:\/\/schema.org","@graph":[{"@type":"WebPage","@id":"https:\/\/unhz.eu\/fmthm\/programet-mtb\/","url":"https:\/\/unhz.eu\/fmthm\/programet-mtb\/","name":"Menad\u017ement u turizmu \u2013 Bachelor | Fakultet za turizam \u2013 UHZ Pe\u0107","isPartOf":{"@id":"https:\/\/unhz.eu\/fmthm\/#website"},"datePublished":"2025-01-17T09:54:06+00:00","dateModified":"2025-06-24T08:59:11+00:00","description":"Upi\u0161i Bachelor studije Menad\u017ement u turizmu na Univerzitetu \u201cHaxhi Zeka\u201d \u2013 Pe\u0107. Kvalitetno obrazovanje, praksa i me\u0111unarodne razmjene.","breadcrumb":{"@id":"https:\/\/unhz.eu\/fmthm\/programet-mtb\/#breadcrumb"},"inLanguage":"bs-BA","potentialAction":[{"@type":"ReadAction","target":["https:\/\/unhz.eu\/fmthm\/programet-mtb\/"]}]},{"@type":"BreadcrumbList","@id":"https:\/\/unhz.eu\/fmthm\/programet-mtb\/#breadcrumb","itemListElement":[{"@type":"ListItem","position":1,"name":"Home","item":"https:\/\/unhz.eu\/fmthm\/"},{"@type":"ListItem","position":2,"name":"Programet MTB"}]},{"@type":"WebSite","@id":"https:\/\/unhz.eu\/fmthm\/#website","url":"https:\/\/unhz.eu\/fmthm\/","name":"Fakultet za turizam, ugostiteljstvo i upravljanje okoli\u0161em","description":"Posve\u0107eni standardnoj kvaliteti i uspjehu","publisher":{"@id":"https:\/\/unhz.eu\/fmthm\/#organization"},"potentialAction":[{"@type":"SearchAction","target":{"@type":"EntryPoint","urlTemplate":"https:\/\/unhz.eu\/fmthm\/?s={search_term_string}"},"query-input":{"@type":"PropertyValueSpecification","valueRequired":true,"valueName":"search_term_string"}}],"inLanguage":"bs-BA"},{"@type":"Organization","@id":"https:\/\/unhz.eu\/fmthm\/#organization","name":"Fakultet za turizam, ugostiteljstvo i upravljanje okoli\u0161em","url":"https:\/\/unhz.eu\/fmthm\/","logo":{"@type":"ImageObject","inLanguage":"bs-BA","@id":"https:\/\/unhz.eu\/fmthm\/#\/schema\/logo\/image\/","url":"https:\/\/unhz.eu\/fmthm\/wp-content\/uploads\/sites\/10\/2024\/02\/cropped-logo-1-1-e1713527702695.png","contentUrl":"https:\/\/unhz.eu\/fmthm\/wp-content\/uploads\/sites\/10\/2024\/02\/cropped-logo-1-1-e1713527702695.png","width":100,"height":100,"caption":"Fakulteti i Menaxhimit n\u00eb Turiz\u00ebm, Hotelieri dhe Mjedis"},"image":{"@id":"https:\/\/unhz.eu\/fmthm\/#\/schema\/logo\/image\/"}}]}},"_links":{"self":[{"href":"https:\/\/unhz.eu\/fmthm\/bs\/wp-json\/wp\/v2\/pages\/48836","targetHints":{"allow":["GET"]}}],"collection":[{"href":"https:\/\/unhz.eu\/fmthm\/bs\/wp-json\/wp\/v2\/pages"}],"about":[{"href":"https:\/\/unhz.eu\/fmthm\/bs\/wp-json\/wp\/v2\/types\/page"}],"author":[{"embeddable":true,"href":"https:\/\/unhz.eu\/fmthm\/bs\/wp-json\/wp\/v2\/users\/1"}],"replies":[{"embeddable":true,"href":"https:\/\/unhz.eu\/fmthm\/bs\/wp-json\/wp\/v2\/comments?post=48836"}],"version-history":[{"count":1,"href":"https:\/\/unhz.eu\/fmthm\/bs\/wp-json\/wp\/v2\/pages\/48836\/revisions"}],"predecessor-version":[{"id":49064,"href":"https:\/\/unhz.eu\/fmthm\/bs\/wp-json\/wp\/v2\/pages\/48836\/revisions\/49064"}],"wp:attachment":[{"href":"https:\/\/unhz.eu\/fmthm\/bs\/wp-json\/wp\/v2\/media?parent=48836"}],"curies":[{"name":"wp","href":"https:\/\/api.w.org\/{rel}","templated":true}]}}