{"id":48816,"date":"2025-01-17T09:39:10","date_gmt":"2025-01-17T09:39:10","guid":{"rendered":"https:\/\/unhz.eu\/fmthm\/?page_id=48816"},"modified":"2025-05-16T11:47:25","modified_gmt":"2025-05-16T11:47:25","slug":"programet-mthm","status":"publish","type":"page","link":"https:\/\/unhz.eu\/fmthm\/bs\/programet-mthm\/","title":{"rendered":"Program za turizam, ugostiteljstvo i upravljanje okoli\u0161em"},"content":{"rendered":"<p><a href=\"https:\/\/unhz.eu\/fmthm\/bs\/fmthm\/\">Fakultet za turizam, ugostiteljstvo i upravljanje okoli\u0161em<\/a> Univerzitet &quot;Haxhi Zeka&quot; nudi jedinstveni trogodi\u0161nji program za studente koji \u017eele postati uspje\u0161ni profesionalci u oblastima turizma, ugostiteljstva i upravljanja okoli\u0161em.<\/p>\n\n\n\n<p><strong>Glavni ciljevi programa:<\/strong><\/p>\n\n\n\n<ul class=\"wp-block-list\">\n<li>Obuka osoblja za sektore turizma, ugostiteljstva i za\u0161tite okoli\u0161a<\/li>\n\n\n\n<li>Obrazovanje u skladu s me\u0111unarodnim standardima odr\u017eivog turizma<\/li>\n\n\n\n<li>Razvoj menad\u017eerskih i poduzetni\u010dkih vje\u0161tina<\/li>\n\n\n\n<li>Mogu\u0107nosti za profesionalne prakse i akademske razmjene<\/li>\n<\/ul>\n\n\n\n<p>Program nudi:<\/p>\n\n\n\n<ul class=\"wp-block-list\">\n<li>Odabrani kursevi s fokusom na aktuelna de\u0161avanja u industriji<\/li>\n\n\n\n<li>Saradnja sa turisti\u010dkim operaterima, hotelima i ekolo\u0161kim institucijama<\/li>\n\n\n\n<li>Mogu\u0107nosti zaposlenja i nastavka studija na master studijama<\/li>\n<\/ul>\n\n\n\n<p>\ud83d\udccd Lokacija: <a href=\"https:\/\/unhz.eu\/fmthm\/bs\/\">Univerzitet &quot;Had\u017ei Zeka&quot;, Pe\u0107<\/a><\/p>\n\n\n\n<figure class=\"wp-block-embed is-type-video is-provider-youtube wp-block-embed-youtube wp-embed-aspect-16-9 wp-has-aspect-ratio\"><div class=\"wp-block-embed__wrapper\">\n<iframe loading=\"lazy\" title=\"Postanite lider u industriji turizma, ugostiteljstva i za\u0161tite okoli\u0161a!\" width=\"1290\" height=\"726\" src=\"https:\/\/www.youtube.com\/embed\/rBvVwQbLHC4?feature=oembed\" frameborder=\"0\" allow=\"accelerometer; autoplay; clipboard-write; encrypted-media; gyroscope; picture-in-picture; web-share\" referrerpolicy=\"strict-origin-when-cross-origin\" allowfullscreen><\/iframe>\n<\/div><\/figure>\n\n\n\n<figure class=\"wp-block-embed is-type-wp-embed is-provider-fakulteti-i-menaxhimit-n-turiz-m-hotelieri-dhe-mjedis wp-block-embed-fakulteti-i-menaxhimit-n-turiz-m-hotelieri-dhe-mjedis\"><div class=\"wp-block-embed__wrapper\">\n<blockquote class=\"wp-embedded-content\" data-secret=\"xEi2wCL81v\"><a href=\"https:\/\/unhz.eu\/fmthm\/bs\/menaxhment-ne-turizem-hotelieri-dhe-mjedis-2022-2025\/\">MENAD\u017dMENT U TURIZMU, HOTELIJERSTVU I ZA\u0160TITI OKOLI\u0160A \u2013 2022-2025<\/a><\/blockquote><iframe loading=\"lazy\" class=\"wp-embedded-content\" sandbox=\"allow-scripts\" security=\"restricted\" style=\"position: absolute; visibility: hidden;\" title=\"\u201cMENAD\u017dMENT U TURIZMU, HOTELIJERSTVU I OKOLI\u0160U \u2013 2022-2025\u201d \u2014 Fakultet za turizam, hotelijerstvo i menad\u017ement okoline\" src=\"https:\/\/unhz.eu\/fmthm\/menaxhment-ne-turizem-hotelieri-dhe-mjedis-2022-2025\/embed\/#?secret=ErLpGtuQEX#?secret=xEi2wCL81v\" data-secret=\"xEi2wCL81v\" width=\"600\" height=\"338\" frameborder=\"0\" marginwidth=\"0\" marginheight=\"0\" scrolling=\"no\"><\/iframe>\n<\/div><\/figure>\n\n\n\n<figure class=\"wp-block-embed is-type-wp-embed is-provider-fakulteti-i-menaxhimit-n-turiz-m-hotelieri-dhe-mjedis wp-block-embed-fakulteti-i-menaxhimit-n-turiz-m-hotelieri-dhe-mjedis\"><div class=\"wp-block-embed__wrapper\">\n<blockquote class=\"wp-embedded-content\" data-secret=\"1nzWpjaSCi\"><a href=\"https:\/\/unhz.eu\/fmthm\/bs\/pasqyra-e-programit-menaxhimi-ne-turizem-hoteleri-dhe-mjedis-bachelor-2019-2022\/\">Pregled programa, Turizam, ugostiteljstvo i upravljanje okoli\u0161em, dodiplomski studij 2019-2022<\/a><\/blockquote><iframe loading=\"lazy\" class=\"wp-embedded-content\" sandbox=\"allow-scripts\" security=\"restricted\" style=\"position: absolute; visibility: hidden;\" title=\"\u201cPregled programa, Turizam, ugostiteljstvo i upravljanje okoli\u0161em, dodiplomski studij 2019-2022\u201d \u2014 Fakultet za turizam, ugostiteljstvo i upravljanje okoli\u0161em\" src=\"https:\/\/unhz.eu\/fmthm\/pasqyra-e-programit-menaxhimi-ne-turizem-hoteleri-dhe-mjedis-bachelor-2019-2022\/embed\/#?secret=yTTLDe8EAb#?secret=1nzWpjaSCi\" data-secret=\"1nzWpjaSCi\" width=\"600\" height=\"338\" frameborder=\"0\" marginwidth=\"0\" marginheight=\"0\" scrolling=\"no\"><\/iframe>\n<\/div><\/figure>\n\n\n\n<p><\/p>","protected":false},"excerpt":{"rendered":"<p>Fakulteti i Menaxhimit n\u00eb Turiz\u00ebm, Hotelieri dhe Mjedis n\u00eb Universitetin \u201cHaxhi Zeka\u201d ofron nj\u00eb program&hellip;<\/p>","protected":false},"author":1,"featured_media":48881,"parent":0,"menu_order":0,"comment_status":"closed","ping_status":"closed","template":"","meta":{"footnotes":""},"class_list":["post-48816","page","type-page","status-publish","has-post-thumbnail","hentry"],"yoast_head":"<!-- This site is optimized with the Yoast SEO Premium plugin v27.2 (Yoast SEO v27.2) - https:\/\/yoast.com\/product\/yoast-seo-premium-wordpress\/ -->\n<title>Menaxhment n\u00eb Turiz\u00ebm, Hotelieri dhe Mjedis \u2013 UHZ<\/title>\n<meta name=\"description\" content=\"Studio Turiz\u00ebm, Hotelieri dhe Mjedis n\u00eb UHZ \u2013 program trevje\u00e7ar, praktika profesionale dhe mund\u00ebsi pun\u00ebsimi. Regjistrohu tani n\u00eb Pej\u00eb!\" \/>\n<meta name=\"robots\" content=\"index, follow, max-snippet:-1, max-image-preview:large, max-video-preview:-1\" \/>\n<link rel=\"canonical\" href=\"https:\/\/unhz.eu\/fmthm\/bs\/programet-mthm\/\" \/>\n<meta property=\"og:locale\" content=\"bs_BA\" \/>\n<meta property=\"og:type\" content=\"article\" \/>\n<meta property=\"og:title\" content=\"Programi Menaxhim n\u00eb Turiz\u00ebm Hotelieri dhe Mjedis\" \/>\n<meta property=\"og:description\" content=\"Studio Turiz\u00ebm, Hotelieri dhe Mjedis n\u00eb UHZ \u2013 program trevje\u00e7ar, praktika profesionale dhe mund\u00ebsi pun\u00ebsimi. Regjistrohu tani n\u00eb Pej\u00eb!\" \/>\n<meta property=\"og:url\" content=\"https:\/\/unhz.eu\/fmthm\/bs\/programet-mthm\/\" \/>\n<meta property=\"og:site_name\" content=\"Fakulteti i Menaxhimit n\u00eb Turiz\u00ebm, Hotelieri dhe Mjedis\" \/>\n<meta property=\"article:modified_time\" content=\"2025-05-16T11:47:25+00:00\" \/>\n<meta property=\"og:image\" content=\"https:\/\/unhz.eu\/fmthm\/wp-content\/uploads\/sites\/10\/2025\/01\/logo-1.png\" \/>\n\t<meta property=\"og:image:width\" content=\"512\" \/>\n\t<meta property=\"og:image:height\" content=\"512\" \/>\n\t<meta property=\"og:image:type\" content=\"image\/png\" \/>\n<meta name=\"twitter:card\" content=\"summary_large_image\" \/>\n<meta name=\"twitter:label1\" content=\"Est. reading time\" \/>\n\t<meta name=\"twitter:data1\" content=\"1 minuta\" \/>\n<script type=\"application\/ld+json\" class=\"yoast-schema-graph\">{\"@context\":\"https:\/\/schema.org\",\"@graph\":[{\"@type\":\"WebPage\",\"@id\":\"https:\/\/unhz.eu\/fmthm\/programet-mthm\/\",\"url\":\"https:\/\/unhz.eu\/fmthm\/programet-mthm\/\",\"name\":\"Menaxhment n\u00eb Turiz\u00ebm, Hotelieri dhe Mjedis \u2013 UHZ\",\"isPartOf\":{\"@id\":\"https:\/\/unhz.eu\/fmthm\/#website\"},\"primaryImageOfPage\":{\"@id\":\"https:\/\/unhz.eu\/fmthm\/programet-mthm\/#primaryimage\"},\"image\":{\"@id\":\"https:\/\/unhz.eu\/fmthm\/programet-mthm\/#primaryimage\"},\"thumbnailUrl\":\"https:\/\/unhz.eu\/fmthm\/wp-content\/uploads\/sites\/10\/2025\/01\/logo-1.png\",\"datePublished\":\"2025-01-17T09:39:10+00:00\",\"dateModified\":\"2025-05-16T11:47:25+00:00\",\"description\":\"Studio Turiz\u00ebm, Hotelieri dhe Mjedis n\u00eb UHZ \u2013 program trevje\u00e7ar, praktika profesionale dhe mund\u00ebsi pun\u00ebsimi. Regjistrohu tani n\u00eb Pej\u00eb!\",\"breadcrumb\":{\"@id\":\"https:\/\/unhz.eu\/fmthm\/programet-mthm\/#breadcrumb\"},\"inLanguage\":\"bs-BA\",\"potentialAction\":[{\"@type\":\"ReadAction\",\"target\":[\"https:\/\/unhz.eu\/fmthm\/programet-mthm\/\"]}]},{\"@type\":\"ImageObject\",\"inLanguage\":\"bs-BA\",\"@id\":\"https:\/\/unhz.eu\/fmthm\/programet-mthm\/#primaryimage\",\"url\":\"https:\/\/unhz.eu\/fmthm\/wp-content\/uploads\/sites\/10\/2025\/01\/logo-1.png\",\"contentUrl\":\"https:\/\/unhz.eu\/fmthm\/wp-content\/uploads\/sites\/10\/2025\/01\/logo-1.png\",\"width\":512,\"height\":512},{\"@type\":\"BreadcrumbList\",\"@id\":\"https:\/\/unhz.eu\/fmthm\/programet-mthm\/#breadcrumb\",\"itemListElement\":[{\"@type\":\"ListItem\",\"position\":1,\"name\":\"Home\",\"item\":\"https:\/\/unhz.eu\/fmthm\/\"},{\"@type\":\"ListItem\",\"position\":2,\"name\":\"Programi Menaxhim n\u00eb Turiz\u00ebm Hotelieri dhe Mjedis\"}]},{\"@type\":\"WebSite\",\"@id\":\"https:\/\/unhz.eu\/fmthm\/#website\",\"url\":\"https:\/\/unhz.eu\/fmthm\/\",\"name\":\"Fakulteti i Menaxhimit n\u00eb Turiz\u00ebm, Hotelieri dhe Mjedis\",\"description\":\"I dedikuar p\u00ebr cil\u00ebsi standarde dhe suksese\",\"publisher\":{\"@id\":\"https:\/\/unhz.eu\/fmthm\/#organization\"},\"potentialAction\":[{\"@type\":\"SearchAction\",\"target\":{\"@type\":\"EntryPoint\",\"urlTemplate\":\"https:\/\/unhz.eu\/fmthm\/?s={search_term_string}\"},\"query-input\":{\"@type\":\"PropertyValueSpecification\",\"valueRequired\":true,\"valueName\":\"search_term_string\"}}],\"inLanguage\":\"bs-BA\"},{\"@type\":\"Organization\",\"@id\":\"https:\/\/unhz.eu\/fmthm\/#organization\",\"name\":\"Fakulteti i Menaxhimit n\u00eb Turiz\u00ebm, Hotelieri dhe Mjedis\",\"url\":\"https:\/\/unhz.eu\/fmthm\/\",\"logo\":{\"@type\":\"ImageObject\",\"inLanguage\":\"bs-BA\",\"@id\":\"https:\/\/unhz.eu\/fmthm\/#\/schema\/logo\/image\/\",\"url\":\"https:\/\/unhz.eu\/fmthm\/wp-content\/uploads\/sites\/10\/2024\/02\/cropped-logo-1-1-e1713527702695.png\",\"contentUrl\":\"https:\/\/unhz.eu\/fmthm\/wp-content\/uploads\/sites\/10\/2024\/02\/cropped-logo-1-1-e1713527702695.png\",\"width\":100,\"height\":100,\"caption\":\"Fakulteti i Menaxhimit n\u00eb Turiz\u00ebm, Hotelieri dhe Mjedis\"},\"image\":{\"@id\":\"https:\/\/unhz.eu\/fmthm\/#\/schema\/logo\/image\/\"}}]}<\/script>\n<!-- \/ Yoast SEO Premium plugin. -->","yoast_head_json":{"title":"Menaxhment n\u00eb Turiz\u00ebm, Hotelieri dhe Mjedis \u2013 UHZ","description":"Studio Turiz\u00ebm, Hotelieri dhe Mjedis n\u00eb UHZ \u2013 program trevje\u00e7ar, praktika profesionale dhe mund\u00ebsi pun\u00ebsimi. Regjistrohu tani n\u00eb Pej\u00eb!","robots":{"index":"index","follow":"follow","max-snippet":"max-snippet:-1","max-image-preview":"max-image-preview:large","max-video-preview":"max-video-preview:-1"},"canonical":"https:\/\/unhz.eu\/fmthm\/bs\/programet-mthm\/","og_locale":"bs_BA","og_type":"article","og_title":"Programi Menaxhim n\u00eb Turiz\u00ebm Hotelieri dhe Mjedis","og_description":"Studio Turiz\u00ebm, Hotelieri dhe Mjedis n\u00eb UHZ \u2013 program trevje\u00e7ar, praktika profesionale dhe mund\u00ebsi pun\u00ebsimi. Regjistrohu tani n\u00eb Pej\u00eb!","og_url":"https:\/\/unhz.eu\/fmthm\/bs\/programet-mthm\/","og_site_name":"Fakulteti i Menaxhimit n\u00eb Turiz\u00ebm, Hotelieri dhe Mjedis","article_modified_time":"2025-05-16T11:47:25+00:00","og_image":[{"width":512,"height":512,"url":"https:\/\/unhz.eu\/fmthm\/wp-content\/uploads\/sites\/10\/2025\/01\/logo-1.png","type":"image\/png"}],"twitter_card":"summary_large_image","twitter_misc":{"Est. reading time":"1 minuta"},"schema":{"@context":"https:\/\/schema.org","@graph":[{"@type":"WebPage","@id":"https:\/\/unhz.eu\/fmthm\/programet-mthm\/","url":"https:\/\/unhz.eu\/fmthm\/programet-mthm\/","name":"Menaxhment n\u00eb Turiz\u00ebm, Hotelieri dhe Mjedis \u2013 UHZ","isPartOf":{"@id":"https:\/\/unhz.eu\/fmthm\/#website"},"primaryImageOfPage":{"@id":"https:\/\/unhz.eu\/fmthm\/programet-mthm\/#primaryimage"},"image":{"@id":"https:\/\/unhz.eu\/fmthm\/programet-mthm\/#primaryimage"},"thumbnailUrl":"https:\/\/unhz.eu\/fmthm\/wp-content\/uploads\/sites\/10\/2025\/01\/logo-1.png","datePublished":"2025-01-17T09:39:10+00:00","dateModified":"2025-05-16T11:47:25+00:00","description":"Studio Turiz\u00ebm, Hotelieri dhe Mjedis n\u00eb UHZ \u2013 program trevje\u00e7ar, praktika profesionale dhe mund\u00ebsi pun\u00ebsimi. Regjistrohu tani n\u00eb Pej\u00eb!","breadcrumb":{"@id":"https:\/\/unhz.eu\/fmthm\/programet-mthm\/#breadcrumb"},"inLanguage":"bs-BA","potentialAction":[{"@type":"ReadAction","target":["https:\/\/unhz.eu\/fmthm\/programet-mthm\/"]}]},{"@type":"ImageObject","inLanguage":"bs-BA","@id":"https:\/\/unhz.eu\/fmthm\/programet-mthm\/#primaryimage","url":"https:\/\/unhz.eu\/fmthm\/wp-content\/uploads\/sites\/10\/2025\/01\/logo-1.png","contentUrl":"https:\/\/unhz.eu\/fmthm\/wp-content\/uploads\/sites\/10\/2025\/01\/logo-1.png","width":512,"height":512},{"@type":"BreadcrumbList","@id":"https:\/\/unhz.eu\/fmthm\/programet-mthm\/#breadcrumb","itemListElement":[{"@type":"ListItem","position":1,"name":"Home","item":"https:\/\/unhz.eu\/fmthm\/"},{"@type":"ListItem","position":2,"name":"Programi Menaxhim n\u00eb Turiz\u00ebm Hotelieri dhe Mjedis"}]},{"@type":"WebSite","@id":"https:\/\/unhz.eu\/fmthm\/#website","url":"https:\/\/unhz.eu\/fmthm\/","name":"Fakultet za turizam, ugostiteljstvo i upravljanje okoli\u0161em","description":"Posve\u0107eni standardnoj kvaliteti i uspjehu","publisher":{"@id":"https:\/\/unhz.eu\/fmthm\/#organization"},"potentialAction":[{"@type":"SearchAction","target":{"@type":"EntryPoint","urlTemplate":"https:\/\/unhz.eu\/fmthm\/?s={search_term_string}"},"query-input":{"@type":"PropertyValueSpecification","valueRequired":true,"valueName":"search_term_string"}}],"inLanguage":"bs-BA"},{"@type":"Organization","@id":"https:\/\/unhz.eu\/fmthm\/#organization","name":"Fakultet za turizam, ugostiteljstvo i upravljanje okoli\u0161em","url":"https:\/\/unhz.eu\/fmthm\/","logo":{"@type":"ImageObject","inLanguage":"bs-BA","@id":"https:\/\/unhz.eu\/fmthm\/#\/schema\/logo\/image\/","url":"https:\/\/unhz.eu\/fmthm\/wp-content\/uploads\/sites\/10\/2024\/02\/cropped-logo-1-1-e1713527702695.png","contentUrl":"https:\/\/unhz.eu\/fmthm\/wp-content\/uploads\/sites\/10\/2024\/02\/cropped-logo-1-1-e1713527702695.png","width":100,"height":100,"caption":"Fakulteti i Menaxhimit n\u00eb Turiz\u00ebm, Hotelieri dhe Mjedis"},"image":{"@id":"https:\/\/unhz.eu\/fmthm\/#\/schema\/logo\/image\/"}}]}},"_links":{"self":[{"href":"https:\/\/unhz.eu\/fmthm\/bs\/wp-json\/wp\/v2\/pages\/48816","targetHints":{"allow":["GET"]}}],"collection":[{"href":"https:\/\/unhz.eu\/fmthm\/bs\/wp-json\/wp\/v2\/pages"}],"about":[{"href":"https:\/\/unhz.eu\/fmthm\/bs\/wp-json\/wp\/v2\/types\/page"}],"author":[{"embeddable":true,"href":"https:\/\/unhz.eu\/fmthm\/bs\/wp-json\/wp\/v2\/users\/1"}],"replies":[{"embeddable":true,"href":"https:\/\/unhz.eu\/fmthm\/bs\/wp-json\/wp\/v2\/comments?post=48816"}],"version-history":[{"count":3,"href":"https:\/\/unhz.eu\/fmthm\/bs\/wp-json\/wp\/v2\/pages\/48816\/revisions"}],"predecessor-version":[{"id":49009,"href":"https:\/\/unhz.eu\/fmthm\/bs\/wp-json\/wp\/v2\/pages\/48816\/revisions\/49009"}],"wp:featuredmedia":[{"embeddable":true,"href":"https:\/\/unhz.eu\/fmthm\/bs\/wp-json\/wp\/v2\/media\/48881"}],"wp:attachment":[{"href":"https:\/\/unhz.eu\/fmthm\/bs\/wp-json\/wp\/v2\/media?parent=48816"}],"curies":[{"name":"wp","href":"https:\/\/api.w.org\/{rel}","templated":true}]}}