{"id":48813,"date":"2025-01-17T09:29:36","date_gmt":"2025-01-17T09:29:36","guid":{"rendered":"https:\/\/unhz.eu\/fmthm\/?page_id=48813"},"modified":"2026-01-29T13:12:59","modified_gmt":"2026-01-29T12:12:59","slug":"historiku-2","status":"publish","type":"page","link":"https:\/\/unhz.eu\/fmthm\/bs\/historiku-2\/","title":{"rendered":"Pozadina"},"content":{"rendered":"<p><strong>FAKULTET ZA TURIZAM, HOTELIJERSTVO I MENAD\u017dMENT ZA\u0160TITE OKOLI\u0160A<\/strong><\/p>\n\n\n\n<p><strong>Duka\u0111inska ravnica<\/strong> uklju\u010duju\u0107i grad Pe\u0107 kao glavni centar ovog podru\u010dja, \u010dini ravni\u010darski dio zapadnog regiona Kosova, koji se prote\u017ee od sjevera Mokne i Malog Tata do juga \u0160ar planine, na zapadu granicu \u010dine Isto\u010dne Albanske Alpe (Prokletije), dok isto\u010dnu granicu \u010dine brda Lapu\u0161a. Prostire se na du\u017eini od 70 km i \u0161irini od 43 km. Ravnica se sastoji od jezerskih i aluvijalnih slojeva du\u017e rije\u010dnih dolina, a strane su napravljene od materijala koji rijeke i potoci donose s planina, stoga je ovaj dio znatno vi\u0161i od isto\u010dnog dijela, koji je znatno ni\u017ei du\u017e doline Drima.<\/p>\n\n\n\n<p>Duka\u0111inska ravnica je ispresijecana s nekoliko rije\u010dnih dolina, sa \u0161irokim aluvijalnim ravnicama, rije\u010dnim terasama i jezerskim ravnicama izme\u0111u dolina. Duka\u0111inska ravnica odlikuje se bla\u017eom klimom, koju diktiraju vodene mase Jadrana, koje prodiru kroz dolinu Drima. Pejza\u017e Duka\u0111inske ravnice odlikuje se raznim poljoprivrednim kulturama: p\u0161enicom, kukuruzom, drve\u0107em, povr\u0107em, vinogradima, livadama, dok se pa\u0161njaci i hrastove \u0161ume nalaze u jezerskim ravnicama. Sastav Duka\u0111inske ravnice uklju\u010duje 9 op\u0107inskih jedinica (Pe\u0107, Burimi, De\u010dane, Klina, \u0110akovica, Orahovac, Prizren, Theranda). Duka\u0111inska ravnica obuhvata 40% teritorije i stanovni\u0161tva Kosova.<\/p>\n\n\n\n<p>Zapanjuju\u0107i pejza\u017ei planina Bjeshk\u00ebt e Nemuna, kulturno i arhitektonsko naslije\u0111e, stari albanski muzeji i kule, stari vjerski objekti, banje, tradicionalna hrana, pe\u0107ine, staze koje se mogu pre\u0107i pje\u0161ice, na konju i planinskim biciklom itd. Ovo su neke od atrakcija u kojima bi svakako trebao u\u017eivati svako ko posjeti Duka\u0111ini. Upravo su to bili temelji koji su odredili osnivanje Fakulteta za turizam, ugostiteljstvo i upravljanje okoli\u0161em, fokusiraju\u0107i se upravo na kapacitete koje ovo podru\u010dje ima i na pripremu studenata kao budu\u0107ih lidera i menad\u017eera sa kompetencijama da otkriju i promovi\u0161u ove ljepote doma\u0107im i stranim posjetiocima, \u010dime se promovira ekonomski razvoj ovog regiona i \u0161ire. Fokus ovog fakulteta je odre\u0111en tako da je u okviru studijskih programa prakti\u010dni rad studenata orijentisan i na sfere atraktivnih proizvoda, punih adrenalina, avanture, kulture i tradicije. Turisti\u010dke atrakcije u podru\u010dju Duka\u0111inija imaju mnogo toga da ponude za sve uzraste. Po\u010dev\u0161i od ekstremnih sportova, Via Ferrata u Pe\u0107i i De\u010danima, Zipline, Avanturisti\u010dki park, planinarenje kroz razne staze u Rugovskoj klisuri u De\u010danima, Juniku i Istoku, itd. Ali i za ljubitelje kulturnih spomenika ili degustacije tradicionalnih jela, nudimo mnogo toga u gradu i u pansionima u Rugovi i Pe\u0107i, Devanskoj klisuri - Belleji, Juniku sa Morenicom i klisurom Jasiq, Istoku sa planinama Istok i izvorom, itd.,<\/p>\n\n\n\n<p>Centar zone Duka\u0111ini smatra se veoma bogatim, \u010dak i u anti\u010dko doba postojalo je zlato i druga blaga. U 3. i 4. vijeku prije nove ere, cijelo Rimsko carstvo je u ovom dijelu na\u0161e zemlje pre\u017eivjelo zahvaljuju\u0107i zlatu i srebru. Ovo je veoma va\u017eno za informisanje posjetilaca jer je to karakteristika koju vrlo malo zemalja u svijetu posjeduje. U okviru pogrebnih spomenika iz ilirskog doba, stela i cipus zauzimaju va\u017eno mjesto. Ova dva eksponata pripadaju 2. vijeku nove ere. Otkriveni su 1970-ih godina na arheolo\u0161kom nalazi\u0161tu u blizini Fabrike baterija u Pe\u0107i.<\/p>\n\n\n\n<p>Etnolo\u0161ki muzej Pe\u0107i nalazi se u staroj gradskoj ku\u0107i koja datira iz druge polovine 18. vijeka. Poznata kao Tahir-begova ku\u0107a, jedan je od najljep\u0161ih primjera stare gradske ku\u0107e. Muzej sadr\u017ei vi\u0161e od 120 artefakata, od nacionalnih no\u0161nji, alata i starog oru\u017eja, koji govore o bogatoj historiji ovog podru\u010dja. Za vi\u0161e informacija o op\u0161tinama podru\u010dja Duka\u0111ini kliknite na link:<\/p>\n\n\n\n<p>Pe\u0107, <a href=\"https:\/\/kk.rks-gov.net\/skenderaj\/wp-content\/uploads\/sites\/27\/2021\/01\/0926_210127110547_001.pdf\">https:\/\/kk.rks-gov.net\/skenderaj\/wp-content\/uploads\/sites\/27\/2021\/01\/0926_210127110547_001.pdf<\/a><\/p>\n\n\n\n<p>Istok, <a href=\"https:\/\/kk.rks-gov.net\/istog\/news\/identifikimi-i-potencialeve-turistike-ne-istog\/\">https:\/\/kk.rks-gov.net\/istog\/news\/identifikimi-i-potencialeve-turistike-ne-istog\/<\/a><\/p>\n\n\n\n<p>De\u010dani, <a href=\"https:\/\/triptoalbania.al\/juniku-vend-atraktiv-per-ta-vizituar\/\">https:\/\/triptoalbania.al\/juniku-vend-atraktiv-per-ta-vizituar\/<\/a><\/p>\n\n\n\n<p>Klina,<a href=\"https:\/\/kk.rks-gov.net\/skenderaj\/wp-content\/uploads\/sites\/27\/2021\/01\/0926_210127110547_001.pdf\">https:\/\/kk.rks-gov.net\/skenderaj\/wp-content\/uploads\/sites\/27\/2021\/01\/0926_210127110547_001.pdf<\/a><\/p>\n\n\n\n<p>Junik, <a href=\"https:\/\/triptoalbania.al\/juniku-vend-atraktiv-per-ta-vizituar\/\">https:\/\/triptoalbania.al\/juniku-vend-atraktiv-per-ta-vizituar\/<\/a><\/p>\n\n\n\n<p><strong>Historija.<\/strong> \u2013 Osnivanje Fakulteta za turizam, ugostiteljstvo i upravljanje okoli\u0161em (FTHEM) rezultat je dobro analiziranog procesa zasnovanog na podacima i preporukama koje su proiza\u0161le iz dokumenta izvodljivosti za osnivanje Univerziteta u Pe\u0107i. Ovaj dokument je izradio Britanski savjet na zahtjev Ministarstva obrazovanja, nauke i tehnologije Republike Kosovo. Na osnovu ovog dokumenta, rukovodstvo biv\u0161eg Fakulteta primijenjenih poslovnih nauka, prilikom izrade prijedloga za otvaranje fakulteta u okviru novog univerziteta u Pe\u0107i, navodi utemeljene razloge da \u0107e stvaranje i ja\u010danje takve akademske jedinice biti od vitalnog zna\u010daja za turisti\u010dku i ugostiteljsku ekonomiju regije Duka\u0111ini i \u0161ire. Va\u017eni atributi za funkcionalnost ovog fakulteta uklju\u010duju dugu tradiciju Pe\u0107i i regije Duka\u0111ini u pru\u017eanju hotelskih, turisti\u010dkih, kamperskih, planinskih turisti\u010dkih usluga, geografski polo\u017eaj, blizinu granice sa tri zemlje, bogato duhovno i kulturno naslije\u0111e, rukotvorine, postojanje vi\u0161evjekovnih vjerskih i civilnih objekata itd., koji su detaljnije dati u gore navedenim linkovima. Pored ovih komponenti, va\u017enim se smatra i postojanje programa razvijenih u okviru biv\u0161e Visoke ekonomske \u0161kole \/ Odsjeka za turizam i hotelijerstvo (1969-1975) i njihov nastavak, prvobitno na Poslovnoj \u0161koli (2001-2003), a zatim prenesenih na Fakultet primijenjenih poslovnih nauka (2004-2012). Posebno je u periodu 2004-2012. godine odre\u0111eni broj akademskog osoblja unapre\u0111en na akademska mjesta u ovoj oblasti, a drugi su se pridru\u017eili upravo u vrijeme njenog osnivanja. Zbog zna\u010daja i interesa koji je dru\u0161tvo imalo u stvaranju kadrova u oblasti za\u0161tite okoli\u0161a vezane za turizam i ugostiteljstvo, kako bi ova akademska jedinica dobila novi i poseban identitet, nakon brojnih konsultacija i preporuka predstavnika Agencije za za\u0161titu okoli\u0161a Kosova pri Ministarstvu za\u0161tite okoli\u0161a i prostornog planiranja, predla\u017ee se da se ovom fakultetu doda Odsjek za upravljanje okoli\u0161em.<\/p>\n\n\n\n<p><strong>Osnovano<\/strong>. \u2013 Za osnivanje Fakulteta za turizam, ugostiteljstvo i menad\u017ement za\u0161tite okoli\u0161a, tri va\u017ena momenta su: Prvo, Odluka ministra MONT-a br. 434\/1 B od 14.11.2011. o osnivanju Univerziteta \u201cHaxhi Zeka\u201d; Drugo, Odluka ministra MONT-a br. 435\/01B od 14.11.2012. o imenovanju Privremenog upravnog vije\u0107a i tre\u0107e, 06.01.2012. dan potpisivanja Privremenog statuta Univerziteta \u201cHaxhi Zeka\u201c. Nacrt statuta je podnesen na odobrenje ministru MAHT-a od strane Privremenog upravnog vije\u0107a UHZ-a. Prilikom potpisivanja ovog privremenog akta, posebno u \u010dlanu 26, regulisano je da je Fakultet za menad\u017ement, turizam, ugostiteljstvo i menad\u017ement za\u0161tite okoli\u0161a akademska jedinica UHZ-a.<strong>. <u>Stoga je datum osnivanja FMTHM-a UHZ-a 06.01.2012.<\/u><\/strong><\/p>\n\n\n\n<p><strong>akreditacija<\/strong>. \u2013 Po\u010detkom 2012. godine, osoblje ovog fakulteta pripremilo je dva programa za akreditaciju: Menad\u017ement turizma i ugostiteljstva (BSC) i Menad\u017ement za\u0161tite okoli\u0161a (BSC). Dana 6. jula 2012. godine, KAA je uspje\u0161no akreditovala samo program Menad\u017ementa turizma i ugostiteljstva (BSC) na period od godinu dana. Ova akreditacija za kratkoro\u010dni program od strane Agencije za akreditaciju Kosova, br. 437\/12 od 09.07.2012. godine, opravdana je jer UHZ u tom trenutku jo\u0161 nije imao jasan pravni status.<\/p>\n\n\n\n<p><strong>Prvo rukovodstvo FMTHM-a<\/strong>. \u2013 Privremeno upravno vije\u0107e Univerziteta \u201cHaxhi Zeka\u201d, na svojoj redovnoj sjednici odr\u017eanoj 20.09.2012. godine, na FMTHM-u, imenuje dr. sc. Fetaha Re\u00e7icu, prof. doc. \u2013 dekana Univerziteta i mr. sc. Shqiponju Nallbanija, kandidata za prodekana Univerziteta, koji su ovla\u0161teni, do stvaranja uslova za odr\u017eavanje redovnih izbora, obavljati ove du\u017enosti u skladu sa zakonskim odredbama i drugim va\u017ee\u0107im aktima.<\/p>\n\n\n\n<p><strong>Po\u010detak rada FMTHM-a<\/strong>. \u2013 Zvani\u010dno, FMTHM, sa samo jednim programom osnovnih studija, u svojstvu fakulteta unutar UHZ-a, po\u010dinje sa radom 01.10.2012.<\/p>\n\n\n\n<p><strong>Reakreditacija<\/strong>. \u2013 S obzirom na kratkoro\u010dnu akreditaciju FMTHM-a, menad\u017ement ove akademske jedinice, za akademsku 2013\/2014. godinu, podnosi zahtjev za akreditaciju \u010detiri programa i to: Menad\u017ement turizma i ugostiteljstva (BSC), Menad\u017ement turizma (BSC) za nastavu na bosanskom jeziku, Menad\u017ement okoli\u0161a (BSC) i Turizam (MA). Nakon postupka evaluacije i akreditacije, KAA je donio odluku br. 486\/13, kojom se akreditacija programa Menad\u017ementa turizma i ugostiteljstva (BSC) produ\u017eava na period od tri (3) godine, a akredituje se i program Menad\u017ementa turizma (BSC) za nastavu na bosanskom jeziku (od 1. oktobra 2013. do 30. septembra 2016.), dok programi Menad\u017ementa okoli\u0161a (BSC) i Turizam (MA) nisu akreditovani.<\/p>\n\n\n\n<p>Vode\u0107i menad\u017eerski doprinos dekana fakulteta predstavljen je na sljede\u0107i na\u010din od 2012. godine, ula\u017eu\u0107i sve napore za visoke performanse u svim organizacijskim aspektima, studentima, visokokompetentnom osoblju na nacionalnom nivou i u izgradnji akademskih kapaciteta unutar ove jedinice.<\/p>\n\n\n\n<p>U akademskoj 2012\/2013. godini za dekana je izabran prof. doc. dr. Fetah Re\u00e7ica (broj odluke: 01-29f\/12, od 20.09.2012.). Za vr\u0161ioca du\u017enosti prodekana za nastavu i finansije imenovan je mr. sc. Shqiponja Nallbani (broj odluke: 01-29g\/12, od 20.09.2012.). Za vr\u0161ioca du\u017enosti prodekana za nastavu i finansije imenovan je prof. doc. dr. Afrim Selimaj (broj odluke: 01-1412\/13, od 16.12.2013.). .<\/p>\n\n\n\n<p>U 2015. godini, vr\u0161ilac du\u017enosti dekana, prof. vanr. dr. Halit Shabani, imenovan je (odluka br. 188, od 05.12.2015.), dok je vr\u0161ilac du\u017enosti prodekana za akademska pitanja bio prof. vanr. Afrim Selimaj. U januaru 2015. godine, biv\u0161i dekan Halit Shabani postao je dekan Poslovnog fakulteta.<\/p>\n\n\n\n<p>Na osnovu \u010dlana 42. i \u010dlana 48. stav 1.24. Statuta Univerziteta \u201cHaxhi Zeka\u201d u Pe\u0107i, Senat je 11.02.2016. godine imenovao vr\u0161ioca du\u017enosti dekana, prof. doc. dr. Adema Dreshaja (broj odluke: 204, datum: 10.02.2016.). Iste godine, Vije\u0107e Fakulteta humanisti\u010dkih i dru\u0161tvenih nauka predlo\u017eilo je Senatu Univerziteta \u201cHaxhi Zeka\u201d vr\u0161ioca du\u017enosti prodekana, prof. doc. dr. Bedrija Millakua, koji je izabran za vr\u0161ioca du\u017enosti prodekana (broj odluke: 294, datum: 24.02.2016.). Dana 18.05.2018. godine, prof. doc. dr. Adem Dreshaj izabran je za vr\u0161ioca du\u017enosti dekana Fakulteta humanisti\u010dkih i dru\u0161tvenih nauka (broj odluke: 1134, datum: 18.05.2018.). .<\/p>\n\n\n\n<p>U 2021. godini, vanredni profesor dr. Adem Dreshaj izabran je za dekana (odluka br. 1480\/21 od 23.06.2021.), dok je vanredni profesor Bedri Millaku izabran za prodekana za akademske i nastavne poslove (odluka br. 2733 od 19.10.2021.), a vanredna profesorica Albona Shala za prodekanicu za bud\u017eet, finansije i infrastrukturu (odluka br. 2724 od 19.10.2021.). Koji i danas uspje\u0161no ostvaruju planirane strate\u0161ke ciljeve.<\/p>\n\n\n\n<p><strong>Reakreditacija<\/strong>. \u2013 U skladu s potrebama Fakulteta za visoko obrazovanje, pregledom postoje\u0107ih programa, menad\u017ement ove akademske jedinice, za akademsku 2016\/2017. godinu, podnosi zahtjev za akreditaciju sljede\u0107ih programa: Menad\u017ement turizma, Ugostiteljstvo (BSC), akreditovan je na tri godine, dok je za bosanski program, zbog nedostatka nosilaca programa, Ministarstvo obrazovanja produ\u017eilo akreditaciju na pet godina, Menad\u017ement turizma (BSC) za nastavu na bosanskom jeziku, Program: Upravljanje okoli\u0161em (Msc) nije akreditovan. Ministarstvo obrazovanja produ\u017eilo je akreditaciju na jo\u0161 jednu godinu za sve visoko\u0161kolske ustanove na Kosovu. U 2019. godini, odlukom br. 871\/6, od 30.07.2019. godine, podnijeli smo zahtjev za akreditaciju programa Menad\u017ement turizma, Ugostiteljstvo i okoli\u0161, akreditovan je na tri godine, Menad\u017ement okoli\u0161a i turizam, nije akreditovan. .<\/p>\n\n\n\n<p>U 2020. godini smo podnijeli zahtjev za akreditaciju programa Upravljanja okoli\u0161em, koji su akreditovani na tri godine, dok program Upravljanja odr\u017eivim turizmom nije akreditovan.<\/p>","protected":false},"excerpt":{"rendered":"<p>FAKULTETI I MENXHIMIT T\u00cb TURIZMIT, HOTELERIS\u00cb DHE MJEDISIT Rrafshi i Dukagjinit duke e p\u00ebrfshir\u00eb k\u00ebtu&hellip;<\/p>","protected":false},"author":1,"featured_media":0,"parent":0,"menu_order":0,"comment_status":"closed","ping_status":"closed","template":"","meta":{"footnotes":""},"class_list":["post-48813","page","type-page","status-publish","hentry"],"yoast_head":"<!-- This site is optimized with the Yoast SEO Premium plugin v27.2 (Yoast SEO v27.2) - https:\/\/yoast.com\/product\/yoast-seo-premium-wordpress\/ -->\n<title>Historiku i FMTHM \u2013 Themelimi e zhvillimi | UNHZ<\/title>\n<meta name=\"description\" content=\"Historiku i Fakultetit t\u00eb Menaxhimit n\u00eb Turiz\u00ebm, Hotelieri dhe Mjedis (FMTHM) n\u00eb Universitetin \u201cHaxhi Zeka\u201d \u2013 themelimi m\u00eb 06.01.2012, akreditimet dhe zhvillimi akademik n\u00eb funksion t\u00eb turizmit dhe mjedisit.\" \/>\n<meta name=\"robots\" content=\"index, follow, max-snippet:-1, max-image-preview:large, max-video-preview:-1\" \/>\n<link rel=\"canonical\" href=\"https:\/\/unhz.eu\/fmthm\/bs\/historiku-2\/\" \/>\n<meta property=\"og:locale\" content=\"bs_BA\" \/>\n<meta property=\"og:type\" content=\"article\" \/>\n<meta property=\"og:title\" content=\"Historiku\" \/>\n<meta property=\"og:description\" content=\"Historiku i Fakultetit t\u00eb Menaxhimit n\u00eb Turiz\u00ebm, Hotelieri dhe Mjedis (FMTHM) n\u00eb Universitetin \u201cHaxhi Zeka\u201d \u2013 themelimi m\u00eb 06.01.2012, akreditimet dhe zhvillimi akademik n\u00eb funksion t\u00eb turizmit dhe mjedisit.\" \/>\n<meta property=\"og:url\" content=\"https:\/\/unhz.eu\/fmthm\/bs\/historiku-2\/\" \/>\n<meta property=\"og:site_name\" content=\"Fakulteti i Menaxhimit n\u00eb Turiz\u00ebm, Hotelieri dhe Mjedis\" \/>\n<meta property=\"article:modified_time\" content=\"2026-01-29T12:12:59+00:00\" \/>\n<meta name=\"twitter:card\" content=\"summary_large_image\" \/>\n<meta name=\"twitter:label1\" content=\"Est. reading time\" \/>\n\t<meta name=\"twitter:data1\" content=\"11 minuta\" \/>\n<script type=\"application\/ld+json\" class=\"yoast-schema-graph\">{\"@context\":\"https:\/\/schema.org\",\"@graph\":[{\"@type\":\"WebPage\",\"@id\":\"https:\/\/unhz.eu\/fmthm\/historiku-2\/\",\"url\":\"https:\/\/unhz.eu\/fmthm\/historiku-2\/\",\"name\":\"Historiku i FMTHM \u2013 Themelimi e zhvillimi | UNHZ\",\"isPartOf\":{\"@id\":\"https:\/\/unhz.eu\/fmthm\/#website\"},\"datePublished\":\"2025-01-17T09:29:36+00:00\",\"dateModified\":\"2026-01-29T12:12:59+00:00\",\"description\":\"Historiku i Fakultetit t\u00eb Menaxhimit n\u00eb Turiz\u00ebm, Hotelieri dhe Mjedis (FMTHM) n\u00eb Universitetin \u201cHaxhi Zeka\u201d \u2013 themelimi m\u00eb 06.01.2012, akreditimet dhe zhvillimi akademik n\u00eb funksion t\u00eb turizmit dhe mjedisit.\",\"breadcrumb\":{\"@id\":\"https:\/\/unhz.eu\/fmthm\/historiku-2\/#breadcrumb\"},\"inLanguage\":\"bs-BA\",\"potentialAction\":[{\"@type\":\"ReadAction\",\"target\":[\"https:\/\/unhz.eu\/fmthm\/historiku-2\/\"]}]},{\"@type\":\"BreadcrumbList\",\"@id\":\"https:\/\/unhz.eu\/fmthm\/historiku-2\/#breadcrumb\",\"itemListElement\":[{\"@type\":\"ListItem\",\"position\":1,\"name\":\"Home\",\"item\":\"https:\/\/unhz.eu\/fmthm\/\"},{\"@type\":\"ListItem\",\"position\":2,\"name\":\"Historiku\"}]},{\"@type\":\"WebSite\",\"@id\":\"https:\/\/unhz.eu\/fmthm\/#website\",\"url\":\"https:\/\/unhz.eu\/fmthm\/\",\"name\":\"Fakulteti i Menaxhimit n\u00eb Turiz\u00ebm, Hotelieri dhe Mjedis\",\"description\":\"I dedikuar p\u00ebr cil\u00ebsi standarde dhe suksese\",\"publisher\":{\"@id\":\"https:\/\/unhz.eu\/fmthm\/#organization\"},\"potentialAction\":[{\"@type\":\"SearchAction\",\"target\":{\"@type\":\"EntryPoint\",\"urlTemplate\":\"https:\/\/unhz.eu\/fmthm\/?s={search_term_string}\"},\"query-input\":{\"@type\":\"PropertyValueSpecification\",\"valueRequired\":true,\"valueName\":\"search_term_string\"}}],\"inLanguage\":\"bs-BA\"},{\"@type\":\"Organization\",\"@id\":\"https:\/\/unhz.eu\/fmthm\/#organization\",\"name\":\"Fakulteti i Menaxhimit n\u00eb Turiz\u00ebm, Hotelieri dhe Mjedis\",\"url\":\"https:\/\/unhz.eu\/fmthm\/\",\"logo\":{\"@type\":\"ImageObject\",\"inLanguage\":\"bs-BA\",\"@id\":\"https:\/\/unhz.eu\/fmthm\/#\/schema\/logo\/image\/\",\"url\":\"https:\/\/unhz.eu\/fmthm\/wp-content\/uploads\/sites\/10\/2024\/02\/cropped-logo-1-1-e1713527702695.png\",\"contentUrl\":\"https:\/\/unhz.eu\/fmthm\/wp-content\/uploads\/sites\/10\/2024\/02\/cropped-logo-1-1-e1713527702695.png\",\"width\":100,\"height\":100,\"caption\":\"Fakulteti i Menaxhimit n\u00eb Turiz\u00ebm, Hotelieri dhe Mjedis\"},\"image\":{\"@id\":\"https:\/\/unhz.eu\/fmthm\/#\/schema\/logo\/image\/\"}}]}<\/script>\n<!-- \/ Yoast SEO Premium plugin. -->","yoast_head_json":{"title":"Historiku i FMTHM \u2013 Themelimi e zhvillimi | UNHZ","description":"Historiku i Fakultetit t\u00eb Menaxhimit n\u00eb Turiz\u00ebm, Hotelieri dhe Mjedis (FMTHM) n\u00eb Universitetin \u201cHaxhi Zeka\u201d \u2013 themelimi m\u00eb 06.01.2012, akreditimet dhe zhvillimi akademik n\u00eb funksion t\u00eb turizmit dhe mjedisit.","robots":{"index":"index","follow":"follow","max-snippet":"max-snippet:-1","max-image-preview":"max-image-preview:large","max-video-preview":"max-video-preview:-1"},"canonical":"https:\/\/unhz.eu\/fmthm\/bs\/historiku-2\/","og_locale":"bs_BA","og_type":"article","og_title":"Historiku","og_description":"Historiku i Fakultetit t\u00eb Menaxhimit n\u00eb Turiz\u00ebm, Hotelieri dhe Mjedis (FMTHM) n\u00eb Universitetin \u201cHaxhi Zeka\u201d \u2013 themelimi m\u00eb 06.01.2012, akreditimet dhe zhvillimi akademik n\u00eb funksion t\u00eb turizmit dhe mjedisit.","og_url":"https:\/\/unhz.eu\/fmthm\/bs\/historiku-2\/","og_site_name":"Fakulteti i Menaxhimit n\u00eb Turiz\u00ebm, Hotelieri dhe Mjedis","article_modified_time":"2026-01-29T12:12:59+00:00","twitter_card":"summary_large_image","twitter_misc":{"Est. reading time":"11 minuta"},"schema":{"@context":"https:\/\/schema.org","@graph":[{"@type":"WebPage","@id":"https:\/\/unhz.eu\/fmthm\/historiku-2\/","url":"https:\/\/unhz.eu\/fmthm\/historiku-2\/","name":"Historiku i FMTHM \u2013 Themelimi e zhvillimi | UNHZ","isPartOf":{"@id":"https:\/\/unhz.eu\/fmthm\/#website"},"datePublished":"2025-01-17T09:29:36+00:00","dateModified":"2026-01-29T12:12:59+00:00","description":"Historiku i Fakultetit t\u00eb Menaxhimit n\u00eb Turiz\u00ebm, Hotelieri dhe Mjedis (FMTHM) n\u00eb Universitetin \u201cHaxhi Zeka\u201d \u2013 themelimi m\u00eb 06.01.2012, akreditimet dhe zhvillimi akademik n\u00eb funksion t\u00eb turizmit dhe mjedisit.","breadcrumb":{"@id":"https:\/\/unhz.eu\/fmthm\/historiku-2\/#breadcrumb"},"inLanguage":"bs-BA","potentialAction":[{"@type":"ReadAction","target":["https:\/\/unhz.eu\/fmthm\/historiku-2\/"]}]},{"@type":"BreadcrumbList","@id":"https:\/\/unhz.eu\/fmthm\/historiku-2\/#breadcrumb","itemListElement":[{"@type":"ListItem","position":1,"name":"Home","item":"https:\/\/unhz.eu\/fmthm\/"},{"@type":"ListItem","position":2,"name":"Historiku"}]},{"@type":"WebSite","@id":"https:\/\/unhz.eu\/fmthm\/#website","url":"https:\/\/unhz.eu\/fmthm\/","name":"Fakultet za turizam, ugostiteljstvo i upravljanje okoli\u0161em","description":"Posve\u0107eni standardnoj kvaliteti i uspjehu","publisher":{"@id":"https:\/\/unhz.eu\/fmthm\/#organization"},"potentialAction":[{"@type":"SearchAction","target":{"@type":"EntryPoint","urlTemplate":"https:\/\/unhz.eu\/fmthm\/?s={search_term_string}"},"query-input":{"@type":"PropertyValueSpecification","valueRequired":true,"valueName":"search_term_string"}}],"inLanguage":"bs-BA"},{"@type":"Organization","@id":"https:\/\/unhz.eu\/fmthm\/#organization","name":"Fakultet za turizam, ugostiteljstvo i upravljanje okoli\u0161em","url":"https:\/\/unhz.eu\/fmthm\/","logo":{"@type":"ImageObject","inLanguage":"bs-BA","@id":"https:\/\/unhz.eu\/fmthm\/#\/schema\/logo\/image\/","url":"https:\/\/unhz.eu\/fmthm\/wp-content\/uploads\/sites\/10\/2024\/02\/cropped-logo-1-1-e1713527702695.png","contentUrl":"https:\/\/unhz.eu\/fmthm\/wp-content\/uploads\/sites\/10\/2024\/02\/cropped-logo-1-1-e1713527702695.png","width":100,"height":100,"caption":"Fakulteti i Menaxhimit n\u00eb Turiz\u00ebm, Hotelieri dhe Mjedis"},"image":{"@id":"https:\/\/unhz.eu\/fmthm\/#\/schema\/logo\/image\/"}}]}},"_links":{"self":[{"href":"https:\/\/unhz.eu\/fmthm\/bs\/wp-json\/wp\/v2\/pages\/48813","targetHints":{"allow":["GET"]}}],"collection":[{"href":"https:\/\/unhz.eu\/fmthm\/bs\/wp-json\/wp\/v2\/pages"}],"about":[{"href":"https:\/\/unhz.eu\/fmthm\/bs\/wp-json\/wp\/v2\/types\/page"}],"author":[{"embeddable":true,"href":"https:\/\/unhz.eu\/fmthm\/bs\/wp-json\/wp\/v2\/users\/1"}],"replies":[{"embeddable":true,"href":"https:\/\/unhz.eu\/fmthm\/bs\/wp-json\/wp\/v2\/comments?post=48813"}],"version-history":[{"count":1,"href":"https:\/\/unhz.eu\/fmthm\/bs\/wp-json\/wp\/v2\/pages\/48813\/revisions"}],"predecessor-version":[{"id":49898,"href":"https:\/\/unhz.eu\/fmthm\/bs\/wp-json\/wp\/v2\/pages\/48813\/revisions\/49898"}],"wp:attachment":[{"href":"https:\/\/unhz.eu\/fmthm\/bs\/wp-json\/wp\/v2\/media?parent=48813"}],"curies":[{"name":"wp","href":"https:\/\/api.w.org\/{rel}","templated":true}]}}