{"id":22697,"date":"2024-04-30T13:25:54","date_gmt":"2024-04-30T13:25:54","guid":{"rendered":"https:\/\/unhz.eu\/fmthm\/?page_id=22697"},"modified":"2026-01-29T13:32:50","modified_gmt":"2026-01-29T12:32:50","slug":"rezlultate","status":"publish","type":"page","link":"https:\/\/unhz.eu\/fmthm\/bs\/rezlultate\/","title":{"rendered":"rezultati"},"content":{"rendered":"<div data-elementor-type=\"wp-page\" data-elementor-id=\"22697\" class=\"elementor elementor-22697\" data-elementor-post-type=\"page\">\n\t\t\t\t\t\t<section class=\"elementor-section elementor-top-section elementor-element elementor-element-f485cac elementor-section-boxed elementor-section-height-default elementor-section-height-default sc_fly_static\" data-id=\"f485cac\" data-element_type=\"section\" data-e-type=\"section\">\n\t\t\t\t\t\t<div class=\"elementor-container elementor-column-gap-extended\">\n\t\t\t\t\t<div class=\"elementor-column elementor-col-100 elementor-top-column elementor-element elementor-element-cff2ffa sc_content_align_inherit sc_layouts_column_icons_position_left sc_fly_static\" data-id=\"cff2ffa\" data-element_type=\"column\" data-e-type=\"column\">\n\t\t\t<div class=\"elementor-widget-wrap elementor-element-populated\">\n\t\t\t\t\t\t<div class=\"elementor-element elementor-element-ca79925 sc_fly_static elementor-widget elementor-widget-trx_sc_title\" data-id=\"ca79925\" data-element_type=\"widget\" data-e-type=\"widget\" data-widget_type=\"trx_sc_title.default\">\n\t\t\t\t<div class=\"elementor-widget-container\">\n\t\t\t\t\t<div\t\tclass=\"sc_title sc_title_default\" ><span class=\"sc_item_subtitle sc_title_subtitle sc_item_subtitle_above sc_item_title_style_default\">O nama<\/span><h4 class=\"sc_item_title sc_title_title sc_item_title_style_default sc_item_title_tag\"\n\t\t\t><span class=\"sc_item_title_text\">Rezultati evaluacije<\/span><\/h4><\/div>\t\t\t\t<\/div>\n\t\t\t\t<\/div>\n\t\t\t\t<div class=\"elementor-element elementor-element-d992c0d sc_fly_static elementor-widget elementor-widget-spacer\" data-id=\"d992c0d\" data-element_type=\"widget\" data-e-type=\"widget\" data-widget_type=\"spacer.default\">\n\t\t\t\t<div class=\"elementor-widget-container\">\n\t\t\t\t\t\t\t<div class=\"elementor-spacer\">\n\t\t\t<div class=\"elementor-spacer-inner\"><\/div>\n\t\t<\/div>\n\t\t\t\t\t\t<\/div>\n\t\t\t\t<\/div>\n\t\t\t\t\t<\/div>\n\t\t<\/div>\n\t\t\t\t\t<\/div>\n\t\t<\/section>\n\t\t\t\t<section class=\"elementor-section elementor-top-section elementor-element elementor-element-5694abf elementor-section-boxed elementor-section-height-default elementor-section-height-default sc_fly_static\" data-id=\"5694abf\" data-element_type=\"section\" data-e-type=\"section\">\n\t\t\t\t\t\t<div class=\"elementor-container elementor-column-gap-extended\">\n\t\t\t\t\t<div class=\"elementor-column elementor-col-100 elementor-top-column elementor-element elementor-element-0023e9f sc_content_align_inherit sc_layouts_column_icons_position_left sc_fly_static\" data-id=\"0023e9f\" data-element_type=\"column\" data-e-type=\"column\">\n\t\t\t<div class=\"elementor-widget-wrap elementor-element-populated\">\n\t\t\t\t\t\t<div class=\"elementor-element elementor-element-dae8b3b sc_fly_static elementor-widget elementor-widget-trx_widget_custom_links\" data-id=\"dae8b3b\" data-element_type=\"widget\" data-e-type=\"widget\" data-widget_type=\"trx_widget_custom_links.default\">\n\t\t\t\t<div class=\"elementor-widget-container\">\n\t\t\t\t\t<div class=\"widget_area sc_widget_custom_links\"><aside class=\"widget widget_custom_links\"><ul class=\"custom_links_list\"><li class=\"custom_links_list_item with_icon\"><a class=\"custom_links_list_item_link\" href=\"https:\/\/drive.google.com\/file\/d\/1E9sRsI1UGriaE8_O5bxpEagRe3K7dsQy\/view\" target=\"_blank\" style=\"color:var(--e-global-color-982e71a) !important;\"><span\t\t\t\t\t\t\tclass=\"custom_links_list_item_icon sc_icon_type_icons icon-file-pdf\"\n\t\t\t\t\t\t><\/span><span class=\"custom_links_list_item_title\">Turizam, ugostiteljstvo i upravljanje okoli\u0161em \u2013 diploma prvog stepena<\/span><\/a><span class=\"custom_links_list_item_description\">Rezultati evaluacije\n<\/span><\/li><li class=\"custom_links_list_item with_icon\"><a class=\"custom_links_list_item_link\" href=\"https:\/\/drive.google.com\/file\/d\/1IdZgnKc-IdujZ1yNNg0Ff_A3C-Ws11hw\/view\" target=\"_blank\" style=\"color:var(--e-global-color-982e71a) !important;\"><span\t\t\t\t\t\t\tclass=\"custom_links_list_item_icon sc_icon_type_icons icon-file-pdf\"\n\t\t\t\t\t\t><\/span><span class=\"custom_links_list_item_title\">Menad\u017ement turizma \u2013 bosanski jezik<\/span><\/a><span class=\"custom_links_list_item_description\">Rezultati evaluacije\n<\/span><\/li><li class=\"custom_links_list_item with_icon\"><a class=\"custom_links_list_item_link\" href=\"https:\/\/unhz.eu\/fmthm\/wp-content\/uploads\/sites\/10\/2024\/04\/Raport-i-vleresimit-periodik-per-programin-e-studimit-Menaxhim-Mjedisi-MSc.pdf\" target=\"_blank\" style=\"color:var(--e-global-color-982e71a) !important;\"><span\t\t\t\t\t\t\tclass=\"custom_links_list_item_icon sc_icon_type_icons icon-file-pdf\"\n\t\t\t\t\t\t><\/span><span class=\"custom_links_list_item_title\">Upravljanje okoli\u0161em<\/span><\/a><span class=\"custom_links_list_item_description\">Rezultati evaluacije\n<\/span><\/li><li class=\"custom_links_list_item with_icon\"><a class=\"custom_links_list_item_link\" href=\"https:\/\/unhz.eu\/fmthm\/wp-content\/uploads\/sites\/10\/2024\/04\/REZULTATET-E-VLERESIMIT-NGA-PYETESORI-I-VLERESIMIT-STUDENTI-MESIMDHENESIN-2021-22-MENAXHIM-MJEDISI-MASTER.pdf\" target=\"_blank\" style=\"color:var(--e-global-color-982e71a) !important;\"><span\t\t\t\t\t\t\tclass=\"custom_links_list_item_icon sc_icon_type_icons icon-file-pdf\"\n\t\t\t\t\t\t><\/span><span class=\"custom_links_list_item_title\">Upravljanje okoli\u0161em<\/span><\/a><span class=\"custom_links_list_item_description\">Rezultati evaluacije iz Upitnika za evaluaciju u\u010denika i nastavnika 2021-2022<\/span><\/li><li class=\"custom_links_list_item with_icon\"><a class=\"custom_links_list_item_link\" href=\"https:\/\/unhz.eu\/fmthm\/wp-content\/uploads\/sites\/10\/2024\/04\/REZULTATET-E-VLERESIMIT-NGA-PYETESORI-STUDENTI-MESIMDHENESIN-SEMESTRI-VEROR-2022-23.-MENAXHIM-MJEDISI-MASTER.pdf\" target=\"_blank\" style=\"color:var(--e-global-color-982e71a) !important;\"><span\t\t\t\t\t\t\tclass=\"custom_links_list_item_icon sc_icon_type_icons icon-file-pdf\"\n\t\t\t\t\t\t><\/span><span class=\"custom_links_list_item_title\">Upravljanje okoli\u0161em<\/span><\/a><span class=\"custom_links_list_item_description\">Rezultati evaluacije iz Upitnika za evaluaciju studenata i nastavnika, ljetni semestar 2021-2022<\/span><\/li><\/ul><\/aside><\/div>\t\t\t\t<\/div>\n\t\t\t\t<\/div>\n\t\t\t\t\t<\/div>\n\t\t<\/div>\n\t\t\t\t\t<\/div>\n\t\t<\/section>\n\t\t\t\t<\/div>","protected":false},"excerpt":{"rendered":"<p>Rreth Rezultateve t\u00eb vler\u00ebsimit Menaxhim n\u00eb Turiz\u00ebm Hotelieri dhe Mjedis \u2013 BachelorRezultatet e vler\u00ebsimit Menaxhim&hellip;<\/p>","protected":false},"author":1,"featured_media":0,"parent":0,"menu_order":0,"comment_status":"closed","ping_status":"closed","template":"","meta":{"footnotes":""},"class_list":["post-22697","page","type-page","status-publish","hentry"],"yoast_head":"<!-- This site is optimized with the Yoast SEO Premium plugin v27.2 (Yoast SEO v27.2) - https:\/\/yoast.com\/product\/yoast-seo-premium-wordpress\/ -->\n<title>Rezultate FMTHM | Universiteti \u201cHaxhi Zeka\u201d<\/title>\n<meta name=\"description\" content=\"Shiko rezultatet akademike dhe listat e shpallura n\u00eb Fakultetin e Menaxhimit n\u00eb Turiz\u00ebm, Hotelieri dhe Mjedis (FMTHM) \u2013 provimet, konkurset dhe njoftimet n\u00eb UHZ.\" \/>\n<meta name=\"robots\" content=\"index, follow, max-snippet:-1, max-image-preview:large, max-video-preview:-1\" \/>\n<link rel=\"canonical\" href=\"https:\/\/unhz.eu\/fmthm\/bs\/rezlultate\/\" \/>\n<meta property=\"og:locale\" content=\"bs_BA\" \/>\n<meta property=\"og:type\" content=\"article\" \/>\n<meta property=\"og:title\" content=\"Rezultate\" \/>\n<meta property=\"og:description\" content=\"Shiko rezultatet akademike dhe listat e shpallura n\u00eb Fakultetin e Menaxhimit n\u00eb Turiz\u00ebm, Hotelieri dhe Mjedis (FMTHM) \u2013 provimet, konkurset dhe njoftimet n\u00eb UHZ.\" \/>\n<meta property=\"og:url\" content=\"https:\/\/unhz.eu\/fmthm\/bs\/rezlultate\/\" \/>\n<meta property=\"og:site_name\" content=\"Fakulteti i Menaxhimit n\u00eb Turiz\u00ebm, Hotelieri dhe Mjedis\" \/>\n<meta property=\"article:modified_time\" content=\"2026-01-29T12:32:50+00:00\" \/>\n<meta name=\"twitter:card\" content=\"summary_large_image\" \/>\n<meta name=\"twitter:label1\" content=\"Est. reading time\" \/>\n\t<meta name=\"twitter:data1\" content=\"1 minuta\" \/>\n<script type=\"application\/ld+json\" class=\"yoast-schema-graph\">{\"@context\":\"https:\/\/schema.org\",\"@graph\":[{\"@type\":\"WebPage\",\"@id\":\"https:\/\/unhz.eu\/fmthm\/rezlultate\/\",\"url\":\"https:\/\/unhz.eu\/fmthm\/rezlultate\/\",\"name\":\"Rezultate FMTHM | Universiteti \u201cHaxhi Zeka\u201d\",\"isPartOf\":{\"@id\":\"https:\/\/unhz.eu\/fmthm\/#website\"},\"datePublished\":\"2024-04-30T13:25:54+00:00\",\"dateModified\":\"2026-01-29T12:32:50+00:00\",\"description\":\"Shiko rezultatet akademike dhe listat e shpallura n\u00eb Fakultetin e Menaxhimit n\u00eb Turiz\u00ebm, Hotelieri dhe Mjedis (FMTHM) \u2013 provimet, konkurset dhe njoftimet n\u00eb UHZ.\",\"breadcrumb\":{\"@id\":\"https:\/\/unhz.eu\/fmthm\/rezlultate\/#breadcrumb\"},\"inLanguage\":\"bs-BA\",\"potentialAction\":[{\"@type\":\"ReadAction\",\"target\":[\"https:\/\/unhz.eu\/fmthm\/rezlultate\/\"]}]},{\"@type\":\"BreadcrumbList\",\"@id\":\"https:\/\/unhz.eu\/fmthm\/rezlultate\/#breadcrumb\",\"itemListElement\":[{\"@type\":\"ListItem\",\"position\":1,\"name\":\"Home\",\"item\":\"https:\/\/unhz.eu\/fmthm\/\"},{\"@type\":\"ListItem\",\"position\":2,\"name\":\"Rezultate\"}]},{\"@type\":\"WebSite\",\"@id\":\"https:\/\/unhz.eu\/fmthm\/#website\",\"url\":\"https:\/\/unhz.eu\/fmthm\/\",\"name\":\"Fakulteti i Menaxhimit n\u00eb Turiz\u00ebm, Hotelieri dhe Mjedis\",\"description\":\"I dedikuar p\u00ebr cil\u00ebsi standarde dhe suksese\",\"publisher\":{\"@id\":\"https:\/\/unhz.eu\/fmthm\/#organization\"},\"potentialAction\":[{\"@type\":\"SearchAction\",\"target\":{\"@type\":\"EntryPoint\",\"urlTemplate\":\"https:\/\/unhz.eu\/fmthm\/?s={search_term_string}\"},\"query-input\":{\"@type\":\"PropertyValueSpecification\",\"valueRequired\":true,\"valueName\":\"search_term_string\"}}],\"inLanguage\":\"bs-BA\"},{\"@type\":\"Organization\",\"@id\":\"https:\/\/unhz.eu\/fmthm\/#organization\",\"name\":\"Fakulteti i Menaxhimit n\u00eb Turiz\u00ebm, Hotelieri dhe Mjedis\",\"url\":\"https:\/\/unhz.eu\/fmthm\/\",\"logo\":{\"@type\":\"ImageObject\",\"inLanguage\":\"bs-BA\",\"@id\":\"https:\/\/unhz.eu\/fmthm\/#\/schema\/logo\/image\/\",\"url\":\"https:\/\/unhz.eu\/fmthm\/wp-content\/uploads\/sites\/10\/2024\/02\/cropped-logo-1-1-e1713527702695.png\",\"contentUrl\":\"https:\/\/unhz.eu\/fmthm\/wp-content\/uploads\/sites\/10\/2024\/02\/cropped-logo-1-1-e1713527702695.png\",\"width\":100,\"height\":100,\"caption\":\"Fakulteti i Menaxhimit n\u00eb Turiz\u00ebm, Hotelieri dhe Mjedis\"},\"image\":{\"@id\":\"https:\/\/unhz.eu\/fmthm\/#\/schema\/logo\/image\/\"}}]}<\/script>\n<!-- \/ Yoast SEO Premium plugin. -->","yoast_head_json":{"title":"Rezultate FMTHM | Universiteti \u201cHaxhi Zeka\u201d","description":"Shiko rezultatet akademike dhe listat e shpallura n\u00eb Fakultetin e Menaxhimit n\u00eb Turiz\u00ebm, Hotelieri dhe Mjedis (FMTHM) \u2013 provimet, konkurset dhe njoftimet n\u00eb UHZ.","robots":{"index":"index","follow":"follow","max-snippet":"max-snippet:-1","max-image-preview":"max-image-preview:large","max-video-preview":"max-video-preview:-1"},"canonical":"https:\/\/unhz.eu\/fmthm\/bs\/rezlultate\/","og_locale":"bs_BA","og_type":"article","og_title":"Rezultate","og_description":"Shiko rezultatet akademike dhe listat e shpallura n\u00eb Fakultetin e Menaxhimit n\u00eb Turiz\u00ebm, Hotelieri dhe Mjedis (FMTHM) \u2013 provimet, konkurset dhe njoftimet n\u00eb UHZ.","og_url":"https:\/\/unhz.eu\/fmthm\/bs\/rezlultate\/","og_site_name":"Fakulteti i Menaxhimit n\u00eb Turiz\u00ebm, Hotelieri dhe Mjedis","article_modified_time":"2026-01-29T12:32:50+00:00","twitter_card":"summary_large_image","twitter_misc":{"Est. reading time":"1 minuta"},"schema":{"@context":"https:\/\/schema.org","@graph":[{"@type":"WebPage","@id":"https:\/\/unhz.eu\/fmthm\/rezlultate\/","url":"https:\/\/unhz.eu\/fmthm\/rezlultate\/","name":"Rezultate FMTHM | Universiteti \u201cHaxhi Zeka\u201d","isPartOf":{"@id":"https:\/\/unhz.eu\/fmthm\/#website"},"datePublished":"2024-04-30T13:25:54+00:00","dateModified":"2026-01-29T12:32:50+00:00","description":"Shiko rezultatet akademike dhe listat e shpallura n\u00eb Fakultetin e Menaxhimit n\u00eb Turiz\u00ebm, Hotelieri dhe Mjedis (FMTHM) \u2013 provimet, konkurset dhe njoftimet n\u00eb UHZ.","breadcrumb":{"@id":"https:\/\/unhz.eu\/fmthm\/rezlultate\/#breadcrumb"},"inLanguage":"bs-BA","potentialAction":[{"@type":"ReadAction","target":["https:\/\/unhz.eu\/fmthm\/rezlultate\/"]}]},{"@type":"BreadcrumbList","@id":"https:\/\/unhz.eu\/fmthm\/rezlultate\/#breadcrumb","itemListElement":[{"@type":"ListItem","position":1,"name":"Home","item":"https:\/\/unhz.eu\/fmthm\/"},{"@type":"ListItem","position":2,"name":"Rezultate"}]},{"@type":"WebSite","@id":"https:\/\/unhz.eu\/fmthm\/#website","url":"https:\/\/unhz.eu\/fmthm\/","name":"Fakultet za turizam, ugostiteljstvo i upravljanje okoli\u0161em","description":"Posve\u0107eni standardnoj kvaliteti i uspjehu","publisher":{"@id":"https:\/\/unhz.eu\/fmthm\/#organization"},"potentialAction":[{"@type":"SearchAction","target":{"@type":"EntryPoint","urlTemplate":"https:\/\/unhz.eu\/fmthm\/?s={search_term_string}"},"query-input":{"@type":"PropertyValueSpecification","valueRequired":true,"valueName":"search_term_string"}}],"inLanguage":"bs-BA"},{"@type":"Organization","@id":"https:\/\/unhz.eu\/fmthm\/#organization","name":"Fakultet za turizam, ugostiteljstvo i upravljanje okoli\u0161em","url":"https:\/\/unhz.eu\/fmthm\/","logo":{"@type":"ImageObject","inLanguage":"bs-BA","@id":"https:\/\/unhz.eu\/fmthm\/#\/schema\/logo\/image\/","url":"https:\/\/unhz.eu\/fmthm\/wp-content\/uploads\/sites\/10\/2024\/02\/cropped-logo-1-1-e1713527702695.png","contentUrl":"https:\/\/unhz.eu\/fmthm\/wp-content\/uploads\/sites\/10\/2024\/02\/cropped-logo-1-1-e1713527702695.png","width":100,"height":100,"caption":"Fakulteti i Menaxhimit n\u00eb Turiz\u00ebm, Hotelieri dhe Mjedis"},"image":{"@id":"https:\/\/unhz.eu\/fmthm\/#\/schema\/logo\/image\/"}}]}},"_links":{"self":[{"href":"https:\/\/unhz.eu\/fmthm\/bs\/wp-json\/wp\/v2\/pages\/22697","targetHints":{"allow":["GET"]}}],"collection":[{"href":"https:\/\/unhz.eu\/fmthm\/bs\/wp-json\/wp\/v2\/pages"}],"about":[{"href":"https:\/\/unhz.eu\/fmthm\/bs\/wp-json\/wp\/v2\/types\/page"}],"author":[{"embeddable":true,"href":"https:\/\/unhz.eu\/fmthm\/bs\/wp-json\/wp\/v2\/users\/1"}],"replies":[{"embeddable":true,"href":"https:\/\/unhz.eu\/fmthm\/bs\/wp-json\/wp\/v2\/comments?post=22697"}],"version-history":[{"count":1,"href":"https:\/\/unhz.eu\/fmthm\/bs\/wp-json\/wp\/v2\/pages\/22697\/revisions"}],"predecessor-version":[{"id":49912,"href":"https:\/\/unhz.eu\/fmthm\/bs\/wp-json\/wp\/v2\/pages\/22697\/revisions\/49912"}],"wp:attachment":[{"href":"https:\/\/unhz.eu\/fmthm\/bs\/wp-json\/wp\/v2\/media?parent=22697"}],"curies":[{"name":"wp","href":"https:\/\/api.w.org\/{rel}","templated":true}]}}