{"id":22402,"date":"2024-04-25T13:27:01","date_gmt":"2024-04-25T13:27:01","guid":{"rendered":"https:\/\/unhz.eu\/fmthm\/?page_id=22402"},"modified":"2026-01-29T13:16:29","modified_gmt":"2026-01-29T12:16:29","slug":"manuali-per-punen-praktike","status":"publish","type":"page","link":"https:\/\/unhz.eu\/fmthm\/bs\/manuali-per-punen-praktike\/","title":{"rendered":"Prakti\u010dni priru\u010dnik za rad"},"content":{"rendered":"<div data-elementor-type=\"wp-page\" data-elementor-id=\"22402\" class=\"elementor elementor-22402\" data-elementor-post-type=\"page\">\n\t\t\t\t\t\t<section class=\"elementor-section elementor-top-section elementor-element elementor-element-46c0561f elementor-section-boxed elementor-section-height-default elementor-section-height-default sc_fly_static\" data-id=\"46c0561f\" data-element_type=\"section\" data-e-type=\"section\">\n\t\t\t\t\t\t<div class=\"elementor-container elementor-column-gap-extended\">\n\t\t\t\t\t<div class=\"elementor-column elementor-col-100 elementor-top-column elementor-element elementor-element-1d9fcf01 sc_content_align_inherit sc_layouts_column_icons_position_left sc_fly_static\" data-id=\"1d9fcf01\" data-element_type=\"column\" data-e-type=\"column\">\n\t\t\t<div class=\"elementor-widget-wrap elementor-element-populated\">\n\t\t\t\t\t\t<div class=\"elementor-element elementor-element-aa8bffd sc_height_small sc_fly_static elementor-widget elementor-widget-spacer\" data-id=\"aa8bffd\" data-element_type=\"widget\" data-e-type=\"widget\" data-widget_type=\"spacer.default\">\n\t\t\t\t<div class=\"elementor-widget-container\">\n\t\t\t\t\t\t\t<div class=\"elementor-spacer\">\n\t\t\t<div class=\"elementor-spacer-inner\"><\/div>\n\t\t<\/div>\n\t\t\t\t\t\t<\/div>\n\t\t\t\t<\/div>\n\t\t\t\t<div class=\"elementor-element elementor-element-2aec1463 sc_fly_static elementor-widget elementor-widget-text-editor\" data-id=\"2aec1463\" data-element_type=\"widget\" data-e-type=\"widget\" data-widget_type=\"text-editor.default\">\n\t\t\t\t<div class=\"elementor-widget-container\">\n\t\t\t\t\t\t\t\t\t\n<p>Ovaj priru\u010dnik je pripremljen da slu\u017ei studentima Univerziteta &quot;Had\u017ei Zeka&quot; u Pe\u0107i i preduze\u0107ima koja su zainteresovana za pru\u017eanje prakti\u010dnog rada studentima ove institucije.<\/p>\n\n<p>Priru\u010dnik za praksu \u0107e slu\u017eiti kao vodi\u010d za rad Centra za vo\u0111enje i savjetovanje o karijeri i informirati studente o kriterijima i koracima koje treba slijediti kako bi imali koristi od prakse. Tako\u0111er \u0107e slu\u017eiti kao informativni resurs za kompanije koje su zainteresirane za u\u010de\u0161\u0107e u programu prakse i doprinos svojoj zajednici obukom nove radne snage vje\u0161tinama potrebnim za ulazak na tr\u017ei\u0161te rada.<\/p>\n\n<p>Priru\u010dnik uklju\u010duje odgovornosti koordinatora prakse ili Centra za razvoj karijere unutar Univerziteta, odgovornosti studenta i odgovornosti preduze\u0107a; osnovna pravila i glavne faze prakse; i potrebne obrasce za praksu.<\/p>\n\n<p>Priru\u010dnik je dinami\u010dan dokument koji se mo\u017ee mijenjati u zavisnosti od potreba fakulteta na univerzitetskom nivou i zahtjeva preduze\u0107a koji se mogu pojaviti tokom perioda implementacije programa prakse.<\/p>\n\n<p><a href=\"https:\/\/drive.google.com\/file\/d\/0B1c9UkiZAV3ZNEhIeEVNYjhFVjA\/view?usp=sharing\">Prakti\u010dni priru\u010dnik za rad\u00a0<\/a><\/p>\n\n<p><a href=\"https:\/\/drive.google.com\/file\/d\/0B1c9UkiZAV3Za2V0OGxVWEs5T00\/view?usp=sharing\" target=\"_blank\" rel=\"noopener\">Prilog 1 Obavje\u0161tenje o praksi<\/a><\/p>\n\n<p><a href=\"https:\/\/drive.google.com\/file\/d\/0B1c9UkiZAV3ZVHg5Y0hxX1NyS00\/view?usp=sharing\">Dodatak 2 Opis posla za pripravnika iz kompanije<\/a><\/p>\n\n<p><a href=\"https:\/\/drive.google.com\/file\/d\/0B1c9UkiZAV3ZNHpCQTFXdWw3aW8\/view?usp=sharing\">Prilog 3 Prijava za program sta\u017eiranja za 2014. godinu<\/a><\/p>\n\n<p><a href=\"https:\/\/drive.google.com\/file\/d\/0B1c9UkiZAV3ZcllOSmpYb0oxbEk\/view?usp=sharing\">Dodatak 4 \u017divotopis<\/a><\/p>\n\n<p><a href=\"https:\/\/drive.google.com\/file\/d\/0B1c9UkiZAV3ZVFFic2tQOW0wZDQ\/view?usp=sharing\">Prilog 5 Sporazum o saradnji izme\u0111u institucije i preduze\u0107a<\/a><\/p>\n\n<p><a href=\"https:\/\/drive.google.com\/file\/d\/0B1c9UkiZAV3ZejZ3Ung3SWpxNWc\/view?usp=sharing\">Aneks 6 Sporazum izme\u0111u koordinatora prakse - studenta - preduze\u0107a<\/a><\/p>\n\n<p><a href=\"https:\/\/drive.google.com\/file\/d\/0B1c9UkiZAV3ZVmZ0QXRXSVZwMDA\/view?usp=sharing\">Dodatak 7 Vodi\u010d za studente tokom prakti\u010dnog rada<\/a><\/p>\n\n<p><a href=\"https:\/\/drive.google.com\/file\/d\/0B1c9UkiZAV3ZRnZkeHFsdFRkcjA\/view?usp=sharing\">Dodatak 8 Radni dnevnik za pripravnika<\/a><\/p>\n\n<p><a href=\"https:\/\/drive.google.com\/file\/d\/0B1c9UkiZAV3ZS25lX2dsd2pob2M\/view?usp=sharing\">Dodatak 9 Obrasci za ocjenjivanje pripravnika od strane koordinatora pripravni\u0161tva u UHZ-u<\/a><\/p>\n\n<p><a href=\"https:\/\/drive.google.com\/file\/d\/0B1c9UkiZAV3ZSWJmaTNzUG52Nkk\/view?usp=sharing\">Dodatak 10 Obrasci za evaluaciju programa prakse od strane pripravnika<\/a><\/p>\n\n<p><a href=\"https:\/\/drive.google.com\/file\/d\/0B1c9UkiZAV3ZZzJqU01OcFdjRGc\/view?usp=sharing\" target=\"_blank\" rel=\"noopener\">Prilog 11 Obrasci za evaluaciju programa prakse od strane preduze\u0107a<\/a><\/p>\n\n<p><a href=\"https:\/\/drive.google.com\/file\/d\/0B1c9UkiZAV3ZdTYzZkU4TExxZzg\/view?usp=sharing\">Dodatak 12 Izvje\u0161taj o praksi za studente<\/a><\/p>\n\n<p><a href=\"https:\/\/drive.google.com\/file\/d\/0B1c9UkiZAV3ZV3FpRUNXeHVlWFE\/view?usp=sharing\">Dodatak 13 Obrasci za status studentskog zaposlenja u prvoj godini studija<\/a><\/p>\n\n<p><a href=\"https:\/\/drive.google.com\/file\/d\/0B1c9UkiZAV3ZczR2U0NMOU56bUk\/view?usp=sharing\">Dodatak 14 Obrasci za status studentskog zaposlenja na kraju prakse<\/a><\/p>\n\t\t\t\t\t\t\t\t<\/div>\n\t\t\t\t<\/div>\n\t\t\t\t\t<\/div>\n\t\t<\/div>\n\t\t\t\t\t<\/div>\n\t\t<\/section>\n\t\t\t\t<\/div>","protected":false},"excerpt":{"rendered":"<p>Ky manual \u00ebsht\u00eb p\u00ebrgatitur p\u00ebr t\u2019ju sh\u00ebrbyer student\u00ebve t\u00eb Universitetit \u201cHaxhi Zeka\u201d n\u00eb Pej\u00eb, dhe&hellip;<\/p>","protected":false},"author":1,"featured_media":0,"parent":0,"menu_order":0,"comment_status":"closed","ping_status":"closed","template":"","meta":{"footnotes":""},"class_list":["post-22402","page","type-page","status-publish","hentry"],"yoast_head":"<!-- This site is optimized with the Yoast SEO Premium plugin v27.2 (Yoast SEO v27.2) - https:\/\/yoast.com\/product\/yoast-seo-premium-wordpress\/ -->\n<title>Manuali p\u00ebr pun\u00ebn praktike | FMTHM \u2013 Universiteti Haxhi Zeka<\/title>\n<meta name=\"description\" content=\"Manuali p\u00ebr pun\u00ebn praktike n\u00eb FMTHM \u2013 udh\u00ebzues p\u00ebr student\u00eb, koordinator\u00eb dhe nd\u00ebrmarrje p\u00ebr hapat, p\u00ebrgjegj\u00ebsit\u00eb dhe formular\u00ebt e programit t\u00eb praktik\u00ebs profesionale.\" \/>\n<meta name=\"robots\" content=\"index, follow, max-snippet:-1, max-image-preview:large, max-video-preview:-1\" \/>\n<link rel=\"canonical\" href=\"https:\/\/unhz.eu\/fmthm\/bs\/manuali-per-punen-praktike\/\" \/>\n<meta property=\"og:locale\" content=\"bs_BA\" \/>\n<meta property=\"og:type\" content=\"article\" \/>\n<meta property=\"og:title\" content=\"Manuali p\u00ebr Pun\u00ebn Praktike\" \/>\n<meta property=\"og:description\" content=\"Manuali p\u00ebr pun\u00ebn praktike n\u00eb FMTHM \u2013 udh\u00ebzues p\u00ebr student\u00eb, koordinator\u00eb dhe nd\u00ebrmarrje p\u00ebr hapat, p\u00ebrgjegj\u00ebsit\u00eb dhe formular\u00ebt e programit t\u00eb praktik\u00ebs profesionale.\" \/>\n<meta property=\"og:url\" content=\"https:\/\/unhz.eu\/fmthm\/bs\/manuali-per-punen-praktike\/\" \/>\n<meta property=\"og:site_name\" content=\"Fakulteti i Menaxhimit n\u00eb Turiz\u00ebm, Hotelieri dhe Mjedis\" \/>\n<meta property=\"article:modified_time\" content=\"2026-01-29T12:16:29+00:00\" \/>\n<meta name=\"twitter:card\" content=\"summary_large_image\" \/>\n<meta name=\"twitter:label1\" content=\"Est. reading time\" \/>\n\t<meta name=\"twitter:data1\" content=\"2 minute\" \/>\n<script type=\"application\/ld+json\" class=\"yoast-schema-graph\">{\"@context\":\"https:\/\/schema.org\",\"@graph\":[{\"@type\":\"WebPage\",\"@id\":\"https:\/\/unhz.eu\/fmthm\/manuali-per-punen-praktike\/\",\"url\":\"https:\/\/unhz.eu\/fmthm\/manuali-per-punen-praktike\/\",\"name\":\"Manuali p\u00ebr pun\u00ebn praktike | FMTHM \u2013 Universiteti Haxhi Zeka\",\"isPartOf\":{\"@id\":\"https:\/\/unhz.eu\/fmthm\/#website\"},\"datePublished\":\"2024-04-25T13:27:01+00:00\",\"dateModified\":\"2026-01-29T12:16:29+00:00\",\"description\":\"Manuali p\u00ebr pun\u00ebn praktike n\u00eb FMTHM \u2013 udh\u00ebzues p\u00ebr student\u00eb, koordinator\u00eb dhe nd\u00ebrmarrje p\u00ebr hapat, p\u00ebrgjegj\u00ebsit\u00eb dhe formular\u00ebt e programit t\u00eb praktik\u00ebs profesionale.\",\"breadcrumb\":{\"@id\":\"https:\/\/unhz.eu\/fmthm\/manuali-per-punen-praktike\/#breadcrumb\"},\"inLanguage\":\"bs-BA\",\"potentialAction\":[{\"@type\":\"ReadAction\",\"target\":[\"https:\/\/unhz.eu\/fmthm\/manuali-per-punen-praktike\/\"]}]},{\"@type\":\"BreadcrumbList\",\"@id\":\"https:\/\/unhz.eu\/fmthm\/manuali-per-punen-praktike\/#breadcrumb\",\"itemListElement\":[{\"@type\":\"ListItem\",\"position\":1,\"name\":\"Home\",\"item\":\"https:\/\/unhz.eu\/fmthm\/\"},{\"@type\":\"ListItem\",\"position\":2,\"name\":\"Manuali p\u00ebr Pun\u00ebn Praktike\"}]},{\"@type\":\"WebSite\",\"@id\":\"https:\/\/unhz.eu\/fmthm\/#website\",\"url\":\"https:\/\/unhz.eu\/fmthm\/\",\"name\":\"Fakulteti i Menaxhimit n\u00eb Turiz\u00ebm, Hotelieri dhe Mjedis\",\"description\":\"I dedikuar p\u00ebr cil\u00ebsi standarde dhe suksese\",\"publisher\":{\"@id\":\"https:\/\/unhz.eu\/fmthm\/#organization\"},\"potentialAction\":[{\"@type\":\"SearchAction\",\"target\":{\"@type\":\"EntryPoint\",\"urlTemplate\":\"https:\/\/unhz.eu\/fmthm\/?s={search_term_string}\"},\"query-input\":{\"@type\":\"PropertyValueSpecification\",\"valueRequired\":true,\"valueName\":\"search_term_string\"}}],\"inLanguage\":\"bs-BA\"},{\"@type\":\"Organization\",\"@id\":\"https:\/\/unhz.eu\/fmthm\/#organization\",\"name\":\"Fakulteti i Menaxhimit n\u00eb Turiz\u00ebm, Hotelieri dhe Mjedis\",\"url\":\"https:\/\/unhz.eu\/fmthm\/\",\"logo\":{\"@type\":\"ImageObject\",\"inLanguage\":\"bs-BA\",\"@id\":\"https:\/\/unhz.eu\/fmthm\/#\/schema\/logo\/image\/\",\"url\":\"https:\/\/unhz.eu\/fmthm\/wp-content\/uploads\/sites\/10\/2024\/02\/cropped-logo-1-1-e1713527702695.png\",\"contentUrl\":\"https:\/\/unhz.eu\/fmthm\/wp-content\/uploads\/sites\/10\/2024\/02\/cropped-logo-1-1-e1713527702695.png\",\"width\":100,\"height\":100,\"caption\":\"Fakulteti i Menaxhimit n\u00eb Turiz\u00ebm, Hotelieri dhe Mjedis\"},\"image\":{\"@id\":\"https:\/\/unhz.eu\/fmthm\/#\/schema\/logo\/image\/\"}}]}<\/script>\n<!-- \/ Yoast SEO Premium plugin. -->","yoast_head_json":{"title":"Manuali p\u00ebr pun\u00ebn praktike | FMTHM \u2013 Universiteti Haxhi Zeka","description":"Manuali p\u00ebr pun\u00ebn praktike n\u00eb FMTHM \u2013 udh\u00ebzues p\u00ebr student\u00eb, koordinator\u00eb dhe nd\u00ebrmarrje p\u00ebr hapat, p\u00ebrgjegj\u00ebsit\u00eb dhe formular\u00ebt e programit t\u00eb praktik\u00ebs profesionale.","robots":{"index":"index","follow":"follow","max-snippet":"max-snippet:-1","max-image-preview":"max-image-preview:large","max-video-preview":"max-video-preview:-1"},"canonical":"https:\/\/unhz.eu\/fmthm\/bs\/manuali-per-punen-praktike\/","og_locale":"bs_BA","og_type":"article","og_title":"Manuali p\u00ebr Pun\u00ebn Praktike","og_description":"Manuali p\u00ebr pun\u00ebn praktike n\u00eb FMTHM \u2013 udh\u00ebzues p\u00ebr student\u00eb, koordinator\u00eb dhe nd\u00ebrmarrje p\u00ebr hapat, p\u00ebrgjegj\u00ebsit\u00eb dhe formular\u00ebt e programit t\u00eb praktik\u00ebs profesionale.","og_url":"https:\/\/unhz.eu\/fmthm\/bs\/manuali-per-punen-praktike\/","og_site_name":"Fakulteti i Menaxhimit n\u00eb Turiz\u00ebm, Hotelieri dhe Mjedis","article_modified_time":"2026-01-29T12:16:29+00:00","twitter_card":"summary_large_image","twitter_misc":{"Est. reading time":"2 minute"},"schema":{"@context":"https:\/\/schema.org","@graph":[{"@type":"WebPage","@id":"https:\/\/unhz.eu\/fmthm\/manuali-per-punen-praktike\/","url":"https:\/\/unhz.eu\/fmthm\/manuali-per-punen-praktike\/","name":"Manuali p\u00ebr pun\u00ebn praktike | FMTHM \u2013 Universiteti Haxhi Zeka","isPartOf":{"@id":"https:\/\/unhz.eu\/fmthm\/#website"},"datePublished":"2024-04-25T13:27:01+00:00","dateModified":"2026-01-29T12:16:29+00:00","description":"Manuali p\u00ebr pun\u00ebn praktike n\u00eb FMTHM \u2013 udh\u00ebzues p\u00ebr student\u00eb, koordinator\u00eb dhe nd\u00ebrmarrje p\u00ebr hapat, p\u00ebrgjegj\u00ebsit\u00eb dhe formular\u00ebt e programit t\u00eb praktik\u00ebs profesionale.","breadcrumb":{"@id":"https:\/\/unhz.eu\/fmthm\/manuali-per-punen-praktike\/#breadcrumb"},"inLanguage":"bs-BA","potentialAction":[{"@type":"ReadAction","target":["https:\/\/unhz.eu\/fmthm\/manuali-per-punen-praktike\/"]}]},{"@type":"BreadcrumbList","@id":"https:\/\/unhz.eu\/fmthm\/manuali-per-punen-praktike\/#breadcrumb","itemListElement":[{"@type":"ListItem","position":1,"name":"Home","item":"https:\/\/unhz.eu\/fmthm\/"},{"@type":"ListItem","position":2,"name":"Manuali p\u00ebr Pun\u00ebn Praktike"}]},{"@type":"WebSite","@id":"https:\/\/unhz.eu\/fmthm\/#website","url":"https:\/\/unhz.eu\/fmthm\/","name":"Fakultet za turizam, ugostiteljstvo i upravljanje okoli\u0161em","description":"Posve\u0107eni standardnoj kvaliteti i uspjehu","publisher":{"@id":"https:\/\/unhz.eu\/fmthm\/#organization"},"potentialAction":[{"@type":"SearchAction","target":{"@type":"EntryPoint","urlTemplate":"https:\/\/unhz.eu\/fmthm\/?s={search_term_string}"},"query-input":{"@type":"PropertyValueSpecification","valueRequired":true,"valueName":"search_term_string"}}],"inLanguage":"bs-BA"},{"@type":"Organization","@id":"https:\/\/unhz.eu\/fmthm\/#organization","name":"Fakultet za turizam, ugostiteljstvo i upravljanje okoli\u0161em","url":"https:\/\/unhz.eu\/fmthm\/","logo":{"@type":"ImageObject","inLanguage":"bs-BA","@id":"https:\/\/unhz.eu\/fmthm\/#\/schema\/logo\/image\/","url":"https:\/\/unhz.eu\/fmthm\/wp-content\/uploads\/sites\/10\/2024\/02\/cropped-logo-1-1-e1713527702695.png","contentUrl":"https:\/\/unhz.eu\/fmthm\/wp-content\/uploads\/sites\/10\/2024\/02\/cropped-logo-1-1-e1713527702695.png","width":100,"height":100,"caption":"Fakulteti i Menaxhimit n\u00eb Turiz\u00ebm, Hotelieri dhe Mjedis"},"image":{"@id":"https:\/\/unhz.eu\/fmthm\/#\/schema\/logo\/image\/"}}]}},"_links":{"self":[{"href":"https:\/\/unhz.eu\/fmthm\/bs\/wp-json\/wp\/v2\/pages\/22402","targetHints":{"allow":["GET"]}}],"collection":[{"href":"https:\/\/unhz.eu\/fmthm\/bs\/wp-json\/wp\/v2\/pages"}],"about":[{"href":"https:\/\/unhz.eu\/fmthm\/bs\/wp-json\/wp\/v2\/types\/page"}],"author":[{"embeddable":true,"href":"https:\/\/unhz.eu\/fmthm\/bs\/wp-json\/wp\/v2\/users\/1"}],"replies":[{"embeddable":true,"href":"https:\/\/unhz.eu\/fmthm\/bs\/wp-json\/wp\/v2\/comments?post=22402"}],"version-history":[{"count":1,"href":"https:\/\/unhz.eu\/fmthm\/bs\/wp-json\/wp\/v2\/pages\/22402\/revisions"}],"predecessor-version":[{"id":49901,"href":"https:\/\/unhz.eu\/fmthm\/bs\/wp-json\/wp\/v2\/pages\/22402\/revisions\/49901"}],"wp:attachment":[{"href":"https:\/\/unhz.eu\/fmthm\/bs\/wp-json\/wp\/v2\/media?parent=22402"}],"curies":[{"name":"wp","href":"https:\/\/api.w.org\/{rel}","templated":true}]}}