{"id":21366,"date":"2024-02-28T07:54:48","date_gmt":"2024-02-28T07:54:48","guid":{"rendered":"http:\/\/unhz.local\/fakulteti-i-biznesit\/?page_id=21366"},"modified":"2026-01-29T13:25:47","modified_gmt":"2026-01-29T12:25:47","slug":"akreditim","status":"publish","type":"page","link":"https:\/\/unhz.eu\/fmthm\/bs\/akreditim\/","title":{"rendered":"Univerzitet Had\u017ei Zeka u Pe\u0107i je akreditovan na 5 godina"},"content":{"rendered":"<div data-elementor-type=\"wp-page\" data-elementor-id=\"21366\" class=\"elementor elementor-21366\" data-elementor-post-type=\"page\">\n\t\t\t\t\t\t<section class=\"elementor-section elementor-top-section elementor-element elementor-element-ac142e6 elementor-section-boxed elementor-section-height-default elementor-section-height-default sc_fly_static\" data-id=\"ac142e6\" data-element_type=\"section\" data-e-type=\"section\">\n\t\t\t\t\t\t<div class=\"elementor-container elementor-column-gap-extended\">\n\t\t\t\t\t<div class=\"elementor-column elementor-col-100 elementor-top-column elementor-element elementor-element-3abc821 sc_content_align_inherit sc_layouts_column_icons_position_left sc_fly_static\" data-id=\"3abc821\" data-element_type=\"column\" data-e-type=\"column\">\n\t\t\t<div class=\"elementor-widget-wrap elementor-element-populated\">\n\t\t\t\t\t\t<div class=\"elementor-element elementor-element-0239465 sc_fly_static elementor-widget elementor-widget-heading\" data-id=\"0239465\" data-element_type=\"widget\" data-e-type=\"widget\" data-widget_type=\"heading.default\">\n\t\t\t\t<div class=\"elementor-widget-container\">\n\t\t\t\t\t<h3 class=\"elementor-heading-title elementor-size-default\">Univerzitet Had\u017ei Zeka u Pe\u0107i je akreditovan na 5 godina\n<\/h3>\t\t\t\t<\/div>\n\t\t\t\t<\/div>\n\t\t\t\t\t<\/div>\n\t\t<\/div>\n\t\t\t\t\t<\/div>\n\t\t<\/section>\n\t\t\t\t<section class=\"elementor-section elementor-top-section elementor-element elementor-element-98b535f elementor-section-boxed elementor-section-height-default elementor-section-height-default sc_fly_static\" data-id=\"98b535f\" data-element_type=\"section\" data-e-type=\"section\">\n\t\t\t\t\t\t<div class=\"elementor-container elementor-column-gap-extended\">\n\t\t\t\t\t<div class=\"elementor-column elementor-col-100 elementor-top-column elementor-element elementor-element-73bc4f6e sc_content_align_inherit sc_layouts_column_icons_position_left sc_fly_static\" data-id=\"73bc4f6e\" data-element_type=\"column\" data-e-type=\"column\">\n\t\t\t<div class=\"elementor-widget-wrap elementor-element-populated\">\n\t\t\t\t\t\t<div class=\"elementor-element elementor-element-a21c6a4 sc_fly_static elementor-widget elementor-widget-spacer\" data-id=\"a21c6a4\" data-element_type=\"widget\" data-e-type=\"widget\" data-widget_type=\"spacer.default\">\n\t\t\t\t<div class=\"elementor-widget-container\">\n\t\t\t\t\t\t\t<div class=\"elementor-spacer\">\n\t\t\t<div class=\"elementor-spacer-inner\"><\/div>\n\t\t<\/div>\n\t\t\t\t\t\t<\/div>\n\t\t\t\t<\/div>\n\t\t\t\t<div class=\"elementor-element elementor-element-7c4b21c9 sc_fly_static elementor-widget elementor-widget-text-editor\" data-id=\"7c4b21c9\" data-element_type=\"widget\" data-e-type=\"widget\" data-widget_type=\"text-editor.default\">\n\t\t\t\t<div class=\"elementor-widget-container\">\n\t\t\t\t\t\t\t\t\t\n<p>Danas, 14. aprila 2023. godine,\u00a0<a href=\"https:\/\/unhz.eu\/fmthm\/bs\/\" target=\"_blank\" rel=\"noreferrer noopener\">Univerzitet Had\u017ei Zeka u Pe\u0107i<\/a>\u00a0(UHZ) je akreditovan za narednih 5 godina.\u00a0<a href=\"https:\/\/akreditimi.rks-gov.net\/keshilli\/\" target=\"_blank\" rel=\"noreferrer noopener\">Dr\u017eavno vije\u0107e za kvalitetu<\/a>\u00a0(KHC), slijede\u0107i prijedlog grupe me\u0111unarodnih stru\u010dnjaka, visoko je ocijenio ispunjenje kriterija i standarda koje je postavio\u00a0<a href=\"https:\/\/akreditimi.rks-gov.net\/\" target=\"_blank\" rel=\"noreferrer noopener\">Agencija za akreditaciju Kosova<\/a>\u00a0(AKA). Stoga je KHC odlu\u010dio dodijeliti petogodi\u0161nju institucionalnu akreditaciju Univerzitetu Haxhi Zeka. Ovo je najvi\u0161a ocjena koja se mo\u017ee ponuditi visoko\u0161kolskim ustanovama u zemlji.\u00a0<\/p>\n\n<p>Ovaj zna\u010dajan dan za UHZ donosi vi\u0161e ohrabrenja, motivacije i optimizma za napredak i uspjeh procesa u na\u0161oj instituciji. Podr\u0161ka svih strana bila je klju\u010dna za postizanje ovih ciljeva. To uklju\u010duje: akademsko, administrativno i studentsko osoblje. Tako\u0111er, razne nacionalne i me\u0111unarodne partnere.<\/p>\n\n<p>Osoblje Univerziteta Had\u017ei Zeka radilo je predano i hrabro tokom ove dvije godine, suo\u010davaju\u0107i se s pote\u0161ko\u0107ama s povjerenjem. Ovaj posao je bio izazovan, ali neophodan za ispunjavanje uslova i standarda Agencije za akreditaciju Kosova, garantuju\u0107i zakonitost i kvalitet. Ovaj proces je klju\u010dan za budu\u0107nost institucije, ekonomije i dru\u0161tva. Posebno za studente koji su Univerzitetu Had\u017ei Zeka povjerili u\u0161te\u0111evinu i \u017ertve svojih roditelja.\u00a0<\/p>\n\n<h3 class=\"wp-block-heading\">Rektorov govor povodom petogodi\u0161nje akreditacije UHZ-a<\/h3>\n\n<p>Rektor, prof. dr.\u00a0<a href=\"https:\/\/unhz.eu\/fmthm\/bs\/faculty\/prof-dr-armand-krasniqi\/\" target=\"_blank\" rel=\"noreferrer noopener\">Armand Krasniqi<\/a>, zahvalio se svima na njihovom doprinosu i, izme\u0111u ostalog, u svom predgovoru naglasio:<\/p>\n\n<p>\u201c<em>Mnogo je pri\u010da koje se mogu ispri\u010dati o situaciji koja je pratila na\u0161u instituciju do ovog trenutka. Postoje mnoge \u0161okantne \u010dinjenice i brojke koje su vi\u0161e nego uvjerljiv odraz neophodnosti ove radikalne reforme. Ove reforme koju smo zajedno zapo\u010deli i koju \u0107emo nastaviti. Ostajemo nepokolebljivi u na\u0161im naporima da ispunimo na\u0161u viziju i misiju. Na\u0161 cilj je da doprinesemo razvoju ove dru\u0161tvene zajednice. To je zato da bi vas diploma Univerziteta \u201cHad\u017ei Zeka\u201d danas i u budu\u0107nosti mogla u\u010diniti ponosnim na poslu i u \u017eivotu.<\/em>\u201d.<\/p>\n\n<p>Nikada ne smijemo zaboraviti da\u00a0<strong>Obrazovanje je prenos civilizacije.<\/strong>. A gdje se to bolje i sigurnije posti\u017ee nego na univerzitetima?<\/p>\n\n<p>Univerzitet Haxhi Zeka \u0107e biti jo\u0161 vi\u0161e posve\u0107en pove\u0107anju kvaliteta. Ovo je samo jedan od pozitivnih koraka ka ostvarenju njegovih strate\u0161kih ciljeva.<\/p>\n\t\t\t\t\t\t\t\t<\/div>\n\t\t\t\t<\/div>\n\t\t\t\t\t<\/div>\n\t\t<\/div>\n\t\t\t\t\t<\/div>\n\t\t<\/section>\n\t\t\t\t<\/div>","protected":false},"excerpt":{"rendered":"<p>Universiteti Haxhi Zeka n\u00eb Pej\u00eb akreditohet p\u00ebr 5 vite Sot, m\u00eb 14 Prill 2023,\u00a0Universiteti Haxhi&hellip;<\/p>","protected":false},"author":1,"featured_media":0,"parent":0,"menu_order":0,"comment_status":"closed","ping_status":"closed","template":"","meta":{"footnotes":""},"class_list":["post-21366","page","type-page","status-publish","hentry"],"yoast_head":"<!-- This site is optimized with the Yoast SEO Premium plugin v27.2 (Yoast SEO v27.2) - https:\/\/yoast.com\/product\/yoast-seo-premium-wordpress\/ -->\n<title>Universiteti Haxhi Zeka n\u00eb Pej\u00eb akreditohet p\u00ebr 5 vite - Fakulteti i Menaxhimit n\u00eb Turiz\u00ebm, Hotelieri dhe Mjedis<\/title>\n<meta name=\"description\" content=\"Informacione zyrtare p\u00ebr akreditimin e Fakultetit t\u00eb Menaxhimit n\u00eb Turiz\u00ebm, Hotelieri dhe Mjedis (FMTHM) n\u00eb Universitetin \u201cHaxhi Zeka\u201d \u2013 cil\u00ebsi dhe standarde akademike.\" \/>\n<meta name=\"robots\" content=\"index, follow, max-snippet:-1, max-image-preview:large, max-video-preview:-1\" \/>\n<link rel=\"canonical\" href=\"https:\/\/unhz.eu\/fmthm\/bs\/akreditim\/\" \/>\n<meta property=\"og:locale\" content=\"bs_BA\" \/>\n<meta property=\"og:type\" content=\"article\" \/>\n<meta property=\"og:title\" content=\"Universiteti Haxhi Zeka n\u00eb Pej\u00eb akreditohet p\u00ebr 5 vite\" \/>\n<meta property=\"og:description\" content=\"Informacione zyrtare p\u00ebr akreditimin e Fakultetit t\u00eb Menaxhimit n\u00eb Turiz\u00ebm, Hotelieri dhe Mjedis (FMTHM) n\u00eb Universitetin \u201cHaxhi Zeka\u201d \u2013 cil\u00ebsi dhe standarde akademike.\" \/>\n<meta property=\"og:url\" content=\"https:\/\/unhz.eu\/fmthm\/bs\/akreditim\/\" \/>\n<meta property=\"og:site_name\" content=\"Fakulteti i Menaxhimit n\u00eb Turiz\u00ebm, Hotelieri dhe Mjedis\" \/>\n<meta property=\"article:modified_time\" content=\"2026-01-29T12:25:47+00:00\" \/>\n<meta name=\"twitter:card\" content=\"summary_large_image\" \/>\n<meta name=\"twitter:label1\" content=\"Est. reading time\" \/>\n\t<meta name=\"twitter:data1\" content=\"3 minute\" \/>\n<script type=\"application\/ld+json\" class=\"yoast-schema-graph\">{\"@context\":\"https:\/\/schema.org\",\"@graph\":[{\"@type\":\"WebPage\",\"@id\":\"https:\/\/unhz.eu\/fmthm\/akreditim\/\",\"url\":\"https:\/\/unhz.eu\/fmthm\/akreditim\/\",\"name\":\"Universiteti Haxhi Zeka n\u00eb Pej\u00eb akreditohet p\u00ebr 5 vite - Fakulteti i Menaxhimit n\u00eb Turiz\u00ebm, Hotelieri dhe Mjedis\",\"isPartOf\":{\"@id\":\"https:\/\/unhz.eu\/fmthm\/#website\"},\"datePublished\":\"2024-02-28T07:54:48+00:00\",\"dateModified\":\"2026-01-29T12:25:47+00:00\",\"description\":\"Informacione zyrtare p\u00ebr akreditimin e Fakultetit t\u00eb Menaxhimit n\u00eb Turiz\u00ebm, Hotelieri dhe Mjedis (FMTHM) n\u00eb Universitetin \u201cHaxhi Zeka\u201d \u2013 cil\u00ebsi dhe standarde akademike.\",\"breadcrumb\":{\"@id\":\"https:\/\/unhz.eu\/fmthm\/akreditim\/#breadcrumb\"},\"inLanguage\":\"bs-BA\",\"potentialAction\":[{\"@type\":\"ReadAction\",\"target\":[\"https:\/\/unhz.eu\/fmthm\/akreditim\/\"]}]},{\"@type\":\"BreadcrumbList\",\"@id\":\"https:\/\/unhz.eu\/fmthm\/akreditim\/#breadcrumb\",\"itemListElement\":[{\"@type\":\"ListItem\",\"position\":1,\"name\":\"Home\",\"item\":\"https:\/\/unhz.eu\/fmthm\/\"},{\"@type\":\"ListItem\",\"position\":2,\"name\":\"Universiteti Haxhi Zeka n\u00eb Pej\u00eb akreditohet p\u00ebr 5 vite\"}]},{\"@type\":\"WebSite\",\"@id\":\"https:\/\/unhz.eu\/fmthm\/#website\",\"url\":\"https:\/\/unhz.eu\/fmthm\/\",\"name\":\"Fakulteti i Menaxhimit n\u00eb Turiz\u00ebm, Hotelieri dhe Mjedis\",\"description\":\"I dedikuar p\u00ebr cil\u00ebsi standarde dhe suksese\",\"publisher\":{\"@id\":\"https:\/\/unhz.eu\/fmthm\/#organization\"},\"potentialAction\":[{\"@type\":\"SearchAction\",\"target\":{\"@type\":\"EntryPoint\",\"urlTemplate\":\"https:\/\/unhz.eu\/fmthm\/?s={search_term_string}\"},\"query-input\":{\"@type\":\"PropertyValueSpecification\",\"valueRequired\":true,\"valueName\":\"search_term_string\"}}],\"inLanguage\":\"bs-BA\"},{\"@type\":\"Organization\",\"@id\":\"https:\/\/unhz.eu\/fmthm\/#organization\",\"name\":\"Fakulteti i Menaxhimit n\u00eb Turiz\u00ebm, Hotelieri dhe Mjedis\",\"url\":\"https:\/\/unhz.eu\/fmthm\/\",\"logo\":{\"@type\":\"ImageObject\",\"inLanguage\":\"bs-BA\",\"@id\":\"https:\/\/unhz.eu\/fmthm\/#\/schema\/logo\/image\/\",\"url\":\"https:\/\/unhz.eu\/fmthm\/wp-content\/uploads\/sites\/10\/2024\/02\/cropped-logo-1-1-e1713527702695.png\",\"contentUrl\":\"https:\/\/unhz.eu\/fmthm\/wp-content\/uploads\/sites\/10\/2024\/02\/cropped-logo-1-1-e1713527702695.png\",\"width\":100,\"height\":100,\"caption\":\"Fakulteti i Menaxhimit n\u00eb Turiz\u00ebm, Hotelieri dhe Mjedis\"},\"image\":{\"@id\":\"https:\/\/unhz.eu\/fmthm\/#\/schema\/logo\/image\/\"}}]}<\/script>\n<!-- \/ Yoast SEO Premium plugin. -->","yoast_head_json":{"title":"Universiteti Haxhi Zeka n\u00eb Pej\u00eb akreditohet p\u00ebr 5 vite - Fakulteti i Menaxhimit n\u00eb Turiz\u00ebm, Hotelieri dhe Mjedis","description":"Informacione zyrtare p\u00ebr akreditimin e Fakultetit t\u00eb Menaxhimit n\u00eb Turiz\u00ebm, Hotelieri dhe Mjedis (FMTHM) n\u00eb Universitetin \u201cHaxhi Zeka\u201d \u2013 cil\u00ebsi dhe standarde akademike.","robots":{"index":"index","follow":"follow","max-snippet":"max-snippet:-1","max-image-preview":"max-image-preview:large","max-video-preview":"max-video-preview:-1"},"canonical":"https:\/\/unhz.eu\/fmthm\/bs\/akreditim\/","og_locale":"bs_BA","og_type":"article","og_title":"Universiteti Haxhi Zeka n\u00eb Pej\u00eb akreditohet p\u00ebr 5 vite","og_description":"Informacione zyrtare p\u00ebr akreditimin e Fakultetit t\u00eb Menaxhimit n\u00eb Turiz\u00ebm, Hotelieri dhe Mjedis (FMTHM) n\u00eb Universitetin \u201cHaxhi Zeka\u201d \u2013 cil\u00ebsi dhe standarde akademike.","og_url":"https:\/\/unhz.eu\/fmthm\/bs\/akreditim\/","og_site_name":"Fakulteti i Menaxhimit n\u00eb Turiz\u00ebm, Hotelieri dhe Mjedis","article_modified_time":"2026-01-29T12:25:47+00:00","twitter_card":"summary_large_image","twitter_misc":{"Est. reading time":"3 minute"},"schema":{"@context":"https:\/\/schema.org","@graph":[{"@type":"WebPage","@id":"https:\/\/unhz.eu\/fmthm\/akreditim\/","url":"https:\/\/unhz.eu\/fmthm\/akreditim\/","name":"Universiteti Haxhi Zeka n\u00eb Pej\u00eb akreditohet p\u00ebr 5 vite - Fakulteti i Menaxhimit n\u00eb Turiz\u00ebm, Hotelieri dhe Mjedis","isPartOf":{"@id":"https:\/\/unhz.eu\/fmthm\/#website"},"datePublished":"2024-02-28T07:54:48+00:00","dateModified":"2026-01-29T12:25:47+00:00","description":"Informacione zyrtare p\u00ebr akreditimin e Fakultetit t\u00eb Menaxhimit n\u00eb Turiz\u00ebm, Hotelieri dhe Mjedis (FMTHM) n\u00eb Universitetin \u201cHaxhi Zeka\u201d \u2013 cil\u00ebsi dhe standarde akademike.","breadcrumb":{"@id":"https:\/\/unhz.eu\/fmthm\/akreditim\/#breadcrumb"},"inLanguage":"bs-BA","potentialAction":[{"@type":"ReadAction","target":["https:\/\/unhz.eu\/fmthm\/akreditim\/"]}]},{"@type":"BreadcrumbList","@id":"https:\/\/unhz.eu\/fmthm\/akreditim\/#breadcrumb","itemListElement":[{"@type":"ListItem","position":1,"name":"Home","item":"https:\/\/unhz.eu\/fmthm\/"},{"@type":"ListItem","position":2,"name":"Universiteti Haxhi Zeka n\u00eb Pej\u00eb akreditohet p\u00ebr 5 vite"}]},{"@type":"WebSite","@id":"https:\/\/unhz.eu\/fmthm\/#website","url":"https:\/\/unhz.eu\/fmthm\/","name":"Fakultet za turizam, ugostiteljstvo i upravljanje okoli\u0161em","description":"Posve\u0107eni standardnoj kvaliteti i uspjehu","publisher":{"@id":"https:\/\/unhz.eu\/fmthm\/#organization"},"potentialAction":[{"@type":"SearchAction","target":{"@type":"EntryPoint","urlTemplate":"https:\/\/unhz.eu\/fmthm\/?s={search_term_string}"},"query-input":{"@type":"PropertyValueSpecification","valueRequired":true,"valueName":"search_term_string"}}],"inLanguage":"bs-BA"},{"@type":"Organization","@id":"https:\/\/unhz.eu\/fmthm\/#organization","name":"Fakultet za turizam, ugostiteljstvo i upravljanje okoli\u0161em","url":"https:\/\/unhz.eu\/fmthm\/","logo":{"@type":"ImageObject","inLanguage":"bs-BA","@id":"https:\/\/unhz.eu\/fmthm\/#\/schema\/logo\/image\/","url":"https:\/\/unhz.eu\/fmthm\/wp-content\/uploads\/sites\/10\/2024\/02\/cropped-logo-1-1-e1713527702695.png","contentUrl":"https:\/\/unhz.eu\/fmthm\/wp-content\/uploads\/sites\/10\/2024\/02\/cropped-logo-1-1-e1713527702695.png","width":100,"height":100,"caption":"Fakulteti i Menaxhimit n\u00eb Turiz\u00ebm, Hotelieri dhe Mjedis"},"image":{"@id":"https:\/\/unhz.eu\/fmthm\/#\/schema\/logo\/image\/"}}]}},"_links":{"self":[{"href":"https:\/\/unhz.eu\/fmthm\/bs\/wp-json\/wp\/v2\/pages\/21366","targetHints":{"allow":["GET"]}}],"collection":[{"href":"https:\/\/unhz.eu\/fmthm\/bs\/wp-json\/wp\/v2\/pages"}],"about":[{"href":"https:\/\/unhz.eu\/fmthm\/bs\/wp-json\/wp\/v2\/types\/page"}],"author":[{"embeddable":true,"href":"https:\/\/unhz.eu\/fmthm\/bs\/wp-json\/wp\/v2\/users\/1"}],"replies":[{"embeddable":true,"href":"https:\/\/unhz.eu\/fmthm\/bs\/wp-json\/wp\/v2\/comments?post=21366"}],"version-history":[{"count":1,"href":"https:\/\/unhz.eu\/fmthm\/bs\/wp-json\/wp\/v2\/pages\/21366\/revisions"}],"predecessor-version":[{"id":49904,"href":"https:\/\/unhz.eu\/fmthm\/bs\/wp-json\/wp\/v2\/pages\/21366\/revisions\/49904"}],"wp:attachment":[{"href":"https:\/\/unhz.eu\/fmthm\/bs\/wp-json\/wp\/v2\/media?parent=21366"}],"curies":[{"name":"wp","href":"https:\/\/api.w.org\/{rel}","templated":true}]}}