{"id":49780,"date":"2025-11-04T10:01:47","date_gmt":"2025-11-04T10:01:47","guid":{"rendered":"https:\/\/unhz.eu\/fakulteti-juridik\/?page_id=49780"},"modified":"2026-02-06T15:19:09","modified_gmt":"2026-02-06T13:19:09","slug":"bashkepuntoret-e-jashtem","status":"publish","type":"page","link":"https:\/\/unhz.eu\/fakulteti-juridik\/bashkepuntoret-e-jashtem\/","title":{"rendered":"Bashk\u00ebpuntor\u00ebt e jasht\u00ebm"},"content":{"rendered":"\n<p><strong><a href=\"http:\/\/www.unhz.eu\">Bashk\u00ebpun\u00ebtor\u00ebt e jasht\u00ebm<\/a> p\u00ebr ligj\u00ebrata dhe ushtrime n\u00eb vitin akademik 2025\/2026:<\/strong><\/p>\n\n\n\n<p>Dr. sc. Abdullah Azizi<br>Dr. sc. Arben Shala<br>Dr. sc. Petrit Hajdari<br>Dr. sc. Bahri Rexha<br>Dr. sc. Dardan Laj\u00e7i<br>LLM. Granit Elezaj<br>LLM. Kreshnik Kabashi<\/p>\n\n\n\n<hr class=\"wp-block-separator has-alpha-channel-opacity\" \/>\n","protected":false},"excerpt":{"rendered":"<p>Bashk\u00ebpun\u00ebtor\u00ebt e jasht\u00ebm p\u00ebr ligj\u00ebrata dhe ushtrime n\u00eb vitin akademik 2025\/2026: Dr. sc. Abdullah AziziDr. sc. Arben ShalaDr. sc. Petrit HajdariDr. sc. Bahri RexhaDr. sc. Dardan Laj\u00e7iLLM. Granit ElezajLLM. Kreshnik&hellip;<\/p>\n","protected":false},"author":1,"featured_media":0,"parent":0,"menu_order":0,"comment_status":"closed","ping_status":"closed","template":"","meta":{"footnotes":""},"class_list":["post-49780","page","type-page","status-publish","hentry"],"yoast_head":"<!-- This site is optimized with the Yoast SEO Premium plugin v27.2 (Yoast SEO v27.2) - https:\/\/yoast.com\/product\/yoast-seo-premium-wordpress\/ -->\n<title>Bashk\u00ebpun\u00ebtor\u00ebt e Jasht\u00ebm n\u00eb | Universiteti \u201cHaxhi Zeka\u201d<\/title>\n<meta name=\"description\" content=\"Shiko list\u00ebn e bashk\u00ebpun\u00ebtor\u00ebve t\u00eb jasht\u00ebm q\u00eb ligj\u00ebrojn\u00eb dhe mbajn\u00eb ushtrime n\u00eb Fakultetin Juridik t\u00eb Universitetit \u201cHaxhi Zeka\u201d p\u00ebr vitin akademik 2025\/2026, duke sjell\u00eb ekspertiz\u00eb t\u00eb jashtme n\u00eb m\u00ebsimdh\u00ebnie.\" \/>\n<meta name=\"robots\" content=\"index, follow, max-snippet:-1, max-image-preview:large, max-video-preview:-1\" \/>\n<link rel=\"canonical\" href=\"https:\/\/unhz.eu\/fakulteti-juridik\/bashkepuntoret-e-jashtem\/\" \/>\n<meta property=\"og:locale\" content=\"sq_AL\" \/>\n<meta property=\"og:type\" content=\"article\" \/>\n<meta property=\"og:title\" content=\"Bashk\u00ebpuntor\u00ebt e jasht\u00ebm\" \/>\n<meta property=\"og:description\" content=\"Shiko list\u00ebn e bashk\u00ebpun\u00ebtor\u00ebve t\u00eb jasht\u00ebm q\u00eb ligj\u00ebrojn\u00eb dhe mbajn\u00eb ushtrime n\u00eb Fakultetin Juridik t\u00eb Universitetit \u201cHaxhi Zeka\u201d p\u00ebr vitin akademik 2025\/2026, duke sjell\u00eb ekspertiz\u00eb t\u00eb jashtme n\u00eb m\u00ebsimdh\u00ebnie.\" \/>\n<meta property=\"og:url\" content=\"https:\/\/unhz.eu\/fakulteti-juridik\/bashkepuntoret-e-jashtem\/\" \/>\n<meta property=\"og:site_name\" content=\"Fakulteti Juridik\" \/>\n<meta property=\"article:modified_time\" content=\"2026-02-06T13:19:09+00:00\" \/>\n<meta name=\"twitter:card\" content=\"summary_large_image\" \/>\n<meta name=\"twitter:label1\" content=\"Est. reading time\" \/>\n\t<meta name=\"twitter:data1\" content=\"1 minut\u00eb\" \/>\n<script type=\"application\/ld+json\" class=\"yoast-schema-graph\">{\"@context\":\"https:\/\/schema.org\",\"@graph\":[{\"@type\":\"WebPage\",\"@id\":\"https:\/\/unhz.eu\/fakulteti-juridik\/bashkepuntoret-e-jashtem\/\",\"url\":\"https:\/\/unhz.eu\/fakulteti-juridik\/bashkepuntoret-e-jashtem\/\",\"name\":\"Bashk\u00ebpun\u00ebtor\u00ebt e Jasht\u00ebm n\u00eb | Universiteti \u201cHaxhi Zeka\u201d\",\"isPartOf\":{\"@id\":\"https:\/\/unhz.eu\/fakulteti-juridik\/#website\"},\"datePublished\":\"2025-11-04T10:01:47+00:00\",\"dateModified\":\"2026-02-06T13:19:09+00:00\",\"description\":\"Shiko list\u00ebn e bashk\u00ebpun\u00ebtor\u00ebve t\u00eb jasht\u00ebm q\u00eb ligj\u00ebrojn\u00eb dhe mbajn\u00eb ushtrime n\u00eb Fakultetin Juridik t\u00eb Universitetit \u201cHaxhi Zeka\u201d p\u00ebr vitin akademik 2025\/2026, duke sjell\u00eb ekspertiz\u00eb t\u00eb jashtme n\u00eb m\u00ebsimdh\u00ebnie.\",\"breadcrumb\":{\"@id\":\"https:\/\/unhz.eu\/fakulteti-juridik\/bashkepuntoret-e-jashtem\/#breadcrumb\"},\"inLanguage\":\"sq\",\"potentialAction\":[{\"@type\":\"ReadAction\",\"target\":[\"https:\/\/unhz.eu\/fakulteti-juridik\/bashkepuntoret-e-jashtem\/\"]}]},{\"@type\":\"BreadcrumbList\",\"@id\":\"https:\/\/unhz.eu\/fakulteti-juridik\/bashkepuntoret-e-jashtem\/#breadcrumb\",\"itemListElement\":[{\"@type\":\"ListItem\",\"position\":1,\"name\":\"Home\",\"item\":\"https:\/\/unhz.eu\/fakulteti-juridik\/\"},{\"@type\":\"ListItem\",\"position\":2,\"name\":\"Bashk\u00ebpuntor\u00ebt e jasht\u00ebm\"}]},{\"@type\":\"WebSite\",\"@id\":\"https:\/\/unhz.eu\/fakulteti-juridik\/#website\",\"url\":\"https:\/\/unhz.eu\/fakulteti-juridik\/\",\"name\":\"Fakulteti Juridik\",\"description\":\"I dedikuar p\u00ebr cil\u00ebsi standarde dhe suksese\",\"publisher\":{\"@id\":\"https:\/\/unhz.eu\/fakulteti-juridik\/#organization\"},\"potentialAction\":[{\"@type\":\"SearchAction\",\"target\":{\"@type\":\"EntryPoint\",\"urlTemplate\":\"https:\/\/unhz.eu\/fakulteti-juridik\/?s={search_term_string}\"},\"query-input\":{\"@type\":\"PropertyValueSpecification\",\"valueRequired\":true,\"valueName\":\"search_term_string\"}}],\"inLanguage\":\"sq\"},{\"@type\":\"Organization\",\"@id\":\"https:\/\/unhz.eu\/fakulteti-juridik\/#organization\",\"name\":\"Fakulteti Juridik\",\"url\":\"https:\/\/unhz.eu\/fakulteti-juridik\/\",\"logo\":{\"@type\":\"ImageObject\",\"inLanguage\":\"sq\",\"@id\":\"https:\/\/unhz.eu\/fakulteti-juridik\/#\/schema\/logo\/image\/\",\"url\":\"https:\/\/unhz.eu\/fakulteti-juridik\/wp-content\/uploads\/sites\/9\/2024\/02\/cropped-logo-1-1-e1713527702695.png\",\"contentUrl\":\"https:\/\/unhz.eu\/fakulteti-juridik\/wp-content\/uploads\/sites\/9\/2024\/02\/cropped-logo-1-1-e1713527702695.png\",\"width\":100,\"height\":100,\"caption\":\"Fakulteti Juridik\"},\"image\":{\"@id\":\"https:\/\/unhz.eu\/fakulteti-juridik\/#\/schema\/logo\/image\/\"}}]}<\/script>\n<!-- \/ Yoast SEO Premium plugin. -->","yoast_head_json":{"title":"Bashk\u00ebpun\u00ebtor\u00ebt e Jasht\u00ebm n\u00eb | Universiteti \u201cHaxhi Zeka\u201d","description":"Shiko list\u00ebn e bashk\u00ebpun\u00ebtor\u00ebve t\u00eb jasht\u00ebm q\u00eb ligj\u00ebrojn\u00eb dhe mbajn\u00eb ushtrime n\u00eb Fakultetin Juridik t\u00eb Universitetit \u201cHaxhi Zeka\u201d p\u00ebr vitin akademik 2025\/2026, duke sjell\u00eb ekspertiz\u00eb t\u00eb jashtme n\u00eb m\u00ebsimdh\u00ebnie.","robots":{"index":"index","follow":"follow","max-snippet":"max-snippet:-1","max-image-preview":"max-image-preview:large","max-video-preview":"max-video-preview:-1"},"canonical":"https:\/\/unhz.eu\/fakulteti-juridik\/bashkepuntoret-e-jashtem\/","og_locale":"sq_AL","og_type":"article","og_title":"Bashk\u00ebpuntor\u00ebt e jasht\u00ebm","og_description":"Shiko list\u00ebn e bashk\u00ebpun\u00ebtor\u00ebve t\u00eb jasht\u00ebm q\u00eb ligj\u00ebrojn\u00eb dhe mbajn\u00eb ushtrime n\u00eb Fakultetin Juridik t\u00eb Universitetit \u201cHaxhi Zeka\u201d p\u00ebr vitin akademik 2025\/2026, duke sjell\u00eb ekspertiz\u00eb t\u00eb jashtme n\u00eb m\u00ebsimdh\u00ebnie.","og_url":"https:\/\/unhz.eu\/fakulteti-juridik\/bashkepuntoret-e-jashtem\/","og_site_name":"Fakulteti Juridik","article_modified_time":"2026-02-06T13:19:09+00:00","twitter_card":"summary_large_image","twitter_misc":{"Est. reading time":"1 minut\u00eb"},"schema":{"@context":"https:\/\/schema.org","@graph":[{"@type":"WebPage","@id":"https:\/\/unhz.eu\/fakulteti-juridik\/bashkepuntoret-e-jashtem\/","url":"https:\/\/unhz.eu\/fakulteti-juridik\/bashkepuntoret-e-jashtem\/","name":"Bashk\u00ebpun\u00ebtor\u00ebt e Jasht\u00ebm n\u00eb | Universiteti \u201cHaxhi Zeka\u201d","isPartOf":{"@id":"https:\/\/unhz.eu\/fakulteti-juridik\/#website"},"datePublished":"2025-11-04T10:01:47+00:00","dateModified":"2026-02-06T13:19:09+00:00","description":"Shiko list\u00ebn e bashk\u00ebpun\u00ebtor\u00ebve t\u00eb jasht\u00ebm q\u00eb ligj\u00ebrojn\u00eb dhe mbajn\u00eb ushtrime n\u00eb Fakultetin Juridik t\u00eb Universitetit \u201cHaxhi Zeka\u201d p\u00ebr vitin akademik 2025\/2026, duke sjell\u00eb ekspertiz\u00eb t\u00eb jashtme n\u00eb m\u00ebsimdh\u00ebnie.","breadcrumb":{"@id":"https:\/\/unhz.eu\/fakulteti-juridik\/bashkepuntoret-e-jashtem\/#breadcrumb"},"inLanguage":"sq","potentialAction":[{"@type":"ReadAction","target":["https:\/\/unhz.eu\/fakulteti-juridik\/bashkepuntoret-e-jashtem\/"]}]},{"@type":"BreadcrumbList","@id":"https:\/\/unhz.eu\/fakulteti-juridik\/bashkepuntoret-e-jashtem\/#breadcrumb","itemListElement":[{"@type":"ListItem","position":1,"name":"Home","item":"https:\/\/unhz.eu\/fakulteti-juridik\/"},{"@type":"ListItem","position":2,"name":"Bashk\u00ebpuntor\u00ebt e jasht\u00ebm"}]},{"@type":"WebSite","@id":"https:\/\/unhz.eu\/fakulteti-juridik\/#website","url":"https:\/\/unhz.eu\/fakulteti-juridik\/","name":"Fakulteti Juridik","description":"I dedikuar p\u00ebr cil\u00ebsi standarde dhe suksese","publisher":{"@id":"https:\/\/unhz.eu\/fakulteti-juridik\/#organization"},"potentialAction":[{"@type":"SearchAction","target":{"@type":"EntryPoint","urlTemplate":"https:\/\/unhz.eu\/fakulteti-juridik\/?s={search_term_string}"},"query-input":{"@type":"PropertyValueSpecification","valueRequired":true,"valueName":"search_term_string"}}],"inLanguage":"sq"},{"@type":"Organization","@id":"https:\/\/unhz.eu\/fakulteti-juridik\/#organization","name":"Fakulteti Juridik","url":"https:\/\/unhz.eu\/fakulteti-juridik\/","logo":{"@type":"ImageObject","inLanguage":"sq","@id":"https:\/\/unhz.eu\/fakulteti-juridik\/#\/schema\/logo\/image\/","url":"https:\/\/unhz.eu\/fakulteti-juridik\/wp-content\/uploads\/sites\/9\/2024\/02\/cropped-logo-1-1-e1713527702695.png","contentUrl":"https:\/\/unhz.eu\/fakulteti-juridik\/wp-content\/uploads\/sites\/9\/2024\/02\/cropped-logo-1-1-e1713527702695.png","width":100,"height":100,"caption":"Fakulteti Juridik"},"image":{"@id":"https:\/\/unhz.eu\/fakulteti-juridik\/#\/schema\/logo\/image\/"}}]}},"_links":{"self":[{"href":"https:\/\/unhz.eu\/fakulteti-juridik\/wp-json\/wp\/v2\/pages\/49780","targetHints":{"allow":["GET"]}}],"collection":[{"href":"https:\/\/unhz.eu\/fakulteti-juridik\/wp-json\/wp\/v2\/pages"}],"about":[{"href":"https:\/\/unhz.eu\/fakulteti-juridik\/wp-json\/wp\/v2\/types\/page"}],"author":[{"embeddable":true,"href":"https:\/\/unhz.eu\/fakulteti-juridik\/wp-json\/wp\/v2\/users\/1"}],"replies":[{"embeddable":true,"href":"https:\/\/unhz.eu\/fakulteti-juridik\/wp-json\/wp\/v2\/comments?post=49780"}],"version-history":[{"count":2,"href":"https:\/\/unhz.eu\/fakulteti-juridik\/wp-json\/wp\/v2\/pages\/49780\/revisions"}],"predecessor-version":[{"id":51011,"href":"https:\/\/unhz.eu\/fakulteti-juridik\/wp-json\/wp\/v2\/pages\/49780\/revisions\/51011"}],"wp:attachment":[{"href":"https:\/\/unhz.eu\/fakulteti-juridik\/wp-json\/wp\/v2\/media?parent=49780"}],"curies":[{"name":"wp","href":"https:\/\/api.w.org\/{rel}","templated":true}]}}