{"id":49459,"date":"2025-01-17T08:23:52","date_gmt":"2025-01-17T08:23:52","guid":{"rendered":"https:\/\/unhz.eu\/fakulteti-juridik\/?page_id=49459"},"modified":"2026-02-06T15:24:32","modified_gmt":"2026-02-06T13:24:32","slug":"e-drejta-e-drejta-civile-dhe-biznesore-llm","status":"publish","type":"page","link":"https:\/\/unhz.eu\/fakulteti-juridik\/e-drejta-e-drejta-civile-dhe-biznesore-llm\/","title":{"rendered":"E DREJTA E DREJTA CIVILE DHE BIZNESORE LLM"},"content":{"rendered":"\n<figure class=\"wp-block-table\"><table><tbody><tr><td colspan=\"6\"><a><strong>E Drejta Civile dhe Biznesore LLM<\/strong><\/a><\/td><\/tr><tr><td colspan=\"3\"><strong>Semestri I<\/strong><strong><\/strong><\/td><td colspan=\"3\"><strong>Or\u00eb\/jav\u00eb<\/strong><strong><\/strong><\/td><\/tr><tr><td><strong>Nr.<\/strong><strong><\/strong><\/td><td><strong>O\/Z<\/strong><strong><\/strong><\/td><td><strong>L\u00ebnd\u00ebt<\/strong><strong><\/strong><\/td><td><strong>L<\/strong><strong><\/strong><\/td><td><strong>U<\/strong><strong><\/strong><\/td><td><strong>ECTS<\/strong><strong><\/strong><\/td><\/tr><tr><td>\u00a01.<\/td><td>O<\/td><td>E Drejta e Pron\u00ebsis\u00eb<\/td><td>3<\/td><td>1<\/td><td>6<\/td><\/tr><tr><td>\u00a02.<\/td><td>O<\/td><td>E Drejta e Shoq\u00ebrive Tregtare<\/td><td>2<\/td><td>1<\/td><td>6<\/td><\/tr><tr><td>\u00a03.<\/td><td>O<\/td><td>E Drejta Kontraktore dhe Komerciale<\/td><td>3<\/td><td>1<\/td><td>6<\/td><\/tr><tr><td>\u00a04.<\/td><td>O<\/td><td>Metodologjia e pun\u00ebs k\u00ebrkimore &#8211; shkencore<\/td><td>2<\/td><td>1<\/td><td>4<\/td><\/tr><tr><td colspan=\"6\"><strong><em>Zgjedhore 2 nga 4<\/em><\/strong><\/td><\/tr><tr><td>1.<\/td><td>E<\/td><td><strong>E Drejta Biznesore e Bashkimit Evropian<\/strong><strong><\/strong><\/td><td>2<\/td><td>1<\/td><td>4<\/td><\/tr><tr><td>2.<\/td><td>E<\/td><td>E Drejta e Pun\u00ebs dhe Pun\u00ebsimi<\/td><td>2<\/td><td>1<\/td><td>4<\/td><\/tr><tr><td>3.<\/td><td>E<\/td><td>Etika n\u00eb Biznes<\/td><td>2<\/td><td>1<\/td><td>4<\/td><\/tr><tr><td>4.<\/td><td>E<\/td><td>E Drejta p\u00ebr Tregtin\u00eb Elektronike<\/td><td>2<\/td><td>1<\/td><td>4<\/td><\/tr><tr><td colspan=\"2\">Gjithsej<\/td><td colspan=\"4\">&nbsp;<\/td><\/tr><tr><td colspan=\"6\"><strong>Semestri II<\/strong><strong><\/strong><\/td><\/tr><tr><td>1.<\/td><td>O<\/td><td>Gjyq\u00ebsia Civile dhe Komerciale<\/td><td>3<\/td><td>1<\/td><td>6<\/td><\/tr><tr><td>2.<\/td><td>O<\/td><td>E Drejta e Pron\u00ebsis\u00eb Industriale<\/td><td>2<\/td><td>1<\/td><td>4<\/td><\/tr><tr><td>3.<\/td><td>O<\/td><td>Arbitrazhi Tregtar Nd\u00ebrkomb\u00ebtar<\/td><td>2<\/td><td>1<\/td><td>4<\/td><\/tr><tr><td>4.<\/td><td>O<\/td><td>Tema Master&nbsp;<\/td><td>&nbsp;<\/td><td>&nbsp;<\/td><td>12<\/td><\/tr><tr><td colspan=\"6\"><em>Zgjedhore 1 nga 4<\/em><\/td><\/tr><tr><td>1.<\/td><td>E<\/td><td>Shkatht\u00ebsit\u00eb e Praktik\u00ebs Gjyq\u00ebsore<\/td><td>2<\/td><td>1<\/td><td>4<\/td><\/tr><tr><td>2.<\/td><td>E<\/td><td>Kriminaliteti Ekonomik<\/td><td>2<\/td><td>1<\/td><td>4<\/td><\/tr><tr><td>3.<\/td><td>E<\/td><td>Nd\u00ebrmarr\u00ebsia e Gjelb\u00ebr<\/td><td>2<\/td><td>1<\/td><td>4<\/td><\/tr><tr><td>4.<\/td><td>E<\/td><td>E Drejta e Internetit<\/td><td>2<\/td><td>1<\/td><td>4<\/td><\/tr><tr><td>5.<\/td><td>Z<\/td><td>E Drejta e Telekomunikacionit e BE-s\u00eb<\/td><td>2<\/td><td>1<\/td><td>4<\/td><\/tr><tr><td colspan=\"2\">Totali<\/td><td colspan=\"4\">60 ECTS<\/td><\/tr><\/tbody><\/table><\/figure>\n\n\n\n<p><strong>L<\/strong> &#8211; Ligj\u00ebrata&nbsp;&nbsp;&nbsp;&nbsp;<\/p>\n\n\n\n<p><strong>U<\/strong> &#8211; Ushtrime&nbsp;&nbsp;&nbsp;&nbsp;&nbsp;&nbsp;<\/p>\n\n\n\n<p><strong>O<\/strong> &#8211; Obligative&nbsp;&nbsp;&nbsp;&nbsp;&nbsp;<\/p>\n\n\n\n<p><strong>Z<\/strong> \u2013 Zgjedhore. <\/p>\n","protected":false},"excerpt":{"rendered":"<p>E Drejta Civile dhe Biznesore LLM Semestri I Or\u00eb\/jav\u00eb Nr. O\/Z L\u00ebnd\u00ebt L U ECTS \u00a01. O E Drejta e Pron\u00ebsis\u00eb 3 1 6 \u00a02. O E Drejta e Shoq\u00ebrive&hellip;<\/p>\n","protected":false},"author":1,"featured_media":0,"parent":0,"menu_order":0,"comment_status":"closed","ping_status":"closed","template":"","meta":{"footnotes":""},"class_list":["post-49459","page","type-page","status-publish","hentry"],"yoast_head":"<!-- This site is optimized with the Yoast SEO Premium plugin v27.2 (Yoast SEO v27.2) - https:\/\/yoast.com\/product\/yoast-seo-premium-wordpress\/ -->\n<title>E Drejta Civile &amp; Biznesore (LLM) \u2013 Fakulteti Juridik | UNHZ<\/title>\n<meta name=\"description\" content=\"M\u00ebso p\u00ebr programin LLM n\u00eb E Drejt\u00eb Civile dhe Biznesore n\u00eb Fakultetin Juridik t\u00eb Universitetit \u201cHaxhi Zeka\u201d: plan studimi, objektivat, dhe mund\u00ebsit\u00eb p\u00ebr zhvillim profesional.\" \/>\n<meta name=\"robots\" content=\"index, follow, max-snippet:-1, max-image-preview:large, max-video-preview:-1\" \/>\n<link rel=\"canonical\" href=\"https:\/\/unhz.eu\/fakulteti-juridik\/e-drejta-e-drejta-civile-dhe-biznesore-llm\/\" \/>\n<meta property=\"og:locale\" content=\"sq_AL\" \/>\n<meta property=\"og:type\" content=\"article\" \/>\n<meta property=\"og:title\" content=\"E DREJTA E DREJTA CIVILE DHE BIZNESORE LLM\" \/>\n<meta property=\"og:description\" content=\"M\u00ebso p\u00ebr programin LLM n\u00eb E Drejt\u00eb Civile dhe Biznesore n\u00eb Fakultetin Juridik t\u00eb Universitetit \u201cHaxhi Zeka\u201d: plan studimi, objektivat, dhe mund\u00ebsit\u00eb p\u00ebr zhvillim profesional.\" \/>\n<meta property=\"og:url\" content=\"https:\/\/unhz.eu\/fakulteti-juridik\/e-drejta-e-drejta-civile-dhe-biznesore-llm\/\" \/>\n<meta property=\"og:site_name\" content=\"Fakulteti Juridik\" \/>\n<meta property=\"article:modified_time\" content=\"2026-02-06T13:24:32+00:00\" \/>\n<meta name=\"twitter:card\" content=\"summary_large_image\" \/>\n<meta name=\"twitter:label1\" content=\"Est. reading time\" \/>\n\t<meta name=\"twitter:data1\" content=\"2 minuta\" \/>\n<script type=\"application\/ld+json\" class=\"yoast-schema-graph\">{\"@context\":\"https:\/\/schema.org\",\"@graph\":[{\"@type\":\"WebPage\",\"@id\":\"https:\/\/unhz.eu\/fakulteti-juridik\/e-drejta-e-drejta-civile-dhe-biznesore-llm\/\",\"url\":\"https:\/\/unhz.eu\/fakulteti-juridik\/e-drejta-e-drejta-civile-dhe-biznesore-llm\/\",\"name\":\"E Drejta Civile & Biznesore (LLM) \u2013 Fakulteti Juridik | UNHZ\",\"isPartOf\":{\"@id\":\"https:\/\/unhz.eu\/fakulteti-juridik\/#website\"},\"datePublished\":\"2025-01-17T08:23:52+00:00\",\"dateModified\":\"2026-02-06T13:24:32+00:00\",\"description\":\"M\u00ebso p\u00ebr programin LLM n\u00eb E Drejt\u00eb Civile dhe Biznesore n\u00eb Fakultetin Juridik t\u00eb Universitetit \u201cHaxhi Zeka\u201d: plan studimi, objektivat, dhe mund\u00ebsit\u00eb p\u00ebr zhvillim profesional.\",\"breadcrumb\":{\"@id\":\"https:\/\/unhz.eu\/fakulteti-juridik\/e-drejta-e-drejta-civile-dhe-biznesore-llm\/#breadcrumb\"},\"inLanguage\":\"sq\",\"potentialAction\":[{\"@type\":\"ReadAction\",\"target\":[\"https:\/\/unhz.eu\/fakulteti-juridik\/e-drejta-e-drejta-civile-dhe-biznesore-llm\/\"]}]},{\"@type\":\"BreadcrumbList\",\"@id\":\"https:\/\/unhz.eu\/fakulteti-juridik\/e-drejta-e-drejta-civile-dhe-biznesore-llm\/#breadcrumb\",\"itemListElement\":[{\"@type\":\"ListItem\",\"position\":1,\"name\":\"Home\",\"item\":\"https:\/\/unhz.eu\/fakulteti-juridik\/\"},{\"@type\":\"ListItem\",\"position\":2,\"name\":\"E DREJTA E DREJTA CIVILE DHE BIZNESORE LLM\"}]},{\"@type\":\"WebSite\",\"@id\":\"https:\/\/unhz.eu\/fakulteti-juridik\/#website\",\"url\":\"https:\/\/unhz.eu\/fakulteti-juridik\/\",\"name\":\"Fakulteti Juridik\",\"description\":\"I dedikuar p\u00ebr cil\u00ebsi standarde dhe suksese\",\"publisher\":{\"@id\":\"https:\/\/unhz.eu\/fakulteti-juridik\/#organization\"},\"potentialAction\":[{\"@type\":\"SearchAction\",\"target\":{\"@type\":\"EntryPoint\",\"urlTemplate\":\"https:\/\/unhz.eu\/fakulteti-juridik\/?s={search_term_string}\"},\"query-input\":{\"@type\":\"PropertyValueSpecification\",\"valueRequired\":true,\"valueName\":\"search_term_string\"}}],\"inLanguage\":\"sq\"},{\"@type\":\"Organization\",\"@id\":\"https:\/\/unhz.eu\/fakulteti-juridik\/#organization\",\"name\":\"Fakulteti Juridik\",\"url\":\"https:\/\/unhz.eu\/fakulteti-juridik\/\",\"logo\":{\"@type\":\"ImageObject\",\"inLanguage\":\"sq\",\"@id\":\"https:\/\/unhz.eu\/fakulteti-juridik\/#\/schema\/logo\/image\/\",\"url\":\"https:\/\/unhz.eu\/fakulteti-juridik\/wp-content\/uploads\/sites\/9\/2024\/02\/cropped-logo-1-1-e1713527702695.png\",\"contentUrl\":\"https:\/\/unhz.eu\/fakulteti-juridik\/wp-content\/uploads\/sites\/9\/2024\/02\/cropped-logo-1-1-e1713527702695.png\",\"width\":100,\"height\":100,\"caption\":\"Fakulteti Juridik\"},\"image\":{\"@id\":\"https:\/\/unhz.eu\/fakulteti-juridik\/#\/schema\/logo\/image\/\"}}]}<\/script>\n<!-- \/ Yoast SEO Premium plugin. -->","yoast_head_json":{"title":"E Drejta Civile & Biznesore (LLM) \u2013 Fakulteti Juridik | UNHZ","description":"M\u00ebso p\u00ebr programin LLM n\u00eb E Drejt\u00eb Civile dhe Biznesore n\u00eb Fakultetin Juridik t\u00eb Universitetit \u201cHaxhi Zeka\u201d: plan studimi, objektivat, dhe mund\u00ebsit\u00eb p\u00ebr zhvillim profesional.","robots":{"index":"index","follow":"follow","max-snippet":"max-snippet:-1","max-image-preview":"max-image-preview:large","max-video-preview":"max-video-preview:-1"},"canonical":"https:\/\/unhz.eu\/fakulteti-juridik\/e-drejta-e-drejta-civile-dhe-biznesore-llm\/","og_locale":"sq_AL","og_type":"article","og_title":"E DREJTA E DREJTA CIVILE DHE BIZNESORE LLM","og_description":"M\u00ebso p\u00ebr programin LLM n\u00eb E Drejt\u00eb Civile dhe Biznesore n\u00eb Fakultetin Juridik t\u00eb Universitetit \u201cHaxhi Zeka\u201d: plan studimi, objektivat, dhe mund\u00ebsit\u00eb p\u00ebr zhvillim profesional.","og_url":"https:\/\/unhz.eu\/fakulteti-juridik\/e-drejta-e-drejta-civile-dhe-biznesore-llm\/","og_site_name":"Fakulteti Juridik","article_modified_time":"2026-02-06T13:24:32+00:00","twitter_card":"summary_large_image","twitter_misc":{"Est. reading time":"2 minuta"},"schema":{"@context":"https:\/\/schema.org","@graph":[{"@type":"WebPage","@id":"https:\/\/unhz.eu\/fakulteti-juridik\/e-drejta-e-drejta-civile-dhe-biznesore-llm\/","url":"https:\/\/unhz.eu\/fakulteti-juridik\/e-drejta-e-drejta-civile-dhe-biznesore-llm\/","name":"E Drejta Civile & Biznesore (LLM) \u2013 Fakulteti Juridik | UNHZ","isPartOf":{"@id":"https:\/\/unhz.eu\/fakulteti-juridik\/#website"},"datePublished":"2025-01-17T08:23:52+00:00","dateModified":"2026-02-06T13:24:32+00:00","description":"M\u00ebso p\u00ebr programin LLM n\u00eb E Drejt\u00eb Civile dhe Biznesore n\u00eb Fakultetin Juridik t\u00eb Universitetit \u201cHaxhi Zeka\u201d: plan studimi, objektivat, dhe mund\u00ebsit\u00eb p\u00ebr zhvillim profesional.","breadcrumb":{"@id":"https:\/\/unhz.eu\/fakulteti-juridik\/e-drejta-e-drejta-civile-dhe-biznesore-llm\/#breadcrumb"},"inLanguage":"sq","potentialAction":[{"@type":"ReadAction","target":["https:\/\/unhz.eu\/fakulteti-juridik\/e-drejta-e-drejta-civile-dhe-biznesore-llm\/"]}]},{"@type":"BreadcrumbList","@id":"https:\/\/unhz.eu\/fakulteti-juridik\/e-drejta-e-drejta-civile-dhe-biznesore-llm\/#breadcrumb","itemListElement":[{"@type":"ListItem","position":1,"name":"Home","item":"https:\/\/unhz.eu\/fakulteti-juridik\/"},{"@type":"ListItem","position":2,"name":"E DREJTA E DREJTA CIVILE DHE BIZNESORE LLM"}]},{"@type":"WebSite","@id":"https:\/\/unhz.eu\/fakulteti-juridik\/#website","url":"https:\/\/unhz.eu\/fakulteti-juridik\/","name":"Fakulteti Juridik","description":"I dedikuar p\u00ebr cil\u00ebsi standarde dhe suksese","publisher":{"@id":"https:\/\/unhz.eu\/fakulteti-juridik\/#organization"},"potentialAction":[{"@type":"SearchAction","target":{"@type":"EntryPoint","urlTemplate":"https:\/\/unhz.eu\/fakulteti-juridik\/?s={search_term_string}"},"query-input":{"@type":"PropertyValueSpecification","valueRequired":true,"valueName":"search_term_string"}}],"inLanguage":"sq"},{"@type":"Organization","@id":"https:\/\/unhz.eu\/fakulteti-juridik\/#organization","name":"Fakulteti Juridik","url":"https:\/\/unhz.eu\/fakulteti-juridik\/","logo":{"@type":"ImageObject","inLanguage":"sq","@id":"https:\/\/unhz.eu\/fakulteti-juridik\/#\/schema\/logo\/image\/","url":"https:\/\/unhz.eu\/fakulteti-juridik\/wp-content\/uploads\/sites\/9\/2024\/02\/cropped-logo-1-1-e1713527702695.png","contentUrl":"https:\/\/unhz.eu\/fakulteti-juridik\/wp-content\/uploads\/sites\/9\/2024\/02\/cropped-logo-1-1-e1713527702695.png","width":100,"height":100,"caption":"Fakulteti Juridik"},"image":{"@id":"https:\/\/unhz.eu\/fakulteti-juridik\/#\/schema\/logo\/image\/"}}]}},"_links":{"self":[{"href":"https:\/\/unhz.eu\/fakulteti-juridik\/wp-json\/wp\/v2\/pages\/49459","targetHints":{"allow":["GET"]}}],"collection":[{"href":"https:\/\/unhz.eu\/fakulteti-juridik\/wp-json\/wp\/v2\/pages"}],"about":[{"href":"https:\/\/unhz.eu\/fakulteti-juridik\/wp-json\/wp\/v2\/types\/page"}],"author":[{"embeddable":true,"href":"https:\/\/unhz.eu\/fakulteti-juridik\/wp-json\/wp\/v2\/users\/1"}],"replies":[{"embeddable":true,"href":"https:\/\/unhz.eu\/fakulteti-juridik\/wp-json\/wp\/v2\/comments?post=49459"}],"version-history":[{"count":2,"href":"https:\/\/unhz.eu\/fakulteti-juridik\/wp-json\/wp\/v2\/pages\/49459\/revisions"}],"predecessor-version":[{"id":49749,"href":"https:\/\/unhz.eu\/fakulteti-juridik\/wp-json\/wp\/v2\/pages\/49459\/revisions\/49749"}],"wp:attachment":[{"href":"https:\/\/unhz.eu\/fakulteti-juridik\/wp-json\/wp\/v2\/media?parent=49459"}],"curies":[{"name":"wp","href":"https:\/\/api.w.org\/{rel}","templated":true}]}}