{"id":49443,"date":"2025-01-17T08:05:48","date_gmt":"2025-01-17T08:05:48","guid":{"rendered":"https:\/\/unhz.eu\/fakulteti-juridik\/?page_id=49443"},"modified":"2026-02-06T15:46:30","modified_gmt":"2026-02-06T13:46:30","slug":"e-drejta-nderkombetare-dhe-evropiane-llm-2022-2025","status":"publish","type":"page","link":"https:\/\/unhz.eu\/fakulteti-juridik\/e-drejta-nderkombetare-dhe-evropiane-llm-2022-2025\/","title":{"rendered":"E Drejta Nd\u00ebrkombetare dhe Evropiane LLM\u00a02022-2025"},"content":{"rendered":"\n<p><strong>Programi i studimit E Drejta Nd\u00ebrkombetare dhe Evropiane LLM&nbsp;<\/strong><\/p>\n\n\n\n<p><a href=\"https:\/\/drive.google.com\/file\/d\/1HZ7u0UD-Ryz1J-hNCSi_TXgi4QzQvos0\/view?usp=sharing\">P\u00ebrshkrim i shkurt\u00ebr i programit<\/a><\/p>\n\n\n\n<p><strong>Plani m\u00ebsimor 2022-2025<\/strong><\/p>\n\n\n\n<figure class=\"wp-block-table\"><table class=\"has-fixed-layout\"><tbody><tr><td colspan=\"6\"><strong>VITI -I- (VITI I PAR\u00cb)<\/strong><\/td><\/tr><tr><td colspan=\"3\"><strong>Semestri I<\/strong><\/td><td colspan=\"3\"><strong>Or\u00eb\/jav\u00eb<\/strong><\/td><\/tr><tr><td><strong>Nr.<\/strong><\/td><td><strong>O\/Z<\/strong><\/td><td><strong>L\u00ebnd\u00ebt<\/strong><\/td><td><strong>L<\/strong><\/td><td><strong>U<\/strong><\/td><td><strong>ECTS<\/strong><\/td><\/tr><tr><td>1.<\/td><td>O<\/td><td>E Drejta Nd\u00ebrkomb\u00ebtare: Detyrat dhe P\u00ebrgjegj\u00ebsit\u00eb<\/td><td>2<\/td><td>1<\/td><td>5<\/td><\/tr><tr><td>2.<\/td><td>O<\/td><td>E Drejta Nd\u00ebrkomb\u00ebtare dhe Praktika Gjyq\u00ebsore<\/td><td>2<\/td><td>1<\/td><td>5<\/td><\/tr><tr><td>3.<\/td><td>O<\/td><td>Marr\u00ebdh\u00ebniet e Jashtme t\u00eb Bashkimit Evropian<\/td><td>2<\/td><td>1<\/td><td>5<\/td><\/tr><tr><td colspan=\"6\"><strong><em>Zgjedhore 2 nga 4<\/em><\/strong><\/td><\/tr><tr><td>1.<\/td><td>Z<\/td><td>E Drejta Nd\u00ebrkomb\u00ebtare dhe Evropiane e Mjedisit<\/td><td>2<\/td><td>1<\/td><td>5<\/td><\/tr><tr><td>2.<\/td><td>Z<\/td><td>E Drejta Evropiane e Pun\u00ebs dhe Politika Sociale<\/td><td>2<\/td><td>1<\/td><td>4<\/td><\/tr><tr><td>3.<\/td><td>Z<\/td><td>Dizajni dhe Metodat K\u00ebrkimore p\u00ebr Jurist\u00ebt<\/td><td>2<\/td><td>2<\/td><td>4<\/td><\/tr><tr><td>4.<\/td><td>Z<\/td><td>E Drejta Evropiane dhe Nd\u00ebrkomb\u00ebtare e Migracionit<\/td><td>2<\/td><td>2<\/td><td>4<\/td><\/tr><tr><td colspan=\"6\"><strong>Semestri II<\/strong><\/td><\/tr><tr><td>1.<\/td><td>O<\/td><td>E Drejta Kushtetuese Evropiane p\u00ebr t\u00eb Drejtat e Njeriut<\/td><td>2<\/td><td>1<\/td><td>5<\/td><\/tr><tr><td>2.<\/td><td>O<\/td><td>E Drejta Evropiane e Tregut t\u00eb Brendsh\u00ebm<\/td><td>2<\/td><td>2<\/td><td>5<\/td><\/tr><tr><td>3.<\/td><td>O<\/td><td>E Drejta Evropiane e Konkurrenc\u00ebs<\/td><td>2<\/td><td>1<\/td><td>5<\/td><\/tr><tr><td>4.<\/td><td>O<\/td><td>Tema Master<\/td><td><\/td><td><\/td><td>14<\/td><\/tr><tr><td colspan=\"6\"><strong><em>Zgjedhore 2 nga 4<\/em><\/strong><\/td><\/tr><tr><td>1.<\/td><td>Z<\/td><td>Gjykata e Drejt\u00ebsis\u00eb e Unionit Evropian: Praktika Gjyq\u00ebsore<\/td><td>2<\/td><td>1<\/td><td>4<\/td><\/tr><tr><td>2.<\/td><td>Z<\/td><td>E Drejta e Pron\u00ebsis\u00eb Intelektuale dhe Teknologjia<\/td><td>2<\/td><td>1<\/td><td>4<\/td><\/tr><tr><td>3.<\/td><td>Z<\/td><td>Globalizimi i Kartelave<\/td><td>2<\/td><td>1<\/td><td>4<\/td><\/tr><tr><td>4.<\/td><td>;Z<\/td><td>E Drejta Evropiane Administrative<\/td><td>2<\/td><td>1<\/td><td>4<\/td><\/tr><tr><td colspan=\"5\"><strong>Totali:<\/strong><\/td><td>60<\/td><\/tr><\/tbody><\/table><\/figure>\n","protected":false},"excerpt":{"rendered":"<p>Programi i studimit E Drejta Nd\u00ebrkombetare dhe Evropiane LLM&nbsp; P\u00ebrshkrim i shkurt\u00ebr i programit Plani m\u00ebsimor 2022-2025 VITI -I- (VITI I PAR\u00cb) Semestri I Or\u00eb\/jav\u00eb Nr. O\/Z L\u00ebnd\u00ebt L U&hellip;<\/p>\n","protected":false},"author":1,"featured_media":0,"parent":0,"menu_order":0,"comment_status":"closed","ping_status":"closed","template":"","meta":{"footnotes":""},"class_list":["post-49443","page","type-page","status-publish","hentry"],"yoast_head":"<!-- This site is optimized with the Yoast SEO Premium plugin v27.2 (Yoast SEO v27.2) - https:\/\/yoast.com\/product\/yoast-seo-premium-wordpress\/ -->\n<title>E Drejta Nd\u00ebrkombetare dhe Evropiane LLM\u00a02022-2025 - Fakulteti Juridik<\/title>\n<meta name=\"description\" content=\"M\u00ebso p\u00ebr programin Master LLM \u201cE Drejta Nd\u00ebrkomb\u00ebtare dhe Evropiane\u201d p\u00ebr vitet 2022\u20112025 n\u00eb Fakultetin Juridik t\u00eb Universitetit \u201cHaxhi Zeka\u201d: plan m\u00ebsimor, l\u00ebnd\u00eb dhe mund\u00ebsi akademike.\" \/>\n<meta name=\"robots\" content=\"index, follow, max-snippet:-1, max-image-preview:large, max-video-preview:-1\" \/>\n<link rel=\"canonical\" href=\"https:\/\/unhz.eu\/fakulteti-juridik\/e-drejta-nderkombetare-dhe-evropiane-llm-2022-2025\/\" \/>\n<meta property=\"og:locale\" content=\"sq_AL\" \/>\n<meta property=\"og:type\" content=\"article\" \/>\n<meta property=\"og:title\" content=\"E Drejta Nd\u00ebrkombetare dhe Evropiane LLM\u00a02022-2025\" \/>\n<meta property=\"og:description\" content=\"M\u00ebso p\u00ebr programin Master LLM \u201cE Drejta Nd\u00ebrkomb\u00ebtare dhe Evropiane\u201d p\u00ebr vitet 2022\u20112025 n\u00eb Fakultetin Juridik t\u00eb Universitetit \u201cHaxhi Zeka\u201d: plan m\u00ebsimor, l\u00ebnd\u00eb dhe mund\u00ebsi akademike.\" \/>\n<meta property=\"og:url\" content=\"https:\/\/unhz.eu\/fakulteti-juridik\/e-drejta-nderkombetare-dhe-evropiane-llm-2022-2025\/\" \/>\n<meta property=\"og:site_name\" content=\"Fakulteti Juridik\" \/>\n<meta property=\"article:modified_time\" content=\"2026-02-06T13:46:30+00:00\" \/>\n<meta name=\"twitter:card\" content=\"summary_large_image\" \/>\n<meta name=\"twitter:label1\" content=\"Est. reading time\" \/>\n\t<meta name=\"twitter:data1\" content=\"2 minuta\" \/>\n<script type=\"application\/ld+json\" class=\"yoast-schema-graph\">{\"@context\":\"https:\/\/schema.org\",\"@graph\":[{\"@type\":\"WebPage\",\"@id\":\"https:\/\/unhz.eu\/fakulteti-juridik\/e-drejta-nderkombetare-dhe-evropiane-llm-2022-2025\/\",\"url\":\"https:\/\/unhz.eu\/fakulteti-juridik\/e-drejta-nderkombetare-dhe-evropiane-llm-2022-2025\/\",\"name\":\"E Drejta Nd\u00ebrkombetare dhe Evropiane LLM\u00a02022-2025 - Fakulteti Juridik\",\"isPartOf\":{\"@id\":\"https:\/\/unhz.eu\/fakulteti-juridik\/#website\"},\"datePublished\":\"2025-01-17T08:05:48+00:00\",\"dateModified\":\"2026-02-06T13:46:30+00:00\",\"description\":\"M\u00ebso p\u00ebr programin Master LLM \u201cE Drejta Nd\u00ebrkomb\u00ebtare dhe Evropiane\u201d p\u00ebr vitet 2022\u20112025 n\u00eb Fakultetin Juridik t\u00eb Universitetit \u201cHaxhi Zeka\u201d: plan m\u00ebsimor, l\u00ebnd\u00eb dhe mund\u00ebsi akademike.\",\"breadcrumb\":{\"@id\":\"https:\/\/unhz.eu\/fakulteti-juridik\/e-drejta-nderkombetare-dhe-evropiane-llm-2022-2025\/#breadcrumb\"},\"inLanguage\":\"sq\",\"potentialAction\":[{\"@type\":\"ReadAction\",\"target\":[\"https:\/\/unhz.eu\/fakulteti-juridik\/e-drejta-nderkombetare-dhe-evropiane-llm-2022-2025\/\"]}]},{\"@type\":\"BreadcrumbList\",\"@id\":\"https:\/\/unhz.eu\/fakulteti-juridik\/e-drejta-nderkombetare-dhe-evropiane-llm-2022-2025\/#breadcrumb\",\"itemListElement\":[{\"@type\":\"ListItem\",\"position\":1,\"name\":\"Home\",\"item\":\"https:\/\/unhz.eu\/fakulteti-juridik\/\"},{\"@type\":\"ListItem\",\"position\":2,\"name\":\"E Drejta Nd\u00ebrkombetare dhe Evropiane LLM\u00a02022-2025\"}]},{\"@type\":\"WebSite\",\"@id\":\"https:\/\/unhz.eu\/fakulteti-juridik\/#website\",\"url\":\"https:\/\/unhz.eu\/fakulteti-juridik\/\",\"name\":\"Fakulteti Juridik\",\"description\":\"I dedikuar p\u00ebr cil\u00ebsi standarde dhe suksese\",\"publisher\":{\"@id\":\"https:\/\/unhz.eu\/fakulteti-juridik\/#organization\"},\"potentialAction\":[{\"@type\":\"SearchAction\",\"target\":{\"@type\":\"EntryPoint\",\"urlTemplate\":\"https:\/\/unhz.eu\/fakulteti-juridik\/?s={search_term_string}\"},\"query-input\":{\"@type\":\"PropertyValueSpecification\",\"valueRequired\":true,\"valueName\":\"search_term_string\"}}],\"inLanguage\":\"sq\"},{\"@type\":\"Organization\",\"@id\":\"https:\/\/unhz.eu\/fakulteti-juridik\/#organization\",\"name\":\"Fakulteti Juridik\",\"url\":\"https:\/\/unhz.eu\/fakulteti-juridik\/\",\"logo\":{\"@type\":\"ImageObject\",\"inLanguage\":\"sq\",\"@id\":\"https:\/\/unhz.eu\/fakulteti-juridik\/#\/schema\/logo\/image\/\",\"url\":\"https:\/\/unhz.eu\/fakulteti-juridik\/wp-content\/uploads\/sites\/9\/2024\/02\/cropped-logo-1-1-e1713527702695.png\",\"contentUrl\":\"https:\/\/unhz.eu\/fakulteti-juridik\/wp-content\/uploads\/sites\/9\/2024\/02\/cropped-logo-1-1-e1713527702695.png\",\"width\":100,\"height\":100,\"caption\":\"Fakulteti Juridik\"},\"image\":{\"@id\":\"https:\/\/unhz.eu\/fakulteti-juridik\/#\/schema\/logo\/image\/\"}}]}<\/script>\n<!-- \/ Yoast SEO Premium plugin. -->","yoast_head_json":{"title":"E Drejta Nd\u00ebrkombetare dhe Evropiane LLM\u00a02022-2025 - Fakulteti Juridik","description":"M\u00ebso p\u00ebr programin Master LLM \u201cE Drejta Nd\u00ebrkomb\u00ebtare dhe Evropiane\u201d p\u00ebr vitet 2022\u20112025 n\u00eb Fakultetin Juridik t\u00eb Universitetit \u201cHaxhi Zeka\u201d: plan m\u00ebsimor, l\u00ebnd\u00eb dhe mund\u00ebsi akademike.","robots":{"index":"index","follow":"follow","max-snippet":"max-snippet:-1","max-image-preview":"max-image-preview:large","max-video-preview":"max-video-preview:-1"},"canonical":"https:\/\/unhz.eu\/fakulteti-juridik\/e-drejta-nderkombetare-dhe-evropiane-llm-2022-2025\/","og_locale":"sq_AL","og_type":"article","og_title":"E Drejta Nd\u00ebrkombetare dhe Evropiane LLM\u00a02022-2025","og_description":"M\u00ebso p\u00ebr programin Master LLM \u201cE Drejta Nd\u00ebrkomb\u00ebtare dhe Evropiane\u201d p\u00ebr vitet 2022\u20112025 n\u00eb Fakultetin Juridik t\u00eb Universitetit \u201cHaxhi Zeka\u201d: plan m\u00ebsimor, l\u00ebnd\u00eb dhe mund\u00ebsi akademike.","og_url":"https:\/\/unhz.eu\/fakulteti-juridik\/e-drejta-nderkombetare-dhe-evropiane-llm-2022-2025\/","og_site_name":"Fakulteti Juridik","article_modified_time":"2026-02-06T13:46:30+00:00","twitter_card":"summary_large_image","twitter_misc":{"Est. reading time":"2 minuta"},"schema":{"@context":"https:\/\/schema.org","@graph":[{"@type":"WebPage","@id":"https:\/\/unhz.eu\/fakulteti-juridik\/e-drejta-nderkombetare-dhe-evropiane-llm-2022-2025\/","url":"https:\/\/unhz.eu\/fakulteti-juridik\/e-drejta-nderkombetare-dhe-evropiane-llm-2022-2025\/","name":"E Drejta Nd\u00ebrkombetare dhe Evropiane LLM\u00a02022-2025 - Fakulteti Juridik","isPartOf":{"@id":"https:\/\/unhz.eu\/fakulteti-juridik\/#website"},"datePublished":"2025-01-17T08:05:48+00:00","dateModified":"2026-02-06T13:46:30+00:00","description":"M\u00ebso p\u00ebr programin Master LLM \u201cE Drejta Nd\u00ebrkomb\u00ebtare dhe Evropiane\u201d p\u00ebr vitet 2022\u20112025 n\u00eb Fakultetin Juridik t\u00eb Universitetit \u201cHaxhi Zeka\u201d: plan m\u00ebsimor, l\u00ebnd\u00eb dhe mund\u00ebsi akademike.","breadcrumb":{"@id":"https:\/\/unhz.eu\/fakulteti-juridik\/e-drejta-nderkombetare-dhe-evropiane-llm-2022-2025\/#breadcrumb"},"inLanguage":"sq","potentialAction":[{"@type":"ReadAction","target":["https:\/\/unhz.eu\/fakulteti-juridik\/e-drejta-nderkombetare-dhe-evropiane-llm-2022-2025\/"]}]},{"@type":"BreadcrumbList","@id":"https:\/\/unhz.eu\/fakulteti-juridik\/e-drejta-nderkombetare-dhe-evropiane-llm-2022-2025\/#breadcrumb","itemListElement":[{"@type":"ListItem","position":1,"name":"Home","item":"https:\/\/unhz.eu\/fakulteti-juridik\/"},{"@type":"ListItem","position":2,"name":"E Drejta Nd\u00ebrkombetare dhe Evropiane LLM\u00a02022-2025"}]},{"@type":"WebSite","@id":"https:\/\/unhz.eu\/fakulteti-juridik\/#website","url":"https:\/\/unhz.eu\/fakulteti-juridik\/","name":"Fakulteti Juridik","description":"I dedikuar p\u00ebr cil\u00ebsi standarde dhe suksese","publisher":{"@id":"https:\/\/unhz.eu\/fakulteti-juridik\/#organization"},"potentialAction":[{"@type":"SearchAction","target":{"@type":"EntryPoint","urlTemplate":"https:\/\/unhz.eu\/fakulteti-juridik\/?s={search_term_string}"},"query-input":{"@type":"PropertyValueSpecification","valueRequired":true,"valueName":"search_term_string"}}],"inLanguage":"sq"},{"@type":"Organization","@id":"https:\/\/unhz.eu\/fakulteti-juridik\/#organization","name":"Fakulteti Juridik","url":"https:\/\/unhz.eu\/fakulteti-juridik\/","logo":{"@type":"ImageObject","inLanguage":"sq","@id":"https:\/\/unhz.eu\/fakulteti-juridik\/#\/schema\/logo\/image\/","url":"https:\/\/unhz.eu\/fakulteti-juridik\/wp-content\/uploads\/sites\/9\/2024\/02\/cropped-logo-1-1-e1713527702695.png","contentUrl":"https:\/\/unhz.eu\/fakulteti-juridik\/wp-content\/uploads\/sites\/9\/2024\/02\/cropped-logo-1-1-e1713527702695.png","width":100,"height":100,"caption":"Fakulteti Juridik"},"image":{"@id":"https:\/\/unhz.eu\/fakulteti-juridik\/#\/schema\/logo\/image\/"}}]}},"_links":{"self":[{"href":"https:\/\/unhz.eu\/fakulteti-juridik\/wp-json\/wp\/v2\/pages\/49443","targetHints":{"allow":["GET"]}}],"collection":[{"href":"https:\/\/unhz.eu\/fakulteti-juridik\/wp-json\/wp\/v2\/pages"}],"about":[{"href":"https:\/\/unhz.eu\/fakulteti-juridik\/wp-json\/wp\/v2\/types\/page"}],"author":[{"embeddable":true,"href":"https:\/\/unhz.eu\/fakulteti-juridik\/wp-json\/wp\/v2\/users\/1"}],"replies":[{"embeddable":true,"href":"https:\/\/unhz.eu\/fakulteti-juridik\/wp-json\/wp\/v2\/comments?post=49443"}],"version-history":[{"count":1,"href":"https:\/\/unhz.eu\/fakulteti-juridik\/wp-json\/wp\/v2\/pages\/49443\/revisions"}],"predecessor-version":[{"id":51017,"href":"https:\/\/unhz.eu\/fakulteti-juridik\/wp-json\/wp\/v2\/pages\/49443\/revisions\/51017"}],"wp:attachment":[{"href":"https:\/\/unhz.eu\/fakulteti-juridik\/wp-json\/wp\/v2\/media?parent=49443"}],"curies":[{"name":"wp","href":"https:\/\/api.w.org\/{rel}","templated":true}]}}