{"id":49434,"date":"2025-01-16T14:46:49","date_gmt":"2025-01-16T14:46:49","guid":{"rendered":"https:\/\/unhz.eu\/fakulteti-juridik\/?page_id=49434"},"modified":"2025-10-16T07:11:24","modified_gmt":"2025-10-16T07:11:24","slug":"programi-i-studimit-juridik-i-pergjithshem","status":"publish","type":"page","link":"https:\/\/unhz.eu\/fakulteti-juridik\/programi-i-studimit-juridik-i-pergjithshem\/","title":{"rendered":"Programi i studimit &#8211; Juridik i P\u00ebrgjithsh\u00ebm"},"content":{"rendered":"\n<p>Programi i studimeve <strong>Juridik i P\u00ebrgjithsh\u00ebm<\/strong> n\u00eb Fakultetin Juridik t\u00eb Universitetit \u201cHaxhi Zeka\u201d n\u00eb Pej\u00eb synon t\u00eb p\u00ebrgatis\u00eb jurist\u00eb t\u00eb kualifikuar p\u00ebr tregun e pun\u00ebs n\u00eb Kosov\u00eb dhe m\u00eb gjer\u00eb. Ky program ofron nj\u00eb kombinim t\u00eb <strong>njohurive teorike<\/strong>, <strong>aft\u00ebsive analitike<\/strong> dhe <strong>p\u00ebrgatitjes praktike<\/strong>, t\u00eb domosdoshme p\u00ebr ushtrimin profesional t\u00eb s\u00eb drejt\u00ebs n\u00eb institucione publike dhe private.<\/p>\n\n\n\n<figure class=\"wp-block-embed is-type-video is-provider-youtube wp-block-embed-youtube wp-embed-aspect-16-9 wp-has-aspect-ratio\"><div class=\"wp-block-embed__wrapper\">\n<iframe loading=\"lazy\" title=\"Studio Drejt\u00ebsi n\u00eb Fakultetin Juridik \u2013 Universiteti \u201cHaxhi Zeka\u201d | B\u00ebhu Jurist i Ardhsh\u00ebm\" width=\"1290\" height=\"726\" src=\"https:\/\/www.youtube.com\/embed\/T7GZyf1HIiQ?feature=oembed\" frameborder=\"0\" allow=\"accelerometer; autoplay; clipboard-write; encrypted-media; gyroscope; picture-in-picture; web-share\" referrerpolicy=\"strict-origin-when-cross-origin\" allowfullscreen><\/iframe>\n<\/div><\/figure>\n\n\n\n<h3 class=\"wp-block-heading\" id=\"h-objektivat-e-programit\">Objektivat e programit:<\/h3>\n\n\n\n<ul class=\"wp-block-list\">\n<li>P\u00ebrgatitja akademike dhe profesionale p\u00ebr student\u00ebt q\u00eb d\u00ebshirojn\u00eb t\u00eb nd\u00ebrtojn\u00eb nj\u00eb <strong>karrier\u00eb n\u00eb drejt\u00ebsi<\/strong>, administrat\u00eb publike, sektorin privat apo organizata nd\u00ebrkomb\u00ebtare.<\/li>\n\n\n\n<li>Ofrimi i njohurive solide mbi <strong>sistemin juridik t\u00eb <a href=\"https:\/\/rks-gov.net\">Republik\u00ebs s\u00eb Kosov\u00ebs<\/a><\/strong>, p\u00ebrfshir\u00eb t\u00eb drejt\u00ebn kushtetuese, penale, civile dhe administrative.<\/li>\n\n\n\n<li>Kuptimi i <strong>parimeve themelore t\u00eb s\u00eb drejt\u00ebs pozitive<\/strong>, si dhe roli i saj n\u00eb nj\u00eb kontekst m\u00eb t\u00eb gjer\u00eb <strong>nd\u00ebrkomb\u00ebtar dhe evropian<\/strong>.<\/li>\n\n\n\n<li>Nxitja e mendimit kritik dhe aft\u00ebsis\u00eb p\u00ebr analiz\u00eb n\u00eb kontekst <strong>komparativ, historik, social dhe politik<\/strong>.<\/li>\n\n\n\n<li>Mund\u00ebsi p\u00ebr <strong>mobilitet nd\u00ebrkomb\u00ebtar<\/strong> n\u00eb kuad\u00ebr t\u00eb programeve t\u00eb shk\u00ebmbimit t\u00eb student\u00ebve.<\/li>\n\n\n\n<li>Zgjedhje t\u00eb lira p\u00ebr specializim n\u00eb <strong>fusha t\u00eb ndryshme t\u00eb s\u00eb drejt\u00ebs<\/strong>, sipas interesave dhe objektivave personale t\u00eb student\u00ebve.<\/li>\n\n\n\n<li>Pjes\u00ebmarrje aktive n\u00eb projekte <strong>hulumtuese akademike<\/strong> gjat\u00eb studimeve.<\/li>\n\n\n\n<li>Zhvillim i aft\u00ebsive personale dhe profesionale, p\u00ebrfshir\u00eb: <strong>komunikim, analiz\u00eb ligjore, hulumtim shkencor dhe argumentim juridik.<\/strong><\/li>\n<\/ul>\n\n\n\n<h3 class=\"wp-block-heading\" id=\"h-cfare-do-te-fitosh-pas-diplomimit\">\u00c7far\u00eb do t\u00eb fitosh pas diplomimit?<\/h3>\n\n\n\n<p>T\u00eb diplomuarit nga programi Juridik i P\u00ebrgjithsh\u00ebm do t\u00eb jen\u00eb t\u00eb aft\u00eb t\u00eb:<\/p>\n\n\n\n<ul class=\"wp-block-list\">\n<li>Identifikojn\u00eb dhe analizojn\u00eb \u00e7\u00ebshtje juridike me r\u00ebnd\u00ebsi praktike dhe akademike;<\/li>\n\n\n\n<li>P\u00ebrdorin n\u00eb m\u00ebnyr\u00eb efikase <strong>burimet primare dhe sekondare t\u00eb s\u00eb drejt\u00ebs<\/strong>;<\/li>\n\n\n\n<li>Hartojn\u00eb dokumente ligjore dhe paraqesin zgjidhje t\u00eb bazuara n\u00eb analiz\u00eb t\u00eb thelluar juridike;<\/li>\n\n\n\n<li>Aplikojn\u00eb njohurit\u00eb e fituara n\u00eb <strong>praktik\u00ebn gjyq\u00ebsore, administrat\u00eb publike, avokati, noteriz\u00ebm, apo fusha t\u00eb tjera ligjore<\/strong>;<\/li>\n\n\n\n<li>T\u00eb ndjekin studime t\u00eb m\u00ebtejme n\u00eb nivel <strong>Master dhe Doktorature<\/strong> n\u00eb Kosov\u00eb apo jasht\u00eb saj.<\/li>\n<\/ul>\n\n\n\n<p>\ud83c\udf93 Zgjidh <strong>drejt\u00ebsin\u00eb<\/strong> si drejtimin t\u00ebnd t\u00eb s\u00eb ardhmes.<br>\ud83e\uddd1\u200d\u2696\ufe0f B\u00ebhu pjes\u00eb e Fakultetit Juridik n\u00eb Universitetin \u201cHaxhi Zeka\u201d.<br>\ud83c\udf0d Nj\u00eb diplom\u00eb q\u00eb hap dyer n\u00eb tregun komb\u00ebtar dhe nd\u00ebrkomb\u00ebtar.<\/p>\n\n\n\n<figure class=\"wp-block-embed is-type-wp-embed is-provider-fakulteti-juridik wp-block-embed-fakulteti-juridik\"><div class=\"wp-block-embed__wrapper\">\n<blockquote class=\"wp-embedded-content\" data-secret=\"GTYumwdWJu\"><a href=\"https:\/\/unhz.eu\/fakulteti-juridik\/juridik-i-pergjithshem-llb-2023-2026\/\">Juridik i P\u00ebrgjithsh\u00ebm LLB 2023 \u2013 2026<\/a><\/blockquote><iframe loading=\"lazy\" class=\"wp-embedded-content\" sandbox=\"allow-scripts\" security=\"restricted\" style=\"position: absolute; visibility: hidden;\" title=\"&#8220;Juridik i P\u00ebrgjithsh\u00ebm LLB 2023 \u2013 2026&#8221; &#8212; Fakulteti Juridik\" src=\"https:\/\/unhz.eu\/fakulteti-juridik\/juridik-i-pergjithshem-llb-2023-2026\/embed\/#?secret=vDGIvOdEjb#?secret=GTYumwdWJu\" data-secret=\"GTYumwdWJu\" width=\"600\" height=\"338\" frameborder=\"0\" marginwidth=\"0\" marginheight=\"0\" scrolling=\"no\"><\/iframe>\n<\/div><\/figure>\n\n\n\n<figure class=\"wp-block-embed is-type-wp-embed is-provider-fakulteti-juridik wp-block-embed-fakulteti-juridik\"><div class=\"wp-block-embed__wrapper\">\n<blockquote class=\"wp-embedded-content\" data-secret=\"2yvDhkt1ZH\"><a href=\"https:\/\/unhz.eu\/fakulteti-juridik\/juridik-i-pergjithshem-llb-2019-2022\/\">Juridik i p\u00ebrgjithsh\u00ebm LLB 2019-2022<\/a><\/blockquote><iframe loading=\"lazy\" class=\"wp-embedded-content\" sandbox=\"allow-scripts\" security=\"restricted\" style=\"position: absolute; visibility: hidden;\" title=\"&#8220;Juridik i p\u00ebrgjithsh\u00ebm LLB 2019-2022&#8221; &#8212; Fakulteti Juridik\" src=\"https:\/\/unhz.eu\/fakulteti-juridik\/juridik-i-pergjithshem-llb-2019-2022\/embed\/#?secret=lcpAonhSgZ#?secret=2yvDhkt1ZH\" data-secret=\"2yvDhkt1ZH\" width=\"600\" height=\"338\" frameborder=\"0\" marginwidth=\"0\" marginheight=\"0\" scrolling=\"no\"><\/iframe>\n<\/div><\/figure>\n\n\n\n<figure class=\"wp-block-embed is-type-wp-embed is-provider-fakulteti-juridik wp-block-embed-fakulteti-juridik\"><div class=\"wp-block-embed__wrapper\">\n<blockquote class=\"wp-embedded-content\" data-secret=\"1XeBK249sk\"><a href=\"https:\/\/unhz.eu\/fakulteti-juridik\/juridik-i-pergjithshem-bachelor-2015-2018\/\">Juridik i P\u00ebrgjithsh\u00ebm \u2013 Bachelor 2015-2018<\/a><\/blockquote><iframe loading=\"lazy\" class=\"wp-embedded-content\" sandbox=\"allow-scripts\" security=\"restricted\" style=\"position: absolute; visibility: hidden;\" title=\"&#8220;Juridik i P\u00ebrgjithsh\u00ebm \u2013 Bachelor 2015-2018&#8221; &#8212; Fakulteti Juridik\" src=\"https:\/\/unhz.eu\/fakulteti-juridik\/juridik-i-pergjithshem-bachelor-2015-2018\/embed\/#?secret=A0qNxyeLWK#?secret=1XeBK249sk\" data-secret=\"1XeBK249sk\" width=\"600\" height=\"338\" frameborder=\"0\" marginwidth=\"0\" marginheight=\"0\" scrolling=\"no\"><\/iframe>\n<\/div><\/figure>\n","protected":false},"excerpt":{"rendered":"<p>Programi i studimeve Juridik i P\u00ebrgjithsh\u00ebm n\u00eb Fakultetin Juridik t\u00eb Universitetit \u201cHaxhi Zeka\u201d n\u00eb Pej\u00eb synon t\u00eb p\u00ebrgatis\u00eb jurist\u00eb t\u00eb kualifikuar p\u00ebr tregun e pun\u00ebs n\u00eb Kosov\u00eb dhe m\u00eb gjer\u00eb.&hellip;<\/p>\n","protected":false},"author":1,"featured_media":44682,"parent":0,"menu_order":0,"comment_status":"closed","ping_status":"closed","template":"","meta":{"footnotes":""},"class_list":["post-49434","page","type-page","status-publish","has-post-thumbnail","hentry"],"yoast_head":"<!-- This site is optimized with the Yoast SEO Premium plugin v27.2 (Yoast SEO v27.2) - https:\/\/yoast.com\/product\/yoast-seo-premium-wordpress\/ -->\n<title>Studio Drejt\u00ebsi n\u00eb Fakultetin Juridik \u2013 Universiteti \u201cHaxhi Zeka\u201d<\/title>\n<meta name=\"description\" content=\"Zgjidh nj\u00eb t\u00eb ardhme me drejt\u00ebsi \u2013 Studio n\u00eb programin Juridik t\u00eb p\u00ebrgjithsh\u00ebm n\u00eb Fakultetin Juridik, Universiteti Haxhi Zeka, Pej\u00eb. Edukim cil\u00ebsor dhe mund\u00ebsi reale p\u00ebr karrier\u00eb n\u00eb drejt\u00ebsi.\" \/>\n<meta name=\"robots\" content=\"index, follow, max-snippet:-1, max-image-preview:large, max-video-preview:-1\" \/>\n<link rel=\"canonical\" href=\"https:\/\/unhz.eu\/fakulteti-juridik\/programi-i-studimit-juridik-i-pergjithshem\/\" \/>\n<meta property=\"og:locale\" content=\"sq_AL\" \/>\n<meta property=\"og:type\" content=\"article\" \/>\n<meta property=\"og:title\" content=\"Programi i studimit - Juridik i P\u00ebrgjithsh\u00ebm\" \/>\n<meta property=\"og:description\" content=\"Zgjidh nj\u00eb t\u00eb ardhme me drejt\u00ebsi \u2013 Studio n\u00eb programin Juridik t\u00eb p\u00ebrgjithsh\u00ebm n\u00eb Fakultetin Juridik, Universiteti Haxhi Zeka, Pej\u00eb. Edukim cil\u00ebsor dhe mund\u00ebsi reale p\u00ebr karrier\u00eb n\u00eb drejt\u00ebsi.\" \/>\n<meta property=\"og:url\" content=\"https:\/\/unhz.eu\/fakulteti-juridik\/programi-i-studimit-juridik-i-pergjithshem\/\" \/>\n<meta property=\"og:site_name\" content=\"Fakulteti Juridik\" \/>\n<meta property=\"article:modified_time\" content=\"2025-10-16T07:11:24+00:00\" \/>\n<meta property=\"og:image\" content=\"https:\/\/unhz.eu\/fakulteti-juridik\/wp-content\/uploads\/sites\/9\/2024\/05\/White-Red-Modern-Webinar-Instagram-Post.png\" \/>\n\t<meta property=\"og:image:width\" content=\"1080\" \/>\n\t<meta property=\"og:image:height\" content=\"1080\" \/>\n\t<meta property=\"og:image:type\" content=\"image\/png\" \/>\n<meta name=\"twitter:card\" content=\"summary_large_image\" \/>\n<meta name=\"twitter:label1\" content=\"Est. reading time\" \/>\n\t<meta name=\"twitter:data1\" content=\"2 minuta\" \/>\n<script type=\"application\/ld+json\" class=\"yoast-schema-graph\">{\"@context\":\"https:\/\/schema.org\",\"@graph\":[{\"@type\":\"WebPage\",\"@id\":\"https:\/\/unhz.eu\/fakulteti-juridik\/programi-i-studimit-juridik-i-pergjithshem\/\",\"url\":\"https:\/\/unhz.eu\/fakulteti-juridik\/programi-i-studimit-juridik-i-pergjithshem\/\",\"name\":\"Studio Drejt\u00ebsi n\u00eb Fakultetin Juridik \u2013 Universiteti \u201cHaxhi Zeka\u201d\",\"isPartOf\":{\"@id\":\"https:\/\/unhz.eu\/fakulteti-juridik\/#website\"},\"primaryImageOfPage\":{\"@id\":\"https:\/\/unhz.eu\/fakulteti-juridik\/programi-i-studimit-juridik-i-pergjithshem\/#primaryimage\"},\"image\":{\"@id\":\"https:\/\/unhz.eu\/fakulteti-juridik\/programi-i-studimit-juridik-i-pergjithshem\/#primaryimage\"},\"thumbnailUrl\":\"https:\/\/unhz.eu\/fakulteti-juridik\/wp-content\/uploads\/sites\/9\/2024\/05\/White-Red-Modern-Webinar-Instagram-Post.png\",\"datePublished\":\"2025-01-16T14:46:49+00:00\",\"dateModified\":\"2025-10-16T07:11:24+00:00\",\"description\":\"Zgjidh nj\u00eb t\u00eb ardhme me drejt\u00ebsi \u2013 Studio n\u00eb programin Juridik t\u00eb p\u00ebrgjithsh\u00ebm n\u00eb Fakultetin Juridik, Universiteti Haxhi Zeka, Pej\u00eb. Edukim cil\u00ebsor dhe mund\u00ebsi reale p\u00ebr karrier\u00eb n\u00eb drejt\u00ebsi.\",\"breadcrumb\":{\"@id\":\"https:\/\/unhz.eu\/fakulteti-juridik\/programi-i-studimit-juridik-i-pergjithshem\/#breadcrumb\"},\"inLanguage\":\"sq\",\"potentialAction\":[{\"@type\":\"ReadAction\",\"target\":[\"https:\/\/unhz.eu\/fakulteti-juridik\/programi-i-studimit-juridik-i-pergjithshem\/\"]}]},{\"@type\":\"ImageObject\",\"inLanguage\":\"sq\",\"@id\":\"https:\/\/unhz.eu\/fakulteti-juridik\/programi-i-studimit-juridik-i-pergjithshem\/#primaryimage\",\"url\":\"https:\/\/unhz.eu\/fakulteti-juridik\/wp-content\/uploads\/sites\/9\/2024\/05\/White-Red-Modern-Webinar-Instagram-Post.png\",\"contentUrl\":\"https:\/\/unhz.eu\/fakulteti-juridik\/wp-content\/uploads\/sites\/9\/2024\/05\/White-Red-Modern-Webinar-Instagram-Post.png\",\"width\":1080,\"height\":1080},{\"@type\":\"BreadcrumbList\",\"@id\":\"https:\/\/unhz.eu\/fakulteti-juridik\/programi-i-studimit-juridik-i-pergjithshem\/#breadcrumb\",\"itemListElement\":[{\"@type\":\"ListItem\",\"position\":1,\"name\":\"Home\",\"item\":\"https:\/\/unhz.eu\/fakulteti-juridik\/\"},{\"@type\":\"ListItem\",\"position\":2,\"name\":\"Programi i studimit &#8211; Juridik i P\u00ebrgjithsh\u00ebm\"}]},{\"@type\":\"WebSite\",\"@id\":\"https:\/\/unhz.eu\/fakulteti-juridik\/#website\",\"url\":\"https:\/\/unhz.eu\/fakulteti-juridik\/\",\"name\":\"Fakulteti Juridik\",\"description\":\"I dedikuar p\u00ebr cil\u00ebsi standarde dhe suksese\",\"publisher\":{\"@id\":\"https:\/\/unhz.eu\/fakulteti-juridik\/#organization\"},\"potentialAction\":[{\"@type\":\"SearchAction\",\"target\":{\"@type\":\"EntryPoint\",\"urlTemplate\":\"https:\/\/unhz.eu\/fakulteti-juridik\/?s={search_term_string}\"},\"query-input\":{\"@type\":\"PropertyValueSpecification\",\"valueRequired\":true,\"valueName\":\"search_term_string\"}}],\"inLanguage\":\"sq\"},{\"@type\":\"Organization\",\"@id\":\"https:\/\/unhz.eu\/fakulteti-juridik\/#organization\",\"name\":\"Fakulteti Juridik\",\"url\":\"https:\/\/unhz.eu\/fakulteti-juridik\/\",\"logo\":{\"@type\":\"ImageObject\",\"inLanguage\":\"sq\",\"@id\":\"https:\/\/unhz.eu\/fakulteti-juridik\/#\/schema\/logo\/image\/\",\"url\":\"https:\/\/unhz.eu\/fakulteti-juridik\/wp-content\/uploads\/sites\/9\/2024\/02\/cropped-logo-1-1-e1713527702695.png\",\"contentUrl\":\"https:\/\/unhz.eu\/fakulteti-juridik\/wp-content\/uploads\/sites\/9\/2024\/02\/cropped-logo-1-1-e1713527702695.png\",\"width\":100,\"height\":100,\"caption\":\"Fakulteti Juridik\"},\"image\":{\"@id\":\"https:\/\/unhz.eu\/fakulteti-juridik\/#\/schema\/logo\/image\/\"}}]}<\/script>\n<!-- \/ Yoast SEO Premium plugin. -->","yoast_head_json":{"title":"Studio Drejt\u00ebsi n\u00eb Fakultetin Juridik \u2013 Universiteti \u201cHaxhi Zeka\u201d","description":"Zgjidh nj\u00eb t\u00eb ardhme me drejt\u00ebsi \u2013 Studio n\u00eb programin Juridik t\u00eb p\u00ebrgjithsh\u00ebm n\u00eb Fakultetin Juridik, Universiteti Haxhi Zeka, Pej\u00eb. Edukim cil\u00ebsor dhe mund\u00ebsi reale p\u00ebr karrier\u00eb n\u00eb drejt\u00ebsi.","robots":{"index":"index","follow":"follow","max-snippet":"max-snippet:-1","max-image-preview":"max-image-preview:large","max-video-preview":"max-video-preview:-1"},"canonical":"https:\/\/unhz.eu\/fakulteti-juridik\/programi-i-studimit-juridik-i-pergjithshem\/","og_locale":"sq_AL","og_type":"article","og_title":"Programi i studimit - Juridik i P\u00ebrgjithsh\u00ebm","og_description":"Zgjidh nj\u00eb t\u00eb ardhme me drejt\u00ebsi \u2013 Studio n\u00eb programin Juridik t\u00eb p\u00ebrgjithsh\u00ebm n\u00eb Fakultetin Juridik, Universiteti Haxhi Zeka, Pej\u00eb. Edukim cil\u00ebsor dhe mund\u00ebsi reale p\u00ebr karrier\u00eb n\u00eb drejt\u00ebsi.","og_url":"https:\/\/unhz.eu\/fakulteti-juridik\/programi-i-studimit-juridik-i-pergjithshem\/","og_site_name":"Fakulteti Juridik","article_modified_time":"2025-10-16T07:11:24+00:00","og_image":[{"width":1080,"height":1080,"url":"https:\/\/unhz.eu\/fakulteti-juridik\/wp-content\/uploads\/sites\/9\/2024\/05\/White-Red-Modern-Webinar-Instagram-Post.png","type":"image\/png"}],"twitter_card":"summary_large_image","twitter_misc":{"Est. reading time":"2 minuta"},"schema":{"@context":"https:\/\/schema.org","@graph":[{"@type":"WebPage","@id":"https:\/\/unhz.eu\/fakulteti-juridik\/programi-i-studimit-juridik-i-pergjithshem\/","url":"https:\/\/unhz.eu\/fakulteti-juridik\/programi-i-studimit-juridik-i-pergjithshem\/","name":"Studio Drejt\u00ebsi n\u00eb Fakultetin Juridik \u2013 Universiteti \u201cHaxhi Zeka\u201d","isPartOf":{"@id":"https:\/\/unhz.eu\/fakulteti-juridik\/#website"},"primaryImageOfPage":{"@id":"https:\/\/unhz.eu\/fakulteti-juridik\/programi-i-studimit-juridik-i-pergjithshem\/#primaryimage"},"image":{"@id":"https:\/\/unhz.eu\/fakulteti-juridik\/programi-i-studimit-juridik-i-pergjithshem\/#primaryimage"},"thumbnailUrl":"https:\/\/unhz.eu\/fakulteti-juridik\/wp-content\/uploads\/sites\/9\/2024\/05\/White-Red-Modern-Webinar-Instagram-Post.png","datePublished":"2025-01-16T14:46:49+00:00","dateModified":"2025-10-16T07:11:24+00:00","description":"Zgjidh nj\u00eb t\u00eb ardhme me drejt\u00ebsi \u2013 Studio n\u00eb programin Juridik t\u00eb p\u00ebrgjithsh\u00ebm n\u00eb Fakultetin Juridik, Universiteti Haxhi Zeka, Pej\u00eb. Edukim cil\u00ebsor dhe mund\u00ebsi reale p\u00ebr karrier\u00eb n\u00eb drejt\u00ebsi.","breadcrumb":{"@id":"https:\/\/unhz.eu\/fakulteti-juridik\/programi-i-studimit-juridik-i-pergjithshem\/#breadcrumb"},"inLanguage":"sq","potentialAction":[{"@type":"ReadAction","target":["https:\/\/unhz.eu\/fakulteti-juridik\/programi-i-studimit-juridik-i-pergjithshem\/"]}]},{"@type":"ImageObject","inLanguage":"sq","@id":"https:\/\/unhz.eu\/fakulteti-juridik\/programi-i-studimit-juridik-i-pergjithshem\/#primaryimage","url":"https:\/\/unhz.eu\/fakulteti-juridik\/wp-content\/uploads\/sites\/9\/2024\/05\/White-Red-Modern-Webinar-Instagram-Post.png","contentUrl":"https:\/\/unhz.eu\/fakulteti-juridik\/wp-content\/uploads\/sites\/9\/2024\/05\/White-Red-Modern-Webinar-Instagram-Post.png","width":1080,"height":1080},{"@type":"BreadcrumbList","@id":"https:\/\/unhz.eu\/fakulteti-juridik\/programi-i-studimit-juridik-i-pergjithshem\/#breadcrumb","itemListElement":[{"@type":"ListItem","position":1,"name":"Home","item":"https:\/\/unhz.eu\/fakulteti-juridik\/"},{"@type":"ListItem","position":2,"name":"Programi i studimit &#8211; Juridik i P\u00ebrgjithsh\u00ebm"}]},{"@type":"WebSite","@id":"https:\/\/unhz.eu\/fakulteti-juridik\/#website","url":"https:\/\/unhz.eu\/fakulteti-juridik\/","name":"Fakulteti Juridik","description":"I dedikuar p\u00ebr cil\u00ebsi standarde dhe suksese","publisher":{"@id":"https:\/\/unhz.eu\/fakulteti-juridik\/#organization"},"potentialAction":[{"@type":"SearchAction","target":{"@type":"EntryPoint","urlTemplate":"https:\/\/unhz.eu\/fakulteti-juridik\/?s={search_term_string}"},"query-input":{"@type":"PropertyValueSpecification","valueRequired":true,"valueName":"search_term_string"}}],"inLanguage":"sq"},{"@type":"Organization","@id":"https:\/\/unhz.eu\/fakulteti-juridik\/#organization","name":"Fakulteti Juridik","url":"https:\/\/unhz.eu\/fakulteti-juridik\/","logo":{"@type":"ImageObject","inLanguage":"sq","@id":"https:\/\/unhz.eu\/fakulteti-juridik\/#\/schema\/logo\/image\/","url":"https:\/\/unhz.eu\/fakulteti-juridik\/wp-content\/uploads\/sites\/9\/2024\/02\/cropped-logo-1-1-e1713527702695.png","contentUrl":"https:\/\/unhz.eu\/fakulteti-juridik\/wp-content\/uploads\/sites\/9\/2024\/02\/cropped-logo-1-1-e1713527702695.png","width":100,"height":100,"caption":"Fakulteti Juridik"},"image":{"@id":"https:\/\/unhz.eu\/fakulteti-juridik\/#\/schema\/logo\/image\/"}}]}},"_links":{"self":[{"href":"https:\/\/unhz.eu\/fakulteti-juridik\/wp-json\/wp\/v2\/pages\/49434","targetHints":{"allow":["GET"]}}],"collection":[{"href":"https:\/\/unhz.eu\/fakulteti-juridik\/wp-json\/wp\/v2\/pages"}],"about":[{"href":"https:\/\/unhz.eu\/fakulteti-juridik\/wp-json\/wp\/v2\/types\/page"}],"author":[{"embeddable":true,"href":"https:\/\/unhz.eu\/fakulteti-juridik\/wp-json\/wp\/v2\/users\/1"}],"replies":[{"embeddable":true,"href":"https:\/\/unhz.eu\/fakulteti-juridik\/wp-json\/wp\/v2\/comments?post=49434"}],"version-history":[{"count":2,"href":"https:\/\/unhz.eu\/fakulteti-juridik\/wp-json\/wp\/v2\/pages\/49434\/revisions"}],"predecessor-version":[{"id":49720,"href":"https:\/\/unhz.eu\/fakulteti-juridik\/wp-json\/wp\/v2\/pages\/49434\/revisions\/49720"}],"wp:featuredmedia":[{"embeddable":true,"href":"https:\/\/unhz.eu\/fakulteti-juridik\/wp-json\/wp\/v2\/media\/44682"}],"wp:attachment":[{"href":"https:\/\/unhz.eu\/fakulteti-juridik\/wp-json\/wp\/v2\/media?parent=49434"}],"curies":[{"name":"wp","href":"https:\/\/api.w.org\/{rel}","templated":true}]}}