{"id":49432,"date":"2025-01-16T14:44:41","date_gmt":"2025-01-16T14:44:41","guid":{"rendered":"https:\/\/unhz.eu\/fakulteti-juridik\/?page_id=49432"},"modified":"2026-02-06T15:55:19","modified_gmt":"2026-02-06T13:55:19","slug":"juridik-i-pergjithshem-llb-2023-2026","status":"publish","type":"page","link":"https:\/\/unhz.eu\/fakulteti-juridik\/juridik-i-pergjithshem-llb-2023-2026\/","title":{"rendered":"Juridik i P\u00ebrgjithsh\u00ebm LLB 2023 \u2013 2026"},"content":{"rendered":"\n<figure class=\"wp-block-table\"><table class=\"has-fixed-layout\"><tbody><tr><td colspan=\"6\"><strong>Programi i studimit Juridik i P\u00ebrgjithsh\u00ebm <\/strong><strong>LLB<\/strong> <strong>01.10.2023 \u2013 30.09.2026<\/strong><\/td><\/tr><tr><td colspan=\"6\"><strong>VITI -I- (VITI I PAR\u00cb)<\/strong><\/td><\/tr><tr><td colspan=\"3\"><strong>&nbsp;&nbsp;&nbsp; &nbsp; &nbsp; &nbsp; &nbsp; &nbsp; &nbsp; &nbsp; &nbsp; &nbsp; &nbsp; &nbsp; &nbsp; Semestri<br><\/strong><\/td><td colspan=\"3\"><strong>Or\u00eb\/jav\u00eb<\/strong><\/td><\/tr><tr><td><strong>Nr.<\/strong><\/td><td><strong>O\/Z<\/strong><\/td><td><strong>L\u00ebnd\u00ebt<\/strong><\/td><td><strong>L<\/strong><\/td><td><strong>U<\/strong><\/td><td><strong>ECTS<\/strong><\/td><\/tr><tr><td>1.<\/td><td>O<\/td><td>Fillet e s\u00eb Drejt\u00ebs<\/td><td>3<\/td><td>2<\/td><td>6<\/td><\/tr><tr><td>2.<\/td><td>O<\/td><td>Historia e Institucioneve Shtet\u00ebrore dhe Juridike<\/td><td>3<\/td><td>1<\/td><td>5<\/td><\/tr><tr><td>3.<\/td><td>O<\/td><td>Sistemi Politik i Kosov\u00ebs n\u00eb Kontekstin Evropian<\/td><td>2<\/td><td>1<\/td><td>5<\/td><\/tr><tr><td>4.<\/td><td>O<\/td><td>Gjuh\u00eb Angleze I<\/td><td>2<\/td><td>2<\/td><td>5<\/td><\/tr><tr><td>5.<\/td><td>O<\/td><td>Bazat e Ekonomis\u00eb<\/td><td>3<\/td><td>1<\/td><td>5<\/td><\/tr><tr><td colspan=\"6\"><strong><em>&nbsp;&nbsp;&nbsp; &nbsp; &nbsp; &nbsp; &nbsp; &nbsp; &nbsp; &nbsp; &nbsp; &nbsp; &nbsp; &nbsp; &nbsp; &nbsp;&nbsp;&nbsp; &nbsp; &nbsp; &nbsp; &nbsp; &nbsp; &nbsp; &nbsp; &nbsp; &nbsp; &nbsp; &nbsp; &nbsp; Zgjedhore 1 nga 4<br><\/em><\/strong><\/td><\/tr><tr><td>1.<\/td><td>Z<\/td><td>Demokracia dhe Shteti i s\u00eb Drejt\u00ebs<\/td><td>2<\/td><td>1<\/td><td>4<\/td><\/tr><tr><td>2.<\/td><td>Z<\/td><td>Metodat e Hulumtimit Shkencor<\/td><td>2<\/td><td>1<\/td><td>4<\/td><\/tr><tr><td>3.<\/td><td>Z<\/td><td>Retorika dhe t\u00eb Shprehurit Juridik<\/td><td>2<\/td><td>1<\/td><td>4<\/td><\/tr><tr><td>4.<\/td><td>Z<\/td><td>Teoria dhe Praktika Parlamentare<\/td><td>2<\/td><td>1<\/td><td>4<\/td><\/tr><tr><td colspan=\"6\"><strong>Semestri II<\/strong><\/td><\/tr><tr><td>1.<\/td><td>O<\/td><td>E Drejta Romake<\/td><td>3<\/td><td>2<\/td><td>6<\/td><\/tr><tr><td>2.<\/td><td>O<\/td><td>E Drejta Kushtetuese<\/td><td>3<\/td><td>1<\/td><td>5<\/td><\/tr><tr><td>3.<\/td><td>O<\/td><td>Gjuh\u00eb Angleze II<\/td><td>2<\/td><td>2<\/td><td>5<\/td><\/tr><tr><td>4.<\/td><td>O<\/td><td>E Drejta e Bashkimit Evropian I<\/td><td>3<\/td><td>1<\/td><td>5<\/td><\/tr><tr><td>5.<\/td><td>O<\/td><td>Hyrje n\u00eb Drejt\u00ebn Nd\u00ebrkomb\u00ebtar p\u00ebr t\u00eb Drejtat e Njeriut<\/td><td>3<\/td><td>1<\/td><td>5<\/td><\/tr><tr><td colspan=\"6\"><strong><em>&nbsp;&nbsp;&nbsp; &nbsp; &nbsp; &nbsp; &nbsp; &nbsp; &nbsp; &nbsp; &nbsp; &nbsp; &nbsp; &nbsp; &nbsp; &nbsp;&nbsp;&nbsp; &nbsp; &nbsp; &nbsp; &nbsp; &nbsp; &nbsp; &nbsp; &nbsp; &nbsp; &nbsp; &nbsp; &nbsp; Zgjedhore 1 nga 4<\/em><\/strong><\/td><\/tr><tr><td>1.<\/td><td>Z<\/td><td>Sociologjia e s\u00eb Drejt\u00ebs<\/td><td>2<\/td><td>1<\/td><td>4<\/td><\/tr><tr><td>2.<\/td><td>Z<\/td><td>Qeverisje Lokale<\/td><td>2<\/td><td>1<\/td><td>4<\/td><\/tr><tr><td>3.<\/td><td>Z<\/td><td>Bazat e Sistemit Gjyq\u00ebsor<\/td><td>2<\/td><td>1<\/td><td>4<\/td><\/tr><tr><td>4.<\/td><td>Z<\/td><td>Barazia Shoq\u00ebrore dhe E Drejta e Pakicave<\/td><td>2<\/td><td>1<\/td><td>4<\/td><\/tr><tr><td colspan=\"6\"><strong>VITI -II- (VITI I DYT\u00cb)<\/strong><\/td><\/tr><tr><td colspan=\"3\"><strong>Semestri III<\/strong><\/td><td colspan=\"3\"><strong>Or\u00eb\/jav\u00eb<\/strong><\/td><\/tr><tr><td><strong>Nr.<\/strong><\/td><td><strong>O\/Z<\/strong><\/td><td><strong>L\u00ebnd\u00ebt<\/strong><\/td><td><strong>L<\/strong><\/td><td><strong>U<\/strong><\/td><td><strong>ECTS<\/strong><\/td><\/tr><tr><td>1.<\/td><td>O<\/td><td>E Drejta Civile<\/td><td>3<\/td><td>2<\/td><td>7<\/td><\/tr><tr><td>2.<\/td><td>O<\/td><td>E Drejta Penale<\/td><td>3<\/td><td>2<\/td><td>7<\/td><\/tr><tr><td>3.<\/td><td>O<\/td><td>Organizatat Nd\u00ebrkomb\u00ebtare<\/td><td>2<\/td><td>1<\/td><td>6<\/td><\/tr><tr><td>4.<\/td><td>O<\/td><td>Politika Ekonomike<\/td><td>2<\/td><td>1<\/td><td>6<\/td><\/tr><tr><td colspan=\"6\"><strong><em>&nbsp;&nbsp;&nbsp; &nbsp; &nbsp; &nbsp; &nbsp; &nbsp; &nbsp; &nbsp; &nbsp; &nbsp; &nbsp; &nbsp; &nbsp; &nbsp;&nbsp;&nbsp; &nbsp; &nbsp; &nbsp; &nbsp; &nbsp; &nbsp; &nbsp; &nbsp; &nbsp; &nbsp; &nbsp; &nbsp; Zgjedhore 1 nga 4<\/em><\/strong><\/td><\/tr><tr><td>1.<\/td><td>Z<\/td><td>E Drejta e Mediave<\/td><td>2<\/td><td>1<\/td><td>4<\/td><\/tr><tr><td>2.<\/td><td>Z<\/td><td>Politika e Luftimit t\u00eb Kriminalitetit<\/td><td>2<\/td><td>1<\/td><td>4<\/td><\/tr><tr><td>3.<\/td><td>Z<\/td><td>Delikuenca e t\u00eb Miturve<\/td><td>2<\/td><td>1<\/td><td>4<\/td><\/tr><tr><td>4.<\/td><td>Z<\/td><td>E Drejta Diplomatike dhe Konsullore<\/td><td>2<\/td><td>1<\/td><td>4<\/td><\/tr><tr><td colspan=\"6\"><strong>Semestri IV<\/strong><\/td><\/tr><tr><td>1.<\/td><td>O<\/td><td>E Drejta Administrative<\/td><td>3<\/td><td>2<\/td><td>7<\/td><\/tr><tr><td>2.<\/td><td>O<\/td><td>E Drejta e Pron\u00ebsis\u00eb<\/td><td>3<\/td><td>1<\/td><td>7<\/td><\/tr><tr><td>3.<\/td><td>O<\/td><td>Kriminalistika<\/td><td>3<\/td><td>1<\/td><td>6<\/td><\/tr><tr><td>4.<\/td><td>O<\/td><td>E Drejta Familjare dhe Trash\u00ebgimore<\/td><td>3<\/td><td>1<\/td><td>6<\/td><\/tr><tr><td colspan=\"6\"><strong><em>&nbsp;&nbsp;&nbsp; &nbsp; &nbsp; &nbsp; &nbsp; &nbsp; &nbsp; &nbsp; &nbsp; &nbsp; &nbsp; &nbsp; &nbsp; &nbsp;&nbsp;&nbsp; &nbsp; &nbsp; &nbsp; &nbsp; &nbsp; &nbsp; &nbsp; &nbsp; &nbsp; &nbsp; &nbsp; &nbsp; Zgjedhore 1 nga 4<\/em><\/strong><\/td><\/tr><tr><td>1.<\/td><td>Z<\/td><td>Gjyq\u00ebsia Kushtetuese<\/td><td>2<\/td><td>1<\/td><td>4<\/td><\/tr><tr><td>2.<\/td><td>Z<\/td><td>Etika Ligjore dhe Profesionale<\/td><td>2<\/td><td>1<\/td><td>4<\/td><\/tr><tr><td>3.<\/td><td>Z<\/td><td>E Drejta e Teknologjis\u00eb Informative<\/td><td>2<\/td><td>1<\/td><td>4<\/td><\/tr><tr><td>4.<\/td><td>Z<\/td><td>Krimi i Organizuar dhe Korrupsioni<\/td><td>2<\/td><td>1<\/td><td>4<\/td><\/tr><tr><td colspan=\"6\"><strong>VITI -III- (VITI I TRET\u00cb)<\/strong><\/td><\/tr><tr><td colspan=\"3\"><strong>Semestri V<\/strong><\/td><td colspan=\"3\"><strong>Or\u00eb\/jav\u00eb<\/strong><\/td><\/tr><tr><td><strong>Nr.<\/strong><\/td><td><strong>O\/Z<\/strong><\/td><td><strong>L\u00ebnd\u00ebt<\/strong><\/td><td><strong>L<\/strong><\/td><td><strong>U<\/strong><\/td><td><strong>ECTS<\/strong><\/td><\/tr><tr><td>1.<\/td><td>O<\/td><td>E Drejta Procedurale Administrative<\/td><td>3<\/td><td>2<\/td><td>6<\/td><\/tr><tr><td>2.<\/td><td>O<\/td><td>E Drejta e Detyrimeve<\/td><td>3<\/td><td>1<\/td><td>5<\/td><\/tr><tr><td>3.<\/td><td>O<\/td><td>E Drejta e Procedur\u00ebs Penale<\/td><td>3<\/td><td>2<\/td><td>5<\/td><\/tr><tr><td>4.<\/td><td>O<\/td><td>E Drejta e Pun\u00ebs<\/td><td>3<\/td><td>1<\/td><td>5<\/td><\/tr><tr><td>5.<\/td><td>O<\/td><td>E Drejta Nd\u00ebrkomb\u00ebtare Publike<\/td><td>3<\/td><td>1<\/td><td>5<\/td><\/tr><tr><td colspan=\"6\"><strong><em>&nbsp;&nbsp;&nbsp; &nbsp; &nbsp; &nbsp; &nbsp; &nbsp; &nbsp; &nbsp; &nbsp; &nbsp; &nbsp; &nbsp; &nbsp; &nbsp;&nbsp;&nbsp; &nbsp; &nbsp; &nbsp; &nbsp; &nbsp; &nbsp; &nbsp; &nbsp; &nbsp; &nbsp; &nbsp; &nbsp; Zgjedhore 1 nga 4<\/em><\/strong><\/td><\/tr><tr><td>1.<\/td><td>Z<\/td><td>E Drejta e Sigurimeve<\/td><td>2<\/td><td>1<\/td><td>4<\/td><\/tr><tr><td>2.<\/td><td>Z<\/td><td>E Drejta e Mjedisit<\/td><td>2<\/td><td>1<\/td><td>4<\/td><\/tr><tr><td>3.<\/td><td>Z<\/td><td>Kriminaliteti i Mjedisit<\/td><td>2<\/td><td>1<\/td><td>4<\/td><\/tr><tr><td>4.<\/td><td>Z<\/td><td>Terrorizmi Nd\u00ebrkomb\u00ebtar<\/td><td>2<\/td><td>1<\/td><td>4<\/td><\/tr><tr><td colspan=\"6\"><strong>Semestri VI<\/strong><\/td><\/tr><tr><td>1.<\/td><td>O<\/td><td>E Drejta Nd\u00ebrkomb\u00ebtare Private<\/td><td>3<\/td><td>2<\/td><td>7<\/td><\/tr><tr><td>2.<\/td><td>O<\/td><td>E Drejta e Bashkimit Evropiane II<\/td><td>3<\/td><td>1<\/td><td>7<\/td><\/tr><tr><td>3.<\/td><td>O<\/td><td>E Drejta Tregtare<\/td><td>3<\/td><td>1<\/td><td>6<\/td><\/tr><tr><td>4.<\/td><td>O<\/td><td>E Drejta Financiare<\/td><td>3<\/td><td>1<\/td><td>6<\/td><\/tr><tr><td colspan=\"6\"><strong><em>&nbsp;&nbsp;&nbsp; &nbsp; &nbsp; &nbsp; &nbsp; &nbsp; &nbsp; &nbsp; &nbsp; &nbsp; &nbsp; &nbsp; &nbsp; &nbsp;&nbsp;&nbsp; &nbsp; &nbsp; &nbsp; &nbsp; &nbsp; &nbsp; &nbsp; &nbsp; &nbsp; &nbsp; &nbsp; &nbsp; Zgjedhore 1 nga 5<\/em><\/strong><\/td><\/tr><tr><td>1.<\/td><td>Z<\/td><td>Filozofia e s\u00eb Drejt\u00ebs<\/td><td>2<\/td><td>1<\/td><td>4<\/td><\/tr><tr><td>2.<\/td><td>Z<\/td><td>Mjek\u00ebsia Ligjore<\/td><td>2<\/td><td>1<\/td><td>4<\/td><\/tr><tr><td>3.<\/td><td>Z<\/td><td>Bankat dhe e Drejta Bankare<\/td><td>2<\/td><td>1<\/td><td>4<\/td><\/tr><tr><td>4.<\/td><td>Z<\/td><td>Psikologjia Gjyq\u00ebsore<\/td><td>2<\/td><td>1<\/td><td>4<\/td><\/tr><tr><td>5.<\/td><td>Z<\/td><td>E Drejta n\u00eb Turiz\u00ebm dhe Hoteleri<\/td><td>2<\/td><td>1<\/td><td>4<\/td><\/tr><tr><td colspan=\"6\"><strong>VITI -IV- (VITI I KATERT\u00cb)<\/strong><\/td><\/tr><tr><td colspan=\"3\"><strong>Semestri VII<\/strong><\/td><td colspan=\"3\"><strong>Or\u00eb\/jav\u00eb<\/strong><\/td><\/tr><tr><td><strong>Nr.<\/strong><\/td><td><strong>O\/Z<\/strong><\/td><td><strong>L\u00ebnd\u00ebt<\/strong><\/td><td><strong>L<\/strong><\/td><td><strong>U<\/strong><\/td><td><strong>ECTS<\/strong><\/td><\/tr><tr><td>1.<\/td><td>O<\/td><td>E Drejta Procedurale Civile<\/td><td>3<\/td><td>2<\/td><td>7<\/td><\/tr><tr><td>2.<\/td><td>O<\/td><td>Kriminologjia dhe Penologji<\/td><td>3<\/td><td>1<\/td><td>7<\/td><\/tr><tr><td>3.<\/td><td>O<\/td><td>E Drejta Nd\u00ebrkomb\u00ebtare dhe Evropiane e Pun\u00ebs<\/td><td>3<\/td><td>1<\/td><td>6<\/td><\/tr><tr><td>4.<\/td><td>O<\/td><td>Siguri Komb\u00ebtare<\/td><td>2<\/td><td>1<\/td><td>6<\/td><\/tr><tr><td colspan=\"6\"><strong><em>&nbsp;&nbsp;&nbsp; &nbsp; &nbsp; &nbsp; &nbsp; &nbsp; &nbsp; &nbsp; &nbsp; &nbsp; &nbsp; &nbsp; &nbsp; &nbsp;&nbsp;&nbsp; &nbsp; &nbsp; &nbsp; &nbsp; &nbsp; &nbsp; &nbsp; &nbsp; &nbsp; &nbsp; &nbsp; &nbsp; Zgjedhore 1 nga 4<\/em><\/strong><\/td><\/tr><tr><td>1.<\/td><td>Z<\/td><td>Kriminaliteti Kibernetik\u00eb<\/td><td>2<\/td><td>1<\/td><td>4<\/td><\/tr><tr><td>2<\/td><td>Z<\/td><td>Nomoteknika \u2013 teknika e hartimit t\u00eb akteve juridike<\/td><td>2<\/td><td>1<\/td><td><\/td><\/tr><tr><td>3.<\/td><td>Z<\/td><td>E Drejta Nd\u00ebrkomb\u00ebtare Humanitare<\/td><td>2<\/td><td>1<\/td><td>4<\/td><\/tr><tr><td>4.<\/td><td>Z<\/td><td>Kontrolli dhe Komunikimi Administrativ<\/td><td>2<\/td><td>1<\/td><td>4<\/td><\/tr><tr><td colspan=\"6\"><strong>Semestri VIII<\/strong><\/td><\/tr><tr><td colspan=\"6\"><strong>Moduli: E DREJTA PENALE<\/strong><\/td><\/tr><tr><td>1.<\/td><td>O<\/td><td>E Drejta Penale \u2013 pjesa e posa\u00e7me<\/td><td>3<\/td><td>2<\/td><td>7<\/td><\/tr><tr><td>2.<\/td><td>O<\/td><td>E Drejta Procedurale Penale \u2013 pjesa e posa\u00e7me<\/td><td>3<\/td><td>2<\/td><td>7<\/td><\/tr><tr><td>3.<\/td><td>O<\/td><td>Viktimologjia<\/td><td>3<\/td><td>1<\/td><td>5<\/td><\/tr><tr><td>4.<\/td><td>O<\/td><td>E Drejta Penale Nd\u00ebrkomb\u00ebtare<\/td><td>3<\/td><td>1<\/td><td>6<\/td><\/tr><tr><td>5.<\/td><td>O<\/td><td>Klinika Juridike Penale<\/td><td>2<\/td><td>2<\/td><td>5<\/td><\/tr><tr><td colspan=\"6\"><strong>Moduli: E DREJTA CIVILE<\/strong><\/td><\/tr><tr><td>1.<\/td><td>O<\/td><td>E Drejta e Procedurale Civile \u2013 pjesa e posa\u00e7me<\/td><td>3<\/td><td>2<\/td><td>7<\/td><\/tr><tr><td>2.<\/td><td>O<\/td><td>E Drejta Evropiane e Mbrojtjes s\u00eb Konsumatorit<\/td><td>3<\/td><td>1<\/td><td>7<\/td><\/tr><tr><td>3.<\/td><td>O<\/td><td>E Drejta e Pron\u00ebsis\u00eb Intelektuale<\/td><td>3<\/td><td>1<\/td><td>5<\/td><\/tr><tr><td>4.<\/td><td>O<\/td><td>Zgjidhja Alternative e Kontesteve \u2013 Arbitrazhi dhe Nd\u00ebrmjet\u00ebsimi<\/td><td>3<\/td><td>1<\/td><td>6<\/td><\/tr><tr><td>5.<\/td><td>O<\/td><td>Klinika Juridike Civile<\/td><td>2<\/td><td>2<\/td><td>5<\/td><\/tr><tr><td colspan=\"6\"><strong>Moduli: E DREJTA KUSHTETUESE DHE ADMINISTRATIVE<\/strong><\/td><\/tr><tr><td>1.<\/td><td>O<\/td><td>E Drejta Kushtetuese Pozitive<\/td><td>3<\/td><td>2<\/td><td>7<\/td><\/tr><tr><td>2.<\/td><td>O<\/td><td>E Drejta Administrative \u2013 pjesa e posa\u00e7me<\/td><td>3<\/td><td>2<\/td><td>7<\/td><\/tr><tr><td>3.<\/td><td>O<\/td><td>E Drejta Sociale<\/td><td>3<\/td><td>1<\/td><td>6<\/td><\/tr><tr><td>4.<\/td><td>O<\/td><td>E Drejta Elektorale<\/td><td>2<\/td><td>1<\/td><td>5<\/td><\/tr><tr><td>5<\/td><td>O<\/td><td>Klinika Juridike e t\u00eb Drejtave t\u00eb Njeriut<\/td><td>2<\/td><td>2<\/td><td>5<\/td><\/tr><tr><td colspan=\"6\"><strong>Moduli: E DREJTA BIZNESORE<\/strong><\/td><\/tr><tr><td>1.<\/td><td>O<\/td><td>E Drejta Tatimore dhe Buxhetore<\/td><td>3<\/td><td>1<\/td><td>6<\/td><\/tr><tr><td>2.<\/td><td>O<\/td><td>E Drejta Biznesore dhe t\u00eb drejtat e njeriut<\/td><td>3<\/td><td>1<\/td><td>6<\/td><\/tr><tr><td>3.<\/td><td>O<\/td><td>E Drejta Nd\u00ebrkomb\u00ebtare Ekonomike<\/td><td>3<\/td><td>1<\/td><td>6<\/td><\/tr><tr><td>4.<\/td><td>O<\/td><td>E Drejta e Konkurrenc\u00ebs<\/td><td>3<\/td><td>1<\/td><td>6<\/td><\/tr><tr><td>5.<\/td><td>O<\/td><td>Qeverisja e Korporatave<\/td><td>3<\/td><td>1<\/td><td>6<\/td><\/tr><\/tbody><\/table><\/figure>\n","protected":false},"excerpt":{"rendered":"<p>Programi i studimit Juridik i P\u00ebrgjithsh\u00ebm LLB 01.10.2023 \u2013 30.09.2026 VITI -I- (VITI I PAR\u00cb) &nbsp;&nbsp;&nbsp; &nbsp; &nbsp; &nbsp; &nbsp; &nbsp; &nbsp; &nbsp; &nbsp; &nbsp; &nbsp; &nbsp; &nbsp; Semestri Or\u00eb\/jav\u00eb&hellip;<\/p>\n","protected":false},"author":1,"featured_media":0,"parent":0,"menu_order":0,"comment_status":"closed","ping_status":"closed","template":"","meta":{"footnotes":""},"class_list":["post-49432","page","type-page","status-publish","hentry"],"yoast_head":"<!-- This site is optimized with the Yoast SEO Premium plugin v27.2 (Yoast SEO v27.2) - https:\/\/yoast.com\/product\/yoast-seo-premium-wordpress\/ -->\n<title>Juridik i P\u00ebrgjithsh\u00ebm \u2013 LLB 2023\u20112026 | Fakulteti Juridik UNHZ<\/title>\n<meta name=\"description\" content=\"Zbulo programin \u201cJuridik i P\u00ebrgjithsh\u00ebm \u2013 LLB 2023\u20112026\u201d n\u00eb Fakultetin Juridik t\u00eb Universitetit \u201cHaxhi Zeka\u201d: plan studimi, l\u00ebnd\u00eb dhe mund\u00ebsi p\u00ebr karrier\u00eb n\u00eb fush\u00ebn e drejt\u00ebsis\u00eb.\" \/>\n<meta name=\"robots\" content=\"index, follow, max-snippet:-1, max-image-preview:large, max-video-preview:-1\" \/>\n<link rel=\"canonical\" href=\"https:\/\/unhz.eu\/fakulteti-juridik\/juridik-i-pergjithshem-llb-2023-2026\/\" \/>\n<meta property=\"og:locale\" content=\"sq_AL\" \/>\n<meta property=\"og:type\" content=\"article\" \/>\n<meta property=\"og:title\" content=\"Juridik i P\u00ebrgjithsh\u00ebm LLB 2023 \u2013 2026\" \/>\n<meta property=\"og:description\" content=\"Zbulo programin \u201cJuridik i P\u00ebrgjithsh\u00ebm \u2013 LLB 2023\u20112026\u201d n\u00eb Fakultetin Juridik t\u00eb Universitetit \u201cHaxhi Zeka\u201d: plan studimi, l\u00ebnd\u00eb dhe mund\u00ebsi p\u00ebr karrier\u00eb n\u00eb fush\u00ebn e drejt\u00ebsis\u00eb.\" \/>\n<meta property=\"og:url\" content=\"https:\/\/unhz.eu\/fakulteti-juridik\/juridik-i-pergjithshem-llb-2023-2026\/\" \/>\n<meta property=\"og:site_name\" content=\"Fakulteti Juridik\" \/>\n<meta property=\"article:modified_time\" content=\"2026-02-06T13:55:19+00:00\" \/>\n<meta name=\"twitter:card\" content=\"summary_large_image\" \/>\n<meta name=\"twitter:label1\" content=\"Est. reading time\" \/>\n\t<meta name=\"twitter:data1\" content=\"5 minuta\" \/>\n<script type=\"application\/ld+json\" class=\"yoast-schema-graph\">{\"@context\":\"https:\/\/schema.org\",\"@graph\":[{\"@type\":\"WebPage\",\"@id\":\"https:\/\/unhz.eu\/fakulteti-juridik\/juridik-i-pergjithshem-llb-2023-2026\/\",\"url\":\"https:\/\/unhz.eu\/fakulteti-juridik\/juridik-i-pergjithshem-llb-2023-2026\/\",\"name\":\"Juridik i P\u00ebrgjithsh\u00ebm \u2013 LLB 2023\u20112026 | Fakulteti Juridik UNHZ\",\"isPartOf\":{\"@id\":\"https:\/\/unhz.eu\/fakulteti-juridik\/#website\"},\"datePublished\":\"2025-01-16T14:44:41+00:00\",\"dateModified\":\"2026-02-06T13:55:19+00:00\",\"description\":\"Zbulo programin \u201cJuridik i P\u00ebrgjithsh\u00ebm \u2013 LLB 2023\u20112026\u201d n\u00eb Fakultetin Juridik t\u00eb Universitetit \u201cHaxhi Zeka\u201d: plan studimi, l\u00ebnd\u00eb dhe mund\u00ebsi p\u00ebr karrier\u00eb n\u00eb fush\u00ebn e drejt\u00ebsis\u00eb.\",\"breadcrumb\":{\"@id\":\"https:\/\/unhz.eu\/fakulteti-juridik\/juridik-i-pergjithshem-llb-2023-2026\/#breadcrumb\"},\"inLanguage\":\"sq\",\"potentialAction\":[{\"@type\":\"ReadAction\",\"target\":[\"https:\/\/unhz.eu\/fakulteti-juridik\/juridik-i-pergjithshem-llb-2023-2026\/\"]}]},{\"@type\":\"BreadcrumbList\",\"@id\":\"https:\/\/unhz.eu\/fakulteti-juridik\/juridik-i-pergjithshem-llb-2023-2026\/#breadcrumb\",\"itemListElement\":[{\"@type\":\"ListItem\",\"position\":1,\"name\":\"Home\",\"item\":\"https:\/\/unhz.eu\/fakulteti-juridik\/\"},{\"@type\":\"ListItem\",\"position\":2,\"name\":\"Juridik i P\u00ebrgjithsh\u00ebm LLB 2023 \u2013 2026\"}]},{\"@type\":\"WebSite\",\"@id\":\"https:\/\/unhz.eu\/fakulteti-juridik\/#website\",\"url\":\"https:\/\/unhz.eu\/fakulteti-juridik\/\",\"name\":\"Fakulteti Juridik\",\"description\":\"I dedikuar p\u00ebr cil\u00ebsi standarde dhe suksese\",\"publisher\":{\"@id\":\"https:\/\/unhz.eu\/fakulteti-juridik\/#organization\"},\"potentialAction\":[{\"@type\":\"SearchAction\",\"target\":{\"@type\":\"EntryPoint\",\"urlTemplate\":\"https:\/\/unhz.eu\/fakulteti-juridik\/?s={search_term_string}\"},\"query-input\":{\"@type\":\"PropertyValueSpecification\",\"valueRequired\":true,\"valueName\":\"search_term_string\"}}],\"inLanguage\":\"sq\"},{\"@type\":\"Organization\",\"@id\":\"https:\/\/unhz.eu\/fakulteti-juridik\/#organization\",\"name\":\"Fakulteti Juridik\",\"url\":\"https:\/\/unhz.eu\/fakulteti-juridik\/\",\"logo\":{\"@type\":\"ImageObject\",\"inLanguage\":\"sq\",\"@id\":\"https:\/\/unhz.eu\/fakulteti-juridik\/#\/schema\/logo\/image\/\",\"url\":\"https:\/\/unhz.eu\/fakulteti-juridik\/wp-content\/uploads\/sites\/9\/2024\/02\/cropped-logo-1-1-e1713527702695.png\",\"contentUrl\":\"https:\/\/unhz.eu\/fakulteti-juridik\/wp-content\/uploads\/sites\/9\/2024\/02\/cropped-logo-1-1-e1713527702695.png\",\"width\":100,\"height\":100,\"caption\":\"Fakulteti Juridik\"},\"image\":{\"@id\":\"https:\/\/unhz.eu\/fakulteti-juridik\/#\/schema\/logo\/image\/\"}}]}<\/script>\n<!-- \/ Yoast SEO Premium plugin. -->","yoast_head_json":{"title":"Juridik i P\u00ebrgjithsh\u00ebm \u2013 LLB 2023\u20112026 | Fakulteti Juridik UNHZ","description":"Zbulo programin \u201cJuridik i P\u00ebrgjithsh\u00ebm \u2013 LLB 2023\u20112026\u201d n\u00eb Fakultetin Juridik t\u00eb Universitetit \u201cHaxhi Zeka\u201d: plan studimi, l\u00ebnd\u00eb dhe mund\u00ebsi p\u00ebr karrier\u00eb n\u00eb fush\u00ebn e drejt\u00ebsis\u00eb.","robots":{"index":"index","follow":"follow","max-snippet":"max-snippet:-1","max-image-preview":"max-image-preview:large","max-video-preview":"max-video-preview:-1"},"canonical":"https:\/\/unhz.eu\/fakulteti-juridik\/juridik-i-pergjithshem-llb-2023-2026\/","og_locale":"sq_AL","og_type":"article","og_title":"Juridik i P\u00ebrgjithsh\u00ebm LLB 2023 \u2013 2026","og_description":"Zbulo programin \u201cJuridik i P\u00ebrgjithsh\u00ebm \u2013 LLB 2023\u20112026\u201d n\u00eb Fakultetin Juridik t\u00eb Universitetit \u201cHaxhi Zeka\u201d: plan studimi, l\u00ebnd\u00eb dhe mund\u00ebsi p\u00ebr karrier\u00eb n\u00eb fush\u00ebn e drejt\u00ebsis\u00eb.","og_url":"https:\/\/unhz.eu\/fakulteti-juridik\/juridik-i-pergjithshem-llb-2023-2026\/","og_site_name":"Fakulteti Juridik","article_modified_time":"2026-02-06T13:55:19+00:00","twitter_card":"summary_large_image","twitter_misc":{"Est. reading time":"5 minuta"},"schema":{"@context":"https:\/\/schema.org","@graph":[{"@type":"WebPage","@id":"https:\/\/unhz.eu\/fakulteti-juridik\/juridik-i-pergjithshem-llb-2023-2026\/","url":"https:\/\/unhz.eu\/fakulteti-juridik\/juridik-i-pergjithshem-llb-2023-2026\/","name":"Juridik i P\u00ebrgjithsh\u00ebm \u2013 LLB 2023\u20112026 | Fakulteti Juridik UNHZ","isPartOf":{"@id":"https:\/\/unhz.eu\/fakulteti-juridik\/#website"},"datePublished":"2025-01-16T14:44:41+00:00","dateModified":"2026-02-06T13:55:19+00:00","description":"Zbulo programin \u201cJuridik i P\u00ebrgjithsh\u00ebm \u2013 LLB 2023\u20112026\u201d n\u00eb Fakultetin Juridik t\u00eb Universitetit \u201cHaxhi Zeka\u201d: plan studimi, l\u00ebnd\u00eb dhe mund\u00ebsi p\u00ebr karrier\u00eb n\u00eb fush\u00ebn e drejt\u00ebsis\u00eb.","breadcrumb":{"@id":"https:\/\/unhz.eu\/fakulteti-juridik\/juridik-i-pergjithshem-llb-2023-2026\/#breadcrumb"},"inLanguage":"sq","potentialAction":[{"@type":"ReadAction","target":["https:\/\/unhz.eu\/fakulteti-juridik\/juridik-i-pergjithshem-llb-2023-2026\/"]}]},{"@type":"BreadcrumbList","@id":"https:\/\/unhz.eu\/fakulteti-juridik\/juridik-i-pergjithshem-llb-2023-2026\/#breadcrumb","itemListElement":[{"@type":"ListItem","position":1,"name":"Home","item":"https:\/\/unhz.eu\/fakulteti-juridik\/"},{"@type":"ListItem","position":2,"name":"Juridik i P\u00ebrgjithsh\u00ebm LLB 2023 \u2013 2026"}]},{"@type":"WebSite","@id":"https:\/\/unhz.eu\/fakulteti-juridik\/#website","url":"https:\/\/unhz.eu\/fakulteti-juridik\/","name":"Fakulteti Juridik","description":"I dedikuar p\u00ebr cil\u00ebsi standarde dhe suksese","publisher":{"@id":"https:\/\/unhz.eu\/fakulteti-juridik\/#organization"},"potentialAction":[{"@type":"SearchAction","target":{"@type":"EntryPoint","urlTemplate":"https:\/\/unhz.eu\/fakulteti-juridik\/?s={search_term_string}"},"query-input":{"@type":"PropertyValueSpecification","valueRequired":true,"valueName":"search_term_string"}}],"inLanguage":"sq"},{"@type":"Organization","@id":"https:\/\/unhz.eu\/fakulteti-juridik\/#organization","name":"Fakulteti Juridik","url":"https:\/\/unhz.eu\/fakulteti-juridik\/","logo":{"@type":"ImageObject","inLanguage":"sq","@id":"https:\/\/unhz.eu\/fakulteti-juridik\/#\/schema\/logo\/image\/","url":"https:\/\/unhz.eu\/fakulteti-juridik\/wp-content\/uploads\/sites\/9\/2024\/02\/cropped-logo-1-1-e1713527702695.png","contentUrl":"https:\/\/unhz.eu\/fakulteti-juridik\/wp-content\/uploads\/sites\/9\/2024\/02\/cropped-logo-1-1-e1713527702695.png","width":100,"height":100,"caption":"Fakulteti Juridik"},"image":{"@id":"https:\/\/unhz.eu\/fakulteti-juridik\/#\/schema\/logo\/image\/"}}]}},"_links":{"self":[{"href":"https:\/\/unhz.eu\/fakulteti-juridik\/wp-json\/wp\/v2\/pages\/49432","targetHints":{"allow":["GET"]}}],"collection":[{"href":"https:\/\/unhz.eu\/fakulteti-juridik\/wp-json\/wp\/v2\/pages"}],"about":[{"href":"https:\/\/unhz.eu\/fakulteti-juridik\/wp-json\/wp\/v2\/types\/page"}],"author":[{"embeddable":true,"href":"https:\/\/unhz.eu\/fakulteti-juridik\/wp-json\/wp\/v2\/users\/1"}],"replies":[{"embeddable":true,"href":"https:\/\/unhz.eu\/fakulteti-juridik\/wp-json\/wp\/v2\/comments?post=49432"}],"version-history":[{"count":1,"href":"https:\/\/unhz.eu\/fakulteti-juridik\/wp-json\/wp\/v2\/pages\/49432\/revisions"}],"predecessor-version":[{"id":51023,"href":"https:\/\/unhz.eu\/fakulteti-juridik\/wp-json\/wp\/v2\/pages\/49432\/revisions\/51023"}],"wp:attachment":[{"href":"https:\/\/unhz.eu\/fakulteti-juridik\/wp-json\/wp\/v2\/media?parent=49432"}],"curies":[{"name":"wp","href":"https:\/\/api.w.org\/{rel}","templated":true}]}}