{"id":49407,"date":"2025-01-16T14:20:50","date_gmt":"2025-01-16T14:20:50","guid":{"rendered":"https:\/\/unhz.eu\/fakulteti-juridik\/?page_id=49407"},"modified":"2026-02-06T15:52:07","modified_gmt":"2026-02-06T13:52:07","slug":"juridik-i-pergjithshem","status":"publish","type":"page","link":"https:\/\/unhz.eu\/fakulteti-juridik\/juridik-i-pergjithshem\/","title":{"rendered":"Juridik i p\u00ebrgjithsh\u00ebm"},"content":{"rendered":"\t\t<div data-elementor-type=\"wp-page\" data-elementor-id=\"49407\" class=\"elementor elementor-49407\" data-elementor-post-type=\"page\">\n\t\t\t\t\t\t<section class=\"elementor-section elementor-top-section elementor-element elementor-element-8295758 elementor-section-boxed elementor-section-height-default elementor-section-height-default sc_fly_static\" data-id=\"8295758\" data-element_type=\"section\" data-e-type=\"section\">\n\t\t\t\t\t\t<div class=\"elementor-container elementor-column-gap-extended\">\n\t\t\t\t\t<div class=\"elementor-column elementor-col-100 elementor-top-column elementor-element elementor-element-d1e4091 sc_content_align_inherit sc_layouts_column_icons_position_left sc_fly_static\" data-id=\"d1e4091\" data-element_type=\"column\" data-e-type=\"column\">\n\t\t\t<div class=\"elementor-widget-wrap elementor-element-populated\">\n\t\t\t\t\t\t<div class=\"elementor-element elementor-element-16aa6ac sc_fly_static elementor-widget elementor-widget-toggle\" data-id=\"16aa6ac\" data-element_type=\"widget\" data-e-type=\"widget\" data-widget_type=\"toggle.default\">\n\t\t\t\t<div class=\"elementor-widget-container\">\n\t\t\t\t\t\t\t<div class=\"elementor-toggle\">\n\t\t\t\t\t\t\t<div class=\"elementor-toggle-item\">\n\t\t\t\t\t<div id=\"elementor-tab-title-2371\" class=\"elementor-tab-title\" data-tab=\"1\" role=\"button\" aria-controls=\"elementor-tab-content-2371\" aria-expanded=\"false\">\n\t\t\t\t\t\t\t\t\t\t\t\t<span class=\"elementor-toggle-icon elementor-toggle-icon-left\" aria-hidden=\"true\">\n\t\t\t\t\t\t\t\t\t\t\t\t\t\t\t<span class=\"elementor-toggle-icon-closed\"><i class=\"fas fa-caret-right\"><\/i><\/span>\n\t\t\t\t\t\t\t\t<span class=\"elementor-toggle-icon-opened\"><i class=\"elementor-toggle-icon-opened fas fa-caret-up\"><\/i><\/span>\n\t\t\t\t\t\t\t\t\t\t\t\t\t<\/span>\n\t\t\t\t\t\t\t\t\t\t\t\t<a class=\"elementor-toggle-title\" tabindex=\"0\">Orari i ligjeratave dhe Ushtrimeve<\/a>\n\t\t\t\t\t<\/div>\n\n\t\t\t\t\t<div id=\"elementor-tab-content-2371\" class=\"elementor-tab-content elementor-clearfix\" data-tab=\"1\" role=\"region\" aria-labelledby=\"elementor-tab-title-2371\"><p><a href=\"https:\/\/unhz.eu\/fakulteti-juridik\/wp-content\/uploads\/sites\/9\/2025\/11\/ORARI-I-LIGJERATAVE-DHE-USHTRIMEVE-JURIDIK-I-PERGJITHESHEM-SEMESTRI-DIMRORE-2025-2026.pdf\">ORARI-I-LIGJERATAVE-DHE-USHTRIMEVE-JURIDIK-I-PERGJITHESHEM<\/a><\/p><p>[pdf-embedder url=&#8221;https:\/\/unhz.eu\/fakulteti-juridik\/wp-content\/uploads\/sites\/9\/2025\/11\/ORARI-I-LIGJERATAVE-DHE-USHTRIMEVE-JURIDIK-I-PERGJITHESHEM-SEMESTRI-DIMRORE-2025-2026.pdf&#8221; title=&#8221;ORARI I LIGJERATAVE DHE USHTRIMEVE &#8211; JURIDIK I PERGJITHESHEM &#8211; SEMESTRI DIMRORE 2025 -2026&#8243;]<\/p><\/div>\n\t\t\t\t<\/div>\n\t\t\t\t\t\t\t<div class=\"elementor-toggle-item\">\n\t\t\t\t\t<div id=\"elementor-tab-title-2372\" class=\"elementor-tab-title\" data-tab=\"2\" role=\"button\" aria-controls=\"elementor-tab-content-2372\" aria-expanded=\"false\">\n\t\t\t\t\t\t\t\t\t\t\t\t<span class=\"elementor-toggle-icon elementor-toggle-icon-left\" aria-hidden=\"true\">\n\t\t\t\t\t\t\t\t\t\t\t\t\t\t\t<span class=\"elementor-toggle-icon-closed\"><i class=\"fas fa-caret-right\"><\/i><\/span>\n\t\t\t\t\t\t\t\t<span class=\"elementor-toggle-icon-opened\"><i class=\"elementor-toggle-icon-opened fas fa-caret-up\"><\/i><\/span>\n\t\t\t\t\t\t\t\t\t\t\t\t\t<\/span>\n\t\t\t\t\t\t\t\t\t\t\t\t<a class=\"elementor-toggle-title\" tabindex=\"0\">Orari i provimeve<\/a>\n\t\t\t\t\t<\/div>\n\n\t\t\t\t\t<div id=\"elementor-tab-content-2372\" class=\"elementor-tab-content elementor-clearfix\" data-tab=\"2\" role=\"region\" aria-labelledby=\"elementor-tab-title-2372\"><p><a href=\"https:\/\/unhz.eu\/fakulteti-juridik\/wp-content\/uploads\/sites\/9\/2026\/01\/JURIDIK-I-PERGJITHSHEM-LLB-ORARI-I-PROVIMEVE-AFATI-I-JANARIT-SHKURTI-2026.pdf\">JURIDIK I P\u00cbRGJITHSH\u00cbM &#8211; LLB &#8211; ORARI I PROVIMEVE<\/a><\/p><\/div>\n\t\t\t\t<\/div>\n\t\t\t\t\t\t\t\t<\/div>\n\t\t\t\t\t\t<\/div>\n\t\t\t\t<\/div>\n\t\t\t\t\t<\/div>\n\t\t<\/div>\n\t\t\t\t\t<\/div>\n\t\t<\/section>\n\t\t\t\t<\/div>\n\t\t","protected":false},"excerpt":{"rendered":"<p>Orari i ligjeratave dhe Ushtrimeve ORARI-I-LIGJERATAVE-DHE-USHTRIMEVE-JURIDIK-I-PERGJITHESHEM [pdf-embedder url=&#8221;https:\/\/unhz.eu\/fakulteti-juridik\/wp-content\/uploads\/sites\/9\/2025\/11\/ORARI-I-LIGJERATAVE-DHE-USHTRIMEVE-JURIDIK-I-PERGJITHESHEM-SEMESTRI-DIMRORE-2025-2026.pdf&#8221; title=&#8221;ORARI I LIGJERATAVE DHE USHTRIMEVE &#8211; JURIDIK I PERGJITHESHEM &#8211; SEMESTRI DIMRORE 2025 -2026&#8243;] Orari i provimeve JURIDIK I P\u00cbRGJITHSH\u00cbM &#8211; LLB&hellip;<\/p>\n","protected":false},"author":1,"featured_media":0,"parent":0,"menu_order":0,"comment_status":"closed","ping_status":"closed","template":"","meta":{"footnotes":""},"class_list":["post-49407","page","type-page","status-publish","hentry"],"yoast_head":"<!-- This site is optimized with the Yoast SEO Premium plugin v27.2 (Yoast SEO v27.2) - https:\/\/yoast.com\/product\/yoast-seo-premium-wordpress\/ -->\n<title>Juridik i P\u00ebrgjithsh\u00ebm \u2013 Bachelor n\u00eb Fakultetin Juridik | UNHZ<\/title>\n<meta name=\"description\" content=\"Zbulo programin Juridik i P\u00ebrgjithsh\u00ebm \u2013 LLB n\u00eb Fakultetin Juridik t\u00eb Universitetit \u201cHaxhi Zeka\u201d: plan studimi, objektivat, dhe mund\u00ebsi p\u00ebr karrier\u00eb profesionale n\u00eb drejt\u00ebsi.\" \/>\n<meta name=\"robots\" content=\"index, follow, max-snippet:-1, max-image-preview:large, max-video-preview:-1\" \/>\n<link rel=\"canonical\" href=\"https:\/\/unhz.eu\/fakulteti-juridik\/juridik-i-pergjithshem\/\" \/>\n<meta property=\"og:locale\" content=\"sq_AL\" \/>\n<meta property=\"og:type\" content=\"article\" \/>\n<meta property=\"og:title\" content=\"Juridik i p\u00ebrgjithsh\u00ebm\" \/>\n<meta property=\"og:description\" content=\"Zbulo programin Juridik i P\u00ebrgjithsh\u00ebm \u2013 LLB n\u00eb Fakultetin Juridik t\u00eb Universitetit \u201cHaxhi Zeka\u201d: plan studimi, objektivat, dhe mund\u00ebsi p\u00ebr karrier\u00eb profesionale n\u00eb drejt\u00ebsi.\" \/>\n<meta property=\"og:url\" content=\"https:\/\/unhz.eu\/fakulteti-juridik\/juridik-i-pergjithshem\/\" \/>\n<meta property=\"og:site_name\" content=\"Fakulteti Juridik\" \/>\n<meta property=\"article:modified_time\" content=\"2026-02-06T13:52:07+00:00\" \/>\n<meta name=\"twitter:card\" content=\"summary_large_image\" \/>\n<meta name=\"twitter:label1\" content=\"Est. reading time\" \/>\n\t<meta name=\"twitter:data1\" content=\"1 minut\u00eb\" \/>\n<script type=\"application\/ld+json\" class=\"yoast-schema-graph\">{\"@context\":\"https:\/\/schema.org\",\"@graph\":[{\"@type\":\"WebPage\",\"@id\":\"https:\/\/unhz.eu\/fakulteti-juridik\/juridik-i-pergjithshem\/\",\"url\":\"https:\/\/unhz.eu\/fakulteti-juridik\/juridik-i-pergjithshem\/\",\"name\":\"Juridik i P\u00ebrgjithsh\u00ebm \u2013 Bachelor n\u00eb Fakultetin Juridik | UNHZ\",\"isPartOf\":{\"@id\":\"https:\/\/unhz.eu\/fakulteti-juridik\/#website\"},\"datePublished\":\"2025-01-16T14:20:50+00:00\",\"dateModified\":\"2026-02-06T13:52:07+00:00\",\"description\":\"Zbulo programin Juridik i P\u00ebrgjithsh\u00ebm \u2013 LLB n\u00eb Fakultetin Juridik t\u00eb Universitetit \u201cHaxhi Zeka\u201d: plan studimi, objektivat, dhe mund\u00ebsi p\u00ebr karrier\u00eb profesionale n\u00eb drejt\u00ebsi.\",\"breadcrumb\":{\"@id\":\"https:\/\/unhz.eu\/fakulteti-juridik\/juridik-i-pergjithshem\/#breadcrumb\"},\"inLanguage\":\"sq\",\"potentialAction\":[{\"@type\":\"ReadAction\",\"target\":[\"https:\/\/unhz.eu\/fakulteti-juridik\/juridik-i-pergjithshem\/\"]}]},{\"@type\":\"BreadcrumbList\",\"@id\":\"https:\/\/unhz.eu\/fakulteti-juridik\/juridik-i-pergjithshem\/#breadcrumb\",\"itemListElement\":[{\"@type\":\"ListItem\",\"position\":1,\"name\":\"Home\",\"item\":\"https:\/\/unhz.eu\/fakulteti-juridik\/\"},{\"@type\":\"ListItem\",\"position\":2,\"name\":\"Juridik i p\u00ebrgjithsh\u00ebm\"}]},{\"@type\":\"WebSite\",\"@id\":\"https:\/\/unhz.eu\/fakulteti-juridik\/#website\",\"url\":\"https:\/\/unhz.eu\/fakulteti-juridik\/\",\"name\":\"Fakulteti Juridik\",\"description\":\"I dedikuar p\u00ebr cil\u00ebsi standarde dhe suksese\",\"publisher\":{\"@id\":\"https:\/\/unhz.eu\/fakulteti-juridik\/#organization\"},\"potentialAction\":[{\"@type\":\"SearchAction\",\"target\":{\"@type\":\"EntryPoint\",\"urlTemplate\":\"https:\/\/unhz.eu\/fakulteti-juridik\/?s={search_term_string}\"},\"query-input\":{\"@type\":\"PropertyValueSpecification\",\"valueRequired\":true,\"valueName\":\"search_term_string\"}}],\"inLanguage\":\"sq\"},{\"@type\":\"Organization\",\"@id\":\"https:\/\/unhz.eu\/fakulteti-juridik\/#organization\",\"name\":\"Fakulteti Juridik\",\"url\":\"https:\/\/unhz.eu\/fakulteti-juridik\/\",\"logo\":{\"@type\":\"ImageObject\",\"inLanguage\":\"sq\",\"@id\":\"https:\/\/unhz.eu\/fakulteti-juridik\/#\/schema\/logo\/image\/\",\"url\":\"https:\/\/unhz.eu\/fakulteti-juridik\/wp-content\/uploads\/sites\/9\/2024\/02\/cropped-logo-1-1-e1713527702695.png\",\"contentUrl\":\"https:\/\/unhz.eu\/fakulteti-juridik\/wp-content\/uploads\/sites\/9\/2024\/02\/cropped-logo-1-1-e1713527702695.png\",\"width\":100,\"height\":100,\"caption\":\"Fakulteti Juridik\"},\"image\":{\"@id\":\"https:\/\/unhz.eu\/fakulteti-juridik\/#\/schema\/logo\/image\/\"}}]}<\/script>\n<!-- \/ Yoast SEO Premium plugin. -->","yoast_head_json":{"title":"Juridik i P\u00ebrgjithsh\u00ebm \u2013 Bachelor n\u00eb Fakultetin Juridik | UNHZ","description":"Zbulo programin Juridik i P\u00ebrgjithsh\u00ebm \u2013 LLB n\u00eb Fakultetin Juridik t\u00eb Universitetit \u201cHaxhi Zeka\u201d: plan studimi, objektivat, dhe mund\u00ebsi p\u00ebr karrier\u00eb profesionale n\u00eb drejt\u00ebsi.","robots":{"index":"index","follow":"follow","max-snippet":"max-snippet:-1","max-image-preview":"max-image-preview:large","max-video-preview":"max-video-preview:-1"},"canonical":"https:\/\/unhz.eu\/fakulteti-juridik\/juridik-i-pergjithshem\/","og_locale":"sq_AL","og_type":"article","og_title":"Juridik i p\u00ebrgjithsh\u00ebm","og_description":"Zbulo programin Juridik i P\u00ebrgjithsh\u00ebm \u2013 LLB n\u00eb Fakultetin Juridik t\u00eb Universitetit \u201cHaxhi Zeka\u201d: plan studimi, objektivat, dhe mund\u00ebsi p\u00ebr karrier\u00eb profesionale n\u00eb drejt\u00ebsi.","og_url":"https:\/\/unhz.eu\/fakulteti-juridik\/juridik-i-pergjithshem\/","og_site_name":"Fakulteti Juridik","article_modified_time":"2026-02-06T13:52:07+00:00","twitter_card":"summary_large_image","twitter_misc":{"Est. reading time":"1 minut\u00eb"},"schema":{"@context":"https:\/\/schema.org","@graph":[{"@type":"WebPage","@id":"https:\/\/unhz.eu\/fakulteti-juridik\/juridik-i-pergjithshem\/","url":"https:\/\/unhz.eu\/fakulteti-juridik\/juridik-i-pergjithshem\/","name":"Juridik i P\u00ebrgjithsh\u00ebm \u2013 Bachelor n\u00eb Fakultetin Juridik | UNHZ","isPartOf":{"@id":"https:\/\/unhz.eu\/fakulteti-juridik\/#website"},"datePublished":"2025-01-16T14:20:50+00:00","dateModified":"2026-02-06T13:52:07+00:00","description":"Zbulo programin Juridik i P\u00ebrgjithsh\u00ebm \u2013 LLB n\u00eb Fakultetin Juridik t\u00eb Universitetit \u201cHaxhi Zeka\u201d: plan studimi, objektivat, dhe mund\u00ebsi p\u00ebr karrier\u00eb profesionale n\u00eb drejt\u00ebsi.","breadcrumb":{"@id":"https:\/\/unhz.eu\/fakulteti-juridik\/juridik-i-pergjithshem\/#breadcrumb"},"inLanguage":"sq","potentialAction":[{"@type":"ReadAction","target":["https:\/\/unhz.eu\/fakulteti-juridik\/juridik-i-pergjithshem\/"]}]},{"@type":"BreadcrumbList","@id":"https:\/\/unhz.eu\/fakulteti-juridik\/juridik-i-pergjithshem\/#breadcrumb","itemListElement":[{"@type":"ListItem","position":1,"name":"Home","item":"https:\/\/unhz.eu\/fakulteti-juridik\/"},{"@type":"ListItem","position":2,"name":"Juridik i p\u00ebrgjithsh\u00ebm"}]},{"@type":"WebSite","@id":"https:\/\/unhz.eu\/fakulteti-juridik\/#website","url":"https:\/\/unhz.eu\/fakulteti-juridik\/","name":"Fakulteti Juridik","description":"I dedikuar p\u00ebr cil\u00ebsi standarde dhe suksese","publisher":{"@id":"https:\/\/unhz.eu\/fakulteti-juridik\/#organization"},"potentialAction":[{"@type":"SearchAction","target":{"@type":"EntryPoint","urlTemplate":"https:\/\/unhz.eu\/fakulteti-juridik\/?s={search_term_string}"},"query-input":{"@type":"PropertyValueSpecification","valueRequired":true,"valueName":"search_term_string"}}],"inLanguage":"sq"},{"@type":"Organization","@id":"https:\/\/unhz.eu\/fakulteti-juridik\/#organization","name":"Fakulteti Juridik","url":"https:\/\/unhz.eu\/fakulteti-juridik\/","logo":{"@type":"ImageObject","inLanguage":"sq","@id":"https:\/\/unhz.eu\/fakulteti-juridik\/#\/schema\/logo\/image\/","url":"https:\/\/unhz.eu\/fakulteti-juridik\/wp-content\/uploads\/sites\/9\/2024\/02\/cropped-logo-1-1-e1713527702695.png","contentUrl":"https:\/\/unhz.eu\/fakulteti-juridik\/wp-content\/uploads\/sites\/9\/2024\/02\/cropped-logo-1-1-e1713527702695.png","width":100,"height":100,"caption":"Fakulteti Juridik"},"image":{"@id":"https:\/\/unhz.eu\/fakulteti-juridik\/#\/schema\/logo\/image\/"}}]}},"_links":{"self":[{"href":"https:\/\/unhz.eu\/fakulteti-juridik\/wp-json\/wp\/v2\/pages\/49407","targetHints":{"allow":["GET"]}}],"collection":[{"href":"https:\/\/unhz.eu\/fakulteti-juridik\/wp-json\/wp\/v2\/pages"}],"about":[{"href":"https:\/\/unhz.eu\/fakulteti-juridik\/wp-json\/wp\/v2\/types\/page"}],"author":[{"embeddable":true,"href":"https:\/\/unhz.eu\/fakulteti-juridik\/wp-json\/wp\/v2\/users\/1"}],"replies":[{"embeddable":true,"href":"https:\/\/unhz.eu\/fakulteti-juridik\/wp-json\/wp\/v2\/comments?post=49407"}],"version-history":[{"count":5,"href":"https:\/\/unhz.eu\/fakulteti-juridik\/wp-json\/wp\/v2\/pages\/49407\/revisions"}],"predecessor-version":[{"id":51020,"href":"https:\/\/unhz.eu\/fakulteti-juridik\/wp-json\/wp\/v2\/pages\/49407\/revisions\/51020"}],"wp:attachment":[{"href":"https:\/\/unhz.eu\/fakulteti-juridik\/wp-json\/wp\/v2\/media?parent=49407"}],"curies":[{"name":"wp","href":"https:\/\/api.w.org\/{rel}","templated":true}]}}