{"id":22534,"date":"2024-04-30T11:07:22","date_gmt":"2024-04-30T11:07:22","guid":{"rendered":"https:\/\/unhz.eu\/fakulteti-juridik\/?page_id=22534"},"modified":"2026-02-06T15:58:52","modified_gmt":"2026-02-06T13:58:52","slug":"klinika-ligjore","status":"publish","type":"page","link":"https:\/\/unhz.eu\/fakulteti-juridik\/klinika-ligjore\/","title":{"rendered":"Klinika Ligjore"},"content":{"rendered":"\t\t<div data-elementor-type=\"wp-page\" data-elementor-id=\"22534\" class=\"elementor elementor-22534\" data-elementor-post-type=\"page\">\n\t\t\t\t\t\t<section class=\"elementor-section elementor-top-section elementor-element elementor-element-68c1f60 elementor-section-boxed elementor-section-height-default elementor-section-height-default sc_fly_static\" data-id=\"68c1f60\" data-element_type=\"section\" data-e-type=\"section\">\n\t\t\t\t\t\t<div class=\"elementor-container elementor-column-gap-extended\">\n\t\t\t\t\t<div class=\"elementor-column elementor-col-100 elementor-top-column elementor-element elementor-element-ff5a0e9 sc_content_align_inherit sc_layouts_column_icons_position_left sc_fly_static\" data-id=\"ff5a0e9\" data-element_type=\"column\" data-e-type=\"column\">\n\t\t\t<div class=\"elementor-widget-wrap elementor-element-populated\">\n\t\t\t\t\t\t\t<\/div>\n\t\t<\/div>\n\t\t\t\t\t<\/div>\n\t\t<\/section>\n\t\t\t\t<section class=\"elementor-section elementor-top-section elementor-element elementor-element-7e7f581 elementor-section-boxed elementor-section-height-default elementor-section-height-default sc_fly_static\" data-id=\"7e7f581\" data-element_type=\"section\" data-e-type=\"section\">\n\t\t\t\t\t\t<div class=\"elementor-container elementor-column-gap-extended\">\n\t\t\t\t\t<div class=\"elementor-column elementor-col-100 elementor-top-column elementor-element elementor-element-6cf9dcd sc_content_align_inherit sc_layouts_column_icons_position_left sc_fly_static\" data-id=\"6cf9dcd\" data-element_type=\"column\" data-e-type=\"column\">\n\t\t\t<div class=\"elementor-widget-wrap elementor-element-populated\">\n\t\t\t\t\t\t<div class=\"elementor-element elementor-element-ad449aa sc_fly_static elementor-widget elementor-widget-text-editor\" data-id=\"ad449aa\" data-element_type=\"widget\" data-e-type=\"widget\" data-widget_type=\"text-editor.default\">\n\t\t\t\t<div class=\"elementor-widget-container\">\n\t\t\t\t\t\t\t\t\t<p>Fakulteti Juridik i Universitetit \u201cHaxhi Zeka\u201d n\u00eb Pej\u00eb (UHZ) i p\u00ebrkrahur nga Komisioni Evropian p\u00ebrmes Projekti Erasmus+ \u2018\u2019<em>Klinikat ligjore n\u00eb sh\u00ebrbim t\u00eb grupeve t\u00eb cenueshme: rritja e pun\u00ebsueshm\u00ebris\u00eb s\u00eb student\u00ebve t\u00eb drejt\u00ebsis\u00eb p\u00ebrmes arsimit praktik (ENEMLOS)<\/em>\u2019\u2019 ka themeluar Klinik\u00ebn Ligjore Reale. Q\u00ebllimi i Klinik\u00ebs Ligjore Reale \u00ebsht\u00eb i dyfisht\u00eb:<\/p><ol start=\"1\" type=\"1\"><li>Sigurimi dhe p\u00ebrmir\u00ebsimi i pun\u00ebsimit t\u00eb student\u00ebve t\u00eb diplomuar t\u00eb drejt\u00ebsis\u00eb, p\u00ebrmes zbatimit t\u00eb metodave m\u00eb t\u00eb p\u00ebrparuara t\u00eb m\u00ebsimdh\u00ebnies si\u00e7 jan\u00eb klinikat ligjore reale \u2013 puna praktile p\u00ebrmes kontaktit t\u00eb drejtp\u00ebrdrejt\u00eb me klient\u00ebt.<\/li><\/ol><ol start=\"2\" type=\"1\"><li>Mund\u00ebsimi i klient\u00ebve t\u00eb komunitetit t\u00eb cenuesh\u00ebm p\u00ebr t\u00eb mbrojtur t\u00eb drejtat e tyre duke pranuar ndihme juridike falas nga student\u00ebt e Fakultetit Juridik pran\u00eb UHZ-s\u00eb.<\/li><\/ol>\t\t\t\t\t\t\t\t<\/div>\n\t\t\t\t<\/div>\n\t\t\t\t\t<\/div>\n\t\t<\/div>\n\t\t\t\t\t<\/div>\n\t\t<\/section>\n\t\t\t\t<section class=\"elementor-section elementor-top-section elementor-element elementor-element-faf04f2 elementor-section-boxed elementor-section-height-default elementor-section-height-default sc_fly_static\" data-id=\"faf04f2\" data-element_type=\"section\" data-e-type=\"section\">\n\t\t\t\t\t\t<div class=\"elementor-container elementor-column-gap-extended\">\n\t\t\t\t\t<div class=\"elementor-column elementor-col-100 elementor-top-column elementor-element elementor-element-fbc06fc sc_content_align_inherit sc_layouts_column_icons_position_left sc_fly_static\" data-id=\"fbc06fc\" data-element_type=\"column\" data-e-type=\"column\">\n\t\t\t<div class=\"elementor-widget-wrap elementor-element-populated\">\n\t\t\t\t\t\t<div class=\"elementor-element elementor-element-f4bde8d sc_fly_static elementor-widget elementor-widget-image\" data-id=\"f4bde8d\" data-element_type=\"widget\" data-e-type=\"widget\" data-widget_type=\"image.default\">\n\t\t\t\t<div class=\"elementor-widget-container\">\n\t\t\t\t\t\t\t\t\t\t\t\t\t\t\t<img fetchpriority=\"high\" decoding=\"async\" width=\"764\" height=\"427\" src=\"https:\/\/unhz.eu\/fakulteti-juridik\/wp-content\/uploads\/sites\/9\/2024\/04\/image-3.png\" class=\"attachment-large size-large wp-image-22536\" alt=\"\" srcset=\"https:\/\/unhz.eu\/fakulteti-juridik\/wp-content\/uploads\/sites\/9\/2024\/04\/image-3.png 764w, https:\/\/unhz.eu\/fakulteti-juridik\/wp-content\/uploads\/sites\/9\/2024\/04\/image-3-300x168.png 300w, https:\/\/unhz.eu\/fakulteti-juridik\/wp-content\/uploads\/sites\/9\/2024\/04\/image-3-370x207.png 370w, https:\/\/unhz.eu\/fakulteti-juridik\/wp-content\/uploads\/sites\/9\/2024\/04\/image-3-410x229.png 410w, https:\/\/unhz.eu\/fakulteti-juridik\/wp-content\/uploads\/sites\/9\/2024\/04\/image-3-270x152.png 270w\" sizes=\"(max-width: 764px) 100vw, 764px\" \/>\t\t\t\t\t\t\t\t\t\t\t\t\t\t\t<\/div>\n\t\t\t\t<\/div>\n\t\t\t\t\t<\/div>\n\t\t<\/div>\n\t\t\t\t\t<\/div>\n\t\t<\/section>\n\t\t\t\t<section class=\"elementor-section elementor-top-section elementor-element elementor-element-c674c87 elementor-section-boxed elementor-section-height-default elementor-section-height-default sc_fly_static\" data-id=\"c674c87\" data-element_type=\"section\" data-e-type=\"section\">\n\t\t\t\t\t\t<div class=\"elementor-container elementor-column-gap-extended\">\n\t\t\t\t\t<div class=\"elementor-column elementor-col-100 elementor-top-column elementor-element elementor-element-efc8b0e sc_content_align_inherit sc_layouts_column_icons_position_left sc_fly_static\" data-id=\"efc8b0e\" data-element_type=\"column\" data-e-type=\"column\">\n\t\t\t<div class=\"elementor-widget-wrap elementor-element-populated\">\n\t\t\t\t\t\t<div class=\"elementor-element elementor-element-d548593 sc_fly_static elementor-widget elementor-widget-text-editor\" data-id=\"d548593\" data-element_type=\"widget\" data-e-type=\"widget\" data-widget_type=\"text-editor.default\">\n\t\t\t\t<div class=\"elementor-widget-container\">\n\t\t\t\t\t\t\t\t\t<p><strong>Informata Faktike\u00a0:<\/strong><\/p><ul><li>Themeluar n\u00eb Maj 2022 si nj\u00ebra nga Klinkat Ligjore t\u00eb para n\u00eb Kosov\u00eb\u00a0;<\/li><li>20 student\u00ebt t\u00eb angazhuar p\u00ebr vit akademik<\/li><li>5 mbik\u00ebqyr\u00ebs<\/li><li>Struktur\u00eb e Fakultetit Juridik<\/li><li>Kat\u00eb sektore:<\/li><\/ul><p>\u00a0\u00a0\u00a0\u00a0\u00a0\u00a0\u00a0\u00a0\u00a0\u00a0\u00a0 a) Sektori i Drejt\u00ebs Civile<\/p><p>\u00a0\u00a0\u00a0\u00a0\u00a0\u00a0\u00a0\u00a0\u00a0\u00a0\u00a0 b) Sektori i Drejt\u00ebs Penale<\/p><p>\u00a0\u00a0\u00a0\u00a0\u00a0\u00a0\u00a0\u00a0\u00a0\u00a0\u00a0 c) Sektori i Drejt\u00ebs s\u00eb Pun\u00ebs<\/p><p>\u00a0\u00a0\u00a0\u00a0\u00a0\u00a0\u00a0\u00a0\u00a0\u00a0\u00a0 d) Sektori i Drejtave t\u00eb Njeriut<\/p><ul><li><strong>Sh\u00ebnim<\/strong>: stafi i Fakultetit Juridik s\u00eb bashku me student\u00ebt e klinik\u00ebs ligjore jan\u00eb duke punuar n\u00eb krijimin e sektorit t\u00eb \u2018\u2019Street Law\u2019\u2019<\/li><\/ul>\t\t\t\t\t\t\t\t<\/div>\n\t\t\t\t<\/div>\n\t\t\t\t\t<\/div>\n\t\t<\/div>\n\t\t\t\t\t<\/div>\n\t\t<\/section>\n\t\t\t\t<\/div>\n\t\t","protected":false},"excerpt":{"rendered":"<p>Fakulteti Juridik i Universitetit \u201cHaxhi Zeka\u201d n\u00eb Pej\u00eb (UHZ) i p\u00ebrkrahur nga Komisioni Evropian p\u00ebrmes Projekti Erasmus+ \u2018\u2019Klinikat ligjore n\u00eb sh\u00ebrbim t\u00eb grupeve t\u00eb cenueshme: rritja e pun\u00ebsueshm\u00ebris\u00eb s\u00eb student\u00ebve&hellip;<\/p>\n","protected":false},"author":1,"featured_media":0,"parent":0,"menu_order":0,"comment_status":"closed","ping_status":"closed","template":"","meta":{"footnotes":""},"class_list":["post-22534","page","type-page","status-publish","hentry"],"yoast_head":"<!-- This site is optimized with the Yoast SEO Premium plugin v27.2 (Yoast SEO v27.2) - https:\/\/yoast.com\/product\/yoast-seo-premium-wordpress\/ -->\n<title>Klinika Ligjore \u2013 Praktik\u00eb Juridike &amp; Ndihm\u00eb Falas | Fakulteti Juridik<\/title>\n<meta name=\"description\" content=\"Zbulo Klinika Ligjore t\u00eb Fakultetit Juridik t\u00eb Universitetit \u201cHaxhi Zeka\u201d: program praktik p\u00ebr student\u00eb, pun\u00eb me raste reale dhe ndihm\u00eb juridike falas p\u00ebr komunitetin.\" \/>\n<meta name=\"robots\" content=\"index, follow, max-snippet:-1, max-image-preview:large, max-video-preview:-1\" \/>\n<link rel=\"canonical\" href=\"https:\/\/unhz.eu\/fakulteti-juridik\/klinika-ligjore\/\" \/>\n<meta property=\"og:locale\" content=\"sq_AL\" \/>\n<meta property=\"og:type\" content=\"article\" \/>\n<meta property=\"og:title\" content=\"Klinika Ligjore\" \/>\n<meta property=\"og:description\" content=\"Zbulo Klinika Ligjore t\u00eb Fakultetit Juridik t\u00eb Universitetit \u201cHaxhi Zeka\u201d: program praktik p\u00ebr student\u00eb, pun\u00eb me raste reale dhe ndihm\u00eb juridike falas p\u00ebr komunitetin.\" \/>\n<meta property=\"og:url\" content=\"https:\/\/unhz.eu\/fakulteti-juridik\/klinika-ligjore\/\" \/>\n<meta property=\"og:site_name\" content=\"Fakulteti Juridik\" \/>\n<meta property=\"article:modified_time\" content=\"2026-02-06T13:58:52+00:00\" \/>\n<meta property=\"og:image\" content=\"https:\/\/unhz.eu\/fakulteti-juridik\/wp-content\/uploads\/sites\/9\/2024\/04\/image-3.png\" \/>\n<meta name=\"twitter:card\" content=\"summary_large_image\" \/>\n<meta name=\"twitter:label1\" content=\"Est. reading time\" \/>\n\t<meta name=\"twitter:data1\" content=\"2 minuta\" \/>\n<script type=\"application\/ld+json\" class=\"yoast-schema-graph\">{\"@context\":\"https:\/\/schema.org\",\"@graph\":[{\"@type\":\"WebPage\",\"@id\":\"https:\/\/unhz.eu\/fakulteti-juridik\/klinika-ligjore\/\",\"url\":\"https:\/\/unhz.eu\/fakulteti-juridik\/klinika-ligjore\/\",\"name\":\"Klinika Ligjore \u2013 Praktik\u00eb Juridike & Ndihm\u00eb Falas | Fakulteti Juridik\",\"isPartOf\":{\"@id\":\"https:\/\/unhz.eu\/fakulteti-juridik\/#website\"},\"primaryImageOfPage\":{\"@id\":\"https:\/\/unhz.eu\/fakulteti-juridik\/klinika-ligjore\/#primaryimage\"},\"image\":{\"@id\":\"https:\/\/unhz.eu\/fakulteti-juridik\/klinika-ligjore\/#primaryimage\"},\"thumbnailUrl\":\"https:\/\/unhz.eu\/fakulteti-juridik\/wp-content\/uploads\/sites\/9\/2024\/04\/image-3.png\",\"datePublished\":\"2024-04-30T11:07:22+00:00\",\"dateModified\":\"2026-02-06T13:58:52+00:00\",\"description\":\"Zbulo Klinika Ligjore t\u00eb Fakultetit Juridik t\u00eb Universitetit \u201cHaxhi Zeka\u201d: program praktik p\u00ebr student\u00eb, pun\u00eb me raste reale dhe ndihm\u00eb juridike falas p\u00ebr komunitetin.\",\"breadcrumb\":{\"@id\":\"https:\/\/unhz.eu\/fakulteti-juridik\/klinika-ligjore\/#breadcrumb\"},\"inLanguage\":\"sq\",\"potentialAction\":[{\"@type\":\"ReadAction\",\"target\":[\"https:\/\/unhz.eu\/fakulteti-juridik\/klinika-ligjore\/\"]}]},{\"@type\":\"ImageObject\",\"inLanguage\":\"sq\",\"@id\":\"https:\/\/unhz.eu\/fakulteti-juridik\/klinika-ligjore\/#primaryimage\",\"url\":\"https:\/\/unhz.eu\/fakulteti-juridik\/wp-content\/uploads\/sites\/9\/2024\/04\/image-3.png\",\"contentUrl\":\"https:\/\/unhz.eu\/fakulteti-juridik\/wp-content\/uploads\/sites\/9\/2024\/04\/image-3.png\",\"width\":764,\"height\":427},{\"@type\":\"BreadcrumbList\",\"@id\":\"https:\/\/unhz.eu\/fakulteti-juridik\/klinika-ligjore\/#breadcrumb\",\"itemListElement\":[{\"@type\":\"ListItem\",\"position\":1,\"name\":\"Home\",\"item\":\"https:\/\/unhz.eu\/fakulteti-juridik\/\"},{\"@type\":\"ListItem\",\"position\":2,\"name\":\"Klinika Ligjore\"}]},{\"@type\":\"WebSite\",\"@id\":\"https:\/\/unhz.eu\/fakulteti-juridik\/#website\",\"url\":\"https:\/\/unhz.eu\/fakulteti-juridik\/\",\"name\":\"Fakulteti Juridik\",\"description\":\"I dedikuar p\u00ebr cil\u00ebsi standarde dhe suksese\",\"publisher\":{\"@id\":\"https:\/\/unhz.eu\/fakulteti-juridik\/#organization\"},\"potentialAction\":[{\"@type\":\"SearchAction\",\"target\":{\"@type\":\"EntryPoint\",\"urlTemplate\":\"https:\/\/unhz.eu\/fakulteti-juridik\/?s={search_term_string}\"},\"query-input\":{\"@type\":\"PropertyValueSpecification\",\"valueRequired\":true,\"valueName\":\"search_term_string\"}}],\"inLanguage\":\"sq\"},{\"@type\":\"Organization\",\"@id\":\"https:\/\/unhz.eu\/fakulteti-juridik\/#organization\",\"name\":\"Fakulteti Juridik\",\"url\":\"https:\/\/unhz.eu\/fakulteti-juridik\/\",\"logo\":{\"@type\":\"ImageObject\",\"inLanguage\":\"sq\",\"@id\":\"https:\/\/unhz.eu\/fakulteti-juridik\/#\/schema\/logo\/image\/\",\"url\":\"https:\/\/unhz.eu\/fakulteti-juridik\/wp-content\/uploads\/sites\/9\/2024\/02\/cropped-logo-1-1-e1713527702695.png\",\"contentUrl\":\"https:\/\/unhz.eu\/fakulteti-juridik\/wp-content\/uploads\/sites\/9\/2024\/02\/cropped-logo-1-1-e1713527702695.png\",\"width\":100,\"height\":100,\"caption\":\"Fakulteti Juridik\"},\"image\":{\"@id\":\"https:\/\/unhz.eu\/fakulteti-juridik\/#\/schema\/logo\/image\/\"}}]}<\/script>\n<!-- \/ Yoast SEO Premium plugin. -->","yoast_head_json":{"title":"Klinika Ligjore \u2013 Praktik\u00eb Juridike & Ndihm\u00eb Falas | Fakulteti Juridik","description":"Zbulo Klinika Ligjore t\u00eb Fakultetit Juridik t\u00eb Universitetit \u201cHaxhi Zeka\u201d: program praktik p\u00ebr student\u00eb, pun\u00eb me raste reale dhe ndihm\u00eb juridike falas p\u00ebr komunitetin.","robots":{"index":"index","follow":"follow","max-snippet":"max-snippet:-1","max-image-preview":"max-image-preview:large","max-video-preview":"max-video-preview:-1"},"canonical":"https:\/\/unhz.eu\/fakulteti-juridik\/klinika-ligjore\/","og_locale":"sq_AL","og_type":"article","og_title":"Klinika Ligjore","og_description":"Zbulo Klinika Ligjore t\u00eb Fakultetit Juridik t\u00eb Universitetit \u201cHaxhi Zeka\u201d: program praktik p\u00ebr student\u00eb, pun\u00eb me raste reale dhe ndihm\u00eb juridike falas p\u00ebr komunitetin.","og_url":"https:\/\/unhz.eu\/fakulteti-juridik\/klinika-ligjore\/","og_site_name":"Fakulteti Juridik","article_modified_time":"2026-02-06T13:58:52+00:00","og_image":[{"url":"https:\/\/unhz.eu\/fakulteti-juridik\/wp-content\/uploads\/sites\/9\/2024\/04\/image-3.png","type":"","width":"","height":""}],"twitter_card":"summary_large_image","twitter_misc":{"Est. reading time":"2 minuta"},"schema":{"@context":"https:\/\/schema.org","@graph":[{"@type":"WebPage","@id":"https:\/\/unhz.eu\/fakulteti-juridik\/klinika-ligjore\/","url":"https:\/\/unhz.eu\/fakulteti-juridik\/klinika-ligjore\/","name":"Klinika Ligjore \u2013 Praktik\u00eb Juridike & Ndihm\u00eb Falas | Fakulteti Juridik","isPartOf":{"@id":"https:\/\/unhz.eu\/fakulteti-juridik\/#website"},"primaryImageOfPage":{"@id":"https:\/\/unhz.eu\/fakulteti-juridik\/klinika-ligjore\/#primaryimage"},"image":{"@id":"https:\/\/unhz.eu\/fakulteti-juridik\/klinika-ligjore\/#primaryimage"},"thumbnailUrl":"https:\/\/unhz.eu\/fakulteti-juridik\/wp-content\/uploads\/sites\/9\/2024\/04\/image-3.png","datePublished":"2024-04-30T11:07:22+00:00","dateModified":"2026-02-06T13:58:52+00:00","description":"Zbulo Klinika Ligjore t\u00eb Fakultetit Juridik t\u00eb Universitetit \u201cHaxhi Zeka\u201d: program praktik p\u00ebr student\u00eb, pun\u00eb me raste reale dhe ndihm\u00eb juridike falas p\u00ebr komunitetin.","breadcrumb":{"@id":"https:\/\/unhz.eu\/fakulteti-juridik\/klinika-ligjore\/#breadcrumb"},"inLanguage":"sq","potentialAction":[{"@type":"ReadAction","target":["https:\/\/unhz.eu\/fakulteti-juridik\/klinika-ligjore\/"]}]},{"@type":"ImageObject","inLanguage":"sq","@id":"https:\/\/unhz.eu\/fakulteti-juridik\/klinika-ligjore\/#primaryimage","url":"https:\/\/unhz.eu\/fakulteti-juridik\/wp-content\/uploads\/sites\/9\/2024\/04\/image-3.png","contentUrl":"https:\/\/unhz.eu\/fakulteti-juridik\/wp-content\/uploads\/sites\/9\/2024\/04\/image-3.png","width":764,"height":427},{"@type":"BreadcrumbList","@id":"https:\/\/unhz.eu\/fakulteti-juridik\/klinika-ligjore\/#breadcrumb","itemListElement":[{"@type":"ListItem","position":1,"name":"Home","item":"https:\/\/unhz.eu\/fakulteti-juridik\/"},{"@type":"ListItem","position":2,"name":"Klinika Ligjore"}]},{"@type":"WebSite","@id":"https:\/\/unhz.eu\/fakulteti-juridik\/#website","url":"https:\/\/unhz.eu\/fakulteti-juridik\/","name":"Fakulteti Juridik","description":"I dedikuar p\u00ebr cil\u00ebsi standarde dhe suksese","publisher":{"@id":"https:\/\/unhz.eu\/fakulteti-juridik\/#organization"},"potentialAction":[{"@type":"SearchAction","target":{"@type":"EntryPoint","urlTemplate":"https:\/\/unhz.eu\/fakulteti-juridik\/?s={search_term_string}"},"query-input":{"@type":"PropertyValueSpecification","valueRequired":true,"valueName":"search_term_string"}}],"inLanguage":"sq"},{"@type":"Organization","@id":"https:\/\/unhz.eu\/fakulteti-juridik\/#organization","name":"Fakulteti Juridik","url":"https:\/\/unhz.eu\/fakulteti-juridik\/","logo":{"@type":"ImageObject","inLanguage":"sq","@id":"https:\/\/unhz.eu\/fakulteti-juridik\/#\/schema\/logo\/image\/","url":"https:\/\/unhz.eu\/fakulteti-juridik\/wp-content\/uploads\/sites\/9\/2024\/02\/cropped-logo-1-1-e1713527702695.png","contentUrl":"https:\/\/unhz.eu\/fakulteti-juridik\/wp-content\/uploads\/sites\/9\/2024\/02\/cropped-logo-1-1-e1713527702695.png","width":100,"height":100,"caption":"Fakulteti Juridik"},"image":{"@id":"https:\/\/unhz.eu\/fakulteti-juridik\/#\/schema\/logo\/image\/"}}]}},"_links":{"self":[{"href":"https:\/\/unhz.eu\/fakulteti-juridik\/wp-json\/wp\/v2\/pages\/22534","targetHints":{"allow":["GET"]}}],"collection":[{"href":"https:\/\/unhz.eu\/fakulteti-juridik\/wp-json\/wp\/v2\/pages"}],"about":[{"href":"https:\/\/unhz.eu\/fakulteti-juridik\/wp-json\/wp\/v2\/types\/page"}],"author":[{"embeddable":true,"href":"https:\/\/unhz.eu\/fakulteti-juridik\/wp-json\/wp\/v2\/users\/1"}],"replies":[{"embeddable":true,"href":"https:\/\/unhz.eu\/fakulteti-juridik\/wp-json\/wp\/v2\/comments?post=22534"}],"version-history":[{"count":1,"href":"https:\/\/unhz.eu\/fakulteti-juridik\/wp-json\/wp\/v2\/pages\/22534\/revisions"}],"predecessor-version":[{"id":51026,"href":"https:\/\/unhz.eu\/fakulteti-juridik\/wp-json\/wp\/v2\/pages\/22534\/revisions\/51026"}],"wp:attachment":[{"href":"https:\/\/unhz.eu\/fakulteti-juridik\/wp-json\/wp\/v2\/media?parent=22534"}],"curies":[{"name":"wp","href":"https:\/\/api.w.org\/{rel}","templated":true}]}}