{"id":21623,"date":"2024-02-29T14:34:11","date_gmt":"2024-02-29T14:34:11","guid":{"rendered":"http:\/\/unhz.local\/fakulteti-i-biznesit\/?page_id=21623"},"modified":"2026-02-06T16:14:15","modified_gmt":"2026-02-06T14:14:15","slug":"statistikat-e-studenteve","status":"publish","type":"page","link":"https:\/\/unhz.eu\/fakulteti-juridik\/statistikat-e-studenteve\/","title":{"rendered":"Statistikat e student\u00ebve"},"content":{"rendered":"\t\t<div data-elementor-type=\"wp-page\" data-elementor-id=\"21623\" class=\"elementor elementor-21623\" data-elementor-post-type=\"page\">\n\t\t\t\t\t\t<section class=\"elementor-section elementor-top-section elementor-element elementor-element-58917725 elementor-section-boxed elementor-section-height-default elementor-section-height-default sc_fly_static\" data-id=\"58917725\" data-element_type=\"section\" data-e-type=\"section\">\n\t\t\t\t\t\t<div class=\"elementor-container elementor-column-gap-extended\">\n\t\t\t\t\t<div class=\"elementor-column elementor-col-100 elementor-top-column elementor-element elementor-element-cf1e864 sc_content_align_inherit sc_layouts_column_icons_position_left sc_fly_static\" data-id=\"cf1e864\" data-element_type=\"column\" data-e-type=\"column\">\n\t\t\t<div class=\"elementor-widget-wrap elementor-element-populated\">\n\t\t\t\t\t\t<div class=\"elementor-element elementor-element-f105f20 sc_fly_static elementor-widget elementor-widget-heading\" data-id=\"f105f20\" data-element_type=\"widget\" data-e-type=\"widget\" data-widget_type=\"heading.default\">\n\t\t\t\t<div class=\"elementor-widget-container\">\n\t\t\t\t\t<h2 class=\"elementor-heading-title elementor-size-default\">Statistikat e student\u00ebve<\/h2>\t\t\t\t<\/div>\n\t\t\t\t<\/div>\n\t\t\t\t<div class=\"elementor-element elementor-element-0433414 sc_fly_static elementor-widget elementor-widget-spacer\" data-id=\"0433414\" data-element_type=\"widget\" data-e-type=\"widget\" data-widget_type=\"spacer.default\">\n\t\t\t\t<div class=\"elementor-widget-container\">\n\t\t\t\t\t\t\t<div class=\"elementor-spacer\">\n\t\t\t<div class=\"elementor-spacer-inner\"><\/div>\n\t\t<\/div>\n\t\t\t\t\t\t<\/div>\n\t\t\t\t<\/div>\n\t\t\t\t\t<\/div>\n\t\t<\/div>\n\t\t\t\t\t<\/div>\n\t\t<\/section>\n\t\t\t\t<\/div>\n\t\t","protected":false},"excerpt":{"rendered":"","protected":false},"author":1,"featured_media":0,"parent":0,"menu_order":0,"comment_status":"closed","ping_status":"closed","template":"","meta":{"footnotes":""},"class_list":["post-21623","page","type-page","status-publish","hentry"],"yoast_head":"<!-- This site is optimized with the Yoast SEO Premium plugin v27.2 (Yoast SEO v27.2) - https:\/\/yoast.com\/product\/yoast-seo-premium-wordpress\/ -->\n<title>Statistikat e student\u00ebve \u2013 Fakulteti Juridik | UNHZ<\/title>\n<meta name=\"description\" content=\"Shiko statistikat e student\u00ebve t\u00eb Fakultetit Juridik t\u00eb Universitetit \u201cHaxhi Zeka\u201d: numri sipas gjinis\u00eb, totalit dhe diplomimeve p\u00ebr periudh\u00ebn e fundit t\u00eb regjistruar.\" \/>\n<meta name=\"robots\" content=\"index, follow, max-snippet:-1, max-image-preview:large, max-video-preview:-1\" \/>\n<link rel=\"canonical\" href=\"https:\/\/unhz.eu\/fakulteti-juridik\/statistikat-e-studenteve\/\" \/>\n<meta property=\"og:locale\" content=\"sq_AL\" \/>\n<meta property=\"og:type\" content=\"article\" \/>\n<meta property=\"og:title\" content=\"Statistikat e student\u00ebve\" \/>\n<meta property=\"og:description\" content=\"Shiko statistikat e student\u00ebve t\u00eb Fakultetit Juridik t\u00eb Universitetit \u201cHaxhi Zeka\u201d: numri sipas gjinis\u00eb, totalit dhe diplomimeve p\u00ebr periudh\u00ebn e fundit t\u00eb regjistruar.\" \/>\n<meta property=\"og:url\" content=\"https:\/\/unhz.eu\/fakulteti-juridik\/statistikat-e-studenteve\/\" \/>\n<meta property=\"og:site_name\" content=\"Fakulteti Juridik\" \/>\n<meta property=\"article:modified_time\" content=\"2026-02-06T14:14:15+00:00\" \/>\n<meta name=\"twitter:card\" content=\"summary_large_image\" \/>\n<script type=\"application\/ld+json\" class=\"yoast-schema-graph\">{\"@context\":\"https:\/\/schema.org\",\"@graph\":[{\"@type\":\"WebPage\",\"@id\":\"https:\/\/unhz.eu\/fakulteti-juridik\/statistikat-e-studenteve\/\",\"url\":\"https:\/\/unhz.eu\/fakulteti-juridik\/statistikat-e-studenteve\/\",\"name\":\"Statistikat e student\u00ebve \u2013 Fakulteti Juridik | UNHZ\",\"isPartOf\":{\"@id\":\"https:\/\/unhz.eu\/fakulteti-juridik\/#website\"},\"datePublished\":\"2024-02-29T14:34:11+00:00\",\"dateModified\":\"2026-02-06T14:14:15+00:00\",\"description\":\"Shiko statistikat e student\u00ebve t\u00eb Fakultetit Juridik t\u00eb Universitetit \u201cHaxhi Zeka\u201d: numri sipas gjinis\u00eb, totalit dhe diplomimeve p\u00ebr periudh\u00ebn e fundit t\u00eb regjistruar.\",\"breadcrumb\":{\"@id\":\"https:\/\/unhz.eu\/fakulteti-juridik\/statistikat-e-studenteve\/#breadcrumb\"},\"inLanguage\":\"sq\",\"potentialAction\":[{\"@type\":\"ReadAction\",\"target\":[\"https:\/\/unhz.eu\/fakulteti-juridik\/statistikat-e-studenteve\/\"]}]},{\"@type\":\"BreadcrumbList\",\"@id\":\"https:\/\/unhz.eu\/fakulteti-juridik\/statistikat-e-studenteve\/#breadcrumb\",\"itemListElement\":[{\"@type\":\"ListItem\",\"position\":1,\"name\":\"Home\",\"item\":\"https:\/\/unhz.eu\/fakulteti-juridik\/\"},{\"@type\":\"ListItem\",\"position\":2,\"name\":\"Statistikat e student\u00ebve\"}]},{\"@type\":\"WebSite\",\"@id\":\"https:\/\/unhz.eu\/fakulteti-juridik\/#website\",\"url\":\"https:\/\/unhz.eu\/fakulteti-juridik\/\",\"name\":\"Fakulteti Juridik\",\"description\":\"I dedikuar p\u00ebr cil\u00ebsi standarde dhe suksese\",\"publisher\":{\"@id\":\"https:\/\/unhz.eu\/fakulteti-juridik\/#organization\"},\"potentialAction\":[{\"@type\":\"SearchAction\",\"target\":{\"@type\":\"EntryPoint\",\"urlTemplate\":\"https:\/\/unhz.eu\/fakulteti-juridik\/?s={search_term_string}\"},\"query-input\":{\"@type\":\"PropertyValueSpecification\",\"valueRequired\":true,\"valueName\":\"search_term_string\"}}],\"inLanguage\":\"sq\"},{\"@type\":\"Organization\",\"@id\":\"https:\/\/unhz.eu\/fakulteti-juridik\/#organization\",\"name\":\"Fakulteti Juridik\",\"url\":\"https:\/\/unhz.eu\/fakulteti-juridik\/\",\"logo\":{\"@type\":\"ImageObject\",\"inLanguage\":\"sq\",\"@id\":\"https:\/\/unhz.eu\/fakulteti-juridik\/#\/schema\/logo\/image\/\",\"url\":\"https:\/\/unhz.eu\/fakulteti-juridik\/wp-content\/uploads\/sites\/9\/2024\/02\/cropped-logo-1-1-e1713527702695.png\",\"contentUrl\":\"https:\/\/unhz.eu\/fakulteti-juridik\/wp-content\/uploads\/sites\/9\/2024\/02\/cropped-logo-1-1-e1713527702695.png\",\"width\":100,\"height\":100,\"caption\":\"Fakulteti Juridik\"},\"image\":{\"@id\":\"https:\/\/unhz.eu\/fakulteti-juridik\/#\/schema\/logo\/image\/\"}}]}<\/script>\n<!-- \/ Yoast SEO Premium plugin. -->","yoast_head_json":{"title":"Statistikat e student\u00ebve \u2013 Fakulteti Juridik | UNHZ","description":"Shiko statistikat e student\u00ebve t\u00eb Fakultetit Juridik t\u00eb Universitetit \u201cHaxhi Zeka\u201d: numri sipas gjinis\u00eb, totalit dhe diplomimeve p\u00ebr periudh\u00ebn e fundit t\u00eb regjistruar.","robots":{"index":"index","follow":"follow","max-snippet":"max-snippet:-1","max-image-preview":"max-image-preview:large","max-video-preview":"max-video-preview:-1"},"canonical":"https:\/\/unhz.eu\/fakulteti-juridik\/statistikat-e-studenteve\/","og_locale":"sq_AL","og_type":"article","og_title":"Statistikat e student\u00ebve","og_description":"Shiko statistikat e student\u00ebve t\u00eb Fakultetit Juridik t\u00eb Universitetit \u201cHaxhi Zeka\u201d: numri sipas gjinis\u00eb, totalit dhe diplomimeve p\u00ebr periudh\u00ebn e fundit t\u00eb regjistruar.","og_url":"https:\/\/unhz.eu\/fakulteti-juridik\/statistikat-e-studenteve\/","og_site_name":"Fakulteti Juridik","article_modified_time":"2026-02-06T14:14:15+00:00","twitter_card":"summary_large_image","schema":{"@context":"https:\/\/schema.org","@graph":[{"@type":"WebPage","@id":"https:\/\/unhz.eu\/fakulteti-juridik\/statistikat-e-studenteve\/","url":"https:\/\/unhz.eu\/fakulteti-juridik\/statistikat-e-studenteve\/","name":"Statistikat e student\u00ebve \u2013 Fakulteti Juridik | UNHZ","isPartOf":{"@id":"https:\/\/unhz.eu\/fakulteti-juridik\/#website"},"datePublished":"2024-02-29T14:34:11+00:00","dateModified":"2026-02-06T14:14:15+00:00","description":"Shiko statistikat e student\u00ebve t\u00eb Fakultetit Juridik t\u00eb Universitetit \u201cHaxhi Zeka\u201d: numri sipas gjinis\u00eb, totalit dhe diplomimeve p\u00ebr periudh\u00ebn e fundit t\u00eb regjistruar.","breadcrumb":{"@id":"https:\/\/unhz.eu\/fakulteti-juridik\/statistikat-e-studenteve\/#breadcrumb"},"inLanguage":"sq","potentialAction":[{"@type":"ReadAction","target":["https:\/\/unhz.eu\/fakulteti-juridik\/statistikat-e-studenteve\/"]}]},{"@type":"BreadcrumbList","@id":"https:\/\/unhz.eu\/fakulteti-juridik\/statistikat-e-studenteve\/#breadcrumb","itemListElement":[{"@type":"ListItem","position":1,"name":"Home","item":"https:\/\/unhz.eu\/fakulteti-juridik\/"},{"@type":"ListItem","position":2,"name":"Statistikat e student\u00ebve"}]},{"@type":"WebSite","@id":"https:\/\/unhz.eu\/fakulteti-juridik\/#website","url":"https:\/\/unhz.eu\/fakulteti-juridik\/","name":"Fakulteti Juridik","description":"I dedikuar p\u00ebr cil\u00ebsi standarde dhe suksese","publisher":{"@id":"https:\/\/unhz.eu\/fakulteti-juridik\/#organization"},"potentialAction":[{"@type":"SearchAction","target":{"@type":"EntryPoint","urlTemplate":"https:\/\/unhz.eu\/fakulteti-juridik\/?s={search_term_string}"},"query-input":{"@type":"PropertyValueSpecification","valueRequired":true,"valueName":"search_term_string"}}],"inLanguage":"sq"},{"@type":"Organization","@id":"https:\/\/unhz.eu\/fakulteti-juridik\/#organization","name":"Fakulteti Juridik","url":"https:\/\/unhz.eu\/fakulteti-juridik\/","logo":{"@type":"ImageObject","inLanguage":"sq","@id":"https:\/\/unhz.eu\/fakulteti-juridik\/#\/schema\/logo\/image\/","url":"https:\/\/unhz.eu\/fakulteti-juridik\/wp-content\/uploads\/sites\/9\/2024\/02\/cropped-logo-1-1-e1713527702695.png","contentUrl":"https:\/\/unhz.eu\/fakulteti-juridik\/wp-content\/uploads\/sites\/9\/2024\/02\/cropped-logo-1-1-e1713527702695.png","width":100,"height":100,"caption":"Fakulteti Juridik"},"image":{"@id":"https:\/\/unhz.eu\/fakulteti-juridik\/#\/schema\/logo\/image\/"}}]}},"_links":{"self":[{"href":"https:\/\/unhz.eu\/fakulteti-juridik\/wp-json\/wp\/v2\/pages\/21623","targetHints":{"allow":["GET"]}}],"collection":[{"href":"https:\/\/unhz.eu\/fakulteti-juridik\/wp-json\/wp\/v2\/pages"}],"about":[{"href":"https:\/\/unhz.eu\/fakulteti-juridik\/wp-json\/wp\/v2\/types\/page"}],"author":[{"embeddable":true,"href":"https:\/\/unhz.eu\/fakulteti-juridik\/wp-json\/wp\/v2\/users\/1"}],"replies":[{"embeddable":true,"href":"https:\/\/unhz.eu\/fakulteti-juridik\/wp-json\/wp\/v2\/comments?post=21623"}],"version-history":[{"count":1,"href":"https:\/\/unhz.eu\/fakulteti-juridik\/wp-json\/wp\/v2\/pages\/21623\/revisions"}],"predecessor-version":[{"id":51040,"href":"https:\/\/unhz.eu\/fakulteti-juridik\/wp-json\/wp\/v2\/pages\/21623\/revisions\/51040"}],"wp:attachment":[{"href":"https:\/\/unhz.eu\/fakulteti-juridik\/wp-json\/wp\/v2\/media?parent=21623"}],"curies":[{"name":"wp","href":"https:\/\/api.w.org\/{rel}","templated":true}]}}