{"id":21557,"date":"2024-02-29T10:40:02","date_gmt":"2024-02-29T10:40:02","guid":{"rendered":"http:\/\/unhz.local\/fakulteti-i-biznesit\/?page_id=21557"},"modified":"2026-02-06T16:07:22","modified_gmt":"2026-02-06T14:07:22","slug":"orari-i-konsultimeve-me-studentet-e-fakultetit-te-biznesit-stafi-i-angazhuar","status":"publish","type":"page","link":"https:\/\/unhz.eu\/fakulteti-juridik\/orari-i-konsultimeve-me-studentet-e-fakultetit-te-biznesit-stafi-i-angazhuar\/","title":{"rendered":"ORARI I KONSULTIMEVE ME STUDENT\u00cbT E FAKULTETIT T\u00cb BIZNESIT \u2013 STAFI I ANGAZHUAR"},"content":{"rendered":"<h2 class=\"wp-block-post-title\">ORARI I KONSULTIMEVE ME STUDENT\u00cbT E FAKULTETIT T\u00cb BIZNESIT \u2013 STAFI I ANGAZHUAR<\/h2>\n\n\n<div style=\"height:100px\" aria-hidden=\"true\" class=\"wp-block-spacer sc_height_medium\"><\/div>\n\n\n","protected":false},"excerpt":{"rendered":"","protected":false},"author":1,"featured_media":0,"parent":0,"menu_order":0,"comment_status":"closed","ping_status":"closed","template":"","meta":{"footnotes":""},"class_list":["post-21557","page","type-page","status-publish","hentry"],"yoast_head":"<!-- This site is optimized with the Yoast SEO Premium plugin v27.2 (Yoast SEO v27.2) - https:\/\/yoast.com\/product\/yoast-seo-premium-wordpress\/ -->\n<title>Orari i konsultimeve \u2013 Fakulteti i Biznesit (Stafi i angazhuar)<\/title>\n<meta name=\"description\" content=\"Shiko orarin e konsultimeve me student\u00ebt p\u00ebr stafin e angazhuar n\u00eb Fakultetin e Biznesit t\u00eb Universitetit \u201cHaxhi Zeka\u201d \u2013 dit\u00ebt dhe or\u00ebt kur profesor\u00ebt jan\u00eb n\u00eb dispozicion.\" \/>\n<meta name=\"robots\" content=\"index, follow, max-snippet:-1, max-image-preview:large, max-video-preview:-1\" \/>\n<link rel=\"canonical\" href=\"https:\/\/unhz.eu\/fakulteti-juridik\/orari-i-konsultimeve-me-studentet-e-fakultetit-te-biznesit-stafi-i-angazhuar\/\" \/>\n<meta property=\"og:locale\" content=\"sq_AL\" \/>\n<meta property=\"og:type\" content=\"article\" \/>\n<meta property=\"og:title\" content=\"ORARI I KONSULTIMEVE ME STUDENT\u00cbT E FAKULTETIT T\u00cb BIZNESIT \u2013 STAFI I ANGAZHUAR\" \/>\n<meta property=\"og:description\" content=\"Shiko orarin e konsultimeve me student\u00ebt p\u00ebr stafin e angazhuar n\u00eb Fakultetin e Biznesit t\u00eb Universitetit \u201cHaxhi Zeka\u201d \u2013 dit\u00ebt dhe or\u00ebt kur profesor\u00ebt jan\u00eb n\u00eb dispozicion.\" \/>\n<meta property=\"og:url\" content=\"https:\/\/unhz.eu\/fakulteti-juridik\/orari-i-konsultimeve-me-studentet-e-fakultetit-te-biznesit-stafi-i-angazhuar\/\" \/>\n<meta property=\"og:site_name\" content=\"Fakulteti Juridik\" \/>\n<meta property=\"article:modified_time\" content=\"2026-02-06T14:07:22+00:00\" \/>\n<meta name=\"twitter:card\" content=\"summary_large_image\" \/>\n<script type=\"application\/ld+json\" class=\"yoast-schema-graph\">{\"@context\":\"https:\/\/schema.org\",\"@graph\":[{\"@type\":\"WebPage\",\"@id\":\"https:\/\/unhz.eu\/fakulteti-juridik\/orari-i-konsultimeve-me-studentet-e-fakultetit-te-biznesit-stafi-i-angazhuar\/\",\"url\":\"https:\/\/unhz.eu\/fakulteti-juridik\/orari-i-konsultimeve-me-studentet-e-fakultetit-te-biznesit-stafi-i-angazhuar\/\",\"name\":\"Orari i konsultimeve \u2013 Fakulteti i Biznesit (Stafi i angazhuar)\",\"isPartOf\":{\"@id\":\"https:\/\/unhz.eu\/fakulteti-juridik\/#website\"},\"datePublished\":\"2024-02-29T10:40:02+00:00\",\"dateModified\":\"2026-02-06T14:07:22+00:00\",\"description\":\"Shiko orarin e konsultimeve me student\u00ebt p\u00ebr stafin e angazhuar n\u00eb Fakultetin e Biznesit t\u00eb Universitetit \u201cHaxhi Zeka\u201d \u2013 dit\u00ebt dhe or\u00ebt kur profesor\u00ebt jan\u00eb n\u00eb dispozicion.\",\"breadcrumb\":{\"@id\":\"https:\/\/unhz.eu\/fakulteti-juridik\/orari-i-konsultimeve-me-studentet-e-fakultetit-te-biznesit-stafi-i-angazhuar\/#breadcrumb\"},\"inLanguage\":\"sq\",\"potentialAction\":[{\"@type\":\"ReadAction\",\"target\":[\"https:\/\/unhz.eu\/fakulteti-juridik\/orari-i-konsultimeve-me-studentet-e-fakultetit-te-biznesit-stafi-i-angazhuar\/\"]}]},{\"@type\":\"BreadcrumbList\",\"@id\":\"https:\/\/unhz.eu\/fakulteti-juridik\/orari-i-konsultimeve-me-studentet-e-fakultetit-te-biznesit-stafi-i-angazhuar\/#breadcrumb\",\"itemListElement\":[{\"@type\":\"ListItem\",\"position\":1,\"name\":\"Home\",\"item\":\"https:\/\/unhz.eu\/fakulteti-juridik\/\"},{\"@type\":\"ListItem\",\"position\":2,\"name\":\"ORARI I KONSULTIMEVE ME STUDENT\u00cbT E FAKULTETIT T\u00cb BIZNESIT \u2013 STAFI I ANGAZHUAR\"}]},{\"@type\":\"WebSite\",\"@id\":\"https:\/\/unhz.eu\/fakulteti-juridik\/#website\",\"url\":\"https:\/\/unhz.eu\/fakulteti-juridik\/\",\"name\":\"Fakulteti Juridik\",\"description\":\"I dedikuar p\u00ebr cil\u00ebsi standarde dhe suksese\",\"publisher\":{\"@id\":\"https:\/\/unhz.eu\/fakulteti-juridik\/#organization\"},\"potentialAction\":[{\"@type\":\"SearchAction\",\"target\":{\"@type\":\"EntryPoint\",\"urlTemplate\":\"https:\/\/unhz.eu\/fakulteti-juridik\/?s={search_term_string}\"},\"query-input\":{\"@type\":\"PropertyValueSpecification\",\"valueRequired\":true,\"valueName\":\"search_term_string\"}}],\"inLanguage\":\"sq\"},{\"@type\":\"Organization\",\"@id\":\"https:\/\/unhz.eu\/fakulteti-juridik\/#organization\",\"name\":\"Fakulteti Juridik\",\"url\":\"https:\/\/unhz.eu\/fakulteti-juridik\/\",\"logo\":{\"@type\":\"ImageObject\",\"inLanguage\":\"sq\",\"@id\":\"https:\/\/unhz.eu\/fakulteti-juridik\/#\/schema\/logo\/image\/\",\"url\":\"https:\/\/unhz.eu\/fakulteti-juridik\/wp-content\/uploads\/sites\/9\/2024\/02\/cropped-logo-1-1-e1713527702695.png\",\"contentUrl\":\"https:\/\/unhz.eu\/fakulteti-juridik\/wp-content\/uploads\/sites\/9\/2024\/02\/cropped-logo-1-1-e1713527702695.png\",\"width\":100,\"height\":100,\"caption\":\"Fakulteti Juridik\"},\"image\":{\"@id\":\"https:\/\/unhz.eu\/fakulteti-juridik\/#\/schema\/logo\/image\/\"}}]}<\/script>\n<!-- \/ Yoast SEO Premium plugin. -->","yoast_head_json":{"title":"Orari i konsultimeve \u2013 Fakulteti i Biznesit (Stafi i angazhuar)","description":"Shiko orarin e konsultimeve me student\u00ebt p\u00ebr stafin e angazhuar n\u00eb Fakultetin e Biznesit t\u00eb Universitetit \u201cHaxhi Zeka\u201d \u2013 dit\u00ebt dhe or\u00ebt kur profesor\u00ebt jan\u00eb n\u00eb dispozicion.","robots":{"index":"index","follow":"follow","max-snippet":"max-snippet:-1","max-image-preview":"max-image-preview:large","max-video-preview":"max-video-preview:-1"},"canonical":"https:\/\/unhz.eu\/fakulteti-juridik\/orari-i-konsultimeve-me-studentet-e-fakultetit-te-biznesit-stafi-i-angazhuar\/","og_locale":"sq_AL","og_type":"article","og_title":"ORARI I KONSULTIMEVE ME STUDENT\u00cbT E FAKULTETIT T\u00cb BIZNESIT \u2013 STAFI I ANGAZHUAR","og_description":"Shiko orarin e konsultimeve me student\u00ebt p\u00ebr stafin e angazhuar n\u00eb Fakultetin e Biznesit t\u00eb Universitetit \u201cHaxhi Zeka\u201d \u2013 dit\u00ebt dhe or\u00ebt kur profesor\u00ebt jan\u00eb n\u00eb dispozicion.","og_url":"https:\/\/unhz.eu\/fakulteti-juridik\/orari-i-konsultimeve-me-studentet-e-fakultetit-te-biznesit-stafi-i-angazhuar\/","og_site_name":"Fakulteti Juridik","article_modified_time":"2026-02-06T14:07:22+00:00","twitter_card":"summary_large_image","schema":{"@context":"https:\/\/schema.org","@graph":[{"@type":"WebPage","@id":"https:\/\/unhz.eu\/fakulteti-juridik\/orari-i-konsultimeve-me-studentet-e-fakultetit-te-biznesit-stafi-i-angazhuar\/","url":"https:\/\/unhz.eu\/fakulteti-juridik\/orari-i-konsultimeve-me-studentet-e-fakultetit-te-biznesit-stafi-i-angazhuar\/","name":"Orari i konsultimeve \u2013 Fakulteti i Biznesit (Stafi i angazhuar)","isPartOf":{"@id":"https:\/\/unhz.eu\/fakulteti-juridik\/#website"},"datePublished":"2024-02-29T10:40:02+00:00","dateModified":"2026-02-06T14:07:22+00:00","description":"Shiko orarin e konsultimeve me student\u00ebt p\u00ebr stafin e angazhuar n\u00eb Fakultetin e Biznesit t\u00eb Universitetit \u201cHaxhi Zeka\u201d \u2013 dit\u00ebt dhe or\u00ebt kur profesor\u00ebt jan\u00eb n\u00eb dispozicion.","breadcrumb":{"@id":"https:\/\/unhz.eu\/fakulteti-juridik\/orari-i-konsultimeve-me-studentet-e-fakultetit-te-biznesit-stafi-i-angazhuar\/#breadcrumb"},"inLanguage":"sq","potentialAction":[{"@type":"ReadAction","target":["https:\/\/unhz.eu\/fakulteti-juridik\/orari-i-konsultimeve-me-studentet-e-fakultetit-te-biznesit-stafi-i-angazhuar\/"]}]},{"@type":"BreadcrumbList","@id":"https:\/\/unhz.eu\/fakulteti-juridik\/orari-i-konsultimeve-me-studentet-e-fakultetit-te-biznesit-stafi-i-angazhuar\/#breadcrumb","itemListElement":[{"@type":"ListItem","position":1,"name":"Home","item":"https:\/\/unhz.eu\/fakulteti-juridik\/"},{"@type":"ListItem","position":2,"name":"ORARI I KONSULTIMEVE ME STUDENT\u00cbT E FAKULTETIT T\u00cb BIZNESIT \u2013 STAFI I ANGAZHUAR"}]},{"@type":"WebSite","@id":"https:\/\/unhz.eu\/fakulteti-juridik\/#website","url":"https:\/\/unhz.eu\/fakulteti-juridik\/","name":"Fakulteti Juridik","description":"I dedikuar p\u00ebr cil\u00ebsi standarde dhe suksese","publisher":{"@id":"https:\/\/unhz.eu\/fakulteti-juridik\/#organization"},"potentialAction":[{"@type":"SearchAction","target":{"@type":"EntryPoint","urlTemplate":"https:\/\/unhz.eu\/fakulteti-juridik\/?s={search_term_string}"},"query-input":{"@type":"PropertyValueSpecification","valueRequired":true,"valueName":"search_term_string"}}],"inLanguage":"sq"},{"@type":"Organization","@id":"https:\/\/unhz.eu\/fakulteti-juridik\/#organization","name":"Fakulteti Juridik","url":"https:\/\/unhz.eu\/fakulteti-juridik\/","logo":{"@type":"ImageObject","inLanguage":"sq","@id":"https:\/\/unhz.eu\/fakulteti-juridik\/#\/schema\/logo\/image\/","url":"https:\/\/unhz.eu\/fakulteti-juridik\/wp-content\/uploads\/sites\/9\/2024\/02\/cropped-logo-1-1-e1713527702695.png","contentUrl":"https:\/\/unhz.eu\/fakulteti-juridik\/wp-content\/uploads\/sites\/9\/2024\/02\/cropped-logo-1-1-e1713527702695.png","width":100,"height":100,"caption":"Fakulteti Juridik"},"image":{"@id":"https:\/\/unhz.eu\/fakulteti-juridik\/#\/schema\/logo\/image\/"}}]}},"_links":{"self":[{"href":"https:\/\/unhz.eu\/fakulteti-juridik\/wp-json\/wp\/v2\/pages\/21557","targetHints":{"allow":["GET"]}}],"collection":[{"href":"https:\/\/unhz.eu\/fakulteti-juridik\/wp-json\/wp\/v2\/pages"}],"about":[{"href":"https:\/\/unhz.eu\/fakulteti-juridik\/wp-json\/wp\/v2\/types\/page"}],"author":[{"embeddable":true,"href":"https:\/\/unhz.eu\/fakulteti-juridik\/wp-json\/wp\/v2\/users\/1"}],"replies":[{"embeddable":true,"href":"https:\/\/unhz.eu\/fakulteti-juridik\/wp-json\/wp\/v2\/comments?post=21557"}],"version-history":[{"count":1,"href":"https:\/\/unhz.eu\/fakulteti-juridik\/wp-json\/wp\/v2\/pages\/21557\/revisions"}],"predecessor-version":[{"id":51034,"href":"https:\/\/unhz.eu\/fakulteti-juridik\/wp-json\/wp\/v2\/pages\/21557\/revisions\/51034"}],"wp:attachment":[{"href":"https:\/\/unhz.eu\/fakulteti-juridik\/wp-json\/wp\/v2\/media?parent=21557"}],"curies":[{"name":"wp","href":"https:\/\/api.w.org\/{rel}","templated":true}]}}