{"id":21532,"date":"2024-02-29T09:37:59","date_gmt":"2024-02-29T09:37:59","guid":{"rendered":"http:\/\/unhz.local\/fakulteti-i-biznesit\/?page_id=21532"},"modified":"2026-02-06T15:57:57","modified_gmt":"2026-02-06T13:57:57","slug":"kerkime-shkencore","status":"publish","type":"page","link":"https:\/\/unhz.eu\/fakulteti-juridik\/kerkime-shkencore\/","title":{"rendered":"K\u00ebrkime Shkencore"},"content":{"rendered":"\t\t<div data-elementor-type=\"wp-page\" data-elementor-id=\"21532\" class=\"elementor elementor-21532\" data-elementor-post-type=\"page\">\n\t\t\t\t\t\t<section class=\"elementor-section elementor-top-section elementor-element elementor-element-995e601 elementor-section-boxed elementor-section-height-default elementor-section-height-default sc_fly_static\" data-id=\"995e601\" data-element_type=\"section\" data-e-type=\"section\">\n\t\t\t\t\t\t<div class=\"elementor-container elementor-column-gap-extended\">\n\t\t\t\t\t<div class=\"elementor-column elementor-col-100 elementor-top-column elementor-element elementor-element-24d3f14 sc_content_align_inherit sc_layouts_column_icons_position_left sc_fly_static\" data-id=\"24d3f14\" data-element_type=\"column\" data-e-type=\"column\">\n\t\t\t<div class=\"elementor-widget-wrap elementor-element-populated\">\n\t\t\t\t\t\t<div class=\"elementor-element elementor-element-d785481 sc_fly_static elementor-widget elementor-widget-trx_sc_title\" data-id=\"d785481\" data-element_type=\"widget\" data-e-type=\"widget\" data-widget_type=\"trx_sc_title.default\">\n\t\t\t\t<div class=\"elementor-widget-container\">\n\t\t\t\t\t<div\t\tclass=\"sc_title sc_title_default\" ><span class=\"sc_item_subtitle sc_title_subtitle sc_align_center sc_item_subtitle_above sc_item_title_style_default\">Universiteti \"Haxhi Zeka\"<\/span><h1 class=\"sc_item_title sc_title_title sc_align_center sc_item_title_style_default sc_item_title_tag\"\n\t\t\t><span class=\"sc_item_title_text\">K\u00ebrkime Shkencore<\/span><\/h1><\/div>\t\t\t\t<\/div>\n\t\t\t\t<\/div>\n\t\t\t\t<div class=\"elementor-element elementor-element-2d59040 sc_fly_static elementor-widget elementor-widget-spacer\" data-id=\"2d59040\" data-element_type=\"widget\" data-e-type=\"widget\" data-widget_type=\"spacer.default\">\n\t\t\t\t<div class=\"elementor-widget-container\">\n\t\t\t\t\t\t\t<div class=\"elementor-spacer\">\n\t\t\t<div class=\"elementor-spacer-inner\"><\/div>\n\t\t<\/div>\n\t\t\t\t\t\t<\/div>\n\t\t\t\t<\/div>\n\t\t\t\t\t<\/div>\n\t\t<\/div>\n\t\t\t\t\t<\/div>\n\t\t<\/section>\n\t\t\t\t<section class=\"elementor-section elementor-top-section elementor-element elementor-element-65b3b97 elementor-section-boxed elementor-section-height-default elementor-section-height-default sc_fly_static\" data-id=\"65b3b97\" data-element_type=\"section\" data-e-type=\"section\">\n\t\t\t\t\t\t<div class=\"elementor-container elementor-column-gap-extended\">\n\t\t\t\t\t<div class=\"elementor-column elementor-col-100 elementor-top-column elementor-element elementor-element-9ce1f1e sc_content_align_inherit sc_layouts_column_icons_position_left sc_fly_static\" data-id=\"9ce1f1e\" data-element_type=\"column\" data-e-type=\"column\">\n\t\t\t<div class=\"elementor-widget-wrap elementor-element-populated\">\n\t\t\t\t\t\t<div class=\"elementor-element elementor-element-958f092 sc_fly_static elementor-widget elementor-widget-toggle\" data-id=\"958f092\" data-element_type=\"widget\" data-e-type=\"widget\" data-widget_type=\"toggle.default\">\n\t\t\t\t<div class=\"elementor-widget-container\">\n\t\t\t\t\t\t\t<div class=\"elementor-toggle\">\n\t\t\t\t\t\t\t<div class=\"elementor-toggle-item\">\n\t\t\t\t\t<h5 id=\"elementor-tab-title-1561\" class=\"elementor-tab-title\" data-tab=\"1\" role=\"button\" aria-controls=\"elementor-tab-content-1561\" aria-expanded=\"false\">\n\t\t\t\t\t\t\t\t\t\t\t\t<span class=\"elementor-toggle-icon elementor-toggle-icon-right\" aria-hidden=\"true\">\n\t\t\t\t\t\t\t\t\t\t\t\t\t\t\t<span class=\"elementor-toggle-icon-closed\"><i class=\"fas fa-plus\"><\/i><\/span>\n\t\t\t\t\t\t\t\t<span class=\"elementor-toggle-icon-opened\"><i class=\"elementor-toggle-icon-opened fas fa-minus\"><\/i><\/span>\n\t\t\t\t\t\t\t\t\t\t\t\t\t<\/span>\n\t\t\t\t\t\t\t\t\t\t\t\t<a class=\"elementor-toggle-title\" tabindex=\"0\">Baza e t\u00eb dh\u00ebnave t\u00eb aktiviteteve shkencore t\u00eb stafit akademik<\/a>\n\t\t\t\t\t<\/h5>\n\n\t\t\t\t\t<div id=\"elementor-tab-content-1561\" class=\"elementor-tab-content elementor-clearfix\" data-tab=\"1\" role=\"region\" aria-labelledby=\"elementor-tab-title-1561\"><ul class=\"sub-menu activated\"><li id=\"menu-item-46632\" class=\"menu-item menu-item-type-custom menu-item-object-custom menu-item-46632\"><a href=\"https:\/\/unhz.eu\/fakulteti-juridik\/wp-content\/uploads\/sites\/9\/2024\/04\/ACTIVITIES_2023_LAW.pdf\" target=\"_blank\" rel=\"noopener\">Baza e t\u00eb dh\u00ebnave t\u00eb aktiviteteve shkencore t\u00eb stafit akademik 2023<\/a><\/li><li id=\"menu-item-46697\" class=\"menu-item menu-item-type-custom menu-item-object-custom menu-item-46697\"><a href=\"https:\/\/unhz.eu\/fakulteti-juridik\/wp-content\/uploads\/sites\/9\/2024\/04\/ACTIVITIES_2022_LAW.pdf\" target=\"_blank\" rel=\"noopener\">Baza e t\u00eb dh\u00ebnave t\u00eb aktiviteteve shkencore t\u00eb stafit akademik 2022<\/a><\/li><li id=\"menu-item-46713\" class=\"menu-item menu-item-type-custom menu-item-object-custom menu-item-46713\"><a href=\"https:\/\/unhz.eu\/fakulteti-juridik\/wp-content\/uploads\/sites\/9\/2024\/04\/ACTIVITIES_2021_LAW.pdf\" target=\"_blank\" rel=\"noopener\">Baza e t\u00eb dh\u00ebnave t\u00eb aktiviteteve shkencore t\u00eb stafit akademik deri 2021<\/a><\/li><\/ul><\/div>\n\t\t\t\t<\/div>\n\t\t\t\t\t\t\t<div class=\"elementor-toggle-item\">\n\t\t\t\t\t<h5 id=\"elementor-tab-title-1562\" class=\"elementor-tab-title\" data-tab=\"2\" role=\"button\" aria-controls=\"elementor-tab-content-1562\" aria-expanded=\"false\">\n\t\t\t\t\t\t\t\t\t\t\t\t<span class=\"elementor-toggle-icon elementor-toggle-icon-right\" aria-hidden=\"true\">\n\t\t\t\t\t\t\t\t\t\t\t\t\t\t\t<span class=\"elementor-toggle-icon-closed\"><i class=\"fas fa-plus\"><\/i><\/span>\n\t\t\t\t\t\t\t\t<span class=\"elementor-toggle-icon-opened\"><i class=\"elementor-toggle-icon-opened fas fa-minus\"><\/i><\/span>\n\t\t\t\t\t\t\t\t\t\t\t\t\t<\/span>\n\t\t\t\t\t\t\t\t\t\t\t\t<a class=\"elementor-toggle-title\" tabindex=\"0\">Punimet shkencore t\u00eb publikuara n\u00eb revista t\u00eb indeksuara n\u00eb platformat WOS & SCOPUS<\/a>\n\t\t\t\t\t<\/h5>\n\n\t\t\t\t\t<div id=\"elementor-tab-content-1562\" class=\"elementor-tab-content elementor-clearfix\" data-tab=\"2\" role=\"region\" aria-labelledby=\"elementor-tab-title-1562\"><ul class=\"sub-menu activated\"><li id=\"menu-item-46633\" class=\"menu-item menu-item-type-custom menu-item-object-custom menu-item-46633\"><a href=\"https:\/\/unhz.eu\/fakulteti-juridik\/wp-content\/uploads\/sites\/9\/2024\/04\/Law_2023.pdf\" target=\"_blank\" rel=\"noopener\">Punimet shkencore t\u00eb publikuara n\u00eb revista t\u00eb indeksuara n\u00eb platformat WOS &amp; SCOPUS 2023<\/a><\/li><li id=\"menu-item-46720\" class=\"menu-item menu-item-type-custom menu-item-object-custom menu-item-46720\"><a href=\"https:\/\/unhz.eu\/fakulteti-juridik\/wp-content\/uploads\/sites\/9\/2024\/04\/Published_2022_Law.pdf\" target=\"_blank\" rel=\"noopener\">Punimet shkencore t\u00eb publikuara n\u00eb revista t\u00eb indeksuara n\u00eb platformat WOS &amp; SCOPUS 2022<\/a><\/li><\/ul><\/div>\n\t\t\t\t<\/div>\n\t\t\t\t\t\t\t<div class=\"elementor-toggle-item\">\n\t\t\t\t\t<h5 id=\"elementor-tab-title-1563\" class=\"elementor-tab-title\" data-tab=\"3\" role=\"button\" aria-controls=\"elementor-tab-content-1563\" aria-expanded=\"false\">\n\t\t\t\t\t\t\t\t\t\t\t\t<span class=\"elementor-toggle-icon elementor-toggle-icon-right\" aria-hidden=\"true\">\n\t\t\t\t\t\t\t\t\t\t\t\t\t\t\t<span class=\"elementor-toggle-icon-closed\"><i class=\"fas fa-plus\"><\/i><\/span>\n\t\t\t\t\t\t\t\t<span class=\"elementor-toggle-icon-opened\"><i class=\"elementor-toggle-icon-opened fas fa-minus\"><\/i><\/span>\n\t\t\t\t\t\t\t\t\t\t\t\t\t<\/span>\n\t\t\t\t\t\t\t\t\t\t\t\t<a class=\"elementor-toggle-title\" tabindex=\"0\">Lista e publikimeve shkencore<\/a>\n\t\t\t\t\t<\/h5>\n\n\t\t\t\t\t<div id=\"elementor-tab-content-1563\" class=\"elementor-tab-content elementor-clearfix\" data-tab=\"3\" role=\"region\" aria-labelledby=\"elementor-tab-title-1563\"><ul class=\"sub-menu activated\"><li id=\"menu-item-35079\" class=\"menu-item menu-item-type-custom menu-item-object-custom menu-item-35079\"><a href=\"https:\/\/drive.google.com\/file\/d\/1JB52kFwdA6HS1rLc0MzLo1L-8VstskQ1\/view\" target=\"_blank\" rel=\"noopener\">Lista PDF<\/a><\/li><\/ul><\/div>\n\t\t\t\t<\/div>\n\t\t\t\t\t\t\t\t<\/div>\n\t\t\t\t\t\t<\/div>\n\t\t\t\t<\/div>\n\t\t\t\t\t<\/div>\n\t\t<\/div>\n\t\t\t\t\t<\/div>\n\t\t<\/section>\n\t\t\t\t<\/div>\n\t\t","protected":false},"excerpt":{"rendered":"<p>Universiteti &#8220;Haxhi Zeka&#8221; K\u00ebrkime Shkencore Baza e t\u00eb dh\u00ebnave t\u00eb aktiviteteve shkencore t\u00eb stafit akademik Baza e t\u00eb dh\u00ebnave t\u00eb aktiviteteve shkencore t\u00eb stafit akademik 2023 Baza e t\u00eb dh\u00ebnave&hellip;<\/p>\n","protected":false},"author":1,"featured_media":21533,"parent":0,"menu_order":0,"comment_status":"closed","ping_status":"closed","template":"","meta":{"footnotes":""},"class_list":["post-21532","page","type-page","status-publish","has-post-thumbnail","hentry"],"yoast_head":"<!-- This site is optimized with the Yoast SEO Premium plugin v27.2 (Yoast SEO v27.2) - https:\/\/yoast.com\/product\/yoast-seo-premium-wordpress\/ -->\n<title>K\u00ebrkime Shkencore \u2013 Fakulteti Juridik | Universiteti \u201cHaxhi Zeka\u201d<\/title>\n<meta name=\"description\" content=\"Zbuloni aktivitetet dhe publikimet k\u00ebrkimore t\u00eb Fakultetit Juridik t\u00eb Universitetit \u201cHaxhi Zeka\u201d, p\u00ebrfshir\u00eb revist\u00ebn shkencore dhe botime t\u00eb stafit akademik.\" \/>\n<meta name=\"robots\" content=\"index, follow, max-snippet:-1, max-image-preview:large, max-video-preview:-1\" \/>\n<link rel=\"canonical\" href=\"https:\/\/unhz.eu\/fakulteti-juridik\/kerkime-shkencore\/\" \/>\n<meta property=\"og:locale\" content=\"sq_AL\" \/>\n<meta property=\"og:type\" content=\"article\" \/>\n<meta property=\"og:title\" content=\"K\u00ebrkime Shkencore\" \/>\n<meta property=\"og:description\" content=\"Zbuloni aktivitetet dhe publikimet k\u00ebrkimore t\u00eb Fakultetit Juridik t\u00eb Universitetit \u201cHaxhi Zeka\u201d, p\u00ebrfshir\u00eb revist\u00ebn shkencore dhe botime t\u00eb stafit akademik.\" \/>\n<meta property=\"og:url\" content=\"https:\/\/unhz.eu\/fakulteti-juridik\/kerkime-shkencore\/\" \/>\n<meta property=\"og:site_name\" content=\"Fakulteti Juridik\" \/>\n<meta property=\"article:modified_time\" content=\"2026-02-06T13:57:57+00:00\" \/>\n<meta property=\"og:image\" content=\"https:\/\/unhz.eu\/fakulteti-juridik\/wp-content\/uploads\/sites\/9\/2024\/02\/header-widget.jpg\" \/>\n\t<meta property=\"og:image:width\" content=\"1024\" \/>\n\t<meta property=\"og:image:height\" content=\"190\" \/>\n\t<meta property=\"og:image:type\" content=\"image\/jpeg\" \/>\n<meta name=\"twitter:card\" content=\"summary_large_image\" \/>\n<meta name=\"twitter:label1\" content=\"Est. reading time\" \/>\n\t<meta name=\"twitter:data1\" content=\"1 minut\u00eb\" \/>\n<script type=\"application\/ld+json\" class=\"yoast-schema-graph\">{\"@context\":\"https:\/\/schema.org\",\"@graph\":[{\"@type\":\"WebPage\",\"@id\":\"https:\/\/unhz.eu\/fakulteti-juridik\/kerkime-shkencore\/\",\"url\":\"https:\/\/unhz.eu\/fakulteti-juridik\/kerkime-shkencore\/\",\"name\":\"K\u00ebrkime Shkencore \u2013 Fakulteti Juridik | Universiteti \u201cHaxhi Zeka\u201d\",\"isPartOf\":{\"@id\":\"https:\/\/unhz.eu\/fakulteti-juridik\/#website\"},\"primaryImageOfPage\":{\"@id\":\"https:\/\/unhz.eu\/fakulteti-juridik\/kerkime-shkencore\/#primaryimage\"},\"image\":{\"@id\":\"https:\/\/unhz.eu\/fakulteti-juridik\/kerkime-shkencore\/#primaryimage\"},\"thumbnailUrl\":\"https:\/\/unhz.eu\/fakulteti-juridik\/wp-content\/uploads\/sites\/9\/2024\/02\/header-widget.jpg\",\"datePublished\":\"2024-02-29T09:37:59+00:00\",\"dateModified\":\"2026-02-06T13:57:57+00:00\",\"description\":\"Zbuloni aktivitetet dhe publikimet k\u00ebrkimore t\u00eb Fakultetit Juridik t\u00eb Universitetit \u201cHaxhi Zeka\u201d, p\u00ebrfshir\u00eb revist\u00ebn shkencore dhe botime t\u00eb stafit akademik.\",\"breadcrumb\":{\"@id\":\"https:\/\/unhz.eu\/fakulteti-juridik\/kerkime-shkencore\/#breadcrumb\"},\"inLanguage\":\"sq\",\"potentialAction\":[{\"@type\":\"ReadAction\",\"target\":[\"https:\/\/unhz.eu\/fakulteti-juridik\/kerkime-shkencore\/\"]}]},{\"@type\":\"ImageObject\",\"inLanguage\":\"sq\",\"@id\":\"https:\/\/unhz.eu\/fakulteti-juridik\/kerkime-shkencore\/#primaryimage\",\"url\":\"https:\/\/unhz.eu\/fakulteti-juridik\/wp-content\/uploads\/sites\/9\/2024\/02\/header-widget.jpg\",\"contentUrl\":\"https:\/\/unhz.eu\/fakulteti-juridik\/wp-content\/uploads\/sites\/9\/2024\/02\/header-widget.jpg\",\"width\":1024,\"height\":190},{\"@type\":\"BreadcrumbList\",\"@id\":\"https:\/\/unhz.eu\/fakulteti-juridik\/kerkime-shkencore\/#breadcrumb\",\"itemListElement\":[{\"@type\":\"ListItem\",\"position\":1,\"name\":\"Home\",\"item\":\"https:\/\/unhz.eu\/fakulteti-juridik\/\"},{\"@type\":\"ListItem\",\"position\":2,\"name\":\"K\u00ebrkime Shkencore\"}]},{\"@type\":\"WebSite\",\"@id\":\"https:\/\/unhz.eu\/fakulteti-juridik\/#website\",\"url\":\"https:\/\/unhz.eu\/fakulteti-juridik\/\",\"name\":\"Fakulteti Juridik\",\"description\":\"I dedikuar p\u00ebr cil\u00ebsi standarde dhe suksese\",\"publisher\":{\"@id\":\"https:\/\/unhz.eu\/fakulteti-juridik\/#organization\"},\"potentialAction\":[{\"@type\":\"SearchAction\",\"target\":{\"@type\":\"EntryPoint\",\"urlTemplate\":\"https:\/\/unhz.eu\/fakulteti-juridik\/?s={search_term_string}\"},\"query-input\":{\"@type\":\"PropertyValueSpecification\",\"valueRequired\":true,\"valueName\":\"search_term_string\"}}],\"inLanguage\":\"sq\"},{\"@type\":\"Organization\",\"@id\":\"https:\/\/unhz.eu\/fakulteti-juridik\/#organization\",\"name\":\"Fakulteti Juridik\",\"url\":\"https:\/\/unhz.eu\/fakulteti-juridik\/\",\"logo\":{\"@type\":\"ImageObject\",\"inLanguage\":\"sq\",\"@id\":\"https:\/\/unhz.eu\/fakulteti-juridik\/#\/schema\/logo\/image\/\",\"url\":\"https:\/\/unhz.eu\/fakulteti-juridik\/wp-content\/uploads\/sites\/9\/2024\/02\/cropped-logo-1-1-e1713527702695.png\",\"contentUrl\":\"https:\/\/unhz.eu\/fakulteti-juridik\/wp-content\/uploads\/sites\/9\/2024\/02\/cropped-logo-1-1-e1713527702695.png\",\"width\":100,\"height\":100,\"caption\":\"Fakulteti Juridik\"},\"image\":{\"@id\":\"https:\/\/unhz.eu\/fakulteti-juridik\/#\/schema\/logo\/image\/\"}}]}<\/script>\n<!-- \/ Yoast SEO Premium plugin. -->","yoast_head_json":{"title":"K\u00ebrkime Shkencore \u2013 Fakulteti Juridik | Universiteti \u201cHaxhi Zeka\u201d","description":"Zbuloni aktivitetet dhe publikimet k\u00ebrkimore t\u00eb Fakultetit Juridik t\u00eb Universitetit \u201cHaxhi Zeka\u201d, p\u00ebrfshir\u00eb revist\u00ebn shkencore dhe botime t\u00eb stafit akademik.","robots":{"index":"index","follow":"follow","max-snippet":"max-snippet:-1","max-image-preview":"max-image-preview:large","max-video-preview":"max-video-preview:-1"},"canonical":"https:\/\/unhz.eu\/fakulteti-juridik\/kerkime-shkencore\/","og_locale":"sq_AL","og_type":"article","og_title":"K\u00ebrkime Shkencore","og_description":"Zbuloni aktivitetet dhe publikimet k\u00ebrkimore t\u00eb Fakultetit Juridik t\u00eb Universitetit \u201cHaxhi Zeka\u201d, p\u00ebrfshir\u00eb revist\u00ebn shkencore dhe botime t\u00eb stafit akademik.","og_url":"https:\/\/unhz.eu\/fakulteti-juridik\/kerkime-shkencore\/","og_site_name":"Fakulteti Juridik","article_modified_time":"2026-02-06T13:57:57+00:00","og_image":[{"width":1024,"height":190,"url":"https:\/\/unhz.eu\/fakulteti-juridik\/wp-content\/uploads\/sites\/9\/2024\/02\/header-widget.jpg","type":"image\/jpeg"}],"twitter_card":"summary_large_image","twitter_misc":{"Est. reading time":"1 minut\u00eb"},"schema":{"@context":"https:\/\/schema.org","@graph":[{"@type":"WebPage","@id":"https:\/\/unhz.eu\/fakulteti-juridik\/kerkime-shkencore\/","url":"https:\/\/unhz.eu\/fakulteti-juridik\/kerkime-shkencore\/","name":"K\u00ebrkime Shkencore \u2013 Fakulteti Juridik | Universiteti \u201cHaxhi Zeka\u201d","isPartOf":{"@id":"https:\/\/unhz.eu\/fakulteti-juridik\/#website"},"primaryImageOfPage":{"@id":"https:\/\/unhz.eu\/fakulteti-juridik\/kerkime-shkencore\/#primaryimage"},"image":{"@id":"https:\/\/unhz.eu\/fakulteti-juridik\/kerkime-shkencore\/#primaryimage"},"thumbnailUrl":"https:\/\/unhz.eu\/fakulteti-juridik\/wp-content\/uploads\/sites\/9\/2024\/02\/header-widget.jpg","datePublished":"2024-02-29T09:37:59+00:00","dateModified":"2026-02-06T13:57:57+00:00","description":"Zbuloni aktivitetet dhe publikimet k\u00ebrkimore t\u00eb Fakultetit Juridik t\u00eb Universitetit \u201cHaxhi Zeka\u201d, p\u00ebrfshir\u00eb revist\u00ebn shkencore dhe botime t\u00eb stafit akademik.","breadcrumb":{"@id":"https:\/\/unhz.eu\/fakulteti-juridik\/kerkime-shkencore\/#breadcrumb"},"inLanguage":"sq","potentialAction":[{"@type":"ReadAction","target":["https:\/\/unhz.eu\/fakulteti-juridik\/kerkime-shkencore\/"]}]},{"@type":"ImageObject","inLanguage":"sq","@id":"https:\/\/unhz.eu\/fakulteti-juridik\/kerkime-shkencore\/#primaryimage","url":"https:\/\/unhz.eu\/fakulteti-juridik\/wp-content\/uploads\/sites\/9\/2024\/02\/header-widget.jpg","contentUrl":"https:\/\/unhz.eu\/fakulteti-juridik\/wp-content\/uploads\/sites\/9\/2024\/02\/header-widget.jpg","width":1024,"height":190},{"@type":"BreadcrumbList","@id":"https:\/\/unhz.eu\/fakulteti-juridik\/kerkime-shkencore\/#breadcrumb","itemListElement":[{"@type":"ListItem","position":1,"name":"Home","item":"https:\/\/unhz.eu\/fakulteti-juridik\/"},{"@type":"ListItem","position":2,"name":"K\u00ebrkime Shkencore"}]},{"@type":"WebSite","@id":"https:\/\/unhz.eu\/fakulteti-juridik\/#website","url":"https:\/\/unhz.eu\/fakulteti-juridik\/","name":"Fakulteti Juridik","description":"I dedikuar p\u00ebr cil\u00ebsi standarde dhe suksese","publisher":{"@id":"https:\/\/unhz.eu\/fakulteti-juridik\/#organization"},"potentialAction":[{"@type":"SearchAction","target":{"@type":"EntryPoint","urlTemplate":"https:\/\/unhz.eu\/fakulteti-juridik\/?s={search_term_string}"},"query-input":{"@type":"PropertyValueSpecification","valueRequired":true,"valueName":"search_term_string"}}],"inLanguage":"sq"},{"@type":"Organization","@id":"https:\/\/unhz.eu\/fakulteti-juridik\/#organization","name":"Fakulteti Juridik","url":"https:\/\/unhz.eu\/fakulteti-juridik\/","logo":{"@type":"ImageObject","inLanguage":"sq","@id":"https:\/\/unhz.eu\/fakulteti-juridik\/#\/schema\/logo\/image\/","url":"https:\/\/unhz.eu\/fakulteti-juridik\/wp-content\/uploads\/sites\/9\/2024\/02\/cropped-logo-1-1-e1713527702695.png","contentUrl":"https:\/\/unhz.eu\/fakulteti-juridik\/wp-content\/uploads\/sites\/9\/2024\/02\/cropped-logo-1-1-e1713527702695.png","width":100,"height":100,"caption":"Fakulteti Juridik"},"image":{"@id":"https:\/\/unhz.eu\/fakulteti-juridik\/#\/schema\/logo\/image\/"}}]}},"_links":{"self":[{"href":"https:\/\/unhz.eu\/fakulteti-juridik\/wp-json\/wp\/v2\/pages\/21532","targetHints":{"allow":["GET"]}}],"collection":[{"href":"https:\/\/unhz.eu\/fakulteti-juridik\/wp-json\/wp\/v2\/pages"}],"about":[{"href":"https:\/\/unhz.eu\/fakulteti-juridik\/wp-json\/wp\/v2\/types\/page"}],"author":[{"embeddable":true,"href":"https:\/\/unhz.eu\/fakulteti-juridik\/wp-json\/wp\/v2\/users\/1"}],"replies":[{"embeddable":true,"href":"https:\/\/unhz.eu\/fakulteti-juridik\/wp-json\/wp\/v2\/comments?post=21532"}],"version-history":[{"count":1,"href":"https:\/\/unhz.eu\/fakulteti-juridik\/wp-json\/wp\/v2\/pages\/21532\/revisions"}],"predecessor-version":[{"id":51025,"href":"https:\/\/unhz.eu\/fakulteti-juridik\/wp-json\/wp\/v2\/pages\/21532\/revisions\/51025"}],"wp:featuredmedia":[{"embeddable":true,"href":"https:\/\/unhz.eu\/fakulteti-juridik\/wp-json\/wp\/v2\/media\/21533"}],"wp:attachment":[{"href":"https:\/\/unhz.eu\/fakulteti-juridik\/wp-json\/wp\/v2\/media?parent=21532"}],"curies":[{"name":"wp","href":"https:\/\/api.w.org\/{rel}","templated":true}]}}