{"id":21295,"date":"2024-02-27T14:06:29","date_gmt":"2024-02-27T14:06:29","guid":{"rendered":"http:\/\/unhz.local\/fakulteti-i-biznesit\/?page_id=21295"},"modified":"2026-02-06T16:01:03","modified_gmt":"2026-02-06T14:01:03","slug":"menaxhim-biznesi-bsc-2022-2027","status":"publish","type":"page","link":"https:\/\/unhz.eu\/fakulteti-juridik\/menaxhim-biznesi-bsc-2022-2027\/","title":{"rendered":"MENAXHIM BIZNESI \u2013 BSC, 2022-2027"},"content":{"rendered":"\t\t<div data-elementor-type=\"wp-page\" data-elementor-id=\"21295\" class=\"elementor elementor-21295\" data-elementor-post-type=\"page\">\n\t\t\t\t\t\t<section class=\"elementor-section elementor-top-section elementor-element elementor-element-3565a38d elementor-section-boxed elementor-section-height-default elementor-section-height-default sc_fly_static\" data-id=\"3565a38d\" data-element_type=\"section\" data-e-type=\"section\">\n\t\t\t\t\t\t<div class=\"elementor-container elementor-column-gap-extended\">\n\t\t\t\t\t<div class=\"elementor-column elementor-col-100 elementor-top-column elementor-element elementor-element-4bc7c0dd sc_content_align_inherit sc_layouts_column_icons_position_left sc_fly_static\" data-id=\"4bc7c0dd\" data-element_type=\"column\" data-e-type=\"column\">\n\t\t\t<div class=\"elementor-widget-wrap elementor-element-populated\">\n\t\t\t\t\t\t<div class=\"elementor-element elementor-element-32ca3112 sc_fly_static elementor-widget elementor-widget-text-editor\" data-id=\"32ca3112\" data-element_type=\"widget\" data-e-type=\"widget\" data-widget_type=\"text-editor.default\">\n\t\t\t\t<div class=\"elementor-widget-container\">\n\t\t\t\t\t\t\t\t\t<header class=\"course-header\">\n<div class=\"container\">\n<h2 class=\"course-single-title\">MENAXHIM BIZNESI \u2013 BSC, 2022-2027<\/h2>\n<\/div>\n<\/header>\n<div class=\"container\">\n<div class=\"row\">\n<div class=\"col-md-4 shadow-box ar-course-sidebar\">\n<section id=\"tx_accordion_menu-4\" class=\"widget tx-accordion-menu\">\n<div class=\"menu-fakulteti-i-biznesit-container\">\u00a0<\/div>\n<\/section>\n<\/div>\n<\/div>\n<\/div>\n<p><strong>Programi Menaxhim biznesi \u2013 BSc,<\/strong><\/p>\n\n<p>Programi i akredituar 2022 \u2013 2027<\/p>\n\n<p><strong>Pasqyra e programit p\u00ebr Bachelor i Shkencave n\u00eb Menaxhim Biznesi<\/strong><\/p>\n\n<p>Profilet me Specializim n\u00eb:<\/p>\n\n<ol class=\"wp-block-list\">\n<li>Administrim Biznesi,<\/li>\n\n<li>Banka dhe Financa<\/li>\n<\/ol>\n\n<p><strong>2 Vitet e para t\u00eb p\u00ebrbashk\u00ebta<\/strong><\/p>\n\n<p><strong>Viti i par\u00eb \u2013 Semestri i par\u0451<\/strong><\/p>\n\n<figure class=\"wp-block-table\">\n<table>\n<tbody>\n<tr>\n<td><strong>Nr.<\/strong><\/td>\n<td><strong>Obli. \/Zgj.<\/strong><\/td>\n<td><strong>L\u00ebnda:<\/strong><\/td>\n<td><strong>Or\u00eb L+U<\/strong><\/td>\n<td><strong>ECTS<\/strong><\/td>\n<\/tr>\n<tr>\n<td>1.<\/td>\n<td>O<\/td>\n<td>Bazat e biznesit<\/td>\n<td>3+2<\/td>\n<td>5<\/td>\n<\/tr>\n<tr>\n<td>2.<\/td>\n<td>O<\/td>\n<td>Mikroekonomia<\/td>\n<td>3+2<\/td>\n<td>5<\/td>\n<\/tr>\n<tr>\n<td>3.<\/td>\n<td>O<\/td>\n<td>Bazat e kontabilitetit<\/td>\n<td>3+2<\/td>\n<td>5<\/td>\n<\/tr>\n<tr>\n<td>4.<\/td>\n<td>O<\/td>\n<td>Shkrimi akademik<\/td>\n<td>3+2<\/td>\n<td>5<\/td>\n<\/tr>\n<tr>\n<td>5.<\/td>\n<td>O<\/td>\n<td>Matematika p\u0451r biznes dhe ekonomi<\/td>\n<td>3+2<\/td>\n<td>5<\/td>\n<\/tr>\n<tr>\n<td>6.<\/td>\n<td>O<\/td>\n<td>Bazat e IT-s\u00eb<\/td>\n<td>3+2<\/td>\n<td>5<\/td>\n<\/tr>\n<tr>\n<td>\u00a0<\/td>\n<td>\u00a0<\/td>\n<td>Totali<\/td>\n<td>18+12<\/td>\n<td><strong>30<\/strong><\/td>\n<\/tr>\n<tr>\n<td colspan=\"5\"><strong>Viti par\u00eb \u2013 Semestri dyt\u00eb:<\/strong><\/td>\n<\/tr>\n<tr>\n<td><strong>Nr.<\/strong><\/td>\n<td><strong>Obli.\/Zgj.<\/strong><\/td>\n<td><strong>L\u00ebnda:<\/strong><\/td>\n<td><strong>Or\u00eb L+U<\/strong><\/td>\n<td><strong>ECTS<\/strong><\/td>\n<\/tr>\n<tr>\n<td>1.<\/td>\n<td>O<\/td>\n<td>Bazat e menaxhmentit<\/td>\n<td>3+2<\/td>\n<td>5<\/td>\n<\/tr>\n<tr>\n<td>2.<\/td>\n<td>O<\/td>\n<td>Makroekonomia<\/td>\n<td>3+2<\/td>\n<td>5<\/td>\n<\/tr>\n<tr>\n<td>3.<\/td>\n<td>O<\/td>\n<td>Bazat e financave<\/td>\n<td>3+2<\/td>\n<td>5<\/td>\n<\/tr>\n<tr>\n<td>4.<\/td>\n<td>O<\/td>\n<td>Statistika<\/td>\n<td>3+2<\/td>\n<td>6<\/td>\n<\/tr>\n<tr>\n<td>5.<\/td>\n<td>O<\/td>\n<td>Gjuha angleze I<\/td>\n<td>2+2<\/td>\n<td>4<\/td>\n<\/tr>\n<tr>\n<td>6.<\/td>\n<td>Z<\/td>\n<td>Kontabiliteti financiar<\/td>\n<td>3+2<\/td>\n<td>5<\/td>\n<\/tr>\n<tr>\n<td>7.<\/td>\n<td>Z<\/td>\n<td>Kontabiliteti I tatimeve<\/td>\n<td>3+2<\/td>\n<td>5<\/td>\n<\/tr>\n<tr>\n<td>8.<\/td>\n<td>Z<\/td>\n<td>Menaxhimi I stresit dhe koh\u00ebs<\/td>\n<td>3+2<\/td>\n<td>5<\/td>\n<\/tr>\n<tr>\n<td>\u00a0<\/td>\n<td>\u00a0<\/td>\n<td>Totali<\/td>\n<td>17+13<\/td>\n<td><strong>30<\/strong><\/td>\n<\/tr>\n<tr>\n<td colspan=\"5\"><strong>Viti dyt\u00eb \u2013 Semestri tret\u00eb:<\/strong><\/td>\n<\/tr>\n<tr>\n<td><strong>Nr.<\/strong><\/td>\n<td><strong>Obli.\/Zgj.<\/strong><\/td>\n<td><strong>L\u00ebnda:<\/strong><\/td>\n<td><strong>Or\u00eb L+U<\/strong><\/td>\n<td><strong>ECTS<\/strong><\/td>\n<\/tr>\n<tr>\n<td>1.<\/td>\n<td>O<\/td>\n<td>Mjedisi i biznesit<\/td>\n<td>3+2<\/td>\n<td>5<\/td>\n<\/tr>\n<tr>\n<td>2.<\/td>\n<td>O<\/td>\n<td>Financat e korporatave<\/td>\n<td>3+2<\/td>\n<td>5<\/td>\n<\/tr>\n<tr>\n<td>3.<\/td>\n<td>O<\/td>\n<td>Menaxhimi i operacioneve<\/td>\n<td>3+2<\/td>\n<td>5<\/td>\n<\/tr>\n<tr>\n<td>4.<\/td>\n<td>O<\/td>\n<td>Marketingu<\/td>\n<td>3+2<\/td>\n<td>5<\/td>\n<\/tr>\n<tr>\n<td>5.<\/td>\n<td>O<\/td>\n<td>Ekonomia e UE-s\u00eb dhe e Kosov\u00ebs<\/td>\n<td>3+2<\/td>\n<td>5<\/td>\n<\/tr>\n<tr>\n<td>6.<\/td>\n<td>Z<\/td>\n<td>Biznesi elektronik<\/td>\n<td>3+2<\/td>\n<td>5<\/td>\n<\/tr>\n<tr>\n<td>7.<\/td>\n<td>Z<\/td>\n<td>Financat personale*<\/td>\n<td>3+2<\/td>\n<td>5<\/td>\n<\/tr>\n<tr>\n<td>8.<\/td>\n<td>Z<\/td>\n<td>Tatime dhe korporata*<\/td>\n<td>3+2<\/td>\n<td>5<\/td>\n<\/tr>\n<tr>\n<td>9.<\/td>\n<td>Z<\/td>\n<td>Kontabiliteti menaxherial*<\/td>\n<td>3+2<\/td>\n<td>5<\/td>\n<\/tr>\n<tr>\n<td>\u00a0<\/td>\n<td>\u00a0<\/td>\n<td>Totali<\/td>\n<td>18+12<\/td>\n<td><strong>30<\/strong><\/td>\n<\/tr>\n<tr>\n<td colspan=\"5\"><strong>Viti i dyt\u00eb \u2013 Semestri kat\u00ebrt:<\/strong><\/td>\n<\/tr>\n<tr>\n<td><strong>Nr.<\/strong><\/td>\n<td><strong>Obli.\/Zgj.<\/strong><\/td>\n<td><strong>L\u00ebnda:<\/strong><\/td>\n<td><strong>Or\u00eb L+U<\/strong><\/td>\n<td><strong>ECTS<\/strong><\/td>\n<\/tr>\n<tr>\n<td>1.<\/td>\n<td>O<\/td>\n<td>Nd\u00ebrmarr\u00ebsia<\/td>\n<td>3+2<\/td>\n<td>5<\/td>\n<\/tr>\n<tr>\n<td>2.<\/td>\n<td>O<\/td>\n<td>Menaxhimi i burimeve njer\u00ebzore<\/td>\n<td>3+2<\/td>\n<td>5<\/td>\n<\/tr>\n<tr>\n<td>3.<\/td>\n<td>O<\/td>\n<td>Biznesi nd\u00ebrkomb\u00ebtar<\/td>\n<td>3+2<\/td>\n<td>5<\/td>\n<\/tr>\n<tr>\n<td>4.<\/td>\n<td>O<\/td>\n<td>Tregjet dhe institucionet financiare<\/td>\n<td>3+2<\/td>\n<td>5<\/td>\n<\/tr>\n<tr>\n<td>5.<\/td>\n<td>Z<\/td>\n<td>Analiza statistikore<\/td>\n<td>3+2<\/td>\n<td>5<\/td>\n<\/tr>\n<tr>\n<td>6.<\/td>\n<td>Z<\/td>\n<td>Komunikimi n\u00eb biznes<\/td>\n<td>3+2<\/td>\n<td>5<\/td>\n<\/tr>\n<tr>\n<td>7.<\/td>\n<td>Z<\/td>\n<td>Menaxhimi i dijes<\/td>\n<td>3+2<\/td>\n<td>5<\/td>\n<\/tr>\n<tr>\n<td>8.<\/td>\n<td>Z<\/td>\n<td>Ekonomia monetare*<\/td>\n<td>3+2<\/td>\n<td>5<\/td>\n<\/tr>\n<tr>\n<td>9.<\/td>\n<td>Z<\/td>\n<td>Ekonomia e sigurimeve<\/td>\n<td>3+2<\/td>\n<td>5<\/td>\n<\/tr>\n<tr>\n<td>10<\/td>\n<td>Z<\/td>\n<td>Kontrolli dhe Auditimi I brendeshem*<\/td>\n<td>3+2<\/td>\n<td>5<\/td>\n<\/tr>\n<tr>\n<td>11.<\/td>\n<td>Z<\/td>\n<td>Menaxhimi I baz\u00ebs s\u00eb t\u00eb dh\u00ebnave*<\/td>\n<td>3+2<\/td>\n<td>5<\/td>\n<\/tr>\n<tr>\n<td>\u00a0<\/td>\n<td>\u00a0<\/td>\n<td>Total<\/td>\n<td>18+12<\/td>\n<td><strong>30<\/strong><\/td>\n<\/tr>\n<tr>\n<td colspan=\"5\"><strong>Viti i tret\u00eb \u2013 Semestri pest\u00eb:<\/strong><\/td>\n<\/tr>\n<tr>\n<td><strong>Nr.<\/strong><\/td>\n<td><strong>Obli.\/Zgj.<\/strong><\/td>\n<td><strong>L\u00ebnda:<\/strong><\/td>\n<td><strong>Or\u00eb L+U<\/strong><\/td>\n<td><strong>ECTS<\/strong><\/td>\n<\/tr>\n<tr>\n<td>1.<\/td>\n<td>O<\/td>\n<td>Praktik\u00eb dhe zhvillimi i karrier\u00ebs<\/td>\n<td>0+4<\/td>\n<td>3<\/td>\n<\/tr>\n<tr>\n<td>2.<\/td>\n<td>Z<\/td>\n<td>Gjuha angleze II<\/td>\n<td>3+2<\/td>\n<td>5<\/td>\n<\/tr>\n<tr>\n<td>2.<\/td>\n<td>Z<\/td>\n<td>Fintech ne Biznes*<\/td>\n<td>3+2<\/td>\n<td>5<\/td>\n<\/tr>\n<tr>\n<td>2.<\/td>\n<td>Z<\/td>\n<td>E drejta biznesore<\/td>\n<td>3+2<\/td>\n<td>5<\/td>\n<\/tr>\n<tr>\n<td>2.<\/td>\n<td>Z<\/td>\n<td>Menaxhment strategjik<\/td>\n<td>3+2<\/td>\n<td>5<\/td>\n<\/tr>\n<tr>\n<td>2.<\/td>\n<td>Z<\/td>\n<td>Gjuha Gjermane<\/td>\n<td>3+2<\/td>\n<td>5<\/td>\n<\/tr>\n<tr>\n<td>2.<\/td>\n<td>Z<\/td>\n<td>Treg\u00ebtia e Jashtme<\/td>\n<td>3+2<\/td>\n<td>5<\/td>\n<\/tr>\n<tr>\n<td>2.<\/td>\n<td>Z<\/td>\n<td>Sociologjia ekonomike<\/td>\n<td>3+2<\/td>\n<td>5<\/td>\n<\/tr>\n<tr>\n<td colspan=\"5\"><strong>Specializimi: Administrim Biznesi<\/strong><strong>Parakushti: P\u00ebr t\u00eb vazhduar k\u00ebt\u00eb profil t\u00eb programit nuk ka parakushte specifike, p\u00ebrve\u00e7 atyre t\u00eb p\u00ebrcaktuara sipas Statutit<\/strong><\/td>\n<\/tr>\n<tr>\n<td colspan=\"5\"><strong>Viti i tret\u00eb \u2013 Semestri pest\u00eb:<\/strong><\/td>\n<\/tr>\n<tr>\n<td><strong>Nr.<\/strong><\/td>\n<td><strong>Obli.\/Zgj.<\/strong><\/td>\n<td><strong>L\u00ebnda:<\/strong><\/td>\n<td><strong>Or\u00eb L+U<\/strong><\/td>\n<td><strong>ECTS<\/strong><\/td>\n<\/tr>\n<tr>\n<td>1.<\/td>\n<td>O<\/td>\n<td>Menaxhimi i NVM-ve<\/td>\n<td>3+2<\/td>\n<td>5<\/td>\n<\/tr>\n<tr>\n<td>2.<\/td>\n<td>O<\/td>\n<td>Ekonometria<\/td>\n<td>3+3<\/td>\n<td>6<\/td>\n<\/tr>\n<tr>\n<td>3.<\/td>\n<td>O<\/td>\n<td>Menaxhimi i projekteve<\/td>\n<td>3+3<\/td>\n<td>6<\/td>\n<\/tr>\n<tr>\n<td>4.<\/td>\n<td>O<\/td>\n<td>Analiza mikroekonomike<\/td>\n<td>3+2<\/td>\n<td>5<\/td>\n<\/tr>\n<tr>\n<td>\u00a0<\/td>\n<td>\u00a0<\/td>\n<td>Totali<\/td>\n<td>15+16<\/td>\n<td><strong>30<\/strong><\/td>\n<\/tr>\n<tr>\n<td colspan=\"5\"><strong>Viti i tret\u00eb \u2013 Semestri gjasht\u00eb<\/strong><\/td>\n<\/tr>\n<tr>\n<td>1.<\/td>\n<td>O<\/td>\n<td>Metodologjia e hartimit t\u00eb diplom\u00ebs<\/td>\n<td>2+1<\/td>\n<td>4<\/td>\n<\/tr>\n<tr>\n<td>2.<\/td>\n<td>O<\/td>\n<td>Lidershipi<\/td>\n<td>3+2<\/td>\n<td>5<\/td>\n<\/tr>\n<tr>\n<td>3.<\/td>\n<td>O<\/td>\n<td>Sisteme informacioni<\/td>\n<td>4+2<\/td>\n<td>6<\/td>\n<\/tr>\n<tr>\n<td>4.<\/td>\n<td>O<\/td>\n<td>Sjellja Organizative<\/td>\n<td>3+2<\/td>\n<td>5<\/td>\n<\/tr>\n<tr>\n<td>5.<\/td>\n<td>O<\/td>\n<td>Punimi i diplom\u00ebs Bachelor<\/td>\n<td>\u00a0<\/td>\n<td>10<\/td>\n<\/tr>\n<tr>\n<td>\u00a0<\/td>\n<td>\u00a0<\/td>\n<td>Total<\/td>\n<td>12+7<\/td>\n<td><strong>30<\/strong><\/td>\n<\/tr>\n<tr>\n<td colspan=\"5\"><strong>Specializimi: Banka dhe Financa<\/strong><strong>Parakushti: P\u00ebr t\u00eb diplomuar n\u00eb k\u00ebt\u00eb profil t\u00eb programit duhet pasur t\u00eb fituara s\u00eb paku 60 ECTS kredi nga l\u00ebnd\u00ebt me \u201c*\u201d<\/strong><\/td>\n<\/tr>\n<tr>\n<td colspan=\"5\"><strong>Viti i tret\u00eb \u2013 Semestri pest\u00eb:<\/strong><\/td>\n<\/tr>\n<tr>\n<td><strong>Nr.<\/strong><\/td>\n<td><strong>Obli.\/Zgj.<\/strong><\/td>\n<td><strong>L\u00ebnda:<\/strong><\/td>\n<td><strong>Or\u00eb L+U<\/strong><\/td>\n<td><strong>ECTS<\/strong><\/td>\n<\/tr>\n<tr>\n<td>1.<\/td>\n<td>O<\/td>\n<td>Ekonometria*<\/td>\n<td>3+3<\/td>\n<td>6<\/td>\n<\/tr>\n<tr>\n<td>2.<\/td>\n<td>O<\/td>\n<td>Analiza dhe raportimi financiar*<\/td>\n<td>3+3<\/td>\n<td>6<\/td>\n<\/tr>\n<tr>\n<td>3.<\/td>\n<td>O<\/td>\n<td>Financa nd\u00ebrkomb\u00ebtare*<\/td>\n<td>3+2<\/td>\n<td>5<\/td>\n<\/tr>\n<tr>\n<td>4.<\/td>\n<td>O<\/td>\n<td>Banka dhe Sigurime<\/td>\n<td>3+2<\/td>\n<td>5<\/td>\n<\/tr>\n<tr>\n<td>\u00a0<\/td>\n<td>\u00a0<\/td>\n<td>Totali<\/td>\n<td>12+10<\/td>\n<td><strong>30<\/strong><\/td>\n<\/tr>\n<tr>\n<td colspan=\"5\"><strong>Viti i tret\u00eb \u2013 Semestri gjasht\u00eb<\/strong><\/td>\n<\/tr>\n<tr>\n<td><strong>Nr.<\/strong><\/td>\n<td><strong>Obli.\/Zgj.<\/strong><\/td>\n<td><strong>L\u00ebnda:<\/strong><\/td>\n<td><strong>Or\u00eb L+U<\/strong><\/td>\n<td><strong>ECTS<\/strong><\/td>\n<\/tr>\n<tr>\n<td>1.<\/td>\n<td>O<\/td>\n<td>Metodologjia e hartimit t\u00eb diplom\u00ebs<\/td>\n<td>3+1<\/td>\n<td>4<\/td>\n<\/tr>\n<tr>\n<td>2.<\/td>\n<td>O<\/td>\n<td>Financa publike<\/td>\n<td>3+2<\/td>\n<td>5<\/td>\n<\/tr>\n<tr>\n<td>3.<\/td>\n<td>O<\/td>\n<td>Kontabiliteti bankar dhe i sigurimeve<\/td>\n<td>3+2<\/td>\n<td>5<\/td>\n<\/tr>\n<tr>\n<td>4.<\/td>\n<td>O<\/td>\n<td>Menaxhimi i riskut te ndermarrjes (ERM)<\/td>\n<td>4+2<\/td>\n<td>6<\/td>\n<\/tr>\n<tr>\n<td>5.<\/td>\n<td>O<\/td>\n<td>Punimi i diplom\u00ebs Bachelor<\/td>\n<td>\u00a0<\/td>\n<td>10<\/td>\n<\/tr>\n<tr>\n<td>\u00a0<\/td>\n<td>\u00a0<\/td>\n<td>Totali<\/td>\n<td>13+7<\/td>\n<td><strong>30<\/strong><\/td>\n<\/tr>\n<\/tbody>\n<\/table>\n<\/figure>\n\t\t\t\t\t\t\t\t<\/div>\n\t\t\t\t<\/div>\n\t\t\t\t\t<\/div>\n\t\t<\/div>\n\t\t\t\t\t<\/div>\n\t\t<\/section>\n\t\t\t\t<\/div>\n\t\t","protected":false},"excerpt":{"rendered":"<p>MENAXHIM BIZNESI \u2013 BSC, 2022-2027 \u00a0 Programi Menaxhim biznesi \u2013 BSc, Programi i akredituar 2022 \u2013 2027 Pasqyra e programit p\u00ebr Bachelor i Shkencave n\u00eb Menaxhim Biznesi Profilet me Specializim&hellip;<\/p>\n","protected":false},"author":1,"featured_media":0,"parent":0,"menu_order":0,"comment_status":"closed","ping_status":"closed","template":"","meta":{"footnotes":""},"class_list":["post-21295","page","type-page","status-publish","hentry"],"yoast_head":"<!-- This site is optimized with the Yoast SEO Premium plugin v27.2 (Yoast SEO v27.2) - https:\/\/yoast.com\/product\/yoast-seo-premium-wordpress\/ -->\n<title>Menaxhim Biznesi \u2013 BSc 2022\u20112027 | Universiteti \u201cHaxhi Zeka<\/title>\n<meta name=\"description\" content=\"Zbulo programin \u201cMenaxhim Biznesi \u2013 BSc 2022\u20112027\u201d n\u00eb Universitetin \u201cHaxhi Zeka\u201d: struktur\u00eb studimi, specializime dhe l\u00ebnd\u00eb ky\u00e7e p\u00ebr zhvillimin e aft\u00ebsive n\u00eb biznes dhe menaxhim.\" \/>\n<meta name=\"robots\" content=\"index, follow, max-snippet:-1, max-image-preview:large, max-video-preview:-1\" \/>\n<link rel=\"canonical\" href=\"https:\/\/unhz.eu\/fakulteti-juridik\/menaxhim-biznesi-bsc-2022-2027\/\" \/>\n<meta property=\"og:locale\" content=\"sq_AL\" \/>\n<meta property=\"og:type\" content=\"article\" \/>\n<meta property=\"og:title\" content=\"MENAXHIM BIZNESI \u2013 BSC, 2022-2027\" \/>\n<meta property=\"og:description\" content=\"Zbulo programin \u201cMenaxhim Biznesi \u2013 BSc 2022\u20112027\u201d n\u00eb Universitetin \u201cHaxhi Zeka\u201d: struktur\u00eb studimi, specializime dhe l\u00ebnd\u00eb ky\u00e7e p\u00ebr zhvillimin e aft\u00ebsive n\u00eb biznes dhe menaxhim.\" \/>\n<meta property=\"og:url\" content=\"https:\/\/unhz.eu\/fakulteti-juridik\/menaxhim-biznesi-bsc-2022-2027\/\" \/>\n<meta property=\"og:site_name\" content=\"Fakulteti Juridik\" \/>\n<meta property=\"article:modified_time\" content=\"2026-02-06T14:01:03+00:00\" \/>\n<meta name=\"twitter:card\" content=\"summary_large_image\" \/>\n<meta name=\"twitter:label1\" content=\"Est. reading time\" \/>\n\t<meta name=\"twitter:data1\" content=\"4 minuta\" \/>\n<script type=\"application\/ld+json\" class=\"yoast-schema-graph\">{\"@context\":\"https:\/\/schema.org\",\"@graph\":[{\"@type\":\"WebPage\",\"@id\":\"https:\/\/unhz.eu\/fakulteti-juridik\/menaxhim-biznesi-bsc-2022-2027\/\",\"url\":\"https:\/\/unhz.eu\/fakulteti-juridik\/menaxhim-biznesi-bsc-2022-2027\/\",\"name\":\"Menaxhim Biznesi \u2013 BSc 2022\u20112027 | Universiteti \u201cHaxhi Zeka\",\"isPartOf\":{\"@id\":\"https:\/\/unhz.eu\/fakulteti-juridik\/#website\"},\"datePublished\":\"2024-02-27T14:06:29+00:00\",\"dateModified\":\"2026-02-06T14:01:03+00:00\",\"description\":\"Zbulo programin \u201cMenaxhim Biznesi \u2013 BSc 2022\u20112027\u201d n\u00eb Universitetin \u201cHaxhi Zeka\u201d: struktur\u00eb studimi, specializime dhe l\u00ebnd\u00eb ky\u00e7e p\u00ebr zhvillimin e aft\u00ebsive n\u00eb biznes dhe menaxhim.\",\"breadcrumb\":{\"@id\":\"https:\/\/unhz.eu\/fakulteti-juridik\/menaxhim-biznesi-bsc-2022-2027\/#breadcrumb\"},\"inLanguage\":\"sq\",\"potentialAction\":[{\"@type\":\"ReadAction\",\"target\":[\"https:\/\/unhz.eu\/fakulteti-juridik\/menaxhim-biznesi-bsc-2022-2027\/\"]}]},{\"@type\":\"BreadcrumbList\",\"@id\":\"https:\/\/unhz.eu\/fakulteti-juridik\/menaxhim-biznesi-bsc-2022-2027\/#breadcrumb\",\"itemListElement\":[{\"@type\":\"ListItem\",\"position\":1,\"name\":\"Home\",\"item\":\"https:\/\/unhz.eu\/fakulteti-juridik\/\"},{\"@type\":\"ListItem\",\"position\":2,\"name\":\"MENAXHIM BIZNESI \u2013 BSC, 2022-2027\"}]},{\"@type\":\"WebSite\",\"@id\":\"https:\/\/unhz.eu\/fakulteti-juridik\/#website\",\"url\":\"https:\/\/unhz.eu\/fakulteti-juridik\/\",\"name\":\"Fakulteti Juridik\",\"description\":\"I dedikuar p\u00ebr cil\u00ebsi standarde dhe suksese\",\"publisher\":{\"@id\":\"https:\/\/unhz.eu\/fakulteti-juridik\/#organization\"},\"potentialAction\":[{\"@type\":\"SearchAction\",\"target\":{\"@type\":\"EntryPoint\",\"urlTemplate\":\"https:\/\/unhz.eu\/fakulteti-juridik\/?s={search_term_string}\"},\"query-input\":{\"@type\":\"PropertyValueSpecification\",\"valueRequired\":true,\"valueName\":\"search_term_string\"}}],\"inLanguage\":\"sq\"},{\"@type\":\"Organization\",\"@id\":\"https:\/\/unhz.eu\/fakulteti-juridik\/#organization\",\"name\":\"Fakulteti Juridik\",\"url\":\"https:\/\/unhz.eu\/fakulteti-juridik\/\",\"logo\":{\"@type\":\"ImageObject\",\"inLanguage\":\"sq\",\"@id\":\"https:\/\/unhz.eu\/fakulteti-juridik\/#\/schema\/logo\/image\/\",\"url\":\"https:\/\/unhz.eu\/fakulteti-juridik\/wp-content\/uploads\/sites\/9\/2024\/02\/cropped-logo-1-1-e1713527702695.png\",\"contentUrl\":\"https:\/\/unhz.eu\/fakulteti-juridik\/wp-content\/uploads\/sites\/9\/2024\/02\/cropped-logo-1-1-e1713527702695.png\",\"width\":100,\"height\":100,\"caption\":\"Fakulteti Juridik\"},\"image\":{\"@id\":\"https:\/\/unhz.eu\/fakulteti-juridik\/#\/schema\/logo\/image\/\"}}]}<\/script>\n<!-- \/ Yoast SEO Premium plugin. -->","yoast_head_json":{"title":"Menaxhim Biznesi \u2013 BSc 2022\u20112027 | Universiteti \u201cHaxhi Zeka","description":"Zbulo programin \u201cMenaxhim Biznesi \u2013 BSc 2022\u20112027\u201d n\u00eb Universitetin \u201cHaxhi Zeka\u201d: struktur\u00eb studimi, specializime dhe l\u00ebnd\u00eb ky\u00e7e p\u00ebr zhvillimin e aft\u00ebsive n\u00eb biznes dhe menaxhim.","robots":{"index":"index","follow":"follow","max-snippet":"max-snippet:-1","max-image-preview":"max-image-preview:large","max-video-preview":"max-video-preview:-1"},"canonical":"https:\/\/unhz.eu\/fakulteti-juridik\/menaxhim-biznesi-bsc-2022-2027\/","og_locale":"sq_AL","og_type":"article","og_title":"MENAXHIM BIZNESI \u2013 BSC, 2022-2027","og_description":"Zbulo programin \u201cMenaxhim Biznesi \u2013 BSc 2022\u20112027\u201d n\u00eb Universitetin \u201cHaxhi Zeka\u201d: struktur\u00eb studimi, specializime dhe l\u00ebnd\u00eb ky\u00e7e p\u00ebr zhvillimin e aft\u00ebsive n\u00eb biznes dhe menaxhim.","og_url":"https:\/\/unhz.eu\/fakulteti-juridik\/menaxhim-biznesi-bsc-2022-2027\/","og_site_name":"Fakulteti Juridik","article_modified_time":"2026-02-06T14:01:03+00:00","twitter_card":"summary_large_image","twitter_misc":{"Est. reading time":"4 minuta"},"schema":{"@context":"https:\/\/schema.org","@graph":[{"@type":"WebPage","@id":"https:\/\/unhz.eu\/fakulteti-juridik\/menaxhim-biznesi-bsc-2022-2027\/","url":"https:\/\/unhz.eu\/fakulteti-juridik\/menaxhim-biznesi-bsc-2022-2027\/","name":"Menaxhim Biznesi \u2013 BSc 2022\u20112027 | Universiteti \u201cHaxhi Zeka","isPartOf":{"@id":"https:\/\/unhz.eu\/fakulteti-juridik\/#website"},"datePublished":"2024-02-27T14:06:29+00:00","dateModified":"2026-02-06T14:01:03+00:00","description":"Zbulo programin \u201cMenaxhim Biznesi \u2013 BSc 2022\u20112027\u201d n\u00eb Universitetin \u201cHaxhi Zeka\u201d: struktur\u00eb studimi, specializime dhe l\u00ebnd\u00eb ky\u00e7e p\u00ebr zhvillimin e aft\u00ebsive n\u00eb biznes dhe menaxhim.","breadcrumb":{"@id":"https:\/\/unhz.eu\/fakulteti-juridik\/menaxhim-biznesi-bsc-2022-2027\/#breadcrumb"},"inLanguage":"sq","potentialAction":[{"@type":"ReadAction","target":["https:\/\/unhz.eu\/fakulteti-juridik\/menaxhim-biznesi-bsc-2022-2027\/"]}]},{"@type":"BreadcrumbList","@id":"https:\/\/unhz.eu\/fakulteti-juridik\/menaxhim-biznesi-bsc-2022-2027\/#breadcrumb","itemListElement":[{"@type":"ListItem","position":1,"name":"Home","item":"https:\/\/unhz.eu\/fakulteti-juridik\/"},{"@type":"ListItem","position":2,"name":"MENAXHIM BIZNESI \u2013 BSC, 2022-2027"}]},{"@type":"WebSite","@id":"https:\/\/unhz.eu\/fakulteti-juridik\/#website","url":"https:\/\/unhz.eu\/fakulteti-juridik\/","name":"Fakulteti Juridik","description":"I dedikuar p\u00ebr cil\u00ebsi standarde dhe suksese","publisher":{"@id":"https:\/\/unhz.eu\/fakulteti-juridik\/#organization"},"potentialAction":[{"@type":"SearchAction","target":{"@type":"EntryPoint","urlTemplate":"https:\/\/unhz.eu\/fakulteti-juridik\/?s={search_term_string}"},"query-input":{"@type":"PropertyValueSpecification","valueRequired":true,"valueName":"search_term_string"}}],"inLanguage":"sq"},{"@type":"Organization","@id":"https:\/\/unhz.eu\/fakulteti-juridik\/#organization","name":"Fakulteti Juridik","url":"https:\/\/unhz.eu\/fakulteti-juridik\/","logo":{"@type":"ImageObject","inLanguage":"sq","@id":"https:\/\/unhz.eu\/fakulteti-juridik\/#\/schema\/logo\/image\/","url":"https:\/\/unhz.eu\/fakulteti-juridik\/wp-content\/uploads\/sites\/9\/2024\/02\/cropped-logo-1-1-e1713527702695.png","contentUrl":"https:\/\/unhz.eu\/fakulteti-juridik\/wp-content\/uploads\/sites\/9\/2024\/02\/cropped-logo-1-1-e1713527702695.png","width":100,"height":100,"caption":"Fakulteti Juridik"},"image":{"@id":"https:\/\/unhz.eu\/fakulteti-juridik\/#\/schema\/logo\/image\/"}}]}},"_links":{"self":[{"href":"https:\/\/unhz.eu\/fakulteti-juridik\/wp-json\/wp\/v2\/pages\/21295","targetHints":{"allow":["GET"]}}],"collection":[{"href":"https:\/\/unhz.eu\/fakulteti-juridik\/wp-json\/wp\/v2\/pages"}],"about":[{"href":"https:\/\/unhz.eu\/fakulteti-juridik\/wp-json\/wp\/v2\/types\/page"}],"author":[{"embeddable":true,"href":"https:\/\/unhz.eu\/fakulteti-juridik\/wp-json\/wp\/v2\/users\/1"}],"replies":[{"embeddable":true,"href":"https:\/\/unhz.eu\/fakulteti-juridik\/wp-json\/wp\/v2\/comments?post=21295"}],"version-history":[{"count":1,"href":"https:\/\/unhz.eu\/fakulteti-juridik\/wp-json\/wp\/v2\/pages\/21295\/revisions"}],"predecessor-version":[{"id":51028,"href":"https:\/\/unhz.eu\/fakulteti-juridik\/wp-json\/wp\/v2\/pages\/21295\/revisions\/51028"}],"wp:attachment":[{"href":"https:\/\/unhz.eu\/fakulteti-juridik\/wp-json\/wp\/v2\/media?parent=21295"}],"curies":[{"name":"wp","href":"https:\/\/api.w.org\/{rel}","templated":true}]}}