{"id":49808,"date":"2025-12-01T10:48:44","date_gmt":"2025-12-01T08:48:44","guid":{"rendered":"https:\/\/unhz.eu\/fakulteti-juridik\/?page_id=49808"},"modified":"2026-02-06T15:56:16","modified_gmt":"2026-02-06T13:56:16","slug":"kalendari-i-diplomimeve","status":"publish","type":"page","link":"https:\/\/unhz.eu\/fakulteti-juridik\/en\/kalendari-i-diplomimeve\/","title":{"rendered":"Kalendari i diplomimeve"},"content":{"rendered":"<div data-elementor-type=\"wp-page\" data-elementor-id=\"49808\" class=\"elementor elementor-49808\" data-elementor-post-type=\"page\">\n\t\t\t\t\t\t<section class=\"elementor-section elementor-top-section elementor-element elementor-element-eaaab69 elementor-section-boxed elementor-section-height-default elementor-section-height-default sc_fly_static\" data-id=\"eaaab69\" data-element_type=\"section\" data-e-type=\"section\">\n\t\t\t\t\t\t<div class=\"elementor-container elementor-column-gap-extended\">\n\t\t\t\t\t<div class=\"elementor-column elementor-col-100 elementor-top-column elementor-element elementor-element-d16fc0e sc_content_align_inherit sc_layouts_column_icons_position_left sc_fly_static\" data-id=\"d16fc0e\" data-element_type=\"column\" data-e-type=\"column\">\n\t\t\t<div class=\"elementor-widget-wrap elementor-element-populated\">\n\t\t\t\t\t\t<div class=\"elementor-element elementor-element-71ebf7f sc_fly_static elementor-widget elementor-widget-html\" data-id=\"71ebf7f\" data-element_type=\"widget\" data-e-type=\"widget\" data-widget_type=\"html.default\">\n\t\t\t\t<div class=\"elementor-widget-container\">\n\t\t\t\t\t<iframe \n  src=\"https:\/\/unhz.eu\/dipl\/fj\/\"\n  width=\"100%\"\n  height=\"800\"\n  frameborder=\"1\"\n  scrolling=\"yes\">\n<\/iframe>\n\t\t\t\t<\/div>\n\t\t\t\t<\/div>\n\t\t\t\t\t<\/div>\n\t\t<\/div>\n\t\t\t\t\t<\/div>\n\t\t<\/section>\n\t\t\t\t<\/div>","protected":false},"excerpt":{"rendered":"","protected":false},"author":1,"featured_media":0,"parent":0,"menu_order":0,"comment_status":"closed","ping_status":"closed","template":"","meta":{"footnotes":""},"class_list":["post-49808","page","type-page","status-publish","hentry"],"yoast_head":"<!-- This site is optimized with the Yoast SEO Premium plugin v27.2 (Yoast SEO v27.2) - https:\/\/yoast.com\/product\/yoast-seo-premium-wordpress\/ -->\n<title>Kalendari i diplomimeve \u2013 Fakulteti Juridik | UNHZ<\/title>\n<meta name=\"description\" content=\"Shiko kalendarin e diplomimeve p\u00ebr student\u00ebt e Fakultetit Juridik n\u00eb Universitetin \u201cHaxhi Zeka\u201d: datat e afateve t\u00eb mbrojtjeve dhe ceremonive solemne t\u00eb diplomimit sipas vitit akademik.\" \/>\n<meta name=\"robots\" content=\"index, follow, max-snippet:-1, max-image-preview:large, max-video-preview:-1\" \/>\n<link rel=\"canonical\" href=\"https:\/\/unhz.eu\/fakulteti-juridik\/en\/kalendari-i-diplomimeve\/\" \/>\n<meta property=\"og:locale\" content=\"en_US\" \/>\n<meta property=\"og:type\" content=\"article\" \/>\n<meta property=\"og:title\" content=\"Kalendari i diplomimeve\" \/>\n<meta property=\"og:description\" content=\"Shiko kalendarin e diplomimeve p\u00ebr student\u00ebt e Fakultetit Juridik n\u00eb Universitetin \u201cHaxhi Zeka\u201d: datat e afateve t\u00eb mbrojtjeve dhe ceremonive solemne t\u00eb diplomimit sipas vitit akademik.\" \/>\n<meta property=\"og:url\" content=\"https:\/\/unhz.eu\/fakulteti-juridik\/en\/kalendari-i-diplomimeve\/\" \/>\n<meta property=\"og:site_name\" content=\"Fakulteti Juridik\" \/>\n<meta property=\"article:modified_time\" content=\"2026-02-06T13:56:16+00:00\" \/>\n<meta name=\"twitter:card\" content=\"summary_large_image\" \/>\n<script type=\"application\/ld+json\" class=\"yoast-schema-graph\">{\"@context\":\"https:\/\/schema.org\",\"@graph\":[{\"@type\":\"WebPage\",\"@id\":\"https:\/\/unhz.eu\/fakulteti-juridik\/kalendari-i-diplomimeve\/\",\"url\":\"https:\/\/unhz.eu\/fakulteti-juridik\/kalendari-i-diplomimeve\/\",\"name\":\"Kalendari i diplomimeve \u2013 Fakulteti Juridik | UNHZ\",\"isPartOf\":{\"@id\":\"https:\/\/unhz.eu\/fakulteti-juridik\/#website\"},\"datePublished\":\"2025-12-01T08:48:44+00:00\",\"dateModified\":\"2026-02-06T13:56:16+00:00\",\"description\":\"Shiko kalendarin e diplomimeve p\u00ebr student\u00ebt e Fakultetit Juridik n\u00eb Universitetin \u201cHaxhi Zeka\u201d: datat e afateve t\u00eb mbrojtjeve dhe ceremonive solemne t\u00eb diplomimit sipas vitit akademik.\",\"breadcrumb\":{\"@id\":\"https:\/\/unhz.eu\/fakulteti-juridik\/kalendari-i-diplomimeve\/#breadcrumb\"},\"inLanguage\":\"en-US\",\"potentialAction\":[{\"@type\":\"ReadAction\",\"target\":[\"https:\/\/unhz.eu\/fakulteti-juridik\/kalendari-i-diplomimeve\/\"]}]},{\"@type\":\"BreadcrumbList\",\"@id\":\"https:\/\/unhz.eu\/fakulteti-juridik\/kalendari-i-diplomimeve\/#breadcrumb\",\"itemListElement\":[{\"@type\":\"ListItem\",\"position\":1,\"name\":\"Home\",\"item\":\"https:\/\/unhz.eu\/fakulteti-juridik\/\"},{\"@type\":\"ListItem\",\"position\":2,\"name\":\"Kalendari i diplomimeve\"}]},{\"@type\":\"WebSite\",\"@id\":\"https:\/\/unhz.eu\/fakulteti-juridik\/#website\",\"url\":\"https:\/\/unhz.eu\/fakulteti-juridik\/\",\"name\":\"Fakulteti Juridik\",\"description\":\"I dedikuar p\u00ebr cil\u00ebsi standarde dhe suksese\",\"publisher\":{\"@id\":\"https:\/\/unhz.eu\/fakulteti-juridik\/#organization\"},\"potentialAction\":[{\"@type\":\"SearchAction\",\"target\":{\"@type\":\"EntryPoint\",\"urlTemplate\":\"https:\/\/unhz.eu\/fakulteti-juridik\/?s={search_term_string}\"},\"query-input\":{\"@type\":\"PropertyValueSpecification\",\"valueRequired\":true,\"valueName\":\"search_term_string\"}}],\"inLanguage\":\"en-US\"},{\"@type\":\"Organization\",\"@id\":\"https:\/\/unhz.eu\/fakulteti-juridik\/#organization\",\"name\":\"Fakulteti Juridik\",\"url\":\"https:\/\/unhz.eu\/fakulteti-juridik\/\",\"logo\":{\"@type\":\"ImageObject\",\"inLanguage\":\"en-US\",\"@id\":\"https:\/\/unhz.eu\/fakulteti-juridik\/#\/schema\/logo\/image\/\",\"url\":\"https:\/\/unhz.eu\/fakulteti-juridik\/wp-content\/uploads\/sites\/9\/2024\/02\/cropped-logo-1-1-e1713527702695.png\",\"contentUrl\":\"https:\/\/unhz.eu\/fakulteti-juridik\/wp-content\/uploads\/sites\/9\/2024\/02\/cropped-logo-1-1-e1713527702695.png\",\"width\":100,\"height\":100,\"caption\":\"Fakulteti Juridik\"},\"image\":{\"@id\":\"https:\/\/unhz.eu\/fakulteti-juridik\/#\/schema\/logo\/image\/\"}}]}<\/script>\n<!-- \/ Yoast SEO Premium plugin. -->","yoast_head_json":{"title":"Kalendari i diplomimeve \u2013 Fakulteti Juridik | UNHZ","description":"Shiko kalendarin e diplomimeve p\u00ebr student\u00ebt e Fakultetit Juridik n\u00eb Universitetin \u201cHaxhi Zeka\u201d: datat e afateve t\u00eb mbrojtjeve dhe ceremonive solemne t\u00eb diplomimit sipas vitit akademik.","robots":{"index":"index","follow":"follow","max-snippet":"max-snippet:-1","max-image-preview":"max-image-preview:large","max-video-preview":"max-video-preview:-1"},"canonical":"https:\/\/unhz.eu\/fakulteti-juridik\/en\/kalendari-i-diplomimeve\/","og_locale":"en_US","og_type":"article","og_title":"Kalendari i diplomimeve","og_description":"Shiko kalendarin e diplomimeve p\u00ebr student\u00ebt e Fakultetit Juridik n\u00eb Universitetin \u201cHaxhi Zeka\u201d: datat e afateve t\u00eb mbrojtjeve dhe ceremonive solemne t\u00eb diplomimit sipas vitit akademik.","og_url":"https:\/\/unhz.eu\/fakulteti-juridik\/en\/kalendari-i-diplomimeve\/","og_site_name":"Fakulteti Juridik","article_modified_time":"2026-02-06T13:56:16+00:00","twitter_card":"summary_large_image","schema":{"@context":"https:\/\/schema.org","@graph":[{"@type":"WebPage","@id":"https:\/\/unhz.eu\/fakulteti-juridik\/kalendari-i-diplomimeve\/","url":"https:\/\/unhz.eu\/fakulteti-juridik\/kalendari-i-diplomimeve\/","name":"Kalendari i diplomimeve \u2013 Fakulteti Juridik | UNHZ","isPartOf":{"@id":"https:\/\/unhz.eu\/fakulteti-juridik\/#website"},"datePublished":"2025-12-01T08:48:44+00:00","dateModified":"2026-02-06T13:56:16+00:00","description":"Shiko kalendarin e diplomimeve p\u00ebr student\u00ebt e Fakultetit Juridik n\u00eb Universitetin \u201cHaxhi Zeka\u201d: datat e afateve t\u00eb mbrojtjeve dhe ceremonive solemne t\u00eb diplomimit sipas vitit akademik.","breadcrumb":{"@id":"https:\/\/unhz.eu\/fakulteti-juridik\/kalendari-i-diplomimeve\/#breadcrumb"},"inLanguage":"en-US","potentialAction":[{"@type":"ReadAction","target":["https:\/\/unhz.eu\/fakulteti-juridik\/kalendari-i-diplomimeve\/"]}]},{"@type":"BreadcrumbList","@id":"https:\/\/unhz.eu\/fakulteti-juridik\/kalendari-i-diplomimeve\/#breadcrumb","itemListElement":[{"@type":"ListItem","position":1,"name":"Home","item":"https:\/\/unhz.eu\/fakulteti-juridik\/"},{"@type":"ListItem","position":2,"name":"Kalendari i diplomimeve"}]},{"@type":"WebSite","@id":"https:\/\/unhz.eu\/fakulteti-juridik\/#website","url":"https:\/\/unhz.eu\/fakulteti-juridik\/","name":"Faculy of Law","description":"Dedicated to standard quality and success","publisher":{"@id":"https:\/\/unhz.eu\/fakulteti-juridik\/#organization"},"potentialAction":[{"@type":"SearchAction","target":{"@type":"EntryPoint","urlTemplate":"https:\/\/unhz.eu\/fakulteti-juridik\/?s={search_term_string}"},"query-input":{"@type":"PropertyValueSpecification","valueRequired":true,"valueName":"search_term_string"}}],"inLanguage":"en-US"},{"@type":"Organization","@id":"https:\/\/unhz.eu\/fakulteti-juridik\/#organization","name":"Faculy of Law","url":"https:\/\/unhz.eu\/fakulteti-juridik\/","logo":{"@type":"ImageObject","inLanguage":"en-US","@id":"https:\/\/unhz.eu\/fakulteti-juridik\/#\/schema\/logo\/image\/","url":"https:\/\/unhz.eu\/fakulteti-juridik\/wp-content\/uploads\/sites\/9\/2024\/02\/cropped-logo-1-1-e1713527702695.png","contentUrl":"https:\/\/unhz.eu\/fakulteti-juridik\/wp-content\/uploads\/sites\/9\/2024\/02\/cropped-logo-1-1-e1713527702695.png","width":100,"height":100,"caption":"Fakulteti Juridik"},"image":{"@id":"https:\/\/unhz.eu\/fakulteti-juridik\/#\/schema\/logo\/image\/"}}]}},"_links":{"self":[{"href":"https:\/\/unhz.eu\/fakulteti-juridik\/en\/wp-json\/wp\/v2\/pages\/49808","targetHints":{"allow":["GET"]}}],"collection":[{"href":"https:\/\/unhz.eu\/fakulteti-juridik\/en\/wp-json\/wp\/v2\/pages"}],"about":[{"href":"https:\/\/unhz.eu\/fakulteti-juridik\/en\/wp-json\/wp\/v2\/types\/page"}],"author":[{"embeddable":true,"href":"https:\/\/unhz.eu\/fakulteti-juridik\/en\/wp-json\/wp\/v2\/users\/1"}],"replies":[{"embeddable":true,"href":"https:\/\/unhz.eu\/fakulteti-juridik\/en\/wp-json\/wp\/v2\/comments?post=49808"}],"version-history":[{"count":5,"href":"https:\/\/unhz.eu\/fakulteti-juridik\/en\/wp-json\/wp\/v2\/pages\/49808\/revisions"}],"predecessor-version":[{"id":51024,"href":"https:\/\/unhz.eu\/fakulteti-juridik\/en\/wp-json\/wp\/v2\/pages\/49808\/revisions\/51024"}],"wp:attachment":[{"href":"https:\/\/unhz.eu\/fakulteti-juridik\/en\/wp-json\/wp\/v2\/media?parent=49808"}],"curies":[{"name":"wp","href":"https:\/\/api.w.org\/{rel}","templated":true}]}}