{"id":49487,"date":"2025-01-17T09:11:59","date_gmt":"2025-01-17T09:11:59","guid":{"rendered":"https:\/\/unhz.eu\/fakulteti-juridik\/?page_id=49487"},"modified":"2025-09-10T08:10:17","modified_gmt":"2025-09-10T08:10:17","slug":"stafi","status":"publish","type":"page","link":"https:\/\/unhz.eu\/fakulteti-juridik\/en\/stafi\/","title":{"rendered":"Staff"},"content":{"rendered":"<p>The Faculty of Law of \"Haxhi Zeka\" University consists of a dedicated staff, which is divided into three main categories: Dean's Office, academic staff and administrative staff.<\/p>\n\n\n\n<p><strong>The Dean's Office:<\/strong><br>The Dean's Office constitutes the governing body of the Faculty of Law, which includes the Dean and Vice-Deans. This leadership team is responsible for the strategic direction of the faculty, ensuring academic quality, and supporting the professional development of students and staff.<\/p>\n\n\n\n<p><strong>Academic Staff:<\/strong><br>The academic staff consists of specialized professors and assistants, who bring extensive expertise in various areas of law, including civil, criminal, international and administrative law. They are engaged in teaching, scientific research and mentoring students.<\/p>\n\n\n\n<p><strong>Administrative Staff:<\/strong><br>The administrative staff ensures the efficient functioning of the faculty through the management of administrative processes, student services, and technical support for academic staff. This team is an important link in providing a quality experience for all members of the academic community.<\/p>\n\n\n\n<p>With its dedication and professionalism, the staff of the Faculty of Law at \"Haxhi Zeka\" University aims to provide an inspiring academic environment, focusing on educating new generations of lawyers and contributing to the development of justice in the country.<\/p>","protected":false},"excerpt":{"rendered":"<p>Fakulteti Juridik i Universitetit &#8220;Haxhi Zeka&#8221; p\u00ebrb\u00ebhet nga nj\u00eb staf i p\u00ebrkushtuar, i cili \u00ebsht\u00eb i ndar\u00eb n\u00eb tri kategori kryesore: Dekanati, personeli akademik dhe stafi administrativ. Dekanati:Dekanati p\u00ebrb\u00ebn organin&hellip;<\/p>","protected":false},"author":1,"featured_media":0,"parent":0,"menu_order":0,"comment_status":"closed","ping_status":"closed","template":"","meta":{"footnotes":""},"class_list":["post-49487","page","type-page","status-publish","hentry"],"yoast_head":"<!-- This site is optimized with the Yoast SEO Premium plugin v27.2 (Yoast SEO v27.2) - https:\/\/yoast.com\/product\/yoast-seo-premium-wordpress\/ -->\n<title>Stafi \u2013 Fakulteti Juridik<\/title>\n<meta name=\"description\" content=\"Zona e stafit t\u00eb Fakultetit Juridik n\u00eb UHZ p\u00ebrfshin Dekanatin, Personelin Akademik dhe Administrativ\u2014t\u00eb p\u00ebrkushtuar n\u00eb m\u00ebsimdh\u00ebnie, hulumtime dhe mb\u00ebshtetje institucionale.\u201d\" \/>\n<meta name=\"robots\" content=\"index, follow, max-snippet:-1, max-image-preview:large, max-video-preview:-1\" \/>\n<link rel=\"canonical\" href=\"https:\/\/unhz.eu\/fakulteti-juridik\/en\/stafi\/\" \/>\n<meta property=\"og:locale\" content=\"en_US\" \/>\n<meta property=\"og:type\" content=\"article\" \/>\n<meta property=\"og:title\" content=\"Stafi\" \/>\n<meta property=\"og:description\" content=\"Zona e stafit t\u00eb Fakultetit Juridik n\u00eb UHZ p\u00ebrfshin Dekanatin, Personelin Akademik dhe Administrativ\u2014t\u00eb p\u00ebrkushtuar n\u00eb m\u00ebsimdh\u00ebnie, hulumtime dhe mb\u00ebshtetje institucionale.\u201d\" \/>\n<meta property=\"og:url\" content=\"https:\/\/unhz.eu\/fakulteti-juridik\/en\/stafi\/\" \/>\n<meta property=\"og:site_name\" content=\"Fakulteti Juridik\" \/>\n<meta property=\"article:modified_time\" content=\"2025-09-10T08:10:17+00:00\" \/>\n<meta name=\"twitter:card\" content=\"summary_large_image\" \/>\n<meta name=\"twitter:label1\" content=\"Est. reading time\" \/>\n\t<meta name=\"twitter:data1\" content=\"1 minute\" \/>\n<script type=\"application\/ld+json\" class=\"yoast-schema-graph\">{\"@context\":\"https:\/\/schema.org\",\"@graph\":[{\"@type\":\"WebPage\",\"@id\":\"https:\/\/unhz.eu\/fakulteti-juridik\/stafi\/\",\"url\":\"https:\/\/unhz.eu\/fakulteti-juridik\/stafi\/\",\"name\":\"Stafi \u2013 Fakulteti Juridik\",\"isPartOf\":{\"@id\":\"https:\/\/unhz.eu\/fakulteti-juridik\/#website\"},\"datePublished\":\"2025-01-17T09:11:59+00:00\",\"dateModified\":\"2025-09-10T08:10:17+00:00\",\"description\":\"Zona e stafit t\u00eb Fakultetit Juridik n\u00eb UHZ p\u00ebrfshin Dekanatin, Personelin Akademik dhe Administrativ\u2014t\u00eb p\u00ebrkushtuar n\u00eb m\u00ebsimdh\u00ebnie, hulumtime dhe mb\u00ebshtetje institucionale.\u201d\",\"breadcrumb\":{\"@id\":\"https:\/\/unhz.eu\/fakulteti-juridik\/stafi\/#breadcrumb\"},\"inLanguage\":\"en-US\",\"potentialAction\":[{\"@type\":\"ReadAction\",\"target\":[\"https:\/\/unhz.eu\/fakulteti-juridik\/stafi\/\"]}]},{\"@type\":\"BreadcrumbList\",\"@id\":\"https:\/\/unhz.eu\/fakulteti-juridik\/stafi\/#breadcrumb\",\"itemListElement\":[{\"@type\":\"ListItem\",\"position\":1,\"name\":\"Home\",\"item\":\"https:\/\/unhz.eu\/fakulteti-juridik\/\"},{\"@type\":\"ListItem\",\"position\":2,\"name\":\"Stafi\"}]},{\"@type\":\"WebSite\",\"@id\":\"https:\/\/unhz.eu\/fakulteti-juridik\/#website\",\"url\":\"https:\/\/unhz.eu\/fakulteti-juridik\/\",\"name\":\"Fakulteti Juridik\",\"description\":\"I dedikuar p\u00ebr cil\u00ebsi standarde dhe suksese\",\"publisher\":{\"@id\":\"https:\/\/unhz.eu\/fakulteti-juridik\/#organization\"},\"potentialAction\":[{\"@type\":\"SearchAction\",\"target\":{\"@type\":\"EntryPoint\",\"urlTemplate\":\"https:\/\/unhz.eu\/fakulteti-juridik\/?s={search_term_string}\"},\"query-input\":{\"@type\":\"PropertyValueSpecification\",\"valueRequired\":true,\"valueName\":\"search_term_string\"}}],\"inLanguage\":\"en-US\"},{\"@type\":\"Organization\",\"@id\":\"https:\/\/unhz.eu\/fakulteti-juridik\/#organization\",\"name\":\"Fakulteti Juridik\",\"url\":\"https:\/\/unhz.eu\/fakulteti-juridik\/\",\"logo\":{\"@type\":\"ImageObject\",\"inLanguage\":\"en-US\",\"@id\":\"https:\/\/unhz.eu\/fakulteti-juridik\/#\/schema\/logo\/image\/\",\"url\":\"https:\/\/unhz.eu\/fakulteti-juridik\/wp-content\/uploads\/sites\/9\/2024\/02\/cropped-logo-1-1-e1713527702695.png\",\"contentUrl\":\"https:\/\/unhz.eu\/fakulteti-juridik\/wp-content\/uploads\/sites\/9\/2024\/02\/cropped-logo-1-1-e1713527702695.png\",\"width\":100,\"height\":100,\"caption\":\"Fakulteti Juridik\"},\"image\":{\"@id\":\"https:\/\/unhz.eu\/fakulteti-juridik\/#\/schema\/logo\/image\/\"}}]}<\/script>\n<!-- \/ Yoast SEO Premium plugin. -->","yoast_head_json":{"title":"Stafi \u2013 Fakulteti Juridik","description":"Zona e stafit t\u00eb Fakultetit Juridik n\u00eb UHZ p\u00ebrfshin Dekanatin, Personelin Akademik dhe Administrativ\u2014t\u00eb p\u00ebrkushtuar n\u00eb m\u00ebsimdh\u00ebnie, hulumtime dhe mb\u00ebshtetje institucionale.\u201d","robots":{"index":"index","follow":"follow","max-snippet":"max-snippet:-1","max-image-preview":"max-image-preview:large","max-video-preview":"max-video-preview:-1"},"canonical":"https:\/\/unhz.eu\/fakulteti-juridik\/en\/stafi\/","og_locale":"en_US","og_type":"article","og_title":"Stafi","og_description":"Zona e stafit t\u00eb Fakultetit Juridik n\u00eb UHZ p\u00ebrfshin Dekanatin, Personelin Akademik dhe Administrativ\u2014t\u00eb p\u00ebrkushtuar n\u00eb m\u00ebsimdh\u00ebnie, hulumtime dhe mb\u00ebshtetje institucionale.\u201d","og_url":"https:\/\/unhz.eu\/fakulteti-juridik\/en\/stafi\/","og_site_name":"Fakulteti Juridik","article_modified_time":"2025-09-10T08:10:17+00:00","twitter_card":"summary_large_image","twitter_misc":{"Est. reading time":"1 minute"},"schema":{"@context":"https:\/\/schema.org","@graph":[{"@type":"WebPage","@id":"https:\/\/unhz.eu\/fakulteti-juridik\/stafi\/","url":"https:\/\/unhz.eu\/fakulteti-juridik\/stafi\/","name":"Stafi \u2013 Fakulteti Juridik","isPartOf":{"@id":"https:\/\/unhz.eu\/fakulteti-juridik\/#website"},"datePublished":"2025-01-17T09:11:59+00:00","dateModified":"2025-09-10T08:10:17+00:00","description":"Zona e stafit t\u00eb Fakultetit Juridik n\u00eb UHZ p\u00ebrfshin Dekanatin, Personelin Akademik dhe Administrativ\u2014t\u00eb p\u00ebrkushtuar n\u00eb m\u00ebsimdh\u00ebnie, hulumtime dhe mb\u00ebshtetje institucionale.\u201d","breadcrumb":{"@id":"https:\/\/unhz.eu\/fakulteti-juridik\/stafi\/#breadcrumb"},"inLanguage":"en-US","potentialAction":[{"@type":"ReadAction","target":["https:\/\/unhz.eu\/fakulteti-juridik\/stafi\/"]}]},{"@type":"BreadcrumbList","@id":"https:\/\/unhz.eu\/fakulteti-juridik\/stafi\/#breadcrumb","itemListElement":[{"@type":"ListItem","position":1,"name":"Home","item":"https:\/\/unhz.eu\/fakulteti-juridik\/"},{"@type":"ListItem","position":2,"name":"Stafi"}]},{"@type":"WebSite","@id":"https:\/\/unhz.eu\/fakulteti-juridik\/#website","url":"https:\/\/unhz.eu\/fakulteti-juridik\/","name":"Faculy of Law","description":"Dedicated to standard quality and success","publisher":{"@id":"https:\/\/unhz.eu\/fakulteti-juridik\/#organization"},"potentialAction":[{"@type":"SearchAction","target":{"@type":"EntryPoint","urlTemplate":"https:\/\/unhz.eu\/fakulteti-juridik\/?s={search_term_string}"},"query-input":{"@type":"PropertyValueSpecification","valueRequired":true,"valueName":"search_term_string"}}],"inLanguage":"en-US"},{"@type":"Organization","@id":"https:\/\/unhz.eu\/fakulteti-juridik\/#organization","name":"Faculy of Law","url":"https:\/\/unhz.eu\/fakulteti-juridik\/","logo":{"@type":"ImageObject","inLanguage":"en-US","@id":"https:\/\/unhz.eu\/fakulteti-juridik\/#\/schema\/logo\/image\/","url":"https:\/\/unhz.eu\/fakulteti-juridik\/wp-content\/uploads\/sites\/9\/2024\/02\/cropped-logo-1-1-e1713527702695.png","contentUrl":"https:\/\/unhz.eu\/fakulteti-juridik\/wp-content\/uploads\/sites\/9\/2024\/02\/cropped-logo-1-1-e1713527702695.png","width":100,"height":100,"caption":"Fakulteti Juridik"},"image":{"@id":"https:\/\/unhz.eu\/fakulteti-juridik\/#\/schema\/logo\/image\/"}}]}},"_links":{"self":[{"href":"https:\/\/unhz.eu\/fakulteti-juridik\/en\/wp-json\/wp\/v2\/pages\/49487","targetHints":{"allow":["GET"]}}],"collection":[{"href":"https:\/\/unhz.eu\/fakulteti-juridik\/en\/wp-json\/wp\/v2\/pages"}],"about":[{"href":"https:\/\/unhz.eu\/fakulteti-juridik\/en\/wp-json\/wp\/v2\/types\/page"}],"author":[{"embeddable":true,"href":"https:\/\/unhz.eu\/fakulteti-juridik\/en\/wp-json\/wp\/v2\/users\/1"}],"replies":[{"embeddable":true,"href":"https:\/\/unhz.eu\/fakulteti-juridik\/en\/wp-json\/wp\/v2\/comments?post=49487"}],"version-history":[{"count":1,"href":"https:\/\/unhz.eu\/fakulteti-juridik\/en\/wp-json\/wp\/v2\/pages\/49487\/revisions"}],"predecessor-version":[{"id":49659,"href":"https:\/\/unhz.eu\/fakulteti-juridik\/en\/wp-json\/wp\/v2\/pages\/49487\/revisions\/49659"}],"wp:attachment":[{"href":"https:\/\/unhz.eu\/fakulteti-juridik\/en\/wp-json\/wp\/v2\/media?parent=49487"}],"curies":[{"name":"wp","href":"https:\/\/api.w.org\/{rel}","templated":true}]}}