{"id":49445,"date":"2025-01-17T08:07:00","date_gmt":"2025-01-17T08:07:00","guid":{"rendered":"https:\/\/unhz.eu\/fakulteti-juridik\/?page_id=49445"},"modified":"2026-02-06T15:25:40","modified_gmt":"2026-02-06T13:25:40","slug":"e-drejta-nderkombetare-dhe-evropiane-llm-2019-2022","status":"publish","type":"page","link":"https:\/\/unhz.eu\/fakulteti-juridik\/en\/e-drejta-nderkombetare-dhe-evropiane-llm-2019-2022\/","title":{"rendered":"E Drejta Nd\u00ebrkombetare dhe Evropiane LLM 2019-2022"},"content":{"rendered":"<p><strong>Programi i studimit E Drejta Nd\u00ebrkombetare dhe Evropiane LLM 2019-2022<\/strong><\/p>\n\n\n\n<figure class=\"wp-block-table\"><table class=\"has-fixed-layout\"><tbody><tr><td><\/td><td colspan=\"6\"><strong>Viti I<\/strong><\/td><\/tr><tr><td><\/td><td colspan=\"3\"><strong>Semestri I<\/strong><\/td><td colspan=\"3\"><strong>Or\u00eb\/jav\u00eb<\/strong><\/td><\/tr><tr><td><\/td><td><strong>Nr.<\/strong><\/td><td><strong>O\/Z<\/strong><\/td><td><strong>L\u00ebnd\u00ebt<\/strong><\/td><td><strong>L<\/strong><\/td><td><strong>U<\/strong><\/td><td><strong>ECTS<\/strong><\/td><\/tr><tr><td><\/td><td>1.<\/td><td>O<\/td><td><a href=\"https:\/\/drive.google.com\/file\/d\/1uxexpax9bkefuvqYvA6SpIwtXYE5-LVg\/view?usp=sharing\">E Drejta Kushtetuese Evropiane dhe t\u00eb Drejtat e Njeriut<\/a><\/td><td>2<\/td><td>1<\/td><td>5<\/td><\/tr><tr><td><\/td><td>2.<\/td><td>O<\/td><td><a href=\"https:\/\/drive.google.com\/file\/d\/1tbaVn8sVUKNtzofrpNDfiB0wlQLhqJwL\/view?usp=sharing\">P\u00ebrgjegj\u00ebsia Nd\u00ebrkomb\u00ebtare<\/a><\/td><td>2<\/td><td>1<\/td><td>5<\/td><\/tr><tr><td><\/td><td>3.<\/td><td>O<\/td><td><a href=\"https:\/\/drive.google.com\/file\/d\/1GpUUMox7Z3xApldVPkwikhOhFAGD9gYk\/view?usp=sharing\">E Drejta Evropiane e Tregut t\u00eb Brendsh\u00ebm<\/a><\/td><td>2<\/td><td>1<\/td><td>5<\/td><\/tr><tr><td><\/td><td>4.<\/td><td>Z<\/td><td><a href=\"https:\/\/drive.google.com\/file\/d\/1t9K2r32T2weEkUNTbUeni-ccThMqeZjV\/view?usp=sharing\">E Drejta Nd\u00ebrkomb\u00ebtare dhe&nbsp; Krahasimore Evropiane e Mjedisit<\/a><\/td><td>2<\/td><td>1<\/td><td>4<\/td><\/tr><tr><td><\/td><td>5<\/td><td>Z<\/td><td><a href=\"https:\/\/drive.google.com\/file\/d\/1DedW-h-GYrUnmfAsFm-_onvorZOddVKM\/view?usp=sharing\">E Drejta Evropiane e Pun\u00ebs dhe Politika Sociale<\/a><\/td><td>2<\/td><td>1<\/td><td>4<\/td><\/tr><tr><td><\/td><td>6<\/td><td>Z<\/td><td><a href=\"https:\/\/drive.google.com\/file\/d\/1t9utm84UqkoFyWflSlRoBXr16uoIXOS6\/view?usp=sharing\">E Drejta Evropiane dhe Nd\u00ebrkomb\u00ebtare e Migracionit<\/a><\/td><td>2<\/td><td>2<\/td><td>4<\/td><\/tr><tr><td><\/td><td>7<\/td><td>Z<\/td><td><a href=\"https:\/\/drive.google.com\/file\/d\/1omEHFtjGHBYLF3FJ9gV_5p0gw_gdZV8Y\/view?usp=sharing\">Dizajnimi i K\u00ebrkimeve dhe Metodat p\u00ebr Jurist\u00ebt<\/a><\/td><td>2<\/td><td>2<\/td><td>4<\/td><\/tr><tr><td><\/td><td><\/td><td><\/td><td><strong>Sub-totali<\/strong><\/td><td><\/td><td><\/td><td><strong>23<\/strong><\/td><\/tr><tr><td><\/td><td colspan=\"6\"><strong>Semestri II<\/strong><\/td><\/tr><tr><td><\/td><td>8<\/td><td>O<\/td><td><a href=\"https:\/\/drive.google.com\/file\/d\/1pBF5J9pH7FZAvtj72Ijm7wmoKV3yRG1C\/view?usp=sharing\">Marr\u00ebdh\u00ebniet e jashtme t\u00eb BE<\/a><\/td><td>2<\/td><td>1<\/td><td>5<\/td><\/tr><tr><td><\/td><td>9<\/td><td>O<\/td><td><a href=\"https:\/\/drive.google.com\/file\/d\/1IkkHNMXVRyrPsgjf0jAK0bcBYB44xkDR\/view?usp=sharing\">BE dhe Gjykatat<\/a><\/td><td>2<\/td><td>2<\/td><td>5<\/td><\/tr><tr><td><\/td><td>10<\/td><td>O<\/td><td><a href=\"https:\/\/drive.google.com\/file\/d\/13-fLgTfOLQXBUUiUw6hobdjf5efU5YnL\/view?usp=sharing\">E Drejta Evropiane e Konkurrenc\u00ebs<\/a><\/td><td>2<\/td><td>1<\/td><td>5<\/td><\/tr><tr><td><\/td><td>11<\/td><td>Z<\/td><td><a href=\"https:\/\/drive.google.com\/file\/d\/11I5Ke1vlTW28KPXmRwYMWOihKrSmC7su\/view?usp=sharing\">E Drejta e OBT-s\u00eb dhe Tregtis\u00eb<\/a><\/td><td>2<\/td><td>1<\/td><td>4<\/td><\/tr><tr><td><\/td><td>12<\/td><td>Z<\/td><td><a href=\"https:\/\/drive.google.com\/file\/d\/1h7Nyqj4ifa-415OGHDxbDS1LxbM9nheH\/view?usp=sharing\">E drejta evropiane e pron\u00ebsis\u00eb intelektuale<\/a><\/td><td>2<\/td><td>1<\/td><td>4<\/td><\/tr><tr><td><\/td><td>13<\/td><td>Z<\/td><td><a href=\"https:\/\/drive.google.com\/file\/d\/1xf9RY8zGlKiPu6fmXbEAFxuK8r20evRl\/view?usp=sharing\">Globalizimi i Drejt\u00ebs s\u00eb Kartelave<\/a><\/td><td>2<\/td><td>1<\/td><td>4<\/td><\/tr><tr><td><\/td><td>14<\/td><td>Z<\/td><td><a href=\"https:\/\/drive.google.com\/file\/d\/1AnulIxzlSOVQfyKYYeDO3w_VUXHQFD-I\/view?usp=sharing\">E Drejta Klimatike<\/a><\/td><td>2<\/td><td>1<\/td><td>4<\/td><\/tr><tr><td><\/td><td><\/td><td><\/td><td><strong>Sub-totali<\/strong><\/td><td><\/td><td><\/td><td><strong>23<\/strong><\/td><\/tr><tr><td colspan=\"6\"><strong>Tema e Masterit<\/strong><\/td><td><strong>14<\/strong><\/td><\/tr><tr><td colspan=\"6\"><strong>TOTALI<\/strong><\/td><td><strong>60<\/strong><\/td><\/tr><tr><td colspan=\"7\"><strong>Sh\u00ebnim: studenti n\u00eb semest\u00ebr zgjedh s\u00eb paku dy l\u00ebnd\u00eb zgjedhore<\/strong><\/td><\/tr><tr><td><\/td><td><\/td><td><\/td><td><\/td><td><\/td><td><\/td><td><\/td><\/tr><\/tbody><\/table><\/figure>","protected":false},"excerpt":{"rendered":"<p>Programi i studimit E Drejta Nd\u00ebrkombetare dhe Evropiane LLM 2019-2022 Viti I Semestri I Or\u00eb\/jav\u00eb Nr. O\/Z L\u00ebnd\u00ebt L U ECTS 1. O E Drejta Kushtetuese Evropiane dhe t\u00eb Drejtat&hellip;<\/p>","protected":false},"author":1,"featured_media":0,"parent":0,"menu_order":0,"comment_status":"closed","ping_status":"closed","template":"","meta":{"footnotes":""},"class_list":["post-49445","page","type-page","status-publish","hentry"],"yoast_head":"<!-- This site is optimized with the Yoast SEO Premium plugin v27.2 (Yoast SEO v27.2) - https:\/\/yoast.com\/product\/yoast-seo-premium-wordpress\/ -->\n<title>E Drejta Nd\u00ebrkombetare dhe Evropiane LLM 2019-2022 - Fakulteti Juridik<\/title>\n<meta name=\"description\" content=\"M\u00ebso rreth programit master LLM n\u00eb E Drejt\u00eb Nd\u00ebrkomb\u00ebtare dhe Evropiane n\u00eb Fakultetin Juridik t\u00eb Universitetit \u201cHaxhi Zeka\u201d, me l\u00ebnd\u00eb t\u00eb specializuara dhe struktur\u00eb akademike p\u00ebr zhvillim profesional juridik.\" \/>\n<meta name=\"robots\" content=\"index, follow, max-snippet:-1, max-image-preview:large, max-video-preview:-1\" \/>\n<link rel=\"canonical\" href=\"https:\/\/unhz.eu\/fakulteti-juridik\/en\/e-drejta-nderkombetare-dhe-evropiane-llm-2019-2022\/\" \/>\n<meta property=\"og:locale\" content=\"en_US\" \/>\n<meta property=\"og:type\" content=\"article\" \/>\n<meta property=\"og:title\" content=\"E Drejta Nd\u00ebrkombetare dhe Evropiane LLM 2019-2022\" \/>\n<meta property=\"og:description\" content=\"M\u00ebso rreth programit master LLM n\u00eb E Drejt\u00eb Nd\u00ebrkomb\u00ebtare dhe Evropiane n\u00eb Fakultetin Juridik t\u00eb Universitetit \u201cHaxhi Zeka\u201d, me l\u00ebnd\u00eb t\u00eb specializuara dhe struktur\u00eb akademike p\u00ebr zhvillim profesional juridik.\" \/>\n<meta property=\"og:url\" content=\"https:\/\/unhz.eu\/fakulteti-juridik\/en\/e-drejta-nderkombetare-dhe-evropiane-llm-2019-2022\/\" \/>\n<meta property=\"og:site_name\" content=\"Fakulteti Juridik\" \/>\n<meta property=\"article:modified_time\" content=\"2026-02-06T13:25:40+00:00\" \/>\n<meta name=\"twitter:card\" content=\"summary_large_image\" \/>\n<meta name=\"twitter:label1\" content=\"Est. reading time\" \/>\n\t<meta name=\"twitter:data1\" content=\"2 minutes\" \/>\n<script type=\"application\/ld+json\" class=\"yoast-schema-graph\">{\"@context\":\"https:\/\/schema.org\",\"@graph\":[{\"@type\":\"WebPage\",\"@id\":\"https:\/\/unhz.eu\/fakulteti-juridik\/e-drejta-nderkombetare-dhe-evropiane-llm-2019-2022\/\",\"url\":\"https:\/\/unhz.eu\/fakulteti-juridik\/e-drejta-nderkombetare-dhe-evropiane-llm-2019-2022\/\",\"name\":\"E Drejta Nd\u00ebrkombetare dhe Evropiane LLM 2019-2022 - Fakulteti Juridik\",\"isPartOf\":{\"@id\":\"https:\/\/unhz.eu\/fakulteti-juridik\/#website\"},\"datePublished\":\"2025-01-17T08:07:00+00:00\",\"dateModified\":\"2026-02-06T13:25:40+00:00\",\"description\":\"M\u00ebso rreth programit master LLM n\u00eb E Drejt\u00eb Nd\u00ebrkomb\u00ebtare dhe Evropiane n\u00eb Fakultetin Juridik t\u00eb Universitetit \u201cHaxhi Zeka\u201d, me l\u00ebnd\u00eb t\u00eb specializuara dhe struktur\u00eb akademike p\u00ebr zhvillim profesional juridik.\",\"breadcrumb\":{\"@id\":\"https:\/\/unhz.eu\/fakulteti-juridik\/e-drejta-nderkombetare-dhe-evropiane-llm-2019-2022\/#breadcrumb\"},\"inLanguage\":\"en-US\",\"potentialAction\":[{\"@type\":\"ReadAction\",\"target\":[\"https:\/\/unhz.eu\/fakulteti-juridik\/e-drejta-nderkombetare-dhe-evropiane-llm-2019-2022\/\"]}]},{\"@type\":\"BreadcrumbList\",\"@id\":\"https:\/\/unhz.eu\/fakulteti-juridik\/e-drejta-nderkombetare-dhe-evropiane-llm-2019-2022\/#breadcrumb\",\"itemListElement\":[{\"@type\":\"ListItem\",\"position\":1,\"name\":\"Home\",\"item\":\"https:\/\/unhz.eu\/fakulteti-juridik\/\"},{\"@type\":\"ListItem\",\"position\":2,\"name\":\"E Drejta Nd\u00ebrkombetare dhe Evropiane LLM 2019-2022\"}]},{\"@type\":\"WebSite\",\"@id\":\"https:\/\/unhz.eu\/fakulteti-juridik\/#website\",\"url\":\"https:\/\/unhz.eu\/fakulteti-juridik\/\",\"name\":\"Fakulteti Juridik\",\"description\":\"I dedikuar p\u00ebr cil\u00ebsi standarde dhe suksese\",\"publisher\":{\"@id\":\"https:\/\/unhz.eu\/fakulteti-juridik\/#organization\"},\"potentialAction\":[{\"@type\":\"SearchAction\",\"target\":{\"@type\":\"EntryPoint\",\"urlTemplate\":\"https:\/\/unhz.eu\/fakulteti-juridik\/?s={search_term_string}\"},\"query-input\":{\"@type\":\"PropertyValueSpecification\",\"valueRequired\":true,\"valueName\":\"search_term_string\"}}],\"inLanguage\":\"en-US\"},{\"@type\":\"Organization\",\"@id\":\"https:\/\/unhz.eu\/fakulteti-juridik\/#organization\",\"name\":\"Fakulteti Juridik\",\"url\":\"https:\/\/unhz.eu\/fakulteti-juridik\/\",\"logo\":{\"@type\":\"ImageObject\",\"inLanguage\":\"en-US\",\"@id\":\"https:\/\/unhz.eu\/fakulteti-juridik\/#\/schema\/logo\/image\/\",\"url\":\"https:\/\/unhz.eu\/fakulteti-juridik\/wp-content\/uploads\/sites\/9\/2024\/02\/cropped-logo-1-1-e1713527702695.png\",\"contentUrl\":\"https:\/\/unhz.eu\/fakulteti-juridik\/wp-content\/uploads\/sites\/9\/2024\/02\/cropped-logo-1-1-e1713527702695.png\",\"width\":100,\"height\":100,\"caption\":\"Fakulteti Juridik\"},\"image\":{\"@id\":\"https:\/\/unhz.eu\/fakulteti-juridik\/#\/schema\/logo\/image\/\"}}]}<\/script>\n<!-- \/ Yoast SEO Premium plugin. -->","yoast_head_json":{"title":"E Drejta Nd\u00ebrkombetare dhe Evropiane LLM 2019-2022 - Fakulteti Juridik","description":"M\u00ebso rreth programit master LLM n\u00eb E Drejt\u00eb Nd\u00ebrkomb\u00ebtare dhe Evropiane n\u00eb Fakultetin Juridik t\u00eb Universitetit \u201cHaxhi Zeka\u201d, me l\u00ebnd\u00eb t\u00eb specializuara dhe struktur\u00eb akademike p\u00ebr zhvillim profesional juridik.","robots":{"index":"index","follow":"follow","max-snippet":"max-snippet:-1","max-image-preview":"max-image-preview:large","max-video-preview":"max-video-preview:-1"},"canonical":"https:\/\/unhz.eu\/fakulteti-juridik\/en\/e-drejta-nderkombetare-dhe-evropiane-llm-2019-2022\/","og_locale":"en_US","og_type":"article","og_title":"E Drejta Nd\u00ebrkombetare dhe Evropiane LLM 2019-2022","og_description":"M\u00ebso rreth programit master LLM n\u00eb E Drejt\u00eb Nd\u00ebrkomb\u00ebtare dhe Evropiane n\u00eb Fakultetin Juridik t\u00eb Universitetit \u201cHaxhi Zeka\u201d, me l\u00ebnd\u00eb t\u00eb specializuara dhe struktur\u00eb akademike p\u00ebr zhvillim profesional juridik.","og_url":"https:\/\/unhz.eu\/fakulteti-juridik\/en\/e-drejta-nderkombetare-dhe-evropiane-llm-2019-2022\/","og_site_name":"Fakulteti Juridik","article_modified_time":"2026-02-06T13:25:40+00:00","twitter_card":"summary_large_image","twitter_misc":{"Est. reading time":"2 minutes"},"schema":{"@context":"https:\/\/schema.org","@graph":[{"@type":"WebPage","@id":"https:\/\/unhz.eu\/fakulteti-juridik\/e-drejta-nderkombetare-dhe-evropiane-llm-2019-2022\/","url":"https:\/\/unhz.eu\/fakulteti-juridik\/e-drejta-nderkombetare-dhe-evropiane-llm-2019-2022\/","name":"E Drejta Nd\u00ebrkombetare dhe Evropiane LLM 2019-2022 - Fakulteti Juridik","isPartOf":{"@id":"https:\/\/unhz.eu\/fakulteti-juridik\/#website"},"datePublished":"2025-01-17T08:07:00+00:00","dateModified":"2026-02-06T13:25:40+00:00","description":"M\u00ebso rreth programit master LLM n\u00eb E Drejt\u00eb Nd\u00ebrkomb\u00ebtare dhe Evropiane n\u00eb Fakultetin Juridik t\u00eb Universitetit \u201cHaxhi Zeka\u201d, me l\u00ebnd\u00eb t\u00eb specializuara dhe struktur\u00eb akademike p\u00ebr zhvillim profesional juridik.","breadcrumb":{"@id":"https:\/\/unhz.eu\/fakulteti-juridik\/e-drejta-nderkombetare-dhe-evropiane-llm-2019-2022\/#breadcrumb"},"inLanguage":"en-US","potentialAction":[{"@type":"ReadAction","target":["https:\/\/unhz.eu\/fakulteti-juridik\/e-drejta-nderkombetare-dhe-evropiane-llm-2019-2022\/"]}]},{"@type":"BreadcrumbList","@id":"https:\/\/unhz.eu\/fakulteti-juridik\/e-drejta-nderkombetare-dhe-evropiane-llm-2019-2022\/#breadcrumb","itemListElement":[{"@type":"ListItem","position":1,"name":"Home","item":"https:\/\/unhz.eu\/fakulteti-juridik\/"},{"@type":"ListItem","position":2,"name":"E Drejta Nd\u00ebrkombetare dhe Evropiane LLM 2019-2022"}]},{"@type":"WebSite","@id":"https:\/\/unhz.eu\/fakulteti-juridik\/#website","url":"https:\/\/unhz.eu\/fakulteti-juridik\/","name":"Faculy of Law","description":"Dedicated to standard quality and success","publisher":{"@id":"https:\/\/unhz.eu\/fakulteti-juridik\/#organization"},"potentialAction":[{"@type":"SearchAction","target":{"@type":"EntryPoint","urlTemplate":"https:\/\/unhz.eu\/fakulteti-juridik\/?s={search_term_string}"},"query-input":{"@type":"PropertyValueSpecification","valueRequired":true,"valueName":"search_term_string"}}],"inLanguage":"en-US"},{"@type":"Organization","@id":"https:\/\/unhz.eu\/fakulteti-juridik\/#organization","name":"Faculy of Law","url":"https:\/\/unhz.eu\/fakulteti-juridik\/","logo":{"@type":"ImageObject","inLanguage":"en-US","@id":"https:\/\/unhz.eu\/fakulteti-juridik\/#\/schema\/logo\/image\/","url":"https:\/\/unhz.eu\/fakulteti-juridik\/wp-content\/uploads\/sites\/9\/2024\/02\/cropped-logo-1-1-e1713527702695.png","contentUrl":"https:\/\/unhz.eu\/fakulteti-juridik\/wp-content\/uploads\/sites\/9\/2024\/02\/cropped-logo-1-1-e1713527702695.png","width":100,"height":100,"caption":"Fakulteti Juridik"},"image":{"@id":"https:\/\/unhz.eu\/fakulteti-juridik\/#\/schema\/logo\/image\/"}}]}},"_links":{"self":[{"href":"https:\/\/unhz.eu\/fakulteti-juridik\/en\/wp-json\/wp\/v2\/pages\/49445","targetHints":{"allow":["GET"]}}],"collection":[{"href":"https:\/\/unhz.eu\/fakulteti-juridik\/en\/wp-json\/wp\/v2\/pages"}],"about":[{"href":"https:\/\/unhz.eu\/fakulteti-juridik\/en\/wp-json\/wp\/v2\/types\/page"}],"author":[{"embeddable":true,"href":"https:\/\/unhz.eu\/fakulteti-juridik\/en\/wp-json\/wp\/v2\/users\/1"}],"replies":[{"embeddable":true,"href":"https:\/\/unhz.eu\/fakulteti-juridik\/en\/wp-json\/wp\/v2\/comments?post=49445"}],"version-history":[{"count":1,"href":"https:\/\/unhz.eu\/fakulteti-juridik\/en\/wp-json\/wp\/v2\/pages\/49445\/revisions"}],"predecessor-version":[{"id":51016,"href":"https:\/\/unhz.eu\/fakulteti-juridik\/en\/wp-json\/wp\/v2\/pages\/49445\/revisions\/51016"}],"wp:attachment":[{"href":"https:\/\/unhz.eu\/fakulteti-juridik\/en\/wp-json\/wp\/v2\/media?parent=49445"}],"curies":[{"name":"wp","href":"https:\/\/api.w.org\/{rel}","templated":true}]}}