{"id":49434,"date":"2025-01-16T14:46:49","date_gmt":"2025-01-16T14:46:49","guid":{"rendered":"https:\/\/unhz.eu\/fakulteti-juridik\/?page_id=49434"},"modified":"2025-10-16T07:11:24","modified_gmt":"2025-10-16T07:11:24","slug":"programi-i-studimit-juridik-i-pergjithshem","status":"publish","type":"page","link":"https:\/\/unhz.eu\/fakulteti-juridik\/en\/programi-i-studimit-juridik-i-pergjithshem\/","title":{"rendered":"Programi i studimit &#8211; Juridik i P\u00ebrgjithsh\u00ebm"},"content":{"rendered":"<p>Study program <strong>General LaW<\/strong> at the Faculty of Law of the University \"Haxhi Zeka\" in Peja aims to prepare qualified lawyers for the labor market in Kosovo and beyond. This program offers a combination of <strong>theoretical knowledge<\/strong>, <strong>analytical skills<\/strong> and <strong>practical preparation<\/strong>, necessary for the professional practice of law in public and private institutions.<\/p>\n\n\n\n<figure class=\"wp-block-embed is-type-video is-provider-youtube wp-block-embed-youtube wp-embed-aspect-16-9 wp-has-aspect-ratio\"><div class=\"wp-block-embed__wrapper\">\n<iframe loading=\"lazy\" title=\"Studio Drejt\u00ebsi n\u00eb Fakultetin Juridik \u2013 Universiteti \u201cHaxhi Zeka\u201d | B\u00ebhu Jurist i Ardhsh\u00ebm\" width=\"1290\" height=\"726\" src=\"https:\/\/www.youtube.com\/embed\/T7GZyf1HIiQ?feature=oembed\" frameborder=\"0\" allow=\"accelerometer; autoplay; clipboard-write; encrypted-media; gyroscope; picture-in-picture; web-share\" referrerpolicy=\"strict-origin-when-cross-origin\" allowfullscreen><\/iframe>\n<\/div><\/figure>\n\n\n\n<h3 class=\"wp-block-heading\" id=\"h-objektivat-e-programit\">Program objectives:<\/h3>\n\n\n\n<ul class=\"wp-block-list\">\n<li>Academic and professional preparation for students who want to build a <strong>career in law<\/strong>, public administration, private sector or international organizations.<\/li>\n\n\n\n<li>Providing solid knowledge on <strong>the legal system of <a href=\"https:\/\/rks-gov.net\">Republic of Kosovo<\/a><\/strong>, including constitutional, criminal, civil and administrative law.<\/li>\n\n\n\n<li>The meaning of <strong>the fundamental principles of positive law<\/strong>, as well as its role in a broader context <strong>international and European<\/strong>.<\/li>\n\n\n\n<li>Promoting critical thinking and the ability to analyze in context <strong>comparative, historical, social and political<\/strong>.<\/li>\n\n\n\n<li>Opportunity for <strong>international mobility<\/strong> within the framework of student exchange programs.<\/li>\n\n\n\n<li>Free choices for specialization in <strong>different areas of law<\/strong>according to the students' personal interests and objectives.<\/li>\n\n\n\n<li>Active participation in projects <strong>academic researcher<\/strong> during studies.<\/li>\n\n\n\n<li>Development of personal and professional skills, including: <strong>communication, legal analysis, scientific research and legal argumentation.<\/strong><\/li>\n<\/ul>\n\n\n\n<h3 class=\"wp-block-heading\" id=\"h-cfare-do-te-fitosh-pas-diplomimit\">What will you earn after graduation?<\/h3>\n\n\n\n<p>Graduates from the General Law program will be able to:<\/p>\n\n\n\n<ul class=\"wp-block-list\">\n<li>Identify and analyze legal issues of practical and academic importance;<\/li>\n\n\n\n<li>Use efficiently <strong>primary and secondary sources of law<\/strong>;<\/li>\n\n\n\n<li>Draft legal documents and present solutions based on in-depth legal analysis;<\/li>\n\n\n\n<li>Apply the knowledge gained in <strong>judicial practice, public administration, advocacy, notary, or other legal fields<\/strong>;<\/li>\n\n\n\n<li>To pursue further studies at the graduate level <strong>Master dhe Doktorature<\/strong> in Kosovo or abroad.<\/li>\n<\/ul>\n\n\n\n<p>\ud83c\udf93 Choose <strong>drejt\u00ebsin\u00eb<\/strong> as your future direction.<br>\ud83e\uddd1\u200d\u2696\ufe0f Be part of the Faculty of Law at \"Haxhi Zeka\" University.<br>\ud83c\udf0d A diploma that opens doors to the national and international market.<\/p>\n\n\n\n<figure class=\"wp-block-embed is-type-wp-embed is-provider-fakulteti-juridik wp-block-embed-fakulteti-juridik\"><div class=\"wp-block-embed__wrapper\">\n<blockquote class=\"wp-embedded-content\" data-secret=\"GTYumwdWJu\"><a href=\"https:\/\/unhz.eu\/fakulteti-juridik\/en\/juridik-i-pergjithshem-llb-2023-2026\/\">Juridik i P\u00ebrgjithsh\u00ebm LLB 2023 \u2013 2026<\/a><\/blockquote><iframe loading=\"lazy\" class=\"wp-embedded-content\" sandbox=\"allow-scripts\" security=\"restricted\" style=\"position: absolute; visibility: hidden;\" title=\"&#8220;Juridik i P\u00ebrgjithsh\u00ebm LLB 2023 \u2013 2026&#8221; &#8212; Fakulteti Juridik\" src=\"https:\/\/unhz.eu\/fakulteti-juridik\/juridik-i-pergjithshem-llb-2023-2026\/embed\/#?secret=vDGIvOdEjb#?secret=GTYumwdWJu\" data-secret=\"GTYumwdWJu\" width=\"600\" height=\"338\" frameborder=\"0\" marginwidth=\"0\" marginheight=\"0\" scrolling=\"no\"><\/iframe>\n<\/div><\/figure>\n\n\n\n<figure class=\"wp-block-embed is-type-wp-embed is-provider-fakulteti-juridik wp-block-embed-fakulteti-juridik\"><div class=\"wp-block-embed__wrapper\">\n<blockquote class=\"wp-embedded-content\" data-secret=\"2yvDhkt1ZH\"><a href=\"https:\/\/unhz.eu\/fakulteti-juridik\/en\/juridik-i-pergjithshem-llb-2019-2022\/\">Juridik i p\u00ebrgjithsh\u00ebm LLB 2019-2022<\/a><\/blockquote><iframe loading=\"lazy\" class=\"wp-embedded-content\" sandbox=\"allow-scripts\" security=\"restricted\" style=\"position: absolute; visibility: hidden;\" title=\"&#8220;Juridik i p\u00ebrgjithsh\u00ebm LLB 2019-2022&#8221; &#8212; Fakulteti Juridik\" src=\"https:\/\/unhz.eu\/fakulteti-juridik\/juridik-i-pergjithshem-llb-2019-2022\/embed\/#?secret=lcpAonhSgZ#?secret=2yvDhkt1ZH\" data-secret=\"2yvDhkt1ZH\" width=\"600\" height=\"338\" frameborder=\"0\" marginwidth=\"0\" marginheight=\"0\" scrolling=\"no\"><\/iframe>\n<\/div><\/figure>\n\n\n\n<figure class=\"wp-block-embed is-type-wp-embed is-provider-fakulteti-juridik wp-block-embed-fakulteti-juridik\"><div class=\"wp-block-embed__wrapper\">\n<blockquote class=\"wp-embedded-content\" data-secret=\"1XeBK249sk\"><a href=\"https:\/\/unhz.eu\/fakulteti-juridik\/en\/juridik-i-pergjithshem-bachelor-2015-2018\/\">Juridik i P\u00ebrgjithsh\u00ebm \u2013 Bachelor 2015-2018<\/a><\/blockquote><iframe loading=\"lazy\" class=\"wp-embedded-content\" sandbox=\"allow-scripts\" security=\"restricted\" style=\"position: absolute; visibility: hidden;\" title=\"&#8220;Juridik i P\u00ebrgjithsh\u00ebm \u2013 Bachelor 2015-2018&#8221; &#8212; Fakulteti Juridik\" src=\"https:\/\/unhz.eu\/fakulteti-juridik\/juridik-i-pergjithshem-bachelor-2015-2018\/embed\/#?secret=A0qNxyeLWK#?secret=1XeBK249sk\" data-secret=\"1XeBK249sk\" width=\"600\" height=\"338\" frameborder=\"0\" marginwidth=\"0\" marginheight=\"0\" scrolling=\"no\"><\/iframe>\n<\/div><\/figure>","protected":false},"excerpt":{"rendered":"<p>Programi i studimeve Juridik i P\u00ebrgjithsh\u00ebm n\u00eb Fakultetin Juridik t\u00eb Universitetit \u201cHaxhi Zeka\u201d n\u00eb Pej\u00eb synon t\u00eb p\u00ebrgatis\u00eb jurist\u00eb t\u00eb kualifikuar p\u00ebr tregun e pun\u00ebs n\u00eb Kosov\u00eb dhe m\u00eb gjer\u00eb.&hellip;<\/p>","protected":false},"author":1,"featured_media":44682,"parent":0,"menu_order":0,"comment_status":"closed","ping_status":"closed","template":"","meta":{"footnotes":""},"class_list":["post-49434","page","type-page","status-publish","has-post-thumbnail","hentry"],"yoast_head":"<!-- This site is optimized with the Yoast SEO Premium plugin v27.2 (Yoast SEO v27.2) - https:\/\/yoast.com\/product\/yoast-seo-premium-wordpress\/ -->\n<title>Studio Drejt\u00ebsi n\u00eb Fakultetin Juridik \u2013 Universiteti \u201cHaxhi Zeka\u201d<\/title>\n<meta name=\"description\" content=\"Zgjidh nj\u00eb t\u00eb ardhme me drejt\u00ebsi \u2013 Studio n\u00eb programin Juridik t\u00eb p\u00ebrgjithsh\u00ebm n\u00eb Fakultetin Juridik, Universiteti Haxhi Zeka, Pej\u00eb. Edukim cil\u00ebsor dhe mund\u00ebsi reale p\u00ebr karrier\u00eb n\u00eb drejt\u00ebsi.\" \/>\n<meta name=\"robots\" content=\"index, follow, max-snippet:-1, max-image-preview:large, max-video-preview:-1\" \/>\n<link rel=\"canonical\" href=\"https:\/\/unhz.eu\/fakulteti-juridik\/en\/programi-i-studimit-juridik-i-pergjithshem\/\" \/>\n<meta property=\"og:locale\" content=\"en_US\" \/>\n<meta property=\"og:type\" content=\"article\" \/>\n<meta property=\"og:title\" content=\"Programi i studimit - Juridik i P\u00ebrgjithsh\u00ebm\" \/>\n<meta property=\"og:description\" content=\"Zgjidh nj\u00eb t\u00eb ardhme me drejt\u00ebsi \u2013 Studio n\u00eb programin Juridik t\u00eb p\u00ebrgjithsh\u00ebm n\u00eb Fakultetin Juridik, Universiteti Haxhi Zeka, Pej\u00eb. Edukim cil\u00ebsor dhe mund\u00ebsi reale p\u00ebr karrier\u00eb n\u00eb drejt\u00ebsi.\" \/>\n<meta property=\"og:url\" content=\"https:\/\/unhz.eu\/fakulteti-juridik\/en\/programi-i-studimit-juridik-i-pergjithshem\/\" \/>\n<meta property=\"og:site_name\" content=\"Fakulteti Juridik\" \/>\n<meta property=\"article:modified_time\" content=\"2025-10-16T07:11:24+00:00\" \/>\n<meta property=\"og:image\" content=\"https:\/\/unhz.eu\/fakulteti-juridik\/wp-content\/uploads\/sites\/9\/2024\/05\/White-Red-Modern-Webinar-Instagram-Post.png\" \/>\n\t<meta property=\"og:image:width\" content=\"1080\" \/>\n\t<meta property=\"og:image:height\" content=\"1080\" \/>\n\t<meta property=\"og:image:type\" content=\"image\/png\" \/>\n<meta name=\"twitter:card\" content=\"summary_large_image\" \/>\n<meta name=\"twitter:label1\" content=\"Est. reading time\" \/>\n\t<meta name=\"twitter:data1\" content=\"2 minutes\" \/>\n<script type=\"application\/ld+json\" class=\"yoast-schema-graph\">{\"@context\":\"https:\/\/schema.org\",\"@graph\":[{\"@type\":\"WebPage\",\"@id\":\"https:\/\/unhz.eu\/fakulteti-juridik\/programi-i-studimit-juridik-i-pergjithshem\/\",\"url\":\"https:\/\/unhz.eu\/fakulteti-juridik\/programi-i-studimit-juridik-i-pergjithshem\/\",\"name\":\"Studio Drejt\u00ebsi n\u00eb Fakultetin Juridik \u2013 Universiteti \u201cHaxhi Zeka\u201d\",\"isPartOf\":{\"@id\":\"https:\/\/unhz.eu\/fakulteti-juridik\/#website\"},\"primaryImageOfPage\":{\"@id\":\"https:\/\/unhz.eu\/fakulteti-juridik\/programi-i-studimit-juridik-i-pergjithshem\/#primaryimage\"},\"image\":{\"@id\":\"https:\/\/unhz.eu\/fakulteti-juridik\/programi-i-studimit-juridik-i-pergjithshem\/#primaryimage\"},\"thumbnailUrl\":\"https:\/\/unhz.eu\/fakulteti-juridik\/wp-content\/uploads\/sites\/9\/2024\/05\/White-Red-Modern-Webinar-Instagram-Post.png\",\"datePublished\":\"2025-01-16T14:46:49+00:00\",\"dateModified\":\"2025-10-16T07:11:24+00:00\",\"description\":\"Zgjidh nj\u00eb t\u00eb ardhme me drejt\u00ebsi \u2013 Studio n\u00eb programin Juridik t\u00eb p\u00ebrgjithsh\u00ebm n\u00eb Fakultetin Juridik, Universiteti Haxhi Zeka, Pej\u00eb. Edukim cil\u00ebsor dhe mund\u00ebsi reale p\u00ebr karrier\u00eb n\u00eb drejt\u00ebsi.\",\"breadcrumb\":{\"@id\":\"https:\/\/unhz.eu\/fakulteti-juridik\/programi-i-studimit-juridik-i-pergjithshem\/#breadcrumb\"},\"inLanguage\":\"en-US\",\"potentialAction\":[{\"@type\":\"ReadAction\",\"target\":[\"https:\/\/unhz.eu\/fakulteti-juridik\/programi-i-studimit-juridik-i-pergjithshem\/\"]}]},{\"@type\":\"ImageObject\",\"inLanguage\":\"en-US\",\"@id\":\"https:\/\/unhz.eu\/fakulteti-juridik\/programi-i-studimit-juridik-i-pergjithshem\/#primaryimage\",\"url\":\"https:\/\/unhz.eu\/fakulteti-juridik\/wp-content\/uploads\/sites\/9\/2024\/05\/White-Red-Modern-Webinar-Instagram-Post.png\",\"contentUrl\":\"https:\/\/unhz.eu\/fakulteti-juridik\/wp-content\/uploads\/sites\/9\/2024\/05\/White-Red-Modern-Webinar-Instagram-Post.png\",\"width\":1080,\"height\":1080},{\"@type\":\"BreadcrumbList\",\"@id\":\"https:\/\/unhz.eu\/fakulteti-juridik\/programi-i-studimit-juridik-i-pergjithshem\/#breadcrumb\",\"itemListElement\":[{\"@type\":\"ListItem\",\"position\":1,\"name\":\"Home\",\"item\":\"https:\/\/unhz.eu\/fakulteti-juridik\/\"},{\"@type\":\"ListItem\",\"position\":2,\"name\":\"Programi i studimit &#8211; Juridik i P\u00ebrgjithsh\u00ebm\"}]},{\"@type\":\"WebSite\",\"@id\":\"https:\/\/unhz.eu\/fakulteti-juridik\/#website\",\"url\":\"https:\/\/unhz.eu\/fakulteti-juridik\/\",\"name\":\"Fakulteti Juridik\",\"description\":\"I dedikuar p\u00ebr cil\u00ebsi standarde dhe suksese\",\"publisher\":{\"@id\":\"https:\/\/unhz.eu\/fakulteti-juridik\/#organization\"},\"potentialAction\":[{\"@type\":\"SearchAction\",\"target\":{\"@type\":\"EntryPoint\",\"urlTemplate\":\"https:\/\/unhz.eu\/fakulteti-juridik\/?s={search_term_string}\"},\"query-input\":{\"@type\":\"PropertyValueSpecification\",\"valueRequired\":true,\"valueName\":\"search_term_string\"}}],\"inLanguage\":\"en-US\"},{\"@type\":\"Organization\",\"@id\":\"https:\/\/unhz.eu\/fakulteti-juridik\/#organization\",\"name\":\"Fakulteti Juridik\",\"url\":\"https:\/\/unhz.eu\/fakulteti-juridik\/\",\"logo\":{\"@type\":\"ImageObject\",\"inLanguage\":\"en-US\",\"@id\":\"https:\/\/unhz.eu\/fakulteti-juridik\/#\/schema\/logo\/image\/\",\"url\":\"https:\/\/unhz.eu\/fakulteti-juridik\/wp-content\/uploads\/sites\/9\/2024\/02\/cropped-logo-1-1-e1713527702695.png\",\"contentUrl\":\"https:\/\/unhz.eu\/fakulteti-juridik\/wp-content\/uploads\/sites\/9\/2024\/02\/cropped-logo-1-1-e1713527702695.png\",\"width\":100,\"height\":100,\"caption\":\"Fakulteti Juridik\"},\"image\":{\"@id\":\"https:\/\/unhz.eu\/fakulteti-juridik\/#\/schema\/logo\/image\/\"}}]}<\/script>\n<!-- \/ Yoast SEO Premium plugin. -->","yoast_head_json":{"title":"Studio Drejt\u00ebsi n\u00eb Fakultetin Juridik \u2013 Universiteti \u201cHaxhi Zeka\u201d","description":"Zgjidh nj\u00eb t\u00eb ardhme me drejt\u00ebsi \u2013 Studio n\u00eb programin Juridik t\u00eb p\u00ebrgjithsh\u00ebm n\u00eb Fakultetin Juridik, Universiteti Haxhi Zeka, Pej\u00eb. Edukim cil\u00ebsor dhe mund\u00ebsi reale p\u00ebr karrier\u00eb n\u00eb drejt\u00ebsi.","robots":{"index":"index","follow":"follow","max-snippet":"max-snippet:-1","max-image-preview":"max-image-preview:large","max-video-preview":"max-video-preview:-1"},"canonical":"https:\/\/unhz.eu\/fakulteti-juridik\/en\/programi-i-studimit-juridik-i-pergjithshem\/","og_locale":"en_US","og_type":"article","og_title":"Programi i studimit - Juridik i P\u00ebrgjithsh\u00ebm","og_description":"Zgjidh nj\u00eb t\u00eb ardhme me drejt\u00ebsi \u2013 Studio n\u00eb programin Juridik t\u00eb p\u00ebrgjithsh\u00ebm n\u00eb Fakultetin Juridik, Universiteti Haxhi Zeka, Pej\u00eb. Edukim cil\u00ebsor dhe mund\u00ebsi reale p\u00ebr karrier\u00eb n\u00eb drejt\u00ebsi.","og_url":"https:\/\/unhz.eu\/fakulteti-juridik\/en\/programi-i-studimit-juridik-i-pergjithshem\/","og_site_name":"Fakulteti Juridik","article_modified_time":"2025-10-16T07:11:24+00:00","og_image":[{"width":1080,"height":1080,"url":"https:\/\/unhz.eu\/fakulteti-juridik\/wp-content\/uploads\/sites\/9\/2024\/05\/White-Red-Modern-Webinar-Instagram-Post.png","type":"image\/png"}],"twitter_card":"summary_large_image","twitter_misc":{"Est. reading time":"2 minutes"},"schema":{"@context":"https:\/\/schema.org","@graph":[{"@type":"WebPage","@id":"https:\/\/unhz.eu\/fakulteti-juridik\/programi-i-studimit-juridik-i-pergjithshem\/","url":"https:\/\/unhz.eu\/fakulteti-juridik\/programi-i-studimit-juridik-i-pergjithshem\/","name":"Studio Drejt\u00ebsi n\u00eb Fakultetin Juridik \u2013 Universiteti \u201cHaxhi Zeka\u201d","isPartOf":{"@id":"https:\/\/unhz.eu\/fakulteti-juridik\/#website"},"primaryImageOfPage":{"@id":"https:\/\/unhz.eu\/fakulteti-juridik\/programi-i-studimit-juridik-i-pergjithshem\/#primaryimage"},"image":{"@id":"https:\/\/unhz.eu\/fakulteti-juridik\/programi-i-studimit-juridik-i-pergjithshem\/#primaryimage"},"thumbnailUrl":"https:\/\/unhz.eu\/fakulteti-juridik\/wp-content\/uploads\/sites\/9\/2024\/05\/White-Red-Modern-Webinar-Instagram-Post.png","datePublished":"2025-01-16T14:46:49+00:00","dateModified":"2025-10-16T07:11:24+00:00","description":"Zgjidh nj\u00eb t\u00eb ardhme me drejt\u00ebsi \u2013 Studio n\u00eb programin Juridik t\u00eb p\u00ebrgjithsh\u00ebm n\u00eb Fakultetin Juridik, Universiteti Haxhi Zeka, Pej\u00eb. Edukim cil\u00ebsor dhe mund\u00ebsi reale p\u00ebr karrier\u00eb n\u00eb drejt\u00ebsi.","breadcrumb":{"@id":"https:\/\/unhz.eu\/fakulteti-juridik\/programi-i-studimit-juridik-i-pergjithshem\/#breadcrumb"},"inLanguage":"en-US","potentialAction":[{"@type":"ReadAction","target":["https:\/\/unhz.eu\/fakulteti-juridik\/programi-i-studimit-juridik-i-pergjithshem\/"]}]},{"@type":"ImageObject","inLanguage":"en-US","@id":"https:\/\/unhz.eu\/fakulteti-juridik\/programi-i-studimit-juridik-i-pergjithshem\/#primaryimage","url":"https:\/\/unhz.eu\/fakulteti-juridik\/wp-content\/uploads\/sites\/9\/2024\/05\/White-Red-Modern-Webinar-Instagram-Post.png","contentUrl":"https:\/\/unhz.eu\/fakulteti-juridik\/wp-content\/uploads\/sites\/9\/2024\/05\/White-Red-Modern-Webinar-Instagram-Post.png","width":1080,"height":1080},{"@type":"BreadcrumbList","@id":"https:\/\/unhz.eu\/fakulteti-juridik\/programi-i-studimit-juridik-i-pergjithshem\/#breadcrumb","itemListElement":[{"@type":"ListItem","position":1,"name":"Home","item":"https:\/\/unhz.eu\/fakulteti-juridik\/"},{"@type":"ListItem","position":2,"name":"Programi i studimit &#8211; Juridik i P\u00ebrgjithsh\u00ebm"}]},{"@type":"WebSite","@id":"https:\/\/unhz.eu\/fakulteti-juridik\/#website","url":"https:\/\/unhz.eu\/fakulteti-juridik\/","name":"Faculy of Law","description":"Dedicated to standard quality and success","publisher":{"@id":"https:\/\/unhz.eu\/fakulteti-juridik\/#organization"},"potentialAction":[{"@type":"SearchAction","target":{"@type":"EntryPoint","urlTemplate":"https:\/\/unhz.eu\/fakulteti-juridik\/?s={search_term_string}"},"query-input":{"@type":"PropertyValueSpecification","valueRequired":true,"valueName":"search_term_string"}}],"inLanguage":"en-US"},{"@type":"Organization","@id":"https:\/\/unhz.eu\/fakulteti-juridik\/#organization","name":"Faculy of Law","url":"https:\/\/unhz.eu\/fakulteti-juridik\/","logo":{"@type":"ImageObject","inLanguage":"en-US","@id":"https:\/\/unhz.eu\/fakulteti-juridik\/#\/schema\/logo\/image\/","url":"https:\/\/unhz.eu\/fakulteti-juridik\/wp-content\/uploads\/sites\/9\/2024\/02\/cropped-logo-1-1-e1713527702695.png","contentUrl":"https:\/\/unhz.eu\/fakulteti-juridik\/wp-content\/uploads\/sites\/9\/2024\/02\/cropped-logo-1-1-e1713527702695.png","width":100,"height":100,"caption":"Fakulteti Juridik"},"image":{"@id":"https:\/\/unhz.eu\/fakulteti-juridik\/#\/schema\/logo\/image\/"}}]}},"_links":{"self":[{"href":"https:\/\/unhz.eu\/fakulteti-juridik\/en\/wp-json\/wp\/v2\/pages\/49434","targetHints":{"allow":["GET"]}}],"collection":[{"href":"https:\/\/unhz.eu\/fakulteti-juridik\/en\/wp-json\/wp\/v2\/pages"}],"about":[{"href":"https:\/\/unhz.eu\/fakulteti-juridik\/en\/wp-json\/wp\/v2\/types\/page"}],"author":[{"embeddable":true,"href":"https:\/\/unhz.eu\/fakulteti-juridik\/en\/wp-json\/wp\/v2\/users\/1"}],"replies":[{"embeddable":true,"href":"https:\/\/unhz.eu\/fakulteti-juridik\/en\/wp-json\/wp\/v2\/comments?post=49434"}],"version-history":[{"count":2,"href":"https:\/\/unhz.eu\/fakulteti-juridik\/en\/wp-json\/wp\/v2\/pages\/49434\/revisions"}],"predecessor-version":[{"id":49720,"href":"https:\/\/unhz.eu\/fakulteti-juridik\/en\/wp-json\/wp\/v2\/pages\/49434\/revisions\/49720"}],"wp:featuredmedia":[{"embeddable":true,"href":"https:\/\/unhz.eu\/fakulteti-juridik\/en\/wp-json\/wp\/v2\/media\/44682"}],"wp:attachment":[{"href":"https:\/\/unhz.eu\/fakulteti-juridik\/en\/wp-json\/wp\/v2\/media?parent=49434"}],"curies":[{"name":"wp","href":"https:\/\/api.w.org\/{rel}","templated":true}]}}